{"id":551,"date":"2021-10-29T11:09:23","date_gmt":"2021-10-29T09:09:23","guid":{"rendered":"https:\/\/www.onetimenexttime.sk\/arduino\/?post_type=product&#038;p=551"},"modified":"2021-10-29T11:12:08","modified_gmt":"2021-10-29T09:12:08","slug":"antenna-ipx-ipex-wlan-laptop-bluetooth-zigbee-wireless-module-wifi-2-4g-3dbi-pcb","status":"publish","type":"product","link":"https:\/\/www.onetimenexttime.sk\/arduino\/index.php\/produkt\/antenna-ipx-ipex-wlan-laptop-bluetooth-zigbee-wireless-module-wifi-2-4g-3dbi-pcb\/","title":{"rendered":"Antenna IPX IPEX WLAN Laptop Bluetooth Zigbee Wireless Module WIFI 2.4G 3dbi PCB"},"content":{"rendered":"<h2>Ant\u00e9na IPX IPEX WLAN Laptop Bluetooth Zigbee bezdr\u00f4tov\u00fd modul WIFI 2,4G 3dbi PCB<\/h2>\n<p>A. Elektrick\u00e9 charakteristiky<br \/>\nS.W.R. &lt;= 3,0 @ 880 ~ 960 MHz &amp;<br \/>\n&lt;= 3,5 @ 1710 ~ 1800 MHz<br \/>\nImpedancia 50 Ohm<br \/>\nB. Materi\u00e1l<br \/>\nMateri\u00e1l dosky plo\u0161n\u00fdch spojov chladi\u010da<br \/>\nTyp konektora I-Pex alebo I-Pex kompatibiln\u00fd<br \/>\nC. Environment\u00e1lne<br \/>\nPrev\u00e1dzkov\u00e1 teplota &#8211; 30 \u00b0 C ~ + 85 \u00b0 C<br \/>\nSkladovacia teplota &#8211; 30 \u00b0 C ~ + 85 \u00b0 C<br \/>\nGSM 3G postaven\u00e1 mal\u00e1 ant\u00e9na<br \/>\nFrekven\u010dn\u00fd rozsah 780 ~ 960 1710 ~ 2170 MHz<br \/>\nipex rozhranie s pod\u00e1va\u010dmi.<\/p>\n","protected":false},"excerpt":{"rendered":"<p>Ant\u00e9na IPX IPEX WLAN Laptop Bluetooth Zigbee bezdr\u00f4tov\u00fd modul WIFI 2,4G 3dbi PCB A. Elektrick\u00e9 charakteristiky S.W.R. &lt;= 3,0 @&hellip;<\/p>\n","protected":false},"featured_media":552,"template":"","meta":{"_monsterinsights_skip_tracking":false,"_monsterinsights_sitenote_active":false,"_monsterinsights_sitenote_note":"","_monsterinsights_sitenote_category":0},"product_cat":[35,16,29],"product_tag":[],"class_list":{"0":"post-551","1":"product","2":"type-product","3":"status-publish","4":"has-post-thumbnail","6":"product_cat-antena","7":"product_cat-ard","8":"product_cat-wireless-transmission","10":"first","11":"instock","12":"shipping-taxable","13":"purchasable","14":"product-type-simple"},"yoast_head":"<!-- This site is optimized with the Yoast SEO plugin v23.6 - https:\/\/yoast.com\/wordpress\/plugins\/seo\/ -->\n<title>Antenna IPX IPEX WLAN Laptop Bluetooth Zigbee Wireless Module WIFI 2.4G 3dbi PCB - Arduino e-shop<\/title>\n<meta name=\"robots\" content=\"index, follow, max-snippet:-1, max-image-preview:large, max-video-preview:-1\" \/>\n<link rel=\"canonical\" href=\"https:\/\/www.onetimenexttime.sk\/arduino\/index.php\/produkt\/antenna-ipx-ipex-wlan-laptop-bluetooth-zigbee-wireless-module-wifi-2-4g-3dbi-pcb\/\" \/>\n<meta property=\"og:locale\" content=\"sk_SK\" \/>\n<meta property=\"og:type\" content=\"article\" \/>\n<meta property=\"og:title\" content=\"Antenna IPX IPEX WLAN Laptop Bluetooth Zigbee Wireless Module WIFI 2.4G 3dbi PCB - Arduino e-shop\" \/>\n<meta property=\"og:description\" content=\"Ant\u00e9na IPX IPEX WLAN Laptop Bluetooth Zigbee bezdr\u00f4tov\u00fd modul WIFI 2,4G 3dbi PCB A. Elektrick\u00e9 charakteristiky S.W.R. &lt;= 3,0 @&hellip;\" \/>\n<meta property=\"og:url\" content=\"https:\/\/www.onetimenexttime.sk\/arduino\/index.php\/produkt\/antenna-ipx-ipex-wlan-laptop-bluetooth-zigbee-wireless-module-wifi-2-4g-3dbi-pcb\/\" \/>\n<meta property=\"og:site_name\" content=\"Arduino e-shop\" \/>\n<meta property=\"article:modified_time\" content=\"2021-10-29T09:12:08+00:00\" \/>\n<meta property=\"og:image\" content=\"https:\/\/www.onetimenexttime.sk\/arduino\/wp-content\/uploads\/2021\/10\/142.jpg\" \/>\n\t<meta property=\"og:image:width\" content=\"502\" \/>\n\t<meta property=\"og:image:height\" content=\"504\" \/>\n\t<meta property=\"og:image:type\" content=\"image\/jpeg\" \/>\n<meta name=\"twitter:card\" content=\"summary_large_image\" \/>\n<meta name=\"twitter:label1\" content=\"Predpokladan\u00fd \u010das \u010d\u00edtania\" \/>\n\t<meta name=\"twitter:data1\" content=\"1 min\u00fata\" \/>\n<script type=\"application\/ld+json\" class=\"yoast-schema-graph\">{\"@context\":\"https:\/\/schema.org\",\"@graph\":[{\"@type\":\"WebPage\",\"@id\":\"https:\/\/www.onetimenexttime.sk\/arduino\/index.php\/produkt\/antenna-ipx-ipex-wlan-laptop-bluetooth-zigbee-wireless-module-wifi-2-4g-3dbi-pcb\/\",\"url\":\"https:\/\/www.onetimenexttime.sk\/arduino\/index.php\/produkt\/antenna-ipx-ipex-wlan-laptop-bluetooth-zigbee-wireless-module-wifi-2-4g-3dbi-pcb\/\",\"name\":\"Antenna IPX IPEX WLAN Laptop Bluetooth Zigbee Wireless Module WIFI 2.4G 3dbi PCB - Arduino e-shop\",\"isPartOf\":{\"@id\":\"https:\/\/www.onetimenexttime.sk\/arduino\/#website\"},\"primaryImageOfPage\":{\"@id\":\"https:\/\/www.onetimenexttime.sk\/arduino\/index.php\/produkt\/antenna-ipx-ipex-wlan-laptop-bluetooth-zigbee-wireless-module-wifi-2-4g-3dbi-pcb\/#primaryimage\"},\"image\":{\"@id\":\"https:\/\/www.onetimenexttime.sk\/arduino\/index.php\/produkt\/antenna-ipx-ipex-wlan-laptop-bluetooth-zigbee-wireless-module-wifi-2-4g-3dbi-pcb\/#primaryimage\"},\"thumbnailUrl\":\"https:\/\/www.onetimenexttime.sk\/arduino\/wp-content\/uploads\/2021\/10\/142.jpg\",\"datePublished\":\"2021-10-29T09:09:23+00:00\",\"dateModified\":\"2021-10-29T09:12:08+00:00\",\"breadcrumb\":{\"@id\":\"https:\/\/www.onetimenexttime.sk\/arduino\/index.php\/produkt\/antenna-ipx-ipex-wlan-laptop-bluetooth-zigbee-wireless-module-wifi-2-4g-3dbi-pcb\/#breadcrumb\"},\"inLanguage\":\"sk-SK\",\"potentialAction\":[{\"@type\":\"ReadAction\",\"target\":[\"https:\/\/www.onetimenexttime.sk\/arduino\/index.php\/produkt\/antenna-ipx-ipex-wlan-laptop-bluetooth-zigbee-wireless-module-wifi-2-4g-3dbi-pcb\/\"]}]},{\"@type\":\"ImageObject\",\"inLanguage\":\"sk-SK\",\"@id\":\"https:\/\/www.onetimenexttime.sk\/arduino\/index.php\/produkt\/antenna-ipx-ipex-wlan-laptop-bluetooth-zigbee-wireless-module-wifi-2-4g-3dbi-pcb\/#primaryimage\",\"url\":\"https:\/\/www.onetimenexttime.sk\/arduino\/wp-content\/uploads\/2021\/10\/142.jpg\",\"contentUrl\":\"https:\/\/www.onetimenexttime.sk\/arduino\/wp-content\/uploads\/2021\/10\/142.jpg\",\"width\":502,\"height\":504},{\"@type\":\"BreadcrumbList\",\"@id\":\"https:\/\/www.onetimenexttime.sk\/arduino\/index.php\/produkt\/antenna-ipx-ipex-wlan-laptop-bluetooth-zigbee-wireless-module-wifi-2-4g-3dbi-pcb\/#breadcrumb\",\"itemListElement\":[{\"@type\":\"ListItem\",\"position\":1,\"name\":\"Domov\",\"item\":\"https:\/\/www.onetimenexttime.sk\/arduino\/\"},{\"@type\":\"ListItem\",\"position\":2,\"name\":\"Obchod\",\"item\":\"https:\/\/www.onetimenexttime.sk\/arduino\/\"},{\"@type\":\"ListItem\",\"position\":3,\"name\":\"Antenna IPX IPEX WLAN Laptop Bluetooth Zigbee Wireless Module WIFI 2.4G 3dbi PCB\"}]},{\"@type\":\"WebSite\",\"@id\":\"https:\/\/www.onetimenexttime.sk\/arduino\/#website\",\"url\":\"https:\/\/www.onetimenexttime.sk\/arduino\/\",\"name\":\"Arduino e-shop\",\"description\":\"Home Assistant\",\"potentialAction\":[{\"@type\":\"SearchAction\",\"target\":{\"@type\":\"EntryPoint\",\"urlTemplate\":\"https:\/\/www.onetimenexttime.sk\/arduino\/?s={search_term_string}\"},\"query-input\":{\"@type\":\"PropertyValueSpecification\",\"valueRequired\":true,\"valueName\":\"search_term_string\"}}],\"inLanguage\":\"sk-SK\"}]}<\/script>\n<!-- \/ Yoast SEO plugin. -->","yoast_head_json":{"title":"Antenna IPX IPEX WLAN Laptop Bluetooth Zigbee Wireless Module WIFI 2.4G 3dbi PCB - Arduino e-shop","robots":{"index":"index","follow":"follow","max-snippet":"max-snippet:-1","max-image-preview":"max-image-preview:large","max-video-preview":"max-video-preview:-1"},"canonical":"https:\/\/www.onetimenexttime.sk\/arduino\/index.php\/produkt\/antenna-ipx-ipex-wlan-laptop-bluetooth-zigbee-wireless-module-wifi-2-4g-3dbi-pcb\/","og_locale":"sk_SK","og_type":"article","og_title":"Antenna IPX IPEX WLAN Laptop Bluetooth Zigbee Wireless Module WIFI 2.4G 3dbi PCB - Arduino e-shop","og_description":"Ant\u00e9na IPX IPEX WLAN Laptop Bluetooth Zigbee bezdr\u00f4tov\u00fd modul WIFI 2,4G 3dbi PCB A. Elektrick\u00e9 charakteristiky S.W.R. &lt;= 3,0 @&hellip;","og_url":"https:\/\/www.onetimenexttime.sk\/arduino\/index.php\/produkt\/antenna-ipx-ipex-wlan-laptop-bluetooth-zigbee-wireless-module-wifi-2-4g-3dbi-pcb\/","og_site_name":"Arduino e-shop","article_modified_time":"2021-10-29T09:12:08+00:00","og_image":[{"width":502,"height":504,"url":"https:\/\/www.onetimenexttime.sk\/arduino\/wp-content\/uploads\/2021\/10\/142.jpg","type":"image\/jpeg"}],"twitter_card":"summary_large_image","twitter_misc":{"Predpokladan\u00fd \u010das \u010d\u00edtania":"1 min\u00fata"},"schema":{"@context":"https:\/\/schema.org","@graph":[{"@type":"WebPage","@id":"https:\/\/www.onetimenexttime.sk\/arduino\/index.php\/produkt\/antenna-ipx-ipex-wlan-laptop-bluetooth-zigbee-wireless-module-wifi-2-4g-3dbi-pcb\/","url":"https:\/\/www.onetimenexttime.sk\/arduino\/index.php\/produkt\/antenna-ipx-ipex-wlan-laptop-bluetooth-zigbee-wireless-module-wifi-2-4g-3dbi-pcb\/","name":"Antenna IPX IPEX WLAN Laptop Bluetooth Zigbee Wireless Module WIFI 2.4G 3dbi PCB - Arduino e-shop","isPartOf":{"@id":"https:\/\/www.onetimenexttime.sk\/arduino\/#website"},"primaryImageOfPage":{"@id":"https:\/\/www.onetimenexttime.sk\/arduino\/index.php\/produkt\/antenna-ipx-ipex-wlan-laptop-bluetooth-zigbee-wireless-module-wifi-2-4g-3dbi-pcb\/#primaryimage"},"image":{"@id":"https:\/\/www.onetimenexttime.sk\/arduino\/index.php\/produkt\/antenna-ipx-ipex-wlan-laptop-bluetooth-zigbee-wireless-module-wifi-2-4g-3dbi-pcb\/#primaryimage"},"thumbnailUrl":"https:\/\/www.onetimenexttime.sk\/arduino\/wp-content\/uploads\/2021\/10\/142.jpg","datePublished":"2021-10-29T09:09:23+00:00","dateModified":"2021-10-29T09:12:08+00:00","breadcrumb":{"@id":"https:\/\/www.onetimenexttime.sk\/arduino\/index.php\/produkt\/antenna-ipx-ipex-wlan-laptop-bluetooth-zigbee-wireless-module-wifi-2-4g-3dbi-pcb\/#breadcrumb"},"inLanguage":"sk-SK","potentialAction":[{"@type":"ReadAction","target":["https:\/\/www.onetimenexttime.sk\/arduino\/index.php\/produkt\/antenna-ipx-ipex-wlan-laptop-bluetooth-zigbee-wireless-module-wifi-2-4g-3dbi-pcb\/"]}]},{"@type":"ImageObject","inLanguage":"sk-SK","@id":"https:\/\/www.onetimenexttime.sk\/arduino\/index.php\/produkt\/antenna-ipx-ipex-wlan-laptop-bluetooth-zigbee-wireless-module-wifi-2-4g-3dbi-pcb\/#primaryimage","url":"https:\/\/www.onetimenexttime.sk\/arduino\/wp-content\/uploads\/2021\/10\/142.jpg","contentUrl":"https:\/\/www.onetimenexttime.sk\/arduino\/wp-content\/uploads\/2021\/10\/142.jpg","width":502,"height":504},{"@type":"BreadcrumbList","@id":"https:\/\/www.onetimenexttime.sk\/arduino\/index.php\/produkt\/antenna-ipx-ipex-wlan-laptop-bluetooth-zigbee-wireless-module-wifi-2-4g-3dbi-pcb\/#breadcrumb","itemListElement":[{"@type":"ListItem","position":1,"name":"Domov","item":"https:\/\/www.onetimenexttime.sk\/arduino\/"},{"@type":"ListItem","position":2,"name":"Obchod","item":"https:\/\/www.onetimenexttime.sk\/arduino\/"},{"@type":"ListItem","position":3,"name":"Antenna IPX IPEX WLAN Laptop Bluetooth Zigbee Wireless Module WIFI 2.4G 3dbi PCB"}]},{"@type":"WebSite","@id":"https:\/\/www.onetimenexttime.sk\/arduino\/#website","url":"https:\/\/www.onetimenexttime.sk\/arduino\/","name":"Arduino e-shop","description":"Home Assistant","potentialAction":[{"@type":"SearchAction","target":{"@type":"EntryPoint","urlTemplate":"https:\/\/www.onetimenexttime.sk\/arduino\/?s={search_term_string}"},"query-input":{"@type":"PropertyValueSpecification","valueRequired":true,"valueName":"search_term_string"}}],"inLanguage":"sk-SK"}]}},"_links":{"self":[{"href":"https:\/\/www.onetimenexttime.sk\/arduino\/index.php\/wp-json\/wp\/v2\/product\/551"}],"collection":[{"href":"https:\/\/www.onetimenexttime.sk\/arduino\/index.php\/wp-json\/wp\/v2\/product"}],"about":[{"href":"https:\/\/www.onetimenexttime.sk\/arduino\/index.php\/wp-json\/wp\/v2\/types\/product"}],"wp:featuredmedia":[{"embeddable":true,"href":"https:\/\/www.onetimenexttime.sk\/arduino\/index.php\/wp-json\/wp\/v2\/media\/552"}],"wp:attachment":[{"href":"https:\/\/www.onetimenexttime.sk\/arduino\/index.php\/wp-json\/wp\/v2\/media?parent=551"}],"wp:term":[{"taxonomy":"product_cat","embeddable":true,"href":"https:\/\/www.onetimenexttime.sk\/arduino\/index.php\/wp-json\/wp\/v2\/product_cat?post=551"},{"taxonomy":"product_tag","embeddable":true,"href":"https:\/\/www.onetimenexttime.sk\/arduino\/index.php\/wp-json\/wp\/v2\/product_tag?post=551"}],"curies":[{"name":"wp","href":"https:\/\/api.w.org\/{rel}","templated":true}]}}