{"id":549,"date":"2021-10-29T11:03:42","date_gmt":"2021-10-29T09:03:42","guid":{"rendered":"https:\/\/www.onetimenexttime.sk\/arduino\/?post_type=product&#038;p=549"},"modified":"2021-10-29T11:08:05","modified_gmt":"2021-10-29T09:08:05","slug":"super-heterodyne-rf-wireless-receivers-module-433mhz-x-rxb12","status":"publish","type":"product","link":"https:\/\/www.onetimenexttime.sk\/arduino\/index.php\/produkt\/super-heterodyne-rf-wireless-receivers-module-433mhz-x-rxb12\/","title":{"rendered":"Super-heterodyne RF Wireless Receivers Module 433MHZ X-RXB12"},"content":{"rendered":"<h2>Superheterodynn\u00fd RF modul bezdr\u00f4tov\u00e9ho prij\u00edma\u010da 433 MHz X-RXB12<\/h2>\n<p>Vlastnosti:<\/p>\n<p>(1) Citlivos\u0165 pr\u00edjmu -107 dBm;<br \/>\n(2) Prev\u00e1dzkov\u00e1 frekvencia: 315 MHz; 433,92 MHz; (\u0161peci\u00e1lna frekvencia m\u00f4\u017ee by\u0165 prisp\u00f4soben\u00e1 pod\u013ea po\u017eiadaviek z\u00e1kazn\u00edka)<br \/>\n(3) Rozsah vstupn\u00e9ho nap\u00e4tia: 3,3V-5,5V;<br \/>\n(4) N\u00edzka spotreba energie, 5,0 V @ 433,92 MHz, 3,8-4,1 mA; 5,0 V @ 315 MHz, 2,5-2,8 mA; trval\u00e1 r\u00fdchlos\u0165 prenosu d\u00e1t na 2,4 kB (k\u00f3dovan\u00e9 v Manchesteri)<br \/>\n(5) dobr\u00e1 selektivita a potla\u010denie falo\u0161n\u00e9ho \u017eiarenia, \u013eahk\u00e9 pod\u013ea medzin\u00e1rodnej certifik\u00e1cie CE \/ Fcc;<br \/>\n(6) Dobr\u00e9 potla\u010denie vy\u017earovania lok\u00e1lneho oscil\u00e1tora, m\u00f4\u017ee pracova\u0165 s viacer\u00fdmi modulmi prij\u00edma\u010da (tj s jedn\u00fdm pr\u00edjmom) a nebude sa navz\u00e1jom ru\u0161i\u0165, spolo\u010dn\u00e1 vzdialenos\u0165 neovplyv\u0148uje pr\u00edjem.<br \/>\n(7) Teplotn\u00fd rozsah: -30-85 \u2103 m\u00f4\u017ee pracova\u0165 aj pri drsnej okolitej teplote;<br \/>\n(8) ve\u013ekos\u0165: 30 x 8,5 x 5 (mm).<\/p>\n<p>Aplik\u00e1cie:<\/p>\n<p>(1) dia\u013ekov\u00fd ovl\u00e1da\u010d dver\u00ed auta (RKE);<br \/>\n(2) dia\u013ekov\u00fd ovl\u00e1da\u010d na otv\u00e1ranie dver\u00ed;<br \/>\n(3) bezdr\u00f4tov\u00fd bezpe\u010dnostn\u00fd alarm;<br \/>\n(4) Bezdr\u00f4tov\u00fd zvon\u010dek;<br \/>\n(5) Bezdr\u00f4tov\u00fd ovl\u00e1da\u010d;<br \/>\n(6) bezdr\u00f4tov\u00fd prenos d\u00e1t.<\/p>\n","protected":false},"excerpt":{"rendered":"<p>Superheterodynn\u00fd RF modul bezdr\u00f4tov\u00e9ho prij\u00edma\u010da 433 MHz X-RXB12 Vlastnosti: (1) Citlivos\u0165 pr\u00edjmu -107 dBm; (2) Prev\u00e1dzkov\u00e1 frekvencia: 315 MHz; 433,92&hellip;<\/p>\n","protected":false},"featured_media":550,"template":"","meta":{"_monsterinsights_skip_tracking":false,"_monsterinsights_sitenote_active":false,"_monsterinsights_sitenote_note":"","_monsterinsights_sitenote_category":0},"product_cat":[16,34,29],"product_tag":[],"class_list":{"0":"post-549","1":"product","2":"type-product","3":"status-publish","4":"has-post-thumbnail","6":"product_cat-ard","7":"product_cat-rf","8":"product_cat-wireless-transmission","10":"first","11":"instock","12":"shipping-taxable","13":"purchasable","14":"product-type-simple"},"yoast_head":"<!-- This site is optimized with the Yoast SEO plugin v23.6 - https:\/\/yoast.com\/wordpress\/plugins\/seo\/ -->\n<title>Super-heterodyne RF Wireless Receivers Module 433MHZ X-RXB12 - Arduino e-shop<\/title>\n<meta name=\"robots\" content=\"index, follow, max-snippet:-1, max-image-preview:large, max-video-preview:-1\" \/>\n<link rel=\"canonical\" href=\"https:\/\/www.onetimenexttime.sk\/arduino\/index.php\/produkt\/super-heterodyne-rf-wireless-receivers-module-433mhz-x-rxb12\/\" \/>\n<meta property=\"og:locale\" content=\"sk_SK\" \/>\n<meta property=\"og:type\" content=\"article\" \/>\n<meta property=\"og:title\" content=\"Super-heterodyne RF Wireless Receivers Module 433MHZ X-RXB12 - Arduino e-shop\" \/>\n<meta property=\"og:description\" content=\"Superheterodynn\u00fd RF modul bezdr\u00f4tov\u00e9ho prij\u00edma\u010da 433 MHz X-RXB12 Vlastnosti: (1) Citlivos\u0165 pr\u00edjmu -107 dBm; (2) Prev\u00e1dzkov\u00e1 frekvencia: 315 MHz; 433,92&hellip;\" \/>\n<meta property=\"og:url\" content=\"https:\/\/www.onetimenexttime.sk\/arduino\/index.php\/produkt\/super-heterodyne-rf-wireless-receivers-module-433mhz-x-rxb12\/\" \/>\n<meta property=\"og:site_name\" content=\"Arduino e-shop\" \/>\n<meta property=\"article:modified_time\" content=\"2021-10-29T09:08:05+00:00\" \/>\n<meta property=\"og:image\" content=\"https:\/\/www.onetimenexttime.sk\/arduino\/wp-content\/uploads\/2021\/10\/130.jpg\" \/>\n\t<meta property=\"og:image:width\" content=\"502\" \/>\n\t<meta property=\"og:image:height\" content=\"504\" \/>\n\t<meta property=\"og:image:type\" content=\"image\/jpeg\" \/>\n<meta name=\"twitter:card\" content=\"summary_large_image\" \/>\n<meta name=\"twitter:label1\" content=\"Predpokladan\u00fd \u010das \u010d\u00edtania\" \/>\n\t<meta name=\"twitter:data1\" content=\"3 min\u00faty\" \/>\n<script type=\"application\/ld+json\" class=\"yoast-schema-graph\">{\"@context\":\"https:\/\/schema.org\",\"@graph\":[{\"@type\":\"WebPage\",\"@id\":\"https:\/\/www.onetimenexttime.sk\/arduino\/index.php\/produkt\/super-heterodyne-rf-wireless-receivers-module-433mhz-x-rxb12\/\",\"url\":\"https:\/\/www.onetimenexttime.sk\/arduino\/index.php\/produkt\/super-heterodyne-rf-wireless-receivers-module-433mhz-x-rxb12\/\",\"name\":\"Super-heterodyne RF Wireless Receivers Module 433MHZ X-RXB12 - Arduino e-shop\",\"isPartOf\":{\"@id\":\"https:\/\/www.onetimenexttime.sk\/arduino\/#website\"},\"primaryImageOfPage\":{\"@id\":\"https:\/\/www.onetimenexttime.sk\/arduino\/index.php\/produkt\/super-heterodyne-rf-wireless-receivers-module-433mhz-x-rxb12\/#primaryimage\"},\"image\":{\"@id\":\"https:\/\/www.onetimenexttime.sk\/arduino\/index.php\/produkt\/super-heterodyne-rf-wireless-receivers-module-433mhz-x-rxb12\/#primaryimage\"},\"thumbnailUrl\":\"https:\/\/www.onetimenexttime.sk\/arduino\/wp-content\/uploads\/2021\/10\/130.jpg\",\"datePublished\":\"2021-10-29T09:03:42+00:00\",\"dateModified\":\"2021-10-29T09:08:05+00:00\",\"breadcrumb\":{\"@id\":\"https:\/\/www.onetimenexttime.sk\/arduino\/index.php\/produkt\/super-heterodyne-rf-wireless-receivers-module-433mhz-x-rxb12\/#breadcrumb\"},\"inLanguage\":\"sk-SK\",\"potentialAction\":[{\"@type\":\"ReadAction\",\"target\":[\"https:\/\/www.onetimenexttime.sk\/arduino\/index.php\/produkt\/super-heterodyne-rf-wireless-receivers-module-433mhz-x-rxb12\/\"]}]},{\"@type\":\"ImageObject\",\"inLanguage\":\"sk-SK\",\"@id\":\"https:\/\/www.onetimenexttime.sk\/arduino\/index.php\/produkt\/super-heterodyne-rf-wireless-receivers-module-433mhz-x-rxb12\/#primaryimage\",\"url\":\"https:\/\/www.onetimenexttime.sk\/arduino\/wp-content\/uploads\/2021\/10\/130.jpg\",\"contentUrl\":\"https:\/\/www.onetimenexttime.sk\/arduino\/wp-content\/uploads\/2021\/10\/130.jpg\",\"width\":502,\"height\":504},{\"@type\":\"BreadcrumbList\",\"@id\":\"https:\/\/www.onetimenexttime.sk\/arduino\/index.php\/produkt\/super-heterodyne-rf-wireless-receivers-module-433mhz-x-rxb12\/#breadcrumb\",\"itemListElement\":[{\"@type\":\"ListItem\",\"position\":1,\"name\":\"Domov\",\"item\":\"https:\/\/www.onetimenexttime.sk\/arduino\/\"},{\"@type\":\"ListItem\",\"position\":2,\"name\":\"Obchod\",\"item\":\"https:\/\/www.onetimenexttime.sk\/arduino\/\"},{\"@type\":\"ListItem\",\"position\":3,\"name\":\"Super-heterodyne RF Wireless Receivers Module 433MHZ X-RXB12\"}]},{\"@type\":\"WebSite\",\"@id\":\"https:\/\/www.onetimenexttime.sk\/arduino\/#website\",\"url\":\"https:\/\/www.onetimenexttime.sk\/arduino\/\",\"name\":\"Arduino e-shop\",\"description\":\"Home Assistant\",\"potentialAction\":[{\"@type\":\"SearchAction\",\"target\":{\"@type\":\"EntryPoint\",\"urlTemplate\":\"https:\/\/www.onetimenexttime.sk\/arduino\/?s={search_term_string}\"},\"query-input\":{\"@type\":\"PropertyValueSpecification\",\"valueRequired\":true,\"valueName\":\"search_term_string\"}}],\"inLanguage\":\"sk-SK\"}]}<\/script>\n<!-- \/ Yoast SEO plugin. -->","yoast_head_json":{"title":"Super-heterodyne RF Wireless Receivers Module 433MHZ X-RXB12 - Arduino e-shop","robots":{"index":"index","follow":"follow","max-snippet":"max-snippet:-1","max-image-preview":"max-image-preview:large","max-video-preview":"max-video-preview:-1"},"canonical":"https:\/\/www.onetimenexttime.sk\/arduino\/index.php\/produkt\/super-heterodyne-rf-wireless-receivers-module-433mhz-x-rxb12\/","og_locale":"sk_SK","og_type":"article","og_title":"Super-heterodyne RF Wireless Receivers Module 433MHZ X-RXB12 - Arduino e-shop","og_description":"Superheterodynn\u00fd RF modul bezdr\u00f4tov\u00e9ho prij\u00edma\u010da 433 MHz X-RXB12 Vlastnosti: (1) Citlivos\u0165 pr\u00edjmu -107 dBm; (2) Prev\u00e1dzkov\u00e1 frekvencia: 315 MHz; 433,92&hellip;","og_url":"https:\/\/www.onetimenexttime.sk\/arduino\/index.php\/produkt\/super-heterodyne-rf-wireless-receivers-module-433mhz-x-rxb12\/","og_site_name":"Arduino e-shop","article_modified_time":"2021-10-29T09:08:05+00:00","og_image":[{"width":502,"height":504,"url":"https:\/\/www.onetimenexttime.sk\/arduino\/wp-content\/uploads\/2021\/10\/130.jpg","type":"image\/jpeg"}],"twitter_card":"summary_large_image","twitter_misc":{"Predpokladan\u00fd \u010das \u010d\u00edtania":"3 min\u00faty"},"schema":{"@context":"https:\/\/schema.org","@graph":[{"@type":"WebPage","@id":"https:\/\/www.onetimenexttime.sk\/arduino\/index.php\/produkt\/super-heterodyne-rf-wireless-receivers-module-433mhz-x-rxb12\/","url":"https:\/\/www.onetimenexttime.sk\/arduino\/index.php\/produkt\/super-heterodyne-rf-wireless-receivers-module-433mhz-x-rxb12\/","name":"Super-heterodyne RF Wireless Receivers Module 433MHZ X-RXB12 - Arduino e-shop","isPartOf":{"@id":"https:\/\/www.onetimenexttime.sk\/arduino\/#website"},"primaryImageOfPage":{"@id":"https:\/\/www.onetimenexttime.sk\/arduino\/index.php\/produkt\/super-heterodyne-rf-wireless-receivers-module-433mhz-x-rxb12\/#primaryimage"},"image":{"@id":"https:\/\/www.onetimenexttime.sk\/arduino\/index.php\/produkt\/super-heterodyne-rf-wireless-receivers-module-433mhz-x-rxb12\/#primaryimage"},"thumbnailUrl":"https:\/\/www.onetimenexttime.sk\/arduino\/wp-content\/uploads\/2021\/10\/130.jpg","datePublished":"2021-10-29T09:03:42+00:00","dateModified":"2021-10-29T09:08:05+00:00","breadcrumb":{"@id":"https:\/\/www.onetimenexttime.sk\/arduino\/index.php\/produkt\/super-heterodyne-rf-wireless-receivers-module-433mhz-x-rxb12\/#breadcrumb"},"inLanguage":"sk-SK","potentialAction":[{"@type":"ReadAction","target":["https:\/\/www.onetimenexttime.sk\/arduino\/index.php\/produkt\/super-heterodyne-rf-wireless-receivers-module-433mhz-x-rxb12\/"]}]},{"@type":"ImageObject","inLanguage":"sk-SK","@id":"https:\/\/www.onetimenexttime.sk\/arduino\/index.php\/produkt\/super-heterodyne-rf-wireless-receivers-module-433mhz-x-rxb12\/#primaryimage","url":"https:\/\/www.onetimenexttime.sk\/arduino\/wp-content\/uploads\/2021\/10\/130.jpg","contentUrl":"https:\/\/www.onetimenexttime.sk\/arduino\/wp-content\/uploads\/2021\/10\/130.jpg","width":502,"height":504},{"@type":"BreadcrumbList","@id":"https:\/\/www.onetimenexttime.sk\/arduino\/index.php\/produkt\/super-heterodyne-rf-wireless-receivers-module-433mhz-x-rxb12\/#breadcrumb","itemListElement":[{"@type":"ListItem","position":1,"name":"Domov","item":"https:\/\/www.onetimenexttime.sk\/arduino\/"},{"@type":"ListItem","position":2,"name":"Obchod","item":"https:\/\/www.onetimenexttime.sk\/arduino\/"},{"@type":"ListItem","position":3,"name":"Super-heterodyne RF Wireless Receivers Module 433MHZ X-RXB12"}]},{"@type":"WebSite","@id":"https:\/\/www.onetimenexttime.sk\/arduino\/#website","url":"https:\/\/www.onetimenexttime.sk\/arduino\/","name":"Arduino e-shop","description":"Home Assistant","potentialAction":[{"@type":"SearchAction","target":{"@type":"EntryPoint","urlTemplate":"https:\/\/www.onetimenexttime.sk\/arduino\/?s={search_term_string}"},"query-input":{"@type":"PropertyValueSpecification","valueRequired":true,"valueName":"search_term_string"}}],"inLanguage":"sk-SK"}]}},"_links":{"self":[{"href":"https:\/\/www.onetimenexttime.sk\/arduino\/index.php\/wp-json\/wp\/v2\/product\/549"}],"collection":[{"href":"https:\/\/www.onetimenexttime.sk\/arduino\/index.php\/wp-json\/wp\/v2\/product"}],"about":[{"href":"https:\/\/www.onetimenexttime.sk\/arduino\/index.php\/wp-json\/wp\/v2\/types\/product"}],"wp:featuredmedia":[{"embeddable":true,"href":"https:\/\/www.onetimenexttime.sk\/arduino\/index.php\/wp-json\/wp\/v2\/media\/550"}],"wp:attachment":[{"href":"https:\/\/www.onetimenexttime.sk\/arduino\/index.php\/wp-json\/wp\/v2\/media?parent=549"}],"wp:term":[{"taxonomy":"product_cat","embeddable":true,"href":"https:\/\/www.onetimenexttime.sk\/arduino\/index.php\/wp-json\/wp\/v2\/product_cat?post=549"},{"taxonomy":"product_tag","embeddable":true,"href":"https:\/\/www.onetimenexttime.sk\/arduino\/index.php\/wp-json\/wp\/v2\/product_tag?post=549"}],"curies":[{"name":"wp","href":"https:\/\/api.w.org\/{rel}","templated":true}]}}