{"id":544,"date":"2021-10-29T10:55:32","date_gmt":"2021-10-29T08:55:32","guid":{"rendered":"https:\/\/www.onetimenexttime.sk\/arduino\/?post_type=product&#038;p=544"},"modified":"2021-10-29T10:59:28","modified_gmt":"2021-10-29T08:59:28","slug":"cc2530-wireless-module-zigbee-wireless-module-wsn-wireless-sensor-network-rf4ce-h6b4","status":"publish","type":"product","link":"https:\/\/www.onetimenexttime.sk\/arduino\/index.php\/produkt\/cc2530-wireless-module-zigbee-wireless-module-wsn-wireless-sensor-network-rf4ce-h6b4\/","title":{"rendered":"CC2530 wireless module \/ZIGBEE wireless module \/wsn wireless sensor network \/RF4CE (H6B4)"},"content":{"rendered":"<h2>Bezdr\u00f4tov\u00fd modul CC2530 \/ Bezdr\u00f4tov\u00fd modul ZIGBEE \/ Bezdr\u00f4tov\u00e1 sie\u0165 senzorov wsn \/ RF4CE (H6B4)<\/h2>\n<p>Tento modul vyu\u017e\u00edva \u010dip TI vyroben\u00fd CC2530F256<\/p>\n<p>Popis<\/p>\n<p><strong>1.XL2530-D01 bezdr\u00f4tov\u00fd modul<\/strong><\/p>\n<p>Vysielac\u00ed v\u00fdkon 2,5mW (4dBm); citlivos\u0165 prij\u00edma\u010da-97dBm (BER = 10-2)<br \/>\nOtv\u00e1racie p\u00e1smo, bez aplika\u010dnej frekvencie, nosn\u00e1 frekvencia 2,4 GHz.<br \/>\nVysok\u00e1 odolnos\u0165 proti \u0161umu a n\u00edzka chybovos\u0165<br \/>\nR\u00fdchlos\u0165 prenosu vzduchu a\u017e 250 kbps.<br \/>\nDosah vidite\u013enosti, spo\u013eahliv\u00e1 prenosov\u00e1 vzdialenos\u0165 a\u017e 100 metrov (ant\u00e9na PCB), ale aj extern\u00e1 vysokoziskov\u00e1 ant\u00e9na na module, ktor\u00e1 ur\u010duje vzdialenos\u0165 od zisku ant\u00e9ny, pomocou rozhrania IPEX, sa zisk zdvojn\u00e1sobil, vzdialenos\u0165 zdvojn\u00e1sobila.<br \/>\nposkytuje 16 kan\u00e1lov, automaticky vyberie spo\u013eahliv\u00fd komunika\u010dn\u00fd kan\u00e1l v z\u00e1vislosti od prostredia.<br \/>\nSpotreba energie: Prij\u00edmac\u00ed pr\u00fad \u2264 27 mA, emisn\u00fd pr\u00fad \u2264 40 mA.<br \/>\nMal\u00e1 ve\u013ekos\u0165, n\u00edzka hmotnos\u0165.<br \/>\npomocou SoC, perif\u00e9rnych obvodov, vysokej spo\u013eahlivosti a n\u00edzkej poruchovosti.<br \/>\nposkytuje ant\u00e9nu dosky plo\u0161n\u00fdch spojov, za norm\u00e1lnych okolnost\u00ed sa ant\u00e9na nezhoduje. Poskytuje tie\u017e konektor externej ant\u00e9ny.<br \/>\nPrisp\u00f4soben\u00e9 2,4 GHz IEEE 802.15.4 a aplik\u00e1ci\u00e1m protokolu ZigBee, automatick\u00e1 sie\u0165.<br \/>\nVe\u013ekos\u0165 modulu 21,5 * 26 mm<\/p>\n<p><strong>2.Aplik\u00e1cie<\/strong><\/p>\n<p>Rodina inteligentn\u00e9ho riadenia priemyseln\u00e9ho bezdr\u00f4tov\u00e9ho dia\u013ekov\u00e9ho odpo\u010dtu mera\u010dov, dia\u013ekov\u00e9 sn\u00edmanie, automatizovan\u00fd syst\u00e9m zberu d\u00e1t, zabezpe\u010denie, alarmov\u00e9 vybavenie hotelov\u00fdch izieb, bezdr\u00f4tov\u00e9 monitorovanie, syst\u00e9my kontroly pr\u00edstupu, lokaliz\u00e1cia dopravy, riadenie pouli\u010dn\u00e9ho osvetlenia, logistika, akt\u00edvne RFID, POS syst\u00e9my, bezdr\u00f4tov\u00e9 sl\u00fachadl\u00e1<\/p>\n<p><strong>3. Integrovan\u00fd v\u00fdkon 8051<\/strong><\/p>\n<p>siln\u00fd kan\u00e1l DMA 5<br \/>\n256 KB programovate\u013en\u00e1 flash pam\u00e4\u0165 v syst\u00e9me, mo\u017eno prisp\u00f4sobi\u0165 32 kB, 64 kB, 256 kB<br \/>\n8 KB RAM<br \/>\nhardv\u00e9rov\u00e1 podpora CSMA \/ CA je<br \/>\nBezpe\u010dnostn\u00fd koprocesor AES<br \/>\nmonitorovanie bat\u00e9rie a funkcia sn\u00edma\u010da teploty<br \/>\n8-kan\u00e1lov\u00fd 12-bitov\u00fd ADC<br \/>\n2-kan\u00e1lov\u00fd UART<br \/>\nIEEE 802.15.4 MAC \u010dasova\u010d, univerz\u00e1lne \u010dasova\u010de (jeden 16 a dva 8)<br \/>\nZachytenie \u010dasova\u010dom sp\u00e1nku 32 kHz<br \/>\n\u010casova\u010d str\u00e1\u017eneho psa<br \/>\n21 I\/O pinov pre v\u0161eobecn\u00e9 pou\u017eitie (19*4 mA, 2*20 mA)<br \/>\npodpora online ladenia<\/p>\n","protected":false},"excerpt":{"rendered":"<p>Bezdr\u00f4tov\u00fd modul CC2530 \/ Bezdr\u00f4tov\u00fd modul ZIGBEE \/ Bezdr\u00f4tov\u00e1 sie\u0165 senzorov wsn \/ RF4CE (H6B4) Tento modul vyu\u017e\u00edva \u010dip TI&hellip;<\/p>\n","protected":false},"featured_media":545,"template":"","meta":{"_monsterinsights_skip_tracking":false,"_monsterinsights_sitenote_active":false,"_monsterinsights_sitenote_note":"","_monsterinsights_sitenote_category":0},"product_cat":[16,34,31,33,29],"product_tag":[],"class_list":{"0":"post-544","1":"product","2":"type-product","3":"status-publish","4":"has-post-thumbnail","6":"product_cat-ard","7":"product_cat-rf","8":"product_cat-rfid","9":"product_cat-wifi","10":"product_cat-wireless-transmission","12":"first","13":"instock","14":"sale","15":"shipping-taxable","16":"purchasable","17":"product-type-simple"},"yoast_head":"<!-- This site is optimized with the Yoast SEO plugin v23.6 - https:\/\/yoast.com\/wordpress\/plugins\/seo\/ -->\n<title>CC2530 wireless module \/ZIGBEE wireless module \/wsn wireless sensor network \/RF4CE (H6B4) - Arduino e-shop<\/title>\n<meta name=\"robots\" content=\"index, follow, max-snippet:-1, max-image-preview:large, max-video-preview:-1\" \/>\n<link rel=\"canonical\" href=\"https:\/\/www.onetimenexttime.sk\/arduino\/index.php\/produkt\/cc2530-wireless-module-zigbee-wireless-module-wsn-wireless-sensor-network-rf4ce-h6b4\/\" \/>\n<meta property=\"og:locale\" content=\"sk_SK\" \/>\n<meta property=\"og:type\" content=\"article\" \/>\n<meta property=\"og:title\" content=\"CC2530 wireless module \/ZIGBEE wireless module \/wsn wireless sensor network \/RF4CE (H6B4) - Arduino e-shop\" \/>\n<meta property=\"og:description\" content=\"Bezdr\u00f4tov\u00fd modul CC2530 \/ Bezdr\u00f4tov\u00fd modul ZIGBEE \/ Bezdr\u00f4tov\u00e1 sie\u0165 senzorov wsn \/ RF4CE (H6B4) Tento modul vyu\u017e\u00edva \u010dip TI&hellip;\" \/>\n<meta property=\"og:url\" content=\"https:\/\/www.onetimenexttime.sk\/arduino\/index.php\/produkt\/cc2530-wireless-module-zigbee-wireless-module-wsn-wireless-sensor-network-rf4ce-h6b4\/\" \/>\n<meta property=\"og:site_name\" content=\"Arduino e-shop\" \/>\n<meta property=\"article:modified_time\" content=\"2021-10-29T08:59:28+00:00\" \/>\n<meta property=\"og:image\" content=\"https:\/\/www.onetimenexttime.sk\/arduino\/wp-content\/uploads\/2021\/10\/150.jpg\" \/>\n\t<meta property=\"og:image:width\" content=\"502\" \/>\n\t<meta property=\"og:image:height\" content=\"504\" \/>\n\t<meta property=\"og:image:type\" content=\"image\/jpeg\" \/>\n<meta name=\"twitter:card\" content=\"summary_large_image\" \/>\n<meta name=\"twitter:label1\" content=\"Predpokladan\u00fd \u010das \u010d\u00edtania\" \/>\n\t<meta name=\"twitter:data1\" content=\"1 min\u00fata\" \/>\n<script type=\"application\/ld+json\" class=\"yoast-schema-graph\">{\"@context\":\"https:\/\/schema.org\",\"@graph\":[{\"@type\":\"WebPage\",\"@id\":\"https:\/\/www.onetimenexttime.sk\/arduino\/index.php\/produkt\/cc2530-wireless-module-zigbee-wireless-module-wsn-wireless-sensor-network-rf4ce-h6b4\/\",\"url\":\"https:\/\/www.onetimenexttime.sk\/arduino\/index.php\/produkt\/cc2530-wireless-module-zigbee-wireless-module-wsn-wireless-sensor-network-rf4ce-h6b4\/\",\"name\":\"CC2530 wireless module \/ZIGBEE wireless module \/wsn wireless sensor network \/RF4CE (H6B4) - Arduino e-shop\",\"isPartOf\":{\"@id\":\"https:\/\/www.onetimenexttime.sk\/arduino\/#website\"},\"primaryImageOfPage\":{\"@id\":\"https:\/\/www.onetimenexttime.sk\/arduino\/index.php\/produkt\/cc2530-wireless-module-zigbee-wireless-module-wsn-wireless-sensor-network-rf4ce-h6b4\/#primaryimage\"},\"image\":{\"@id\":\"https:\/\/www.onetimenexttime.sk\/arduino\/index.php\/produkt\/cc2530-wireless-module-zigbee-wireless-module-wsn-wireless-sensor-network-rf4ce-h6b4\/#primaryimage\"},\"thumbnailUrl\":\"https:\/\/www.onetimenexttime.sk\/arduino\/wp-content\/uploads\/2021\/10\/150.jpg\",\"datePublished\":\"2021-10-29T08:55:32+00:00\",\"dateModified\":\"2021-10-29T08:59:28+00:00\",\"breadcrumb\":{\"@id\":\"https:\/\/www.onetimenexttime.sk\/arduino\/index.php\/produkt\/cc2530-wireless-module-zigbee-wireless-module-wsn-wireless-sensor-network-rf4ce-h6b4\/#breadcrumb\"},\"inLanguage\":\"sk-SK\",\"potentialAction\":[{\"@type\":\"ReadAction\",\"target\":[\"https:\/\/www.onetimenexttime.sk\/arduino\/index.php\/produkt\/cc2530-wireless-module-zigbee-wireless-module-wsn-wireless-sensor-network-rf4ce-h6b4\/\"]}]},{\"@type\":\"ImageObject\",\"inLanguage\":\"sk-SK\",\"@id\":\"https:\/\/www.onetimenexttime.sk\/arduino\/index.php\/produkt\/cc2530-wireless-module-zigbee-wireless-module-wsn-wireless-sensor-network-rf4ce-h6b4\/#primaryimage\",\"url\":\"https:\/\/www.onetimenexttime.sk\/arduino\/wp-content\/uploads\/2021\/10\/150.jpg\",\"contentUrl\":\"https:\/\/www.onetimenexttime.sk\/arduino\/wp-content\/uploads\/2021\/10\/150.jpg\",\"width\":502,\"height\":504},{\"@type\":\"BreadcrumbList\",\"@id\":\"https:\/\/www.onetimenexttime.sk\/arduino\/index.php\/produkt\/cc2530-wireless-module-zigbee-wireless-module-wsn-wireless-sensor-network-rf4ce-h6b4\/#breadcrumb\",\"itemListElement\":[{\"@type\":\"ListItem\",\"position\":1,\"name\":\"Domov\",\"item\":\"https:\/\/www.onetimenexttime.sk\/arduino\/\"},{\"@type\":\"ListItem\",\"position\":2,\"name\":\"Obchod\",\"item\":\"https:\/\/www.onetimenexttime.sk\/arduino\/\"},{\"@type\":\"ListItem\",\"position\":3,\"name\":\"CC2530 wireless module \/ZIGBEE wireless module \/wsn wireless sensor network \/RF4CE (H6B4)\"}]},{\"@type\":\"WebSite\",\"@id\":\"https:\/\/www.onetimenexttime.sk\/arduino\/#website\",\"url\":\"https:\/\/www.onetimenexttime.sk\/arduino\/\",\"name\":\"Arduino e-shop\",\"description\":\"Home Assistant\",\"potentialAction\":[{\"@type\":\"SearchAction\",\"target\":{\"@type\":\"EntryPoint\",\"urlTemplate\":\"https:\/\/www.onetimenexttime.sk\/arduino\/?s={search_term_string}\"},\"query-input\":{\"@type\":\"PropertyValueSpecification\",\"valueRequired\":true,\"valueName\":\"search_term_string\"}}],\"inLanguage\":\"sk-SK\"}]}<\/script>\n<!-- \/ Yoast SEO plugin. -->","yoast_head_json":{"title":"CC2530 wireless module \/ZIGBEE wireless module \/wsn wireless sensor network \/RF4CE (H6B4) - Arduino e-shop","robots":{"index":"index","follow":"follow","max-snippet":"max-snippet:-1","max-image-preview":"max-image-preview:large","max-video-preview":"max-video-preview:-1"},"canonical":"https:\/\/www.onetimenexttime.sk\/arduino\/index.php\/produkt\/cc2530-wireless-module-zigbee-wireless-module-wsn-wireless-sensor-network-rf4ce-h6b4\/","og_locale":"sk_SK","og_type":"article","og_title":"CC2530 wireless module \/ZIGBEE wireless module \/wsn wireless sensor network \/RF4CE (H6B4) - Arduino e-shop","og_description":"Bezdr\u00f4tov\u00fd modul CC2530 \/ Bezdr\u00f4tov\u00fd modul ZIGBEE \/ Bezdr\u00f4tov\u00e1 sie\u0165 senzorov wsn \/ RF4CE (H6B4) Tento modul vyu\u017e\u00edva \u010dip TI&hellip;","og_url":"https:\/\/www.onetimenexttime.sk\/arduino\/index.php\/produkt\/cc2530-wireless-module-zigbee-wireless-module-wsn-wireless-sensor-network-rf4ce-h6b4\/","og_site_name":"Arduino e-shop","article_modified_time":"2021-10-29T08:59:28+00:00","og_image":[{"width":502,"height":504,"url":"https:\/\/www.onetimenexttime.sk\/arduino\/wp-content\/uploads\/2021\/10\/150.jpg","type":"image\/jpeg"}],"twitter_card":"summary_large_image","twitter_misc":{"Predpokladan\u00fd \u010das \u010d\u00edtania":"1 min\u00fata"},"schema":{"@context":"https:\/\/schema.org","@graph":[{"@type":"WebPage","@id":"https:\/\/www.onetimenexttime.sk\/arduino\/index.php\/produkt\/cc2530-wireless-module-zigbee-wireless-module-wsn-wireless-sensor-network-rf4ce-h6b4\/","url":"https:\/\/www.onetimenexttime.sk\/arduino\/index.php\/produkt\/cc2530-wireless-module-zigbee-wireless-module-wsn-wireless-sensor-network-rf4ce-h6b4\/","name":"CC2530 wireless module \/ZIGBEE wireless module \/wsn wireless sensor network \/RF4CE (H6B4) - Arduino e-shop","isPartOf":{"@id":"https:\/\/www.onetimenexttime.sk\/arduino\/#website"},"primaryImageOfPage":{"@id":"https:\/\/www.onetimenexttime.sk\/arduino\/index.php\/produkt\/cc2530-wireless-module-zigbee-wireless-module-wsn-wireless-sensor-network-rf4ce-h6b4\/#primaryimage"},"image":{"@id":"https:\/\/www.onetimenexttime.sk\/arduino\/index.php\/produkt\/cc2530-wireless-module-zigbee-wireless-module-wsn-wireless-sensor-network-rf4ce-h6b4\/#primaryimage"},"thumbnailUrl":"https:\/\/www.onetimenexttime.sk\/arduino\/wp-content\/uploads\/2021\/10\/150.jpg","datePublished":"2021-10-29T08:55:32+00:00","dateModified":"2021-10-29T08:59:28+00:00","breadcrumb":{"@id":"https:\/\/www.onetimenexttime.sk\/arduino\/index.php\/produkt\/cc2530-wireless-module-zigbee-wireless-module-wsn-wireless-sensor-network-rf4ce-h6b4\/#breadcrumb"},"inLanguage":"sk-SK","potentialAction":[{"@type":"ReadAction","target":["https:\/\/www.onetimenexttime.sk\/arduino\/index.php\/produkt\/cc2530-wireless-module-zigbee-wireless-module-wsn-wireless-sensor-network-rf4ce-h6b4\/"]}]},{"@type":"ImageObject","inLanguage":"sk-SK","@id":"https:\/\/www.onetimenexttime.sk\/arduino\/index.php\/produkt\/cc2530-wireless-module-zigbee-wireless-module-wsn-wireless-sensor-network-rf4ce-h6b4\/#primaryimage","url":"https:\/\/www.onetimenexttime.sk\/arduino\/wp-content\/uploads\/2021\/10\/150.jpg","contentUrl":"https:\/\/www.onetimenexttime.sk\/arduino\/wp-content\/uploads\/2021\/10\/150.jpg","width":502,"height":504},{"@type":"BreadcrumbList","@id":"https:\/\/www.onetimenexttime.sk\/arduino\/index.php\/produkt\/cc2530-wireless-module-zigbee-wireless-module-wsn-wireless-sensor-network-rf4ce-h6b4\/#breadcrumb","itemListElement":[{"@type":"ListItem","position":1,"name":"Domov","item":"https:\/\/www.onetimenexttime.sk\/arduino\/"},{"@type":"ListItem","position":2,"name":"Obchod","item":"https:\/\/www.onetimenexttime.sk\/arduino\/"},{"@type":"ListItem","position":3,"name":"CC2530 wireless module \/ZIGBEE wireless module \/wsn wireless sensor network \/RF4CE (H6B4)"}]},{"@type":"WebSite","@id":"https:\/\/www.onetimenexttime.sk\/arduino\/#website","url":"https:\/\/www.onetimenexttime.sk\/arduino\/","name":"Arduino e-shop","description":"Home Assistant","potentialAction":[{"@type":"SearchAction","target":{"@type":"EntryPoint","urlTemplate":"https:\/\/www.onetimenexttime.sk\/arduino\/?s={search_term_string}"},"query-input":{"@type":"PropertyValueSpecification","valueRequired":true,"valueName":"search_term_string"}}],"inLanguage":"sk-SK"}]}},"_links":{"self":[{"href":"https:\/\/www.onetimenexttime.sk\/arduino\/index.php\/wp-json\/wp\/v2\/product\/544"}],"collection":[{"href":"https:\/\/www.onetimenexttime.sk\/arduino\/index.php\/wp-json\/wp\/v2\/product"}],"about":[{"href":"https:\/\/www.onetimenexttime.sk\/arduino\/index.php\/wp-json\/wp\/v2\/types\/product"}],"wp:featuredmedia":[{"embeddable":true,"href":"https:\/\/www.onetimenexttime.sk\/arduino\/index.php\/wp-json\/wp\/v2\/media\/545"}],"wp:attachment":[{"href":"https:\/\/www.onetimenexttime.sk\/arduino\/index.php\/wp-json\/wp\/v2\/media?parent=544"}],"wp:term":[{"taxonomy":"product_cat","embeddable":true,"href":"https:\/\/www.onetimenexttime.sk\/arduino\/index.php\/wp-json\/wp\/v2\/product_cat?post=544"},{"taxonomy":"product_tag","embeddable":true,"href":"https:\/\/www.onetimenexttime.sk\/arduino\/index.php\/wp-json\/wp\/v2\/product_tag?post=544"}],"curies":[{"name":"wp","href":"https:\/\/api.w.org\/{rel}","templated":true}]}}