{"id":542,"date":"2021-10-29T10:51:34","date_gmt":"2021-10-29T08:51:34","guid":{"rendered":"https:\/\/www.onetimenexttime.sk\/arduino\/?post_type=product&#038;p=542"},"modified":"2024-02-22T18:18:42","modified_gmt":"2024-02-22T17:18:42","slug":"superheterodyne-433mhz-rf-wireless-transmitter-module-for-remote-control-adruino","status":"publish","type":"product","link":"https:\/\/www.onetimenexttime.sk\/arduino\/index.php\/produkt\/superheterodyne-433mhz-rf-wireless-transmitter-module-for-remote-control-adruino\/","title":{"rendered":"superheterodyne 433mhz RF Wireless Transmitter Module for remote control adruino"},"content":{"rendered":"<p>&nbsp;<\/p>\n<h1>Inform\u00e1cie o superheterodynovom 433 MHz RF bezdr\u00f4tovom vysiela\u010di<\/h1>\n<table>\n<tbody>\n<tr>\n<th>Popis<\/th>\n<td>Bezdr\u00f4tov\u00fd RF vysiela\u010d s frekvenciou 433 MHz pre ovl\u00e1danie na dia\u013eku s Arduinom<\/td>\n<\/tr>\n<tr>\n<th>Vlastnosti<\/th>\n<td>\n<ul>\n<li>Frekven\u010dn\u00fd rozsah: 433 MHz<\/li>\n<li>Jednoduch\u00e9 pripojenie k Arduinu pomocou GPIO pinov<\/li>\n<li>Mal\u00e9 rozmery a \u013eahk\u00e1 integr\u00e1cia do projektov<\/li>\n<li>Mo\u017enos\u0165 vysielania sign\u00e1lov na dlh\u00e9 vzdialenosti<\/li>\n<li>Prisp\u00f4sobite\u013en\u00e9 pou\u017eitie pre r\u00f4zne aplik\u00e1cie<\/li>\n<\/ul>\n<\/td>\n<\/tr>\n<tr>\n<th>\u0160pecifik\u00e1cie<\/th>\n<td>\n<ul>\n<li>Rozmery: z\u00e1le\u017e\u00ed na konkr\u00e9tnom module<\/li>\n<li>Nap\u00e1janie: 3-12V<\/li>\n<li>Ant\u00e9na: integrovan\u00e1 alebo extern\u00e1<\/li>\n<\/ul>\n<\/td>\n<\/tr>\n<tr>\n<th>Pr\u00edklady pou\u017eitia<\/th>\n<td>\n<ul>\n<li>Ovl\u00e1danie dom\u00e1cich spotrebi\u010dov na dia\u013eku<\/li>\n<li>Bezdr\u00f4tov\u00e9 ovl\u00e1danie osvetlenia<\/li>\n<li>Projekty s dia\u013ekov\u00fdm ovl\u00e1dan\u00edm RC modelov<\/li>\n<\/ul>\n<\/td>\n<\/tr>\n<tr>\n<th>Pr\u00edkladov\u00fd k\u00f3d pre Arduino<\/th>\n<td><code><br \/>\n\/\/ Potrebn\u00e9 kni\u017enice<br \/>\n#include &lt;VirtualWire.h&gt;<\/p>\n<p>const int transmitPin = 12; \/\/ GPIO pin pre vysiela\u010d<br \/>\nconst char *msg = \"Hello, world!\"; \/\/ Spr\u00e1va na odoslanie<\/p>\n<p>void setup() {<br \/>\nvw_set_tx_pin(transmitPin);<br \/>\nvw_setup(2000); \/\/ R\u00fdchlos\u0165 prenosu v bitoch za sekundu<br \/>\n}<\/p>\n<p>void loop() {<br \/>\nvw_send((uint8_t *)msg, strlen(msg));<br \/>\nvw_wait_tx();<br \/>\ndelay(2000); \/\/ Pauza medzi prenosmi<br \/>\n}<br \/>\n<\/code><\/td>\n<\/tr>\n<\/tbody>\n<\/table>\n<p><button class=\"button\">Skop\u00edrova\u0165 k\u00f3d pre Arduino<\/button><\/p>\n<p>&nbsp;<\/p>\n<h2>Superheterodyn 433 MHz RF modul bezdr\u00f4tov\u00e9ho vysiela\u010da pre dia\u013ekov\u00e9 ovl\u00e1danie arduino<\/h2>\n<p>1ks superheterodyn 433mhz rf Bezdr\u00f4tov\u00fd vysiela\u010d mal\u00e1 ve\u013ekos\u0165 n\u00edzka spotreba Pre bezdr\u00f4tov\u00fd vyp\u00edna\u010d Power z\u00e1suvka dia\u013ekov\u00e9 ovl\u00e1danie LED elektrick\u00e9 dvere At\u010f.<\/p>\n<p><strong>Prostredie aplik\u00e1cie<\/strong><br \/>\nSp\u00edna\u010d dia\u013ekov\u00e9ho ovl\u00e1dania, modul prij\u00edma\u010da, motocykle, v\u00fdrobky proti kr\u00e1de\u017ei automobilov, v\u00fdrobky na zabezpe\u010denie dom\u00e1cnosti, elektrick\u00e9 dvere, \u017eal\u00fazie, okn\u00e1, z\u00e1suvka na dia\u013ekov\u00e9 ovl\u00e1danie, LED dia\u013ekov\u00e9 ovl\u00e1danie, elektrick\u00e9 dvere na dia\u013ekov\u00e9 ovl\u00e1danie zvuku, dia\u013ekov\u00e9 ovl\u00e1danie gar\u00e1\u017eov\u00fdch br\u00e1n, dia\u013ekov\u00e9 ovl\u00e1danie za\u0165ahovacie dvere, br\u00e1na na dia\u013ekov\u00e9 ovl\u00e1danie, posuvn\u00e9 dvere, otv\u00e1ra\u010d dver\u00ed na dia\u013ekov\u00e9 ovl\u00e1danie, syst\u00e9m ovl\u00e1dania zariadenia na zatv\u00e1ranie dver\u00ed, z\u00e1vesy na dia\u013ekov\u00e9 ovl\u00e1danie, alarm, alarm, elektrick\u00e9 aut\u00e1 na dia\u013ekov\u00e9 ovl\u00e1danie motocykla, dia\u013ekov\u00e9 ovl\u00e1danie MP3.<\/p>\n<p><strong>Popis produktu<\/strong><\/p>\n<p>[Modul vysiela\u010da] Model produktu: WL102-341<br \/>\nVysielac\u00ed modul WL102-341 je UHF modulovan\u00fd vysiela\u010d ASK, podporuje modul\u00e1ciu ASK a OOK. Modul vysiela\u010da integruje anal\u00f3gov\u00fd obvod PLL a modula\u010dn\u00fd obvod ASK s vysokou \u00farov\u0148ou integr\u00e1cie at\u010f., M\u00f4\u017ee by\u0165 pou\u017eit\u00fd s bezdr\u00f4tovou komunik\u00e1ciou kr\u00e1tkeho dosahu. Pracovn\u00e1 frekvencia 433 MHz, vysielac\u00ed v\u00fdkon je v\u00e4\u010d\u0161\u00ed ako 11 dBm.<\/p>\n<p><strong>Vlastnosti produktu<\/strong><br \/>\n1.Podporujte modul\u00e1ciu ASK \/ OOK, vysielac\u00ed v\u00fdkon je v\u00e4\u010d\u0161\u00ed ako 11dBm;<br \/>\n2. Pracovn\u00e1 frekvencia: 433,92 MHz;<br \/>\n3. rozsah vstupn\u00e9ho nap\u00e4tia siete: 2,0V-3,6V;<br \/>\n4. prenosov\u00e1 r\u00fdchlos\u0165 do 20 kHz;<br \/>\n5. Vzdialenos\u0165 \u0161tartu: 20-100 metrov<br \/>\n6. Ve\u013ekos\u0165: 16* 12 * 1mm<br \/>\n7. extern\u00e1 ant\u00e9na: 25cm oby\u010dajn\u00e1 viac\u017eilov\u00e1 alebo jedno\u017eilov\u00e1 linka<br \/>\n8. Teplotn\u00fd rozsah: -45-85 \u00b0C<\/p>\n<p><strong>Aplik\u00e1cie<\/strong><br \/>\n1. bezdr\u00f4tov\u00fd vyp\u00edna\u010d, z\u00e1suvka, vyp\u00edna\u010d dia\u013ekov\u00e9ho ovl\u00e1dania, modul prij\u00edma\u010da,<br \/>\n2. kontrola pr\u00edstupu, elektrick\u00e9 aut\u00e1, motocykle, v\u00fdrobky proti kr\u00e1de\u017ei automobilov, dia\u013ekov\u00e9 otv\u00e1ra\u010de dver\u00ed, riadiaci syst\u00e9m zatv\u00e1ra\u010dov<br \/>\n3. bezpe\u010dnos\u0165, monitorovacie syst\u00e9my, dom\u00e1ce bezpe\u010dnostn\u00e9 produkty, elektrick\u00e9 dvere, alarm hostite\u013e, alarm<br \/>\n4. ovl\u00e1danie izieb, \u017eal\u00fazie, okn\u00e1, z\u00e1suvka na dia\u013ekov\u00e9 ovl\u00e1danie, LED na dia\u013ekov\u00e9 ovl\u00e1danie, elektrick\u00e9 dvere na dia\u013ekov\u00e9 audio na dia\u013ekov\u00e9 ovl\u00e1danie, dia\u013ekov\u00e9 ovl\u00e1danie na gar\u00e1\u017eov\u00e9 br\u00e1ny, za\u0165ahovacie br\u00e1ny na dia\u013ekov\u00e9 ovl\u00e1danie, rolovacie br\u00e1ny na dia\u013ekov\u00e9 ovl\u00e1danie, posuvn\u00e9 dvere<br \/>\n5. inteligentn\u00e9 dom\u00e1ce produkty, z\u00e1vesy na dia\u013ekov\u00e9 ovl\u00e1danie, MP3 na dia\u013eku, audio<\/p>\n","protected":false},"excerpt":{"rendered":"<p>&nbsp; Inform\u00e1cie o superheterodynovom 433 MHz RF bezdr\u00f4tovom vysiela\u010di Popis Bezdr\u00f4tov\u00fd RF vysiela\u010d s frekvenciou 433 MHz pre ovl\u00e1danie na&hellip;<\/p>\n","protected":false},"featured_media":543,"template":"","meta":{"_monsterinsights_skip_tracking":false,"_monsterinsights_sitenote_active":false,"_monsterinsights_sitenote_note":"","_monsterinsights_sitenote_category":0},"product_cat":[16,34,29],"product_tag":[],"class_list":{"0":"post-542","1":"product","2":"type-product","3":"status-publish","4":"has-post-thumbnail","6":"product_cat-ard","7":"product_cat-rf","8":"product_cat-wireless-transmission","10":"first","11":"instock","12":"shipping-taxable","13":"purchasable","14":"product-type-simple"},"yoast_head":"<!-- This site is optimized with the Yoast SEO plugin v23.6 - https:\/\/yoast.com\/wordpress\/plugins\/seo\/ -->\n<title>superheterodyne 433mhz RF Wireless Transmitter Module for remote control adruino - Arduino e-shop<\/title>\n<meta name=\"robots\" content=\"index, follow, max-snippet:-1, max-image-preview:large, max-video-preview:-1\" \/>\n<link rel=\"canonical\" href=\"https:\/\/www.onetimenexttime.sk\/arduino\/index.php\/produkt\/superheterodyne-433mhz-rf-wireless-transmitter-module-for-remote-control-adruino\/\" \/>\n<meta property=\"og:locale\" content=\"sk_SK\" \/>\n<meta property=\"og:type\" content=\"article\" \/>\n<meta property=\"og:title\" content=\"superheterodyne 433mhz RF Wireless Transmitter Module for remote control adruino - Arduino e-shop\" \/>\n<meta property=\"og:description\" content=\"&nbsp; Inform\u00e1cie o superheterodynovom 433 MHz RF bezdr\u00f4tovom vysiela\u010di Popis Bezdr\u00f4tov\u00fd RF vysiela\u010d s frekvenciou 433 MHz pre ovl\u00e1danie na&hellip;\" \/>\n<meta property=\"og:url\" content=\"https:\/\/www.onetimenexttime.sk\/arduino\/index.php\/produkt\/superheterodyne-433mhz-rf-wireless-transmitter-module-for-remote-control-adruino\/\" \/>\n<meta property=\"og:site_name\" content=\"Arduino e-shop\" \/>\n<meta property=\"article:modified_time\" content=\"2024-02-22T17:18:42+00:00\" \/>\n<meta property=\"og:image\" content=\"https:\/\/www.onetimenexttime.sk\/arduino\/wp-content\/uploads\/2021\/10\/141.jpg\" \/>\n\t<meta property=\"og:image:width\" content=\"502\" \/>\n\t<meta property=\"og:image:height\" content=\"504\" \/>\n\t<meta property=\"og:image:type\" content=\"image\/jpeg\" \/>\n<meta name=\"twitter:card\" content=\"summary_large_image\" \/>\n<meta name=\"twitter:label1\" content=\"Predpokladan\u00fd \u010das \u010d\u00edtania\" \/>\n\t<meta name=\"twitter:data1\" content=\"2 min\u00faty\" \/>\n<script type=\"application\/ld+json\" class=\"yoast-schema-graph\">{\"@context\":\"https:\/\/schema.org\",\"@graph\":[{\"@type\":\"WebPage\",\"@id\":\"https:\/\/www.onetimenexttime.sk\/arduino\/index.php\/produkt\/superheterodyne-433mhz-rf-wireless-transmitter-module-for-remote-control-adruino\/\",\"url\":\"https:\/\/www.onetimenexttime.sk\/arduino\/index.php\/produkt\/superheterodyne-433mhz-rf-wireless-transmitter-module-for-remote-control-adruino\/\",\"name\":\"superheterodyne 433mhz RF Wireless Transmitter Module for remote control adruino - Arduino e-shop\",\"isPartOf\":{\"@id\":\"https:\/\/www.onetimenexttime.sk\/arduino\/#website\"},\"primaryImageOfPage\":{\"@id\":\"https:\/\/www.onetimenexttime.sk\/arduino\/index.php\/produkt\/superheterodyne-433mhz-rf-wireless-transmitter-module-for-remote-control-adruino\/#primaryimage\"},\"image\":{\"@id\":\"https:\/\/www.onetimenexttime.sk\/arduino\/index.php\/produkt\/superheterodyne-433mhz-rf-wireless-transmitter-module-for-remote-control-adruino\/#primaryimage\"},\"thumbnailUrl\":\"https:\/\/www.onetimenexttime.sk\/arduino\/wp-content\/uploads\/2021\/10\/141.jpg\",\"datePublished\":\"2021-10-29T08:51:34+00:00\",\"dateModified\":\"2024-02-22T17:18:42+00:00\",\"breadcrumb\":{\"@id\":\"https:\/\/www.onetimenexttime.sk\/arduino\/index.php\/produkt\/superheterodyne-433mhz-rf-wireless-transmitter-module-for-remote-control-adruino\/#breadcrumb\"},\"inLanguage\":\"sk-SK\",\"potentialAction\":[{\"@type\":\"ReadAction\",\"target\":[\"https:\/\/www.onetimenexttime.sk\/arduino\/index.php\/produkt\/superheterodyne-433mhz-rf-wireless-transmitter-module-for-remote-control-adruino\/\"]}]},{\"@type\":\"ImageObject\",\"inLanguage\":\"sk-SK\",\"@id\":\"https:\/\/www.onetimenexttime.sk\/arduino\/index.php\/produkt\/superheterodyne-433mhz-rf-wireless-transmitter-module-for-remote-control-adruino\/#primaryimage\",\"url\":\"https:\/\/www.onetimenexttime.sk\/arduino\/wp-content\/uploads\/2021\/10\/141.jpg\",\"contentUrl\":\"https:\/\/www.onetimenexttime.sk\/arduino\/wp-content\/uploads\/2021\/10\/141.jpg\",\"width\":502,\"height\":504},{\"@type\":\"BreadcrumbList\",\"@id\":\"https:\/\/www.onetimenexttime.sk\/arduino\/index.php\/produkt\/superheterodyne-433mhz-rf-wireless-transmitter-module-for-remote-control-adruino\/#breadcrumb\",\"itemListElement\":[{\"@type\":\"ListItem\",\"position\":1,\"name\":\"Domov\",\"item\":\"https:\/\/www.onetimenexttime.sk\/arduino\/\"},{\"@type\":\"ListItem\",\"position\":2,\"name\":\"Obchod\",\"item\":\"https:\/\/www.onetimenexttime.sk\/arduino\/\"},{\"@type\":\"ListItem\",\"position\":3,\"name\":\"superheterodyne 433mhz RF Wireless Transmitter Module for remote control adruino\"}]},{\"@type\":\"WebSite\",\"@id\":\"https:\/\/www.onetimenexttime.sk\/arduino\/#website\",\"url\":\"https:\/\/www.onetimenexttime.sk\/arduino\/\",\"name\":\"Arduino e-shop\",\"description\":\"Home Assistant\",\"potentialAction\":[{\"@type\":\"SearchAction\",\"target\":{\"@type\":\"EntryPoint\",\"urlTemplate\":\"https:\/\/www.onetimenexttime.sk\/arduino\/?s={search_term_string}\"},\"query-input\":{\"@type\":\"PropertyValueSpecification\",\"valueRequired\":true,\"valueName\":\"search_term_string\"}}],\"inLanguage\":\"sk-SK\"}]}<\/script>\n<!-- \/ Yoast SEO plugin. -->","yoast_head_json":{"title":"superheterodyne 433mhz RF Wireless Transmitter Module for remote control adruino - Arduino e-shop","robots":{"index":"index","follow":"follow","max-snippet":"max-snippet:-1","max-image-preview":"max-image-preview:large","max-video-preview":"max-video-preview:-1"},"canonical":"https:\/\/www.onetimenexttime.sk\/arduino\/index.php\/produkt\/superheterodyne-433mhz-rf-wireless-transmitter-module-for-remote-control-adruino\/","og_locale":"sk_SK","og_type":"article","og_title":"superheterodyne 433mhz RF Wireless Transmitter Module for remote control adruino - Arduino e-shop","og_description":"&nbsp; Inform\u00e1cie o superheterodynovom 433 MHz RF bezdr\u00f4tovom vysiela\u010di Popis Bezdr\u00f4tov\u00fd RF vysiela\u010d s frekvenciou 433 MHz pre ovl\u00e1danie na&hellip;","og_url":"https:\/\/www.onetimenexttime.sk\/arduino\/index.php\/produkt\/superheterodyne-433mhz-rf-wireless-transmitter-module-for-remote-control-adruino\/","og_site_name":"Arduino e-shop","article_modified_time":"2024-02-22T17:18:42+00:00","og_image":[{"width":502,"height":504,"url":"https:\/\/www.onetimenexttime.sk\/arduino\/wp-content\/uploads\/2021\/10\/141.jpg","type":"image\/jpeg"}],"twitter_card":"summary_large_image","twitter_misc":{"Predpokladan\u00fd \u010das \u010d\u00edtania":"2 min\u00faty"},"schema":{"@context":"https:\/\/schema.org","@graph":[{"@type":"WebPage","@id":"https:\/\/www.onetimenexttime.sk\/arduino\/index.php\/produkt\/superheterodyne-433mhz-rf-wireless-transmitter-module-for-remote-control-adruino\/","url":"https:\/\/www.onetimenexttime.sk\/arduino\/index.php\/produkt\/superheterodyne-433mhz-rf-wireless-transmitter-module-for-remote-control-adruino\/","name":"superheterodyne 433mhz RF Wireless Transmitter Module for remote control adruino - Arduino e-shop","isPartOf":{"@id":"https:\/\/www.onetimenexttime.sk\/arduino\/#website"},"primaryImageOfPage":{"@id":"https:\/\/www.onetimenexttime.sk\/arduino\/index.php\/produkt\/superheterodyne-433mhz-rf-wireless-transmitter-module-for-remote-control-adruino\/#primaryimage"},"image":{"@id":"https:\/\/www.onetimenexttime.sk\/arduino\/index.php\/produkt\/superheterodyne-433mhz-rf-wireless-transmitter-module-for-remote-control-adruino\/#primaryimage"},"thumbnailUrl":"https:\/\/www.onetimenexttime.sk\/arduino\/wp-content\/uploads\/2021\/10\/141.jpg","datePublished":"2021-10-29T08:51:34+00:00","dateModified":"2024-02-22T17:18:42+00:00","breadcrumb":{"@id":"https:\/\/www.onetimenexttime.sk\/arduino\/index.php\/produkt\/superheterodyne-433mhz-rf-wireless-transmitter-module-for-remote-control-adruino\/#breadcrumb"},"inLanguage":"sk-SK","potentialAction":[{"@type":"ReadAction","target":["https:\/\/www.onetimenexttime.sk\/arduino\/index.php\/produkt\/superheterodyne-433mhz-rf-wireless-transmitter-module-for-remote-control-adruino\/"]}]},{"@type":"ImageObject","inLanguage":"sk-SK","@id":"https:\/\/www.onetimenexttime.sk\/arduino\/index.php\/produkt\/superheterodyne-433mhz-rf-wireless-transmitter-module-for-remote-control-adruino\/#primaryimage","url":"https:\/\/www.onetimenexttime.sk\/arduino\/wp-content\/uploads\/2021\/10\/141.jpg","contentUrl":"https:\/\/www.onetimenexttime.sk\/arduino\/wp-content\/uploads\/2021\/10\/141.jpg","width":502,"height":504},{"@type":"BreadcrumbList","@id":"https:\/\/www.onetimenexttime.sk\/arduino\/index.php\/produkt\/superheterodyne-433mhz-rf-wireless-transmitter-module-for-remote-control-adruino\/#breadcrumb","itemListElement":[{"@type":"ListItem","position":1,"name":"Domov","item":"https:\/\/www.onetimenexttime.sk\/arduino\/"},{"@type":"ListItem","position":2,"name":"Obchod","item":"https:\/\/www.onetimenexttime.sk\/arduino\/"},{"@type":"ListItem","position":3,"name":"superheterodyne 433mhz RF Wireless Transmitter Module for remote control adruino"}]},{"@type":"WebSite","@id":"https:\/\/www.onetimenexttime.sk\/arduino\/#website","url":"https:\/\/www.onetimenexttime.sk\/arduino\/","name":"Arduino e-shop","description":"Home Assistant","potentialAction":[{"@type":"SearchAction","target":{"@type":"EntryPoint","urlTemplate":"https:\/\/www.onetimenexttime.sk\/arduino\/?s={search_term_string}"},"query-input":{"@type":"PropertyValueSpecification","valueRequired":true,"valueName":"search_term_string"}}],"inLanguage":"sk-SK"}]}},"_links":{"self":[{"href":"https:\/\/www.onetimenexttime.sk\/arduino\/index.php\/wp-json\/wp\/v2\/product\/542"}],"collection":[{"href":"https:\/\/www.onetimenexttime.sk\/arduino\/index.php\/wp-json\/wp\/v2\/product"}],"about":[{"href":"https:\/\/www.onetimenexttime.sk\/arduino\/index.php\/wp-json\/wp\/v2\/types\/product"}],"wp:featuredmedia":[{"embeddable":true,"href":"https:\/\/www.onetimenexttime.sk\/arduino\/index.php\/wp-json\/wp\/v2\/media\/543"}],"wp:attachment":[{"href":"https:\/\/www.onetimenexttime.sk\/arduino\/index.php\/wp-json\/wp\/v2\/media?parent=542"}],"wp:term":[{"taxonomy":"product_cat","embeddable":true,"href":"https:\/\/www.onetimenexttime.sk\/arduino\/index.php\/wp-json\/wp\/v2\/product_cat?post=542"},{"taxonomy":"product_tag","embeddable":true,"href":"https:\/\/www.onetimenexttime.sk\/arduino\/index.php\/wp-json\/wp\/v2\/product_tag?post=542"}],"curies":[{"name":"wp","href":"https:\/\/api.w.org\/{rel}","templated":true}]}}