{"id":536,"date":"2021-10-29T08:21:38","date_gmt":"2021-10-29T06:21:38","guid":{"rendered":"https:\/\/www.onetimenexttime.sk\/arduino\/?post_type=product&#038;p=536"},"modified":"2021-10-29T08:24:19","modified_gmt":"2021-10-29T06:24:19","slug":"433mhz-ask-rf-module-kit-rf-transmitter-stx882-rf-receiver-srx8822-pcs-nickel-plated-spring-antenna","status":"publish","type":"product","link":"https:\/\/www.onetimenexttime.sk\/arduino\/index.php\/produkt\/433mhz-ask-rf-module-kit-rf-transmitter-stx882-rf-receiver-srx8822-pcs-nickel-plated-spring-antenna\/","title":{"rendered":"433MHz ASK RF Module kit (RF transmitter STX882+ RF receiver SRX882)+2 pcs nickel-plated spring antenna"},"content":{"rendered":"<h2>433MHz ASK RF Module kit (RF vysiela\u010d STX882+ RF prij\u00edma\u010d SRX882)+2 ks poniklovan\u00e1 pru\u017einov\u00e1 ant\u00e9na<\/h2>\n<p>STX882<\/p>\n<p>STX882 je lacn\u00fd modul vysiela\u010da ASK malej ve\u013ekosti s ultra vysok\u00fdm v\u00fdkonom a n\u00edzkou harmonickou. M\u00e1 vysok\u00fa stabilitu a vysok\u00fa cenu, pri v\u00fdkone 3,6V na dosiahnutie 50mW je v s\u00fa\u010dasnosti na trhu vysielac\u00ed modul ASK s rovnak\u00fdm nap\u00e4t\u00edm vysielacieho v\u00fdkonu. Modul je mo\u017en\u00e9 pripoji\u0165 priamo k mikrokontrol\u00e9ru. Tak\u017ee je to pohodlnej\u0161ie pre pou\u017e\u00edvate\u013eov vyv\u00edjaj\u00facich bezdr\u00f4tov\u00e9 produkty.<\/p>\n<p>&nbsp;<\/p>\n<p>SRX882<\/p>\n<p>SRX882 je super heterodynov\u00fd modul prij\u00edma\u010da so silnou hnacou silou. M\u00e1 vysok\u00fa stabilitu, odolnos\u0165 proti ru\u0161eniu a vysok\u00fa n\u00e1kladov\u00fa efekt\u00edvnos\u0165, ale m\u00e1 tie\u017e siln\u00fa hnaciu silu, certifikovan\u00fa ROHS, FCC, CE, Modul je mo\u017en\u00e9 pripoji\u0165 priamo k mikrokontrol\u00e9ru. Tak\u017ee je to pohodlnej\u0161ie pre pou\u017e\u00edvate\u013eov vyv\u00edjaj\u00facich bezdr\u00f4tov\u00e9 produkty<\/p>\n<p>&nbsp;<\/p>\n<p>SW433-TH32<\/p>\n<p>SW433-TH32 je meden\u00e1 pru\u017einov\u00e1 ant\u00e9na. Ide o vyhraden\u00fa ant\u00e9nu, ktor\u00e1 je \u0161peci\u00e1lne navrhnut\u00e1 pre bezdr\u00f4tov\u00fd komunika\u010dn\u00fd syst\u00e9m (433 MHz). M\u00e1 dobr\u00fa VSWR, mal\u00fa ve\u013ekos\u0165, d\u00f4myseln\u00fa \u0161trukt\u00faru, jednoduch\u00fa in\u0161tal\u00e1ciu, stabiln\u00fd v\u00fdkon, s dobrou antivibr\u00e1ciou a schopnos\u0165ou proti starnutiu.<\/p>\n","protected":false},"excerpt":{"rendered":"<p>433MHz ASK RF Module kit (RF vysiela\u010d STX882+ RF prij\u00edma\u010d SRX882)+2 ks poniklovan\u00e1 pru\u017einov\u00e1 ant\u00e9na STX882 STX882 je lacn\u00fd modul&hellip;<\/p>\n","protected":false},"featured_media":537,"template":"","meta":{"_monsterinsights_skip_tracking":false,"_monsterinsights_sitenote_active":false,"_monsterinsights_sitenote_note":"","_monsterinsights_sitenote_category":0},"product_cat":[16,34,29],"product_tag":[],"class_list":{"0":"post-536","1":"product","2":"type-product","3":"status-publish","4":"has-post-thumbnail","6":"product_cat-ard","7":"product_cat-rf","8":"product_cat-wireless-transmission","10":"first","11":"instock","12":"sale","13":"shipping-taxable","14":"purchasable","15":"product-type-simple"},"yoast_head":"<!-- This site is optimized with the Yoast SEO plugin v23.6 - https:\/\/yoast.com\/wordpress\/plugins\/seo\/ -->\n<title>433MHz ASK RF Module kit (RF transmitter STX882+ RF receiver SRX882)+2 pcs nickel-plated spring antenna - Arduino e-shop<\/title>\n<meta name=\"robots\" content=\"index, follow, max-snippet:-1, max-image-preview:large, max-video-preview:-1\" \/>\n<link rel=\"canonical\" href=\"https:\/\/www.onetimenexttime.sk\/arduino\/index.php\/produkt\/433mhz-ask-rf-module-kit-rf-transmitter-stx882-rf-receiver-srx8822-pcs-nickel-plated-spring-antenna\/\" \/>\n<meta property=\"og:locale\" content=\"sk_SK\" \/>\n<meta property=\"og:type\" content=\"article\" \/>\n<meta property=\"og:title\" content=\"433MHz ASK RF Module kit (RF transmitter STX882+ RF receiver SRX882)+2 pcs nickel-plated spring antenna - Arduino e-shop\" \/>\n<meta property=\"og:description\" content=\"433MHz ASK RF Module kit (RF vysiela\u010d STX882+ RF prij\u00edma\u010d SRX882)+2 ks poniklovan\u00e1 pru\u017einov\u00e1 ant\u00e9na STX882 STX882 je lacn\u00fd modul&hellip;\" \/>\n<meta property=\"og:url\" content=\"https:\/\/www.onetimenexttime.sk\/arduino\/index.php\/produkt\/433mhz-ask-rf-module-kit-rf-transmitter-stx882-rf-receiver-srx8822-pcs-nickel-plated-spring-antenna\/\" \/>\n<meta property=\"og:site_name\" content=\"Arduino e-shop\" \/>\n<meta property=\"article:modified_time\" content=\"2021-10-29T06:24:19+00:00\" \/>\n<meta property=\"og:image\" content=\"https:\/\/www.onetimenexttime.sk\/arduino\/wp-content\/uploads\/2021\/10\/128.jpg\" \/>\n\t<meta property=\"og:image:width\" content=\"502\" \/>\n\t<meta property=\"og:image:height\" content=\"504\" \/>\n\t<meta property=\"og:image:type\" content=\"image\/jpeg\" \/>\n<meta name=\"twitter:card\" content=\"summary_large_image\" \/>\n<meta name=\"twitter:label1\" content=\"Predpokladan\u00fd \u010das \u010d\u00edtania\" \/>\n\t<meta name=\"twitter:data1\" content=\"1 min\u00fata\" \/>\n<script type=\"application\/ld+json\" class=\"yoast-schema-graph\">{\"@context\":\"https:\/\/schema.org\",\"@graph\":[{\"@type\":\"WebPage\",\"@id\":\"https:\/\/www.onetimenexttime.sk\/arduino\/index.php\/produkt\/433mhz-ask-rf-module-kit-rf-transmitter-stx882-rf-receiver-srx8822-pcs-nickel-plated-spring-antenna\/\",\"url\":\"https:\/\/www.onetimenexttime.sk\/arduino\/index.php\/produkt\/433mhz-ask-rf-module-kit-rf-transmitter-stx882-rf-receiver-srx8822-pcs-nickel-plated-spring-antenna\/\",\"name\":\"433MHz ASK RF Module kit (RF transmitter STX882+ RF receiver SRX882)+2 pcs nickel-plated spring antenna - Arduino e-shop\",\"isPartOf\":{\"@id\":\"https:\/\/www.onetimenexttime.sk\/arduino\/#website\"},\"primaryImageOfPage\":{\"@id\":\"https:\/\/www.onetimenexttime.sk\/arduino\/index.php\/produkt\/433mhz-ask-rf-module-kit-rf-transmitter-stx882-rf-receiver-srx8822-pcs-nickel-plated-spring-antenna\/#primaryimage\"},\"image\":{\"@id\":\"https:\/\/www.onetimenexttime.sk\/arduino\/index.php\/produkt\/433mhz-ask-rf-module-kit-rf-transmitter-stx882-rf-receiver-srx8822-pcs-nickel-plated-spring-antenna\/#primaryimage\"},\"thumbnailUrl\":\"https:\/\/www.onetimenexttime.sk\/arduino\/wp-content\/uploads\/2021\/10\/128.jpg\",\"datePublished\":\"2021-10-29T06:21:38+00:00\",\"dateModified\":\"2021-10-29T06:24:19+00:00\",\"breadcrumb\":{\"@id\":\"https:\/\/www.onetimenexttime.sk\/arduino\/index.php\/produkt\/433mhz-ask-rf-module-kit-rf-transmitter-stx882-rf-receiver-srx8822-pcs-nickel-plated-spring-antenna\/#breadcrumb\"},\"inLanguage\":\"sk-SK\",\"potentialAction\":[{\"@type\":\"ReadAction\",\"target\":[\"https:\/\/www.onetimenexttime.sk\/arduino\/index.php\/produkt\/433mhz-ask-rf-module-kit-rf-transmitter-stx882-rf-receiver-srx8822-pcs-nickel-plated-spring-antenna\/\"]}]},{\"@type\":\"ImageObject\",\"inLanguage\":\"sk-SK\",\"@id\":\"https:\/\/www.onetimenexttime.sk\/arduino\/index.php\/produkt\/433mhz-ask-rf-module-kit-rf-transmitter-stx882-rf-receiver-srx8822-pcs-nickel-plated-spring-antenna\/#primaryimage\",\"url\":\"https:\/\/www.onetimenexttime.sk\/arduino\/wp-content\/uploads\/2021\/10\/128.jpg\",\"contentUrl\":\"https:\/\/www.onetimenexttime.sk\/arduino\/wp-content\/uploads\/2021\/10\/128.jpg\",\"width\":502,\"height\":504},{\"@type\":\"BreadcrumbList\",\"@id\":\"https:\/\/www.onetimenexttime.sk\/arduino\/index.php\/produkt\/433mhz-ask-rf-module-kit-rf-transmitter-stx882-rf-receiver-srx8822-pcs-nickel-plated-spring-antenna\/#breadcrumb\",\"itemListElement\":[{\"@type\":\"ListItem\",\"position\":1,\"name\":\"Domov\",\"item\":\"https:\/\/www.onetimenexttime.sk\/arduino\/\"},{\"@type\":\"ListItem\",\"position\":2,\"name\":\"Obchod\",\"item\":\"https:\/\/www.onetimenexttime.sk\/arduino\/\"},{\"@type\":\"ListItem\",\"position\":3,\"name\":\"433MHz ASK RF Module kit (RF transmitter STX882+ RF receiver SRX882)+2 pcs nickel-plated spring antenna\"}]},{\"@type\":\"WebSite\",\"@id\":\"https:\/\/www.onetimenexttime.sk\/arduino\/#website\",\"url\":\"https:\/\/www.onetimenexttime.sk\/arduino\/\",\"name\":\"Arduino e-shop\",\"description\":\"Home Assistant\",\"potentialAction\":[{\"@type\":\"SearchAction\",\"target\":{\"@type\":\"EntryPoint\",\"urlTemplate\":\"https:\/\/www.onetimenexttime.sk\/arduino\/?s={search_term_string}\"},\"query-input\":{\"@type\":\"PropertyValueSpecification\",\"valueRequired\":true,\"valueName\":\"search_term_string\"}}],\"inLanguage\":\"sk-SK\"}]}<\/script>\n<!-- \/ Yoast SEO plugin. -->","yoast_head_json":{"title":"433MHz ASK RF Module kit (RF transmitter STX882+ RF receiver SRX882)+2 pcs nickel-plated spring antenna - Arduino e-shop","robots":{"index":"index","follow":"follow","max-snippet":"max-snippet:-1","max-image-preview":"max-image-preview:large","max-video-preview":"max-video-preview:-1"},"canonical":"https:\/\/www.onetimenexttime.sk\/arduino\/index.php\/produkt\/433mhz-ask-rf-module-kit-rf-transmitter-stx882-rf-receiver-srx8822-pcs-nickel-plated-spring-antenna\/","og_locale":"sk_SK","og_type":"article","og_title":"433MHz ASK RF Module kit (RF transmitter STX882+ RF receiver SRX882)+2 pcs nickel-plated spring antenna - Arduino e-shop","og_description":"433MHz ASK RF Module kit (RF vysiela\u010d STX882+ RF prij\u00edma\u010d SRX882)+2 ks poniklovan\u00e1 pru\u017einov\u00e1 ant\u00e9na STX882 STX882 je lacn\u00fd modul&hellip;","og_url":"https:\/\/www.onetimenexttime.sk\/arduino\/index.php\/produkt\/433mhz-ask-rf-module-kit-rf-transmitter-stx882-rf-receiver-srx8822-pcs-nickel-plated-spring-antenna\/","og_site_name":"Arduino e-shop","article_modified_time":"2021-10-29T06:24:19+00:00","og_image":[{"width":502,"height":504,"url":"https:\/\/www.onetimenexttime.sk\/arduino\/wp-content\/uploads\/2021\/10\/128.jpg","type":"image\/jpeg"}],"twitter_card":"summary_large_image","twitter_misc":{"Predpokladan\u00fd \u010das \u010d\u00edtania":"1 min\u00fata"},"schema":{"@context":"https:\/\/schema.org","@graph":[{"@type":"WebPage","@id":"https:\/\/www.onetimenexttime.sk\/arduino\/index.php\/produkt\/433mhz-ask-rf-module-kit-rf-transmitter-stx882-rf-receiver-srx8822-pcs-nickel-plated-spring-antenna\/","url":"https:\/\/www.onetimenexttime.sk\/arduino\/index.php\/produkt\/433mhz-ask-rf-module-kit-rf-transmitter-stx882-rf-receiver-srx8822-pcs-nickel-plated-spring-antenna\/","name":"433MHz ASK RF Module kit (RF transmitter STX882+ RF receiver SRX882)+2 pcs nickel-plated spring antenna - Arduino e-shop","isPartOf":{"@id":"https:\/\/www.onetimenexttime.sk\/arduino\/#website"},"primaryImageOfPage":{"@id":"https:\/\/www.onetimenexttime.sk\/arduino\/index.php\/produkt\/433mhz-ask-rf-module-kit-rf-transmitter-stx882-rf-receiver-srx8822-pcs-nickel-plated-spring-antenna\/#primaryimage"},"image":{"@id":"https:\/\/www.onetimenexttime.sk\/arduino\/index.php\/produkt\/433mhz-ask-rf-module-kit-rf-transmitter-stx882-rf-receiver-srx8822-pcs-nickel-plated-spring-antenna\/#primaryimage"},"thumbnailUrl":"https:\/\/www.onetimenexttime.sk\/arduino\/wp-content\/uploads\/2021\/10\/128.jpg","datePublished":"2021-10-29T06:21:38+00:00","dateModified":"2021-10-29T06:24:19+00:00","breadcrumb":{"@id":"https:\/\/www.onetimenexttime.sk\/arduino\/index.php\/produkt\/433mhz-ask-rf-module-kit-rf-transmitter-stx882-rf-receiver-srx8822-pcs-nickel-plated-spring-antenna\/#breadcrumb"},"inLanguage":"sk-SK","potentialAction":[{"@type":"ReadAction","target":["https:\/\/www.onetimenexttime.sk\/arduino\/index.php\/produkt\/433mhz-ask-rf-module-kit-rf-transmitter-stx882-rf-receiver-srx8822-pcs-nickel-plated-spring-antenna\/"]}]},{"@type":"ImageObject","inLanguage":"sk-SK","@id":"https:\/\/www.onetimenexttime.sk\/arduino\/index.php\/produkt\/433mhz-ask-rf-module-kit-rf-transmitter-stx882-rf-receiver-srx8822-pcs-nickel-plated-spring-antenna\/#primaryimage","url":"https:\/\/www.onetimenexttime.sk\/arduino\/wp-content\/uploads\/2021\/10\/128.jpg","contentUrl":"https:\/\/www.onetimenexttime.sk\/arduino\/wp-content\/uploads\/2021\/10\/128.jpg","width":502,"height":504},{"@type":"BreadcrumbList","@id":"https:\/\/www.onetimenexttime.sk\/arduino\/index.php\/produkt\/433mhz-ask-rf-module-kit-rf-transmitter-stx882-rf-receiver-srx8822-pcs-nickel-plated-spring-antenna\/#breadcrumb","itemListElement":[{"@type":"ListItem","position":1,"name":"Domov","item":"https:\/\/www.onetimenexttime.sk\/arduino\/"},{"@type":"ListItem","position":2,"name":"Obchod","item":"https:\/\/www.onetimenexttime.sk\/arduino\/"},{"@type":"ListItem","position":3,"name":"433MHz ASK RF Module kit (RF transmitter STX882+ RF receiver SRX882)+2 pcs nickel-plated spring antenna"}]},{"@type":"WebSite","@id":"https:\/\/www.onetimenexttime.sk\/arduino\/#website","url":"https:\/\/www.onetimenexttime.sk\/arduino\/","name":"Arduino e-shop","description":"Home Assistant","potentialAction":[{"@type":"SearchAction","target":{"@type":"EntryPoint","urlTemplate":"https:\/\/www.onetimenexttime.sk\/arduino\/?s={search_term_string}"},"query-input":{"@type":"PropertyValueSpecification","valueRequired":true,"valueName":"search_term_string"}}],"inLanguage":"sk-SK"}]}},"_links":{"self":[{"href":"https:\/\/www.onetimenexttime.sk\/arduino\/index.php\/wp-json\/wp\/v2\/product\/536"}],"collection":[{"href":"https:\/\/www.onetimenexttime.sk\/arduino\/index.php\/wp-json\/wp\/v2\/product"}],"about":[{"href":"https:\/\/www.onetimenexttime.sk\/arduino\/index.php\/wp-json\/wp\/v2\/types\/product"}],"wp:featuredmedia":[{"embeddable":true,"href":"https:\/\/www.onetimenexttime.sk\/arduino\/index.php\/wp-json\/wp\/v2\/media\/537"}],"wp:attachment":[{"href":"https:\/\/www.onetimenexttime.sk\/arduino\/index.php\/wp-json\/wp\/v2\/media?parent=536"}],"wp:term":[{"taxonomy":"product_cat","embeddable":true,"href":"https:\/\/www.onetimenexttime.sk\/arduino\/index.php\/wp-json\/wp\/v2\/product_cat?post=536"},{"taxonomy":"product_tag","embeddable":true,"href":"https:\/\/www.onetimenexttime.sk\/arduino\/index.php\/wp-json\/wp\/v2\/product_tag?post=536"}],"curies":[{"name":"wp","href":"https:\/\/api.w.org\/{rel}","templated":true}]}}