{"id":530,"date":"2021-10-29T08:07:30","date_gmt":"2021-10-29T06:07:30","guid":{"rendered":"https:\/\/www.onetimenexttime.sk\/arduino\/?post_type=product&#038;p=530"},"modified":"2021-10-29T08:11:20","modified_gmt":"2021-10-29T06:11:20","slug":"esp8266-remote-serial-port-wifi-transceiver-wireless-module-esp-07-apsta","status":"publish","type":"product","link":"https:\/\/www.onetimenexttime.sk\/arduino\/index.php\/produkt\/esp8266-remote-serial-port-wifi-transceiver-wireless-module-esp-07-apsta\/","title":{"rendered":"ESP8266 Remote Serial Port WIFI Transceiver Wireless Module Esp-07 AP+STA"},"content":{"rendered":"<h2>ESP8266 Vzdialen\u00fd s\u00e9riov\u00fd port WIFI Transceiver Bezdr\u00f4tov\u00fd modul Esp-07 AP+STA<\/h2>\n<p>&nbsp;<\/p>\n<p>WIFI modul bezdr\u00f4tov\u00e9ho vysiela\u010da a prij\u00edma\u010da ESP8266<\/p>\n<p>ESP8266 Vzdialen\u00fd s\u00e9riov\u00fd port WIFI vysiela\u010d s prij\u00edma\u010dom Bezdr\u00f4tov\u00fd modul Esp-07 AP+STA WiFi modul<\/p>\n<p>\u010c\u00edslo modelu: ESP8266<\/p>\n<p>ISM: 2,4 GHz<\/p>\n<p>PA: +25 dbm<\/p>\n<p>802,11 b\/g\/n<\/p>\n<p>Tento modul vy\u017eaduje 3,3 V nap\u00e1janie pre VCC a 3,3 V logiku.<\/p>\n<p>Mus\u00edte poskytn\u00fa\u0165 samostatn\u00e9, vy\u0161\u0161ie 3,3 V nap\u00e1janie (pribli\u017ene 300 mA alebo lep\u0161ie)<\/p>\n<p>&nbsp;<\/p>\n","protected":false},"excerpt":{"rendered":"<p>ESP8266 Vzdialen\u00fd s\u00e9riov\u00fd port WIFI Transceiver Bezdr\u00f4tov\u00fd modul Esp-07 AP+STA &nbsp; WIFI modul bezdr\u00f4tov\u00e9ho vysiela\u010da a prij\u00edma\u010da ESP8266 ESP8266 Vzdialen\u00fd&hellip;<\/p>\n","protected":false},"featured_media":531,"template":"","meta":{"_monsterinsights_skip_tracking":false,"_monsterinsights_sitenote_active":false,"_monsterinsights_sitenote_note":"","_monsterinsights_sitenote_category":0},"product_cat":[16,33,29],"product_tag":[],"class_list":{"0":"post-530","1":"product","2":"type-product","3":"status-publish","4":"has-post-thumbnail","6":"product_cat-ard","7":"product_cat-wifi","8":"product_cat-wireless-transmission","10":"first","11":"instock","12":"shipping-taxable","13":"purchasable","14":"product-type-simple"},"yoast_head":"<!-- This site is optimized with the Yoast SEO plugin v23.6 - https:\/\/yoast.com\/wordpress\/plugins\/seo\/ -->\n<title>ESP8266 Remote Serial Port WIFI Transceiver Wireless Module Esp-07 AP+STA - Arduino e-shop<\/title>\n<meta name=\"robots\" content=\"index, follow, max-snippet:-1, max-image-preview:large, max-video-preview:-1\" \/>\n<link rel=\"canonical\" href=\"https:\/\/www.onetimenexttime.sk\/arduino\/index.php\/produkt\/esp8266-remote-serial-port-wifi-transceiver-wireless-module-esp-07-apsta\/\" \/>\n<meta property=\"og:locale\" content=\"sk_SK\" \/>\n<meta property=\"og:type\" content=\"article\" \/>\n<meta property=\"og:title\" content=\"ESP8266 Remote Serial Port WIFI Transceiver Wireless Module Esp-07 AP+STA - Arduino e-shop\" \/>\n<meta property=\"og:description\" content=\"ESP8266 Vzdialen\u00fd s\u00e9riov\u00fd port WIFI Transceiver Bezdr\u00f4tov\u00fd modul Esp-07 AP+STA &nbsp; WIFI modul bezdr\u00f4tov\u00e9ho vysiela\u010da a prij\u00edma\u010da ESP8266 ESP8266 Vzdialen\u00fd&hellip;\" \/>\n<meta property=\"og:url\" content=\"https:\/\/www.onetimenexttime.sk\/arduino\/index.php\/produkt\/esp8266-remote-serial-port-wifi-transceiver-wireless-module-esp-07-apsta\/\" \/>\n<meta property=\"og:site_name\" content=\"Arduino e-shop\" \/>\n<meta property=\"article:modified_time\" content=\"2021-10-29T06:11:20+00:00\" \/>\n<meta property=\"og:image\" content=\"https:\/\/www.onetimenexttime.sk\/arduino\/wp-content\/uploads\/2021\/10\/115.jpg\" \/>\n\t<meta property=\"og:image:width\" content=\"500\" \/>\n\t<meta property=\"og:image:height\" content=\"500\" \/>\n\t<meta property=\"og:image:type\" content=\"image\/jpeg\" \/>\n<meta name=\"twitter:card\" content=\"summary_large_image\" \/>\n<meta name=\"twitter:label1\" content=\"Predpokladan\u00fd \u010das \u010d\u00edtania\" \/>\n\t<meta name=\"twitter:data1\" content=\"1 min\u00fata\" \/>\n<script type=\"application\/ld+json\" class=\"yoast-schema-graph\">{\"@context\":\"https:\/\/schema.org\",\"@graph\":[{\"@type\":\"WebPage\",\"@id\":\"https:\/\/www.onetimenexttime.sk\/arduino\/index.php\/produkt\/esp8266-remote-serial-port-wifi-transceiver-wireless-module-esp-07-apsta\/\",\"url\":\"https:\/\/www.onetimenexttime.sk\/arduino\/index.php\/produkt\/esp8266-remote-serial-port-wifi-transceiver-wireless-module-esp-07-apsta\/\",\"name\":\"ESP8266 Remote Serial Port WIFI Transceiver Wireless Module Esp-07 AP+STA - Arduino e-shop\",\"isPartOf\":{\"@id\":\"https:\/\/www.onetimenexttime.sk\/arduino\/#website\"},\"primaryImageOfPage\":{\"@id\":\"https:\/\/www.onetimenexttime.sk\/arduino\/index.php\/produkt\/esp8266-remote-serial-port-wifi-transceiver-wireless-module-esp-07-apsta\/#primaryimage\"},\"image\":{\"@id\":\"https:\/\/www.onetimenexttime.sk\/arduino\/index.php\/produkt\/esp8266-remote-serial-port-wifi-transceiver-wireless-module-esp-07-apsta\/#primaryimage\"},\"thumbnailUrl\":\"https:\/\/www.onetimenexttime.sk\/arduino\/wp-content\/uploads\/2021\/10\/115.jpg\",\"datePublished\":\"2021-10-29T06:07:30+00:00\",\"dateModified\":\"2021-10-29T06:11:20+00:00\",\"breadcrumb\":{\"@id\":\"https:\/\/www.onetimenexttime.sk\/arduino\/index.php\/produkt\/esp8266-remote-serial-port-wifi-transceiver-wireless-module-esp-07-apsta\/#breadcrumb\"},\"inLanguage\":\"sk-SK\",\"potentialAction\":[{\"@type\":\"ReadAction\",\"target\":[\"https:\/\/www.onetimenexttime.sk\/arduino\/index.php\/produkt\/esp8266-remote-serial-port-wifi-transceiver-wireless-module-esp-07-apsta\/\"]}]},{\"@type\":\"ImageObject\",\"inLanguage\":\"sk-SK\",\"@id\":\"https:\/\/www.onetimenexttime.sk\/arduino\/index.php\/produkt\/esp8266-remote-serial-port-wifi-transceiver-wireless-module-esp-07-apsta\/#primaryimage\",\"url\":\"https:\/\/www.onetimenexttime.sk\/arduino\/wp-content\/uploads\/2021\/10\/115.jpg\",\"contentUrl\":\"https:\/\/www.onetimenexttime.sk\/arduino\/wp-content\/uploads\/2021\/10\/115.jpg\",\"width\":500,\"height\":500},{\"@type\":\"BreadcrumbList\",\"@id\":\"https:\/\/www.onetimenexttime.sk\/arduino\/index.php\/produkt\/esp8266-remote-serial-port-wifi-transceiver-wireless-module-esp-07-apsta\/#breadcrumb\",\"itemListElement\":[{\"@type\":\"ListItem\",\"position\":1,\"name\":\"Domov\",\"item\":\"https:\/\/www.onetimenexttime.sk\/arduino\/\"},{\"@type\":\"ListItem\",\"position\":2,\"name\":\"Obchod\",\"item\":\"https:\/\/www.onetimenexttime.sk\/arduino\/\"},{\"@type\":\"ListItem\",\"position\":3,\"name\":\"ESP8266 Remote Serial Port WIFI Transceiver Wireless Module Esp-07 AP+STA\"}]},{\"@type\":\"WebSite\",\"@id\":\"https:\/\/www.onetimenexttime.sk\/arduino\/#website\",\"url\":\"https:\/\/www.onetimenexttime.sk\/arduino\/\",\"name\":\"Arduino e-shop\",\"description\":\"Home Assistant\",\"potentialAction\":[{\"@type\":\"SearchAction\",\"target\":{\"@type\":\"EntryPoint\",\"urlTemplate\":\"https:\/\/www.onetimenexttime.sk\/arduino\/?s={search_term_string}\"},\"query-input\":{\"@type\":\"PropertyValueSpecification\",\"valueRequired\":true,\"valueName\":\"search_term_string\"}}],\"inLanguage\":\"sk-SK\"}]}<\/script>\n<!-- \/ Yoast SEO plugin. -->","yoast_head_json":{"title":"ESP8266 Remote Serial Port WIFI Transceiver Wireless Module Esp-07 AP+STA - Arduino e-shop","robots":{"index":"index","follow":"follow","max-snippet":"max-snippet:-1","max-image-preview":"max-image-preview:large","max-video-preview":"max-video-preview:-1"},"canonical":"https:\/\/www.onetimenexttime.sk\/arduino\/index.php\/produkt\/esp8266-remote-serial-port-wifi-transceiver-wireless-module-esp-07-apsta\/","og_locale":"sk_SK","og_type":"article","og_title":"ESP8266 Remote Serial Port WIFI Transceiver Wireless Module Esp-07 AP+STA - Arduino e-shop","og_description":"ESP8266 Vzdialen\u00fd s\u00e9riov\u00fd port WIFI Transceiver Bezdr\u00f4tov\u00fd modul Esp-07 AP+STA &nbsp; WIFI modul bezdr\u00f4tov\u00e9ho vysiela\u010da a prij\u00edma\u010da ESP8266 ESP8266 Vzdialen\u00fd&hellip;","og_url":"https:\/\/www.onetimenexttime.sk\/arduino\/index.php\/produkt\/esp8266-remote-serial-port-wifi-transceiver-wireless-module-esp-07-apsta\/","og_site_name":"Arduino e-shop","article_modified_time":"2021-10-29T06:11:20+00:00","og_image":[{"width":500,"height":500,"url":"https:\/\/www.onetimenexttime.sk\/arduino\/wp-content\/uploads\/2021\/10\/115.jpg","type":"image\/jpeg"}],"twitter_card":"summary_large_image","twitter_misc":{"Predpokladan\u00fd \u010das \u010d\u00edtania":"1 min\u00fata"},"schema":{"@context":"https:\/\/schema.org","@graph":[{"@type":"WebPage","@id":"https:\/\/www.onetimenexttime.sk\/arduino\/index.php\/produkt\/esp8266-remote-serial-port-wifi-transceiver-wireless-module-esp-07-apsta\/","url":"https:\/\/www.onetimenexttime.sk\/arduino\/index.php\/produkt\/esp8266-remote-serial-port-wifi-transceiver-wireless-module-esp-07-apsta\/","name":"ESP8266 Remote Serial Port WIFI Transceiver Wireless Module Esp-07 AP+STA - Arduino e-shop","isPartOf":{"@id":"https:\/\/www.onetimenexttime.sk\/arduino\/#website"},"primaryImageOfPage":{"@id":"https:\/\/www.onetimenexttime.sk\/arduino\/index.php\/produkt\/esp8266-remote-serial-port-wifi-transceiver-wireless-module-esp-07-apsta\/#primaryimage"},"image":{"@id":"https:\/\/www.onetimenexttime.sk\/arduino\/index.php\/produkt\/esp8266-remote-serial-port-wifi-transceiver-wireless-module-esp-07-apsta\/#primaryimage"},"thumbnailUrl":"https:\/\/www.onetimenexttime.sk\/arduino\/wp-content\/uploads\/2021\/10\/115.jpg","datePublished":"2021-10-29T06:07:30+00:00","dateModified":"2021-10-29T06:11:20+00:00","breadcrumb":{"@id":"https:\/\/www.onetimenexttime.sk\/arduino\/index.php\/produkt\/esp8266-remote-serial-port-wifi-transceiver-wireless-module-esp-07-apsta\/#breadcrumb"},"inLanguage":"sk-SK","potentialAction":[{"@type":"ReadAction","target":["https:\/\/www.onetimenexttime.sk\/arduino\/index.php\/produkt\/esp8266-remote-serial-port-wifi-transceiver-wireless-module-esp-07-apsta\/"]}]},{"@type":"ImageObject","inLanguage":"sk-SK","@id":"https:\/\/www.onetimenexttime.sk\/arduino\/index.php\/produkt\/esp8266-remote-serial-port-wifi-transceiver-wireless-module-esp-07-apsta\/#primaryimage","url":"https:\/\/www.onetimenexttime.sk\/arduino\/wp-content\/uploads\/2021\/10\/115.jpg","contentUrl":"https:\/\/www.onetimenexttime.sk\/arduino\/wp-content\/uploads\/2021\/10\/115.jpg","width":500,"height":500},{"@type":"BreadcrumbList","@id":"https:\/\/www.onetimenexttime.sk\/arduino\/index.php\/produkt\/esp8266-remote-serial-port-wifi-transceiver-wireless-module-esp-07-apsta\/#breadcrumb","itemListElement":[{"@type":"ListItem","position":1,"name":"Domov","item":"https:\/\/www.onetimenexttime.sk\/arduino\/"},{"@type":"ListItem","position":2,"name":"Obchod","item":"https:\/\/www.onetimenexttime.sk\/arduino\/"},{"@type":"ListItem","position":3,"name":"ESP8266 Remote Serial Port WIFI Transceiver Wireless Module Esp-07 AP+STA"}]},{"@type":"WebSite","@id":"https:\/\/www.onetimenexttime.sk\/arduino\/#website","url":"https:\/\/www.onetimenexttime.sk\/arduino\/","name":"Arduino e-shop","description":"Home Assistant","potentialAction":[{"@type":"SearchAction","target":{"@type":"EntryPoint","urlTemplate":"https:\/\/www.onetimenexttime.sk\/arduino\/?s={search_term_string}"},"query-input":{"@type":"PropertyValueSpecification","valueRequired":true,"valueName":"search_term_string"}}],"inLanguage":"sk-SK"}]}},"_links":{"self":[{"href":"https:\/\/www.onetimenexttime.sk\/arduino\/index.php\/wp-json\/wp\/v2\/product\/530"}],"collection":[{"href":"https:\/\/www.onetimenexttime.sk\/arduino\/index.php\/wp-json\/wp\/v2\/product"}],"about":[{"href":"https:\/\/www.onetimenexttime.sk\/arduino\/index.php\/wp-json\/wp\/v2\/types\/product"}],"wp:featuredmedia":[{"embeddable":true,"href":"https:\/\/www.onetimenexttime.sk\/arduino\/index.php\/wp-json\/wp\/v2\/media\/531"}],"wp:attachment":[{"href":"https:\/\/www.onetimenexttime.sk\/arduino\/index.php\/wp-json\/wp\/v2\/media?parent=530"}],"wp:term":[{"taxonomy":"product_cat","embeddable":true,"href":"https:\/\/www.onetimenexttime.sk\/arduino\/index.php\/wp-json\/wp\/v2\/product_cat?post=530"},{"taxonomy":"product_tag","embeddable":true,"href":"https:\/\/www.onetimenexttime.sk\/arduino\/index.php\/wp-json\/wp\/v2\/product_tag?post=530"}],"curies":[{"name":"wp","href":"https:\/\/api.w.org\/{rel}","templated":true}]}}