{"id":527,"date":"2021-10-29T08:02:12","date_gmt":"2021-10-29T06:02:12","guid":{"rendered":"https:\/\/www.onetimenexttime.sk\/arduino\/?post_type=product&#038;p=527"},"modified":"2021-10-29T08:06:28","modified_gmt":"2021-10-29T06:06:28","slug":"rf-module-433-mhz-superheterodyne-receiver-and-transmitter-support-ask-ook-small-size-low-power-kit-for-arduino-arm-mcu","status":"publish","type":"product","link":"https:\/\/www.onetimenexttime.sk\/arduino\/index.php\/produkt\/rf-module-433-mhz-superheterodyne-receiver-and-transmitter-support-ask-ook-small-size-low-power-kit-for-arduino-arm-mcu\/","title":{"rendered":"RF module 433 Mhz superheterodyne receiver and transmitter Support ASK OOK small size low power kit For Arduino\/ARM\/MCU"},"content":{"rendered":"<h2>RF modul 433 Mhz superheterodynov\u00fd prij\u00edma\u010d a vysiela\u010d Podpora ASK OOK mal\u00e1 s\u00faprava s n\u00edzkou spotrebou energie pre Arduino\/ARM\/MCU<\/h2>\n<p>1 sada RF modul 433 Mhz superheterodynov\u00fd prij\u00edma\u010d a vysiela\u010d Podpora ASK OOK mal\u00e1 s\u00faprava s n\u00edzkou spotrebou energie pre Arduino\/ARM\/MCU<\/p>\n<p><strong>Balenie obsahuje:<\/strong><br \/>\nModul prij\u00edma\u010da * 1ks<\/p>\n<p>Modul vysiela\u010da * 1ks<\/p>\n<p>Ant\u00e9na * 2ks (kr\u00e1tka ant\u00e9na pre vysiela\u010d, dlh\u00e1 ant\u00e9na pre prij\u00edma\u010d.)<\/p>\n<p><strong>Prostredie aplik\u00e1cie<\/strong><br \/>\nSp\u00edna\u010d dia\u013ekov\u00e9ho ovl\u00e1dania, modul prij\u00edma\u010da, motocykle, v\u00fdrobky proti kr\u00e1de\u017ei automobilov, v\u00fdrobky na zabezpe\u010denie dom\u00e1cnosti, elektrick\u00e9 dvere, \u017eal\u00fazie, okn\u00e1, z\u00e1suvka na dia\u013ekov\u00e9 ovl\u00e1danie, LED dia\u013ekov\u00e9 ovl\u00e1danie, elektrick\u00e9 dvere na dia\u013ekov\u00e9 ovl\u00e1danie zvuku, dia\u013ekov\u00e9 ovl\u00e1danie gar\u00e1\u017eov\u00fdch br\u00e1n, dia\u013ekov\u00e9 ovl\u00e1danie za\u0165ahovacie dvere, br\u00e1na na dia\u013ekov\u00e9 ovl\u00e1danie, posuvn\u00e9 dvere, otv\u00e1ra\u010d dver\u00ed na dia\u013ekov\u00e9 ovl\u00e1danie, syst\u00e9m ovl\u00e1dania zariadenia na zatv\u00e1ranie dver\u00ed, z\u00e1vesy na dia\u013ekov\u00e9 ovl\u00e1danie, alarm, alarm, elektrick\u00e9 aut\u00e1 na dia\u013ekov\u00e9 ovl\u00e1danie motocykla, dia\u013ekov\u00e9 ovl\u00e1danie MP3.<\/p>\n<p><strong>Popis produktu<\/strong><br \/>\n[Modul prij\u00edma\u010da] Model produktu: WL101-341<br \/>\nSuperheterodynov\u00fd modul bezdr\u00f4tov\u00e9ho prij\u00edma\u010da WL101-341 prij\u00edma UHF ASK demodul\u00e1tory podporuj\u00face modul\u00e1ciu ASK a OOK. Prij\u00edmac\u00ed modul m\u00e1 vysok\u00fa citlivos\u0165 (-110dBm),<br \/>\nN\u00edzka spotreba energie spolu s vysok\u00fdm dynamick\u00fdm rozsahom (viac ako 60 dB). Modul vyu\u017e\u00edva vysoko integrovan\u00fd \u010dip, vstavan\u00fd predn\u00fd n\u00edzko\u0161umov\u00fd zosil\u0148ova\u010d, mix\u00e9ry, filtre, obvod frekven\u010dn\u00e9ho syntetiz\u00e1tora at\u010f., ktor\u00e9 m\u00f4\u017eu maximalizova\u0165 optimaliz\u00e1ciu sign\u00e1lu.<\/p>\n<p><strong>Vlastnosti produktu<\/strong><br \/>\n1.Podpora modul\u00e1cie ASK \/ OOK, citlivos\u0165 prij\u00edma\u010da -110dBm;<br \/>\n2. Prev\u00e1dzkov\u00e1 frekvencia: 433,92 MHz, \u0161\u00edrka p\u00e1sma asi \u00b1 150 kHz;<br \/>\n3.rozsah vstupn\u00e9ho sie\u0165ov\u00e9ho nap\u00e4tia: 3.0V-5V;<br \/>\nPracovn\u00fd pr\u00fad: Typ :5.0mA (Po\u017eiadavka:VDD=5V) ; Typ: 6,0 mA (po\u017eiadavka: VDD=3V)<br \/>\n4. Pokojov\u00fd pr\u00fad: 1uA<br \/>\n5. N\u00edzka spotreba energie;<br \/>\n6. dobr\u00e1 selektivita a potla\u010denie falo\u0161n\u00e9ho \u017eiarenia a \u013eahko prejs\u0165 medzin\u00e1rodnou certifik\u00e1ciou CE \/ Fcc;<br \/>\n7. Dobr\u00e9 potla\u010denie vy\u017earovania lok\u00e1lneho oscil\u00e1tora, viacn\u00e1sobn\u00fd modul prij\u00edma\u010da, s ktor\u00fdm sa d\u00e1 pracova\u0165 (tj viac ako jeden pr\u00edjem) a nebud\u00fa sa navz\u00e1jom ru\u0161i\u0165, pou\u017e\u00edvan\u00e9 spolo\u010dne bez ovplyvnenia prij\u00edmacej vzdialenosti;<br \/>\n8. viacn\u00e1sobn\u00e9 prenosov\u00e9 r\u00fdchlosti, v\u0161eobecn\u00fd modul pre 2 kHz, a\u017e do 10 kHz;<br \/>\n9. Teplotn\u00fd rozsah: -40-85 \u00b0C<br \/>\n10. ultra mal\u00e1 ve\u013ekos\u0165 30,25 \u00d7 8,5 \u00d7 1 (mm) (mo\u017eno prisp\u00f4sobi\u0165 pod\u013ea z\u00e1kazn\u00edka)<br \/>\n11.Extern\u00e1 ant\u00e9na: 32CM jedno\u017eilov\u00fd dr\u00f4t, sto\u010den\u00fd do \u0161pir\u00e1ly<\/p>\n<p><strong>[Modul vysiela\u010da]<\/strong> Model produktu: WL102-341<br \/>\nVysielac\u00ed modul WL102-341 je UHF modulovan\u00fd vysiela\u010d ASK, podporuje modul\u00e1ciu ASK a OOK. Modul vysiela\u010da integruje anal\u00f3gov\u00fd obvod PLL a modula\u010dn\u00fd obvod ASK s vysokou \u00farov\u0148ou integr\u00e1cie at\u010f., M\u00f4\u017ee by\u0165 pou\u017eit\u00fd s bezdr\u00f4tovou komunik\u00e1ciou kr\u00e1tkeho dosahu. Pracovn\u00e1 frekvencia 433 MHz, vysielac\u00ed v\u00fdkon je v\u00e4\u010d\u0161\u00ed ako 11 dBm.<\/p>\n<p><strong>Vlastnosti produktu<\/strong><br \/>\n1.Podporujte modul\u00e1ciu ASK \/ OOK, vysielac\u00ed v\u00fdkon je v\u00e4\u010d\u0161\u00ed ako 11dBm;<br \/>\n2. Pracovn\u00e1 frekvencia: 433,92 MHz;<br \/>\n3. rozsah vstupn\u00e9ho nap\u00e4tia siete: 2,0V-3,6V;<br \/>\n4. pr\u00fad v re\u017eime vypnutia s n\u00edzkou spotrebou energie je men\u0161\u00ed ako 1uA;<br \/>\n5. prenosov\u00e1 r\u00fdchlos\u0165 do 20 kHz;<br \/>\n6. Vzdialenos\u0165 \u0161tartu: 20-100 metrov<br \/>\n7. Ve\u013ekos\u0165: 16* 12 * 1mm<br \/>\n8. extern\u00e1 ant\u00e9na: 25cm oby\u010dajn\u00e1 viac\u017eilov\u00e1 alebo jedno\u017eilov\u00e1 linka<br \/>\n9. Teplotn\u00fd rozsah: -45-85 \u00b0C<\/p>\n<p><strong>\u00a0<\/strong><br \/>\n<strong>Aplik\u00e1cie<\/strong><br \/>\n1. bezdr\u00f4tov\u00fd vyp\u00edna\u010d, z\u00e1suvka, vyp\u00edna\u010d dia\u013ekov\u00e9ho ovl\u00e1dania, modul prij\u00edma\u010da,<br \/>\n2. kontrola pr\u00edstupu, elektrick\u00e9 aut\u00e1, motocykle, v\u00fdrobky proti kr\u00e1de\u017ei automobilov, dia\u013ekov\u00e9 otv\u00e1ra\u010de dver\u00ed, riadiaci syst\u00e9m zatv\u00e1ra\u010dov<br \/>\n3. bezpe\u010dnos\u0165, monitorovacie syst\u00e9my, dom\u00e1ce bezpe\u010dnostn\u00e9 produkty, elektrick\u00e9 dvere, alarm hostite\u013e, alarm<br \/>\n4. ovl\u00e1danie izieb, \u017eal\u00fazie, okn\u00e1, z\u00e1suvka na dia\u013ekov\u00e9 ovl\u00e1danie, LED na dia\u013ekov\u00e9 ovl\u00e1danie, elektrick\u00e9 dvere na dia\u013ekov\u00e9 audio na dia\u013ekov\u00e9 ovl\u00e1danie, dia\u013ekov\u00e9 ovl\u00e1danie na gar\u00e1\u017eov\u00e9 br\u00e1ny, za\u0165ahovacie br\u00e1ny na dia\u013ekov\u00e9 ovl\u00e1danie, rolovacie br\u00e1ny na dia\u013ekov\u00e9 ovl\u00e1danie, posuvn\u00e9 dvere<br \/>\n5. inteligentn\u00e9 dom\u00e1ce produkty, z\u00e1vesy na dia\u013ekov\u00e9 ovl\u00e1danie, MP3 na dia\u013eku, audio<\/p>\n","protected":false},"excerpt":{"rendered":"<p>RF modul 433 Mhz superheterodynov\u00fd prij\u00edma\u010d a vysiela\u010d Podpora ASK OOK mal\u00e1 s\u00faprava s n\u00edzkou spotrebou energie pre Arduino\/ARM\/MCU 1&hellip;<\/p>\n","protected":false},"featured_media":528,"template":"","meta":{"_monsterinsights_skip_tracking":false,"_monsterinsights_sitenote_active":false,"_monsterinsights_sitenote_note":"","_monsterinsights_sitenote_category":0},"product_cat":[16,34,29],"product_tag":[],"class_list":{"0":"post-527","1":"product","2":"type-product","3":"status-publish","4":"has-post-thumbnail","6":"product_cat-ard","7":"product_cat-rf","8":"product_cat-wireless-transmission","10":"first","11":"instock","12":"sale","13":"shipping-taxable","14":"purchasable","15":"product-type-simple"},"yoast_head":"<!-- This site is optimized with the Yoast SEO plugin v23.6 - https:\/\/yoast.com\/wordpress\/plugins\/seo\/ -->\n<title>RF module 433 Mhz superheterodyne receiver and transmitter Support ASK OOK small size low power kit For Arduino\/ARM\/MCU - Arduino e-shop<\/title>\n<meta name=\"robots\" content=\"index, follow, max-snippet:-1, max-image-preview:large, max-video-preview:-1\" \/>\n<link rel=\"canonical\" href=\"https:\/\/www.onetimenexttime.sk\/arduino\/index.php\/produkt\/rf-module-433-mhz-superheterodyne-receiver-and-transmitter-support-ask-ook-small-size-low-power-kit-for-arduino-arm-mcu\/\" \/>\n<meta property=\"og:locale\" content=\"sk_SK\" \/>\n<meta property=\"og:type\" content=\"article\" \/>\n<meta property=\"og:title\" content=\"RF module 433 Mhz superheterodyne receiver and transmitter Support ASK OOK small size low power kit For Arduino\/ARM\/MCU - Arduino e-shop\" \/>\n<meta property=\"og:description\" content=\"RF modul 433 Mhz superheterodynov\u00fd prij\u00edma\u010d a vysiela\u010d Podpora ASK OOK mal\u00e1 s\u00faprava s n\u00edzkou spotrebou energie pre Arduino\/ARM\/MCU 1&hellip;\" \/>\n<meta property=\"og:url\" content=\"https:\/\/www.onetimenexttime.sk\/arduino\/index.php\/produkt\/rf-module-433-mhz-superheterodyne-receiver-and-transmitter-support-ask-ook-small-size-low-power-kit-for-arduino-arm-mcu\/\" \/>\n<meta property=\"og:site_name\" content=\"Arduino e-shop\" \/>\n<meta property=\"article:modified_time\" content=\"2021-10-29T06:06:28+00:00\" \/>\n<meta property=\"og:image\" content=\"https:\/\/www.onetimenexttime.sk\/arduino\/wp-content\/uploads\/2021\/10\/140.jpg\" \/>\n\t<meta property=\"og:image:width\" content=\"502\" \/>\n\t<meta property=\"og:image:height\" content=\"504\" \/>\n\t<meta property=\"og:image:type\" content=\"image\/jpeg\" \/>\n<meta name=\"twitter:card\" content=\"summary_large_image\" \/>\n<meta name=\"twitter:label1\" content=\"Predpokladan\u00fd \u010das \u010d\u00edtania\" \/>\n\t<meta name=\"twitter:data1\" content=\"3 min\u00faty\" \/>\n<script type=\"application\/ld+json\" class=\"yoast-schema-graph\">{\"@context\":\"https:\/\/schema.org\",\"@graph\":[{\"@type\":\"WebPage\",\"@id\":\"https:\/\/www.onetimenexttime.sk\/arduino\/index.php\/produkt\/rf-module-433-mhz-superheterodyne-receiver-and-transmitter-support-ask-ook-small-size-low-power-kit-for-arduino-arm-mcu\/\",\"url\":\"https:\/\/www.onetimenexttime.sk\/arduino\/index.php\/produkt\/rf-module-433-mhz-superheterodyne-receiver-and-transmitter-support-ask-ook-small-size-low-power-kit-for-arduino-arm-mcu\/\",\"name\":\"RF module 433 Mhz superheterodyne receiver and transmitter Support ASK OOK small size low power kit For Arduino\/ARM\/MCU - Arduino e-shop\",\"isPartOf\":{\"@id\":\"https:\/\/www.onetimenexttime.sk\/arduino\/#website\"},\"primaryImageOfPage\":{\"@id\":\"https:\/\/www.onetimenexttime.sk\/arduino\/index.php\/produkt\/rf-module-433-mhz-superheterodyne-receiver-and-transmitter-support-ask-ook-small-size-low-power-kit-for-arduino-arm-mcu\/#primaryimage\"},\"image\":{\"@id\":\"https:\/\/www.onetimenexttime.sk\/arduino\/index.php\/produkt\/rf-module-433-mhz-superheterodyne-receiver-and-transmitter-support-ask-ook-small-size-low-power-kit-for-arduino-arm-mcu\/#primaryimage\"},\"thumbnailUrl\":\"https:\/\/www.onetimenexttime.sk\/arduino\/wp-content\/uploads\/2021\/10\/140.jpg\",\"datePublished\":\"2021-10-29T06:02:12+00:00\",\"dateModified\":\"2021-10-29T06:06:28+00:00\",\"breadcrumb\":{\"@id\":\"https:\/\/www.onetimenexttime.sk\/arduino\/index.php\/produkt\/rf-module-433-mhz-superheterodyne-receiver-and-transmitter-support-ask-ook-small-size-low-power-kit-for-arduino-arm-mcu\/#breadcrumb\"},\"inLanguage\":\"sk-SK\",\"potentialAction\":[{\"@type\":\"ReadAction\",\"target\":[\"https:\/\/www.onetimenexttime.sk\/arduino\/index.php\/produkt\/rf-module-433-mhz-superheterodyne-receiver-and-transmitter-support-ask-ook-small-size-low-power-kit-for-arduino-arm-mcu\/\"]}]},{\"@type\":\"ImageObject\",\"inLanguage\":\"sk-SK\",\"@id\":\"https:\/\/www.onetimenexttime.sk\/arduino\/index.php\/produkt\/rf-module-433-mhz-superheterodyne-receiver-and-transmitter-support-ask-ook-small-size-low-power-kit-for-arduino-arm-mcu\/#primaryimage\",\"url\":\"https:\/\/www.onetimenexttime.sk\/arduino\/wp-content\/uploads\/2021\/10\/140.jpg\",\"contentUrl\":\"https:\/\/www.onetimenexttime.sk\/arduino\/wp-content\/uploads\/2021\/10\/140.jpg\",\"width\":502,\"height\":504},{\"@type\":\"BreadcrumbList\",\"@id\":\"https:\/\/www.onetimenexttime.sk\/arduino\/index.php\/produkt\/rf-module-433-mhz-superheterodyne-receiver-and-transmitter-support-ask-ook-small-size-low-power-kit-for-arduino-arm-mcu\/#breadcrumb\",\"itemListElement\":[{\"@type\":\"ListItem\",\"position\":1,\"name\":\"Domov\",\"item\":\"https:\/\/www.onetimenexttime.sk\/arduino\/\"},{\"@type\":\"ListItem\",\"position\":2,\"name\":\"Obchod\",\"item\":\"https:\/\/www.onetimenexttime.sk\/arduino\/\"},{\"@type\":\"ListItem\",\"position\":3,\"name\":\"RF module 433 Mhz superheterodyne receiver and transmitter Support ASK OOK small size low power kit For Arduino\/ARM\/MCU\"}]},{\"@type\":\"WebSite\",\"@id\":\"https:\/\/www.onetimenexttime.sk\/arduino\/#website\",\"url\":\"https:\/\/www.onetimenexttime.sk\/arduino\/\",\"name\":\"Arduino e-shop\",\"description\":\"Home Assistant\",\"potentialAction\":[{\"@type\":\"SearchAction\",\"target\":{\"@type\":\"EntryPoint\",\"urlTemplate\":\"https:\/\/www.onetimenexttime.sk\/arduino\/?s={search_term_string}\"},\"query-input\":{\"@type\":\"PropertyValueSpecification\",\"valueRequired\":true,\"valueName\":\"search_term_string\"}}],\"inLanguage\":\"sk-SK\"}]}<\/script>\n<!-- \/ Yoast SEO plugin. -->","yoast_head_json":{"title":"RF module 433 Mhz superheterodyne receiver and transmitter Support ASK OOK small size low power kit For Arduino\/ARM\/MCU - Arduino e-shop","robots":{"index":"index","follow":"follow","max-snippet":"max-snippet:-1","max-image-preview":"max-image-preview:large","max-video-preview":"max-video-preview:-1"},"canonical":"https:\/\/www.onetimenexttime.sk\/arduino\/index.php\/produkt\/rf-module-433-mhz-superheterodyne-receiver-and-transmitter-support-ask-ook-small-size-low-power-kit-for-arduino-arm-mcu\/","og_locale":"sk_SK","og_type":"article","og_title":"RF module 433 Mhz superheterodyne receiver and transmitter Support ASK OOK small size low power kit For Arduino\/ARM\/MCU - Arduino e-shop","og_description":"RF modul 433 Mhz superheterodynov\u00fd prij\u00edma\u010d a vysiela\u010d Podpora ASK OOK mal\u00e1 s\u00faprava s n\u00edzkou spotrebou energie pre Arduino\/ARM\/MCU 1&hellip;","og_url":"https:\/\/www.onetimenexttime.sk\/arduino\/index.php\/produkt\/rf-module-433-mhz-superheterodyne-receiver-and-transmitter-support-ask-ook-small-size-low-power-kit-for-arduino-arm-mcu\/","og_site_name":"Arduino e-shop","article_modified_time":"2021-10-29T06:06:28+00:00","og_image":[{"width":502,"height":504,"url":"https:\/\/www.onetimenexttime.sk\/arduino\/wp-content\/uploads\/2021\/10\/140.jpg","type":"image\/jpeg"}],"twitter_card":"summary_large_image","twitter_misc":{"Predpokladan\u00fd \u010das \u010d\u00edtania":"3 min\u00faty"},"schema":{"@context":"https:\/\/schema.org","@graph":[{"@type":"WebPage","@id":"https:\/\/www.onetimenexttime.sk\/arduino\/index.php\/produkt\/rf-module-433-mhz-superheterodyne-receiver-and-transmitter-support-ask-ook-small-size-low-power-kit-for-arduino-arm-mcu\/","url":"https:\/\/www.onetimenexttime.sk\/arduino\/index.php\/produkt\/rf-module-433-mhz-superheterodyne-receiver-and-transmitter-support-ask-ook-small-size-low-power-kit-for-arduino-arm-mcu\/","name":"RF module 433 Mhz superheterodyne receiver and transmitter Support ASK OOK small size low power kit For Arduino\/ARM\/MCU - Arduino e-shop","isPartOf":{"@id":"https:\/\/www.onetimenexttime.sk\/arduino\/#website"},"primaryImageOfPage":{"@id":"https:\/\/www.onetimenexttime.sk\/arduino\/index.php\/produkt\/rf-module-433-mhz-superheterodyne-receiver-and-transmitter-support-ask-ook-small-size-low-power-kit-for-arduino-arm-mcu\/#primaryimage"},"image":{"@id":"https:\/\/www.onetimenexttime.sk\/arduino\/index.php\/produkt\/rf-module-433-mhz-superheterodyne-receiver-and-transmitter-support-ask-ook-small-size-low-power-kit-for-arduino-arm-mcu\/#primaryimage"},"thumbnailUrl":"https:\/\/www.onetimenexttime.sk\/arduino\/wp-content\/uploads\/2021\/10\/140.jpg","datePublished":"2021-10-29T06:02:12+00:00","dateModified":"2021-10-29T06:06:28+00:00","breadcrumb":{"@id":"https:\/\/www.onetimenexttime.sk\/arduino\/index.php\/produkt\/rf-module-433-mhz-superheterodyne-receiver-and-transmitter-support-ask-ook-small-size-low-power-kit-for-arduino-arm-mcu\/#breadcrumb"},"inLanguage":"sk-SK","potentialAction":[{"@type":"ReadAction","target":["https:\/\/www.onetimenexttime.sk\/arduino\/index.php\/produkt\/rf-module-433-mhz-superheterodyne-receiver-and-transmitter-support-ask-ook-small-size-low-power-kit-for-arduino-arm-mcu\/"]}]},{"@type":"ImageObject","inLanguage":"sk-SK","@id":"https:\/\/www.onetimenexttime.sk\/arduino\/index.php\/produkt\/rf-module-433-mhz-superheterodyne-receiver-and-transmitter-support-ask-ook-small-size-low-power-kit-for-arduino-arm-mcu\/#primaryimage","url":"https:\/\/www.onetimenexttime.sk\/arduino\/wp-content\/uploads\/2021\/10\/140.jpg","contentUrl":"https:\/\/www.onetimenexttime.sk\/arduino\/wp-content\/uploads\/2021\/10\/140.jpg","width":502,"height":504},{"@type":"BreadcrumbList","@id":"https:\/\/www.onetimenexttime.sk\/arduino\/index.php\/produkt\/rf-module-433-mhz-superheterodyne-receiver-and-transmitter-support-ask-ook-small-size-low-power-kit-for-arduino-arm-mcu\/#breadcrumb","itemListElement":[{"@type":"ListItem","position":1,"name":"Domov","item":"https:\/\/www.onetimenexttime.sk\/arduino\/"},{"@type":"ListItem","position":2,"name":"Obchod","item":"https:\/\/www.onetimenexttime.sk\/arduino\/"},{"@type":"ListItem","position":3,"name":"RF module 433 Mhz superheterodyne receiver and transmitter Support ASK OOK small size low power kit For Arduino\/ARM\/MCU"}]},{"@type":"WebSite","@id":"https:\/\/www.onetimenexttime.sk\/arduino\/#website","url":"https:\/\/www.onetimenexttime.sk\/arduino\/","name":"Arduino e-shop","description":"Home Assistant","potentialAction":[{"@type":"SearchAction","target":{"@type":"EntryPoint","urlTemplate":"https:\/\/www.onetimenexttime.sk\/arduino\/?s={search_term_string}"},"query-input":{"@type":"PropertyValueSpecification","valueRequired":true,"valueName":"search_term_string"}}],"inLanguage":"sk-SK"}]}},"_links":{"self":[{"href":"https:\/\/www.onetimenexttime.sk\/arduino\/index.php\/wp-json\/wp\/v2\/product\/527"}],"collection":[{"href":"https:\/\/www.onetimenexttime.sk\/arduino\/index.php\/wp-json\/wp\/v2\/product"}],"about":[{"href":"https:\/\/www.onetimenexttime.sk\/arduino\/index.php\/wp-json\/wp\/v2\/types\/product"}],"wp:featuredmedia":[{"embeddable":true,"href":"https:\/\/www.onetimenexttime.sk\/arduino\/index.php\/wp-json\/wp\/v2\/media\/528"}],"wp:attachment":[{"href":"https:\/\/www.onetimenexttime.sk\/arduino\/index.php\/wp-json\/wp\/v2\/media?parent=527"}],"wp:term":[{"taxonomy":"product_cat","embeddable":true,"href":"https:\/\/www.onetimenexttime.sk\/arduino\/index.php\/wp-json\/wp\/v2\/product_cat?post=527"},{"taxonomy":"product_tag","embeddable":true,"href":"https:\/\/www.onetimenexttime.sk\/arduino\/index.php\/wp-json\/wp\/v2\/product_tag?post=527"}],"curies":[{"name":"wp","href":"https:\/\/api.w.org\/{rel}","templated":true}]}}