{"id":521,"date":"2021-10-29T07:47:10","date_gmt":"2021-10-29T05:47:10","guid":{"rendered":"https:\/\/www.onetimenexttime.sk\/arduino\/?post_type=product&#038;p=521"},"modified":"2023-03-01T18:23:42","modified_gmt":"2023-03-01T17:23:42","slug":"c1101-wireless-transceiver-module-350m-distance-transmission-433mhz-2500-nrf","status":"publish","type":"product","link":"https:\/\/www.onetimenexttime.sk\/arduino\/index.php\/produkt\/c1101-wireless-transceiver-module-350m-distance-transmission-433mhz-2500-nrf\/","title":{"rendered":"Cc1101 Wireless Transceiver Module 350M Distance Transmission 433Mhz\/2500\/NRF"},"content":{"rendered":"<h2>Cc1101 modul bezdr\u00f4tov\u00e9ho vysiela\u010da a prij\u00edma\u010da 350M Prenos na vzdialenos\u0165 433 MHz\/2500\/NRF<\/h2>\n<p><a href=\"https:\/\/www.ti.com\/lit\/ds\/symlink\/cc1101.pdf\">https:\/\/www.ti.com\/lit\/ds\/symlink\/cc1101.pdf<\/a><\/p>\n<p>ER-WRF11010R<\/p>\n<p>433MHz RF modul vysiela\u010da a prij\u00edma\u010da CC1101 (ER-WRF11010R)<\/p>\n<div id=\"productDescription\" class=\"biggerText\">CC1101 je lacn\u00fd transceiver pod 1 GHz navrhnut\u00fd pre bezdr\u00f4tov\u00e9 aplik\u00e1cie s ve\u013emi n\u00edzkou spotrebou.\u00a0Obvod je ur\u010den\u00fd hlavne pre frekven\u010dn\u00e9 p\u00e1sma ISM (Industrial, Scientific and Medical) a SRD (Short Range Device) na 315, 433, 868 a 915 MHz, ale d\u00e1 sa jednoducho naprogramova\u0165 na prev\u00e1dzku na in\u00fdch frekvenci\u00e1ch v rozsahu 300-348 MHz. , 387-464 MHz a 779-928 MHz p\u00e1sma.<\/div>\n<div class=\"biggerText\"><\/div>\n<div>\n<ul>\n<li>Vstupn\u00e9 nap\u00e4tie: 3,3V<\/li>\n<li>maxim\u00e1lna prev\u00e1dzkov\u00e1 r\u00fdchlos\u0165: 500 kbps, podpora modul\u00e1cie 2-FSK, GFSK a MSK<\/li>\n<li>mo\u017eno softv\u00e9rovo upravova\u0165 prenosov\u00fa r\u00fdchlos\u0165, v\u00fdkon, frekvenciu a \u010fal\u0161ie s\u00favisiace parametre<\/li>\n<li>vysok\u00e1 citlivos\u0165 (&lt;1,2 kbps -110dDm, 0,1% chybovos\u0165 paketov)<\/li>\n<li>Detekcia ch\u00fdb CRC a vstavan\u00e9 riadenie viacbodovej komunik\u00e1cie s hardv\u00e9rovou adresou<\/li>\n<li>ni\u017e\u0161ia spotreba pr\u00fadu (RX, 15,6 mA; 2,4 kbps, 433 MHz)<\/li>\n<li>programovate\u013en\u00e9 ovl\u00e1danie v\u00fdstupn\u00e9ho v\u00fdkonu, maxim\u00e1lny v\u00fdstupn\u00fd v\u00fdkon +10dBm<\/li>\n<li>\u0161tandardn\u00e9 2,0 mm DIP rozstupov\u00e9 rozhrania pre vstavan\u00e9 aplik\u00e1cie<\/li>\n<li>samostatn\u00e9 64-bajtov\u00e9 RX a TX d\u00e1tov\u00e9 FIFO<\/li>\n<li>Prenosov\u00e1 vzdialenos\u0165: 300 &#8211; 500 metrov (v z\u00e1vislosti od konkr\u00e9tnej situ\u00e1cie prostredia a prenosovej r\u00fdchlosti komunik\u00e1cie at\u010f.<\/li>\n<\/ul>\n<\/div>\n<p>&nbsp;<\/p>\n<p>1.S\u00faprava RF vysiela\u010da a prij\u00edma\u010da 433 MHz pre Arduino<br \/>\n2.Prev\u00e1dzkov\u00e9 nap\u00e4tie: DC5V<br \/>\n4.Prij\u00edmacia frekvencia: 433,92MHZ<br \/>\n5.Citlivos\u0165 prij\u00edma\u010da:-105DB<br \/>\n7.Extern\u00e1 ant\u00e9na: 32CM jedno\u017eilov\u00fd dr\u00f4t, sto\u010den\u00fd do \u0161pir\u00e1ly<br \/>\n2. Vzdialenos\u0165 spustenia: 350 metrov (r\u00f4zne nap\u00e4tie, r\u00f4zne v\u00fdsledky)<br \/>\n3.Prev\u00e1dzkov\u00e9 nap\u00e4tie :3,5-12V<br \/>\n5.Prev\u00e1dzkov\u00fd re\u017eim: AM<br \/>\n6. Prenosov\u00e1 r\u00fdchlos\u0165: 4KB\/S<br \/>\n7.Vysielac\u00ed v\u00fdkon: 10mW<br \/>\n8.Vysielacia frekvencia: 433M<br \/>\n9. Vonkaj\u0161ia ant\u00e9na: 25 cm oby\u010dajn\u00e1 viac\u017eilov\u00e1 alebo jedno\u017eilov\u00e1 linka<\/p>\n<p>&nbsp;<\/p>\n<p>&nbsp;<\/p>\n<p>&nbsp;<\/p>\n<div>\n<div><strong>Popisy:<\/strong><\/div>\n<div><\/div>\n<div>Vysok\u00e1 citlivos\u0165, spo\u013eahliv\u00e1 prenosov\u00e1 vzdialenos\u0165 do 350 m;<br \/>\nPrija\u0165 modul\u00e1ciu FSK, podporova\u0165 modul\u00e1ciu OOK \/ ASK \/ MSK;<br \/>\nNosn\u00e1 frekvencia 433 MHz, in\u00e9 p\u00e1smo ISM ako 315M\/868M\/915M je mo\u017en\u00e9 vytvori\u0165;<br \/>\nProgramovate\u013en\u00e1 r\u00fdchlos\u0165 prenosu riadiacich d\u00e1t a\u017e 500 kbps;<br \/>\nProgramovate\u013en\u00fd riadiaci v\u00fdstupn\u00fd v\u00fdkon m\u00f4\u017ee dosiahnu\u0165 +11dBm pre v\u0161etky podporn\u00e9 p\u00e1sma;<br \/>\nM\u00f4\u017ee flexibilne pride\u013eova\u0165 r\u00f4zne komunika\u010dn\u00e9 kan\u00e1ly, r\u00fdchle prep\u00ednanie frekvencie m\u00f4\u017ee uspokoji\u0165 potrebu syst\u00e9mu preskakovania frekvencie;<br \/>\nN\u00edzka spotreba energie: V\u00fdkon 11 mw, prij\u00edmac\u00ed pr\u00fad &lt; 15 mA, emisn\u00fd pr\u00fad &lt; 25 mA, spiaci pr\u00fad 2 uA;<br \/>\nD\u00e1tov\u00e1 vyrovn\u00e1vacia pam\u00e4\u0165, n\u00e1hly prenos d\u00e1t, v\u00fdstup RSSI d\u00e1t, indik\u00e1cia kvality spojenia;<br \/>\nPodpora automatick\u00e9ho pr\u00edstupu ku kan\u00e1lu \u010distenia (CCA) pred prenosom, syst\u00e9m detekcie nosi\u010da;<br \/>\nV\u00fdkonn\u00e9 digit\u00e1lne funkcie, m\u00f4\u017eu pou\u017ei\u0165 lacn\u00fd mikrokontrol\u00e9r na z\u00edskanie vysokov\u00fdkonn\u00e9ho RF syst\u00e9mu;<br \/>\nSadzba 10 000 za 350 m<\/div>\n<\/div>\n<p>&nbsp;<\/p>\n<p><a href=\"http:\/\/www.instructables.com\/id\/RF-315433-MHz-Transmitter-receiver-Module-and-Ardu\/?ALLSTEPS\">http:\/\/www.instructables.com\/id\/RF-315433-MHz-Transmitter-receiver-Module-<\/a><br \/>\n<a href=\"http:\/\/www.instructables.com\/id\/RF-315433-MHz-Transmitter-receiver-Module-and-Ardu\/?ALLSTEPS\">a-Ardu\/?ALLSTEPS<\/a><\/p>\n<p>&nbsp;<\/p>\n<p>&nbsp;<\/p>\n<p class=\"detail-desc-decorate-title\">ZELEN\u00c1<\/p>\n<p class=\"detail-desc-decorate-content\" data-spm-anchor-id=\"a2g0o.detail.1000023.i0.5ee16ce7X4Tk9X\">CC1101 Green Product \u00davod: Produkt vyu\u017e\u00edva \u010dip CC1101, ktor\u00fd m\u00f4\u017ee by\u0165 \u0161iroko pou\u017e\u00edvan\u00fd v IoT, priemyselnom riaden\u00ed, lek\u00e1rskom o\u0161etren\u00ed, bezpe\u010dnostnom alarme, zbere \u00fadajov, inteligentnom dome, \u010d\u00edtan\u00ed vodomerov a elektromerov a in\u00fdch pr\u00edle\u017eitostiach. Parametre produktu: (1) Citlivos\u0165 pr\u00edjmu: -116dBm\/0,6kbps (2) Pracovn\u00e1 teplota: -30\u2103\uff5e85\u2103. (3) Pracovn\u00e9 nap\u00e4tie: DC1.9\uff5e3.6V. (4) Komunika\u010dn\u00e1 vzdialenos\u0165: 380 metrov. (5) Maxim\u00e1lny v\u00fdkon: 10 mW. (6) Stredn\u00e1 frekvencia: 433 MHz. (7) Otvoren\u00e1 prenosov\u00e1 vzdialenos\u0165 je 300 metrov a\u017e 500 metrov. (8) Farba: zelen\u00e1. (9) Celkov\u00e1 d\u013a\u017eka produktu: 68,00 mm (vr\u00e1tane ant\u00e9ny) Vlastnosti: (1) Pomocou rozhrania SPI. (2) Funkcia bezdr\u00f4tov\u00e9ho budenia; podporuj\u00fa funkciu aktiv\u00e1cie elektrick\u00fdch uhl\u00edkov\u00fdch v\u013an s n\u00edzkym v\u00fdkonom, bezdr\u00f4tovo preb\u00fadzaj\u00fa zariadenia v stave sp\u00e1nku s n\u00edzkou spotrebou. (3) N\u00edzka spotreba pr\u00fadu: 15,6 mA v re\u017eime pr\u00edjmu, menej ako 0,5 uA v re\u017eime sp\u00e1nku. Funkcia \u0161pendl\u00edka: (1) GND: Z\u00e1porn\u00fd p\u00f3l nap\u00e1jacieho zdroja. (2) VCC: Kladn\u00e9 nap\u00e1janie. (3) CSN: Kol\u00edk v\u00fdberu \u010dipu modulu, ktor\u00fd sa pou\u017e\u00edva na spustenie komunik\u00e1cie SPI. (4) SCK: Modulov\u00e9 hodiny zbernice SPI. (5) MOSI: D\u00e1tov\u00fd vstupn\u00fd kol\u00edk modulu SPI. (6) MISO: v\u00fdstupn\u00fd kol\u00edk d\u00e1t modulu SPI. (7) GDO0: V\u00fdstupn\u00fd kol\u00edk inform\u00e1ci\u00ed o module. (8) GDO2: V\u00fdstupn\u00fd kol\u00edk inform\u00e1ci\u00ed o module.<\/p>\n<p>&nbsp;<\/p>\n<p><img decoding=\"async\" src=\"https:\/\/cdn2.botland.store\/18763-pdt_540\/cc1101-433-mhz-radio-module-waveshare.jpg\" alt=\"0.95inch RGB OLED (A) IC Test Board\" \/><\/p>\n<p>DATASHEET :\u00a0 https:\/\/botland.store\/index.php?controller=attachment&amp;id_attachment=1365<\/p>\n<p>&nbsp;<\/p>\n<table id=\"tabela_std\">\n<tbody>\n<tr>\n<th>PIN<\/th>\n<th>DESCRIPTION<\/th>\n<\/tr>\n<tr>\n<td><strong>SI<\/strong><\/td>\n<td>Data line of input SPI bus.<\/td>\n<\/tr>\n<tr>\n<td><strong>SCLK<\/strong><\/td>\n<td>Clock line of the SPI bus<\/td>\n<\/tr>\n<tr>\n<td><strong>S0<\/strong><\/td>\n<td>Output data line of the SPI bus.<\/p>\n<p>Additional I\/O line\u00a0of the general purpose when CSn pin is in the high status.<\/td>\n<\/tr>\n<tr>\n<td><strong>GD02<\/strong><\/td>\n<td>I\/O lines of general purpose. Details in<a href=\"https:\/\/botland.store\/index.php?controller=attachment&amp;id_attachment=1365\" target=\"_blank\" rel=\"noopener\">the documentation<\/a>.<\/td>\n<\/tr>\n<tr>\n<td><strong>GD00<\/strong><\/td>\n<td>I\/O lines of general purpose. Details in<a href=\"https:\/\/botland.store\/index.php?controller=attachment&amp;id_attachment=1365\" target=\"_blank\" rel=\"noopener\">the documentation<\/a>.<\/td>\n<\/tr>\n<tr>\n<td><strong>DNS<\/strong><\/td>\n<td>Chip Select &#8211; line activating the SPI\u00a0interface by the low status.<\/td>\n<\/tr>\n<\/tbody>\n<\/table>\n","protected":false},"excerpt":{"rendered":"<p>Cc1101 modul bezdr\u00f4tov\u00e9ho vysiela\u010da a prij\u00edma\u010da 350M Prenos na vzdialenos\u0165 433 MHz\/2500\/NRF https:\/\/www.ti.com\/lit\/ds\/symlink\/cc1101.pdf ER-WRF11010R 433MHz RF modul vysiela\u010da a prij\u00edma\u010da&hellip;<\/p>\n","protected":false},"featured_media":522,"template":"","meta":{"_monsterinsights_skip_tracking":false,"_monsterinsights_sitenote_active":false,"_monsterinsights_sitenote_note":"","_monsterinsights_sitenote_category":0},"product_cat":[16,34,29],"product_tag":[],"class_list":{"0":"post-521","1":"product","2":"type-product","3":"status-publish","4":"has-post-thumbnail","6":"product_cat-ard","7":"product_cat-rf","8":"product_cat-wireless-transmission","10":"first","11":"instock","12":"shipping-taxable","13":"purchasable","14":"product-type-simple"},"yoast_head":"<!-- This site is optimized with the Yoast SEO plugin v23.6 - https:\/\/yoast.com\/wordpress\/plugins\/seo\/ -->\n<title>Cc1101 Wireless Transceiver Module 350M Distance Transmission 433Mhz\/2500\/NRF - Arduino e-shop<\/title>\n<meta name=\"robots\" content=\"index, follow, max-snippet:-1, max-image-preview:large, max-video-preview:-1\" \/>\n<link rel=\"canonical\" href=\"https:\/\/www.onetimenexttime.sk\/arduino\/index.php\/produkt\/c1101-wireless-transceiver-module-350m-distance-transmission-433mhz-2500-nrf\/\" \/>\n<meta property=\"og:locale\" content=\"sk_SK\" \/>\n<meta property=\"og:type\" content=\"article\" \/>\n<meta property=\"og:title\" content=\"Cc1101 Wireless Transceiver Module 350M Distance Transmission 433Mhz\/2500\/NRF - Arduino e-shop\" \/>\n<meta property=\"og:description\" content=\"Cc1101 modul bezdr\u00f4tov\u00e9ho vysiela\u010da a prij\u00edma\u010da 350M Prenos na vzdialenos\u0165 433 MHz\/2500\/NRF https:\/\/www.ti.com\/lit\/ds\/symlink\/cc1101.pdf ER-WRF11010R 433MHz RF modul vysiela\u010da a prij\u00edma\u010da&hellip;\" \/>\n<meta property=\"og:url\" content=\"https:\/\/www.onetimenexttime.sk\/arduino\/index.php\/produkt\/c1101-wireless-transceiver-module-350m-distance-transmission-433mhz-2500-nrf\/\" \/>\n<meta property=\"og:site_name\" content=\"Arduino e-shop\" \/>\n<meta property=\"article:modified_time\" content=\"2023-03-01T17:23:42+00:00\" \/>\n<meta property=\"og:image\" content=\"https:\/\/www.onetimenexttime.sk\/arduino\/wp-content\/uploads\/2021\/10\/134.jpg\" \/>\n\t<meta property=\"og:image:width\" content=\"502\" \/>\n\t<meta property=\"og:image:height\" content=\"504\" \/>\n\t<meta property=\"og:image:type\" content=\"image\/jpeg\" \/>\n<meta name=\"twitter:card\" content=\"summary_large_image\" \/>\n<meta name=\"twitter:label1\" content=\"Predpokladan\u00fd \u010das \u010d\u00edtania\" \/>\n\t<meta name=\"twitter:data1\" content=\"3 min\u00faty\" \/>\n<script type=\"application\/ld+json\" class=\"yoast-schema-graph\">{\"@context\":\"https:\/\/schema.org\",\"@graph\":[{\"@type\":\"WebPage\",\"@id\":\"https:\/\/www.onetimenexttime.sk\/arduino\/index.php\/produkt\/c1101-wireless-transceiver-module-350m-distance-transmission-433mhz-2500-nrf\/\",\"url\":\"https:\/\/www.onetimenexttime.sk\/arduino\/index.php\/produkt\/c1101-wireless-transceiver-module-350m-distance-transmission-433mhz-2500-nrf\/\",\"name\":\"Cc1101 Wireless Transceiver Module 350M Distance Transmission 433Mhz\/2500\/NRF - Arduino e-shop\",\"isPartOf\":{\"@id\":\"https:\/\/www.onetimenexttime.sk\/arduino\/#website\"},\"primaryImageOfPage\":{\"@id\":\"https:\/\/www.onetimenexttime.sk\/arduino\/index.php\/produkt\/c1101-wireless-transceiver-module-350m-distance-transmission-433mhz-2500-nrf\/#primaryimage\"},\"image\":{\"@id\":\"https:\/\/www.onetimenexttime.sk\/arduino\/index.php\/produkt\/c1101-wireless-transceiver-module-350m-distance-transmission-433mhz-2500-nrf\/#primaryimage\"},\"thumbnailUrl\":\"https:\/\/www.onetimenexttime.sk\/arduino\/wp-content\/uploads\/2021\/10\/134.jpg\",\"datePublished\":\"2021-10-29T05:47:10+00:00\",\"dateModified\":\"2023-03-01T17:23:42+00:00\",\"breadcrumb\":{\"@id\":\"https:\/\/www.onetimenexttime.sk\/arduino\/index.php\/produkt\/c1101-wireless-transceiver-module-350m-distance-transmission-433mhz-2500-nrf\/#breadcrumb\"},\"inLanguage\":\"sk-SK\",\"potentialAction\":[{\"@type\":\"ReadAction\",\"target\":[\"https:\/\/www.onetimenexttime.sk\/arduino\/index.php\/produkt\/c1101-wireless-transceiver-module-350m-distance-transmission-433mhz-2500-nrf\/\"]}]},{\"@type\":\"ImageObject\",\"inLanguage\":\"sk-SK\",\"@id\":\"https:\/\/www.onetimenexttime.sk\/arduino\/index.php\/produkt\/c1101-wireless-transceiver-module-350m-distance-transmission-433mhz-2500-nrf\/#primaryimage\",\"url\":\"https:\/\/www.onetimenexttime.sk\/arduino\/wp-content\/uploads\/2021\/10\/134.jpg\",\"contentUrl\":\"https:\/\/www.onetimenexttime.sk\/arduino\/wp-content\/uploads\/2021\/10\/134.jpg\",\"width\":502,\"height\":504},{\"@type\":\"BreadcrumbList\",\"@id\":\"https:\/\/www.onetimenexttime.sk\/arduino\/index.php\/produkt\/c1101-wireless-transceiver-module-350m-distance-transmission-433mhz-2500-nrf\/#breadcrumb\",\"itemListElement\":[{\"@type\":\"ListItem\",\"position\":1,\"name\":\"Domov\",\"item\":\"https:\/\/www.onetimenexttime.sk\/arduino\/\"},{\"@type\":\"ListItem\",\"position\":2,\"name\":\"Obchod\",\"item\":\"https:\/\/www.onetimenexttime.sk\/arduino\/\"},{\"@type\":\"ListItem\",\"position\":3,\"name\":\"Cc1101 Wireless Transceiver Module 350M Distance Transmission 433Mhz\/2500\/NRF\"}]},{\"@type\":\"WebSite\",\"@id\":\"https:\/\/www.onetimenexttime.sk\/arduino\/#website\",\"url\":\"https:\/\/www.onetimenexttime.sk\/arduino\/\",\"name\":\"Arduino e-shop\",\"description\":\"Home Assistant\",\"potentialAction\":[{\"@type\":\"SearchAction\",\"target\":{\"@type\":\"EntryPoint\",\"urlTemplate\":\"https:\/\/www.onetimenexttime.sk\/arduino\/?s={search_term_string}\"},\"query-input\":{\"@type\":\"PropertyValueSpecification\",\"valueRequired\":true,\"valueName\":\"search_term_string\"}}],\"inLanguage\":\"sk-SK\"}]}<\/script>\n<!-- \/ Yoast SEO plugin. -->","yoast_head_json":{"title":"Cc1101 Wireless Transceiver Module 350M Distance Transmission 433Mhz\/2500\/NRF - Arduino e-shop","robots":{"index":"index","follow":"follow","max-snippet":"max-snippet:-1","max-image-preview":"max-image-preview:large","max-video-preview":"max-video-preview:-1"},"canonical":"https:\/\/www.onetimenexttime.sk\/arduino\/index.php\/produkt\/c1101-wireless-transceiver-module-350m-distance-transmission-433mhz-2500-nrf\/","og_locale":"sk_SK","og_type":"article","og_title":"Cc1101 Wireless Transceiver Module 350M Distance Transmission 433Mhz\/2500\/NRF - Arduino e-shop","og_description":"Cc1101 modul bezdr\u00f4tov\u00e9ho vysiela\u010da a prij\u00edma\u010da 350M Prenos na vzdialenos\u0165 433 MHz\/2500\/NRF https:\/\/www.ti.com\/lit\/ds\/symlink\/cc1101.pdf ER-WRF11010R 433MHz RF modul vysiela\u010da a prij\u00edma\u010da&hellip;","og_url":"https:\/\/www.onetimenexttime.sk\/arduino\/index.php\/produkt\/c1101-wireless-transceiver-module-350m-distance-transmission-433mhz-2500-nrf\/","og_site_name":"Arduino e-shop","article_modified_time":"2023-03-01T17:23:42+00:00","og_image":[{"width":502,"height":504,"url":"https:\/\/www.onetimenexttime.sk\/arduino\/wp-content\/uploads\/2021\/10\/134.jpg","type":"image\/jpeg"}],"twitter_card":"summary_large_image","twitter_misc":{"Predpokladan\u00fd \u010das \u010d\u00edtania":"3 min\u00faty"},"schema":{"@context":"https:\/\/schema.org","@graph":[{"@type":"WebPage","@id":"https:\/\/www.onetimenexttime.sk\/arduino\/index.php\/produkt\/c1101-wireless-transceiver-module-350m-distance-transmission-433mhz-2500-nrf\/","url":"https:\/\/www.onetimenexttime.sk\/arduino\/index.php\/produkt\/c1101-wireless-transceiver-module-350m-distance-transmission-433mhz-2500-nrf\/","name":"Cc1101 Wireless Transceiver Module 350M Distance Transmission 433Mhz\/2500\/NRF - Arduino e-shop","isPartOf":{"@id":"https:\/\/www.onetimenexttime.sk\/arduino\/#website"},"primaryImageOfPage":{"@id":"https:\/\/www.onetimenexttime.sk\/arduino\/index.php\/produkt\/c1101-wireless-transceiver-module-350m-distance-transmission-433mhz-2500-nrf\/#primaryimage"},"image":{"@id":"https:\/\/www.onetimenexttime.sk\/arduino\/index.php\/produkt\/c1101-wireless-transceiver-module-350m-distance-transmission-433mhz-2500-nrf\/#primaryimage"},"thumbnailUrl":"https:\/\/www.onetimenexttime.sk\/arduino\/wp-content\/uploads\/2021\/10\/134.jpg","datePublished":"2021-10-29T05:47:10+00:00","dateModified":"2023-03-01T17:23:42+00:00","breadcrumb":{"@id":"https:\/\/www.onetimenexttime.sk\/arduino\/index.php\/produkt\/c1101-wireless-transceiver-module-350m-distance-transmission-433mhz-2500-nrf\/#breadcrumb"},"inLanguage":"sk-SK","potentialAction":[{"@type":"ReadAction","target":["https:\/\/www.onetimenexttime.sk\/arduino\/index.php\/produkt\/c1101-wireless-transceiver-module-350m-distance-transmission-433mhz-2500-nrf\/"]}]},{"@type":"ImageObject","inLanguage":"sk-SK","@id":"https:\/\/www.onetimenexttime.sk\/arduino\/index.php\/produkt\/c1101-wireless-transceiver-module-350m-distance-transmission-433mhz-2500-nrf\/#primaryimage","url":"https:\/\/www.onetimenexttime.sk\/arduino\/wp-content\/uploads\/2021\/10\/134.jpg","contentUrl":"https:\/\/www.onetimenexttime.sk\/arduino\/wp-content\/uploads\/2021\/10\/134.jpg","width":502,"height":504},{"@type":"BreadcrumbList","@id":"https:\/\/www.onetimenexttime.sk\/arduino\/index.php\/produkt\/c1101-wireless-transceiver-module-350m-distance-transmission-433mhz-2500-nrf\/#breadcrumb","itemListElement":[{"@type":"ListItem","position":1,"name":"Domov","item":"https:\/\/www.onetimenexttime.sk\/arduino\/"},{"@type":"ListItem","position":2,"name":"Obchod","item":"https:\/\/www.onetimenexttime.sk\/arduino\/"},{"@type":"ListItem","position":3,"name":"Cc1101 Wireless Transceiver Module 350M Distance Transmission 433Mhz\/2500\/NRF"}]},{"@type":"WebSite","@id":"https:\/\/www.onetimenexttime.sk\/arduino\/#website","url":"https:\/\/www.onetimenexttime.sk\/arduino\/","name":"Arduino e-shop","description":"Home Assistant","potentialAction":[{"@type":"SearchAction","target":{"@type":"EntryPoint","urlTemplate":"https:\/\/www.onetimenexttime.sk\/arduino\/?s={search_term_string}"},"query-input":{"@type":"PropertyValueSpecification","valueRequired":true,"valueName":"search_term_string"}}],"inLanguage":"sk-SK"}]}},"_links":{"self":[{"href":"https:\/\/www.onetimenexttime.sk\/arduino\/index.php\/wp-json\/wp\/v2\/product\/521"}],"collection":[{"href":"https:\/\/www.onetimenexttime.sk\/arduino\/index.php\/wp-json\/wp\/v2\/product"}],"about":[{"href":"https:\/\/www.onetimenexttime.sk\/arduino\/index.php\/wp-json\/wp\/v2\/types\/product"}],"wp:featuredmedia":[{"embeddable":true,"href":"https:\/\/www.onetimenexttime.sk\/arduino\/index.php\/wp-json\/wp\/v2\/media\/522"}],"wp:attachment":[{"href":"https:\/\/www.onetimenexttime.sk\/arduino\/index.php\/wp-json\/wp\/v2\/media?parent=521"}],"wp:term":[{"taxonomy":"product_cat","embeddable":true,"href":"https:\/\/www.onetimenexttime.sk\/arduino\/index.php\/wp-json\/wp\/v2\/product_cat?post=521"},{"taxonomy":"product_tag","embeddable":true,"href":"https:\/\/www.onetimenexttime.sk\/arduino\/index.php\/wp-json\/wp\/v2\/product_tag?post=521"}],"curies":[{"name":"wp","href":"https:\/\/api.w.org\/{rel}","templated":true}]}}