{"id":519,"date":"2021-10-29T07:42:33","date_gmt":"2021-10-29T05:42:33","guid":{"rendered":"https:\/\/www.onetimenexttime.sk\/arduino\/?post_type=product&#038;p=519"},"modified":"2021-10-29T07:46:48","modified_gmt":"2021-10-29T05:46:48","slug":"125-khz-em4100-rfid-card-read-module-rdm630-uart","status":"publish","type":"product","link":"https:\/\/www.onetimenexttime.sk\/arduino\/index.php\/produkt\/125-khz-em4100-rfid-card-read-module-rdm630-uart\/","title":{"rendered":"125 KHZ EM4100 RFID card read module RDM630 UART"},"content":{"rendered":"<h2>125 KHZ EM4100 \u010d\u00edtac\u00ed modul RFID karty RDM630 UART<\/h2>\n<p>125Khz RFID \u010d\u00edtac\u00ed modul RDM6300 UART v\u00fdstupn\u00fd syst\u00e9m kontroly pr\u00edstupu<\/p>\n<p>R\u00fdchly preh\u013ead<br \/>\nMinimodul \u010d\u00edta\u010dky kariet RDM6300 125 kHz je ur\u010den\u00fd na \u010d\u00edtanie k\u00f3du z 125 kHz kariet kompatibiln\u00fdch tagov len na \u010d\u00edtanie a kariet na \u010d\u00edtanie\/z\u00e1pis. M\u00f4\u017ee by\u0165 pou\u017eit\u00fd v kancel\u00e1rskych\/dom\u00e1cich bezpe\u010dnostn\u00fdch syst\u00e9moch, osobnej identifik\u00e1cii, kontrole pr\u00edstupu, proti fal\u0161ovaniu, interakt\u00edvnych hra\u010dk\u00e1ch a syst\u00e9moch riadenia v\u00fdroby at\u010f.<br \/>\nPodrobnosti<br \/>\nPreh\u013ead<br \/>\nRDM6300 125KHz mini-modul \u010d\u00edta\u010dky kariet je ur\u010den\u00fd na \u010d\u00edtanie k\u00f3du z 125KHz kariet kompatibiln\u00fdch tagov len na \u010d\u00edtanie a kariet na \u010d\u00edtanie\/z\u00e1pis. M\u00f4\u017ee by\u0165 pou\u017eit\u00fd v kancel\u00e1rskych\/dom\u00e1cich bezpe\u010dnostn\u00fdch syst\u00e9moch, osobnej identifik\u00e1cii, kontrole pr\u00edstupu, proti fal\u0161ovaniu, interakt\u00edvnych hra\u010dk\u00e1ch a syst\u00e9moch riadenia v\u00fdroby at\u010f.<br \/>\nVlastnosti<br \/>\n\u00b7 Podpora externej ant\u00e9ny<br \/>\n\u00b7 Maxim\u00e1lna efekt\u00edvna vzdialenos\u0165 a\u017e 150 mm<br \/>\n\u00b7 Menej ako 100 ms dek\u00f3dovacieho \u010dasu<br \/>\n\u00b7 Rozhranie Uart<br \/>\n\u00b7 Podpora EM4100 kompatibiln\u00fdch zna\u010diek len na \u010d\u00edtanie alebo \u010d\u00edtanie\/z\u00e1pis<br \/>\n\u00b7 Mal\u00fd obrysov\u00fd dizajn<br \/>\nHardv\u00e9r<\/p>\n","protected":false},"excerpt":{"rendered":"<p>125 KHZ EM4100 \u010d\u00edtac\u00ed modul RFID karty RDM630 UART 125Khz RFID \u010d\u00edtac\u00ed modul RDM6300 UART v\u00fdstupn\u00fd syst\u00e9m kontroly pr\u00edstupu R\u00fdchly&hellip;<\/p>\n","protected":false},"featured_media":520,"template":"","meta":{"_monsterinsights_skip_tracking":false,"_monsterinsights_sitenote_active":false,"_monsterinsights_sitenote_note":"","_monsterinsights_sitenote_category":0},"product_cat":[16,31],"product_tag":[],"class_list":{"0":"post-519","1":"product","2":"type-product","3":"status-publish","4":"has-post-thumbnail","6":"product_cat-ard","7":"product_cat-rfid","9":"first","10":"instock","11":"sale","12":"shipping-taxable","13":"purchasable","14":"product-type-simple"},"yoast_head":"<!-- This site is optimized with the Yoast SEO plugin v23.6 - https:\/\/yoast.com\/wordpress\/plugins\/seo\/ -->\n<title>125 KHZ EM4100 RFID card read module RDM630 UART - Arduino e-shop<\/title>\n<meta name=\"robots\" content=\"index, follow, max-snippet:-1, max-image-preview:large, max-video-preview:-1\" \/>\n<link rel=\"canonical\" href=\"https:\/\/www.onetimenexttime.sk\/arduino\/index.php\/produkt\/125-khz-em4100-rfid-card-read-module-rdm630-uart\/\" \/>\n<meta property=\"og:locale\" content=\"sk_SK\" \/>\n<meta property=\"og:type\" content=\"article\" \/>\n<meta property=\"og:title\" content=\"125 KHZ EM4100 RFID card read module RDM630 UART - Arduino e-shop\" \/>\n<meta property=\"og:description\" content=\"125 KHZ EM4100 \u010d\u00edtac\u00ed modul RFID karty RDM630 UART 125Khz RFID \u010d\u00edtac\u00ed modul RDM6300 UART v\u00fdstupn\u00fd syst\u00e9m kontroly pr\u00edstupu R\u00fdchly&hellip;\" \/>\n<meta property=\"og:url\" content=\"https:\/\/www.onetimenexttime.sk\/arduino\/index.php\/produkt\/125-khz-em4100-rfid-card-read-module-rdm630-uart\/\" \/>\n<meta property=\"og:site_name\" content=\"Arduino e-shop\" \/>\n<meta property=\"article:modified_time\" content=\"2021-10-29T05:46:48+00:00\" \/>\n<meta property=\"og:image\" content=\"https:\/\/www.onetimenexttime.sk\/arduino\/wp-content\/uploads\/2021\/10\/111.jpg\" \/>\n\t<meta property=\"og:image:width\" content=\"502\" \/>\n\t<meta property=\"og:image:height\" content=\"504\" \/>\n\t<meta property=\"og:image:type\" content=\"image\/jpeg\" \/>\n<meta name=\"twitter:card\" content=\"summary_large_image\" \/>\n<meta name=\"twitter:label1\" content=\"Predpokladan\u00fd \u010das \u010d\u00edtania\" \/>\n\t<meta name=\"twitter:data1\" content=\"1 min\u00fata\" \/>\n<script type=\"application\/ld+json\" class=\"yoast-schema-graph\">{\"@context\":\"https:\/\/schema.org\",\"@graph\":[{\"@type\":\"WebPage\",\"@id\":\"https:\/\/www.onetimenexttime.sk\/arduino\/index.php\/produkt\/125-khz-em4100-rfid-card-read-module-rdm630-uart\/\",\"url\":\"https:\/\/www.onetimenexttime.sk\/arduino\/index.php\/produkt\/125-khz-em4100-rfid-card-read-module-rdm630-uart\/\",\"name\":\"125 KHZ EM4100 RFID card read module RDM630 UART - Arduino e-shop\",\"isPartOf\":{\"@id\":\"https:\/\/www.onetimenexttime.sk\/arduino\/#website\"},\"primaryImageOfPage\":{\"@id\":\"https:\/\/www.onetimenexttime.sk\/arduino\/index.php\/produkt\/125-khz-em4100-rfid-card-read-module-rdm630-uart\/#primaryimage\"},\"image\":{\"@id\":\"https:\/\/www.onetimenexttime.sk\/arduino\/index.php\/produkt\/125-khz-em4100-rfid-card-read-module-rdm630-uart\/#primaryimage\"},\"thumbnailUrl\":\"https:\/\/www.onetimenexttime.sk\/arduino\/wp-content\/uploads\/2021\/10\/111.jpg\",\"datePublished\":\"2021-10-29T05:42:33+00:00\",\"dateModified\":\"2021-10-29T05:46:48+00:00\",\"breadcrumb\":{\"@id\":\"https:\/\/www.onetimenexttime.sk\/arduino\/index.php\/produkt\/125-khz-em4100-rfid-card-read-module-rdm630-uart\/#breadcrumb\"},\"inLanguage\":\"sk-SK\",\"potentialAction\":[{\"@type\":\"ReadAction\",\"target\":[\"https:\/\/www.onetimenexttime.sk\/arduino\/index.php\/produkt\/125-khz-em4100-rfid-card-read-module-rdm630-uart\/\"]}]},{\"@type\":\"ImageObject\",\"inLanguage\":\"sk-SK\",\"@id\":\"https:\/\/www.onetimenexttime.sk\/arduino\/index.php\/produkt\/125-khz-em4100-rfid-card-read-module-rdm630-uart\/#primaryimage\",\"url\":\"https:\/\/www.onetimenexttime.sk\/arduino\/wp-content\/uploads\/2021\/10\/111.jpg\",\"contentUrl\":\"https:\/\/www.onetimenexttime.sk\/arduino\/wp-content\/uploads\/2021\/10\/111.jpg\",\"width\":502,\"height\":504},{\"@type\":\"BreadcrumbList\",\"@id\":\"https:\/\/www.onetimenexttime.sk\/arduino\/index.php\/produkt\/125-khz-em4100-rfid-card-read-module-rdm630-uart\/#breadcrumb\",\"itemListElement\":[{\"@type\":\"ListItem\",\"position\":1,\"name\":\"Domov\",\"item\":\"https:\/\/www.onetimenexttime.sk\/arduino\/\"},{\"@type\":\"ListItem\",\"position\":2,\"name\":\"Obchod\",\"item\":\"https:\/\/www.onetimenexttime.sk\/arduino\/\"},{\"@type\":\"ListItem\",\"position\":3,\"name\":\"125 KHZ EM4100 RFID card read module RDM630 UART\"}]},{\"@type\":\"WebSite\",\"@id\":\"https:\/\/www.onetimenexttime.sk\/arduino\/#website\",\"url\":\"https:\/\/www.onetimenexttime.sk\/arduino\/\",\"name\":\"Arduino e-shop\",\"description\":\"Home Assistant\",\"potentialAction\":[{\"@type\":\"SearchAction\",\"target\":{\"@type\":\"EntryPoint\",\"urlTemplate\":\"https:\/\/www.onetimenexttime.sk\/arduino\/?s={search_term_string}\"},\"query-input\":{\"@type\":\"PropertyValueSpecification\",\"valueRequired\":true,\"valueName\":\"search_term_string\"}}],\"inLanguage\":\"sk-SK\"}]}<\/script>\n<!-- \/ Yoast SEO plugin. -->","yoast_head_json":{"title":"125 KHZ EM4100 RFID card read module RDM630 UART - Arduino e-shop","robots":{"index":"index","follow":"follow","max-snippet":"max-snippet:-1","max-image-preview":"max-image-preview:large","max-video-preview":"max-video-preview:-1"},"canonical":"https:\/\/www.onetimenexttime.sk\/arduino\/index.php\/produkt\/125-khz-em4100-rfid-card-read-module-rdm630-uart\/","og_locale":"sk_SK","og_type":"article","og_title":"125 KHZ EM4100 RFID card read module RDM630 UART - Arduino e-shop","og_description":"125 KHZ EM4100 \u010d\u00edtac\u00ed modul RFID karty RDM630 UART 125Khz RFID \u010d\u00edtac\u00ed modul RDM6300 UART v\u00fdstupn\u00fd syst\u00e9m kontroly pr\u00edstupu R\u00fdchly&hellip;","og_url":"https:\/\/www.onetimenexttime.sk\/arduino\/index.php\/produkt\/125-khz-em4100-rfid-card-read-module-rdm630-uart\/","og_site_name":"Arduino e-shop","article_modified_time":"2021-10-29T05:46:48+00:00","og_image":[{"width":502,"height":504,"url":"https:\/\/www.onetimenexttime.sk\/arduino\/wp-content\/uploads\/2021\/10\/111.jpg","type":"image\/jpeg"}],"twitter_card":"summary_large_image","twitter_misc":{"Predpokladan\u00fd \u010das \u010d\u00edtania":"1 min\u00fata"},"schema":{"@context":"https:\/\/schema.org","@graph":[{"@type":"WebPage","@id":"https:\/\/www.onetimenexttime.sk\/arduino\/index.php\/produkt\/125-khz-em4100-rfid-card-read-module-rdm630-uart\/","url":"https:\/\/www.onetimenexttime.sk\/arduino\/index.php\/produkt\/125-khz-em4100-rfid-card-read-module-rdm630-uart\/","name":"125 KHZ EM4100 RFID card read module RDM630 UART - Arduino e-shop","isPartOf":{"@id":"https:\/\/www.onetimenexttime.sk\/arduino\/#website"},"primaryImageOfPage":{"@id":"https:\/\/www.onetimenexttime.sk\/arduino\/index.php\/produkt\/125-khz-em4100-rfid-card-read-module-rdm630-uart\/#primaryimage"},"image":{"@id":"https:\/\/www.onetimenexttime.sk\/arduino\/index.php\/produkt\/125-khz-em4100-rfid-card-read-module-rdm630-uart\/#primaryimage"},"thumbnailUrl":"https:\/\/www.onetimenexttime.sk\/arduino\/wp-content\/uploads\/2021\/10\/111.jpg","datePublished":"2021-10-29T05:42:33+00:00","dateModified":"2021-10-29T05:46:48+00:00","breadcrumb":{"@id":"https:\/\/www.onetimenexttime.sk\/arduino\/index.php\/produkt\/125-khz-em4100-rfid-card-read-module-rdm630-uart\/#breadcrumb"},"inLanguage":"sk-SK","potentialAction":[{"@type":"ReadAction","target":["https:\/\/www.onetimenexttime.sk\/arduino\/index.php\/produkt\/125-khz-em4100-rfid-card-read-module-rdm630-uart\/"]}]},{"@type":"ImageObject","inLanguage":"sk-SK","@id":"https:\/\/www.onetimenexttime.sk\/arduino\/index.php\/produkt\/125-khz-em4100-rfid-card-read-module-rdm630-uart\/#primaryimage","url":"https:\/\/www.onetimenexttime.sk\/arduino\/wp-content\/uploads\/2021\/10\/111.jpg","contentUrl":"https:\/\/www.onetimenexttime.sk\/arduino\/wp-content\/uploads\/2021\/10\/111.jpg","width":502,"height":504},{"@type":"BreadcrumbList","@id":"https:\/\/www.onetimenexttime.sk\/arduino\/index.php\/produkt\/125-khz-em4100-rfid-card-read-module-rdm630-uart\/#breadcrumb","itemListElement":[{"@type":"ListItem","position":1,"name":"Domov","item":"https:\/\/www.onetimenexttime.sk\/arduino\/"},{"@type":"ListItem","position":2,"name":"Obchod","item":"https:\/\/www.onetimenexttime.sk\/arduino\/"},{"@type":"ListItem","position":3,"name":"125 KHZ EM4100 RFID card read module RDM630 UART"}]},{"@type":"WebSite","@id":"https:\/\/www.onetimenexttime.sk\/arduino\/#website","url":"https:\/\/www.onetimenexttime.sk\/arduino\/","name":"Arduino e-shop","description":"Home Assistant","potentialAction":[{"@type":"SearchAction","target":{"@type":"EntryPoint","urlTemplate":"https:\/\/www.onetimenexttime.sk\/arduino\/?s={search_term_string}"},"query-input":{"@type":"PropertyValueSpecification","valueRequired":true,"valueName":"search_term_string"}}],"inLanguage":"sk-SK"}]}},"_links":{"self":[{"href":"https:\/\/www.onetimenexttime.sk\/arduino\/index.php\/wp-json\/wp\/v2\/product\/519"}],"collection":[{"href":"https:\/\/www.onetimenexttime.sk\/arduino\/index.php\/wp-json\/wp\/v2\/product"}],"about":[{"href":"https:\/\/www.onetimenexttime.sk\/arduino\/index.php\/wp-json\/wp\/v2\/types\/product"}],"wp:featuredmedia":[{"embeddable":true,"href":"https:\/\/www.onetimenexttime.sk\/arduino\/index.php\/wp-json\/wp\/v2\/media\/520"}],"wp:attachment":[{"href":"https:\/\/www.onetimenexttime.sk\/arduino\/index.php\/wp-json\/wp\/v2\/media?parent=519"}],"wp:term":[{"taxonomy":"product_cat","embeddable":true,"href":"https:\/\/www.onetimenexttime.sk\/arduino\/index.php\/wp-json\/wp\/v2\/product_cat?post=519"},{"taxonomy":"product_tag","embeddable":true,"href":"https:\/\/www.onetimenexttime.sk\/arduino\/index.php\/wp-json\/wp\/v2\/product_tag?post=519"}],"curies":[{"name":"wp","href":"https:\/\/api.w.org\/{rel}","templated":true}]}}