{"id":516,"date":"2021-10-29T07:29:21","date_gmt":"2021-10-29T05:29:21","guid":{"rendered":"https:\/\/www.onetimenexttime.sk\/arduino\/?post_type=product&#038;p=516"},"modified":"2024-02-23T07:51:10","modified_gmt":"2024-02-23T06:51:10","slug":"bluetooth-zigbee-emulator-motherboard-artificial-device-cc-debugger-for-zigbee-support-2540-2541-2530-protocol","status":"publish","type":"product","link":"https:\/\/www.onetimenexttime.sk\/arduino\/index.php\/produkt\/bluetooth-zigbee-emulator-motherboard-artificial-device-cc-debugger-for-zigbee-support-2540-2541-2530-protocol\/","title":{"rendered":"Bluetooth Zigbee Emulator Motherboard Artificial Device CC-Debugger For Zigbee Support 2540 2541 2530 Protocol"},"content":{"rendered":"<p>&nbsp;<\/p>\n<p>&nbsp;<\/p>\n<h1>Bluetooth Zigbee Emul\u00e1tor<\/h1>\n<table>\n<tbody>\n<tr>\n<th>Sekcia<\/th>\n<th>Popis<\/th>\n<\/tr>\n<tr>\n<td>Popis<\/td>\n<td>Bluetooth Zigbee Emul\u00e1tor je zariadenie navrhnut\u00e9 na emul\u00e1ciu r\u00f4znych protokolov ako Bluetooth, Zigbee a in\u00e9.<\/td>\n<\/tr>\n<tr>\n<td>Vlastnosti<\/td>\n<td>Zah\u0155\u0148a podporu pre protokoly 2540, 2541, 2530. Je mo\u017en\u00e9 pou\u017ei\u0165 ako motherboard pre umel\u00e9 zariadenie. Obsahuje CC-Debugger pre podporu Zigbee.<\/td>\n<\/tr>\n<tr>\n<td>\u0160pecifik\u00e1cie<\/td>\n<td>Zapojenie: USB, Kompatibilita: Bluetooth, Zigbee, Podporovan\u00e9 protokoly: 2540, 2541, 2530, Funkcie: Emul\u00e1cia protokolov, CC-Debugger.<\/td>\n<\/tr>\n<tr>\n<td>Pr\u00edklady pou\u017eitia<\/td>\n<td>Bluetooth Zigbee Emul\u00e1tor m\u00e1 \u0161irok\u00e9 spektrum pou\u017eitia, medzi ktor\u00e9 patria:<\/p>\n<ul>\n<li><strong>Testovanie aplik\u00e1ci\u00ed:<\/strong> Pou\u017eitie emul\u00e1tora na simul\u00e1ciu Bluetooth alebo Zigbee zariaden\u00ed umo\u017e\u0148uje testova\u0165 softv\u00e9r a aplik\u00e1cie, ktor\u00e9 s nimi komunikuj\u00fa, bez potreby skuto\u010dn\u00fdch fyzick\u00fdch zariaden\u00ed.<\/li>\n<li><strong>V\u00fdvoj a ladenie softv\u00e9ru:<\/strong> V\u00fdvoj\u00e1ri m\u00f4\u017eu vyu\u017ei\u0165 emul\u00e1tor na v\u00fdvoj a ladenie softv\u00e9ru pre Bluetooth a Zigbee zariadenia bez nutnosti fyzick\u00fdch zariaden\u00ed.<\/li>\n<li><strong>Testovanie komunik\u00e1cie:<\/strong> Pou\u017eitie emul\u00e1tora na testovanie komunik\u00e1cie medzi Bluetooth a Zigbee zariadeniami v r\u00f4znych scen\u00e1roch a podmienkach.<\/li>\n<\/ul>\n<\/td>\n<\/tr>\n<tr>\n<td><\/td>\n<td><\/td>\n<\/tr>\n<tr>\n<td><\/td>\n<td><\/td>\n<\/tr>\n<\/tbody>\n<\/table>\n<p><button class=\"copy-button\">Skop\u00edrova\u0165 Pr\u00edkladov\u00e9 k\u00f3dy<\/button><\/p>\n<p><script>\n    function copyCode() {\n      var arduinoCode = document.querySelector(\"#arduino-code\").innerText;\n      var esphomeCode = document.querySelector(\"#esphome-code\").innerText;\n      var combinedCode = \"Arduino k\u00f3d:\\n\" + arduinoCode + \"\\n\\nESPHome k\u00f3d:\\n\" + esphomeCode;\n      navigator.clipboard.writeText(combinedCode).then(function() {\n        alert(\"Pr\u00edkladov\u00e9 k\u00f3dy boli skop\u00edrovan\u00e9 do schr\u00e1nky.\");\n      }, function() {\n        alert(\"Skop\u00edrovanie zlyhalo. Pros\u00edm, skop\u00edrujte k\u00f3dy manu\u00e1lne.\");\n      });\n    }\n  <\/script><\/p>\n<h1><\/h1>\n<p>&nbsp;<\/p>\n<h2>Programovanie \u010dipov\u00a0 : Emul\u00e1tor Bluetooth Zigbee na z\u00e1kladnej doske Umel\u00e9 zariadenie CC-Debugger pre podporu Zigbee 2540 2541 2530 Protokol<\/h2>\n<p>X7AE Bluetooth Zigbee emulovan\u00fd program\u00e1tor CCDebugger 2540 2541 2530 Anal\u00fdza protokolu<br \/>\nOOTDTY<\/p>\n<p>Bluetooth Zigbee emulovan\u00fd program\u00e1tor CC Debugger 2540 2541 2530 Anal\u00fdza protokolu.<br \/>\nZo SmartRF Studio je mo\u017en\u00e9 ovl\u00e1da\u0165 rovnak\u00e9 zariadenia.<br \/>\nPodporn\u00fd softv\u00e9r:<br \/>\nSmartRF Studio, SmartRF Flash Programmer, IEEE Address Programmer, PacketSniffer, PurePathWireless, viacer\u00e9 verzie IAR pre 8051 (obsahuje najnov\u0161\u00ed z\u00e1sobn\u00edk protokolu z-stack pou\u017e\u00edvan\u00fd v 8.10) at\u010f.<br \/>\nPodporovan\u00fd opera\u010dn\u00fd syst\u00e9m: WINXP, WIN7 32\/64bit<br \/>\nPreh\u013ead podporn\u00fdch \u010dipov:<br \/>\nTI m\u00e1 cel\u00fd rad CC \u010dipov s jadrom 8051 a viacero transceiverov je nasledovn\u00e9:<br \/>\nA. \u010cipy, ktor\u00e9 je mo\u017en\u00e9 naprogramova\u0165 a simulova\u0165, s\u00fa: CC1110, CC1111, CC2430, CC2431, CC2510, CC2511, CC2530, CC2531, CC2533, CC2540, CC2541, 5CC25434, 5CC25434, 5CC2543<br \/>\nB. \u010cipy, ktor\u00e9 je mo\u017en\u00e9 ovl\u00e1da\u0165 pomocou SmartRF, s\u00fa: CC1120, CC1121, CC1125, CC1175, CC1100, CC1101, CC110L, CC113L, CC115L, CC2500, CC2520<br \/>\nC. Bezdr\u00f4tov\u00e9 \u010dipy, ktor\u00e9 mo\u017eno pou\u017ei\u0165 na programovanie PurePath, s\u00fa: CC8520, CC8521, CC8530, CC8531<\/p>\n","protected":false},"excerpt":{"rendered":"<p>&nbsp; &nbsp; Bluetooth Zigbee Emul\u00e1tor Sekcia Popis Popis Bluetooth Zigbee Emul\u00e1tor je zariadenie navrhnut\u00e9 na emul\u00e1ciu r\u00f4znych protokolov ako Bluetooth,&hellip;<\/p>\n","protected":false},"featured_media":517,"template":"","meta":{"_monsterinsights_skip_tracking":false,"_monsterinsights_sitenote_active":false,"_monsterinsights_sitenote_note":"","_monsterinsights_sitenote_category":0},"product_cat":[16,80,30],"product_tag":[],"class_list":{"0":"post-516","1":"product","2":"type-product","3":"status-publish","4":"has-post-thumbnail","6":"product_cat-ard","7":"product_cat-i2c","8":"product_cat-programovanie","10":"first","11":"instock","12":"sale","13":"shipping-taxable","14":"purchasable","15":"product-type-simple"},"yoast_head":"<!-- This site is optimized with the Yoast SEO plugin v23.6 - https:\/\/yoast.com\/wordpress\/plugins\/seo\/ -->\n<title>Bluetooth Zigbee Emulator Motherboard Artificial Device CC-Debugger For Zigbee Support 2540 2541 2530 Protocol - Arduino e-shop<\/title>\n<meta name=\"robots\" content=\"index, follow, max-snippet:-1, max-image-preview:large, max-video-preview:-1\" \/>\n<link rel=\"canonical\" href=\"https:\/\/www.onetimenexttime.sk\/arduino\/index.php\/produkt\/bluetooth-zigbee-emulator-motherboard-artificial-device-cc-debugger-for-zigbee-support-2540-2541-2530-protocol\/\" \/>\n<meta property=\"og:locale\" content=\"sk_SK\" \/>\n<meta property=\"og:type\" content=\"article\" \/>\n<meta property=\"og:title\" content=\"Bluetooth Zigbee Emulator Motherboard Artificial Device CC-Debugger For Zigbee Support 2540 2541 2530 Protocol - Arduino e-shop\" \/>\n<meta property=\"og:description\" content=\"&nbsp; &nbsp; Bluetooth Zigbee Emul\u00e1tor Sekcia Popis Popis Bluetooth Zigbee Emul\u00e1tor je zariadenie navrhnut\u00e9 na emul\u00e1ciu r\u00f4znych protokolov ako Bluetooth,&hellip;\" \/>\n<meta property=\"og:url\" content=\"https:\/\/www.onetimenexttime.sk\/arduino\/index.php\/produkt\/bluetooth-zigbee-emulator-motherboard-artificial-device-cc-debugger-for-zigbee-support-2540-2541-2530-protocol\/\" \/>\n<meta property=\"og:site_name\" content=\"Arduino e-shop\" \/>\n<meta property=\"article:modified_time\" content=\"2024-02-23T06:51:10+00:00\" \/>\n<meta property=\"og:image\" content=\"https:\/\/www.onetimenexttime.sk\/arduino\/wp-content\/uploads\/2021\/10\/1159.jpg\" \/>\n\t<meta property=\"og:image:width\" content=\"502\" \/>\n\t<meta property=\"og:image:height\" content=\"504\" \/>\n\t<meta property=\"og:image:type\" content=\"image\/jpeg\" \/>\n<meta name=\"twitter:card\" content=\"summary_large_image\" \/>\n<meta name=\"twitter:label1\" content=\"Predpokladan\u00fd \u010das \u010d\u00edtania\" \/>\n\t<meta name=\"twitter:data1\" content=\"1 min\u00fata\" \/>\n<script type=\"application\/ld+json\" class=\"yoast-schema-graph\">{\"@context\":\"https:\/\/schema.org\",\"@graph\":[{\"@type\":\"WebPage\",\"@id\":\"https:\/\/www.onetimenexttime.sk\/arduino\/index.php\/produkt\/bluetooth-zigbee-emulator-motherboard-artificial-device-cc-debugger-for-zigbee-support-2540-2541-2530-protocol\/\",\"url\":\"https:\/\/www.onetimenexttime.sk\/arduino\/index.php\/produkt\/bluetooth-zigbee-emulator-motherboard-artificial-device-cc-debugger-for-zigbee-support-2540-2541-2530-protocol\/\",\"name\":\"Bluetooth Zigbee Emulator Motherboard Artificial Device CC-Debugger For Zigbee Support 2540 2541 2530 Protocol - Arduino e-shop\",\"isPartOf\":{\"@id\":\"https:\/\/www.onetimenexttime.sk\/arduino\/#website\"},\"primaryImageOfPage\":{\"@id\":\"https:\/\/www.onetimenexttime.sk\/arduino\/index.php\/produkt\/bluetooth-zigbee-emulator-motherboard-artificial-device-cc-debugger-for-zigbee-support-2540-2541-2530-protocol\/#primaryimage\"},\"image\":{\"@id\":\"https:\/\/www.onetimenexttime.sk\/arduino\/index.php\/produkt\/bluetooth-zigbee-emulator-motherboard-artificial-device-cc-debugger-for-zigbee-support-2540-2541-2530-protocol\/#primaryimage\"},\"thumbnailUrl\":\"https:\/\/www.onetimenexttime.sk\/arduino\/wp-content\/uploads\/2021\/10\/1159.jpg\",\"datePublished\":\"2021-10-29T05:29:21+00:00\",\"dateModified\":\"2024-02-23T06:51:10+00:00\",\"breadcrumb\":{\"@id\":\"https:\/\/www.onetimenexttime.sk\/arduino\/index.php\/produkt\/bluetooth-zigbee-emulator-motherboard-artificial-device-cc-debugger-for-zigbee-support-2540-2541-2530-protocol\/#breadcrumb\"},\"inLanguage\":\"sk-SK\",\"potentialAction\":[{\"@type\":\"ReadAction\",\"target\":[\"https:\/\/www.onetimenexttime.sk\/arduino\/index.php\/produkt\/bluetooth-zigbee-emulator-motherboard-artificial-device-cc-debugger-for-zigbee-support-2540-2541-2530-protocol\/\"]}]},{\"@type\":\"ImageObject\",\"inLanguage\":\"sk-SK\",\"@id\":\"https:\/\/www.onetimenexttime.sk\/arduino\/index.php\/produkt\/bluetooth-zigbee-emulator-motherboard-artificial-device-cc-debugger-for-zigbee-support-2540-2541-2530-protocol\/#primaryimage\",\"url\":\"https:\/\/www.onetimenexttime.sk\/arduino\/wp-content\/uploads\/2021\/10\/1159.jpg\",\"contentUrl\":\"https:\/\/www.onetimenexttime.sk\/arduino\/wp-content\/uploads\/2021\/10\/1159.jpg\",\"width\":502,\"height\":504},{\"@type\":\"BreadcrumbList\",\"@id\":\"https:\/\/www.onetimenexttime.sk\/arduino\/index.php\/produkt\/bluetooth-zigbee-emulator-motherboard-artificial-device-cc-debugger-for-zigbee-support-2540-2541-2530-protocol\/#breadcrumb\",\"itemListElement\":[{\"@type\":\"ListItem\",\"position\":1,\"name\":\"Domov\",\"item\":\"https:\/\/www.onetimenexttime.sk\/arduino\/\"},{\"@type\":\"ListItem\",\"position\":2,\"name\":\"Obchod\",\"item\":\"https:\/\/www.onetimenexttime.sk\/arduino\/\"},{\"@type\":\"ListItem\",\"position\":3,\"name\":\"Bluetooth Zigbee Emulator Motherboard Artificial Device CC-Debugger For Zigbee Support 2540 2541 2530 Protocol\"}]},{\"@type\":\"WebSite\",\"@id\":\"https:\/\/www.onetimenexttime.sk\/arduino\/#website\",\"url\":\"https:\/\/www.onetimenexttime.sk\/arduino\/\",\"name\":\"Arduino e-shop\",\"description\":\"Home Assistant\",\"potentialAction\":[{\"@type\":\"SearchAction\",\"target\":{\"@type\":\"EntryPoint\",\"urlTemplate\":\"https:\/\/www.onetimenexttime.sk\/arduino\/?s={search_term_string}\"},\"query-input\":{\"@type\":\"PropertyValueSpecification\",\"valueRequired\":true,\"valueName\":\"search_term_string\"}}],\"inLanguage\":\"sk-SK\"}]}<\/script>\n<!-- \/ Yoast SEO plugin. -->","yoast_head_json":{"title":"Bluetooth Zigbee Emulator Motherboard Artificial Device CC-Debugger For Zigbee Support 2540 2541 2530 Protocol - Arduino e-shop","robots":{"index":"index","follow":"follow","max-snippet":"max-snippet:-1","max-image-preview":"max-image-preview:large","max-video-preview":"max-video-preview:-1"},"canonical":"https:\/\/www.onetimenexttime.sk\/arduino\/index.php\/produkt\/bluetooth-zigbee-emulator-motherboard-artificial-device-cc-debugger-for-zigbee-support-2540-2541-2530-protocol\/","og_locale":"sk_SK","og_type":"article","og_title":"Bluetooth Zigbee Emulator Motherboard Artificial Device CC-Debugger For Zigbee Support 2540 2541 2530 Protocol - Arduino e-shop","og_description":"&nbsp; &nbsp; Bluetooth Zigbee Emul\u00e1tor Sekcia Popis Popis Bluetooth Zigbee Emul\u00e1tor je zariadenie navrhnut\u00e9 na emul\u00e1ciu r\u00f4znych protokolov ako Bluetooth,&hellip;","og_url":"https:\/\/www.onetimenexttime.sk\/arduino\/index.php\/produkt\/bluetooth-zigbee-emulator-motherboard-artificial-device-cc-debugger-for-zigbee-support-2540-2541-2530-protocol\/","og_site_name":"Arduino e-shop","article_modified_time":"2024-02-23T06:51:10+00:00","og_image":[{"width":502,"height":504,"url":"https:\/\/www.onetimenexttime.sk\/arduino\/wp-content\/uploads\/2021\/10\/1159.jpg","type":"image\/jpeg"}],"twitter_card":"summary_large_image","twitter_misc":{"Predpokladan\u00fd \u010das \u010d\u00edtania":"1 min\u00fata"},"schema":{"@context":"https:\/\/schema.org","@graph":[{"@type":"WebPage","@id":"https:\/\/www.onetimenexttime.sk\/arduino\/index.php\/produkt\/bluetooth-zigbee-emulator-motherboard-artificial-device-cc-debugger-for-zigbee-support-2540-2541-2530-protocol\/","url":"https:\/\/www.onetimenexttime.sk\/arduino\/index.php\/produkt\/bluetooth-zigbee-emulator-motherboard-artificial-device-cc-debugger-for-zigbee-support-2540-2541-2530-protocol\/","name":"Bluetooth Zigbee Emulator Motherboard Artificial Device CC-Debugger For Zigbee Support 2540 2541 2530 Protocol - Arduino e-shop","isPartOf":{"@id":"https:\/\/www.onetimenexttime.sk\/arduino\/#website"},"primaryImageOfPage":{"@id":"https:\/\/www.onetimenexttime.sk\/arduino\/index.php\/produkt\/bluetooth-zigbee-emulator-motherboard-artificial-device-cc-debugger-for-zigbee-support-2540-2541-2530-protocol\/#primaryimage"},"image":{"@id":"https:\/\/www.onetimenexttime.sk\/arduino\/index.php\/produkt\/bluetooth-zigbee-emulator-motherboard-artificial-device-cc-debugger-for-zigbee-support-2540-2541-2530-protocol\/#primaryimage"},"thumbnailUrl":"https:\/\/www.onetimenexttime.sk\/arduino\/wp-content\/uploads\/2021\/10\/1159.jpg","datePublished":"2021-10-29T05:29:21+00:00","dateModified":"2024-02-23T06:51:10+00:00","breadcrumb":{"@id":"https:\/\/www.onetimenexttime.sk\/arduino\/index.php\/produkt\/bluetooth-zigbee-emulator-motherboard-artificial-device-cc-debugger-for-zigbee-support-2540-2541-2530-protocol\/#breadcrumb"},"inLanguage":"sk-SK","potentialAction":[{"@type":"ReadAction","target":["https:\/\/www.onetimenexttime.sk\/arduino\/index.php\/produkt\/bluetooth-zigbee-emulator-motherboard-artificial-device-cc-debugger-for-zigbee-support-2540-2541-2530-protocol\/"]}]},{"@type":"ImageObject","inLanguage":"sk-SK","@id":"https:\/\/www.onetimenexttime.sk\/arduino\/index.php\/produkt\/bluetooth-zigbee-emulator-motherboard-artificial-device-cc-debugger-for-zigbee-support-2540-2541-2530-protocol\/#primaryimage","url":"https:\/\/www.onetimenexttime.sk\/arduino\/wp-content\/uploads\/2021\/10\/1159.jpg","contentUrl":"https:\/\/www.onetimenexttime.sk\/arduino\/wp-content\/uploads\/2021\/10\/1159.jpg","width":502,"height":504},{"@type":"BreadcrumbList","@id":"https:\/\/www.onetimenexttime.sk\/arduino\/index.php\/produkt\/bluetooth-zigbee-emulator-motherboard-artificial-device-cc-debugger-for-zigbee-support-2540-2541-2530-protocol\/#breadcrumb","itemListElement":[{"@type":"ListItem","position":1,"name":"Domov","item":"https:\/\/www.onetimenexttime.sk\/arduino\/"},{"@type":"ListItem","position":2,"name":"Obchod","item":"https:\/\/www.onetimenexttime.sk\/arduino\/"},{"@type":"ListItem","position":3,"name":"Bluetooth Zigbee Emulator Motherboard Artificial Device CC-Debugger For Zigbee Support 2540 2541 2530 Protocol"}]},{"@type":"WebSite","@id":"https:\/\/www.onetimenexttime.sk\/arduino\/#website","url":"https:\/\/www.onetimenexttime.sk\/arduino\/","name":"Arduino e-shop","description":"Home Assistant","potentialAction":[{"@type":"SearchAction","target":{"@type":"EntryPoint","urlTemplate":"https:\/\/www.onetimenexttime.sk\/arduino\/?s={search_term_string}"},"query-input":{"@type":"PropertyValueSpecification","valueRequired":true,"valueName":"search_term_string"}}],"inLanguage":"sk-SK"}]}},"_links":{"self":[{"href":"https:\/\/www.onetimenexttime.sk\/arduino\/index.php\/wp-json\/wp\/v2\/product\/516"}],"collection":[{"href":"https:\/\/www.onetimenexttime.sk\/arduino\/index.php\/wp-json\/wp\/v2\/product"}],"about":[{"href":"https:\/\/www.onetimenexttime.sk\/arduino\/index.php\/wp-json\/wp\/v2\/types\/product"}],"wp:featuredmedia":[{"embeddable":true,"href":"https:\/\/www.onetimenexttime.sk\/arduino\/index.php\/wp-json\/wp\/v2\/media\/517"}],"wp:attachment":[{"href":"https:\/\/www.onetimenexttime.sk\/arduino\/index.php\/wp-json\/wp\/v2\/media?parent=516"}],"wp:term":[{"taxonomy":"product_cat","embeddable":true,"href":"https:\/\/www.onetimenexttime.sk\/arduino\/index.php\/wp-json\/wp\/v2\/product_cat?post=516"},{"taxonomy":"product_tag","embeddable":true,"href":"https:\/\/www.onetimenexttime.sk\/arduino\/index.php\/wp-json\/wp\/v2\/product_tag?post=516"}],"curies":[{"name":"wp","href":"https:\/\/api.w.org\/{rel}","templated":true}]}}