{"id":514,"date":"2021-10-29T07:23:05","date_gmt":"2021-10-29T05:23:05","guid":{"rendered":"https:\/\/www.onetimenexttime.sk\/arduino\/?post_type=product&#038;p=514"},"modified":"2021-10-29T07:28:53","modified_gmt":"2021-10-29T05:28:53","slug":"cc2530-zigbee-wireless-modul-control-the-back-plane-development-board","status":"publish","type":"product","link":"https:\/\/www.onetimenexttime.sk\/arduino\/index.php\/produkt\/cc2530-zigbee-wireless-modul-control-the-back-plane-development-board\/","title":{"rendered":"CC2530 ZigBee wireless modul control the back-plane development board"},"content":{"rendered":"<h2>Bezdr\u00f4tov\u00fd modul CC2530 ZigBee ovl\u00e1da v\u00fdvojov\u00fa dosku zadnej roviny<\/h2>\n<p>Popis:<br \/>\nJedn\u00e1 sa o kompaktn\u00fd, v\u00fdkonn\u00fd modul CC2530, dod\u00e1van\u00fd s bat\u00e9riov\u00fdm boxom s ant\u00e9nou. m\u00e1 integrovan\u00e9 rozhranie USB a TTL, m\u00f4\u017eete \u013eahko<br \/>\nzvo\u013ete sp\u00f4sob komunik\u00e1cie, pri pou\u017eit\u00ed rozhrania USB m\u00f4\u017eete na nap\u00e1janie pou\u017ei\u0165 USB .Integrovan\u00e9 na porte modulu<br \/>\n10-jadrov\u00e9 programovanie pomocou CC2530 Debugger na \u00fapravu a ladenie intern\u00fdch proced\u00far modulu s\u00fa\u010dasne, aby sa<br \/>\nu\u013eah\u010duje \u010fal\u0161ie extern\u00e9 zariadenie, modul poskytuje I\/O port CC2530, u\u017e\u00edvate\u013esky pr\u00edvetiv\u00fd.<\/p>\n<p>V\u00fdkonnostn\u00e9 parametre:<\/p>\n<p>Vstupn\u00e9 nap\u00e4tie: DC 2-3,6V\/USB 5V<br \/>\nTeplotn\u00fd rozsah:-40C &#8211; 85C<br \/>\nKomunika\u010dn\u00e9 rozhranie: USB \/ TTL<br \/>\nBezdr\u00f4tov\u00e1 frekvencia: 2,4 GHz<br \/>\nPrenosov\u00e1 vzdialenos\u0165: pozorovacia vzdialenos\u0165 200 metrov<br \/>\nEmisn\u00fd pr\u00fad: 34mA (max)<br \/>\nPr\u00fad prij\u00edma\u010da: 25mA (max)<br \/>\nCitlivos\u0165 prij\u00edma\u010da:-96DBm<br \/>\nHlavn\u00fd \u010dip: CC2530F256, 256K Flash, TI, najnov\u0161ia verzia \u010dipu ZigBee SOC<\/p>\n","protected":false},"excerpt":{"rendered":"<p>Bezdr\u00f4tov\u00fd modul CC2530 ZigBee ovl\u00e1da v\u00fdvojov\u00fa dosku zadnej roviny Popis: Jedn\u00e1 sa o kompaktn\u00fd, v\u00fdkonn\u00fd modul CC2530, dod\u00e1van\u00fd s bat\u00e9riov\u00fdm&hellip;<\/p>\n","protected":false},"featured_media":515,"template":"","meta":{"_monsterinsights_skip_tracking":false,"_monsterinsights_sitenote_active":false,"_monsterinsights_sitenote_note":"","_monsterinsights_sitenote_category":0},"product_cat":[16,29],"product_tag":[],"class_list":{"0":"post-514","1":"product","2":"type-product","3":"status-publish","4":"has-post-thumbnail","6":"product_cat-ard","7":"product_cat-wireless-transmission","9":"first","10":"instock","11":"shipping-taxable","12":"purchasable","13":"product-type-simple"},"yoast_head":"<!-- This site is optimized with the Yoast SEO plugin v23.6 - https:\/\/yoast.com\/wordpress\/plugins\/seo\/ -->\n<title>CC2530 ZigBee wireless modul control the back-plane development board - Arduino e-shop<\/title>\n<meta name=\"robots\" content=\"index, follow, max-snippet:-1, max-image-preview:large, max-video-preview:-1\" \/>\n<link rel=\"canonical\" href=\"https:\/\/www.onetimenexttime.sk\/arduino\/index.php\/produkt\/cc2530-zigbee-wireless-modul-control-the-back-plane-development-board\/\" \/>\n<meta property=\"og:locale\" content=\"sk_SK\" \/>\n<meta property=\"og:type\" content=\"article\" \/>\n<meta property=\"og:title\" content=\"CC2530 ZigBee wireless modul control the back-plane development board - Arduino e-shop\" \/>\n<meta property=\"og:description\" content=\"Bezdr\u00f4tov\u00fd modul CC2530 ZigBee ovl\u00e1da v\u00fdvojov\u00fa dosku zadnej roviny Popis: Jedn\u00e1 sa o kompaktn\u00fd, v\u00fdkonn\u00fd modul CC2530, dod\u00e1van\u00fd s bat\u00e9riov\u00fdm&hellip;\" \/>\n<meta property=\"og:url\" content=\"https:\/\/www.onetimenexttime.sk\/arduino\/index.php\/produkt\/cc2530-zigbee-wireless-modul-control-the-back-plane-development-board\/\" \/>\n<meta property=\"og:site_name\" content=\"Arduino e-shop\" \/>\n<meta property=\"article:modified_time\" content=\"2021-10-29T05:28:53+00:00\" \/>\n<meta property=\"og:image\" content=\"https:\/\/www.onetimenexttime.sk\/arduino\/wp-content\/uploads\/2021\/10\/158.jpg\" \/>\n\t<meta property=\"og:image:width\" content=\"512\" \/>\n\t<meta property=\"og:image:height\" content=\"512\" \/>\n\t<meta property=\"og:image:type\" content=\"image\/jpeg\" \/>\n<meta name=\"twitter:card\" content=\"summary_large_image\" \/>\n<meta name=\"twitter:label1\" content=\"Predpokladan\u00fd \u010das \u010d\u00edtania\" \/>\n\t<meta name=\"twitter:data1\" content=\"1 min\u00fata\" \/>\n<script type=\"application\/ld+json\" class=\"yoast-schema-graph\">{\"@context\":\"https:\/\/schema.org\",\"@graph\":[{\"@type\":\"WebPage\",\"@id\":\"https:\/\/www.onetimenexttime.sk\/arduino\/index.php\/produkt\/cc2530-zigbee-wireless-modul-control-the-back-plane-development-board\/\",\"url\":\"https:\/\/www.onetimenexttime.sk\/arduino\/index.php\/produkt\/cc2530-zigbee-wireless-modul-control-the-back-plane-development-board\/\",\"name\":\"CC2530 ZigBee wireless modul control the back-plane development board - Arduino e-shop\",\"isPartOf\":{\"@id\":\"https:\/\/www.onetimenexttime.sk\/arduino\/#website\"},\"primaryImageOfPage\":{\"@id\":\"https:\/\/www.onetimenexttime.sk\/arduino\/index.php\/produkt\/cc2530-zigbee-wireless-modul-control-the-back-plane-development-board\/#primaryimage\"},\"image\":{\"@id\":\"https:\/\/www.onetimenexttime.sk\/arduino\/index.php\/produkt\/cc2530-zigbee-wireless-modul-control-the-back-plane-development-board\/#primaryimage\"},\"thumbnailUrl\":\"https:\/\/www.onetimenexttime.sk\/arduino\/wp-content\/uploads\/2021\/10\/158.jpg\",\"datePublished\":\"2021-10-29T05:23:05+00:00\",\"dateModified\":\"2021-10-29T05:28:53+00:00\",\"breadcrumb\":{\"@id\":\"https:\/\/www.onetimenexttime.sk\/arduino\/index.php\/produkt\/cc2530-zigbee-wireless-modul-control-the-back-plane-development-board\/#breadcrumb\"},\"inLanguage\":\"sk-SK\",\"potentialAction\":[{\"@type\":\"ReadAction\",\"target\":[\"https:\/\/www.onetimenexttime.sk\/arduino\/index.php\/produkt\/cc2530-zigbee-wireless-modul-control-the-back-plane-development-board\/\"]}]},{\"@type\":\"ImageObject\",\"inLanguage\":\"sk-SK\",\"@id\":\"https:\/\/www.onetimenexttime.sk\/arduino\/index.php\/produkt\/cc2530-zigbee-wireless-modul-control-the-back-plane-development-board\/#primaryimage\",\"url\":\"https:\/\/www.onetimenexttime.sk\/arduino\/wp-content\/uploads\/2021\/10\/158.jpg\",\"contentUrl\":\"https:\/\/www.onetimenexttime.sk\/arduino\/wp-content\/uploads\/2021\/10\/158.jpg\",\"width\":512,\"height\":512},{\"@type\":\"BreadcrumbList\",\"@id\":\"https:\/\/www.onetimenexttime.sk\/arduino\/index.php\/produkt\/cc2530-zigbee-wireless-modul-control-the-back-plane-development-board\/#breadcrumb\",\"itemListElement\":[{\"@type\":\"ListItem\",\"position\":1,\"name\":\"Domov\",\"item\":\"https:\/\/www.onetimenexttime.sk\/arduino\/\"},{\"@type\":\"ListItem\",\"position\":2,\"name\":\"Obchod\",\"item\":\"https:\/\/www.onetimenexttime.sk\/arduino\/\"},{\"@type\":\"ListItem\",\"position\":3,\"name\":\"CC2530 ZigBee wireless modul control the back-plane development board\"}]},{\"@type\":\"WebSite\",\"@id\":\"https:\/\/www.onetimenexttime.sk\/arduino\/#website\",\"url\":\"https:\/\/www.onetimenexttime.sk\/arduino\/\",\"name\":\"Arduino e-shop\",\"description\":\"Home Assistant\",\"potentialAction\":[{\"@type\":\"SearchAction\",\"target\":{\"@type\":\"EntryPoint\",\"urlTemplate\":\"https:\/\/www.onetimenexttime.sk\/arduino\/?s={search_term_string}\"},\"query-input\":{\"@type\":\"PropertyValueSpecification\",\"valueRequired\":true,\"valueName\":\"search_term_string\"}}],\"inLanguage\":\"sk-SK\"}]}<\/script>\n<!-- \/ Yoast SEO plugin. -->","yoast_head_json":{"title":"CC2530 ZigBee wireless modul control the back-plane development board - Arduino e-shop","robots":{"index":"index","follow":"follow","max-snippet":"max-snippet:-1","max-image-preview":"max-image-preview:large","max-video-preview":"max-video-preview:-1"},"canonical":"https:\/\/www.onetimenexttime.sk\/arduino\/index.php\/produkt\/cc2530-zigbee-wireless-modul-control-the-back-plane-development-board\/","og_locale":"sk_SK","og_type":"article","og_title":"CC2530 ZigBee wireless modul control the back-plane development board - Arduino e-shop","og_description":"Bezdr\u00f4tov\u00fd modul CC2530 ZigBee ovl\u00e1da v\u00fdvojov\u00fa dosku zadnej roviny Popis: Jedn\u00e1 sa o kompaktn\u00fd, v\u00fdkonn\u00fd modul CC2530, dod\u00e1van\u00fd s bat\u00e9riov\u00fdm&hellip;","og_url":"https:\/\/www.onetimenexttime.sk\/arduino\/index.php\/produkt\/cc2530-zigbee-wireless-modul-control-the-back-plane-development-board\/","og_site_name":"Arduino e-shop","article_modified_time":"2021-10-29T05:28:53+00:00","og_image":[{"width":512,"height":512,"url":"https:\/\/www.onetimenexttime.sk\/arduino\/wp-content\/uploads\/2021\/10\/158.jpg","type":"image\/jpeg"}],"twitter_card":"summary_large_image","twitter_misc":{"Predpokladan\u00fd \u010das \u010d\u00edtania":"1 min\u00fata"},"schema":{"@context":"https:\/\/schema.org","@graph":[{"@type":"WebPage","@id":"https:\/\/www.onetimenexttime.sk\/arduino\/index.php\/produkt\/cc2530-zigbee-wireless-modul-control-the-back-plane-development-board\/","url":"https:\/\/www.onetimenexttime.sk\/arduino\/index.php\/produkt\/cc2530-zigbee-wireless-modul-control-the-back-plane-development-board\/","name":"CC2530 ZigBee wireless modul control the back-plane development board - Arduino e-shop","isPartOf":{"@id":"https:\/\/www.onetimenexttime.sk\/arduino\/#website"},"primaryImageOfPage":{"@id":"https:\/\/www.onetimenexttime.sk\/arduino\/index.php\/produkt\/cc2530-zigbee-wireless-modul-control-the-back-plane-development-board\/#primaryimage"},"image":{"@id":"https:\/\/www.onetimenexttime.sk\/arduino\/index.php\/produkt\/cc2530-zigbee-wireless-modul-control-the-back-plane-development-board\/#primaryimage"},"thumbnailUrl":"https:\/\/www.onetimenexttime.sk\/arduino\/wp-content\/uploads\/2021\/10\/158.jpg","datePublished":"2021-10-29T05:23:05+00:00","dateModified":"2021-10-29T05:28:53+00:00","breadcrumb":{"@id":"https:\/\/www.onetimenexttime.sk\/arduino\/index.php\/produkt\/cc2530-zigbee-wireless-modul-control-the-back-plane-development-board\/#breadcrumb"},"inLanguage":"sk-SK","potentialAction":[{"@type":"ReadAction","target":["https:\/\/www.onetimenexttime.sk\/arduino\/index.php\/produkt\/cc2530-zigbee-wireless-modul-control-the-back-plane-development-board\/"]}]},{"@type":"ImageObject","inLanguage":"sk-SK","@id":"https:\/\/www.onetimenexttime.sk\/arduino\/index.php\/produkt\/cc2530-zigbee-wireless-modul-control-the-back-plane-development-board\/#primaryimage","url":"https:\/\/www.onetimenexttime.sk\/arduino\/wp-content\/uploads\/2021\/10\/158.jpg","contentUrl":"https:\/\/www.onetimenexttime.sk\/arduino\/wp-content\/uploads\/2021\/10\/158.jpg","width":512,"height":512},{"@type":"BreadcrumbList","@id":"https:\/\/www.onetimenexttime.sk\/arduino\/index.php\/produkt\/cc2530-zigbee-wireless-modul-control-the-back-plane-development-board\/#breadcrumb","itemListElement":[{"@type":"ListItem","position":1,"name":"Domov","item":"https:\/\/www.onetimenexttime.sk\/arduino\/"},{"@type":"ListItem","position":2,"name":"Obchod","item":"https:\/\/www.onetimenexttime.sk\/arduino\/"},{"@type":"ListItem","position":3,"name":"CC2530 ZigBee wireless modul control the back-plane development board"}]},{"@type":"WebSite","@id":"https:\/\/www.onetimenexttime.sk\/arduino\/#website","url":"https:\/\/www.onetimenexttime.sk\/arduino\/","name":"Arduino e-shop","description":"Home Assistant","potentialAction":[{"@type":"SearchAction","target":{"@type":"EntryPoint","urlTemplate":"https:\/\/www.onetimenexttime.sk\/arduino\/?s={search_term_string}"},"query-input":{"@type":"PropertyValueSpecification","valueRequired":true,"valueName":"search_term_string"}}],"inLanguage":"sk-SK"}]}},"_links":{"self":[{"href":"https:\/\/www.onetimenexttime.sk\/arduino\/index.php\/wp-json\/wp\/v2\/product\/514"}],"collection":[{"href":"https:\/\/www.onetimenexttime.sk\/arduino\/index.php\/wp-json\/wp\/v2\/product"}],"about":[{"href":"https:\/\/www.onetimenexttime.sk\/arduino\/index.php\/wp-json\/wp\/v2\/types\/product"}],"wp:featuredmedia":[{"embeddable":true,"href":"https:\/\/www.onetimenexttime.sk\/arduino\/index.php\/wp-json\/wp\/v2\/media\/515"}],"wp:attachment":[{"href":"https:\/\/www.onetimenexttime.sk\/arduino\/index.php\/wp-json\/wp\/v2\/media?parent=514"}],"wp:term":[{"taxonomy":"product_cat","embeddable":true,"href":"https:\/\/www.onetimenexttime.sk\/arduino\/index.php\/wp-json\/wp\/v2\/product_cat?post=514"},{"taxonomy":"product_tag","embeddable":true,"href":"https:\/\/www.onetimenexttime.sk\/arduino\/index.php\/wp-json\/wp\/v2\/product_tag?post=514"}],"curies":[{"name":"wp","href":"https:\/\/api.w.org\/{rel}","templated":true}]}}