{"id":510,"date":"2021-10-29T07:10:59","date_gmt":"2021-10-29T05:10:59","guid":{"rendered":"https:\/\/www.onetimenexttime.sk\/arduino\/?post_type=product&#038;p=510"},"modified":"2024-02-22T18:16:24","modified_gmt":"2024-02-22T17:16:24","slug":"nrf24l01-2-4ghz-antenna-wireless-transceiver-module-for-ardniuo","status":"publish","type":"product","link":"https:\/\/www.onetimenexttime.sk\/arduino\/index.php\/produkt\/nrf24l01-2-4ghz-antenna-wireless-transceiver-module-for-ardniuo\/","title":{"rendered":"NRF24L01 2.4GHz Antenna Wireless Transceiver Module for Ardniuo"},"content":{"rendered":"<p>&nbsp;<\/p>\n<p>&nbsp;<\/p>\n<h1>Inform\u00e1cie o module NRF24L01 2.4GHz<\/h1>\n<table>\n<tbody>\n<tr>\n<th>Popis<\/th>\n<td>Bezdr\u00f4tov\u00fd prenosov\u00fd modul NRF24L01 s ant\u00e9nou pre Arduino<\/td>\n<\/tr>\n<tr>\n<th>Vlastnosti<\/th>\n<td>\n<ul>\n<li>Frekven\u010dn\u00fd rozsah: 2.4 GHz<\/li>\n<li>Integrovan\u00e1 ant\u00e9na pre zlep\u0161en\u00fd dosah<\/li>\n<li>Podpora pre komunik\u00e1ciu s \u010fal\u0161\u00edmi modulmi pomocou SPI rozhrania<\/li>\n<li>Mo\u017enos\u0165 pripojenia viacer\u00fdch modulov do siete<\/li>\n<li>N\u00edzka spotreba energie<\/li>\n<\/ul>\n<\/td>\n<\/tr>\n<tr>\n<th>\u0160pecifik\u00e1cie<\/th>\n<td>\n<ul>\n<li>Ve\u013ekos\u0165: 15mm x 29mm<\/li>\n<li>Supply Voltage: 3.3V<\/li>\n<li>Maxim\u00e1lny dosah: a\u017e 100 metrov v otvorenom prostred\u00ed<\/li>\n<\/ul>\n<\/td>\n<\/tr>\n<tr>\n<th>Pr\u00edklady pou\u017eitia<\/th>\n<td>\n<ul>\n<li>Vzdialen\u00e9 ovl\u00e1danie zariaden\u00ed<\/li>\n<li>Bezdr\u00f4tov\u00fd prenos d\u00e1t<\/li>\n<li>Sensov\u00e9 siete<\/li>\n<\/ul>\n<\/td>\n<\/tr>\n<tr>\n<th>Pr\u00edkladov\u00fd k\u00f3d pre Arduino<\/th>\n<td><code><br \/>\n\/\/ Potrebn\u00e9 kni\u017enice<br \/>\n#include &lt;SPI.h&gt;<br \/>\n#include &lt;RF24.h&gt;<\/p>\n<p>\/\/ Inicializ\u00e1cia modulu<br \/>\nRF24 radio(9, 10); \/\/ Piny CE, CSN<\/p>\n<p>void setup() {<br \/>\nradio.begin();<br \/>\nradio.openWritingPipe(0xF0F0F0F0E1LL); \/\/ Adresa pre komunik\u00e1ciu<br \/>\n}<\/p>\n<p>void loop() {<br \/>\nconst char text[] = \"Hello, world!\";<br \/>\nradio.write(&amp;text, sizeof(text));<br \/>\ndelay(1000);<br \/>\n}<br \/>\n<\/code><\/td>\n<\/tr>\n<\/tbody>\n<\/table>\n<p><button class=\"button\">Skop\u00edrova\u0165 k\u00f3d pre Arduino<\/button><\/p>\n<p>&nbsp;<\/p>\n<h2>Ant\u00e9nny modul bezdr\u00f4tov\u00e9ho vysiela\u010da a prij\u00edma\u010da NRF24L01 2,4 GHz pre Ardniuo<\/h2>\n<p>Modul bezdr\u00f4tov\u00e9ho vysiela\u010da a prij\u00edma\u010da NRF24L01+ pre Arduino 2,4 GHz ant\u00e9nny modul NRF24L01 pre mikrokontrolu ISM<\/p>\n<p>NRF24L01 je monolitick\u00fd transceiver, ktor\u00fd pracuje v celosvetovom p\u00e1sme ISM 2,4-2,5 GHz. R\u00e1diov\u00e9 vysiela\u010de a prij\u00edma\u010de zah\u0155\u0148aj\u00fa: Gener\u00e1tor frekvencie Vylep\u0161en\u00fd ovl\u00e1da\u010d re\u017eimu SchockBurstTM V\u00fdkonov\u00fd zosil\u0148ova\u010d Kry\u0161t\u00e1lov\u00fd zosil\u0148ova\u010d Modul\u00e1tor Demodul\u00e1tor V\u00fdstupn\u00fd v\u00fdkon V\u00fdber kan\u00e1lu a nastavenie protokolu je mo\u017en\u00e9 nastavi\u0165 cez rozhranie SPI Ve\u013emi n\u00edzka spotreba pr\u00fadu pri prev\u00e1dzke vo vysielacom re\u017eime Vysielac\u00ed v\u00fdkon je 6 dBm pri pr\u00fadovej spotrebe 9,0 Re\u017eim mA Accept je 12,3 mA Re\u017eim vypnutia a pohotovostn\u00fd re\u017eim, re\u017eim ni\u017e\u0161ej spotreby pr\u00fadu.<\/p>\n<p>Glob\u00e1lne otvoren\u00e9 p\u00e1smo ISM, maxim\u00e1lny vysielac\u00ed v\u00fdkon 0dBm, pou\u017eitie bez licencie.<br \/>\nPodpora \u0161es\u0165kan\u00e1lov\u00e9ho pr\u00edjmu d\u00e1t<br \/>\n1. N\u00edzke prev\u00e1dzkov\u00e9 nap\u00e4tie: 1,9 ~ 3,6V prev\u00e1dzka s n\u00edzkym nap\u00e4t\u00edm<br \/>\n2. Vysok\u00e1 r\u00fdchlos\u0165: 2 Mbps, preto\u017ee \u010das prenosu vzduchu je ve\u013emi kr\u00e1tky, \u010d\u00edm sa v\u00fdrazne zni\u017euje kol\u00edzia pri fenom\u00e9ne bezdr\u00f4tov\u00e9ho prenosu (softv\u00e9r je nastaven\u00fd na r\u00fdchlos\u0165 prenosu vzduchu 1 Mbps alebo 2 Mbps)<br \/>\n3. Viacfrekven\u010dn\u00e9: 125 frekvencia, aby vyhovovala viacbodovej komunik\u00e1cii a komunika\u010dn\u00fdm potreb\u00e1m s preskakovan\u00edm frekvencie<br \/>\n4. Ultra mal\u00e1: vstavan\u00e1 2,4 GHz ant\u00e9na, kompaktn\u00e1, 15 x 29 mm (vr\u00e1tane ant\u00e9ny)<br \/>\n5. N\u00edzka spotreba energie: Pri pr\u00e1ci v re\u017eime odozvy komunik\u00e1cia, r\u00fdchly prenos vzduchu a \u010das spustenia, \u010do v\u00fdrazne zni\u017euje spotrebu pr\u00fadu.<br \/>\n6. N\u00edzke n\u00e1klady na aplik\u00e1ciu: NRF24L01 integruje v\u0161etky vysokor\u00fdchlostn\u00e9 spracovanie sign\u00e1lov s\u00favisiace s RF protokolom, ako napr\u00edklad: automatick\u00fd opakovan\u00fd prenos straten\u00fdch paketov a automatick\u00e9 generovanie sign\u00e1lov odozvy, NRF24L01 rozhranie SPI m\u00f4\u017ee vyu\u017e\u00edva\u0165 hardv\u00e9rov\u00fd port SPI mikrokontrol\u00e9ra alebo jedno\u010dipov\u00fd mikropo\u010d\u00edta\u010d I \/ O port pre simul\u00e1ciu, intern\u00fd FIFO s r\u00f4znymi vysoko a n\u00edzkor\u00fdchlostn\u00fdmi mikroprocesorov\u00fdmi rozhraniami, \u013eahko pou\u017eite\u013en\u00fd a lacn\u00fd jedno\u010dip.<br \/>\n7. Jednoduch\u00fd v\u00fdvoj: Preto\u017ee je linkov\u00e1 vrstva plne integrovan\u00e1 v module, ve\u013emi \u013eahko sa rozv\u00edja. Funkcia automatick\u00e9ho opakovan\u00e9ho prenosu, automatick\u00e1 detekcia a opakovan\u00fd prenos straten\u00fdch d\u00e1tov\u00fdch paketov, \u010das op\u00e4tovn\u00e9ho prenosu a \u010dasy opakovan\u00e9ho prenosu m\u00f4\u017eu by\u0165 automaticky riaden\u00e9 softv\u00e9rov\u00fdm ovl\u00e1dan\u00edm, nedostane odpove\u010f na funkciu automatickej odpovede d\u00e1tov\u00e9ho paketu, platn\u00e9 d\u00e1ta, modul automaticky odo\u0161le odpove\u010f &#8211; Pevn\u00e1 detekcia frekvencie Vstavan\u00e1 hardv\u00e9rov\u00e1 detekcia ch\u00fdb CRC a kontrola adresy komunik\u00e1cie medzi dvoma bodmi Po\u010d\u00edtadlo ch\u00fdb pri prenose paketov a funkcia detekcie nosnej je mo\u017en\u00e9 pou\u017ei\u0165 na nastavenie preskakovania frekvencie je mo\u017en\u00e9 nastavi\u0165 adresy \u0161iestich prij\u00edmac\u00edch kan\u00e1lov, je mo\u017en\u00e9 vybra\u0165 z otvoren\u00fdch prij\u00edmacie rozhranie \u0161tandardn\u00e9ho pinu Dip2,54MM pre jednoduch\u00e9 vstavan\u00e9 aplik\u00e1cie.<\/p>\n","protected":false},"excerpt":{"rendered":"<p>&nbsp; &nbsp; Inform\u00e1cie o module NRF24L01 2.4GHz Popis Bezdr\u00f4tov\u00fd prenosov\u00fd modul NRF24L01 s ant\u00e9nou pre Arduino Vlastnosti Frekven\u010dn\u00fd rozsah: 2.4&hellip;<\/p>\n","protected":false},"featured_media":511,"template":"","meta":{"_monsterinsights_skip_tracking":false,"_monsterinsights_sitenote_active":false,"_monsterinsights_sitenote_note":"","_monsterinsights_sitenote_category":0},"product_cat":[16,29],"product_tag":[],"class_list":{"0":"post-510","1":"product","2":"type-product","3":"status-publish","4":"has-post-thumbnail","6":"product_cat-ard","7":"product_cat-wireless-transmission","9":"first","10":"instock","11":"shipping-taxable","12":"purchasable","13":"product-type-simple"},"yoast_head":"<!-- This site is optimized with the Yoast SEO plugin v23.6 - https:\/\/yoast.com\/wordpress\/plugins\/seo\/ -->\n<title>NRF24L01 2.4GHz Antenna Wireless Transceiver Module for Ardniuo - Arduino e-shop<\/title>\n<meta name=\"robots\" content=\"index, follow, max-snippet:-1, max-image-preview:large, max-video-preview:-1\" \/>\n<link rel=\"canonical\" href=\"https:\/\/www.onetimenexttime.sk\/arduino\/index.php\/produkt\/nrf24l01-2-4ghz-antenna-wireless-transceiver-module-for-ardniuo\/\" \/>\n<meta property=\"og:locale\" content=\"sk_SK\" \/>\n<meta property=\"og:type\" content=\"article\" \/>\n<meta property=\"og:title\" content=\"NRF24L01 2.4GHz Antenna Wireless Transceiver Module for Ardniuo - Arduino e-shop\" \/>\n<meta property=\"og:description\" content=\"&nbsp; &nbsp; Inform\u00e1cie o module NRF24L01 2.4GHz Popis Bezdr\u00f4tov\u00fd prenosov\u00fd modul NRF24L01 s ant\u00e9nou pre Arduino Vlastnosti Frekven\u010dn\u00fd rozsah: 2.4&hellip;\" \/>\n<meta property=\"og:url\" content=\"https:\/\/www.onetimenexttime.sk\/arduino\/index.php\/produkt\/nrf24l01-2-4ghz-antenna-wireless-transceiver-module-for-ardniuo\/\" \/>\n<meta property=\"og:site_name\" content=\"Arduino e-shop\" \/>\n<meta property=\"article:modified_time\" content=\"2024-02-22T17:16:24+00:00\" \/>\n<meta property=\"og:image\" content=\"https:\/\/www.onetimenexttime.sk\/arduino\/wp-content\/uploads\/2021\/10\/107.jpg\" \/>\n\t<meta property=\"og:image:width\" content=\"502\" \/>\n\t<meta property=\"og:image:height\" content=\"504\" \/>\n\t<meta property=\"og:image:type\" content=\"image\/jpeg\" \/>\n<meta name=\"twitter:card\" content=\"summary_large_image\" \/>\n<meta name=\"twitter:label1\" content=\"Predpokladan\u00fd \u010das \u010d\u00edtania\" \/>\n\t<meta name=\"twitter:data1\" content=\"2 min\u00faty\" \/>\n<script type=\"application\/ld+json\" class=\"yoast-schema-graph\">{\"@context\":\"https:\/\/schema.org\",\"@graph\":[{\"@type\":\"WebPage\",\"@id\":\"https:\/\/www.onetimenexttime.sk\/arduino\/index.php\/produkt\/nrf24l01-2-4ghz-antenna-wireless-transceiver-module-for-ardniuo\/\",\"url\":\"https:\/\/www.onetimenexttime.sk\/arduino\/index.php\/produkt\/nrf24l01-2-4ghz-antenna-wireless-transceiver-module-for-ardniuo\/\",\"name\":\"NRF24L01 2.4GHz Antenna Wireless Transceiver Module for Ardniuo - Arduino e-shop\",\"isPartOf\":{\"@id\":\"https:\/\/www.onetimenexttime.sk\/arduino\/#website\"},\"primaryImageOfPage\":{\"@id\":\"https:\/\/www.onetimenexttime.sk\/arduino\/index.php\/produkt\/nrf24l01-2-4ghz-antenna-wireless-transceiver-module-for-ardniuo\/#primaryimage\"},\"image\":{\"@id\":\"https:\/\/www.onetimenexttime.sk\/arduino\/index.php\/produkt\/nrf24l01-2-4ghz-antenna-wireless-transceiver-module-for-ardniuo\/#primaryimage\"},\"thumbnailUrl\":\"https:\/\/www.onetimenexttime.sk\/arduino\/wp-content\/uploads\/2021\/10\/107.jpg\",\"datePublished\":\"2021-10-29T05:10:59+00:00\",\"dateModified\":\"2024-02-22T17:16:24+00:00\",\"breadcrumb\":{\"@id\":\"https:\/\/www.onetimenexttime.sk\/arduino\/index.php\/produkt\/nrf24l01-2-4ghz-antenna-wireless-transceiver-module-for-ardniuo\/#breadcrumb\"},\"inLanguage\":\"sk-SK\",\"potentialAction\":[{\"@type\":\"ReadAction\",\"target\":[\"https:\/\/www.onetimenexttime.sk\/arduino\/index.php\/produkt\/nrf24l01-2-4ghz-antenna-wireless-transceiver-module-for-ardniuo\/\"]}]},{\"@type\":\"ImageObject\",\"inLanguage\":\"sk-SK\",\"@id\":\"https:\/\/www.onetimenexttime.sk\/arduino\/index.php\/produkt\/nrf24l01-2-4ghz-antenna-wireless-transceiver-module-for-ardniuo\/#primaryimage\",\"url\":\"https:\/\/www.onetimenexttime.sk\/arduino\/wp-content\/uploads\/2021\/10\/107.jpg\",\"contentUrl\":\"https:\/\/www.onetimenexttime.sk\/arduino\/wp-content\/uploads\/2021\/10\/107.jpg\",\"width\":502,\"height\":504},{\"@type\":\"BreadcrumbList\",\"@id\":\"https:\/\/www.onetimenexttime.sk\/arduino\/index.php\/produkt\/nrf24l01-2-4ghz-antenna-wireless-transceiver-module-for-ardniuo\/#breadcrumb\",\"itemListElement\":[{\"@type\":\"ListItem\",\"position\":1,\"name\":\"Domov\",\"item\":\"https:\/\/www.onetimenexttime.sk\/arduino\/\"},{\"@type\":\"ListItem\",\"position\":2,\"name\":\"Obchod\",\"item\":\"https:\/\/www.onetimenexttime.sk\/arduino\/\"},{\"@type\":\"ListItem\",\"position\":3,\"name\":\"NRF24L01 2.4GHz Antenna Wireless Transceiver Module for Ardniuo\"}]},{\"@type\":\"WebSite\",\"@id\":\"https:\/\/www.onetimenexttime.sk\/arduino\/#website\",\"url\":\"https:\/\/www.onetimenexttime.sk\/arduino\/\",\"name\":\"Arduino e-shop\",\"description\":\"Home Assistant\",\"potentialAction\":[{\"@type\":\"SearchAction\",\"target\":{\"@type\":\"EntryPoint\",\"urlTemplate\":\"https:\/\/www.onetimenexttime.sk\/arduino\/?s={search_term_string}\"},\"query-input\":{\"@type\":\"PropertyValueSpecification\",\"valueRequired\":true,\"valueName\":\"search_term_string\"}}],\"inLanguage\":\"sk-SK\"}]}<\/script>\n<!-- \/ Yoast SEO plugin. -->","yoast_head_json":{"title":"NRF24L01 2.4GHz Antenna Wireless Transceiver Module for Ardniuo - Arduino e-shop","robots":{"index":"index","follow":"follow","max-snippet":"max-snippet:-1","max-image-preview":"max-image-preview:large","max-video-preview":"max-video-preview:-1"},"canonical":"https:\/\/www.onetimenexttime.sk\/arduino\/index.php\/produkt\/nrf24l01-2-4ghz-antenna-wireless-transceiver-module-for-ardniuo\/","og_locale":"sk_SK","og_type":"article","og_title":"NRF24L01 2.4GHz Antenna Wireless Transceiver Module for Ardniuo - Arduino e-shop","og_description":"&nbsp; &nbsp; Inform\u00e1cie o module NRF24L01 2.4GHz Popis Bezdr\u00f4tov\u00fd prenosov\u00fd modul NRF24L01 s ant\u00e9nou pre Arduino Vlastnosti Frekven\u010dn\u00fd rozsah: 2.4&hellip;","og_url":"https:\/\/www.onetimenexttime.sk\/arduino\/index.php\/produkt\/nrf24l01-2-4ghz-antenna-wireless-transceiver-module-for-ardniuo\/","og_site_name":"Arduino e-shop","article_modified_time":"2024-02-22T17:16:24+00:00","og_image":[{"width":502,"height":504,"url":"https:\/\/www.onetimenexttime.sk\/arduino\/wp-content\/uploads\/2021\/10\/107.jpg","type":"image\/jpeg"}],"twitter_card":"summary_large_image","twitter_misc":{"Predpokladan\u00fd \u010das \u010d\u00edtania":"2 min\u00faty"},"schema":{"@context":"https:\/\/schema.org","@graph":[{"@type":"WebPage","@id":"https:\/\/www.onetimenexttime.sk\/arduino\/index.php\/produkt\/nrf24l01-2-4ghz-antenna-wireless-transceiver-module-for-ardniuo\/","url":"https:\/\/www.onetimenexttime.sk\/arduino\/index.php\/produkt\/nrf24l01-2-4ghz-antenna-wireless-transceiver-module-for-ardniuo\/","name":"NRF24L01 2.4GHz Antenna Wireless Transceiver Module for Ardniuo - Arduino e-shop","isPartOf":{"@id":"https:\/\/www.onetimenexttime.sk\/arduino\/#website"},"primaryImageOfPage":{"@id":"https:\/\/www.onetimenexttime.sk\/arduino\/index.php\/produkt\/nrf24l01-2-4ghz-antenna-wireless-transceiver-module-for-ardniuo\/#primaryimage"},"image":{"@id":"https:\/\/www.onetimenexttime.sk\/arduino\/index.php\/produkt\/nrf24l01-2-4ghz-antenna-wireless-transceiver-module-for-ardniuo\/#primaryimage"},"thumbnailUrl":"https:\/\/www.onetimenexttime.sk\/arduino\/wp-content\/uploads\/2021\/10\/107.jpg","datePublished":"2021-10-29T05:10:59+00:00","dateModified":"2024-02-22T17:16:24+00:00","breadcrumb":{"@id":"https:\/\/www.onetimenexttime.sk\/arduino\/index.php\/produkt\/nrf24l01-2-4ghz-antenna-wireless-transceiver-module-for-ardniuo\/#breadcrumb"},"inLanguage":"sk-SK","potentialAction":[{"@type":"ReadAction","target":["https:\/\/www.onetimenexttime.sk\/arduino\/index.php\/produkt\/nrf24l01-2-4ghz-antenna-wireless-transceiver-module-for-ardniuo\/"]}]},{"@type":"ImageObject","inLanguage":"sk-SK","@id":"https:\/\/www.onetimenexttime.sk\/arduino\/index.php\/produkt\/nrf24l01-2-4ghz-antenna-wireless-transceiver-module-for-ardniuo\/#primaryimage","url":"https:\/\/www.onetimenexttime.sk\/arduino\/wp-content\/uploads\/2021\/10\/107.jpg","contentUrl":"https:\/\/www.onetimenexttime.sk\/arduino\/wp-content\/uploads\/2021\/10\/107.jpg","width":502,"height":504},{"@type":"BreadcrumbList","@id":"https:\/\/www.onetimenexttime.sk\/arduino\/index.php\/produkt\/nrf24l01-2-4ghz-antenna-wireless-transceiver-module-for-ardniuo\/#breadcrumb","itemListElement":[{"@type":"ListItem","position":1,"name":"Domov","item":"https:\/\/www.onetimenexttime.sk\/arduino\/"},{"@type":"ListItem","position":2,"name":"Obchod","item":"https:\/\/www.onetimenexttime.sk\/arduino\/"},{"@type":"ListItem","position":3,"name":"NRF24L01 2.4GHz Antenna Wireless Transceiver Module for Ardniuo"}]},{"@type":"WebSite","@id":"https:\/\/www.onetimenexttime.sk\/arduino\/#website","url":"https:\/\/www.onetimenexttime.sk\/arduino\/","name":"Arduino e-shop","description":"Home Assistant","potentialAction":[{"@type":"SearchAction","target":{"@type":"EntryPoint","urlTemplate":"https:\/\/www.onetimenexttime.sk\/arduino\/?s={search_term_string}"},"query-input":{"@type":"PropertyValueSpecification","valueRequired":true,"valueName":"search_term_string"}}],"inLanguage":"sk-SK"}]}},"_links":{"self":[{"href":"https:\/\/www.onetimenexttime.sk\/arduino\/index.php\/wp-json\/wp\/v2\/product\/510"}],"collection":[{"href":"https:\/\/www.onetimenexttime.sk\/arduino\/index.php\/wp-json\/wp\/v2\/product"}],"about":[{"href":"https:\/\/www.onetimenexttime.sk\/arduino\/index.php\/wp-json\/wp\/v2\/types\/product"}],"wp:featuredmedia":[{"embeddable":true,"href":"https:\/\/www.onetimenexttime.sk\/arduino\/index.php\/wp-json\/wp\/v2\/media\/511"}],"wp:attachment":[{"href":"https:\/\/www.onetimenexttime.sk\/arduino\/index.php\/wp-json\/wp\/v2\/media?parent=510"}],"wp:term":[{"taxonomy":"product_cat","embeddable":true,"href":"https:\/\/www.onetimenexttime.sk\/arduino\/index.php\/wp-json\/wp\/v2\/product_cat?post=510"},{"taxonomy":"product_tag","embeddable":true,"href":"https:\/\/www.onetimenexttime.sk\/arduino\/index.php\/wp-json\/wp\/v2\/product_tag?post=510"}],"curies":[{"name":"wp","href":"https:\/\/api.w.org\/{rel}","templated":true}]}}