{"id":508,"date":"2021-10-29T07:04:22","date_gmt":"2021-10-29T05:04:22","guid":{"rendered":"https:\/\/www.onetimenexttime.sk\/arduino\/?post_type=product&#038;p=508"},"modified":"2021-10-29T08:01:20","modified_gmt":"2021-10-29T06:01:20","slug":"esp8266-remote-serial-wifi-wireless-transceiver-module-receive-wifi-esp-01","status":"publish","type":"product","link":"https:\/\/www.onetimenexttime.sk\/arduino\/index.php\/produkt\/esp8266-remote-serial-wifi-wireless-transceiver-module-receive-wifi-esp-01\/","title":{"rendered":"ESP8266 Remote Serial WIFI Wireless Transceiver Module Receive WIFI ESP-01"},"content":{"rendered":"<h2>ESP8266 Vzdialen\u00fd s\u00e9riov\u00fd WIFI bezdr\u00f4tov\u00fd modul vysiela\u010da a prij\u00edma\u010da WIFI ESP-01<\/h2>\n<p>D185 Doprava zdarma ESP8266 esp-01 vzdialen\u00fd s\u00e9riov\u00fd port WIFI bezdr\u00f4tov\u00fd modul cez steny najlep\u0161ia doska<\/p>\n<p>&nbsp;<\/p>\n<p>ESP8266 je vysoko integrovan\u00fd \u010dip navrhnut\u00fd pre potreby nov\u00e9ho prepojen\u00e9ho sveta. Pon\u00faka kompletn\u00e9 a samostatn\u00e9 Wi-Fi sie\u0165ov\u00e9 rie\u0161enie, ktor\u00e9 mu umo\u017e\u0148uje bu\u010f hos\u0165ova\u0165 aplik\u00e1ciu, alebo stiahnu\u0165 v\u0161etky funkcie Wi-Fi siete z in\u00e9ho aplika\u010dn\u00e9ho procesora.<\/p>\n<p>ESP8266 m\u00e1 v\u00fdkonn\u00e9 vstavan\u00e9 mo\u017enosti spracovania a ukladania, ktor\u00e9 umo\u017e\u0148uj\u00fa integr\u00e1ciu so senzormi a in\u00fdmi zariadeniami \u0161pecifick\u00fdmi pre aplik\u00e1ciu prostredn\u00edctvom GPIO s minim\u00e1lnym v\u00fdvojom vopred a minim\u00e1lnym za\u0165a\u017een\u00edm po\u010das behu. Jeho vysok\u00fd stupe\u0148 integr\u00e1cie na \u010dipe umo\u017e\u0148uje minim\u00e1lne extern\u00e9 obvody a cel\u00e9 rie\u0161enie, vr\u00e1tane front-end modulu, je navrhnut\u00e9 tak, aby zaberalo minim\u00e1lnu plochu PCB.<br \/>\nVlastnosti<br \/>\nSDIO 2.0, SPI, UART<br \/>\n32-kol\u00edkov\u00fd bal\u00edk QFN<br \/>\nIntegrovan\u00fd RF prep\u00edna\u010d, balun, 24dBm PA, DCXO a PMU<br \/>\nIntegrovan\u00fd RISC procesor, pam\u00e4\u0165 na \u010dipe a extern\u00e9 pam\u00e4\u0165ov\u00e9 rozhrania<br \/>\nIntegrovan\u00e9 procesory MAC\/baseband<br \/>\nRiadenie kvality slu\u017eieb<br \/>\nRozhranie I2S pre audio aplik\u00e1cie s vysokou vernos\u0165ou<br \/>\nOn-chip low-dropout line\u00e1rne regul\u00e1tory pre v\u0161etky intern\u00e9 dod\u00e1vky<br \/>\nPropriet\u00e1rna architekt\u00fara generovania hod\u00edn bez ru\u0161enia<br \/>\nIntegrovan\u00e9 motory WEP, TKIP, AES a WAPI<br \/>\nRie\u0161enia<br \/>\nPodporuje APSD pre optim\u00e1lne aplik\u00e1cie VoIP<br \/>\nPatentovan\u00fd algoritmus na potla\u010denie falo\u0161n\u00e9ho hluku pre integr\u00e1ciu do aplik\u00e1ci\u00ed SOC<br \/>\nPodporuje rozhranie koexistencie Bluetooth<br \/>\nSamokalibrovan\u00e9 RF na zabezpe\u010denie optim\u00e1lneho v\u00fdkonu za v\u0161etk\u00fdch prev\u00e1dzkov\u00fdch podmienok<br \/>\nNulov\u00e9 tov\u00e1rensk\u00e9 ladenie<br \/>\n\u017diadne extern\u00e9 RF komponenty<br \/>\ntechnick\u00e9 \u00fadaje<br \/>\n802,11 b\/g\/n<br \/>\nWi-Fi Direct (P2P), soft-AP<br \/>\nIntegrovan\u00fd z\u00e1sobn\u00edk TCP\/IP protokolov<br \/>\nIntegrovan\u00fd TR prep\u00edna\u010d, balun, LNA, v\u00fdkonov\u00fd zosil\u0148ova\u010d a prisp\u00f4soben\u00e1 sie\u0165<br \/>\nIntegrovan\u00e9 PLL, regul\u00e1tory, DCXO a jednotky spr\u00e1vy nap\u00e1jania<br \/>\nV\u00fdstupn\u00fd v\u00fdkon +19,5 dBm v re\u017eime 802.11b<br \/>\nVypnite zvodov\u00fd pr\u00fad &lt;10uA<br \/>\nAko aplika\u010dn\u00fd procesor mo\u017eno pou\u017ei\u0165 integrovan\u00fd 32-bitov\u00fd procesor s n\u00edzkou spotrebou<br \/>\nSDIO 1.1\/2.0, SPI, UART<br \/>\nSTBC, 1\u00d71 MIMO, 2\u00d71 MIMO<br \/>\nAgreg\u00e1cia A-MPDU &amp; A-MSDU &amp; ochrann\u00fd interval 0,4 ms<br \/>\nPrebudenie a prenos paketov za &lt; 2 ms<br \/>\nSpotreba energie v pohotovostnom re\u017eime &lt; 1,0 mW (DTIM3)<br \/>\nPom\u00f4\u017ete svojmu rozvoju jednoduch\u0161ie.<br \/>\nF\u00f3rum komunity ESP8266 Serial WIFI Module&gt;&gt; Podrobnosti o ESP8266<br \/>\n1. Vysok\u00e1 kvalita a n\u00edzka cena<br \/>\n2. LWIP dohoda<br \/>\n3. Podpora 3 re\u017eimov: AP, STA, AP+STA<br \/>\n4. Dokonal\u00e9 a jednoduch\u00e9 AT pr\u00edkazy<br \/>\nTeraz sa va\u0161e Arduino m\u00f4\u017ee pripoji\u0165 k Wi-Fi bez toho, aby ste brzdili banku.<br \/>\nPou\u017eite tento modul pre svoj \u010fal\u0161\u00ed projekt Interet of Things, dom\u00e1cu automatiz\u00e1ciu alebo projekt dia\u013ekov\u00e9ho senzora.<br \/>\nTento modul prip\u00e1ja IC ESP8226 na pou\u017eitie cez s\u00e9riov\u00e9 pripojenie pomocou jednoduch\u00fdch pr\u00edkazov AT.<br \/>\nNevy\u017eaduje sa \u017eiadne rozhranie SPI ani know-how.<br \/>\naeProduct.getSubject()<br \/>\nvarovania:<br \/>\nTento modul vy\u017eaduje nap\u00e1janie 3,3 V pre VCC a 3,3 V logiku. Nie je to 5V tolant. Pripojte RX alebo TX na 5V Arduino<br \/>\nzni\u010di\u0165 tento modul. Mus\u00edte pou\u017ei\u0165 prevodn\u00edk logickej \u00farovne alebo 3,3 V Arduino<br \/>\n3,3 V nap\u00e1janie na Arduino Uno m\u00e1 nedostato\u010dn\u00fa pr\u00fadov\u00fa kapacitu na nap\u00e1janie tohto modulu. Mus\u00edte poskytn\u00fa\u0165 samostatn\u00fd,<br \/>\nvy\u0161\u0161ie nap\u00e1janie 3,3 V (asi 300 mA alebo lep\u0161ie)<br \/>\nModul ESP8225 je na trhu ve\u013emi nov\u00fd a jeho podpora a dokument\u00e1cia s\u00fa v s\u00fa\u010dasnosti ve\u013emi obmedzen\u00e9.<br \/>\nBalenie obsahuje:<br \/>\n1 x ESP8266 Serial Esp-01 WIFI modul bezdr\u00f4tov\u00e9ho vysiela\u010da a prij\u00edma\u010da Odosielanie Prij\u00edmanie LWIP AP+STA<\/p>\n","protected":false},"excerpt":{"rendered":"<p>ESP8266 Vzdialen\u00fd s\u00e9riov\u00fd WIFI bezdr\u00f4tov\u00fd modul vysiela\u010da a prij\u00edma\u010da WIFI ESP-01 D185 Doprava zdarma ESP8266 esp-01 vzdialen\u00fd s\u00e9riov\u00fd port WIFI&hellip;<\/p>\n","protected":false},"featured_media":509,"template":"","meta":{"_monsterinsights_skip_tracking":false,"_monsterinsights_sitenote_active":false,"_monsterinsights_sitenote_note":"","_monsterinsights_sitenote_category":0},"product_cat":[16,33,29],"product_tag":[],"class_list":{"0":"post-508","1":"product","2":"type-product","3":"status-publish","4":"has-post-thumbnail","6":"product_cat-ard","7":"product_cat-wifi","8":"product_cat-wireless-transmission","10":"first","11":"instock","12":"shipping-taxable","13":"purchasable","14":"product-type-simple"},"yoast_head":"<!-- This site is optimized with the Yoast SEO plugin v23.6 - https:\/\/yoast.com\/wordpress\/plugins\/seo\/ -->\n<title>ESP8266 Remote Serial WIFI Wireless Transceiver Module Receive WIFI ESP-01 - Arduino e-shop<\/title>\n<meta name=\"robots\" content=\"index, follow, max-snippet:-1, max-image-preview:large, max-video-preview:-1\" \/>\n<link rel=\"canonical\" href=\"https:\/\/www.onetimenexttime.sk\/arduino\/index.php\/produkt\/esp8266-remote-serial-wifi-wireless-transceiver-module-receive-wifi-esp-01\/\" \/>\n<meta property=\"og:locale\" content=\"sk_SK\" \/>\n<meta property=\"og:type\" content=\"article\" \/>\n<meta property=\"og:title\" content=\"ESP8266 Remote Serial WIFI Wireless Transceiver Module Receive WIFI ESP-01 - Arduino e-shop\" \/>\n<meta property=\"og:description\" content=\"ESP8266 Vzdialen\u00fd s\u00e9riov\u00fd WIFI bezdr\u00f4tov\u00fd modul vysiela\u010da a prij\u00edma\u010da WIFI ESP-01 D185 Doprava zdarma ESP8266 esp-01 vzdialen\u00fd s\u00e9riov\u00fd port WIFI&hellip;\" \/>\n<meta property=\"og:url\" content=\"https:\/\/www.onetimenexttime.sk\/arduino\/index.php\/produkt\/esp8266-remote-serial-wifi-wireless-transceiver-module-receive-wifi-esp-01\/\" \/>\n<meta property=\"og:site_name\" content=\"Arduino e-shop\" \/>\n<meta property=\"article:modified_time\" content=\"2021-10-29T06:01:20+00:00\" \/>\n<meta property=\"og:image\" content=\"https:\/\/www.onetimenexttime.sk\/arduino\/wp-content\/uploads\/2021\/10\/104.jpg\" \/>\n\t<meta property=\"og:image:width\" content=\"502\" \/>\n\t<meta property=\"og:image:height\" content=\"504\" \/>\n\t<meta property=\"og:image:type\" content=\"image\/jpeg\" \/>\n<meta name=\"twitter:card\" content=\"summary_large_image\" \/>\n<meta name=\"twitter:label1\" content=\"Predpokladan\u00fd \u010das \u010d\u00edtania\" \/>\n\t<meta name=\"twitter:data1\" content=\"3 min\u00faty\" \/>\n<script type=\"application\/ld+json\" class=\"yoast-schema-graph\">{\"@context\":\"https:\/\/schema.org\",\"@graph\":[{\"@type\":\"WebPage\",\"@id\":\"https:\/\/www.onetimenexttime.sk\/arduino\/index.php\/produkt\/esp8266-remote-serial-wifi-wireless-transceiver-module-receive-wifi-esp-01\/\",\"url\":\"https:\/\/www.onetimenexttime.sk\/arduino\/index.php\/produkt\/esp8266-remote-serial-wifi-wireless-transceiver-module-receive-wifi-esp-01\/\",\"name\":\"ESP8266 Remote Serial WIFI Wireless Transceiver Module Receive WIFI ESP-01 - Arduino e-shop\",\"isPartOf\":{\"@id\":\"https:\/\/www.onetimenexttime.sk\/arduino\/#website\"},\"primaryImageOfPage\":{\"@id\":\"https:\/\/www.onetimenexttime.sk\/arduino\/index.php\/produkt\/esp8266-remote-serial-wifi-wireless-transceiver-module-receive-wifi-esp-01\/#primaryimage\"},\"image\":{\"@id\":\"https:\/\/www.onetimenexttime.sk\/arduino\/index.php\/produkt\/esp8266-remote-serial-wifi-wireless-transceiver-module-receive-wifi-esp-01\/#primaryimage\"},\"thumbnailUrl\":\"https:\/\/www.onetimenexttime.sk\/arduino\/wp-content\/uploads\/2021\/10\/104.jpg\",\"datePublished\":\"2021-10-29T05:04:22+00:00\",\"dateModified\":\"2021-10-29T06:01:20+00:00\",\"breadcrumb\":{\"@id\":\"https:\/\/www.onetimenexttime.sk\/arduino\/index.php\/produkt\/esp8266-remote-serial-wifi-wireless-transceiver-module-receive-wifi-esp-01\/#breadcrumb\"},\"inLanguage\":\"sk-SK\",\"potentialAction\":[{\"@type\":\"ReadAction\",\"target\":[\"https:\/\/www.onetimenexttime.sk\/arduino\/index.php\/produkt\/esp8266-remote-serial-wifi-wireless-transceiver-module-receive-wifi-esp-01\/\"]}]},{\"@type\":\"ImageObject\",\"inLanguage\":\"sk-SK\",\"@id\":\"https:\/\/www.onetimenexttime.sk\/arduino\/index.php\/produkt\/esp8266-remote-serial-wifi-wireless-transceiver-module-receive-wifi-esp-01\/#primaryimage\",\"url\":\"https:\/\/www.onetimenexttime.sk\/arduino\/wp-content\/uploads\/2021\/10\/104.jpg\",\"contentUrl\":\"https:\/\/www.onetimenexttime.sk\/arduino\/wp-content\/uploads\/2021\/10\/104.jpg\",\"width\":502,\"height\":504},{\"@type\":\"BreadcrumbList\",\"@id\":\"https:\/\/www.onetimenexttime.sk\/arduino\/index.php\/produkt\/esp8266-remote-serial-wifi-wireless-transceiver-module-receive-wifi-esp-01\/#breadcrumb\",\"itemListElement\":[{\"@type\":\"ListItem\",\"position\":1,\"name\":\"Domov\",\"item\":\"https:\/\/www.onetimenexttime.sk\/arduino\/\"},{\"@type\":\"ListItem\",\"position\":2,\"name\":\"Obchod\",\"item\":\"https:\/\/www.onetimenexttime.sk\/arduino\/\"},{\"@type\":\"ListItem\",\"position\":3,\"name\":\"ESP8266 Remote Serial WIFI Wireless Transceiver Module Receive WIFI ESP-01\"}]},{\"@type\":\"WebSite\",\"@id\":\"https:\/\/www.onetimenexttime.sk\/arduino\/#website\",\"url\":\"https:\/\/www.onetimenexttime.sk\/arduino\/\",\"name\":\"Arduino e-shop\",\"description\":\"Home Assistant\",\"potentialAction\":[{\"@type\":\"SearchAction\",\"target\":{\"@type\":\"EntryPoint\",\"urlTemplate\":\"https:\/\/www.onetimenexttime.sk\/arduino\/?s={search_term_string}\"},\"query-input\":{\"@type\":\"PropertyValueSpecification\",\"valueRequired\":true,\"valueName\":\"search_term_string\"}}],\"inLanguage\":\"sk-SK\"}]}<\/script>\n<!-- \/ Yoast SEO plugin. -->","yoast_head_json":{"title":"ESP8266 Remote Serial WIFI Wireless Transceiver Module Receive WIFI ESP-01 - Arduino e-shop","robots":{"index":"index","follow":"follow","max-snippet":"max-snippet:-1","max-image-preview":"max-image-preview:large","max-video-preview":"max-video-preview:-1"},"canonical":"https:\/\/www.onetimenexttime.sk\/arduino\/index.php\/produkt\/esp8266-remote-serial-wifi-wireless-transceiver-module-receive-wifi-esp-01\/","og_locale":"sk_SK","og_type":"article","og_title":"ESP8266 Remote Serial WIFI Wireless Transceiver Module Receive WIFI ESP-01 - Arduino e-shop","og_description":"ESP8266 Vzdialen\u00fd s\u00e9riov\u00fd WIFI bezdr\u00f4tov\u00fd modul vysiela\u010da a prij\u00edma\u010da WIFI ESP-01 D185 Doprava zdarma ESP8266 esp-01 vzdialen\u00fd s\u00e9riov\u00fd port WIFI&hellip;","og_url":"https:\/\/www.onetimenexttime.sk\/arduino\/index.php\/produkt\/esp8266-remote-serial-wifi-wireless-transceiver-module-receive-wifi-esp-01\/","og_site_name":"Arduino e-shop","article_modified_time":"2021-10-29T06:01:20+00:00","og_image":[{"width":502,"height":504,"url":"https:\/\/www.onetimenexttime.sk\/arduino\/wp-content\/uploads\/2021\/10\/104.jpg","type":"image\/jpeg"}],"twitter_card":"summary_large_image","twitter_misc":{"Predpokladan\u00fd \u010das \u010d\u00edtania":"3 min\u00faty"},"schema":{"@context":"https:\/\/schema.org","@graph":[{"@type":"WebPage","@id":"https:\/\/www.onetimenexttime.sk\/arduino\/index.php\/produkt\/esp8266-remote-serial-wifi-wireless-transceiver-module-receive-wifi-esp-01\/","url":"https:\/\/www.onetimenexttime.sk\/arduino\/index.php\/produkt\/esp8266-remote-serial-wifi-wireless-transceiver-module-receive-wifi-esp-01\/","name":"ESP8266 Remote Serial WIFI Wireless Transceiver Module Receive WIFI ESP-01 - Arduino e-shop","isPartOf":{"@id":"https:\/\/www.onetimenexttime.sk\/arduino\/#website"},"primaryImageOfPage":{"@id":"https:\/\/www.onetimenexttime.sk\/arduino\/index.php\/produkt\/esp8266-remote-serial-wifi-wireless-transceiver-module-receive-wifi-esp-01\/#primaryimage"},"image":{"@id":"https:\/\/www.onetimenexttime.sk\/arduino\/index.php\/produkt\/esp8266-remote-serial-wifi-wireless-transceiver-module-receive-wifi-esp-01\/#primaryimage"},"thumbnailUrl":"https:\/\/www.onetimenexttime.sk\/arduino\/wp-content\/uploads\/2021\/10\/104.jpg","datePublished":"2021-10-29T05:04:22+00:00","dateModified":"2021-10-29T06:01:20+00:00","breadcrumb":{"@id":"https:\/\/www.onetimenexttime.sk\/arduino\/index.php\/produkt\/esp8266-remote-serial-wifi-wireless-transceiver-module-receive-wifi-esp-01\/#breadcrumb"},"inLanguage":"sk-SK","potentialAction":[{"@type":"ReadAction","target":["https:\/\/www.onetimenexttime.sk\/arduino\/index.php\/produkt\/esp8266-remote-serial-wifi-wireless-transceiver-module-receive-wifi-esp-01\/"]}]},{"@type":"ImageObject","inLanguage":"sk-SK","@id":"https:\/\/www.onetimenexttime.sk\/arduino\/index.php\/produkt\/esp8266-remote-serial-wifi-wireless-transceiver-module-receive-wifi-esp-01\/#primaryimage","url":"https:\/\/www.onetimenexttime.sk\/arduino\/wp-content\/uploads\/2021\/10\/104.jpg","contentUrl":"https:\/\/www.onetimenexttime.sk\/arduino\/wp-content\/uploads\/2021\/10\/104.jpg","width":502,"height":504},{"@type":"BreadcrumbList","@id":"https:\/\/www.onetimenexttime.sk\/arduino\/index.php\/produkt\/esp8266-remote-serial-wifi-wireless-transceiver-module-receive-wifi-esp-01\/#breadcrumb","itemListElement":[{"@type":"ListItem","position":1,"name":"Domov","item":"https:\/\/www.onetimenexttime.sk\/arduino\/"},{"@type":"ListItem","position":2,"name":"Obchod","item":"https:\/\/www.onetimenexttime.sk\/arduino\/"},{"@type":"ListItem","position":3,"name":"ESP8266 Remote Serial WIFI Wireless Transceiver Module Receive WIFI ESP-01"}]},{"@type":"WebSite","@id":"https:\/\/www.onetimenexttime.sk\/arduino\/#website","url":"https:\/\/www.onetimenexttime.sk\/arduino\/","name":"Arduino e-shop","description":"Home Assistant","potentialAction":[{"@type":"SearchAction","target":{"@type":"EntryPoint","urlTemplate":"https:\/\/www.onetimenexttime.sk\/arduino\/?s={search_term_string}"},"query-input":{"@type":"PropertyValueSpecification","valueRequired":true,"valueName":"search_term_string"}}],"inLanguage":"sk-SK"}]}},"_links":{"self":[{"href":"https:\/\/www.onetimenexttime.sk\/arduino\/index.php\/wp-json\/wp\/v2\/product\/508"}],"collection":[{"href":"https:\/\/www.onetimenexttime.sk\/arduino\/index.php\/wp-json\/wp\/v2\/product"}],"about":[{"href":"https:\/\/www.onetimenexttime.sk\/arduino\/index.php\/wp-json\/wp\/v2\/types\/product"}],"wp:featuredmedia":[{"embeddable":true,"href":"https:\/\/www.onetimenexttime.sk\/arduino\/index.php\/wp-json\/wp\/v2\/media\/509"}],"wp:attachment":[{"href":"https:\/\/www.onetimenexttime.sk\/arduino\/index.php\/wp-json\/wp\/v2\/media?parent=508"}],"wp:term":[{"taxonomy":"product_cat","embeddable":true,"href":"https:\/\/www.onetimenexttime.sk\/arduino\/index.php\/wp-json\/wp\/v2\/product_cat?post=508"},{"taxonomy":"product_tag","embeddable":true,"href":"https:\/\/www.onetimenexttime.sk\/arduino\/index.php\/wp-json\/wp\/v2\/product_tag?post=508"}],"curies":[{"name":"wp","href":"https:\/\/api.w.org\/{rel}","templated":true}]}}