{"id":489,"date":"2021-10-23T19:11:52","date_gmt":"2021-10-23T17:11:52","guid":{"rendered":"https:\/\/www.onetimenexttime.sk\/arduino\/?post_type=product&#038;p=489"},"modified":"2021-11-01T20:26:39","modified_gmt":"2021-11-01T19:26:39","slug":"led-panel-voltmeter-mini-digital-display-voltmeter-measuring-range-ac-75v-to-300v","status":"publish","type":"product","link":"https:\/\/www.onetimenexttime.sk\/arduino\/index.php\/produkt\/led-panel-voltmeter-mini-digital-display-voltmeter-measuring-range-ac-75v-to-300v\/","title":{"rendered":"LED Panel Voltmeter Mini Digital Display Voltmeter Measuring Range AC 75V to 300V"},"content":{"rendered":"<h2>LED panelov\u00fd voltmeter Mini digit\u00e1lny displej Voltmeter Rozsah merania AC 75V a\u017e 300V<\/h2>\n<p>Digit\u00e1lny tester AC 75~300V s \u010derven\u00fdm LED displejom voltmetr AC 110V 220V voltmeter\/monitor nap\u00e4tia, mini digit\u00e1lny mera\u010d nap\u00e4tia<\/p>\n<p>&nbsp;<\/p>\n<p><strong>Funkcia:<\/strong><\/p>\n<p>Rozmery: 48 x 29 x 27 mm<br \/>\nVe\u013ekos\u0165 rezu: 46 x 27 mm<br \/>\nRozsah meracieho nap\u00e4tia: AC75~300V<br \/>\nMinim\u00e1lny vstup: 75 V AC<br \/>\nMaxim\u00e1lny vstup: 300 V AC (ak je vstupn\u00e9 nap\u00e4tie vy\u0161\u0161ie ako 300 V AC, voltmetr by horel.)<br \/>\nPr\u00edpustn\u00e1 chyba: 1 % (+ \/ &#8211; 1 \u010d\u00edslica)<br \/>\nDisplej: tri 0,56 &#8220;LED digit\u00e1lne trubice<br \/>\nFarba displeja: \u010derven\u00e1<br \/>\nObnovovacia frekvencia: pribli\u017ene 500 m\/s<br \/>\nSpotreba pr\u00fadu: Menej ako 20 mA, zvy\u010dajne 5-15 mA<br \/>\nPrev\u00e1dzkov\u00e1 teplota: -10 \u00b0C ~ 65 \u00b0C<br \/>\nPou\u017eitie: priemyseln\u00e9 zariadenia, elektronick\u00e9 zariadenia, laborat\u00f3rium<br \/>\na v\u0161etky druhy merania nap\u00e4tia.<\/p>\n","protected":false},"excerpt":{"rendered":"<p>LED panelov\u00fd voltmeter Mini digit\u00e1lny displej Voltmeter Rozsah merania AC 75V a\u017e 300V Digit\u00e1lny tester AC 75~300V s \u010derven\u00fdm LED&hellip;<\/p>\n","protected":false},"featured_media":490,"template":"","meta":{"_monsterinsights_skip_tracking":false,"_monsterinsights_sitenote_active":false,"_monsterinsights_sitenote_note":"","_monsterinsights_sitenote_category":0},"product_cat":[16,25,21,58],"product_tag":[],"class_list":{"0":"post-489","1":"product","2":"type-product","3":"status-publish","4":"has-post-thumbnail","6":"product_cat-ard","7":"product_cat-display","8":"product_cat-pw","9":"product_cat-tester","11":"first","12":"instock","13":"sale","14":"shipping-taxable","15":"purchasable","16":"product-type-simple"},"yoast_head":"<!-- This site is optimized with the Yoast SEO plugin v23.6 - https:\/\/yoast.com\/wordpress\/plugins\/seo\/ -->\n<title>LED Panel Voltmeter Mini Digital Display Voltmeter Measuring Range AC 75V to 300V - Arduino e-shop<\/title>\n<meta name=\"robots\" content=\"index, follow, max-snippet:-1, max-image-preview:large, max-video-preview:-1\" \/>\n<link rel=\"canonical\" href=\"https:\/\/www.onetimenexttime.sk\/arduino\/index.php\/produkt\/led-panel-voltmeter-mini-digital-display-voltmeter-measuring-range-ac-75v-to-300v\/\" \/>\n<meta property=\"og:locale\" content=\"sk_SK\" \/>\n<meta property=\"og:type\" content=\"article\" \/>\n<meta property=\"og:title\" content=\"LED Panel Voltmeter Mini Digital Display Voltmeter Measuring Range AC 75V to 300V - Arduino e-shop\" \/>\n<meta property=\"og:description\" content=\"LED panelov\u00fd voltmeter Mini digit\u00e1lny displej Voltmeter Rozsah merania AC 75V a\u017e 300V Digit\u00e1lny tester AC 75~300V s \u010derven\u00fdm LED&hellip;\" \/>\n<meta property=\"og:url\" content=\"https:\/\/www.onetimenexttime.sk\/arduino\/index.php\/produkt\/led-panel-voltmeter-mini-digital-display-voltmeter-measuring-range-ac-75v-to-300v\/\" \/>\n<meta property=\"og:site_name\" content=\"Arduino e-shop\" \/>\n<meta property=\"article:modified_time\" content=\"2021-11-01T19:26:39+00:00\" \/>\n<meta property=\"og:image\" content=\"https:\/\/www.onetimenexttime.sk\/arduino\/wp-content\/uploads\/2021\/10\/809.webp\" \/>\n\t<meta property=\"og:image:width\" content=\"600\" \/>\n\t<meta property=\"og:image:height\" content=\"600\" \/>\n\t<meta property=\"og:image:type\" content=\"image\/webp\" \/>\n<meta name=\"twitter:card\" content=\"summary_large_image\" \/>\n<meta name=\"twitter:label1\" content=\"Predpokladan\u00fd \u010das \u010d\u00edtania\" \/>\n\t<meta name=\"twitter:data1\" content=\"1 min\u00fata\" \/>\n<script type=\"application\/ld+json\" class=\"yoast-schema-graph\">{\"@context\":\"https:\/\/schema.org\",\"@graph\":[{\"@type\":\"WebPage\",\"@id\":\"https:\/\/www.onetimenexttime.sk\/arduino\/index.php\/produkt\/led-panel-voltmeter-mini-digital-display-voltmeter-measuring-range-ac-75v-to-300v\/\",\"url\":\"https:\/\/www.onetimenexttime.sk\/arduino\/index.php\/produkt\/led-panel-voltmeter-mini-digital-display-voltmeter-measuring-range-ac-75v-to-300v\/\",\"name\":\"LED Panel Voltmeter Mini Digital Display Voltmeter Measuring Range AC 75V to 300V - Arduino e-shop\",\"isPartOf\":{\"@id\":\"https:\/\/www.onetimenexttime.sk\/arduino\/#website\"},\"primaryImageOfPage\":{\"@id\":\"https:\/\/www.onetimenexttime.sk\/arduino\/index.php\/produkt\/led-panel-voltmeter-mini-digital-display-voltmeter-measuring-range-ac-75v-to-300v\/#primaryimage\"},\"image\":{\"@id\":\"https:\/\/www.onetimenexttime.sk\/arduino\/index.php\/produkt\/led-panel-voltmeter-mini-digital-display-voltmeter-measuring-range-ac-75v-to-300v\/#primaryimage\"},\"thumbnailUrl\":\"https:\/\/www.onetimenexttime.sk\/arduino\/wp-content\/uploads\/2021\/10\/809.webp\",\"datePublished\":\"2021-10-23T17:11:52+00:00\",\"dateModified\":\"2021-11-01T19:26:39+00:00\",\"breadcrumb\":{\"@id\":\"https:\/\/www.onetimenexttime.sk\/arduino\/index.php\/produkt\/led-panel-voltmeter-mini-digital-display-voltmeter-measuring-range-ac-75v-to-300v\/#breadcrumb\"},\"inLanguage\":\"sk-SK\",\"potentialAction\":[{\"@type\":\"ReadAction\",\"target\":[\"https:\/\/www.onetimenexttime.sk\/arduino\/index.php\/produkt\/led-panel-voltmeter-mini-digital-display-voltmeter-measuring-range-ac-75v-to-300v\/\"]}]},{\"@type\":\"ImageObject\",\"inLanguage\":\"sk-SK\",\"@id\":\"https:\/\/www.onetimenexttime.sk\/arduino\/index.php\/produkt\/led-panel-voltmeter-mini-digital-display-voltmeter-measuring-range-ac-75v-to-300v\/#primaryimage\",\"url\":\"https:\/\/www.onetimenexttime.sk\/arduino\/wp-content\/uploads\/2021\/10\/809.webp\",\"contentUrl\":\"https:\/\/www.onetimenexttime.sk\/arduino\/wp-content\/uploads\/2021\/10\/809.webp\",\"width\":600,\"height\":600},{\"@type\":\"BreadcrumbList\",\"@id\":\"https:\/\/www.onetimenexttime.sk\/arduino\/index.php\/produkt\/led-panel-voltmeter-mini-digital-display-voltmeter-measuring-range-ac-75v-to-300v\/#breadcrumb\",\"itemListElement\":[{\"@type\":\"ListItem\",\"position\":1,\"name\":\"Domov\",\"item\":\"https:\/\/www.onetimenexttime.sk\/arduino\/\"},{\"@type\":\"ListItem\",\"position\":2,\"name\":\"Obchod\",\"item\":\"https:\/\/www.onetimenexttime.sk\/arduino\/\"},{\"@type\":\"ListItem\",\"position\":3,\"name\":\"LED Panel Voltmeter Mini Digital Display Voltmeter Measuring Range AC 75V to 300V\"}]},{\"@type\":\"WebSite\",\"@id\":\"https:\/\/www.onetimenexttime.sk\/arduino\/#website\",\"url\":\"https:\/\/www.onetimenexttime.sk\/arduino\/\",\"name\":\"Arduino e-shop\",\"description\":\"Home Assistant\",\"potentialAction\":[{\"@type\":\"SearchAction\",\"target\":{\"@type\":\"EntryPoint\",\"urlTemplate\":\"https:\/\/www.onetimenexttime.sk\/arduino\/?s={search_term_string}\"},\"query-input\":{\"@type\":\"PropertyValueSpecification\",\"valueRequired\":true,\"valueName\":\"search_term_string\"}}],\"inLanguage\":\"sk-SK\"}]}<\/script>\n<!-- \/ Yoast SEO plugin. -->","yoast_head_json":{"title":"LED Panel Voltmeter Mini Digital Display Voltmeter Measuring Range AC 75V to 300V - Arduino e-shop","robots":{"index":"index","follow":"follow","max-snippet":"max-snippet:-1","max-image-preview":"max-image-preview:large","max-video-preview":"max-video-preview:-1"},"canonical":"https:\/\/www.onetimenexttime.sk\/arduino\/index.php\/produkt\/led-panel-voltmeter-mini-digital-display-voltmeter-measuring-range-ac-75v-to-300v\/","og_locale":"sk_SK","og_type":"article","og_title":"LED Panel Voltmeter Mini Digital Display Voltmeter Measuring Range AC 75V to 300V - Arduino e-shop","og_description":"LED panelov\u00fd voltmeter Mini digit\u00e1lny displej Voltmeter Rozsah merania AC 75V a\u017e 300V Digit\u00e1lny tester AC 75~300V s \u010derven\u00fdm LED&hellip;","og_url":"https:\/\/www.onetimenexttime.sk\/arduino\/index.php\/produkt\/led-panel-voltmeter-mini-digital-display-voltmeter-measuring-range-ac-75v-to-300v\/","og_site_name":"Arduino e-shop","article_modified_time":"2021-11-01T19:26:39+00:00","og_image":[{"width":600,"height":600,"url":"https:\/\/www.onetimenexttime.sk\/arduino\/wp-content\/uploads\/2021\/10\/809.webp","type":"image\/webp"}],"twitter_card":"summary_large_image","twitter_misc":{"Predpokladan\u00fd \u010das \u010d\u00edtania":"1 min\u00fata"},"schema":{"@context":"https:\/\/schema.org","@graph":[{"@type":"WebPage","@id":"https:\/\/www.onetimenexttime.sk\/arduino\/index.php\/produkt\/led-panel-voltmeter-mini-digital-display-voltmeter-measuring-range-ac-75v-to-300v\/","url":"https:\/\/www.onetimenexttime.sk\/arduino\/index.php\/produkt\/led-panel-voltmeter-mini-digital-display-voltmeter-measuring-range-ac-75v-to-300v\/","name":"LED Panel Voltmeter Mini Digital Display Voltmeter Measuring Range AC 75V to 300V - Arduino e-shop","isPartOf":{"@id":"https:\/\/www.onetimenexttime.sk\/arduino\/#website"},"primaryImageOfPage":{"@id":"https:\/\/www.onetimenexttime.sk\/arduino\/index.php\/produkt\/led-panel-voltmeter-mini-digital-display-voltmeter-measuring-range-ac-75v-to-300v\/#primaryimage"},"image":{"@id":"https:\/\/www.onetimenexttime.sk\/arduino\/index.php\/produkt\/led-panel-voltmeter-mini-digital-display-voltmeter-measuring-range-ac-75v-to-300v\/#primaryimage"},"thumbnailUrl":"https:\/\/www.onetimenexttime.sk\/arduino\/wp-content\/uploads\/2021\/10\/809.webp","datePublished":"2021-10-23T17:11:52+00:00","dateModified":"2021-11-01T19:26:39+00:00","breadcrumb":{"@id":"https:\/\/www.onetimenexttime.sk\/arduino\/index.php\/produkt\/led-panel-voltmeter-mini-digital-display-voltmeter-measuring-range-ac-75v-to-300v\/#breadcrumb"},"inLanguage":"sk-SK","potentialAction":[{"@type":"ReadAction","target":["https:\/\/www.onetimenexttime.sk\/arduino\/index.php\/produkt\/led-panel-voltmeter-mini-digital-display-voltmeter-measuring-range-ac-75v-to-300v\/"]}]},{"@type":"ImageObject","inLanguage":"sk-SK","@id":"https:\/\/www.onetimenexttime.sk\/arduino\/index.php\/produkt\/led-panel-voltmeter-mini-digital-display-voltmeter-measuring-range-ac-75v-to-300v\/#primaryimage","url":"https:\/\/www.onetimenexttime.sk\/arduino\/wp-content\/uploads\/2021\/10\/809.webp","contentUrl":"https:\/\/www.onetimenexttime.sk\/arduino\/wp-content\/uploads\/2021\/10\/809.webp","width":600,"height":600},{"@type":"BreadcrumbList","@id":"https:\/\/www.onetimenexttime.sk\/arduino\/index.php\/produkt\/led-panel-voltmeter-mini-digital-display-voltmeter-measuring-range-ac-75v-to-300v\/#breadcrumb","itemListElement":[{"@type":"ListItem","position":1,"name":"Domov","item":"https:\/\/www.onetimenexttime.sk\/arduino\/"},{"@type":"ListItem","position":2,"name":"Obchod","item":"https:\/\/www.onetimenexttime.sk\/arduino\/"},{"@type":"ListItem","position":3,"name":"LED Panel Voltmeter Mini Digital Display Voltmeter Measuring Range AC 75V to 300V"}]},{"@type":"WebSite","@id":"https:\/\/www.onetimenexttime.sk\/arduino\/#website","url":"https:\/\/www.onetimenexttime.sk\/arduino\/","name":"Arduino e-shop","description":"Home Assistant","potentialAction":[{"@type":"SearchAction","target":{"@type":"EntryPoint","urlTemplate":"https:\/\/www.onetimenexttime.sk\/arduino\/?s={search_term_string}"},"query-input":{"@type":"PropertyValueSpecification","valueRequired":true,"valueName":"search_term_string"}}],"inLanguage":"sk-SK"}]}},"_links":{"self":[{"href":"https:\/\/www.onetimenexttime.sk\/arduino\/index.php\/wp-json\/wp\/v2\/product\/489"}],"collection":[{"href":"https:\/\/www.onetimenexttime.sk\/arduino\/index.php\/wp-json\/wp\/v2\/product"}],"about":[{"href":"https:\/\/www.onetimenexttime.sk\/arduino\/index.php\/wp-json\/wp\/v2\/types\/product"}],"wp:featuredmedia":[{"embeddable":true,"href":"https:\/\/www.onetimenexttime.sk\/arduino\/index.php\/wp-json\/wp\/v2\/media\/490"}],"wp:attachment":[{"href":"https:\/\/www.onetimenexttime.sk\/arduino\/index.php\/wp-json\/wp\/v2\/media?parent=489"}],"wp:term":[{"taxonomy":"product_cat","embeddable":true,"href":"https:\/\/www.onetimenexttime.sk\/arduino\/index.php\/wp-json\/wp\/v2\/product_cat?post=489"},{"taxonomy":"product_tag","embeddable":true,"href":"https:\/\/www.onetimenexttime.sk\/arduino\/index.php\/wp-json\/wp\/v2\/product_tag?post=489"}],"curies":[{"name":"wp","href":"https:\/\/api.w.org\/{rel}","templated":true}]}}