{"id":486,"date":"2021-10-23T19:05:42","date_gmt":"2021-10-23T17:05:42","guid":{"rendered":"https:\/\/www.onetimenexttime.sk\/arduino\/?post_type=product&#038;p=486"},"modified":"2021-10-23T19:08:35","modified_gmt":"2021-10-23T17:08:35","slug":"max7219-led-dot-matrix-8-digit-digital-display-control-module","status":"publish","type":"product","link":"https:\/\/www.onetimenexttime.sk\/arduino\/index.php\/produkt\/max7219-led-dot-matrix-8-digit-digital-display-control-module\/","title":{"rendered":"MAX7219 LED Dot matrix 8-Digit Digital Display Control Module"},"content":{"rendered":"<h2>MAX7219 LED bodov\u00fd maticov\u00fd 8-miestny digit\u00e1lny riadiaci modul digit\u00e1lneho displeja<\/h2>\n<p>&nbsp;<\/p>\n<p><strong>Funkcia:<\/strong><br \/>\nJe to integrovan\u00fd s\u00e9riov\u00fd vstup\/v\u00fdstup so spolo\u010dnou kat\u00f3dou zobrazova\u010da.<br \/>\nSp\u00e1ja mikroprocesor s 8-miestnym 7-segmentov\u00fdm LED displejom a mo\u017eno ho pripoji\u0165 aj k st\u013apcov\u00e9mu displeju alebo 64 DU LED. Obsahuje BCD kod\u00e9r typu B na \u010dipe, viackan\u00e1lov\u00fa skenovaciu slu\u010dku, ovl\u00e1da\u010d segmentov\u00e9ho slova a 8*8 statiku na ukladanie v\u0161etk\u00fdch \u00fadajov. Na nastavenie segmentov\u00e9ho pr\u00fadu ka\u017edej LED sa pou\u017e\u00edva iba jeden extern\u00fd register.<br \/>\nPohodln\u00e9 \u0161tvorvodi\u010dov\u00e9 s\u00e9riov\u00e9 rozhranie je mo\u017en\u00e9 pripoji\u0165 ku v\u0161etk\u00fdm mikroprocesorom na v\u0161eobecn\u00e9 pou\u017eitie.<br \/>\nUmo\u017enite pou\u017e\u00edvate\u013eom vybra\u0165 si k\u00f3dovanie alebo nek\u00f3dovanie jednotliv\u00fdch \u00fadajov.<br \/>\nObsahuje re\u017eim vypnutia s n\u00edzkou spotrebou 150\u03bcA, anal\u00f3gov\u00e9 a digit\u00e1lne ovl\u00e1danie jasu, register limitov skenovania umo\u017e\u0148uje pou\u017e\u00edvate\u013eom zobrazi\u0165 1-8 bitov \u00fadajov a re\u017eim detekcie, ktor\u00fd umo\u017e\u0148uje v\u0161etk\u00fdm LED vy\u017earova\u0165 svetlo.<br \/>\nNa pohon 8 digit\u00e1lnych elektr\u00f3nok s\u00fa potrebn\u00e9 iba 3 IO porty! \u017diadne blikanie, ke\u010f je zobrazen\u00e1 nixie trubica! Podporte kask\u00e1dovanie!<br \/>\n\u0160tyri rohy dosky plo\u0161n\u00fdch spojov s\u00fa upevnen\u00e9 meden\u00fdmi \u010dapmi, ktor\u00e9 m\u00f4\u017eu \u00fa\u010dinne zabr\u00e1ni\u0165 nehod\u00e1m, ako s\u00fa skraty!<br \/>\nNixie trubica je 0,36 palca 4 v jednej nixie trubici so spolo\u010dnou kat\u00f3dou.<br \/>\nTento modul je kompatibiln\u00fd s 5V\/3,3V MCU (51\/AVR\/STM32).<\/p>\n<p><strong>Technick\u00e9 \u00fadaje:<\/strong><br \/>\nTyp polo\u017eky: Riadiaci modul 8-miestneho digit\u00e1lneho elektr\u00f3nkov\u00e9ho displeja<br \/>\nMateri\u00e1l: elektronick\u00e9 s\u00fa\u010diastky<br \/>\nVe\u013ekos\u0165: 82x15x11mm\/3,2&#215;0,5&#215;0,4in<\/p>\n","protected":false},"excerpt":{"rendered":"<p>MAX7219 LED bodov\u00fd maticov\u00fd 8-miestny digit\u00e1lny riadiaci modul digit\u00e1lneho displeja &nbsp; Funkcia: Je to integrovan\u00fd s\u00e9riov\u00fd vstup\/v\u00fdstup so spolo\u010dnou kat\u00f3dou&hellip;<\/p>\n","protected":false},"featured_media":487,"template":"","meta":{"_monsterinsights_skip_tracking":false,"_monsterinsights_sitenote_active":false,"_monsterinsights_sitenote_note":"","_monsterinsights_sitenote_category":0},"product_cat":[16,25,17],"product_tag":[],"class_list":{"0":"post-486","1":"product","2":"type-product","3":"status-publish","4":"has-post-thumbnail","6":"product_cat-ard","7":"product_cat-display","8":"product_cat-modul","10":"first","11":"instock","12":"shipping-taxable","13":"purchasable","14":"product-type-simple"},"yoast_head":"<!-- This site is optimized with the Yoast SEO plugin v23.6 - https:\/\/yoast.com\/wordpress\/plugins\/seo\/ -->\n<title>MAX7219 LED Dot matrix 8-Digit Digital Display Control Module - Arduino e-shop<\/title>\n<meta name=\"robots\" content=\"index, follow, max-snippet:-1, max-image-preview:large, max-video-preview:-1\" \/>\n<link rel=\"canonical\" href=\"https:\/\/www.onetimenexttime.sk\/arduino\/index.php\/produkt\/max7219-led-dot-matrix-8-digit-digital-display-control-module\/\" \/>\n<meta property=\"og:locale\" content=\"sk_SK\" \/>\n<meta property=\"og:type\" content=\"article\" \/>\n<meta property=\"og:title\" content=\"MAX7219 LED Dot matrix 8-Digit Digital Display Control Module - Arduino e-shop\" \/>\n<meta property=\"og:description\" content=\"MAX7219 LED bodov\u00fd maticov\u00fd 8-miestny digit\u00e1lny riadiaci modul digit\u00e1lneho displeja &nbsp; Funkcia: Je to integrovan\u00fd s\u00e9riov\u00fd vstup\/v\u00fdstup so spolo\u010dnou kat\u00f3dou&hellip;\" \/>\n<meta property=\"og:url\" content=\"https:\/\/www.onetimenexttime.sk\/arduino\/index.php\/produkt\/max7219-led-dot-matrix-8-digit-digital-display-control-module\/\" \/>\n<meta property=\"og:site_name\" content=\"Arduino e-shop\" \/>\n<meta property=\"article:modified_time\" content=\"2021-10-23T17:08:35+00:00\" \/>\n<meta property=\"og:image\" content=\"https:\/\/www.onetimenexttime.sk\/arduino\/wp-content\/uploads\/2021\/10\/815.jpg\" \/>\n\t<meta property=\"og:image:width\" content=\"599\" \/>\n\t<meta property=\"og:image:height\" content=\"599\" \/>\n\t<meta property=\"og:image:type\" content=\"image\/jpeg\" \/>\n<meta name=\"twitter:card\" content=\"summary_large_image\" \/>\n<meta name=\"twitter:label1\" content=\"Predpokladan\u00fd \u010das \u010d\u00edtania\" \/>\n\t<meta name=\"twitter:data1\" content=\"1 min\u00fata\" \/>\n<script type=\"application\/ld+json\" class=\"yoast-schema-graph\">{\"@context\":\"https:\/\/schema.org\",\"@graph\":[{\"@type\":\"WebPage\",\"@id\":\"https:\/\/www.onetimenexttime.sk\/arduino\/index.php\/produkt\/max7219-led-dot-matrix-8-digit-digital-display-control-module\/\",\"url\":\"https:\/\/www.onetimenexttime.sk\/arduino\/index.php\/produkt\/max7219-led-dot-matrix-8-digit-digital-display-control-module\/\",\"name\":\"MAX7219 LED Dot matrix 8-Digit Digital Display Control Module - Arduino e-shop\",\"isPartOf\":{\"@id\":\"https:\/\/www.onetimenexttime.sk\/arduino\/#website\"},\"primaryImageOfPage\":{\"@id\":\"https:\/\/www.onetimenexttime.sk\/arduino\/index.php\/produkt\/max7219-led-dot-matrix-8-digit-digital-display-control-module\/#primaryimage\"},\"image\":{\"@id\":\"https:\/\/www.onetimenexttime.sk\/arduino\/index.php\/produkt\/max7219-led-dot-matrix-8-digit-digital-display-control-module\/#primaryimage\"},\"thumbnailUrl\":\"https:\/\/www.onetimenexttime.sk\/arduino\/wp-content\/uploads\/2021\/10\/815.jpg\",\"datePublished\":\"2021-10-23T17:05:42+00:00\",\"dateModified\":\"2021-10-23T17:08:35+00:00\",\"breadcrumb\":{\"@id\":\"https:\/\/www.onetimenexttime.sk\/arduino\/index.php\/produkt\/max7219-led-dot-matrix-8-digit-digital-display-control-module\/#breadcrumb\"},\"inLanguage\":\"sk-SK\",\"potentialAction\":[{\"@type\":\"ReadAction\",\"target\":[\"https:\/\/www.onetimenexttime.sk\/arduino\/index.php\/produkt\/max7219-led-dot-matrix-8-digit-digital-display-control-module\/\"]}]},{\"@type\":\"ImageObject\",\"inLanguage\":\"sk-SK\",\"@id\":\"https:\/\/www.onetimenexttime.sk\/arduino\/index.php\/produkt\/max7219-led-dot-matrix-8-digit-digital-display-control-module\/#primaryimage\",\"url\":\"https:\/\/www.onetimenexttime.sk\/arduino\/wp-content\/uploads\/2021\/10\/815.jpg\",\"contentUrl\":\"https:\/\/www.onetimenexttime.sk\/arduino\/wp-content\/uploads\/2021\/10\/815.jpg\",\"width\":599,\"height\":599},{\"@type\":\"BreadcrumbList\",\"@id\":\"https:\/\/www.onetimenexttime.sk\/arduino\/index.php\/produkt\/max7219-led-dot-matrix-8-digit-digital-display-control-module\/#breadcrumb\",\"itemListElement\":[{\"@type\":\"ListItem\",\"position\":1,\"name\":\"Domov\",\"item\":\"https:\/\/www.onetimenexttime.sk\/arduino\/\"},{\"@type\":\"ListItem\",\"position\":2,\"name\":\"Obchod\",\"item\":\"https:\/\/www.onetimenexttime.sk\/arduino\/\"},{\"@type\":\"ListItem\",\"position\":3,\"name\":\"MAX7219 LED Dot matrix 8-Digit Digital Display Control Module\"}]},{\"@type\":\"WebSite\",\"@id\":\"https:\/\/www.onetimenexttime.sk\/arduino\/#website\",\"url\":\"https:\/\/www.onetimenexttime.sk\/arduino\/\",\"name\":\"Arduino e-shop\",\"description\":\"Home Assistant\",\"potentialAction\":[{\"@type\":\"SearchAction\",\"target\":{\"@type\":\"EntryPoint\",\"urlTemplate\":\"https:\/\/www.onetimenexttime.sk\/arduino\/?s={search_term_string}\"},\"query-input\":{\"@type\":\"PropertyValueSpecification\",\"valueRequired\":true,\"valueName\":\"search_term_string\"}}],\"inLanguage\":\"sk-SK\"}]}<\/script>\n<!-- \/ Yoast SEO plugin. -->","yoast_head_json":{"title":"MAX7219 LED Dot matrix 8-Digit Digital Display Control Module - Arduino e-shop","robots":{"index":"index","follow":"follow","max-snippet":"max-snippet:-1","max-image-preview":"max-image-preview:large","max-video-preview":"max-video-preview:-1"},"canonical":"https:\/\/www.onetimenexttime.sk\/arduino\/index.php\/produkt\/max7219-led-dot-matrix-8-digit-digital-display-control-module\/","og_locale":"sk_SK","og_type":"article","og_title":"MAX7219 LED Dot matrix 8-Digit Digital Display Control Module - Arduino e-shop","og_description":"MAX7219 LED bodov\u00fd maticov\u00fd 8-miestny digit\u00e1lny riadiaci modul digit\u00e1lneho displeja &nbsp; Funkcia: Je to integrovan\u00fd s\u00e9riov\u00fd vstup\/v\u00fdstup so spolo\u010dnou kat\u00f3dou&hellip;","og_url":"https:\/\/www.onetimenexttime.sk\/arduino\/index.php\/produkt\/max7219-led-dot-matrix-8-digit-digital-display-control-module\/","og_site_name":"Arduino e-shop","article_modified_time":"2021-10-23T17:08:35+00:00","og_image":[{"width":599,"height":599,"url":"https:\/\/www.onetimenexttime.sk\/arduino\/wp-content\/uploads\/2021\/10\/815.jpg","type":"image\/jpeg"}],"twitter_card":"summary_large_image","twitter_misc":{"Predpokladan\u00fd \u010das \u010d\u00edtania":"1 min\u00fata"},"schema":{"@context":"https:\/\/schema.org","@graph":[{"@type":"WebPage","@id":"https:\/\/www.onetimenexttime.sk\/arduino\/index.php\/produkt\/max7219-led-dot-matrix-8-digit-digital-display-control-module\/","url":"https:\/\/www.onetimenexttime.sk\/arduino\/index.php\/produkt\/max7219-led-dot-matrix-8-digit-digital-display-control-module\/","name":"MAX7219 LED Dot matrix 8-Digit Digital Display Control Module - Arduino e-shop","isPartOf":{"@id":"https:\/\/www.onetimenexttime.sk\/arduino\/#website"},"primaryImageOfPage":{"@id":"https:\/\/www.onetimenexttime.sk\/arduino\/index.php\/produkt\/max7219-led-dot-matrix-8-digit-digital-display-control-module\/#primaryimage"},"image":{"@id":"https:\/\/www.onetimenexttime.sk\/arduino\/index.php\/produkt\/max7219-led-dot-matrix-8-digit-digital-display-control-module\/#primaryimage"},"thumbnailUrl":"https:\/\/www.onetimenexttime.sk\/arduino\/wp-content\/uploads\/2021\/10\/815.jpg","datePublished":"2021-10-23T17:05:42+00:00","dateModified":"2021-10-23T17:08:35+00:00","breadcrumb":{"@id":"https:\/\/www.onetimenexttime.sk\/arduino\/index.php\/produkt\/max7219-led-dot-matrix-8-digit-digital-display-control-module\/#breadcrumb"},"inLanguage":"sk-SK","potentialAction":[{"@type":"ReadAction","target":["https:\/\/www.onetimenexttime.sk\/arduino\/index.php\/produkt\/max7219-led-dot-matrix-8-digit-digital-display-control-module\/"]}]},{"@type":"ImageObject","inLanguage":"sk-SK","@id":"https:\/\/www.onetimenexttime.sk\/arduino\/index.php\/produkt\/max7219-led-dot-matrix-8-digit-digital-display-control-module\/#primaryimage","url":"https:\/\/www.onetimenexttime.sk\/arduino\/wp-content\/uploads\/2021\/10\/815.jpg","contentUrl":"https:\/\/www.onetimenexttime.sk\/arduino\/wp-content\/uploads\/2021\/10\/815.jpg","width":599,"height":599},{"@type":"BreadcrumbList","@id":"https:\/\/www.onetimenexttime.sk\/arduino\/index.php\/produkt\/max7219-led-dot-matrix-8-digit-digital-display-control-module\/#breadcrumb","itemListElement":[{"@type":"ListItem","position":1,"name":"Domov","item":"https:\/\/www.onetimenexttime.sk\/arduino\/"},{"@type":"ListItem","position":2,"name":"Obchod","item":"https:\/\/www.onetimenexttime.sk\/arduino\/"},{"@type":"ListItem","position":3,"name":"MAX7219 LED Dot matrix 8-Digit Digital Display Control Module"}]},{"@type":"WebSite","@id":"https:\/\/www.onetimenexttime.sk\/arduino\/#website","url":"https:\/\/www.onetimenexttime.sk\/arduino\/","name":"Arduino e-shop","description":"Home Assistant","potentialAction":[{"@type":"SearchAction","target":{"@type":"EntryPoint","urlTemplate":"https:\/\/www.onetimenexttime.sk\/arduino\/?s={search_term_string}"},"query-input":{"@type":"PropertyValueSpecification","valueRequired":true,"valueName":"search_term_string"}}],"inLanguage":"sk-SK"}]}},"_links":{"self":[{"href":"https:\/\/www.onetimenexttime.sk\/arduino\/index.php\/wp-json\/wp\/v2\/product\/486"}],"collection":[{"href":"https:\/\/www.onetimenexttime.sk\/arduino\/index.php\/wp-json\/wp\/v2\/product"}],"about":[{"href":"https:\/\/www.onetimenexttime.sk\/arduino\/index.php\/wp-json\/wp\/v2\/types\/product"}],"wp:featuredmedia":[{"embeddable":true,"href":"https:\/\/www.onetimenexttime.sk\/arduino\/index.php\/wp-json\/wp\/v2\/media\/487"}],"wp:attachment":[{"href":"https:\/\/www.onetimenexttime.sk\/arduino\/index.php\/wp-json\/wp\/v2\/media?parent=486"}],"wp:term":[{"taxonomy":"product_cat","embeddable":true,"href":"https:\/\/www.onetimenexttime.sk\/arduino\/index.php\/wp-json\/wp\/v2\/product_cat?post=486"},{"taxonomy":"product_tag","embeddable":true,"href":"https:\/\/www.onetimenexttime.sk\/arduino\/index.php\/wp-json\/wp\/v2\/product_tag?post=486"}],"curies":[{"name":"wp","href":"https:\/\/api.w.org\/{rel}","templated":true}]}}