{"id":478,"date":"2021-10-23T18:55:54","date_gmt":"2021-10-23T16:55:54","guid":{"rendered":"https:\/\/www.onetimenexttime.sk\/arduino\/?post_type=product&#038;p=478"},"modified":"2021-10-23T19:00:27","modified_gmt":"2021-10-23T17:00:27","slug":"10-segment-red-led-bar-graph-display","status":"publish","type":"product","link":"https:\/\/www.onetimenexttime.sk\/arduino\/index.php\/produkt\/10-segment-red-led-bar-graph-display\/","title":{"rendered":"10 segment red LED bar &#8211; graph display"},"content":{"rendered":"<h2>10 segmentov\u00fd \u010derven\u00fd LED st\u013apcov\u00fd &#8211; grafov\u00fd displej<\/h2>\n<p>&nbsp;<\/p>\n<p>Tento 10-segmentov\u00fd digit\u00e1lny \u010derven\u00fd LED panel je \u0161iroko pou\u017e\u00edvan\u00fd v jedno\u010dipov\u00fdch po\u010d\u00edta\u010doch, audio zariadeniach, pr\u00edstrojov\u00fdch paneloch a digit\u00e1lnom \u010d\u00edtacom displeji at\u010f. M\u00e1 priemyseln\u00fa \u0161tandardn\u00fa ve\u013ekos\u0165, dizajn s n\u00edzkou spotrebou energie<br \/>\nVlastnosti:<br \/>\n.\u00daplne nov\u00fd 10-segmentov\u00fd digit\u00e1lny \u010derven\u00fd LED panelov\u00fd displej<br \/>\n.10 Segmentov\u00fd digit\u00e1lny \u010derven\u00fd pruhov\u00fd LED displej<br \/>\n.2510 sveteln\u00e1 li\u0161ta<br \/>\n.LED 10 segmentov plan\u00e1rne<br \/>\n.Kontrolka ultra jasu<br \/>\nPopisy:<br \/>\n.Materi\u00e1l: plast<br \/>\n.Farba LED: \u010cerven\u00e1<\/p>\n","protected":false},"excerpt":{"rendered":"<p>10 segmentov\u00fd \u010derven\u00fd LED st\u013apcov\u00fd &#8211; grafov\u00fd displej &nbsp; Tento 10-segmentov\u00fd digit\u00e1lny \u010derven\u00fd LED panel je \u0161iroko pou\u017e\u00edvan\u00fd v jedno\u010dipov\u00fdch&hellip;<\/p>\n","protected":false},"featured_media":479,"template":"","meta":{"_monsterinsights_skip_tracking":false,"_monsterinsights_sitenote_active":false,"_monsterinsights_sitenote_note":"","_monsterinsights_sitenote_category":0},"product_cat":[16,25],"product_tag":[],"class_list":{"0":"post-478","1":"product","2":"type-product","3":"status-publish","4":"has-post-thumbnail","6":"product_cat-ard","7":"product_cat-display","9":"first","10":"instock","11":"sale","12":"shipping-taxable","13":"purchasable","14":"product-type-simple"},"yoast_head":"<!-- This site is optimized with the Yoast SEO plugin v23.6 - https:\/\/yoast.com\/wordpress\/plugins\/seo\/ -->\n<title>10 segment red LED bar - graph display - Arduino e-shop<\/title>\n<meta name=\"robots\" content=\"index, follow, max-snippet:-1, max-image-preview:large, max-video-preview:-1\" \/>\n<link rel=\"canonical\" href=\"https:\/\/www.onetimenexttime.sk\/arduino\/index.php\/produkt\/10-segment-red-led-bar-graph-display\/\" \/>\n<meta property=\"og:locale\" content=\"sk_SK\" \/>\n<meta property=\"og:type\" content=\"article\" \/>\n<meta property=\"og:title\" content=\"10 segment red LED bar - graph display - Arduino e-shop\" \/>\n<meta property=\"og:description\" content=\"10 segmentov\u00fd \u010derven\u00fd LED st\u013apcov\u00fd &#8211; grafov\u00fd displej &nbsp; Tento 10-segmentov\u00fd digit\u00e1lny \u010derven\u00fd LED panel je \u0161iroko pou\u017e\u00edvan\u00fd v jedno\u010dipov\u00fdch&hellip;\" \/>\n<meta property=\"og:url\" content=\"https:\/\/www.onetimenexttime.sk\/arduino\/index.php\/produkt\/10-segment-red-led-bar-graph-display\/\" \/>\n<meta property=\"og:site_name\" content=\"Arduino e-shop\" \/>\n<meta property=\"article:modified_time\" content=\"2021-10-23T17:00:27+00:00\" \/>\n<meta property=\"og:image\" content=\"https:\/\/www.onetimenexttime.sk\/arduino\/wp-content\/uploads\/2021\/10\/811.jpg\" \/>\n\t<meta property=\"og:image:width\" content=\"565\" \/>\n\t<meta property=\"og:image:height\" content=\"565\" \/>\n\t<meta property=\"og:image:type\" content=\"image\/jpeg\" \/>\n<meta name=\"twitter:card\" content=\"summary_large_image\" \/>\n<meta name=\"twitter:label1\" content=\"Predpokladan\u00fd \u010das \u010d\u00edtania\" \/>\n\t<meta name=\"twitter:data1\" content=\"1 min\u00fata\" \/>\n<script type=\"application\/ld+json\" class=\"yoast-schema-graph\">{\"@context\":\"https:\/\/schema.org\",\"@graph\":[{\"@type\":\"WebPage\",\"@id\":\"https:\/\/www.onetimenexttime.sk\/arduino\/index.php\/produkt\/10-segment-red-led-bar-graph-display\/\",\"url\":\"https:\/\/www.onetimenexttime.sk\/arduino\/index.php\/produkt\/10-segment-red-led-bar-graph-display\/\",\"name\":\"10 segment red LED bar - graph display - Arduino e-shop\",\"isPartOf\":{\"@id\":\"https:\/\/www.onetimenexttime.sk\/arduino\/#website\"},\"primaryImageOfPage\":{\"@id\":\"https:\/\/www.onetimenexttime.sk\/arduino\/index.php\/produkt\/10-segment-red-led-bar-graph-display\/#primaryimage\"},\"image\":{\"@id\":\"https:\/\/www.onetimenexttime.sk\/arduino\/index.php\/produkt\/10-segment-red-led-bar-graph-display\/#primaryimage\"},\"thumbnailUrl\":\"https:\/\/www.onetimenexttime.sk\/arduino\/wp-content\/uploads\/2021\/10\/811.jpg\",\"datePublished\":\"2021-10-23T16:55:54+00:00\",\"dateModified\":\"2021-10-23T17:00:27+00:00\",\"breadcrumb\":{\"@id\":\"https:\/\/www.onetimenexttime.sk\/arduino\/index.php\/produkt\/10-segment-red-led-bar-graph-display\/#breadcrumb\"},\"inLanguage\":\"sk-SK\",\"potentialAction\":[{\"@type\":\"ReadAction\",\"target\":[\"https:\/\/www.onetimenexttime.sk\/arduino\/index.php\/produkt\/10-segment-red-led-bar-graph-display\/\"]}]},{\"@type\":\"ImageObject\",\"inLanguage\":\"sk-SK\",\"@id\":\"https:\/\/www.onetimenexttime.sk\/arduino\/index.php\/produkt\/10-segment-red-led-bar-graph-display\/#primaryimage\",\"url\":\"https:\/\/www.onetimenexttime.sk\/arduino\/wp-content\/uploads\/2021\/10\/811.jpg\",\"contentUrl\":\"https:\/\/www.onetimenexttime.sk\/arduino\/wp-content\/uploads\/2021\/10\/811.jpg\",\"width\":565,\"height\":565},{\"@type\":\"BreadcrumbList\",\"@id\":\"https:\/\/www.onetimenexttime.sk\/arduino\/index.php\/produkt\/10-segment-red-led-bar-graph-display\/#breadcrumb\",\"itemListElement\":[{\"@type\":\"ListItem\",\"position\":1,\"name\":\"Domov\",\"item\":\"https:\/\/www.onetimenexttime.sk\/arduino\/\"},{\"@type\":\"ListItem\",\"position\":2,\"name\":\"Obchod\",\"item\":\"https:\/\/www.onetimenexttime.sk\/arduino\/\"},{\"@type\":\"ListItem\",\"position\":3,\"name\":\"10 segment red LED bar &#8211; graph display\"}]},{\"@type\":\"WebSite\",\"@id\":\"https:\/\/www.onetimenexttime.sk\/arduino\/#website\",\"url\":\"https:\/\/www.onetimenexttime.sk\/arduino\/\",\"name\":\"Arduino e-shop\",\"description\":\"Home Assistant\",\"potentialAction\":[{\"@type\":\"SearchAction\",\"target\":{\"@type\":\"EntryPoint\",\"urlTemplate\":\"https:\/\/www.onetimenexttime.sk\/arduino\/?s={search_term_string}\"},\"query-input\":{\"@type\":\"PropertyValueSpecification\",\"valueRequired\":true,\"valueName\":\"search_term_string\"}}],\"inLanguage\":\"sk-SK\"}]}<\/script>\n<!-- \/ Yoast SEO plugin. -->","yoast_head_json":{"title":"10 segment red LED bar - graph display - Arduino e-shop","robots":{"index":"index","follow":"follow","max-snippet":"max-snippet:-1","max-image-preview":"max-image-preview:large","max-video-preview":"max-video-preview:-1"},"canonical":"https:\/\/www.onetimenexttime.sk\/arduino\/index.php\/produkt\/10-segment-red-led-bar-graph-display\/","og_locale":"sk_SK","og_type":"article","og_title":"10 segment red LED bar - graph display - Arduino e-shop","og_description":"10 segmentov\u00fd \u010derven\u00fd LED st\u013apcov\u00fd &#8211; grafov\u00fd displej &nbsp; Tento 10-segmentov\u00fd digit\u00e1lny \u010derven\u00fd LED panel je \u0161iroko pou\u017e\u00edvan\u00fd v jedno\u010dipov\u00fdch&hellip;","og_url":"https:\/\/www.onetimenexttime.sk\/arduino\/index.php\/produkt\/10-segment-red-led-bar-graph-display\/","og_site_name":"Arduino e-shop","article_modified_time":"2021-10-23T17:00:27+00:00","og_image":[{"width":565,"height":565,"url":"https:\/\/www.onetimenexttime.sk\/arduino\/wp-content\/uploads\/2021\/10\/811.jpg","type":"image\/jpeg"}],"twitter_card":"summary_large_image","twitter_misc":{"Predpokladan\u00fd \u010das \u010d\u00edtania":"1 min\u00fata"},"schema":{"@context":"https:\/\/schema.org","@graph":[{"@type":"WebPage","@id":"https:\/\/www.onetimenexttime.sk\/arduino\/index.php\/produkt\/10-segment-red-led-bar-graph-display\/","url":"https:\/\/www.onetimenexttime.sk\/arduino\/index.php\/produkt\/10-segment-red-led-bar-graph-display\/","name":"10 segment red LED bar - graph display - Arduino e-shop","isPartOf":{"@id":"https:\/\/www.onetimenexttime.sk\/arduino\/#website"},"primaryImageOfPage":{"@id":"https:\/\/www.onetimenexttime.sk\/arduino\/index.php\/produkt\/10-segment-red-led-bar-graph-display\/#primaryimage"},"image":{"@id":"https:\/\/www.onetimenexttime.sk\/arduino\/index.php\/produkt\/10-segment-red-led-bar-graph-display\/#primaryimage"},"thumbnailUrl":"https:\/\/www.onetimenexttime.sk\/arduino\/wp-content\/uploads\/2021\/10\/811.jpg","datePublished":"2021-10-23T16:55:54+00:00","dateModified":"2021-10-23T17:00:27+00:00","breadcrumb":{"@id":"https:\/\/www.onetimenexttime.sk\/arduino\/index.php\/produkt\/10-segment-red-led-bar-graph-display\/#breadcrumb"},"inLanguage":"sk-SK","potentialAction":[{"@type":"ReadAction","target":["https:\/\/www.onetimenexttime.sk\/arduino\/index.php\/produkt\/10-segment-red-led-bar-graph-display\/"]}]},{"@type":"ImageObject","inLanguage":"sk-SK","@id":"https:\/\/www.onetimenexttime.sk\/arduino\/index.php\/produkt\/10-segment-red-led-bar-graph-display\/#primaryimage","url":"https:\/\/www.onetimenexttime.sk\/arduino\/wp-content\/uploads\/2021\/10\/811.jpg","contentUrl":"https:\/\/www.onetimenexttime.sk\/arduino\/wp-content\/uploads\/2021\/10\/811.jpg","width":565,"height":565},{"@type":"BreadcrumbList","@id":"https:\/\/www.onetimenexttime.sk\/arduino\/index.php\/produkt\/10-segment-red-led-bar-graph-display\/#breadcrumb","itemListElement":[{"@type":"ListItem","position":1,"name":"Domov","item":"https:\/\/www.onetimenexttime.sk\/arduino\/"},{"@type":"ListItem","position":2,"name":"Obchod","item":"https:\/\/www.onetimenexttime.sk\/arduino\/"},{"@type":"ListItem","position":3,"name":"10 segment red LED bar &#8211; graph display"}]},{"@type":"WebSite","@id":"https:\/\/www.onetimenexttime.sk\/arduino\/#website","url":"https:\/\/www.onetimenexttime.sk\/arduino\/","name":"Arduino e-shop","description":"Home Assistant","potentialAction":[{"@type":"SearchAction","target":{"@type":"EntryPoint","urlTemplate":"https:\/\/www.onetimenexttime.sk\/arduino\/?s={search_term_string}"},"query-input":{"@type":"PropertyValueSpecification","valueRequired":true,"valueName":"search_term_string"}}],"inLanguage":"sk-SK"}]}},"_links":{"self":[{"href":"https:\/\/www.onetimenexttime.sk\/arduino\/index.php\/wp-json\/wp\/v2\/product\/478"}],"collection":[{"href":"https:\/\/www.onetimenexttime.sk\/arduino\/index.php\/wp-json\/wp\/v2\/product"}],"about":[{"href":"https:\/\/www.onetimenexttime.sk\/arduino\/index.php\/wp-json\/wp\/v2\/types\/product"}],"wp:featuredmedia":[{"embeddable":true,"href":"https:\/\/www.onetimenexttime.sk\/arduino\/index.php\/wp-json\/wp\/v2\/media\/479"}],"wp:attachment":[{"href":"https:\/\/www.onetimenexttime.sk\/arduino\/index.php\/wp-json\/wp\/v2\/media?parent=478"}],"wp:term":[{"taxonomy":"product_cat","embeddable":true,"href":"https:\/\/www.onetimenexttime.sk\/arduino\/index.php\/wp-json\/wp\/v2\/product_cat?post=478"},{"taxonomy":"product_tag","embeddable":true,"href":"https:\/\/www.onetimenexttime.sk\/arduino\/index.php\/wp-json\/wp\/v2\/product_tag?post=478"}],"curies":[{"name":"wp","href":"https:\/\/api.w.org\/{rel}","templated":true}]}}