{"id":471,"date":"2021-10-23T18:40:10","date_gmt":"2021-10-23T16:40:10","guid":{"rendered":"https:\/\/www.onetimenexttime.sk\/arduino\/?post_type=product&#038;p=471"},"modified":"2021-10-23T18:47:07","modified_gmt":"2021-10-23T16:47:07","slug":"digital-wireless-microphone-stereo-fm-transmitter-module-87-108mhz-electronic-components-assortment-kit","status":"publish","type":"product","link":"https:\/\/www.onetimenexttime.sk\/arduino\/index.php\/produkt\/digital-wireless-microphone-stereo-fm-transmitter-module-87-108mhz-electronic-components-assortment-kit\/","title":{"rendered":"Digital Wireless Microphone Stereo FM Transmitter Module 87-108MHz Electronic Components Assortment kit"},"content":{"rendered":"<h2>Digit\u00e1lny bezdr\u00f4tov\u00fd Stereo FM vysielac\u00ed modul 87-108 MHz s mikrof\u00f3nom\u00a0S\u00faprava elektronick\u00fdch komponentov<\/h2>\n<p><strong>Funkcia:<\/strong><br \/>\nPokro\u010dil\u00e9 spracovanie digit\u00e1lneho zvukov\u00e9ho sign\u00e1lu (DSP) a FM modula\u010dn\u00e1 modula\u010dn\u00e1 slu\u010dka s f\u00e1zov\u00fdm z\u00e1vesom (PLL) zais\u0165uj\u00fa men\u0161ie skreslenie zvuku a stabilnej\u0161\u00ed v\u00fdkon. LCD displej je intuit\u00edvnej\u0161\u00ed a presnej\u0161\u00ed a m\u00e1 ve\u013emi n\u00edzku spotrebu energie a mal\u00e9 ru\u0161enie \u0161umom. Vstavan\u00e9 30-triedne digit\u00e1lne nastavenie hlasitosti m\u00f4\u017ee jednoducho dokon\u010di\u0165 nastavenie hlasitosti stla\u010den\u00edm tla\u010didiel. Automatick\u00e9 ukladanie \u00fadajov pri v\u00fdpadku nap\u00e1jania. Automatick\u00e9 prep\u00ednanie z viackan\u00e1lov\u00fdch audio vstupov. Pou\u017eitie kremenn\u00e9ho kry\u0161t\u00e1lu na stabiliz\u00e1ciu frekvencie a frekvencia emisie sa nebude meni\u0165 pri zmene teploty. Podpora riadenia pr\u00edkazov s\u00e9riov\u00e9ho portu.<br \/>\n<strong>\u0160pecifik\u00e1cia:<\/strong><br \/>\nV\u00fdstupn\u00fd v\u00fdkon: 100mW<br \/>\nFrekven\u010dn\u00e1 odozva: 50 Hz a\u017e 18 kHz<br \/>\nEmisn\u00e1 frekvencia: 87,0 MHz a\u017e 108,0 MHz (vysielanie v bl\u00edzkom are\u00e1li), 76,0 MHz a\u017e 108,0 MHz (vysielanie v otvorenom are\u00e1li)<br \/>\nNastavenie frekvencie: 0,1 MHz pri ka\u017edom stla\u010den\u00ed tla\u010didla, 1,0 MHz pri ka\u017edom dlhom stla\u010den\u00ed (stla\u010denom a podr\u017ean\u00ed) tla\u010didla<br \/>\nModula\u010dn\u00fd re\u017eim: \u0160tandardn\u00fd FM<br \/>\nKan\u00e1l: LINE\/USB (stereo), MIC (jeden kan\u00e1l)<br \/>\nEkvivalentn\u00fd hluk: \u226530dB<br \/>\nVstupn\u00e9 nap\u00e4tie: DC 3V a\u017e 5V<br \/>\nPr\u00fad: 35mA<br \/>\nEmisn\u00e1 vzdialenos\u0165: 100 metrov (iba referen\u010dn\u00e9, testovan\u00e9 so 75 cm ant\u00e9nou na otvorenom ter\u00e9ne).<br \/>\nVe\u013ekos\u0165: 49 x 26,5 mm \/ 1,93 x 1,04 &#8221;<br \/>\nVe\u013ekos\u0165 displeja: 24 x 15 mm \/ 0,94 x 0,59 &#8221;<br \/>\nVhodn\u00e9 pre: FM r\u00e1dio, bezdr\u00f4tov\u00fd mikrof\u00f3n, vy\u017earovanie zvuku z po\u010d\u00edta\u010da (pripojenie cez USB)<br \/>\n<strong>Pozn\u00e1mka:<\/strong><br \/>\n1, Nap\u00e1jacie nap\u00e4tie mus\u00ed by\u0165 DC 3V a\u017e 5V.<br \/>\n2, NEDOT\u00ddKAJTE sa zadnej \u010dasti s\u00fa\u010dast\u00ed modulu, ke\u010f pracuje, inak pravdepodobne nebude fungova\u0165 norm\u00e1lne alebo sa vyp\u00e1li v d\u00f4sledku skratu.<\/p>\n","protected":false},"excerpt":{"rendered":"<p>Digit\u00e1lny bezdr\u00f4tov\u00fd Stereo FM vysielac\u00ed modul 87-108 MHz s mikrof\u00f3nom\u00a0S\u00faprava elektronick\u00fdch komponentov Funkcia: Pokro\u010dil\u00e9 spracovanie digit\u00e1lneho zvukov\u00e9ho sign\u00e1lu (DSP) a&hellip;<\/p>\n","protected":false},"featured_media":472,"template":"","meta":{"_monsterinsights_skip_tracking":false,"_monsterinsights_sitenote_active":false,"_monsterinsights_sitenote_note":"","_monsterinsights_sitenote_category":0},"product_cat":[16,23,25,26],"product_tag":[],"class_list":{"0":"post-471","1":"product","2":"type-product","3":"status-publish","4":"has-post-thumbnail","6":"product_cat-ard","7":"product_cat-audio-modul","8":"product_cat-display","9":"product_cat-radio","11":"first","12":"instock","13":"shipping-taxable","14":"purchasable","15":"product-type-simple"},"yoast_head":"<!-- This site is optimized with the Yoast SEO plugin v23.6 - https:\/\/yoast.com\/wordpress\/plugins\/seo\/ -->\n<title>Digital Wireless Microphone Stereo FM Transmitter Module 87-108MHz Electronic Components Assortment kit - Arduino e-shop<\/title>\n<meta name=\"robots\" content=\"index, follow, max-snippet:-1, max-image-preview:large, max-video-preview:-1\" \/>\n<link rel=\"canonical\" href=\"https:\/\/www.onetimenexttime.sk\/arduino\/index.php\/produkt\/digital-wireless-microphone-stereo-fm-transmitter-module-87-108mhz-electronic-components-assortment-kit\/\" \/>\n<meta property=\"og:locale\" content=\"sk_SK\" \/>\n<meta property=\"og:type\" content=\"article\" \/>\n<meta property=\"og:title\" content=\"Digital Wireless Microphone Stereo FM Transmitter Module 87-108MHz Electronic Components Assortment kit - Arduino e-shop\" \/>\n<meta property=\"og:description\" content=\"Digit\u00e1lny bezdr\u00f4tov\u00fd Stereo FM vysielac\u00ed modul 87-108 MHz s mikrof\u00f3nom\u00a0S\u00faprava elektronick\u00fdch komponentov Funkcia: Pokro\u010dil\u00e9 spracovanie digit\u00e1lneho zvukov\u00e9ho sign\u00e1lu (DSP) a&hellip;\" \/>\n<meta property=\"og:url\" content=\"https:\/\/www.onetimenexttime.sk\/arduino\/index.php\/produkt\/digital-wireless-microphone-stereo-fm-transmitter-module-87-108mhz-electronic-components-assortment-kit\/\" \/>\n<meta property=\"og:site_name\" content=\"Arduino e-shop\" \/>\n<meta property=\"article:modified_time\" content=\"2021-10-23T16:47:07+00:00\" \/>\n<meta property=\"og:image\" content=\"https:\/\/www.onetimenexttime.sk\/arduino\/wp-content\/uploads\/2021\/10\/fm.jpg\" \/>\n\t<meta property=\"og:image:width\" content=\"565\" \/>\n\t<meta property=\"og:image:height\" content=\"565\" \/>\n\t<meta property=\"og:image:type\" content=\"image\/jpeg\" \/>\n<meta name=\"twitter:card\" content=\"summary_large_image\" \/>\n<meta name=\"twitter:label1\" content=\"Predpokladan\u00fd \u010das \u010d\u00edtania\" \/>\n\t<meta name=\"twitter:data1\" content=\"2 min\u00faty\" \/>\n<script type=\"application\/ld+json\" class=\"yoast-schema-graph\">{\"@context\":\"https:\/\/schema.org\",\"@graph\":[{\"@type\":\"WebPage\",\"@id\":\"https:\/\/www.onetimenexttime.sk\/arduino\/index.php\/produkt\/digital-wireless-microphone-stereo-fm-transmitter-module-87-108mhz-electronic-components-assortment-kit\/\",\"url\":\"https:\/\/www.onetimenexttime.sk\/arduino\/index.php\/produkt\/digital-wireless-microphone-stereo-fm-transmitter-module-87-108mhz-electronic-components-assortment-kit\/\",\"name\":\"Digital Wireless Microphone Stereo FM Transmitter Module 87-108MHz Electronic Components Assortment kit - Arduino e-shop\",\"isPartOf\":{\"@id\":\"https:\/\/www.onetimenexttime.sk\/arduino\/#website\"},\"primaryImageOfPage\":{\"@id\":\"https:\/\/www.onetimenexttime.sk\/arduino\/index.php\/produkt\/digital-wireless-microphone-stereo-fm-transmitter-module-87-108mhz-electronic-components-assortment-kit\/#primaryimage\"},\"image\":{\"@id\":\"https:\/\/www.onetimenexttime.sk\/arduino\/index.php\/produkt\/digital-wireless-microphone-stereo-fm-transmitter-module-87-108mhz-electronic-components-assortment-kit\/#primaryimage\"},\"thumbnailUrl\":\"https:\/\/www.onetimenexttime.sk\/arduino\/wp-content\/uploads\/2021\/10\/fm.jpg\",\"datePublished\":\"2021-10-23T16:40:10+00:00\",\"dateModified\":\"2021-10-23T16:47:07+00:00\",\"breadcrumb\":{\"@id\":\"https:\/\/www.onetimenexttime.sk\/arduino\/index.php\/produkt\/digital-wireless-microphone-stereo-fm-transmitter-module-87-108mhz-electronic-components-assortment-kit\/#breadcrumb\"},\"inLanguage\":\"sk-SK\",\"potentialAction\":[{\"@type\":\"ReadAction\",\"target\":[\"https:\/\/www.onetimenexttime.sk\/arduino\/index.php\/produkt\/digital-wireless-microphone-stereo-fm-transmitter-module-87-108mhz-electronic-components-assortment-kit\/\"]}]},{\"@type\":\"ImageObject\",\"inLanguage\":\"sk-SK\",\"@id\":\"https:\/\/www.onetimenexttime.sk\/arduino\/index.php\/produkt\/digital-wireless-microphone-stereo-fm-transmitter-module-87-108mhz-electronic-components-assortment-kit\/#primaryimage\",\"url\":\"https:\/\/www.onetimenexttime.sk\/arduino\/wp-content\/uploads\/2021\/10\/fm.jpg\",\"contentUrl\":\"https:\/\/www.onetimenexttime.sk\/arduino\/wp-content\/uploads\/2021\/10\/fm.jpg\",\"width\":565,\"height\":565},{\"@type\":\"BreadcrumbList\",\"@id\":\"https:\/\/www.onetimenexttime.sk\/arduino\/index.php\/produkt\/digital-wireless-microphone-stereo-fm-transmitter-module-87-108mhz-electronic-components-assortment-kit\/#breadcrumb\",\"itemListElement\":[{\"@type\":\"ListItem\",\"position\":1,\"name\":\"Domov\",\"item\":\"https:\/\/www.onetimenexttime.sk\/arduino\/\"},{\"@type\":\"ListItem\",\"position\":2,\"name\":\"Obchod\",\"item\":\"https:\/\/www.onetimenexttime.sk\/arduino\/\"},{\"@type\":\"ListItem\",\"position\":3,\"name\":\"Digital Wireless Microphone Stereo FM Transmitter Module 87-108MHz Electronic Components Assortment kit\"}]},{\"@type\":\"WebSite\",\"@id\":\"https:\/\/www.onetimenexttime.sk\/arduino\/#website\",\"url\":\"https:\/\/www.onetimenexttime.sk\/arduino\/\",\"name\":\"Arduino e-shop\",\"description\":\"Home Assistant\",\"potentialAction\":[{\"@type\":\"SearchAction\",\"target\":{\"@type\":\"EntryPoint\",\"urlTemplate\":\"https:\/\/www.onetimenexttime.sk\/arduino\/?s={search_term_string}\"},\"query-input\":{\"@type\":\"PropertyValueSpecification\",\"valueRequired\":true,\"valueName\":\"search_term_string\"}}],\"inLanguage\":\"sk-SK\"}]}<\/script>\n<!-- \/ Yoast SEO plugin. -->","yoast_head_json":{"title":"Digital Wireless Microphone Stereo FM Transmitter Module 87-108MHz Electronic Components Assortment kit - Arduino e-shop","robots":{"index":"index","follow":"follow","max-snippet":"max-snippet:-1","max-image-preview":"max-image-preview:large","max-video-preview":"max-video-preview:-1"},"canonical":"https:\/\/www.onetimenexttime.sk\/arduino\/index.php\/produkt\/digital-wireless-microphone-stereo-fm-transmitter-module-87-108mhz-electronic-components-assortment-kit\/","og_locale":"sk_SK","og_type":"article","og_title":"Digital Wireless Microphone Stereo FM Transmitter Module 87-108MHz Electronic Components Assortment kit - Arduino e-shop","og_description":"Digit\u00e1lny bezdr\u00f4tov\u00fd Stereo FM vysielac\u00ed modul 87-108 MHz s mikrof\u00f3nom\u00a0S\u00faprava elektronick\u00fdch komponentov Funkcia: Pokro\u010dil\u00e9 spracovanie digit\u00e1lneho zvukov\u00e9ho sign\u00e1lu (DSP) a&hellip;","og_url":"https:\/\/www.onetimenexttime.sk\/arduino\/index.php\/produkt\/digital-wireless-microphone-stereo-fm-transmitter-module-87-108mhz-electronic-components-assortment-kit\/","og_site_name":"Arduino e-shop","article_modified_time":"2021-10-23T16:47:07+00:00","og_image":[{"width":565,"height":565,"url":"https:\/\/www.onetimenexttime.sk\/arduino\/wp-content\/uploads\/2021\/10\/fm.jpg","type":"image\/jpeg"}],"twitter_card":"summary_large_image","twitter_misc":{"Predpokladan\u00fd \u010das \u010d\u00edtania":"2 min\u00faty"},"schema":{"@context":"https:\/\/schema.org","@graph":[{"@type":"WebPage","@id":"https:\/\/www.onetimenexttime.sk\/arduino\/index.php\/produkt\/digital-wireless-microphone-stereo-fm-transmitter-module-87-108mhz-electronic-components-assortment-kit\/","url":"https:\/\/www.onetimenexttime.sk\/arduino\/index.php\/produkt\/digital-wireless-microphone-stereo-fm-transmitter-module-87-108mhz-electronic-components-assortment-kit\/","name":"Digital Wireless Microphone Stereo FM Transmitter Module 87-108MHz Electronic Components Assortment kit - Arduino e-shop","isPartOf":{"@id":"https:\/\/www.onetimenexttime.sk\/arduino\/#website"},"primaryImageOfPage":{"@id":"https:\/\/www.onetimenexttime.sk\/arduino\/index.php\/produkt\/digital-wireless-microphone-stereo-fm-transmitter-module-87-108mhz-electronic-components-assortment-kit\/#primaryimage"},"image":{"@id":"https:\/\/www.onetimenexttime.sk\/arduino\/index.php\/produkt\/digital-wireless-microphone-stereo-fm-transmitter-module-87-108mhz-electronic-components-assortment-kit\/#primaryimage"},"thumbnailUrl":"https:\/\/www.onetimenexttime.sk\/arduino\/wp-content\/uploads\/2021\/10\/fm.jpg","datePublished":"2021-10-23T16:40:10+00:00","dateModified":"2021-10-23T16:47:07+00:00","breadcrumb":{"@id":"https:\/\/www.onetimenexttime.sk\/arduino\/index.php\/produkt\/digital-wireless-microphone-stereo-fm-transmitter-module-87-108mhz-electronic-components-assortment-kit\/#breadcrumb"},"inLanguage":"sk-SK","potentialAction":[{"@type":"ReadAction","target":["https:\/\/www.onetimenexttime.sk\/arduino\/index.php\/produkt\/digital-wireless-microphone-stereo-fm-transmitter-module-87-108mhz-electronic-components-assortment-kit\/"]}]},{"@type":"ImageObject","inLanguage":"sk-SK","@id":"https:\/\/www.onetimenexttime.sk\/arduino\/index.php\/produkt\/digital-wireless-microphone-stereo-fm-transmitter-module-87-108mhz-electronic-components-assortment-kit\/#primaryimage","url":"https:\/\/www.onetimenexttime.sk\/arduino\/wp-content\/uploads\/2021\/10\/fm.jpg","contentUrl":"https:\/\/www.onetimenexttime.sk\/arduino\/wp-content\/uploads\/2021\/10\/fm.jpg","width":565,"height":565},{"@type":"BreadcrumbList","@id":"https:\/\/www.onetimenexttime.sk\/arduino\/index.php\/produkt\/digital-wireless-microphone-stereo-fm-transmitter-module-87-108mhz-electronic-components-assortment-kit\/#breadcrumb","itemListElement":[{"@type":"ListItem","position":1,"name":"Domov","item":"https:\/\/www.onetimenexttime.sk\/arduino\/"},{"@type":"ListItem","position":2,"name":"Obchod","item":"https:\/\/www.onetimenexttime.sk\/arduino\/"},{"@type":"ListItem","position":3,"name":"Digital Wireless Microphone Stereo FM Transmitter Module 87-108MHz Electronic Components Assortment kit"}]},{"@type":"WebSite","@id":"https:\/\/www.onetimenexttime.sk\/arduino\/#website","url":"https:\/\/www.onetimenexttime.sk\/arduino\/","name":"Arduino e-shop","description":"Home Assistant","potentialAction":[{"@type":"SearchAction","target":{"@type":"EntryPoint","urlTemplate":"https:\/\/www.onetimenexttime.sk\/arduino\/?s={search_term_string}"},"query-input":{"@type":"PropertyValueSpecification","valueRequired":true,"valueName":"search_term_string"}}],"inLanguage":"sk-SK"}]}},"_links":{"self":[{"href":"https:\/\/www.onetimenexttime.sk\/arduino\/index.php\/wp-json\/wp\/v2\/product\/471"}],"collection":[{"href":"https:\/\/www.onetimenexttime.sk\/arduino\/index.php\/wp-json\/wp\/v2\/product"}],"about":[{"href":"https:\/\/www.onetimenexttime.sk\/arduino\/index.php\/wp-json\/wp\/v2\/types\/product"}],"wp:featuredmedia":[{"embeddable":true,"href":"https:\/\/www.onetimenexttime.sk\/arduino\/index.php\/wp-json\/wp\/v2\/media\/472"}],"wp:attachment":[{"href":"https:\/\/www.onetimenexttime.sk\/arduino\/index.php\/wp-json\/wp\/v2\/media?parent=471"}],"wp:term":[{"taxonomy":"product_cat","embeddable":true,"href":"https:\/\/www.onetimenexttime.sk\/arduino\/index.php\/wp-json\/wp\/v2\/product_cat?post=471"},{"taxonomy":"product_tag","embeddable":true,"href":"https:\/\/www.onetimenexttime.sk\/arduino\/index.php\/wp-json\/wp\/v2\/product_tag?post=471"}],"curies":[{"name":"wp","href":"https:\/\/api.w.org\/{rel}","templated":true}]}}