{"id":469,"date":"2021-10-23T18:33:11","date_gmt":"2021-10-23T16:33:11","guid":{"rendered":"https:\/\/www.onetimenexttime.sk\/arduino\/?post_type=product&#038;p=469"},"modified":"2024-02-22T21:40:31","modified_gmt":"2024-02-22T20:40:31","slug":"84x48-nokia-5110-lcd-module-with-blue-backlight-adapter-pcb-lcd-nokia-5110","status":"publish","type":"product","link":"https:\/\/www.onetimenexttime.sk\/arduino\/index.php\/produkt\/84x48-nokia-5110-lcd-module-with-blue-backlight-adapter-pcb-lcd-nokia-5110\/","title":{"rendered":"84X48  Nokia 5110 LCD Module with blue backlight adapter PCB Lcd Nokia 5110"},"content":{"rendered":"<p>&nbsp;<\/p>\n<h1>84&#215;48 Nokia 5110 LCD Modul<\/h1>\n<table>\n<tbody>\n<tr>\n<th>Popis<\/th>\n<td>84&#215;48 Nokia 5110 LCD modul je modul s modrou podsvietenou obrazovkou. Je vhodn\u00fd pre pou\u017eitie s platformou Arduino.<\/td>\n<\/tr>\n<tr>\n<th>Vlastnosti<\/th>\n<td>84&#215;48 obrazovka, modr\u00e1 podsvieten\u00e1, kompatibilita s Arduino.<\/td>\n<\/tr>\n<tr>\n<th>\u0160pecifik\u00e1cie<\/th>\n<td>Ve\u013ekos\u0165 obrazovky: 84&#215;48, farba podsvietenia: modr\u00e1, kompatibilita s Arduino.<\/td>\n<\/tr>\n<tr>\n<th>Pr\u00edklady pou\u017eitia<\/th>\n<td>\n<ul>\n<li>Pr\u00edkladov\u00fd k\u00f3d pre Arduino:\n<pre>\/\/ Pr\u00edkladov\u00fd k\u00f3d pre 84x48 Nokia 5110 LCD modul\r\n#include &lt;Adafruit_PCD8544.h&gt;\r\n\r\nAdafruit_PCD8544 display = Adafruit_PCD8544(7, 6, 5, 4, 3);\r\n\r\nvoid setup() {\r\n  display.begin();\r\n  display.setContrast(50); \/\/ Prisp\u00f4sobte kontrast pod\u013ea potreby\r\n  display.display();\r\n}\r\n\r\nvoid loop() {\r\n  display.clearDisplay();\r\n  display.setTextSize(1);\r\n  display.setTextColor(BLACK);\r\n  display.setCursor(0,0);\r\n  display.println(\"Hello, world!\");\r\n  display.display();\r\n  delay(1000);\r\n}<\/pre>\n<\/li>\n<li>Pr\u00edkladov\u00fd k\u00f3d pre ESPHome:\n<pre># Pr\u00edkladov\u00fd k\u00f3d pre 84x48 Nokia 5110 LCD modul v ESPHome\r\ni2c:\r\n  sda: D2\r\n  scl: D1\r\n\r\ndisplay:\r\n  - platform: pcd8544\r\n    cs_pin: D8\r\n    dc_pin: D7\r\n    reset_pin: D6\r\n    backlight_pin: D5\r\n    model: PCF8814\r\n    contrast: 50\r\n    rotation: 0\r\n    update_interval: 1s\r\n    lambda: |-\r\n      it.printf(0, 0, id(font), \"Hello, world!\");\r\n      return {0.0, 0.0, 0.0};<\/pre>\n<\/li>\n<\/ul>\n<\/td>\n<\/tr>\n<\/tbody>\n<\/table>\n<p><button class=\"button\">Kop\u00edrova\u0165 k\u00f3d<\/button><\/p>\n<p><script>\n  function copyCode() {\n    var code = document.querySelector('pre').innerText;\n    navigator.clipboard.writeText(code).then(function() {\n      alert('K\u00f3d bol skop\u00edrovan\u00fd do schr\u00e1nky.');\n    }, function(err) {\n      console.error('Chyba pri kop\u00edrovan\u00ed k\u00f3du: ', err);\n    });\n  }\n<\/script><\/p>\n<p>&nbsp;<\/p>\n<p>&nbsp;<\/p>\n<p>&nbsp;<\/p>\n<p>&nbsp;<\/p>\n<p>&nbsp;<\/p>\n<p><img decoding=\"async\" src=\"https:\/\/www.electronicshub.org\/wp-content\/uploads\/2021\/02\/ESP32-Nokia-5110-LCD-Contrast-Circuit.jpg\" alt=\"ESP32 Nokia 5110 LCD Display Tutorial | Display Text, Adjust Contrast\" \/><\/p>\n<p>&nbsp;<\/p>\n<p>&nbsp;<\/p>\n<p>&nbsp;<\/p>\n<p>&nbsp;<\/p>\n<h2>84X48\u00a0 LCD modul Nokia 5110 s adapt\u00e9rom PCB s modr\u00fdm podsvieten\u00edm<\/h2>\n<p>Inform\u00e1cie o produkte:<\/p>\n<p>1. 4-doskov\u00e9 LED, podsvietenie, rovnomernos\u0165 svetla<\/p>\n<p>2. Ve\u013ekos\u0165 dosky plo\u0161n\u00fdch spojov: 45 (mm) x 45 (mm)<\/p>\n<p>3. V rohoch s\u00fa polohovacie otvory spolu s dvoma radmi horn\u00e9ho a spodn\u00e9ho otvoru, \u0161tvorcov\u00fdch nasledovne:<\/p>\n<p>VCC &#8211; nap\u00e1janie (3,3 V)<br \/>\nGND uzemnenie<br \/>\nVyberte \u010dip SCE<br \/>\nRST &#8211; reset<br \/>\nDC v\u00fdber \u00fadajov \/ in\u0161trukci\u00ed<br \/>\nS\u00e9riov\u00e1 d\u00e1tov\u00e1 linka DN<br \/>\nCLK s\u00e9riov\u00e1 hodinov\u00e1 linka<br \/>\nKonzola s LED podsvieten\u00edm<\/p>\n<p>Vodi\u010di bud\u00fa ma\u0165 k dispoz\u00edcii:<br \/>\nNOKIA5110 FOR 51 (klin c)<br \/>\nNOKIA5110 FOR PIC (picc)<br \/>\nNOKIA5110 FOR AVR (gcc)<br \/>\nNOKIA5110 FOR STM32 (klin pre rameno)<br \/>\nNOKIA5110 PRE MSP430<br \/>\nNOKIA5110 PRE LPC2148<\/p>\n<p>Balenie obsahuje:<br \/>\n1ks 84X48 84 * 48 LCD Nokia 5110<\/p>\n","protected":false},"excerpt":{"rendered":"<p>&nbsp; 84&#215;48 Nokia 5110 LCD Modul Popis 84&#215;48 Nokia 5110 LCD modul je modul s modrou podsvietenou obrazovkou. Je vhodn\u00fd&hellip;<\/p>\n","protected":false},"featured_media":470,"template":"","meta":{"_monsterinsights_skip_tracking":false,"_monsterinsights_sitenote_active":false,"_monsterinsights_sitenote_note":"","_monsterinsights_sitenote_category":0},"product_cat":[16,25],"product_tag":[],"class_list":{"0":"post-469","1":"product","2":"type-product","3":"status-publish","4":"has-post-thumbnail","6":"product_cat-ard","7":"product_cat-display","9":"first","10":"instock","11":"shipping-taxable","12":"purchasable","13":"product-type-simple"},"yoast_head":"<!-- This site is optimized with the Yoast SEO plugin v23.6 - https:\/\/yoast.com\/wordpress\/plugins\/seo\/ -->\n<title>84X48 Nokia 5110 LCD Module with blue backlight adapter PCB Lcd Nokia 5110 - Arduino e-shop<\/title>\n<meta name=\"robots\" content=\"index, follow, max-snippet:-1, max-image-preview:large, max-video-preview:-1\" \/>\n<link rel=\"canonical\" href=\"https:\/\/www.onetimenexttime.sk\/arduino\/index.php\/produkt\/84x48-nokia-5110-lcd-module-with-blue-backlight-adapter-pcb-lcd-nokia-5110\/\" \/>\n<meta property=\"og:locale\" content=\"sk_SK\" \/>\n<meta property=\"og:type\" content=\"article\" \/>\n<meta property=\"og:title\" content=\"84X48 Nokia 5110 LCD Module with blue backlight adapter PCB Lcd Nokia 5110 - Arduino e-shop\" \/>\n<meta property=\"og:description\" content=\"&nbsp; 84&#215;48 Nokia 5110 LCD Modul Popis 84&#215;48 Nokia 5110 LCD modul je modul s modrou podsvietenou obrazovkou. Je vhodn\u00fd&hellip;\" \/>\n<meta property=\"og:url\" content=\"https:\/\/www.onetimenexttime.sk\/arduino\/index.php\/produkt\/84x48-nokia-5110-lcd-module-with-blue-backlight-adapter-pcb-lcd-nokia-5110\/\" \/>\n<meta property=\"og:site_name\" content=\"Arduino e-shop\" \/>\n<meta property=\"article:modified_time\" content=\"2024-02-22T20:40:31+00:00\" \/>\n<meta property=\"og:image\" content=\"https:\/\/www.onetimenexttime.sk\/arduino\/wp-content\/uploads\/2021\/10\/802.jpg\" \/>\n\t<meta property=\"og:image:width\" content=\"600\" \/>\n\t<meta property=\"og:image:height\" content=\"600\" \/>\n\t<meta property=\"og:image:type\" content=\"image\/jpeg\" \/>\n<meta name=\"twitter:card\" content=\"summary_large_image\" \/>\n<meta name=\"twitter:label1\" content=\"Predpokladan\u00fd \u010das \u010d\u00edtania\" \/>\n\t<meta name=\"twitter:data1\" content=\"2 min\u00faty\" \/>\n<script type=\"application\/ld+json\" class=\"yoast-schema-graph\">{\"@context\":\"https:\/\/schema.org\",\"@graph\":[{\"@type\":\"WebPage\",\"@id\":\"https:\/\/www.onetimenexttime.sk\/arduino\/index.php\/produkt\/84x48-nokia-5110-lcd-module-with-blue-backlight-adapter-pcb-lcd-nokia-5110\/\",\"url\":\"https:\/\/www.onetimenexttime.sk\/arduino\/index.php\/produkt\/84x48-nokia-5110-lcd-module-with-blue-backlight-adapter-pcb-lcd-nokia-5110\/\",\"name\":\"84X48 Nokia 5110 LCD Module with blue backlight adapter PCB Lcd Nokia 5110 - Arduino e-shop\",\"isPartOf\":{\"@id\":\"https:\/\/www.onetimenexttime.sk\/arduino\/#website\"},\"primaryImageOfPage\":{\"@id\":\"https:\/\/www.onetimenexttime.sk\/arduino\/index.php\/produkt\/84x48-nokia-5110-lcd-module-with-blue-backlight-adapter-pcb-lcd-nokia-5110\/#primaryimage\"},\"image\":{\"@id\":\"https:\/\/www.onetimenexttime.sk\/arduino\/index.php\/produkt\/84x48-nokia-5110-lcd-module-with-blue-backlight-adapter-pcb-lcd-nokia-5110\/#primaryimage\"},\"thumbnailUrl\":\"https:\/\/www.onetimenexttime.sk\/arduino\/wp-content\/uploads\/2021\/10\/802.jpg\",\"datePublished\":\"2021-10-23T16:33:11+00:00\",\"dateModified\":\"2024-02-22T20:40:31+00:00\",\"breadcrumb\":{\"@id\":\"https:\/\/www.onetimenexttime.sk\/arduino\/index.php\/produkt\/84x48-nokia-5110-lcd-module-with-blue-backlight-adapter-pcb-lcd-nokia-5110\/#breadcrumb\"},\"inLanguage\":\"sk-SK\",\"potentialAction\":[{\"@type\":\"ReadAction\",\"target\":[\"https:\/\/www.onetimenexttime.sk\/arduino\/index.php\/produkt\/84x48-nokia-5110-lcd-module-with-blue-backlight-adapter-pcb-lcd-nokia-5110\/\"]}]},{\"@type\":\"ImageObject\",\"inLanguage\":\"sk-SK\",\"@id\":\"https:\/\/www.onetimenexttime.sk\/arduino\/index.php\/produkt\/84x48-nokia-5110-lcd-module-with-blue-backlight-adapter-pcb-lcd-nokia-5110\/#primaryimage\",\"url\":\"https:\/\/www.onetimenexttime.sk\/arduino\/wp-content\/uploads\/2021\/10\/802.jpg\",\"contentUrl\":\"https:\/\/www.onetimenexttime.sk\/arduino\/wp-content\/uploads\/2021\/10\/802.jpg\",\"width\":600,\"height\":600},{\"@type\":\"BreadcrumbList\",\"@id\":\"https:\/\/www.onetimenexttime.sk\/arduino\/index.php\/produkt\/84x48-nokia-5110-lcd-module-with-blue-backlight-adapter-pcb-lcd-nokia-5110\/#breadcrumb\",\"itemListElement\":[{\"@type\":\"ListItem\",\"position\":1,\"name\":\"Domov\",\"item\":\"https:\/\/www.onetimenexttime.sk\/arduino\/\"},{\"@type\":\"ListItem\",\"position\":2,\"name\":\"Obchod\",\"item\":\"https:\/\/www.onetimenexttime.sk\/arduino\/\"},{\"@type\":\"ListItem\",\"position\":3,\"name\":\"84X48 Nokia 5110 LCD Module with blue backlight adapter PCB Lcd Nokia 5110\"}]},{\"@type\":\"WebSite\",\"@id\":\"https:\/\/www.onetimenexttime.sk\/arduino\/#website\",\"url\":\"https:\/\/www.onetimenexttime.sk\/arduino\/\",\"name\":\"Arduino e-shop\",\"description\":\"Home Assistant\",\"potentialAction\":[{\"@type\":\"SearchAction\",\"target\":{\"@type\":\"EntryPoint\",\"urlTemplate\":\"https:\/\/www.onetimenexttime.sk\/arduino\/?s={search_term_string}\"},\"query-input\":{\"@type\":\"PropertyValueSpecification\",\"valueRequired\":true,\"valueName\":\"search_term_string\"}}],\"inLanguage\":\"sk-SK\"}]}<\/script>\n<!-- \/ Yoast SEO plugin. -->","yoast_head_json":{"title":"84X48 Nokia 5110 LCD Module with blue backlight adapter PCB Lcd Nokia 5110 - Arduino e-shop","robots":{"index":"index","follow":"follow","max-snippet":"max-snippet:-1","max-image-preview":"max-image-preview:large","max-video-preview":"max-video-preview:-1"},"canonical":"https:\/\/www.onetimenexttime.sk\/arduino\/index.php\/produkt\/84x48-nokia-5110-lcd-module-with-blue-backlight-adapter-pcb-lcd-nokia-5110\/","og_locale":"sk_SK","og_type":"article","og_title":"84X48 Nokia 5110 LCD Module with blue backlight adapter PCB Lcd Nokia 5110 - Arduino e-shop","og_description":"&nbsp; 84&#215;48 Nokia 5110 LCD Modul Popis 84&#215;48 Nokia 5110 LCD modul je modul s modrou podsvietenou obrazovkou. Je vhodn\u00fd&hellip;","og_url":"https:\/\/www.onetimenexttime.sk\/arduino\/index.php\/produkt\/84x48-nokia-5110-lcd-module-with-blue-backlight-adapter-pcb-lcd-nokia-5110\/","og_site_name":"Arduino e-shop","article_modified_time":"2024-02-22T20:40:31+00:00","og_image":[{"width":600,"height":600,"url":"https:\/\/www.onetimenexttime.sk\/arduino\/wp-content\/uploads\/2021\/10\/802.jpg","type":"image\/jpeg"}],"twitter_card":"summary_large_image","twitter_misc":{"Predpokladan\u00fd \u010das \u010d\u00edtania":"2 min\u00faty"},"schema":{"@context":"https:\/\/schema.org","@graph":[{"@type":"WebPage","@id":"https:\/\/www.onetimenexttime.sk\/arduino\/index.php\/produkt\/84x48-nokia-5110-lcd-module-with-blue-backlight-adapter-pcb-lcd-nokia-5110\/","url":"https:\/\/www.onetimenexttime.sk\/arduino\/index.php\/produkt\/84x48-nokia-5110-lcd-module-with-blue-backlight-adapter-pcb-lcd-nokia-5110\/","name":"84X48 Nokia 5110 LCD Module with blue backlight adapter PCB Lcd Nokia 5110 - Arduino e-shop","isPartOf":{"@id":"https:\/\/www.onetimenexttime.sk\/arduino\/#website"},"primaryImageOfPage":{"@id":"https:\/\/www.onetimenexttime.sk\/arduino\/index.php\/produkt\/84x48-nokia-5110-lcd-module-with-blue-backlight-adapter-pcb-lcd-nokia-5110\/#primaryimage"},"image":{"@id":"https:\/\/www.onetimenexttime.sk\/arduino\/index.php\/produkt\/84x48-nokia-5110-lcd-module-with-blue-backlight-adapter-pcb-lcd-nokia-5110\/#primaryimage"},"thumbnailUrl":"https:\/\/www.onetimenexttime.sk\/arduino\/wp-content\/uploads\/2021\/10\/802.jpg","datePublished":"2021-10-23T16:33:11+00:00","dateModified":"2024-02-22T20:40:31+00:00","breadcrumb":{"@id":"https:\/\/www.onetimenexttime.sk\/arduino\/index.php\/produkt\/84x48-nokia-5110-lcd-module-with-blue-backlight-adapter-pcb-lcd-nokia-5110\/#breadcrumb"},"inLanguage":"sk-SK","potentialAction":[{"@type":"ReadAction","target":["https:\/\/www.onetimenexttime.sk\/arduino\/index.php\/produkt\/84x48-nokia-5110-lcd-module-with-blue-backlight-adapter-pcb-lcd-nokia-5110\/"]}]},{"@type":"ImageObject","inLanguage":"sk-SK","@id":"https:\/\/www.onetimenexttime.sk\/arduino\/index.php\/produkt\/84x48-nokia-5110-lcd-module-with-blue-backlight-adapter-pcb-lcd-nokia-5110\/#primaryimage","url":"https:\/\/www.onetimenexttime.sk\/arduino\/wp-content\/uploads\/2021\/10\/802.jpg","contentUrl":"https:\/\/www.onetimenexttime.sk\/arduino\/wp-content\/uploads\/2021\/10\/802.jpg","width":600,"height":600},{"@type":"BreadcrumbList","@id":"https:\/\/www.onetimenexttime.sk\/arduino\/index.php\/produkt\/84x48-nokia-5110-lcd-module-with-blue-backlight-adapter-pcb-lcd-nokia-5110\/#breadcrumb","itemListElement":[{"@type":"ListItem","position":1,"name":"Domov","item":"https:\/\/www.onetimenexttime.sk\/arduino\/"},{"@type":"ListItem","position":2,"name":"Obchod","item":"https:\/\/www.onetimenexttime.sk\/arduino\/"},{"@type":"ListItem","position":3,"name":"84X48 Nokia 5110 LCD Module with blue backlight adapter PCB Lcd Nokia 5110"}]},{"@type":"WebSite","@id":"https:\/\/www.onetimenexttime.sk\/arduino\/#website","url":"https:\/\/www.onetimenexttime.sk\/arduino\/","name":"Arduino e-shop","description":"Home Assistant","potentialAction":[{"@type":"SearchAction","target":{"@type":"EntryPoint","urlTemplate":"https:\/\/www.onetimenexttime.sk\/arduino\/?s={search_term_string}"},"query-input":{"@type":"PropertyValueSpecification","valueRequired":true,"valueName":"search_term_string"}}],"inLanguage":"sk-SK"}]}},"_links":{"self":[{"href":"https:\/\/www.onetimenexttime.sk\/arduino\/index.php\/wp-json\/wp\/v2\/product\/469"}],"collection":[{"href":"https:\/\/www.onetimenexttime.sk\/arduino\/index.php\/wp-json\/wp\/v2\/product"}],"about":[{"href":"https:\/\/www.onetimenexttime.sk\/arduino\/index.php\/wp-json\/wp\/v2\/types\/product"}],"wp:featuredmedia":[{"embeddable":true,"href":"https:\/\/www.onetimenexttime.sk\/arduino\/index.php\/wp-json\/wp\/v2\/media\/470"}],"wp:attachment":[{"href":"https:\/\/www.onetimenexttime.sk\/arduino\/index.php\/wp-json\/wp\/v2\/media?parent=469"}],"wp:term":[{"taxonomy":"product_cat","embeddable":true,"href":"https:\/\/www.onetimenexttime.sk\/arduino\/index.php\/wp-json\/wp\/v2\/product_cat?post=469"},{"taxonomy":"product_tag","embeddable":true,"href":"https:\/\/www.onetimenexttime.sk\/arduino\/index.php\/wp-json\/wp\/v2\/product_tag?post=469"}],"curies":[{"name":"wp","href":"https:\/\/api.w.org\/{rel}","templated":true}]}}