{"id":454,"date":"2021-10-23T17:33:59","date_gmt":"2021-10-23T15:33:59","guid":{"rendered":"https:\/\/www.onetimenexttime.sk\/arduino\/?post_type=product&#038;p=454"},"modified":"2024-02-22T21:25:07","modified_gmt":"2024-02-22T20:25:07","slug":"ov7670-camera-module-ov7670-modulesupports-vga-cif-auto-exposure-control-display-active-size-640x480-for-arduino","status":"publish","type":"product","link":"https:\/\/www.onetimenexttime.sk\/arduino\/index.php\/produkt\/ov7670-camera-module-ov7670-modulesupports-vga-cif-auto-exposure-control-display-active-size-640x480-for-arduino\/","title":{"rendered":"OV7670 camera module OV7670 moduleSupports VGA CIF auto exposure control display active size 640X480 For Arduino"},"content":{"rendered":"<p>&nbsp;<\/p>\n<h1>OV7670 Kamerov\u00fd Modul<\/h1>\n<table>\n<tbody>\n<tr>\n<th>Popis<\/th>\n<td>OV7670 kamerov\u00fd modul je modul s podporou VGA CIF auto expoz\u00edcie, s akt\u00edvnou ve\u013ekos\u0165ou displeja 640&#215;480. Je vhodn\u00fd pre pou\u017eitie s platformou Arduino.<\/td>\n<\/tr>\n<tr>\n<th>Vlastnosti<\/th>\n<td>Podpora pre VGA CIF auto expoz\u00edciu, akt\u00edvna ve\u013ekos\u0165 displeja 640&#215;480, kompatibilita s Arduino.<\/td>\n<\/tr>\n<tr>\n<th>\u0160pecifik\u00e1cie<\/th>\n<td>Podpora pre VGA CIF auto expoz\u00edciu, akt\u00edvna ve\u013ekos\u0165 displeja: 640&#215;480, kompatibilita s Arduino.<\/td>\n<\/tr>\n<tr>\n<th>Pr\u00edklady pou\u017eitia<\/th>\n<td>\n<ul>\n<li>Pr\u00edkladov\u00fd k\u00f3d pre Arduino:\n<pre>\/\/ Pr\u00edkladov\u00fd k\u00f3d pre OV7670 kamerov\u00fd modul\r\n#include &lt;OV7670.h&gt;\r\n\r\nOV7670 camera;\r\n\r\nvoid setup() {\r\n  camera.init();\r\n}\r\n\r\nvoid loop() {\r\n  camera.capture();\r\n}<\/pre>\n<\/li>\n<\/ul>\n<\/td>\n<\/tr>\n<\/tbody>\n<\/table>\n<p><button class=\"button\">Kop\u00edrova\u0165 k\u00f3d<\/button><\/p>\n<p><script>\n  function copyCode() {\n    var code = document.querySelector('pre').innerText;\n    navigator.clipboard.writeText(code).then(function() {\n      alert('K\u00f3d bol skop\u00edrovan\u00fd do schr\u00e1nky.');\n    }, function(err) {\n      console.error('Chyba pri kop\u00edrovan\u00ed k\u00f3du: ', err);\n    });\n  }\n<\/script><\/p>\n<p>&nbsp;<\/p>\n<p>&nbsp;<\/p>\n<p>&nbsp;<\/p>\n<h1>OV7670 Kamerov\u00fd Modul<\/h1>\n<table>\n<tbody>\n<tr>\n<th>Popis<\/th>\n<td>OV7670 kamerov\u00fd modul je modul s podporou VGA CIF auto expoz\u00edcie, s akt\u00edvnou ve\u013ekos\u0165ou displeja 640&#215;480. Je vhodn\u00fd pre pou\u017eitie s platformou Arduino.<\/td>\n<\/tr>\n<tr>\n<th>Vlastnosti<\/th>\n<td>Podpora pre VGA CIF auto expoz\u00edciu, akt\u00edvna ve\u013ekos\u0165 displeja 640&#215;480, kompatibilita s Arduino.<\/td>\n<\/tr>\n<tr>\n<th>\u0160pecifik\u00e1cie<\/th>\n<td>Podpora pre VGA CIF auto expoz\u00edciu, akt\u00edvna ve\u013ekos\u0165 displeja: 640&#215;480, kompatibilita s Arduino.<\/td>\n<\/tr>\n<tr>\n<th>Pr\u00edklady pou\u017eitia<\/th>\n<td>\n<ul>\n<li>Pr\u00edkladov\u00fd k\u00f3d pre Arduino:\n<pre>\/\/ Pr\u00edkladov\u00fd k\u00f3d pre OV7670 kamerov\u00fd modul\r\n#include &lt;OV7670.h&gt;\r\n\r\nOV7670 camera;\r\n\r\nvoid setup() {\r\n  camera.init();\r\n}\r\n\r\nvoid loop() {\r\n  camera.capture();\r\n}<\/pre>\n<\/li>\n<li>Pr\u00edkladov\u00fd k\u00f3d pre ESPHome:\n<pre># Pr\u00edkladov\u00fd k\u00f3d pre OV7670 kamerov\u00fd modul v ESPHome\r\nsensor:\r\n  - platform: ov7670\r\n    name: \"ov7670_camera\"\r\n    resolution: \"640x480\"\r\n    auto_exposure: true<\/pre>\n<\/li>\n<\/ul>\n<\/td>\n<\/tr>\n<\/tbody>\n<\/table>\n<p><button class=\"button\">Kop\u00edrova\u0165 k\u00f3d<\/button><\/p>\n<p><script>\n  function copyCode() {\n    var code = document.querySelector('pre').innerText;\n    navigator.clipboard.writeText(code).then(function() {\n      alert('K\u00f3d bol skop\u00edrovan\u00fd do schr\u00e1nky.');\n    }, function(err) {\n      console.error('Chyba pri kop\u00edrovan\u00ed k\u00f3du: ', err);\n    });\n  }\n<\/script><\/p>\n<p>&nbsp;<\/p>\n<h2>Modul kamery OV7670 Modul OV7670 Podporuje VGA CIF displej s automatickou kontrolou expoz\u00edcie akt\u00edvny rozmer 640X480 Pre Arduino<\/h2>\n<p>OV7670 300KP VGA kamerov\u00fd modul pre Arduino<\/p>\n<p>Popis<br \/>\nObrazov\u00fd sn\u00edma\u010d OV7670, mal\u00e9 rozmery, n\u00edzke prev\u00e1dzkov\u00e9 nap\u00e4tie a poskytuje v\u0161etky funkcie jedno\u010dipovej VGA kamery a obrazov\u00e9ho procesora. Prostredn\u00edctvom ovl\u00e1dania zbernice SCCB m\u00f4\u017eete na v\u00fdstup privies\u0165 cel\u00fd r\u00e1mec, podvzorkova\u0165, ovplyvni\u0165 okno sp\u00f4sobom s rozl\u00ed\u0161en\u00edm d\u00e1t 8 bitov. VGA obraz produktu je a\u017e 30 sn\u00edmok\/s. Pou\u017e\u00edvatelia m\u00f4\u017eu plne ovl\u00e1da\u0165 kvalitu obrazu, form\u00e1t \u00fadajov a re\u017eim prenosu. Proces funkci\u00ed spracovania obrazu vr\u00e1tane gama kriviek, vyv\u00e1\u017eenia bielej, s\u00fdtosti, chroma, at\u010f., je mo\u017en\u00e9 naprogramova\u0165 cez rozhranie SCCB. Obrazov\u00fd sn\u00edma\u010d OmmiVision vyu\u017e\u00edva jedine\u010dn\u00fa technol\u00f3giu sn\u00edma\u010da na zlep\u0161enie kvality obrazu zn\u00ed\u017een\u00edm alebo odstr\u00e1nen\u00edm optick\u00fdch alebo elektronick\u00fdch defektov, ako je napr\u00edklad \u0161um s pevn\u00fdm vzorom, kvitnutie chvosta, \u010dist\u00fd a stabiln\u00fd farebn\u00fd obraz.<\/p>\n<p>Vysok\u00e1 citlivos\u0165 pre aplik\u00e1cie pri slabom osvetlen\u00ed<br \/>\nN\u00edzke nap\u00e4tie vhodn\u00e9 pre vstavan\u00e9 aplik\u00e1cie<br \/>\n\u0160tandardn\u00e9 rozhranie SCCB kompatibiln\u00e9 s rozhran\u00edm I2C<br \/>\nV\u00fdstupn\u00fd form\u00e1t RawRGB a\u017e RGB (GRB4: 2:2, RGB565\/555\/444), YUV (4:2:2) a YCbCr (4:2:2)<br \/>\npodpora VGA, CIF a od CIF do ve\u013ekosti 40&#215;30<br \/>\nSp\u00f4sob podvzorkovania VarioPixel<br \/>\nodstr\u00e1nenie svetl\u00fdch pruhov, automatick\u00e1 kalibr\u00e1cia \u00farovne \u010diernej kontroly kvality obrazu vr\u00e1tane s\u00fdtosti farieb, odtie\u0148a, gama, ostrosti ANTI_BLOOM<br \/>\nISP m\u00e1 funkciu kompenz\u00e1cie \u0161umu a m\u0155tvych pixelov<br \/>\npodpora \u0161k\u00e1lovania obrazu<br \/>\nObjekt\u00edv je kompenz\u00e1cia straty svetla<br \/>\nDetekcia 50\/60 Hz<br \/>\ns\u00fdtos\u0165 sa automaticky nastav\u00ed (\u00faprava UV)<br \/>\nvylep\u0161enie okrajov sa automaticky nastav\u00ed<br \/>\nAutomaticky sa nastav\u00ed redukcia \u0161umu<br \/>\nk\u013e\u00fa\u010dov\u00e9 parametre<br \/>\nfotosenzit\u00edvne pole 640&#215;480<br \/>\nIO nap\u00e4tie 2,5V a\u017e 3,0V (intern\u00e9 LDO nap\u00e1janie jadra).<br \/>\nv\u00fdkonov\u00e1 prev\u00e1dzka 60mW\/15fpsVGAYUV<br \/>\nSp\u00e1nok &lt;20 \u03bcA<br \/>\nteplotn\u00e1 prev\u00e1dzka od -30 \u00b0 C do 70 \u00b0 C<br \/>\n0 \u00b0C a\u017e 50 \u00b0C<br \/>\n(8-bitov\u00fd) v\u00fdstupn\u00fd form\u00e1t ? YUV\/YCbCr4 RGB565\/555\/444 GRB4: 2:2: 2:2 Nespracovan\u00e9 \u00fadaje RGB<br \/>\nOptick\u00e1 ve\u013ekos\u0165 1\/6 &#8221;<br \/>\nzorn\u00fd uhol 25\u00b0<br \/>\nmaxim\u00e1lna r\u00fdchlos\u0165 Zhen 30 sn\u00edmok za sekundu VGA<br \/>\nCitlivos\u0165 1,3 V \/ (Lux-sec)<br \/>\nodstup sign\u00e1lu od \u0161umu 46 dB<br \/>\ndynamick\u00fd rozsah 52 dB<br \/>\nprogres\u00edvny re\u017eim prehliadania<br \/>\nelektronick\u00e1 expoz\u00edcia<br \/>\nplocha 3,6 \u03bcm x 3,6 \u03bcm<br \/>\ntmav\u00fd pr\u00fad 12 mV\/s pri 60\u00b0C<br \/>\nBalenie obsahuje:<br \/>\n1 x modul CMOS kamery ov7670<\/p>\n","protected":false},"excerpt":{"rendered":"<p>&nbsp; OV7670 Kamerov\u00fd Modul Popis OV7670 kamerov\u00fd modul je modul s podporou VGA CIF auto expoz\u00edcie, s akt\u00edvnou ve\u013ekos\u0165ou displeja&hellip;<\/p>\n","protected":false},"featured_media":455,"template":"","meta":{"_monsterinsights_skip_tracking":false,"_monsterinsights_sitenote_active":false,"_monsterinsights_sitenote_note":"","_monsterinsights_sitenote_category":0},"product_cat":[16,28],"product_tag":[],"class_list":{"0":"post-454","1":"product","2":"type-product","3":"status-publish","4":"has-post-thumbnail","6":"product_cat-ard","7":"product_cat-kamera-modul","9":"first","10":"instock","11":"sale","12":"shipping-taxable","13":"purchasable","14":"product-type-simple"},"yoast_head":"<!-- This site is optimized with the Yoast SEO plugin v23.6 - https:\/\/yoast.com\/wordpress\/plugins\/seo\/ -->\n<title>OV7670 camera module OV7670 moduleSupports VGA CIF auto exposure control display active size 640X480 For Arduino - Arduino e-shop<\/title>\n<meta name=\"robots\" content=\"index, follow, max-snippet:-1, max-image-preview:large, max-video-preview:-1\" \/>\n<link rel=\"canonical\" href=\"https:\/\/www.onetimenexttime.sk\/arduino\/index.php\/produkt\/ov7670-camera-module-ov7670-modulesupports-vga-cif-auto-exposure-control-display-active-size-640x480-for-arduino\/\" \/>\n<meta property=\"og:locale\" content=\"sk_SK\" \/>\n<meta property=\"og:type\" content=\"article\" \/>\n<meta property=\"og:title\" content=\"OV7670 camera module OV7670 moduleSupports VGA CIF auto exposure control display active size 640X480 For Arduino - Arduino e-shop\" \/>\n<meta property=\"og:description\" content=\"&nbsp; OV7670 Kamerov\u00fd Modul Popis OV7670 kamerov\u00fd modul je modul s podporou VGA CIF auto expoz\u00edcie, s akt\u00edvnou ve\u013ekos\u0165ou displeja&hellip;\" \/>\n<meta property=\"og:url\" content=\"https:\/\/www.onetimenexttime.sk\/arduino\/index.php\/produkt\/ov7670-camera-module-ov7670-modulesupports-vga-cif-auto-exposure-control-display-active-size-640x480-for-arduino\/\" \/>\n<meta property=\"og:site_name\" content=\"Arduino e-shop\" \/>\n<meta property=\"article:modified_time\" content=\"2024-02-22T20:25:07+00:00\" \/>\n<meta property=\"og:image\" content=\"https:\/\/www.onetimenexttime.sk\/arduino\/wp-content\/uploads\/2021\/10\/816.jpg\" \/>\n\t<meta property=\"og:image:width\" content=\"564\" \/>\n\t<meta property=\"og:image:height\" content=\"563\" \/>\n\t<meta property=\"og:image:type\" content=\"image\/jpeg\" \/>\n<meta name=\"twitter:card\" content=\"summary_large_image\" \/>\n<meta name=\"twitter:label1\" content=\"Predpokladan\u00fd \u010das \u010d\u00edtania\" \/>\n\t<meta name=\"twitter:data1\" content=\"1 min\u00fata\" \/>\n<script type=\"application\/ld+json\" class=\"yoast-schema-graph\">{\"@context\":\"https:\/\/schema.org\",\"@graph\":[{\"@type\":\"WebPage\",\"@id\":\"https:\/\/www.onetimenexttime.sk\/arduino\/index.php\/produkt\/ov7670-camera-module-ov7670-modulesupports-vga-cif-auto-exposure-control-display-active-size-640x480-for-arduino\/\",\"url\":\"https:\/\/www.onetimenexttime.sk\/arduino\/index.php\/produkt\/ov7670-camera-module-ov7670-modulesupports-vga-cif-auto-exposure-control-display-active-size-640x480-for-arduino\/\",\"name\":\"OV7670 camera module OV7670 moduleSupports VGA CIF auto exposure control display active size 640X480 For Arduino - Arduino e-shop\",\"isPartOf\":{\"@id\":\"https:\/\/www.onetimenexttime.sk\/arduino\/#website\"},\"primaryImageOfPage\":{\"@id\":\"https:\/\/www.onetimenexttime.sk\/arduino\/index.php\/produkt\/ov7670-camera-module-ov7670-modulesupports-vga-cif-auto-exposure-control-display-active-size-640x480-for-arduino\/#primaryimage\"},\"image\":{\"@id\":\"https:\/\/www.onetimenexttime.sk\/arduino\/index.php\/produkt\/ov7670-camera-module-ov7670-modulesupports-vga-cif-auto-exposure-control-display-active-size-640x480-for-arduino\/#primaryimage\"},\"thumbnailUrl\":\"https:\/\/www.onetimenexttime.sk\/arduino\/wp-content\/uploads\/2021\/10\/816.jpg\",\"datePublished\":\"2021-10-23T15:33:59+00:00\",\"dateModified\":\"2024-02-22T20:25:07+00:00\",\"breadcrumb\":{\"@id\":\"https:\/\/www.onetimenexttime.sk\/arduino\/index.php\/produkt\/ov7670-camera-module-ov7670-modulesupports-vga-cif-auto-exposure-control-display-active-size-640x480-for-arduino\/#breadcrumb\"},\"inLanguage\":\"sk-SK\",\"potentialAction\":[{\"@type\":\"ReadAction\",\"target\":[\"https:\/\/www.onetimenexttime.sk\/arduino\/index.php\/produkt\/ov7670-camera-module-ov7670-modulesupports-vga-cif-auto-exposure-control-display-active-size-640x480-for-arduino\/\"]}]},{\"@type\":\"ImageObject\",\"inLanguage\":\"sk-SK\",\"@id\":\"https:\/\/www.onetimenexttime.sk\/arduino\/index.php\/produkt\/ov7670-camera-module-ov7670-modulesupports-vga-cif-auto-exposure-control-display-active-size-640x480-for-arduino\/#primaryimage\",\"url\":\"https:\/\/www.onetimenexttime.sk\/arduino\/wp-content\/uploads\/2021\/10\/816.jpg\",\"contentUrl\":\"https:\/\/www.onetimenexttime.sk\/arduino\/wp-content\/uploads\/2021\/10\/816.jpg\",\"width\":564,\"height\":563},{\"@type\":\"BreadcrumbList\",\"@id\":\"https:\/\/www.onetimenexttime.sk\/arduino\/index.php\/produkt\/ov7670-camera-module-ov7670-modulesupports-vga-cif-auto-exposure-control-display-active-size-640x480-for-arduino\/#breadcrumb\",\"itemListElement\":[{\"@type\":\"ListItem\",\"position\":1,\"name\":\"Domov\",\"item\":\"https:\/\/www.onetimenexttime.sk\/arduino\/\"},{\"@type\":\"ListItem\",\"position\":2,\"name\":\"Obchod\",\"item\":\"https:\/\/www.onetimenexttime.sk\/arduino\/\"},{\"@type\":\"ListItem\",\"position\":3,\"name\":\"OV7670 camera module OV7670 moduleSupports VGA CIF auto exposure control display active size 640X480 For Arduino\"}]},{\"@type\":\"WebSite\",\"@id\":\"https:\/\/www.onetimenexttime.sk\/arduino\/#website\",\"url\":\"https:\/\/www.onetimenexttime.sk\/arduino\/\",\"name\":\"Arduino e-shop\",\"description\":\"Home Assistant\",\"potentialAction\":[{\"@type\":\"SearchAction\",\"target\":{\"@type\":\"EntryPoint\",\"urlTemplate\":\"https:\/\/www.onetimenexttime.sk\/arduino\/?s={search_term_string}\"},\"query-input\":{\"@type\":\"PropertyValueSpecification\",\"valueRequired\":true,\"valueName\":\"search_term_string\"}}],\"inLanguage\":\"sk-SK\"}]}<\/script>\n<!-- \/ Yoast SEO plugin. -->","yoast_head_json":{"title":"OV7670 camera module OV7670 moduleSupports VGA CIF auto exposure control display active size 640X480 For Arduino - Arduino e-shop","robots":{"index":"index","follow":"follow","max-snippet":"max-snippet:-1","max-image-preview":"max-image-preview:large","max-video-preview":"max-video-preview:-1"},"canonical":"https:\/\/www.onetimenexttime.sk\/arduino\/index.php\/produkt\/ov7670-camera-module-ov7670-modulesupports-vga-cif-auto-exposure-control-display-active-size-640x480-for-arduino\/","og_locale":"sk_SK","og_type":"article","og_title":"OV7670 camera module OV7670 moduleSupports VGA CIF auto exposure control display active size 640X480 For Arduino - Arduino e-shop","og_description":"&nbsp; OV7670 Kamerov\u00fd Modul Popis OV7670 kamerov\u00fd modul je modul s podporou VGA CIF auto expoz\u00edcie, s akt\u00edvnou ve\u013ekos\u0165ou displeja&hellip;","og_url":"https:\/\/www.onetimenexttime.sk\/arduino\/index.php\/produkt\/ov7670-camera-module-ov7670-modulesupports-vga-cif-auto-exposure-control-display-active-size-640x480-for-arduino\/","og_site_name":"Arduino e-shop","article_modified_time":"2024-02-22T20:25:07+00:00","og_image":[{"width":564,"height":563,"url":"https:\/\/www.onetimenexttime.sk\/arduino\/wp-content\/uploads\/2021\/10\/816.jpg","type":"image\/jpeg"}],"twitter_card":"summary_large_image","twitter_misc":{"Predpokladan\u00fd \u010das \u010d\u00edtania":"1 min\u00fata"},"schema":{"@context":"https:\/\/schema.org","@graph":[{"@type":"WebPage","@id":"https:\/\/www.onetimenexttime.sk\/arduino\/index.php\/produkt\/ov7670-camera-module-ov7670-modulesupports-vga-cif-auto-exposure-control-display-active-size-640x480-for-arduino\/","url":"https:\/\/www.onetimenexttime.sk\/arduino\/index.php\/produkt\/ov7670-camera-module-ov7670-modulesupports-vga-cif-auto-exposure-control-display-active-size-640x480-for-arduino\/","name":"OV7670 camera module OV7670 moduleSupports VGA CIF auto exposure control display active size 640X480 For Arduino - Arduino e-shop","isPartOf":{"@id":"https:\/\/www.onetimenexttime.sk\/arduino\/#website"},"primaryImageOfPage":{"@id":"https:\/\/www.onetimenexttime.sk\/arduino\/index.php\/produkt\/ov7670-camera-module-ov7670-modulesupports-vga-cif-auto-exposure-control-display-active-size-640x480-for-arduino\/#primaryimage"},"image":{"@id":"https:\/\/www.onetimenexttime.sk\/arduino\/index.php\/produkt\/ov7670-camera-module-ov7670-modulesupports-vga-cif-auto-exposure-control-display-active-size-640x480-for-arduino\/#primaryimage"},"thumbnailUrl":"https:\/\/www.onetimenexttime.sk\/arduino\/wp-content\/uploads\/2021\/10\/816.jpg","datePublished":"2021-10-23T15:33:59+00:00","dateModified":"2024-02-22T20:25:07+00:00","breadcrumb":{"@id":"https:\/\/www.onetimenexttime.sk\/arduino\/index.php\/produkt\/ov7670-camera-module-ov7670-modulesupports-vga-cif-auto-exposure-control-display-active-size-640x480-for-arduino\/#breadcrumb"},"inLanguage":"sk-SK","potentialAction":[{"@type":"ReadAction","target":["https:\/\/www.onetimenexttime.sk\/arduino\/index.php\/produkt\/ov7670-camera-module-ov7670-modulesupports-vga-cif-auto-exposure-control-display-active-size-640x480-for-arduino\/"]}]},{"@type":"ImageObject","inLanguage":"sk-SK","@id":"https:\/\/www.onetimenexttime.sk\/arduino\/index.php\/produkt\/ov7670-camera-module-ov7670-modulesupports-vga-cif-auto-exposure-control-display-active-size-640x480-for-arduino\/#primaryimage","url":"https:\/\/www.onetimenexttime.sk\/arduino\/wp-content\/uploads\/2021\/10\/816.jpg","contentUrl":"https:\/\/www.onetimenexttime.sk\/arduino\/wp-content\/uploads\/2021\/10\/816.jpg","width":564,"height":563},{"@type":"BreadcrumbList","@id":"https:\/\/www.onetimenexttime.sk\/arduino\/index.php\/produkt\/ov7670-camera-module-ov7670-modulesupports-vga-cif-auto-exposure-control-display-active-size-640x480-for-arduino\/#breadcrumb","itemListElement":[{"@type":"ListItem","position":1,"name":"Domov","item":"https:\/\/www.onetimenexttime.sk\/arduino\/"},{"@type":"ListItem","position":2,"name":"Obchod","item":"https:\/\/www.onetimenexttime.sk\/arduino\/"},{"@type":"ListItem","position":3,"name":"OV7670 camera module OV7670 moduleSupports VGA CIF auto exposure control display active size 640X480 For Arduino"}]},{"@type":"WebSite","@id":"https:\/\/www.onetimenexttime.sk\/arduino\/#website","url":"https:\/\/www.onetimenexttime.sk\/arduino\/","name":"Arduino e-shop","description":"Home Assistant","potentialAction":[{"@type":"SearchAction","target":{"@type":"EntryPoint","urlTemplate":"https:\/\/www.onetimenexttime.sk\/arduino\/?s={search_term_string}"},"query-input":{"@type":"PropertyValueSpecification","valueRequired":true,"valueName":"search_term_string"}}],"inLanguage":"sk-SK"}]}},"_links":{"self":[{"href":"https:\/\/www.onetimenexttime.sk\/arduino\/index.php\/wp-json\/wp\/v2\/product\/454"}],"collection":[{"href":"https:\/\/www.onetimenexttime.sk\/arduino\/index.php\/wp-json\/wp\/v2\/product"}],"about":[{"href":"https:\/\/www.onetimenexttime.sk\/arduino\/index.php\/wp-json\/wp\/v2\/types\/product"}],"wp:featuredmedia":[{"embeddable":true,"href":"https:\/\/www.onetimenexttime.sk\/arduino\/index.php\/wp-json\/wp\/v2\/media\/455"}],"wp:attachment":[{"href":"https:\/\/www.onetimenexttime.sk\/arduino\/index.php\/wp-json\/wp\/v2\/media?parent=454"}],"wp:term":[{"taxonomy":"product_cat","embeddable":true,"href":"https:\/\/www.onetimenexttime.sk\/arduino\/index.php\/wp-json\/wp\/v2\/product_cat?post=454"},{"taxonomy":"product_tag","embeddable":true,"href":"https:\/\/www.onetimenexttime.sk\/arduino\/index.php\/wp-json\/wp\/v2\/product_tag?post=454"}],"curies":[{"name":"wp","href":"https:\/\/api.w.org\/{rel}","templated":true}]}}