{"id":447,"date":"2021-10-23T17:25:06","date_gmt":"2021-10-23T15:25:06","guid":{"rendered":"https:\/\/www.onetimenexttime.sk\/arduino\/?post_type=product&#038;p=447"},"modified":"2024-02-23T07:35:48","modified_gmt":"2024-02-23T06:35:48","slug":"3-5-lcd-tft-touch-screen-display-for-raspberry-pi-2-model-b","status":"publish","type":"product","link":"https:\/\/www.onetimenexttime.sk\/arduino\/index.php\/produkt\/3-5-lcd-tft-touch-screen-display-for-raspberry-pi-2-model-b\/","title":{"rendered":"3.5&#8243; LCD TFT Touch Screen Display for Raspberry Pi 2 Model B"},"content":{"rendered":"<p>&nbsp;<\/p>\n<p>&nbsp;<\/p>\n<h1>3.5&#8243; LCD TFT Dotykov\u00fd Displej pre Raspberry Pi 2 Model B<\/h1>\n<table>\n<tbody>\n<tr>\n<th>Popis:<\/th>\n<td>Displej s dotykovou obrazovkou ve\u013ekosti 3.5 palca pre Raspberry Pi 2 Model B<\/td>\n<\/tr>\n<tr>\n<th>Vlastnosti:<\/th>\n<td>&#8211; 3.5 palcov\u00fd TFT LCD displej<br \/>\n&#8211; Dotykov\u00e1 obrazovka pre interakciu<br \/>\n&#8211; Jednoduch\u00e1 in\u0161tal\u00e1cia na Raspberry Pi 2 Model B<\/td>\n<\/tr>\n<tr>\n<th>\u0160pecifik\u00e1cie:<\/th>\n<td>&#8211; Ve\u013ekos\u0165 displeja: 3.5 palca<br \/>\n&#8211; Rozl\u00ed\u0161enie: 320 x 480 pixelov<br \/>\n&#8211; Kompatibilita: Raspberry Pi 2 Model B<\/td>\n<\/tr>\n<tr>\n<th>Pr\u00edklady pou\u017eitia:<\/th>\n<td>&#8211; Zobrazenie grafick\u00e9ho rozhrania pre Raspberry Pi<br \/>\n&#8211; Interakt\u00edvne aplik\u00e1cie s dotykovou odozvou<br \/>\n&#8211; Monitorovanie senzorov a \u00fadajov pomocou Raspberry Pi<\/td>\n<\/tr>\n<tr>\n<th>Pr\u00edkladov\u00fd k\u00f3d pre Raspberry Pi:<\/th>\n<td># Import potrebn\u00fdch kni\u017en\u00edc<\/p>\n<p>import pygame<\/p>\n<p>import pygame.locals<\/p>\n<p># Inicializ\u00e1cia displeja<\/p>\n<p>pygame.init()<\/p>\n<p>screen = pygame.display.set_mode((320, 480))<\/p>\n<p># Hlavn\u00e1 slu\u010dka pre zobrazovanie<\/p>\n<p>while True:<\/p>\n<p>for event in pygame.event.get():<\/p>\n<p>if event.type == pygame.QUIT:<\/p>\n<p>pygame.quit()<\/p>\n<p>exit()<\/td>\n<\/tr>\n<\/tbody>\n<\/table>\n<p><button>Skop\u00edrova\u0165 pr\u00edkladov\u00fd k\u00f3d<\/button><\/p>\n<h2>3,5&#8243; LCD TFT dotykov\u00fd displej pre Raspberry Pi 2 Model B<\/h2>\n<p>Tento 3,5-palcov\u00fd modul dotykovej obrazovky je navrhnut\u00fd \u0161peci\u00e1lne pre Raspberry Pi, vyu\u017e\u00edva najnov\u0161\u00ed syst\u00e9m Linux Core (v\u00edzia 3.18.9), najnov\u0161\u00ed ofici\u00e1lny s\u00faborov\u00fd syst\u00e9m UI Raspberry Pi a najr\u00fdchlej\u0161\u00ed prenos d\u00e1t SPI, ide\u00e1lne alternat\u00edvne rie\u0161enie pre HDMI monitor a pohodln\u00e9 rozhranie Men-Machine pre Raspberry Pi v kombin\u00e1cii s prenosn\u00fdm nap\u00e1jan\u00edm, urobte si svojpomocne kdeko\u013evek a kedyko\u013evek.<\/p>\n<p>Vlastnosti:<\/p>\n<p>Rozhranie LCD: SPI<br \/>\nOvl\u00e1da\u010d dotykovej obrazovky: XPT2046<br \/>\nPodsvietenie: LED<br \/>\nTyp LCD: TFT<br \/>\nRozl\u00ed\u0161enie: 320*480 BODOV<br \/>\nZ\u00e1kladn\u00fd syst\u00e9m: v\u00edzia 3.18.9<br \/>\nR\u00fdchlos\u0165 SPI: 32 MHz<br \/>\nIndex farebn\u00fdch \u00farovn\u00ed: 65536<br \/>\nSpotreba energie\/pr\u00fad podsvietenia: TBD<br \/>\nPodporuje syst\u00e9m Raspbian, umo\u017e\u0148uje v\u00e1\u0161mu syst\u00e9mu:<br \/>\n1) Fotografujte dotykom (a\u017e 17 re\u017eimov fotoapar\u00e1tu)<br \/>\n2) Podpora softv\u00e9rovej kl\u00e1vesnice (interakcia syst\u00e9mu bez kl\u00e1vesnice\/my\u0161i)<br \/>\n3) Podporn\u00fd ovl\u00e1da\u010d sa nain\u0161taluje automaticky.<br \/>\nPozn\u00e1mka: T\u00e1to obrazovka nem\u00f4\u017ee hra\u0165 videohry a sledova\u0165 video, iba ako z\u00e1klad pre oper\u00e1ciu.<\/p>\n<p>Na obrazovku je potrebn\u00e9 nain\u0161talova\u0165 ovl\u00e1da\u010d, inak bude biela obrazovka, nem\u00f4\u017eete ju pou\u017ei\u0165. M\u00f4\u017eete si pokojne stiahnu\u0165 ovl\u00e1da\u010d pre 3, 5 &#8220;dotykov\u00fd displej TFT LCD. Pls skontrolujte obr\u00e1zok podvodn\u00e9ho s\u00faboru pod popisom.<\/p>\n<p>POZN\u00c1MKA:<\/p>\n<p>1. Pred in\u0161tal\u00e1ciou ovl\u00e1da\u010da rozba\u013ete SD kartu a re\u0161tartujte ju.<\/p>\n<p>2.T\u00fato obrazovku mo\u017eno pou\u017ei\u0165 v Raspbian a Noobs. In\u00fd syst\u00e9m nem\u00f4\u017ee pou\u017e\u00edva\u0165, pros\u00edm, uvedomte si to.<\/p>\n<p>3. preto\u017ee ovl\u00e1da\u010d obrazovky sa v\u017edy aktualizuje, tak\u017ee ke\u010f ho dostanete, ale nem\u00f4\u017ee fungova\u0165, kontaktujte z\u00e1kazn\u00edka<\/p>\n<p>servisn\u00e9 poradenstvo, z\u00e1kazn\u00edcky servis v\u00e1s nau\u010d\u00ed, ako pracova\u0165. Neotv\u00e1rajte puzdro na za\u010diatku, \u010fakujem ve\u013emi pekne.<\/p>\n","protected":false},"excerpt":{"rendered":"<p>&nbsp; &nbsp; 3.5&#8243; LCD TFT Dotykov\u00fd Displej pre Raspberry Pi 2 Model B Popis: Displej s dotykovou obrazovkou ve\u013ekosti 3.5&hellip;<\/p>\n","protected":false},"featured_media":452,"template":"","meta":{"_monsterinsights_skip_tracking":false,"_monsterinsights_sitenote_active":false,"_monsterinsights_sitenote_note":"","_monsterinsights_sitenote_category":0},"product_cat":[16,25,48],"product_tag":[],"class_list":{"0":"post-447","1":"product","2":"type-product","3":"status-publish","4":"has-post-thumbnail","6":"product_cat-ard","7":"product_cat-display","8":"product_cat-raspberry","10":"first","11":"instock","12":"sale","13":"shipping-taxable","14":"purchasable","15":"product-type-simple"},"yoast_head":"<!-- This site is optimized with the Yoast SEO plugin v23.6 - https:\/\/yoast.com\/wordpress\/plugins\/seo\/ -->\n<title>3.5&quot; LCD TFT Touch Screen Display for Raspberry Pi 2 Model B - Arduino e-shop<\/title>\n<meta name=\"robots\" content=\"index, follow, max-snippet:-1, max-image-preview:large, max-video-preview:-1\" \/>\n<link rel=\"canonical\" href=\"https:\/\/www.onetimenexttime.sk\/arduino\/index.php\/produkt\/3-5-lcd-tft-touch-screen-display-for-raspberry-pi-2-model-b\/\" \/>\n<meta property=\"og:locale\" content=\"sk_SK\" \/>\n<meta property=\"og:type\" content=\"article\" \/>\n<meta property=\"og:title\" content=\"3.5&quot; LCD TFT Touch Screen Display for Raspberry Pi 2 Model B - Arduino e-shop\" \/>\n<meta property=\"og:description\" content=\"&nbsp; &nbsp; 3.5&#8243; LCD TFT Dotykov\u00fd Displej pre Raspberry Pi 2 Model B Popis: Displej s dotykovou obrazovkou ve\u013ekosti 3.5&hellip;\" \/>\n<meta property=\"og:url\" content=\"https:\/\/www.onetimenexttime.sk\/arduino\/index.php\/produkt\/3-5-lcd-tft-touch-screen-display-for-raspberry-pi-2-model-b\/\" \/>\n<meta property=\"og:site_name\" content=\"Arduino e-shop\" \/>\n<meta property=\"article:modified_time\" content=\"2024-02-23T06:35:48+00:00\" \/>\n<meta property=\"og:image\" content=\"https:\/\/www.onetimenexttime.sk\/arduino\/wp-content\/uploads\/2021\/10\/814-3.jpg\" \/>\n\t<meta property=\"og:image:width\" content=\"526\" \/>\n\t<meta property=\"og:image:height\" content=\"528\" \/>\n\t<meta property=\"og:image:type\" content=\"image\/jpeg\" \/>\n<meta name=\"twitter:card\" content=\"summary_large_image\" \/>\n<meta name=\"twitter:label1\" content=\"Predpokladan\u00fd \u010das \u010d\u00edtania\" \/>\n\t<meta name=\"twitter:data1\" content=\"1 min\u00fata\" \/>\n<script type=\"application\/ld+json\" class=\"yoast-schema-graph\">{\"@context\":\"https:\/\/schema.org\",\"@graph\":[{\"@type\":\"WebPage\",\"@id\":\"https:\/\/www.onetimenexttime.sk\/arduino\/index.php\/produkt\/3-5-lcd-tft-touch-screen-display-for-raspberry-pi-2-model-b\/\",\"url\":\"https:\/\/www.onetimenexttime.sk\/arduino\/index.php\/produkt\/3-5-lcd-tft-touch-screen-display-for-raspberry-pi-2-model-b\/\",\"name\":\"3.5\\\" LCD TFT Touch Screen Display for Raspberry Pi 2 Model B - Arduino e-shop\",\"isPartOf\":{\"@id\":\"https:\/\/www.onetimenexttime.sk\/arduino\/#website\"},\"primaryImageOfPage\":{\"@id\":\"https:\/\/www.onetimenexttime.sk\/arduino\/index.php\/produkt\/3-5-lcd-tft-touch-screen-display-for-raspberry-pi-2-model-b\/#primaryimage\"},\"image\":{\"@id\":\"https:\/\/www.onetimenexttime.sk\/arduino\/index.php\/produkt\/3-5-lcd-tft-touch-screen-display-for-raspberry-pi-2-model-b\/#primaryimage\"},\"thumbnailUrl\":\"https:\/\/www.onetimenexttime.sk\/arduino\/wp-content\/uploads\/2021\/10\/814-3.jpg\",\"datePublished\":\"2021-10-23T15:25:06+00:00\",\"dateModified\":\"2024-02-23T06:35:48+00:00\",\"breadcrumb\":{\"@id\":\"https:\/\/www.onetimenexttime.sk\/arduino\/index.php\/produkt\/3-5-lcd-tft-touch-screen-display-for-raspberry-pi-2-model-b\/#breadcrumb\"},\"inLanguage\":\"sk-SK\",\"potentialAction\":[{\"@type\":\"ReadAction\",\"target\":[\"https:\/\/www.onetimenexttime.sk\/arduino\/index.php\/produkt\/3-5-lcd-tft-touch-screen-display-for-raspberry-pi-2-model-b\/\"]}]},{\"@type\":\"ImageObject\",\"inLanguage\":\"sk-SK\",\"@id\":\"https:\/\/www.onetimenexttime.sk\/arduino\/index.php\/produkt\/3-5-lcd-tft-touch-screen-display-for-raspberry-pi-2-model-b\/#primaryimage\",\"url\":\"https:\/\/www.onetimenexttime.sk\/arduino\/wp-content\/uploads\/2021\/10\/814-3.jpg\",\"contentUrl\":\"https:\/\/www.onetimenexttime.sk\/arduino\/wp-content\/uploads\/2021\/10\/814-3.jpg\",\"width\":526,\"height\":528},{\"@type\":\"BreadcrumbList\",\"@id\":\"https:\/\/www.onetimenexttime.sk\/arduino\/index.php\/produkt\/3-5-lcd-tft-touch-screen-display-for-raspberry-pi-2-model-b\/#breadcrumb\",\"itemListElement\":[{\"@type\":\"ListItem\",\"position\":1,\"name\":\"Domov\",\"item\":\"https:\/\/www.onetimenexttime.sk\/arduino\/\"},{\"@type\":\"ListItem\",\"position\":2,\"name\":\"Obchod\",\"item\":\"https:\/\/www.onetimenexttime.sk\/arduino\/\"},{\"@type\":\"ListItem\",\"position\":3,\"name\":\"3.5&#8243; LCD TFT Touch Screen Display for Raspberry Pi 2 Model B\"}]},{\"@type\":\"WebSite\",\"@id\":\"https:\/\/www.onetimenexttime.sk\/arduino\/#website\",\"url\":\"https:\/\/www.onetimenexttime.sk\/arduino\/\",\"name\":\"Arduino e-shop\",\"description\":\"Home Assistant\",\"potentialAction\":[{\"@type\":\"SearchAction\",\"target\":{\"@type\":\"EntryPoint\",\"urlTemplate\":\"https:\/\/www.onetimenexttime.sk\/arduino\/?s={search_term_string}\"},\"query-input\":{\"@type\":\"PropertyValueSpecification\",\"valueRequired\":true,\"valueName\":\"search_term_string\"}}],\"inLanguage\":\"sk-SK\"}]}<\/script>\n<!-- \/ Yoast SEO plugin. -->","yoast_head_json":{"title":"3.5\" LCD TFT Touch Screen Display for Raspberry Pi 2 Model B - Arduino e-shop","robots":{"index":"index","follow":"follow","max-snippet":"max-snippet:-1","max-image-preview":"max-image-preview:large","max-video-preview":"max-video-preview:-1"},"canonical":"https:\/\/www.onetimenexttime.sk\/arduino\/index.php\/produkt\/3-5-lcd-tft-touch-screen-display-for-raspberry-pi-2-model-b\/","og_locale":"sk_SK","og_type":"article","og_title":"3.5\" LCD TFT Touch Screen Display for Raspberry Pi 2 Model B - Arduino e-shop","og_description":"&nbsp; &nbsp; 3.5&#8243; LCD TFT Dotykov\u00fd Displej pre Raspberry Pi 2 Model B Popis: Displej s dotykovou obrazovkou ve\u013ekosti 3.5&hellip;","og_url":"https:\/\/www.onetimenexttime.sk\/arduino\/index.php\/produkt\/3-5-lcd-tft-touch-screen-display-for-raspberry-pi-2-model-b\/","og_site_name":"Arduino e-shop","article_modified_time":"2024-02-23T06:35:48+00:00","og_image":[{"width":526,"height":528,"url":"https:\/\/www.onetimenexttime.sk\/arduino\/wp-content\/uploads\/2021\/10\/814-3.jpg","type":"image\/jpeg"}],"twitter_card":"summary_large_image","twitter_misc":{"Predpokladan\u00fd \u010das \u010d\u00edtania":"1 min\u00fata"},"schema":{"@context":"https:\/\/schema.org","@graph":[{"@type":"WebPage","@id":"https:\/\/www.onetimenexttime.sk\/arduino\/index.php\/produkt\/3-5-lcd-tft-touch-screen-display-for-raspberry-pi-2-model-b\/","url":"https:\/\/www.onetimenexttime.sk\/arduino\/index.php\/produkt\/3-5-lcd-tft-touch-screen-display-for-raspberry-pi-2-model-b\/","name":"3.5\" LCD TFT Touch Screen Display for Raspberry Pi 2 Model B - Arduino e-shop","isPartOf":{"@id":"https:\/\/www.onetimenexttime.sk\/arduino\/#website"},"primaryImageOfPage":{"@id":"https:\/\/www.onetimenexttime.sk\/arduino\/index.php\/produkt\/3-5-lcd-tft-touch-screen-display-for-raspberry-pi-2-model-b\/#primaryimage"},"image":{"@id":"https:\/\/www.onetimenexttime.sk\/arduino\/index.php\/produkt\/3-5-lcd-tft-touch-screen-display-for-raspberry-pi-2-model-b\/#primaryimage"},"thumbnailUrl":"https:\/\/www.onetimenexttime.sk\/arduino\/wp-content\/uploads\/2021\/10\/814-3.jpg","datePublished":"2021-10-23T15:25:06+00:00","dateModified":"2024-02-23T06:35:48+00:00","breadcrumb":{"@id":"https:\/\/www.onetimenexttime.sk\/arduino\/index.php\/produkt\/3-5-lcd-tft-touch-screen-display-for-raspberry-pi-2-model-b\/#breadcrumb"},"inLanguage":"sk-SK","potentialAction":[{"@type":"ReadAction","target":["https:\/\/www.onetimenexttime.sk\/arduino\/index.php\/produkt\/3-5-lcd-tft-touch-screen-display-for-raspberry-pi-2-model-b\/"]}]},{"@type":"ImageObject","inLanguage":"sk-SK","@id":"https:\/\/www.onetimenexttime.sk\/arduino\/index.php\/produkt\/3-5-lcd-tft-touch-screen-display-for-raspberry-pi-2-model-b\/#primaryimage","url":"https:\/\/www.onetimenexttime.sk\/arduino\/wp-content\/uploads\/2021\/10\/814-3.jpg","contentUrl":"https:\/\/www.onetimenexttime.sk\/arduino\/wp-content\/uploads\/2021\/10\/814-3.jpg","width":526,"height":528},{"@type":"BreadcrumbList","@id":"https:\/\/www.onetimenexttime.sk\/arduino\/index.php\/produkt\/3-5-lcd-tft-touch-screen-display-for-raspberry-pi-2-model-b\/#breadcrumb","itemListElement":[{"@type":"ListItem","position":1,"name":"Domov","item":"https:\/\/www.onetimenexttime.sk\/arduino\/"},{"@type":"ListItem","position":2,"name":"Obchod","item":"https:\/\/www.onetimenexttime.sk\/arduino\/"},{"@type":"ListItem","position":3,"name":"3.5&#8243; LCD TFT Touch Screen Display for Raspberry Pi 2 Model B"}]},{"@type":"WebSite","@id":"https:\/\/www.onetimenexttime.sk\/arduino\/#website","url":"https:\/\/www.onetimenexttime.sk\/arduino\/","name":"Arduino e-shop","description":"Home Assistant","potentialAction":[{"@type":"SearchAction","target":{"@type":"EntryPoint","urlTemplate":"https:\/\/www.onetimenexttime.sk\/arduino\/?s={search_term_string}"},"query-input":{"@type":"PropertyValueSpecification","valueRequired":true,"valueName":"search_term_string"}}],"inLanguage":"sk-SK"}]}},"_links":{"self":[{"href":"https:\/\/www.onetimenexttime.sk\/arduino\/index.php\/wp-json\/wp\/v2\/product\/447"}],"collection":[{"href":"https:\/\/www.onetimenexttime.sk\/arduino\/index.php\/wp-json\/wp\/v2\/product"}],"about":[{"href":"https:\/\/www.onetimenexttime.sk\/arduino\/index.php\/wp-json\/wp\/v2\/types\/product"}],"wp:featuredmedia":[{"embeddable":true,"href":"https:\/\/www.onetimenexttime.sk\/arduino\/index.php\/wp-json\/wp\/v2\/media\/452"}],"wp:attachment":[{"href":"https:\/\/www.onetimenexttime.sk\/arduino\/index.php\/wp-json\/wp\/v2\/media?parent=447"}],"wp:term":[{"taxonomy":"product_cat","embeddable":true,"href":"https:\/\/www.onetimenexttime.sk\/arduino\/index.php\/wp-json\/wp\/v2\/product_cat?post=447"},{"taxonomy":"product_tag","embeddable":true,"href":"https:\/\/www.onetimenexttime.sk\/arduino\/index.php\/wp-json\/wp\/v2\/product_tag?post=447"}],"curies":[{"name":"wp","href":"https:\/\/api.w.org\/{rel}","templated":true}]}}