{"id":443,"date":"2021-10-23T17:13:31","date_gmt":"2021-10-23T15:13:31","guid":{"rendered":"https:\/\/www.onetimenexttime.sk\/arduino\/?post_type=product&#038;p=443"},"modified":"2021-10-23T17:17:06","modified_gmt":"2021-10-23T15:17:06","slug":"2-4-inch-2-4-tft-lcd-shield-socket-touch-panel-module","status":"publish","type":"product","link":"https:\/\/www.onetimenexttime.sk\/arduino\/index.php\/produkt\/2-4-inch-2-4-tft-lcd-shield-socket-touch-panel-module\/","title":{"rendered":"2.4 inch 2.4 TFT LCD Shield Socket Touch Panel Module"},"content":{"rendered":"<h2>Modul dotykov\u00e9ho panela s 2,4-palcov\u00fdm 2,4-palcov\u00fdm TFT LCD \u0161t\u00edtom<\/h2>\n<p>1. LCD TFT displej s uhloprie\u010dkou 2,4&#8243;.<\/p>\n<p>2. Jasn\u00e9, 4 biele LED podsvietenie, predvolene zapnut\u00e9, ale m\u00f4\u017eete pripoji\u0165 tranzistor k digit\u00e1lnemu kol\u00edku na ovl\u00e1danie podsvietenia<\/p>\n<p>3. Farebn\u00e9, 18-bitov\u00e9 262 000 r\u00f4znych odtie\u0148ov<\/p>\n<p>4. 4-vodi\u010dov\u00fd odporov\u00fd dotykov\u00fd displej<\/p>\n<p>5. 8-bitov\u00e9 digit\u00e1lne rozhranie plus 4 riadiace linky<\/p>\n<p>6. Pou\u017e\u00edva digit\u00e1lne kol\u00edky 5-13 a anal\u00f3gov\u00e9 0-3. To znamen\u00e1, \u017ee m\u00f4\u017eete pou\u017ei\u0165 digit\u00e1lne piny 2, 3 a anal\u00f3gov\u00e9 4 a 5. Pin 12 je dostupn\u00fd, ak nepou\u017e\u00edvate micro SD<\/p>\n<p>7. 5V kompatibiln\u00e9, pou\u017eitie s logikou 3,3V alebo 5V<\/p>\n<p>8. Pre Arduino UNO R3<\/p>\n<p>9.Rozl\u00ed\u0161enie: 240X320<\/p>\n<p>10. IC ovl\u00e1da\u010da: ILI9341<\/p>\n","protected":false},"excerpt":{"rendered":"<p>Modul dotykov\u00e9ho panela s 2,4-palcov\u00fdm 2,4-palcov\u00fdm TFT LCD \u0161t\u00edtom 1. LCD TFT displej s uhloprie\u010dkou 2,4&#8243;. 2. Jasn\u00e9, 4 biele&hellip;<\/p>\n","protected":false},"featured_media":444,"template":"","meta":{"_monsterinsights_skip_tracking":false,"_monsterinsights_sitenote_active":false,"_monsterinsights_sitenote_note":"","_monsterinsights_sitenote_category":0},"product_cat":[16,25],"product_tag":[],"class_list":{"0":"post-443","1":"product","2":"type-product","3":"status-publish","4":"has-post-thumbnail","6":"product_cat-ard","7":"product_cat-display","9":"first","10":"instock","11":"shipping-taxable","12":"purchasable","13":"product-type-simple"},"yoast_head":"<!-- This site is optimized with the Yoast SEO plugin v23.6 - https:\/\/yoast.com\/wordpress\/plugins\/seo\/ -->\n<title>2.4 inch 2.4 TFT LCD Shield Socket Touch Panel Module - Arduino e-shop<\/title>\n<meta name=\"robots\" content=\"index, follow, max-snippet:-1, max-image-preview:large, max-video-preview:-1\" \/>\n<link rel=\"canonical\" href=\"https:\/\/www.onetimenexttime.sk\/arduino\/index.php\/produkt\/2-4-inch-2-4-tft-lcd-shield-socket-touch-panel-module\/\" \/>\n<meta property=\"og:locale\" content=\"sk_SK\" \/>\n<meta property=\"og:type\" content=\"article\" \/>\n<meta property=\"og:title\" content=\"2.4 inch 2.4 TFT LCD Shield Socket Touch Panel Module - Arduino e-shop\" \/>\n<meta property=\"og:description\" content=\"Modul dotykov\u00e9ho panela s 2,4-palcov\u00fdm 2,4-palcov\u00fdm TFT LCD \u0161t\u00edtom 1. LCD TFT displej s uhloprie\u010dkou 2,4&#8243;. 2. Jasn\u00e9, 4 biele&hellip;\" \/>\n<meta property=\"og:url\" content=\"https:\/\/www.onetimenexttime.sk\/arduino\/index.php\/produkt\/2-4-inch-2-4-tft-lcd-shield-socket-touch-panel-module\/\" \/>\n<meta property=\"og:site_name\" content=\"Arduino e-shop\" \/>\n<meta property=\"article:modified_time\" content=\"2021-10-23T15:17:06+00:00\" \/>\n<meta property=\"og:image\" content=\"https:\/\/www.onetimenexttime.sk\/arduino\/wp-content\/uploads\/2021\/10\/806.jpg\" \/>\n\t<meta property=\"og:image:width\" content=\"526\" \/>\n\t<meta property=\"og:image:height\" content=\"528\" \/>\n\t<meta property=\"og:image:type\" content=\"image\/jpeg\" \/>\n<meta name=\"twitter:card\" content=\"summary_large_image\" \/>\n<meta name=\"twitter:label1\" content=\"Predpokladan\u00fd \u010das \u010d\u00edtania\" \/>\n\t<meta name=\"twitter:data1\" content=\"1 min\u00fata\" \/>\n<script type=\"application\/ld+json\" class=\"yoast-schema-graph\">{\"@context\":\"https:\/\/schema.org\",\"@graph\":[{\"@type\":\"WebPage\",\"@id\":\"https:\/\/www.onetimenexttime.sk\/arduino\/index.php\/produkt\/2-4-inch-2-4-tft-lcd-shield-socket-touch-panel-module\/\",\"url\":\"https:\/\/www.onetimenexttime.sk\/arduino\/index.php\/produkt\/2-4-inch-2-4-tft-lcd-shield-socket-touch-panel-module\/\",\"name\":\"2.4 inch 2.4 TFT LCD Shield Socket Touch Panel Module - Arduino e-shop\",\"isPartOf\":{\"@id\":\"https:\/\/www.onetimenexttime.sk\/arduino\/#website\"},\"primaryImageOfPage\":{\"@id\":\"https:\/\/www.onetimenexttime.sk\/arduino\/index.php\/produkt\/2-4-inch-2-4-tft-lcd-shield-socket-touch-panel-module\/#primaryimage\"},\"image\":{\"@id\":\"https:\/\/www.onetimenexttime.sk\/arduino\/index.php\/produkt\/2-4-inch-2-4-tft-lcd-shield-socket-touch-panel-module\/#primaryimage\"},\"thumbnailUrl\":\"https:\/\/www.onetimenexttime.sk\/arduino\/wp-content\/uploads\/2021\/10\/806.jpg\",\"datePublished\":\"2021-10-23T15:13:31+00:00\",\"dateModified\":\"2021-10-23T15:17:06+00:00\",\"breadcrumb\":{\"@id\":\"https:\/\/www.onetimenexttime.sk\/arduino\/index.php\/produkt\/2-4-inch-2-4-tft-lcd-shield-socket-touch-panel-module\/#breadcrumb\"},\"inLanguage\":\"sk-SK\",\"potentialAction\":[{\"@type\":\"ReadAction\",\"target\":[\"https:\/\/www.onetimenexttime.sk\/arduino\/index.php\/produkt\/2-4-inch-2-4-tft-lcd-shield-socket-touch-panel-module\/\"]}]},{\"@type\":\"ImageObject\",\"inLanguage\":\"sk-SK\",\"@id\":\"https:\/\/www.onetimenexttime.sk\/arduino\/index.php\/produkt\/2-4-inch-2-4-tft-lcd-shield-socket-touch-panel-module\/#primaryimage\",\"url\":\"https:\/\/www.onetimenexttime.sk\/arduino\/wp-content\/uploads\/2021\/10\/806.jpg\",\"contentUrl\":\"https:\/\/www.onetimenexttime.sk\/arduino\/wp-content\/uploads\/2021\/10\/806.jpg\",\"width\":526,\"height\":528},{\"@type\":\"BreadcrumbList\",\"@id\":\"https:\/\/www.onetimenexttime.sk\/arduino\/index.php\/produkt\/2-4-inch-2-4-tft-lcd-shield-socket-touch-panel-module\/#breadcrumb\",\"itemListElement\":[{\"@type\":\"ListItem\",\"position\":1,\"name\":\"Domov\",\"item\":\"https:\/\/www.onetimenexttime.sk\/arduino\/\"},{\"@type\":\"ListItem\",\"position\":2,\"name\":\"Obchod\",\"item\":\"https:\/\/www.onetimenexttime.sk\/arduino\/\"},{\"@type\":\"ListItem\",\"position\":3,\"name\":\"2.4 inch 2.4 TFT LCD Shield Socket Touch Panel Module\"}]},{\"@type\":\"WebSite\",\"@id\":\"https:\/\/www.onetimenexttime.sk\/arduino\/#website\",\"url\":\"https:\/\/www.onetimenexttime.sk\/arduino\/\",\"name\":\"Arduino e-shop\",\"description\":\"Home Assistant\",\"potentialAction\":[{\"@type\":\"SearchAction\",\"target\":{\"@type\":\"EntryPoint\",\"urlTemplate\":\"https:\/\/www.onetimenexttime.sk\/arduino\/?s={search_term_string}\"},\"query-input\":{\"@type\":\"PropertyValueSpecification\",\"valueRequired\":true,\"valueName\":\"search_term_string\"}}],\"inLanguage\":\"sk-SK\"}]}<\/script>\n<!-- \/ Yoast SEO plugin. -->","yoast_head_json":{"title":"2.4 inch 2.4 TFT LCD Shield Socket Touch Panel Module - Arduino e-shop","robots":{"index":"index","follow":"follow","max-snippet":"max-snippet:-1","max-image-preview":"max-image-preview:large","max-video-preview":"max-video-preview:-1"},"canonical":"https:\/\/www.onetimenexttime.sk\/arduino\/index.php\/produkt\/2-4-inch-2-4-tft-lcd-shield-socket-touch-panel-module\/","og_locale":"sk_SK","og_type":"article","og_title":"2.4 inch 2.4 TFT LCD Shield Socket Touch Panel Module - Arduino e-shop","og_description":"Modul dotykov\u00e9ho panela s 2,4-palcov\u00fdm 2,4-palcov\u00fdm TFT LCD \u0161t\u00edtom 1. LCD TFT displej s uhloprie\u010dkou 2,4&#8243;. 2. Jasn\u00e9, 4 biele&hellip;","og_url":"https:\/\/www.onetimenexttime.sk\/arduino\/index.php\/produkt\/2-4-inch-2-4-tft-lcd-shield-socket-touch-panel-module\/","og_site_name":"Arduino e-shop","article_modified_time":"2021-10-23T15:17:06+00:00","og_image":[{"width":526,"height":528,"url":"https:\/\/www.onetimenexttime.sk\/arduino\/wp-content\/uploads\/2021\/10\/806.jpg","type":"image\/jpeg"}],"twitter_card":"summary_large_image","twitter_misc":{"Predpokladan\u00fd \u010das \u010d\u00edtania":"1 min\u00fata"},"schema":{"@context":"https:\/\/schema.org","@graph":[{"@type":"WebPage","@id":"https:\/\/www.onetimenexttime.sk\/arduino\/index.php\/produkt\/2-4-inch-2-4-tft-lcd-shield-socket-touch-panel-module\/","url":"https:\/\/www.onetimenexttime.sk\/arduino\/index.php\/produkt\/2-4-inch-2-4-tft-lcd-shield-socket-touch-panel-module\/","name":"2.4 inch 2.4 TFT LCD Shield Socket Touch Panel Module - Arduino e-shop","isPartOf":{"@id":"https:\/\/www.onetimenexttime.sk\/arduino\/#website"},"primaryImageOfPage":{"@id":"https:\/\/www.onetimenexttime.sk\/arduino\/index.php\/produkt\/2-4-inch-2-4-tft-lcd-shield-socket-touch-panel-module\/#primaryimage"},"image":{"@id":"https:\/\/www.onetimenexttime.sk\/arduino\/index.php\/produkt\/2-4-inch-2-4-tft-lcd-shield-socket-touch-panel-module\/#primaryimage"},"thumbnailUrl":"https:\/\/www.onetimenexttime.sk\/arduino\/wp-content\/uploads\/2021\/10\/806.jpg","datePublished":"2021-10-23T15:13:31+00:00","dateModified":"2021-10-23T15:17:06+00:00","breadcrumb":{"@id":"https:\/\/www.onetimenexttime.sk\/arduino\/index.php\/produkt\/2-4-inch-2-4-tft-lcd-shield-socket-touch-panel-module\/#breadcrumb"},"inLanguage":"sk-SK","potentialAction":[{"@type":"ReadAction","target":["https:\/\/www.onetimenexttime.sk\/arduino\/index.php\/produkt\/2-4-inch-2-4-tft-lcd-shield-socket-touch-panel-module\/"]}]},{"@type":"ImageObject","inLanguage":"sk-SK","@id":"https:\/\/www.onetimenexttime.sk\/arduino\/index.php\/produkt\/2-4-inch-2-4-tft-lcd-shield-socket-touch-panel-module\/#primaryimage","url":"https:\/\/www.onetimenexttime.sk\/arduino\/wp-content\/uploads\/2021\/10\/806.jpg","contentUrl":"https:\/\/www.onetimenexttime.sk\/arduino\/wp-content\/uploads\/2021\/10\/806.jpg","width":526,"height":528},{"@type":"BreadcrumbList","@id":"https:\/\/www.onetimenexttime.sk\/arduino\/index.php\/produkt\/2-4-inch-2-4-tft-lcd-shield-socket-touch-panel-module\/#breadcrumb","itemListElement":[{"@type":"ListItem","position":1,"name":"Domov","item":"https:\/\/www.onetimenexttime.sk\/arduino\/"},{"@type":"ListItem","position":2,"name":"Obchod","item":"https:\/\/www.onetimenexttime.sk\/arduino\/"},{"@type":"ListItem","position":3,"name":"2.4 inch 2.4 TFT LCD Shield Socket Touch Panel Module"}]},{"@type":"WebSite","@id":"https:\/\/www.onetimenexttime.sk\/arduino\/#website","url":"https:\/\/www.onetimenexttime.sk\/arduino\/","name":"Arduino e-shop","description":"Home Assistant","potentialAction":[{"@type":"SearchAction","target":{"@type":"EntryPoint","urlTemplate":"https:\/\/www.onetimenexttime.sk\/arduino\/?s={search_term_string}"},"query-input":{"@type":"PropertyValueSpecification","valueRequired":true,"valueName":"search_term_string"}}],"inLanguage":"sk-SK"}]}},"_links":{"self":[{"href":"https:\/\/www.onetimenexttime.sk\/arduino\/index.php\/wp-json\/wp\/v2\/product\/443"}],"collection":[{"href":"https:\/\/www.onetimenexttime.sk\/arduino\/index.php\/wp-json\/wp\/v2\/product"}],"about":[{"href":"https:\/\/www.onetimenexttime.sk\/arduino\/index.php\/wp-json\/wp\/v2\/types\/product"}],"wp:featuredmedia":[{"embeddable":true,"href":"https:\/\/www.onetimenexttime.sk\/arduino\/index.php\/wp-json\/wp\/v2\/media\/444"}],"wp:attachment":[{"href":"https:\/\/www.onetimenexttime.sk\/arduino\/index.php\/wp-json\/wp\/v2\/media?parent=443"}],"wp:term":[{"taxonomy":"product_cat","embeddable":true,"href":"https:\/\/www.onetimenexttime.sk\/arduino\/index.php\/wp-json\/wp\/v2\/product_cat?post=443"},{"taxonomy":"product_tag","embeddable":true,"href":"https:\/\/www.onetimenexttime.sk\/arduino\/index.php\/wp-json\/wp\/v2\/product_tag?post=443"}],"curies":[{"name":"wp","href":"https:\/\/api.w.org\/{rel}","templated":true}]}}