{"id":44,"date":"2021-10-17T14:32:57","date_gmt":"2021-10-17T12:32:57","guid":{"rendered":"https:\/\/www.onetimenexttime.sk\/arduino\/?post_type=product&#038;p=44"},"modified":"2021-10-17T19:22:45","modified_gmt":"2021-10-17T17:22:45","slug":"proto-screw-shield-for-arduino-open-source-reset-button-d13-led","status":"publish","type":"product","link":"https:\/\/www.onetimenexttime.sk\/arduino\/index.php\/produkt\/proto-screw-shield-for-arduino-open-source-reset-button-d13-led\/","title":{"rendered":"Proto Screw Shield for Arduino Open Source Reset Button D13 LED"},"content":{"rendered":"<p>Pre skrutkov\u00e9 \u0161t\u00edty Arduino Prototyp Zostaven\u00e1 prototypov\u00e1 roz\u0161iruj\u00faca doska termin\u00e1lov<br \/>\nPoskytnite termin\u00e1l pre Arduino IO, pohodln\u00e9 pripojenie k portu<br \/>\n3,81, kvalita termin\u00e1lu, spo\u013eahliv\u00e1, pohodln\u00e1 a odoln\u00e1<br \/>\nSo \u0161t\u00edtmi Proto je mo\u017en\u00e9 pou\u017ei\u0165 ako prototyp predl\u017eovacej dosky v strede<br \/>\nPrototyp roz\u0161iruj\u00faci obojstrann\u00fa DPS spojkami, pozit\u00edvne strany m\u00f4\u017eu by\u0165 zv\u00e1ran\u00e9<br \/>\nIO m\u00e1 na zadnej strane sp\u00e1jku SMT, \u013eahko prepojite\u013en\u00e9 vedenie linky<br \/>\nM\u00f4\u017ee by\u0165 umiestnen\u00fd v strede mal\u00e9ho taniera na chlieb, praktick\u00e9 experiment\u00e1lne roz\u0161\u00edrenie<\/p>\n","protected":false},"excerpt":{"rendered":"<p>Pre skrutkov\u00e9 \u0161t\u00edty Arduino Prototyp Zostaven\u00e1 prototypov\u00e1 roz\u0161iruj\u00faca doska termin\u00e1lov Poskytnite termin\u00e1l pre Arduino IO, pohodln\u00e9 pripojenie k portu 3,81,&hellip;<\/p>\n","protected":false},"featured_media":46,"template":"","meta":{"_monsterinsights_skip_tracking":false,"_monsterinsights_sitenote_active":false,"_monsterinsights_sitenote_note":"","_monsterinsights_sitenote_category":0},"product_cat":[16,17],"product_tag":[],"class_list":{"0":"post-44","1":"product","2":"type-product","3":"status-publish","4":"has-post-thumbnail","6":"product_cat-ard","7":"product_cat-modul","9":"first","10":"instock","11":"shipping-taxable","12":"purchasable","13":"product-type-simple"},"yoast_head":"<!-- This site is optimized with the Yoast SEO plugin v23.6 - https:\/\/yoast.com\/wordpress\/plugins\/seo\/ -->\n<title>Proto Screw Shield for Arduino Open Source Reset Button D13 LED - Arduino e-shop<\/title>\n<meta name=\"robots\" content=\"index, follow, max-snippet:-1, max-image-preview:large, max-video-preview:-1\" \/>\n<link rel=\"canonical\" href=\"https:\/\/www.onetimenexttime.sk\/arduino\/index.php\/produkt\/proto-screw-shield-for-arduino-open-source-reset-button-d13-led\/\" \/>\n<meta property=\"og:locale\" content=\"sk_SK\" \/>\n<meta property=\"og:type\" content=\"article\" \/>\n<meta property=\"og:title\" content=\"Proto Screw Shield for Arduino Open Source Reset Button D13 LED - Arduino e-shop\" \/>\n<meta property=\"og:description\" content=\"Pre skrutkov\u00e9 \u0161t\u00edty Arduino Prototyp Zostaven\u00e1 prototypov\u00e1 roz\u0161iruj\u00faca doska termin\u00e1lov Poskytnite termin\u00e1l pre Arduino IO, pohodln\u00e9 pripojenie k portu 3,81,&hellip;\" \/>\n<meta property=\"og:url\" content=\"https:\/\/www.onetimenexttime.sk\/arduino\/index.php\/produkt\/proto-screw-shield-for-arduino-open-source-reset-button-d13-led\/\" \/>\n<meta property=\"og:site_name\" content=\"Arduino e-shop\" \/>\n<meta property=\"article:modified_time\" content=\"2021-10-17T17:22:45+00:00\" \/>\n<meta property=\"og:image\" content=\"https:\/\/www.onetimenexttime.sk\/arduino\/wp-content\/uploads\/2021\/10\/219.jpg\" \/>\n\t<meta property=\"og:image:width\" content=\"558\" \/>\n\t<meta property=\"og:image:height\" content=\"559\" \/>\n\t<meta property=\"og:image:type\" content=\"image\/jpeg\" \/>\n<meta name=\"twitter:card\" content=\"summary_large_image\" \/>\n<meta name=\"twitter:label1\" content=\"Predpokladan\u00fd \u010das \u010d\u00edtania\" \/>\n\t<meta name=\"twitter:data1\" content=\"1 min\u00fata\" \/>\n<script type=\"application\/ld+json\" class=\"yoast-schema-graph\">{\"@context\":\"https:\/\/schema.org\",\"@graph\":[{\"@type\":\"WebPage\",\"@id\":\"https:\/\/www.onetimenexttime.sk\/arduino\/index.php\/produkt\/proto-screw-shield-for-arduino-open-source-reset-button-d13-led\/\",\"url\":\"https:\/\/www.onetimenexttime.sk\/arduino\/index.php\/produkt\/proto-screw-shield-for-arduino-open-source-reset-button-d13-led\/\",\"name\":\"Proto Screw Shield for Arduino Open Source Reset Button D13 LED - Arduino e-shop\",\"isPartOf\":{\"@id\":\"https:\/\/www.onetimenexttime.sk\/arduino\/#website\"},\"primaryImageOfPage\":{\"@id\":\"https:\/\/www.onetimenexttime.sk\/arduino\/index.php\/produkt\/proto-screw-shield-for-arduino-open-source-reset-button-d13-led\/#primaryimage\"},\"image\":{\"@id\":\"https:\/\/www.onetimenexttime.sk\/arduino\/index.php\/produkt\/proto-screw-shield-for-arduino-open-source-reset-button-d13-led\/#primaryimage\"},\"thumbnailUrl\":\"https:\/\/www.onetimenexttime.sk\/arduino\/wp-content\/uploads\/2021\/10\/219.jpg\",\"datePublished\":\"2021-10-17T12:32:57+00:00\",\"dateModified\":\"2021-10-17T17:22:45+00:00\",\"breadcrumb\":{\"@id\":\"https:\/\/www.onetimenexttime.sk\/arduino\/index.php\/produkt\/proto-screw-shield-for-arduino-open-source-reset-button-d13-led\/#breadcrumb\"},\"inLanguage\":\"sk-SK\",\"potentialAction\":[{\"@type\":\"ReadAction\",\"target\":[\"https:\/\/www.onetimenexttime.sk\/arduino\/index.php\/produkt\/proto-screw-shield-for-arduino-open-source-reset-button-d13-led\/\"]}]},{\"@type\":\"ImageObject\",\"inLanguage\":\"sk-SK\",\"@id\":\"https:\/\/www.onetimenexttime.sk\/arduino\/index.php\/produkt\/proto-screw-shield-for-arduino-open-source-reset-button-d13-led\/#primaryimage\",\"url\":\"https:\/\/www.onetimenexttime.sk\/arduino\/wp-content\/uploads\/2021\/10\/219.jpg\",\"contentUrl\":\"https:\/\/www.onetimenexttime.sk\/arduino\/wp-content\/uploads\/2021\/10\/219.jpg\",\"width\":558,\"height\":559},{\"@type\":\"BreadcrumbList\",\"@id\":\"https:\/\/www.onetimenexttime.sk\/arduino\/index.php\/produkt\/proto-screw-shield-for-arduino-open-source-reset-button-d13-led\/#breadcrumb\",\"itemListElement\":[{\"@type\":\"ListItem\",\"position\":1,\"name\":\"Domov\",\"item\":\"https:\/\/www.onetimenexttime.sk\/arduino\/\"},{\"@type\":\"ListItem\",\"position\":2,\"name\":\"Obchod\",\"item\":\"https:\/\/www.onetimenexttime.sk\/arduino\/\"},{\"@type\":\"ListItem\",\"position\":3,\"name\":\"Proto Screw Shield for Arduino Open Source Reset Button D13 LED\"}]},{\"@type\":\"WebSite\",\"@id\":\"https:\/\/www.onetimenexttime.sk\/arduino\/#website\",\"url\":\"https:\/\/www.onetimenexttime.sk\/arduino\/\",\"name\":\"Arduino e-shop\",\"description\":\"Home Assistant\",\"potentialAction\":[{\"@type\":\"SearchAction\",\"target\":{\"@type\":\"EntryPoint\",\"urlTemplate\":\"https:\/\/www.onetimenexttime.sk\/arduino\/?s={search_term_string}\"},\"query-input\":{\"@type\":\"PropertyValueSpecification\",\"valueRequired\":true,\"valueName\":\"search_term_string\"}}],\"inLanguage\":\"sk-SK\"}]}<\/script>\n<!-- \/ Yoast SEO plugin. -->","yoast_head_json":{"title":"Proto Screw Shield for Arduino Open Source Reset Button D13 LED - Arduino e-shop","robots":{"index":"index","follow":"follow","max-snippet":"max-snippet:-1","max-image-preview":"max-image-preview:large","max-video-preview":"max-video-preview:-1"},"canonical":"https:\/\/www.onetimenexttime.sk\/arduino\/index.php\/produkt\/proto-screw-shield-for-arduino-open-source-reset-button-d13-led\/","og_locale":"sk_SK","og_type":"article","og_title":"Proto Screw Shield for Arduino Open Source Reset Button D13 LED - Arduino e-shop","og_description":"Pre skrutkov\u00e9 \u0161t\u00edty Arduino Prototyp Zostaven\u00e1 prototypov\u00e1 roz\u0161iruj\u00faca doska termin\u00e1lov Poskytnite termin\u00e1l pre Arduino IO, pohodln\u00e9 pripojenie k portu 3,81,&hellip;","og_url":"https:\/\/www.onetimenexttime.sk\/arduino\/index.php\/produkt\/proto-screw-shield-for-arduino-open-source-reset-button-d13-led\/","og_site_name":"Arduino e-shop","article_modified_time":"2021-10-17T17:22:45+00:00","og_image":[{"width":558,"height":559,"url":"https:\/\/www.onetimenexttime.sk\/arduino\/wp-content\/uploads\/2021\/10\/219.jpg","type":"image\/jpeg"}],"twitter_card":"summary_large_image","twitter_misc":{"Predpokladan\u00fd \u010das \u010d\u00edtania":"1 min\u00fata"},"schema":{"@context":"https:\/\/schema.org","@graph":[{"@type":"WebPage","@id":"https:\/\/www.onetimenexttime.sk\/arduino\/index.php\/produkt\/proto-screw-shield-for-arduino-open-source-reset-button-d13-led\/","url":"https:\/\/www.onetimenexttime.sk\/arduino\/index.php\/produkt\/proto-screw-shield-for-arduino-open-source-reset-button-d13-led\/","name":"Proto Screw Shield for Arduino Open Source Reset Button D13 LED - Arduino e-shop","isPartOf":{"@id":"https:\/\/www.onetimenexttime.sk\/arduino\/#website"},"primaryImageOfPage":{"@id":"https:\/\/www.onetimenexttime.sk\/arduino\/index.php\/produkt\/proto-screw-shield-for-arduino-open-source-reset-button-d13-led\/#primaryimage"},"image":{"@id":"https:\/\/www.onetimenexttime.sk\/arduino\/index.php\/produkt\/proto-screw-shield-for-arduino-open-source-reset-button-d13-led\/#primaryimage"},"thumbnailUrl":"https:\/\/www.onetimenexttime.sk\/arduino\/wp-content\/uploads\/2021\/10\/219.jpg","datePublished":"2021-10-17T12:32:57+00:00","dateModified":"2021-10-17T17:22:45+00:00","breadcrumb":{"@id":"https:\/\/www.onetimenexttime.sk\/arduino\/index.php\/produkt\/proto-screw-shield-for-arduino-open-source-reset-button-d13-led\/#breadcrumb"},"inLanguage":"sk-SK","potentialAction":[{"@type":"ReadAction","target":["https:\/\/www.onetimenexttime.sk\/arduino\/index.php\/produkt\/proto-screw-shield-for-arduino-open-source-reset-button-d13-led\/"]}]},{"@type":"ImageObject","inLanguage":"sk-SK","@id":"https:\/\/www.onetimenexttime.sk\/arduino\/index.php\/produkt\/proto-screw-shield-for-arduino-open-source-reset-button-d13-led\/#primaryimage","url":"https:\/\/www.onetimenexttime.sk\/arduino\/wp-content\/uploads\/2021\/10\/219.jpg","contentUrl":"https:\/\/www.onetimenexttime.sk\/arduino\/wp-content\/uploads\/2021\/10\/219.jpg","width":558,"height":559},{"@type":"BreadcrumbList","@id":"https:\/\/www.onetimenexttime.sk\/arduino\/index.php\/produkt\/proto-screw-shield-for-arduino-open-source-reset-button-d13-led\/#breadcrumb","itemListElement":[{"@type":"ListItem","position":1,"name":"Domov","item":"https:\/\/www.onetimenexttime.sk\/arduino\/"},{"@type":"ListItem","position":2,"name":"Obchod","item":"https:\/\/www.onetimenexttime.sk\/arduino\/"},{"@type":"ListItem","position":3,"name":"Proto Screw Shield for Arduino Open Source Reset Button D13 LED"}]},{"@type":"WebSite","@id":"https:\/\/www.onetimenexttime.sk\/arduino\/#website","url":"https:\/\/www.onetimenexttime.sk\/arduino\/","name":"Arduino e-shop","description":"Home Assistant","potentialAction":[{"@type":"SearchAction","target":{"@type":"EntryPoint","urlTemplate":"https:\/\/www.onetimenexttime.sk\/arduino\/?s={search_term_string}"},"query-input":{"@type":"PropertyValueSpecification","valueRequired":true,"valueName":"search_term_string"}}],"inLanguage":"sk-SK"}]}},"_links":{"self":[{"href":"https:\/\/www.onetimenexttime.sk\/arduino\/index.php\/wp-json\/wp\/v2\/product\/44"}],"collection":[{"href":"https:\/\/www.onetimenexttime.sk\/arduino\/index.php\/wp-json\/wp\/v2\/product"}],"about":[{"href":"https:\/\/www.onetimenexttime.sk\/arduino\/index.php\/wp-json\/wp\/v2\/types\/product"}],"wp:featuredmedia":[{"embeddable":true,"href":"https:\/\/www.onetimenexttime.sk\/arduino\/index.php\/wp-json\/wp\/v2\/media\/46"}],"wp:attachment":[{"href":"https:\/\/www.onetimenexttime.sk\/arduino\/index.php\/wp-json\/wp\/v2\/media?parent=44"}],"wp:term":[{"taxonomy":"product_cat","embeddable":true,"href":"https:\/\/www.onetimenexttime.sk\/arduino\/index.php\/wp-json\/wp\/v2\/product_cat?post=44"},{"taxonomy":"product_tag","embeddable":true,"href":"https:\/\/www.onetimenexttime.sk\/arduino\/index.php\/wp-json\/wp\/v2\/product_tag?post=44"}],"curies":[{"name":"wp","href":"https:\/\/api.w.org\/{rel}","templated":true}]}}