{"id":431,"date":"2021-10-23T16:54:42","date_gmt":"2021-10-23T14:54:42","guid":{"rendered":"https:\/\/www.onetimenexttime.sk\/arduino\/?post_type=product&#038;p=431"},"modified":"2024-02-23T07:42:01","modified_gmt":"2024-02-23T06:42:01","slug":"lcd-module-display-monitor-lcd2004-2004-204-20x4-5v-character-blue-backlight-screen","status":"publish","type":"product","link":"https:\/\/www.onetimenexttime.sk\/arduino\/index.php\/produkt\/lcd-module-display-monitor-lcd2004-2004-204-20x4-5v-character-blue-backlight-screen\/","title":{"rendered":"LCD Module Display Monitor LCD2004 2004 20*4 20X4 5V Character Blue Backlight Screen"},"content":{"rendered":"<p>&nbsp;<\/p>\n<p>&nbsp;<\/p>\n<h1>Popis LCD modulu LCD2004<\/h1>\n<table>\n<tbody>\n<tr>\n<th>Sekcia<\/th>\n<th>Popis<\/th>\n<\/tr>\n<tr>\n<td>Popis<\/td>\n<td>Obrazovka LCD2004 je displej s 20&#215;4 znakmi, s modr\u00fdm podsvieten\u00edm a kompatibiln\u00fd s nap\u00e4t\u00edm 5V.<\/td>\n<\/tr>\n<tr>\n<td>Vlastnosti<\/td>\n<td>Displej s 20&#215;4 znakmi, modr\u00e9 podsvietenie, nap\u00e1janie 5V.<\/td>\n<\/tr>\n<tr>\n<td>\u0160pecifik\u00e1cie<\/td>\n<td>Displej: 20&#215;4 znaky, nap\u00e1janie: 5V, podsvietenie: modr\u00e9.<\/td>\n<\/tr>\n<tr>\n<td>Pr\u00edklady pou\u017eitia<\/td>\n<td>\n<ul>\n<li>Zobrazenie textov\u00fdch spr\u00e1v<\/li>\n<li>Zobrazenie \u00fadajov z r\u00f4znych senzorov<\/li>\n<li>Vytvorenie u\u017e\u00edvate\u013esk\u00e9ho rozhrania pre zariadenie<\/li>\n<\/ul>\n<\/td>\n<\/tr>\n<tr>\n<td>Pr\u00edkladov\u00fd k\u00f3d pre Arduino<\/td>\n<td>\n<pre>\/\/ Inkl\u00fadia kni\u017en\u00edc\r\n#include \r\n\r\n\/\/ Inicializ\u00e1cia objektu LCD\r\nLiquidCrystal lcd(12, 11, 5, 4, 3, 2);\r\n\r\nvoid setup() {\r\n  \/\/ Inicializ\u00e1cia displeja\r\n  lcd.begin(20, 4);\r\n  \/\/ Zobrazenie textu\r\n  lcd.print(\"Hello, LCD2004!\");\r\n}\r\n\r\nvoid loop() {\r\n  \/\/ Ni\u010d sa nedeje v nekone\u010dnej slu\u010dke\r\n}<\/pre>\n<\/td>\n<\/tr>\n<tr>\n<td>Pr\u00edkladov\u00fd k\u00f3d pre ESPHome<\/td>\n<td>\n<div>\n<div><\/div>\n<div># Nastavenie LCD modulu<\/div>\n<div>i2c:<\/div>\n<div>\u00a0 sda: D2<\/div>\n<div>\u00a0 scl: D1<\/div>\n<div>\u00a0 scan: True<\/div>\n<div># Konfigur\u00e1cia LCD displeja<\/div>\n<div>lcd:<\/div>\n<div>\u00a0 &#8211; platform: hd44780<\/div>\n<div>\u00a0 \u00a0 dimensions: 20&#215;4<\/div>\n<div>\u00a0 \u00a0 address: 0x27<\/div>\n<div># Zobrazovanie textu na LCD displeji<\/div>\n<div>text_sensor:<\/div>\n<div>\u00a0 &#8211; platform: homeassistant<\/div>\n<div>\u00a0 \u00a0 id: temperature_sensor<\/div>\n<div>\u00a0 \u00a0 entity_id: sensor.temperature<\/div>\n<div>\u00a0 &#8211; platform: template<\/div>\n<div>\u00a0 \u00a0 name: &#8220;LCD Text&#8221;<\/div>\n<div>\u00a0 \u00a0 id: lcd_text<\/div>\n<div>\u00a0 \u00a0 update_interval: 5s<\/div>\n<div>\u00a0 \u00a0 lambda: |-<\/div>\n<div>\u00a0 \u00a0 \u00a0 it.print(0, 0, id(font), &#8220;Temperature:&#8221;, COLOR_WHITE);<\/div>\n<div>\u00a0 \u00a0 \u00a0 it.print(0, 1, id(font), id(temperature_sensor).state, COLOR_WHITE);<\/div>\n<div>font:<\/div>\n<div>\u00a0 &#8211; file: &#8220;font.ttf&#8221;<\/div>\n<div>\u00a0 \u00a0 id: font<\/div>\n<div>\u00a0 \u00a0 size: 16<\/div>\n<\/div>\n<div># https:\/\/esphome.io\/components\/display\/lcd_display.html?highlight=hd44780<\/div>\n<\/td>\n<\/tr>\n<\/tbody>\n<\/table>\n<p><button class=\"code-button\">Skop\u00edrova\u0165 Pr\u00edkladov\u00fd k\u00f3d<\/button><\/p>\n<p><script>\nfunction copyCode() {\n  var code = document.querySelector(\"pre\").innerText;\n  navigator.clipboard.writeText(code).then(function() {\n    alert(\"Pr\u00edkladov\u00fd k\u00f3d bol skop\u00edrovan\u00fd!\");\n  }, function(err) {\n    console.error('Chyba pri kop\u00edrovan\u00ed k\u00f3du: ', err);\n  });\n}\n<\/script><\/p>\n<p>&nbsp;<\/p>\n<h2>Modul LCD Displej Monitor LCD2004 2004 20*4 20X4 5V znak Modr\u00e9 podsvietenie Obrazovka<\/h2>\n<p>2004 204 Modul LCD displeja 20X4 znakov Modr\u00e9 podsvietenie.<br \/>\nStav: \u00faplne nov\u00fd<br \/>\nModr\u00e9 podsvietenie<br \/>\nPlne zostaven\u00fd a otestovan\u00fd modul s\u00e9riov\u00e9ho LCD 20&#215;4<br \/>\nForm\u00e1t zobrazenia: 20 znakov x 4 riadky<br \/>\nNap\u00e1jacie nap\u00e4tie: 5V<br \/>\nModul je mo\u017en\u00e9 jednoducho prepoji\u0165 s MCU<br \/>\nModul je LCD modul s n\u00edzkou spotrebou energie so vstavan\u00fdm ovl\u00e1da\u010dom<br \/>\nVe\u013ekos\u0165: cca. 9,8 cm x 6 cm x 1,2 cm<\/p>\n","protected":false},"excerpt":{"rendered":"<p>&nbsp; &nbsp; Popis LCD modulu LCD2004 Sekcia Popis Popis Obrazovka LCD2004 je displej s 20&#215;4 znakmi, s modr\u00fdm podsvieten\u00edm a&hellip;<\/p>\n","protected":false},"featured_media":432,"template":"","meta":{"_monsterinsights_skip_tracking":false,"_monsterinsights_sitenote_active":false,"_monsterinsights_sitenote_note":"","_monsterinsights_sitenote_category":0},"product_cat":[16,25],"product_tag":[],"class_list":{"0":"post-431","1":"product","2":"type-product","3":"status-publish","4":"has-post-thumbnail","6":"product_cat-ard","7":"product_cat-display","9":"first","10":"instock","11":"sale","12":"shipping-taxable","13":"purchasable","14":"product-type-simple"},"yoast_head":"<!-- This site is optimized with the Yoast SEO plugin v23.6 - https:\/\/yoast.com\/wordpress\/plugins\/seo\/ -->\n<title>LCD Module Display Monitor LCD2004 2004 20*4 20X4 5V Character Blue Backlight Screen - Arduino e-shop<\/title>\n<meta name=\"robots\" content=\"index, follow, max-snippet:-1, max-image-preview:large, max-video-preview:-1\" \/>\n<link rel=\"canonical\" href=\"https:\/\/www.onetimenexttime.sk\/arduino\/index.php\/produkt\/lcd-module-display-monitor-lcd2004-2004-204-20x4-5v-character-blue-backlight-screen\/\" \/>\n<meta property=\"og:locale\" content=\"sk_SK\" \/>\n<meta property=\"og:type\" content=\"article\" \/>\n<meta property=\"og:title\" content=\"LCD Module Display Monitor LCD2004 2004 20*4 20X4 5V Character Blue Backlight Screen - Arduino e-shop\" \/>\n<meta property=\"og:description\" content=\"&nbsp; &nbsp; Popis LCD modulu LCD2004 Sekcia Popis Popis Obrazovka LCD2004 je displej s 20&#215;4 znakmi, s modr\u00fdm podsvieten\u00edm a&hellip;\" \/>\n<meta property=\"og:url\" content=\"https:\/\/www.onetimenexttime.sk\/arduino\/index.php\/produkt\/lcd-module-display-monitor-lcd2004-2004-204-20x4-5v-character-blue-backlight-screen\/\" \/>\n<meta property=\"og:site_name\" content=\"Arduino e-shop\" \/>\n<meta property=\"article:modified_time\" content=\"2024-02-23T06:42:01+00:00\" \/>\n<meta property=\"og:image\" content=\"https:\/\/www.onetimenexttime.sk\/arduino\/wp-content\/uploads\/2021\/10\/820.jpg\" \/>\n\t<meta property=\"og:image:width\" content=\"526\" \/>\n\t<meta property=\"og:image:height\" content=\"528\" \/>\n\t<meta property=\"og:image:type\" content=\"image\/jpeg\" \/>\n<meta name=\"twitter:card\" content=\"summary_large_image\" \/>\n<meta name=\"twitter:label1\" content=\"Predpokladan\u00fd \u010das \u010d\u00edtania\" \/>\n\t<meta name=\"twitter:data1\" content=\"1 min\u00fata\" \/>\n<script type=\"application\/ld+json\" class=\"yoast-schema-graph\">{\"@context\":\"https:\/\/schema.org\",\"@graph\":[{\"@type\":\"WebPage\",\"@id\":\"https:\/\/www.onetimenexttime.sk\/arduino\/index.php\/produkt\/lcd-module-display-monitor-lcd2004-2004-204-20x4-5v-character-blue-backlight-screen\/\",\"url\":\"https:\/\/www.onetimenexttime.sk\/arduino\/index.php\/produkt\/lcd-module-display-monitor-lcd2004-2004-204-20x4-5v-character-blue-backlight-screen\/\",\"name\":\"LCD Module Display Monitor LCD2004 2004 20*4 20X4 5V Character Blue Backlight Screen - Arduino e-shop\",\"isPartOf\":{\"@id\":\"https:\/\/www.onetimenexttime.sk\/arduino\/#website\"},\"primaryImageOfPage\":{\"@id\":\"https:\/\/www.onetimenexttime.sk\/arduino\/index.php\/produkt\/lcd-module-display-monitor-lcd2004-2004-204-20x4-5v-character-blue-backlight-screen\/#primaryimage\"},\"image\":{\"@id\":\"https:\/\/www.onetimenexttime.sk\/arduino\/index.php\/produkt\/lcd-module-display-monitor-lcd2004-2004-204-20x4-5v-character-blue-backlight-screen\/#primaryimage\"},\"thumbnailUrl\":\"https:\/\/www.onetimenexttime.sk\/arduino\/wp-content\/uploads\/2021\/10\/820.jpg\",\"datePublished\":\"2021-10-23T14:54:42+00:00\",\"dateModified\":\"2024-02-23T06:42:01+00:00\",\"breadcrumb\":{\"@id\":\"https:\/\/www.onetimenexttime.sk\/arduino\/index.php\/produkt\/lcd-module-display-monitor-lcd2004-2004-204-20x4-5v-character-blue-backlight-screen\/#breadcrumb\"},\"inLanguage\":\"sk-SK\",\"potentialAction\":[{\"@type\":\"ReadAction\",\"target\":[\"https:\/\/www.onetimenexttime.sk\/arduino\/index.php\/produkt\/lcd-module-display-monitor-lcd2004-2004-204-20x4-5v-character-blue-backlight-screen\/\"]}]},{\"@type\":\"ImageObject\",\"inLanguage\":\"sk-SK\",\"@id\":\"https:\/\/www.onetimenexttime.sk\/arduino\/index.php\/produkt\/lcd-module-display-monitor-lcd2004-2004-204-20x4-5v-character-blue-backlight-screen\/#primaryimage\",\"url\":\"https:\/\/www.onetimenexttime.sk\/arduino\/wp-content\/uploads\/2021\/10\/820.jpg\",\"contentUrl\":\"https:\/\/www.onetimenexttime.sk\/arduino\/wp-content\/uploads\/2021\/10\/820.jpg\",\"width\":526,\"height\":528},{\"@type\":\"BreadcrumbList\",\"@id\":\"https:\/\/www.onetimenexttime.sk\/arduino\/index.php\/produkt\/lcd-module-display-monitor-lcd2004-2004-204-20x4-5v-character-blue-backlight-screen\/#breadcrumb\",\"itemListElement\":[{\"@type\":\"ListItem\",\"position\":1,\"name\":\"Domov\",\"item\":\"https:\/\/www.onetimenexttime.sk\/arduino\/\"},{\"@type\":\"ListItem\",\"position\":2,\"name\":\"Obchod\",\"item\":\"https:\/\/www.onetimenexttime.sk\/arduino\/\"},{\"@type\":\"ListItem\",\"position\":3,\"name\":\"LCD Module Display Monitor LCD2004 2004 20*4 20X4 5V Character Blue Backlight Screen\"}]},{\"@type\":\"WebSite\",\"@id\":\"https:\/\/www.onetimenexttime.sk\/arduino\/#website\",\"url\":\"https:\/\/www.onetimenexttime.sk\/arduino\/\",\"name\":\"Arduino e-shop\",\"description\":\"Home Assistant\",\"potentialAction\":[{\"@type\":\"SearchAction\",\"target\":{\"@type\":\"EntryPoint\",\"urlTemplate\":\"https:\/\/www.onetimenexttime.sk\/arduino\/?s={search_term_string}\"},\"query-input\":{\"@type\":\"PropertyValueSpecification\",\"valueRequired\":true,\"valueName\":\"search_term_string\"}}],\"inLanguage\":\"sk-SK\"}]}<\/script>\n<!-- \/ Yoast SEO plugin. -->","yoast_head_json":{"title":"LCD Module Display Monitor LCD2004 2004 20*4 20X4 5V Character Blue Backlight Screen - Arduino e-shop","robots":{"index":"index","follow":"follow","max-snippet":"max-snippet:-1","max-image-preview":"max-image-preview:large","max-video-preview":"max-video-preview:-1"},"canonical":"https:\/\/www.onetimenexttime.sk\/arduino\/index.php\/produkt\/lcd-module-display-monitor-lcd2004-2004-204-20x4-5v-character-blue-backlight-screen\/","og_locale":"sk_SK","og_type":"article","og_title":"LCD Module Display Monitor LCD2004 2004 20*4 20X4 5V Character Blue Backlight Screen - Arduino e-shop","og_description":"&nbsp; &nbsp; Popis LCD modulu LCD2004 Sekcia Popis Popis Obrazovka LCD2004 je displej s 20&#215;4 znakmi, s modr\u00fdm podsvieten\u00edm a&hellip;","og_url":"https:\/\/www.onetimenexttime.sk\/arduino\/index.php\/produkt\/lcd-module-display-monitor-lcd2004-2004-204-20x4-5v-character-blue-backlight-screen\/","og_site_name":"Arduino e-shop","article_modified_time":"2024-02-23T06:42:01+00:00","og_image":[{"width":526,"height":528,"url":"https:\/\/www.onetimenexttime.sk\/arduino\/wp-content\/uploads\/2021\/10\/820.jpg","type":"image\/jpeg"}],"twitter_card":"summary_large_image","twitter_misc":{"Predpokladan\u00fd \u010das \u010d\u00edtania":"1 min\u00fata"},"schema":{"@context":"https:\/\/schema.org","@graph":[{"@type":"WebPage","@id":"https:\/\/www.onetimenexttime.sk\/arduino\/index.php\/produkt\/lcd-module-display-monitor-lcd2004-2004-204-20x4-5v-character-blue-backlight-screen\/","url":"https:\/\/www.onetimenexttime.sk\/arduino\/index.php\/produkt\/lcd-module-display-monitor-lcd2004-2004-204-20x4-5v-character-blue-backlight-screen\/","name":"LCD Module Display Monitor LCD2004 2004 20*4 20X4 5V Character Blue Backlight Screen - Arduino e-shop","isPartOf":{"@id":"https:\/\/www.onetimenexttime.sk\/arduino\/#website"},"primaryImageOfPage":{"@id":"https:\/\/www.onetimenexttime.sk\/arduino\/index.php\/produkt\/lcd-module-display-monitor-lcd2004-2004-204-20x4-5v-character-blue-backlight-screen\/#primaryimage"},"image":{"@id":"https:\/\/www.onetimenexttime.sk\/arduino\/index.php\/produkt\/lcd-module-display-monitor-lcd2004-2004-204-20x4-5v-character-blue-backlight-screen\/#primaryimage"},"thumbnailUrl":"https:\/\/www.onetimenexttime.sk\/arduino\/wp-content\/uploads\/2021\/10\/820.jpg","datePublished":"2021-10-23T14:54:42+00:00","dateModified":"2024-02-23T06:42:01+00:00","breadcrumb":{"@id":"https:\/\/www.onetimenexttime.sk\/arduino\/index.php\/produkt\/lcd-module-display-monitor-lcd2004-2004-204-20x4-5v-character-blue-backlight-screen\/#breadcrumb"},"inLanguage":"sk-SK","potentialAction":[{"@type":"ReadAction","target":["https:\/\/www.onetimenexttime.sk\/arduino\/index.php\/produkt\/lcd-module-display-monitor-lcd2004-2004-204-20x4-5v-character-blue-backlight-screen\/"]}]},{"@type":"ImageObject","inLanguage":"sk-SK","@id":"https:\/\/www.onetimenexttime.sk\/arduino\/index.php\/produkt\/lcd-module-display-monitor-lcd2004-2004-204-20x4-5v-character-blue-backlight-screen\/#primaryimage","url":"https:\/\/www.onetimenexttime.sk\/arduino\/wp-content\/uploads\/2021\/10\/820.jpg","contentUrl":"https:\/\/www.onetimenexttime.sk\/arduino\/wp-content\/uploads\/2021\/10\/820.jpg","width":526,"height":528},{"@type":"BreadcrumbList","@id":"https:\/\/www.onetimenexttime.sk\/arduino\/index.php\/produkt\/lcd-module-display-monitor-lcd2004-2004-204-20x4-5v-character-blue-backlight-screen\/#breadcrumb","itemListElement":[{"@type":"ListItem","position":1,"name":"Domov","item":"https:\/\/www.onetimenexttime.sk\/arduino\/"},{"@type":"ListItem","position":2,"name":"Obchod","item":"https:\/\/www.onetimenexttime.sk\/arduino\/"},{"@type":"ListItem","position":3,"name":"LCD Module Display Monitor LCD2004 2004 20*4 20X4 5V Character Blue Backlight Screen"}]},{"@type":"WebSite","@id":"https:\/\/www.onetimenexttime.sk\/arduino\/#website","url":"https:\/\/www.onetimenexttime.sk\/arduino\/","name":"Arduino e-shop","description":"Home Assistant","potentialAction":[{"@type":"SearchAction","target":{"@type":"EntryPoint","urlTemplate":"https:\/\/www.onetimenexttime.sk\/arduino\/?s={search_term_string}"},"query-input":{"@type":"PropertyValueSpecification","valueRequired":true,"valueName":"search_term_string"}}],"inLanguage":"sk-SK"}]}},"_links":{"self":[{"href":"https:\/\/www.onetimenexttime.sk\/arduino\/index.php\/wp-json\/wp\/v2\/product\/431"}],"collection":[{"href":"https:\/\/www.onetimenexttime.sk\/arduino\/index.php\/wp-json\/wp\/v2\/product"}],"about":[{"href":"https:\/\/www.onetimenexttime.sk\/arduino\/index.php\/wp-json\/wp\/v2\/types\/product"}],"wp:featuredmedia":[{"embeddable":true,"href":"https:\/\/www.onetimenexttime.sk\/arduino\/index.php\/wp-json\/wp\/v2\/media\/432"}],"wp:attachment":[{"href":"https:\/\/www.onetimenexttime.sk\/arduino\/index.php\/wp-json\/wp\/v2\/media?parent=431"}],"wp:term":[{"taxonomy":"product_cat","embeddable":true,"href":"https:\/\/www.onetimenexttime.sk\/arduino\/index.php\/wp-json\/wp\/v2\/product_cat?post=431"},{"taxonomy":"product_tag","embeddable":true,"href":"https:\/\/www.onetimenexttime.sk\/arduino\/index.php\/wp-json\/wp\/v2\/product_tag?post=431"}],"curies":[{"name":"wp","href":"https:\/\/api.w.org\/{rel}","templated":true}]}}