{"id":425,"date":"2021-10-23T16:44:39","date_gmt":"2021-10-23T14:44:39","guid":{"rendered":"https:\/\/www.onetimenexttime.sk\/arduino\/?post_type=product&#038;p=425"},"modified":"2024-02-23T07:39:49","modified_gmt":"2024-02-23T06:39:49","slug":"lcd-display-module-tft-3-95-inch-tft-lcd","status":"publish","type":"product","link":"https:\/\/www.onetimenexttime.sk\/arduino\/index.php\/produkt\/lcd-display-module-tft-3-95-inch-tft-lcd\/","title":{"rendered":"LCD Display Module TFT 3.95 inch TFT LCD ILI9341 display"},"content":{"rendered":"<p>&nbsp;<\/p>\n<h1>Inform\u00e1cie o LCD displeji TFT 3,95 palca\u00a0 \u00a0 ILI9341 display<\/h1>\n<table>\n<tbody>\n<tr>\n<th>Sekcia<\/th>\n<th>Popis<\/th>\n<\/tr>\n<tr>\n<td>Popis<\/td>\n<td>LCD displej TFT s uhloprie\u010dkou 3,95 palca je kompaktn\u00e9 a vysoko v\u00fdkonn\u00e9 zobrazovacie zariadenie, ktor\u00e9 pon\u00faka farebn\u00e9 zobrazenie s vysok\u00fdm rozl\u00ed\u0161en\u00edm.<\/td>\n<\/tr>\n<tr>\n<td>Vlastnosti<\/td>\n<td>Displej podporuje dotykov\u00e9 ovl\u00e1danie, m\u00e1 vysok\u00fd kontrast a jas, a je vhodn\u00fd pre r\u00f4zne projekty, vr\u00e1tane IoT aplik\u00e1ci\u00ed a multimedi\u00e1lnych syst\u00e9mov.<\/td>\n<\/tr>\n<tr>\n<td>\u0160pecifik\u00e1cie<\/td>\n<td>Uhloprie\u010dka: 3,95 palca<br \/>\nTyp displeja: TFT LCD<br \/>\nRozl\u00ed\u0161enie: XXX x XXX (vysok\u00e9 rozl\u00ed\u0161enie)<br \/>\nOvl\u00e1danie: Dotykov\u00e9 ovl\u00e1danie<br \/>\nKontrast: Vysok\u00fd<br \/>\nJas: Vysok\u00fd<\/td>\n<\/tr>\n<tr>\n<td>Pr\u00edklady pou\u017eitia<\/td>\n<td>Displej je ide\u00e1lny pre r\u00f4zne aplik\u00e1cie, ako s\u00fa sledovacie syst\u00e9my, po\u010d\u00edta\u010dov\u00e9 hry, naviga\u010dn\u00e9 syst\u00e9my a mnoho \u010fal\u0161\u00edch.<\/td>\n<\/tr>\n<tr>\n<td>Pr\u00edkladov\u00fd k\u00f3d pre Arduino<\/td>\n<td>\n<pre><code>\/\/ Pr\u00edkladov\u00fd k\u00f3d pre pou\u017eitie LCD displeja TFT s Arduinom\r\n#include   \/\/ Import kni\u017enice pre TFT displej\r\n#include \r\n\r\n#define CS   10\r\n#define DC   9\r\n#define RST  8\r\n\r\nTFT TFTscreen = TFT(CS, DC, RST);  \/\/ Inicializ\u00e1cia displeja\r\n\r\nvoid setup() {\r\n  TFTscreen.begin();  \/\/ Inicializ\u00e1cia displeja\r\n}\r\n\r\nvoid loop() {\r\n  TFTscreen.background(255, 255, 255); \/\/ Nastavenie pozadia na bielu farbu\r\n  TFTscreen.stroke(0, 0, 0); \/\/ Nastavenie farby pera na \u010diernu farbu\r\n  TFTscreen.setTextSize(2); \/\/ Nastavenie ve\u013ekosti textu\r\n  TFTscreen.text(\"Hello, World!\", 20, 50); \/\/ Zobrazenie textu na displeji\r\n}<\/code><\/pre>\n<\/td>\n<\/tr>\n<tr>\n<td>Pr\u00edkladov\u00fd k\u00f3d pre ESPHome<\/td>\n<td>\n<div>\n<div># Example minimal configuration entry<\/div>\n<div>display:<\/div>\n<div>\u00a0 &#8211; platform: ili9xxx<\/div>\n<div>\u00a0 \u00a0 model: ili9341<\/div>\n<div>\u00a0 \u00a0 dc_pin: 27<\/div>\n<div>\u00a0 \u00a0 reset_pin: 33<\/div>\n<div>\u00a0 \u00a0 lambda: |-<\/div>\n<div>\u00a0 \u00a0 \u00a0 it.fill(COLOR_BLACK);<\/div>\n<div>\u00a0 \u00a0 \u00a0 it.print(0, 0, id(my_font), id(my_red), TextAlign::TOP_LEFT, &#8220;Hello World!&#8221;);<\/div>\n<div>transform:<\/div>\n<div>\u00a0 swap_xy: true<\/div>\n<div>\u00a0 mirror_x: true<\/div>\n<div>dimensions:<\/div>\n<div>\u00a0 height: 480<\/div>\n<div>\u00a0 width: 320<\/div>\n<div>\u00a0 color:<\/div>\n<div>\u00a0 &#8211; id: my_red<\/div>\n<div>\u00a0 \u00a0 red: 100%<\/div>\n<div>\u00a0 \u00a0 green: 3%<\/div>\n<div>\u00a0 \u00a0 blue: 5%<\/div>\n<div>&#8230;<\/div>\n<div>display:<\/div>\n<div>\u00a0 \u00a0 &#8230;<\/div>\n<div>\u00a0 \u00a0 lambda: |-<\/div>\n<div>\u00a0 \u00a0 \u00a0 it.rectangle(0, \u00a00, it.get_width(), it.get_height(), id(my_red));<\/div>\n<div>\u00a0 \u00a0 \u00a0 image:<\/div>\n<div>\u00a0 &#8211; file: &#8220;image.jpg&#8221;<\/div>\n<div>\u00a0 \u00a0 id: my_image<\/div>\n<div>\u00a0 \u00a0 resize: 200&#215;200<\/div>\n<div>\u00a0 \u00a0 type: RGB24<\/div>\n<div>&#8230;<\/div>\n<div>display:<\/div>\n<div>\u00a0 \u00a0 &#8230;<\/div>\n<div>\u00a0 \u00a0 lambda: |-<\/div>\n<div>\u00a0 \u00a0 \u00a0 it.image(0, 0, id(my_image));<\/div>\n<div>\u00a0 \u00a0 \u00a0 # Define a PWM output on the ESP32<\/div>\n<div>output:<\/div>\n<div>\u00a0 &#8211; platform: ledc<\/div>\n<div>\u00a0 \u00a0 pin: 32<\/div>\n<div>\u00a0 \u00a0 id: gpio_32_backlight_pwm<\/div>\n<div># Define a monochromatic, dimmable light for the backlight<\/div>\n<div>light:<\/div>\n<div>\u00a0 &#8211; platform: monochromatic<\/div>\n<div>\u00a0 \u00a0 output: gpio_32_backlight_pwm<\/div>\n<div>\u00a0 \u00a0 name: &#8220;Display Backlight&#8221;<\/div>\n<div>\u00a0 \u00a0 id: back_light<\/div>\n<div>\u00a0 \u00a0 restore_mode: ALWAYS_ON<\/div>\n<div>\u00a0 \u00a0 image:<\/div>\n<div>\u00a0 &#8211; file: &#8220;sample_100x100.png&#8221;<\/div>\n<div>\u00a0 \u00a0 id: myimage<\/div>\n<div>\u00a0 \u00a0 resize: 100&#215;100<\/div>\n<div>\u00a0 \u00a0 type: RGB24<\/div>\n<div>display:<\/div>\n<div>\u00a0 &#8211; platform: ili9xxx<\/div>\n<div>\u00a0 \u00a0 model: ili9341<\/div>\n<div>\u00a0 \u00a0 dc_pin: 4<\/div>\n<div>\u00a0 \u00a0 reset_pin: 22<\/div>\n<div>\u00a0 \u00a0 rotation: 90<\/div>\n<div>\u00a0 \u00a0 id: tft_ha<\/div>\n<div>\u00a0 \u00a0 color_palette: IMAGE_ADAPTIVE<\/div>\n<div>\u00a0 \u00a0 color_palette_images:<\/div>\n<div>\u00a0 \u00a0 \u00a0 &#8211; &#8220;sample_100x100.png&#8221;<\/div>\n<div>\u00a0 \u00a0 \u00a0 &#8211; &#8220;display_design.png&#8221;<\/div>\n<div>\u00a0 \u00a0 lambda: |-<\/div>\n<div>\u00a0 \u00a0 \u00a0 it.image(0, 0, id(myimage));<\/div>\n<div>display:<\/div>\n<div>\u00a0 &#8211; platform: ili9xxx<\/div>\n<div>\u00a0 \u00a0 model: st7789v<\/div>\n<div>\u00a0 \u00a0 dimensions:<\/div>\n<div>\u00a0 \u00a0 \u00a0 height: 170<\/div>\n<div>\u00a0 \u00a0 \u00a0 width: 320<\/div>\n<div>\u00a0 \u00a0 \u00a0 offset_height: 35<\/div>\n<div>\u00a0 \u00a0 \u00a0 offset_width: 0<\/div>\n<div>\u00a0 \u00a0 transform:<\/div>\n<div>\u00a0 \u00a0 \u00a0 swap_xy: true<\/div>\n<div>\u00a0 \u00a0 \u00a0 mirror_x: false<\/div>\n<div>\u00a0 \u00a0 \u00a0 mirror_y: true<\/div>\n<div>\u00a0 \u00a0 color_order: bgr<\/div>\n<div>\u00a0 \u00a0 data_rate: 80MHz<\/div>\n<div>\u00a0 \u00a0 cs_pin: 10<\/div>\n<div>\u00a0 \u00a0 dc_pin: GPIO13<\/div>\n<div>\u00a0 \u00a0 reset_pin: GPIO9<\/div>\n<div>display:<\/div>\n<div>\u00a0 &#8211; platform: ili9xxx<\/div>\n<div>\u00a0 \u00a0 model: st7789v<\/div>\n<div>\u00a0 \u00a0 #TTGO TDisplay 135&#215;240<\/div>\n<div>\u00a0 \u00a0 dimensions:<\/div>\n<div>\u00a0 \u00a0 \u00a0 height: 240<\/div>\n<div>\u00a0 \u00a0 \u00a0 width: 135<\/div>\n<div>\u00a0 \u00a0 \u00a0 offset_height: 40<\/div>\n<div>\u00a0 \u00a0 \u00a0 offset_width: 52<\/div>\n<div>\u00a0 \u00a0 # Required or the colors are all inverted, and Black screen is White<\/div>\n<div>\u00a0 \u00a0 invert_colors: true<\/div>\n<\/div>\n<\/td>\n<\/tr>\n<\/tbody>\n<\/table>\n<p><button class=\"code-button\">Kop\u00edrova\u0165 Pr\u00edkladov\u00fd k\u00f3d<\/button><\/p>\n<p>&nbsp;<\/p>\n<h2>Modul LCD displeja TFT 3,95 palcov\u00fd TFT LCD<\/h2>\n<p>Vlastnosti: 3,5-palcov\u00fd TFT LCD modul, rozl\u00ed\u0161enie 480 x 320, ovl\u00e1da\u010d ili9481 ili9468, ili9488 hx8357 alebo r61581. Navrhnut\u00e9 so z\u00e1suvkou na kartu TF (Micro SD) na zadnej strane dosky, tak\u017ee m\u00f4\u017eete pohodlne vlo\u017ei\u0165 kartu. Podpora funkcie dotykovej obrazovky. Testovac\u00ed k\u00f3d je uveden\u00fd ni\u017e\u0161ie. T\u00e1to s\u00faprava vy\u017eaduje ur\u010dit\u00e9 odborn\u00e9 znalosti a schopnosti, uistite sa, \u017ee viete, ako ju pou\u017e\u00edva\u0165. Nem\u00f4\u017eeme poskytn\u00fa\u0165 \u017eiadnu technick\u00fa pomoc.<\/p>\n<p>Technick\u00e9 \u00fadaje: Ovl\u00e1da\u010d: ili9481 ili9468, ili9488 hx8357, alebo r61581 Rozl\u00ed\u0161enie: 480&#215;320 Nap\u00e4tie: 5V\/3,3V Defin\u00edcie rozhrania LCD: Defin\u00edcia objedn\u00e1vky<\/p>\n<p class=\"paragraph___1C-HL\">1 NC<\/p>\n<p class=\"paragraph___1C-HL\">2 VDD<\/p>\n<p class=\"paragraph___1C-HL\">3 VDD<\/p>\n<p class=\"paragraph___1C-HL\">4 CS<\/p>\n<p class=\"paragraph___1C-HL\">5 RS<\/p>\n<p class=\"paragraph___1C-HL\">6 WR<\/p>\n<p class=\"paragraph___1C-HL\">7 RD<\/p>\n<p class=\"paragraph___1C-HL\">8 RESET<\/p>\n<p class=\"paragraph___1C-HL\">9 DB0<\/p>\n<p class=\"paragraph___1C-HL\">10 DB1<\/p>\n<p class=\"paragraph___1C-HL\">11 DB2<\/p>\n<p class=\"paragraph___1C-HL\">12 DB3<\/p>\n<p class=\"paragraph___1C-HL\">13 DB4 14 DB5<\/p>\n<p class=\"paragraph___1C-HL\">15 DB6<\/p>\n<p class=\"paragraph___1C-HL\">16 DB7<\/p>\n<p class=\"paragraph___1C-HL\">17 DB8<\/p>\n<p class=\"paragraph___1C-HL\">18 DB9<\/p>\n<p class=\"paragraph___1C-HL\">19 DB10<\/p>\n<p class=\"paragraph___1C-HL\">20 DB11<\/p>\n<p class=\"paragraph___1C-HL\">21 DB12<\/p>\n<p class=\"paragraph___1C-HL\">22 DB13<\/p>\n<p class=\"paragraph___1C-HL\">23 DB14<\/p>\n<p class=\"paragraph___1C-HL\">24 DB15<\/p>\n<p class=\"paragraph___1C-HL\">25 GND 26 NC<\/p>\n<p class=\"paragraph___1C-HL\">27 NC<\/p>\n<p class=\"paragraph___1C-HL\">28 NC<\/p>\n<p class=\"paragraph___1C-HL\">29 NC<\/p>\n<p class=\"paragraph___1C-HL\">30 LED-K6<\/p>\n<p class=\"paragraph___1C-HL\">31 LED-K5<\/p>\n<p class=\"paragraph___1C-HL\">32 LED-K4<\/p>\n<p class=\"paragraph___1C-HL\">33 LED-K3<\/p>\n<p class=\"paragraph___1C-HL\">34 LED-K2<\/p>\n<p class=\"paragraph___1C-HL\">35 LED-K1<\/p>\n<p class=\"paragraph___1C-HL\">36 LED-A 37 GND<\/p>\n<p class=\"paragraph___1C-HL\">Initialization Code: write_SPI_commond(0xFF); write_SPI_commond(0xFF); delay_nms(5); write_SPI_commond(0xFF); write_SPI_commond(0xFF); write_SPI_commond(0xFF); write_SPI_commond(0xFF); delay_nms(10); write_SPI_commond(0xB0); write_SPI_data(0x00); write_SPI_commond(0xB3); write_SPI_data(0x02); write_SPI_data(0x00); write_SPI_data(0x00); write_SPI_data(0x10); write_SPI_commond(0xB4); write_SPI_data(0x11);\/\/0X10 write_SPI_commond(0xC0); write_SPI_data(0x13); write_SPI_data(0x3B);\/\/ write_SPI_data(0x00); write_SPI_data(0x00); write_SPI_data(0x00); write_SPI_data(0x01); write_SPI_data(0x00);\/\/NW write_SPI_data(0x43); write_SPI_commond(0xC1); write_SPI_data(0x08); write_SPI_data(0x15);\/\/CLOCK write_SPI_data(0x08); write_SPI_data(0x08); write_SPI_commond(0xC4); write_SPI_data(0x15); write_SPI_data(0x03); write_SPI_data(0x03); write_SPI_data(0x01); write_SPI_commond(0xC6); write_SPI_data(0x02); write_SPI_commond(0xC8); write_SPI_data(0x0c); write_SPI_data(0x05); write_SPI_data(0x0A);\/\/0X12 write_SPI_data(0x6B);\/\/0x7D write_SPI_data(0x04); write_SPI_data(0x06);\/\/0x08 write_SPI_data(0x15);\/\/0x0A write_SPI_data(0x10); write_SPI_data(0x00); write_SPI_data(0x31);\/\/0x23 write_SPI_data(0x10); write_SPI_data(0x15);\/\/0x0A write_SPI_data(0x06);\/\/0x08 write_SPI_data(0x64);\/\/0x74 write_SPI_data(0x0D);\/\/0x0B write_SPI_data(0x0A);\/\/0x12 write_SPI_data(0x05);\/\/0x08 write_SPI_data(0x0C);\/\/0x06 write_SPI_data(0x31);\/\/0x23 write_SPI_data(0x00); write_SPI_commond(0x35); write_SPI_data(0x00); \/\/write_SPI_commond(0x36); \/\/write_SPI_data(0x00); write_SPI_commond(0x0C); write_SPI_data(0x66); write_SPI_commond(0x3A); write_SPI_data(0x66); write_SPI_commond(0x44); write_SPI_data(0x00); write_SPI_data(0x01); write_SPI_commond(0xD0); write_SPI_data(0x07); write_SPI_data(0x07);\/\/VCI1 write_SPI_data(0x14);\/\/VRH 0x1D write_SPI_data(0xA2);\/\/BT 0x06 write_SPI_commond(0xD1); write_SPI_data(0x03); write_SPI_data(0x5A);\/\/VCM 0x5A write_SPI_data(0x10);\/\/VDV write_SPI_commond(0xD2); write_SPI_data(0x03); write_SPI_data(0x04);\/\/0x24 write_SPI_data(0x04); write_SPI_commond(0x11); delay_nms(150); write_SPI_commond(0x2A); write_SPI_data(0x00); write_SPI_data(0x00); write_SPI_data(0x01); write_SPI_data(0x3F);\/\/320 write_SPI_commond(0x2B); write_SPI_data(0x00); write_SPI_data(0x00); write_SPI_data(0x01); write_SPI_data(0xDF);\/\/480 \/\/write_SPI_commond(0xB4); \/\/write_SPI_data(0x00); delay_nms(100); write_SPI_commond(0x29); delay_nms(30); write_SPI_commond(0x2C);<\/p>\n<p class=\"paragraph___1C-HL\">Package Includes: 1 x LCD Module<\/p>\n<p class=\"paragraph___1C-HL\">Product type: Electronic Modules<\/p>\n","protected":false},"excerpt":{"rendered":"<p>&nbsp; Inform\u00e1cie o LCD displeji TFT 3,95 palca\u00a0 \u00a0 ILI9341 display Sekcia Popis Popis LCD displej TFT s uhloprie\u010dkou 3,95&hellip;<\/p>\n","protected":false},"featured_media":426,"template":"","meta":{"_monsterinsights_skip_tracking":false,"_monsterinsights_sitenote_active":false,"_monsterinsights_sitenote_note":"","_monsterinsights_sitenote_category":0},"product_cat":[16,25],"product_tag":[],"class_list":{"0":"post-425","1":"product","2":"type-product","3":"status-publish","4":"has-post-thumbnail","6":"product_cat-ard","7":"product_cat-display","9":"first","10":"instock","11":"sale","12":"shipping-taxable","13":"purchasable","14":"product-type-simple"},"yoast_head":"<!-- This site is optimized with the Yoast SEO plugin v23.6 - https:\/\/yoast.com\/wordpress\/plugins\/seo\/ -->\n<title>LCD Display Module TFT 3.95 inch TFT LCD ILI9341 display - Arduino e-shop<\/title>\n<meta name=\"robots\" content=\"index, follow, max-snippet:-1, max-image-preview:large, max-video-preview:-1\" \/>\n<link rel=\"canonical\" href=\"https:\/\/www.onetimenexttime.sk\/arduino\/index.php\/produkt\/lcd-display-module-tft-3-95-inch-tft-lcd\/\" \/>\n<meta property=\"og:locale\" content=\"sk_SK\" \/>\n<meta property=\"og:type\" content=\"article\" \/>\n<meta property=\"og:title\" content=\"LCD Display Module TFT 3.95 inch TFT LCD ILI9341 display - Arduino e-shop\" \/>\n<meta property=\"og:description\" content=\"&nbsp; Inform\u00e1cie o LCD displeji TFT 3,95 palca\u00a0 \u00a0 ILI9341 display Sekcia Popis Popis LCD displej TFT s uhloprie\u010dkou 3,95&hellip;\" \/>\n<meta property=\"og:url\" content=\"https:\/\/www.onetimenexttime.sk\/arduino\/index.php\/produkt\/lcd-display-module-tft-3-95-inch-tft-lcd\/\" \/>\n<meta property=\"og:site_name\" content=\"Arduino e-shop\" \/>\n<meta property=\"article:modified_time\" content=\"2024-02-23T06:39:49+00:00\" \/>\n<meta property=\"og:image\" content=\"https:\/\/www.onetimenexttime.sk\/arduino\/wp-content\/uploads\/2021\/10\/8052.jpg\" \/>\n\t<meta property=\"og:image:width\" content=\"500\" \/>\n\t<meta property=\"og:image:height\" content=\"500\" \/>\n\t<meta property=\"og:image:type\" content=\"image\/jpeg\" \/>\n<meta name=\"twitter:card\" content=\"summary_large_image\" \/>\n<meta name=\"twitter:label1\" content=\"Predpokladan\u00fd \u010das \u010d\u00edtania\" \/>\n\t<meta name=\"twitter:data1\" content=\"2 min\u00faty\" \/>\n<script type=\"application\/ld+json\" class=\"yoast-schema-graph\">{\"@context\":\"https:\/\/schema.org\",\"@graph\":[{\"@type\":\"WebPage\",\"@id\":\"https:\/\/www.onetimenexttime.sk\/arduino\/index.php\/produkt\/lcd-display-module-tft-3-95-inch-tft-lcd\/\",\"url\":\"https:\/\/www.onetimenexttime.sk\/arduino\/index.php\/produkt\/lcd-display-module-tft-3-95-inch-tft-lcd\/\",\"name\":\"LCD Display Module TFT 3.95 inch TFT LCD ILI9341 display - Arduino e-shop\",\"isPartOf\":{\"@id\":\"https:\/\/www.onetimenexttime.sk\/arduino\/#website\"},\"primaryImageOfPage\":{\"@id\":\"https:\/\/www.onetimenexttime.sk\/arduino\/index.php\/produkt\/lcd-display-module-tft-3-95-inch-tft-lcd\/#primaryimage\"},\"image\":{\"@id\":\"https:\/\/www.onetimenexttime.sk\/arduino\/index.php\/produkt\/lcd-display-module-tft-3-95-inch-tft-lcd\/#primaryimage\"},\"thumbnailUrl\":\"https:\/\/www.onetimenexttime.sk\/arduino\/wp-content\/uploads\/2021\/10\/8052.jpg\",\"datePublished\":\"2021-10-23T14:44:39+00:00\",\"dateModified\":\"2024-02-23T06:39:49+00:00\",\"breadcrumb\":{\"@id\":\"https:\/\/www.onetimenexttime.sk\/arduino\/index.php\/produkt\/lcd-display-module-tft-3-95-inch-tft-lcd\/#breadcrumb\"},\"inLanguage\":\"sk-SK\",\"potentialAction\":[{\"@type\":\"ReadAction\",\"target\":[\"https:\/\/www.onetimenexttime.sk\/arduino\/index.php\/produkt\/lcd-display-module-tft-3-95-inch-tft-lcd\/\"]}]},{\"@type\":\"ImageObject\",\"inLanguage\":\"sk-SK\",\"@id\":\"https:\/\/www.onetimenexttime.sk\/arduino\/index.php\/produkt\/lcd-display-module-tft-3-95-inch-tft-lcd\/#primaryimage\",\"url\":\"https:\/\/www.onetimenexttime.sk\/arduino\/wp-content\/uploads\/2021\/10\/8052.jpg\",\"contentUrl\":\"https:\/\/www.onetimenexttime.sk\/arduino\/wp-content\/uploads\/2021\/10\/8052.jpg\",\"width\":500,\"height\":500},{\"@type\":\"BreadcrumbList\",\"@id\":\"https:\/\/www.onetimenexttime.sk\/arduino\/index.php\/produkt\/lcd-display-module-tft-3-95-inch-tft-lcd\/#breadcrumb\",\"itemListElement\":[{\"@type\":\"ListItem\",\"position\":1,\"name\":\"Domov\",\"item\":\"https:\/\/www.onetimenexttime.sk\/arduino\/\"},{\"@type\":\"ListItem\",\"position\":2,\"name\":\"Obchod\",\"item\":\"https:\/\/www.onetimenexttime.sk\/arduino\/\"},{\"@type\":\"ListItem\",\"position\":3,\"name\":\"LCD Display Module TFT 3.95 inch TFT LCD ILI9341 display\"}]},{\"@type\":\"WebSite\",\"@id\":\"https:\/\/www.onetimenexttime.sk\/arduino\/#website\",\"url\":\"https:\/\/www.onetimenexttime.sk\/arduino\/\",\"name\":\"Arduino e-shop\",\"description\":\"Home Assistant\",\"potentialAction\":[{\"@type\":\"SearchAction\",\"target\":{\"@type\":\"EntryPoint\",\"urlTemplate\":\"https:\/\/www.onetimenexttime.sk\/arduino\/?s={search_term_string}\"},\"query-input\":{\"@type\":\"PropertyValueSpecification\",\"valueRequired\":true,\"valueName\":\"search_term_string\"}}],\"inLanguage\":\"sk-SK\"}]}<\/script>\n<!-- \/ Yoast SEO plugin. -->","yoast_head_json":{"title":"LCD Display Module TFT 3.95 inch TFT LCD ILI9341 display - Arduino e-shop","robots":{"index":"index","follow":"follow","max-snippet":"max-snippet:-1","max-image-preview":"max-image-preview:large","max-video-preview":"max-video-preview:-1"},"canonical":"https:\/\/www.onetimenexttime.sk\/arduino\/index.php\/produkt\/lcd-display-module-tft-3-95-inch-tft-lcd\/","og_locale":"sk_SK","og_type":"article","og_title":"LCD Display Module TFT 3.95 inch TFT LCD ILI9341 display - Arduino e-shop","og_description":"&nbsp; Inform\u00e1cie o LCD displeji TFT 3,95 palca\u00a0 \u00a0 ILI9341 display Sekcia Popis Popis LCD displej TFT s uhloprie\u010dkou 3,95&hellip;","og_url":"https:\/\/www.onetimenexttime.sk\/arduino\/index.php\/produkt\/lcd-display-module-tft-3-95-inch-tft-lcd\/","og_site_name":"Arduino e-shop","article_modified_time":"2024-02-23T06:39:49+00:00","og_image":[{"width":500,"height":500,"url":"https:\/\/www.onetimenexttime.sk\/arduino\/wp-content\/uploads\/2021\/10\/8052.jpg","type":"image\/jpeg"}],"twitter_card":"summary_large_image","twitter_misc":{"Predpokladan\u00fd \u010das \u010d\u00edtania":"2 min\u00faty"},"schema":{"@context":"https:\/\/schema.org","@graph":[{"@type":"WebPage","@id":"https:\/\/www.onetimenexttime.sk\/arduino\/index.php\/produkt\/lcd-display-module-tft-3-95-inch-tft-lcd\/","url":"https:\/\/www.onetimenexttime.sk\/arduino\/index.php\/produkt\/lcd-display-module-tft-3-95-inch-tft-lcd\/","name":"LCD Display Module TFT 3.95 inch TFT LCD ILI9341 display - Arduino e-shop","isPartOf":{"@id":"https:\/\/www.onetimenexttime.sk\/arduino\/#website"},"primaryImageOfPage":{"@id":"https:\/\/www.onetimenexttime.sk\/arduino\/index.php\/produkt\/lcd-display-module-tft-3-95-inch-tft-lcd\/#primaryimage"},"image":{"@id":"https:\/\/www.onetimenexttime.sk\/arduino\/index.php\/produkt\/lcd-display-module-tft-3-95-inch-tft-lcd\/#primaryimage"},"thumbnailUrl":"https:\/\/www.onetimenexttime.sk\/arduino\/wp-content\/uploads\/2021\/10\/8052.jpg","datePublished":"2021-10-23T14:44:39+00:00","dateModified":"2024-02-23T06:39:49+00:00","breadcrumb":{"@id":"https:\/\/www.onetimenexttime.sk\/arduino\/index.php\/produkt\/lcd-display-module-tft-3-95-inch-tft-lcd\/#breadcrumb"},"inLanguage":"sk-SK","potentialAction":[{"@type":"ReadAction","target":["https:\/\/www.onetimenexttime.sk\/arduino\/index.php\/produkt\/lcd-display-module-tft-3-95-inch-tft-lcd\/"]}]},{"@type":"ImageObject","inLanguage":"sk-SK","@id":"https:\/\/www.onetimenexttime.sk\/arduino\/index.php\/produkt\/lcd-display-module-tft-3-95-inch-tft-lcd\/#primaryimage","url":"https:\/\/www.onetimenexttime.sk\/arduino\/wp-content\/uploads\/2021\/10\/8052.jpg","contentUrl":"https:\/\/www.onetimenexttime.sk\/arduino\/wp-content\/uploads\/2021\/10\/8052.jpg","width":500,"height":500},{"@type":"BreadcrumbList","@id":"https:\/\/www.onetimenexttime.sk\/arduino\/index.php\/produkt\/lcd-display-module-tft-3-95-inch-tft-lcd\/#breadcrumb","itemListElement":[{"@type":"ListItem","position":1,"name":"Domov","item":"https:\/\/www.onetimenexttime.sk\/arduino\/"},{"@type":"ListItem","position":2,"name":"Obchod","item":"https:\/\/www.onetimenexttime.sk\/arduino\/"},{"@type":"ListItem","position":3,"name":"LCD Display Module TFT 3.95 inch TFT LCD ILI9341 display"}]},{"@type":"WebSite","@id":"https:\/\/www.onetimenexttime.sk\/arduino\/#website","url":"https:\/\/www.onetimenexttime.sk\/arduino\/","name":"Arduino e-shop","description":"Home Assistant","potentialAction":[{"@type":"SearchAction","target":{"@type":"EntryPoint","urlTemplate":"https:\/\/www.onetimenexttime.sk\/arduino\/?s={search_term_string}"},"query-input":{"@type":"PropertyValueSpecification","valueRequired":true,"valueName":"search_term_string"}}],"inLanguage":"sk-SK"}]}},"_links":{"self":[{"href":"https:\/\/www.onetimenexttime.sk\/arduino\/index.php\/wp-json\/wp\/v2\/product\/425"}],"collection":[{"href":"https:\/\/www.onetimenexttime.sk\/arduino\/index.php\/wp-json\/wp\/v2\/product"}],"about":[{"href":"https:\/\/www.onetimenexttime.sk\/arduino\/index.php\/wp-json\/wp\/v2\/types\/product"}],"wp:featuredmedia":[{"embeddable":true,"href":"https:\/\/www.onetimenexttime.sk\/arduino\/index.php\/wp-json\/wp\/v2\/media\/426"}],"wp:attachment":[{"href":"https:\/\/www.onetimenexttime.sk\/arduino\/index.php\/wp-json\/wp\/v2\/media?parent=425"}],"wp:term":[{"taxonomy":"product_cat","embeddable":true,"href":"https:\/\/www.onetimenexttime.sk\/arduino\/index.php\/wp-json\/wp\/v2\/product_cat?post=425"},{"taxonomy":"product_tag","embeddable":true,"href":"https:\/\/www.onetimenexttime.sk\/arduino\/index.php\/wp-json\/wp\/v2\/product_tag?post=425"}],"curies":[{"name":"wp","href":"https:\/\/api.w.org\/{rel}","templated":true}]}}