{"id":42,"date":"2021-10-17T14:30:06","date_gmt":"2021-10-17T12:30:06","guid":{"rendered":"https:\/\/www.onetimenexttime.sk\/arduino\/?post_type=product&#038;p=42"},"modified":"2024-02-22T17:16:22","modified_gmt":"2024-02-22T16:16:22","slug":"matrix-array-12-key-membrane-switch-keypad-keyboard-for-arduino-avr-4-x-3","status":"publish","type":"product","link":"https:\/\/www.onetimenexttime.sk\/arduino\/index.php\/produkt\/matrix-array-12-key-membrane-switch-keypad-keyboard-for-arduino-avr-4-x-3\/","title":{"rendered":"Matrix Array 12 Key Membrane Switch Keypad Keyboard For Arduino AVR 4 x 3"},"content":{"rendered":"<h1>Matrix Array 12 Key Membrane Switch Keypad for Arduino AVR 4 x 3<\/h1>\n<table>\n<tbody>\n<tr>\n<th>Popis<\/th>\n<td>Membr\u00e1nov\u00e1 kl\u00e1vesnica s maticov\u00fdm usporiadan\u00edm 4 x 3 pre Arduino a AVR<\/td>\n<\/tr>\n<tr>\n<th>Vlastnosti<\/th>\n<td>\n<ul>\n<li>Maticov\u00e9 usporiadanie 4 x 3 pre snadn\u00e9 ovl\u00e1danie<\/li>\n<li>Pou\u017e\u00edva membr\u00e1nov\u00e9 sp\u00edna\u010de na tla\u010didl\u00e1<\/li>\n<li>Snadn\u00e1 integr\u00e1cia s Arduinom a AVR mikrokontrol\u00e9rmi<\/li>\n<\/ul>\n<\/td>\n<\/tr>\n<tr>\n<th>\u0160pecifik\u00e1cie<\/th>\n<td>\n<ul>\n<li>Rozmery: 77mm x 60mm<\/li>\n<li>Pocet tla\u010didiel: 12 (4 x 3)<\/li>\n<li>Pracovn\u00e9 nap\u00e4tie: 3.3V &#8211; 5V<\/li>\n<\/ul>\n<\/td>\n<\/tr>\n<tr>\n<th>Pr\u00edklady pou\u017eitia<\/th>\n<td>\n<ul>\n<li>Ovl\u00e1danie r\u00f4znych funkci\u00ed alebo vstupov pomocou kl\u00e1vesnice<\/li>\n<li>Vytvorenie menu alebo interakt\u00edvnej navig\u00e1cie<\/li>\n<\/ul>\n<\/td>\n<\/tr>\n<tr>\n<th>Pr\u00edkladov\u00fd k\u00f3d pre Arduino<\/th>\n<td class=\"code-container\"><code><code>\/\/ Pr\u00edkladov\u00fd k\u00f3d pre \u010d\u00edtanie stavu tla\u010didiel<br \/>\nconst int numRows = 4;<br \/>\nconst int numCols = 3;<\/code><\/code>char keys[numRows][numCols] = {<br \/>\n{&#8216;1&#8217;, &#8216;2&#8217;, &#8216;3&#8217;},<br \/>\n{&#8216;4&#8217;, &#8216;5&#8217;, &#8216;6&#8217;},<br \/>\n{&#8216;7&#8217;, &#8216;8&#8217;, &#8216;9&#8217;},<br \/>\n{&#8216;*&#8217;, &#8216;0&#8217;, &#8216;#&#8217;}<br \/>\n};<code><code><\/code><\/code>byte rowPins[numRows] = {9, 8, 7, 6};<br \/>\nbyte colPins[numCols] = {5, 4, 3};<code><code><\/code><\/code>Keypad keypad = Keypad(makeKeymap(keys), rowPins, colPins, numRows, numCols);<\/p>\n<p><code><code><\/code><\/code>void setup() {<br \/>\nSerial.begin(9600);<br \/>\n}<\/p>\n<p><code><code><\/code><\/code>void loop() {<br \/>\nchar key = keypad.getKey();<br \/>\nif (key) {<br \/>\nSerial.println(key);<br \/>\n}<br \/>\ndelay(10);<br \/>\n}<\/p>\n<p><button>Skop\u00edrova\u0165 k\u00f3d<\/button><\/td>\n<\/tr>\n<tr>\n<th>Pr\u00edkladov\u00fd k\u00f3d pre ESPHome<\/th>\n<td class=\"code-container\"><code># Pr\u00edkladov\u00fd k\u00f3d pre ESPHome<br \/>\nbinary_sensor:<br \/>\n- platform: gpio<br \/>\npin:<br \/>\nnumber: D1<br \/>\nmode: INPUT_PULLUP<br \/>\nname: \"Matrix Keypad Button 1\"<br \/>\nfilters:<br \/>\n- invert:<br \/>\n- delayed_on: 10ms<br \/>\n- delayed_off: 10ms<br \/>\non_press:<br \/>\nthen:<br \/>\n- switch.toggle: relay_output<\/code><br \/>\n<button>Skop\u00edrova\u0165 k\u00f3d<\/button><\/td>\n<\/tr>\n<\/tbody>\n<\/table>\n<p>&nbsp;<\/p>\n<p>&nbsp;<\/p>\n<p>Ve\u013ekos\u0165 podlo\u017eky: 69,2 x 76,9 x 0,8 mm<br \/>\nD\u013a\u017eka k\u00e1bla: 3-1\/3 &#8220;alebo 86 mm (vr\u00e1tane konektora)<br \/>\nKonektor: Dupont 7 pinov, rozstup 0,1 &#8220;(2,54 mm)<br \/>\n\u0160t\u00fdl mont\u00e1\u017ee: Samolepenie<br \/>\nMax. Hodnotenie obvodu: 35VDC, 100mA<br \/>\n\u0160pecifik\u00e1cia izol\u00e1cie: 100 M ohm, 100 V.<br \/>\nDielektrick\u00e1 odolnos\u0165: 250VRms (60Hz, 1min)<br \/>\nKontaktn\u00fd odraz: &lt;= 5 ms<br \/>\nStredn\u00e1 d\u013a\u017eka \u017eivota: 1 mili\u00f3n uz\u00e1vierok<br \/>\nPrev\u00e1dzkov\u00e1 teplota: -20 a\u017e +40 \u00b0 C<\/p>\n","protected":false},"excerpt":{"rendered":"<p>Matrix Array 12 Key Membrane Switch Keypad for Arduino AVR 4 x 3 Popis Membr\u00e1nov\u00e1 kl\u00e1vesnica s maticov\u00fdm usporiadan\u00edm 4&hellip;<\/p>\n","protected":false},"featured_media":45,"template":"","meta":{"_monsterinsights_skip_tracking":false,"_monsterinsights_sitenote_active":false,"_monsterinsights_sitenote_note":"","_monsterinsights_sitenote_category":0},"product_cat":[16,17],"product_tag":[],"class_list":{"0":"post-42","1":"product","2":"type-product","3":"status-publish","4":"has-post-thumbnail","6":"product_cat-ard","7":"product_cat-modul","9":"first","10":"instock","11":"shipping-taxable","12":"purchasable","13":"product-type-simple"},"yoast_head":"<!-- This site is optimized with the Yoast SEO plugin v23.6 - https:\/\/yoast.com\/wordpress\/plugins\/seo\/ -->\n<title>Matrix Array 12 Key Membrane Switch Keypad Keyboard For Arduino AVR 4 x 3 - Arduino e-shop<\/title>\n<meta name=\"robots\" content=\"index, follow, max-snippet:-1, max-image-preview:large, max-video-preview:-1\" \/>\n<link rel=\"canonical\" href=\"https:\/\/www.onetimenexttime.sk\/arduino\/index.php\/produkt\/matrix-array-12-key-membrane-switch-keypad-keyboard-for-arduino-avr-4-x-3\/\" \/>\n<meta property=\"og:locale\" content=\"sk_SK\" \/>\n<meta property=\"og:type\" content=\"article\" \/>\n<meta property=\"og:title\" content=\"Matrix Array 12 Key Membrane Switch Keypad Keyboard For Arduino AVR 4 x 3 - Arduino e-shop\" \/>\n<meta property=\"og:description\" content=\"Matrix Array 12 Key Membrane Switch Keypad for Arduino AVR 4 x 3 Popis Membr\u00e1nov\u00e1 kl\u00e1vesnica s maticov\u00fdm usporiadan\u00edm 4&hellip;\" \/>\n<meta property=\"og:url\" content=\"https:\/\/www.onetimenexttime.sk\/arduino\/index.php\/produkt\/matrix-array-12-key-membrane-switch-keypad-keyboard-for-arduino-avr-4-x-3\/\" \/>\n<meta property=\"og:site_name\" content=\"Arduino e-shop\" \/>\n<meta property=\"article:modified_time\" content=\"2024-02-22T16:16:22+00:00\" \/>\n<meta property=\"og:image\" content=\"https:\/\/www.onetimenexttime.sk\/arduino\/wp-content\/uploads\/2021\/10\/214-1.jpg\" \/>\n\t<meta property=\"og:image:width\" content=\"558\" \/>\n\t<meta property=\"og:image:height\" content=\"559\" \/>\n\t<meta property=\"og:image:type\" content=\"image\/jpeg\" \/>\n<meta name=\"twitter:card\" content=\"summary_large_image\" \/>\n<meta name=\"twitter:label1\" content=\"Predpokladan\u00fd \u010das \u010d\u00edtania\" \/>\n\t<meta name=\"twitter:data1\" content=\"2 min\u00faty\" \/>\n<script type=\"application\/ld+json\" class=\"yoast-schema-graph\">{\"@context\":\"https:\/\/schema.org\",\"@graph\":[{\"@type\":\"WebPage\",\"@id\":\"https:\/\/www.onetimenexttime.sk\/arduino\/index.php\/produkt\/matrix-array-12-key-membrane-switch-keypad-keyboard-for-arduino-avr-4-x-3\/\",\"url\":\"https:\/\/www.onetimenexttime.sk\/arduino\/index.php\/produkt\/matrix-array-12-key-membrane-switch-keypad-keyboard-for-arduino-avr-4-x-3\/\",\"name\":\"Matrix Array 12 Key Membrane Switch Keypad Keyboard For Arduino AVR 4 x 3 - Arduino e-shop\",\"isPartOf\":{\"@id\":\"https:\/\/www.onetimenexttime.sk\/arduino\/#website\"},\"primaryImageOfPage\":{\"@id\":\"https:\/\/www.onetimenexttime.sk\/arduino\/index.php\/produkt\/matrix-array-12-key-membrane-switch-keypad-keyboard-for-arduino-avr-4-x-3\/#primaryimage\"},\"image\":{\"@id\":\"https:\/\/www.onetimenexttime.sk\/arduino\/index.php\/produkt\/matrix-array-12-key-membrane-switch-keypad-keyboard-for-arduino-avr-4-x-3\/#primaryimage\"},\"thumbnailUrl\":\"https:\/\/www.onetimenexttime.sk\/arduino\/wp-content\/uploads\/2021\/10\/214-1.jpg\",\"datePublished\":\"2021-10-17T12:30:06+00:00\",\"dateModified\":\"2024-02-22T16:16:22+00:00\",\"breadcrumb\":{\"@id\":\"https:\/\/www.onetimenexttime.sk\/arduino\/index.php\/produkt\/matrix-array-12-key-membrane-switch-keypad-keyboard-for-arduino-avr-4-x-3\/#breadcrumb\"},\"inLanguage\":\"sk-SK\",\"potentialAction\":[{\"@type\":\"ReadAction\",\"target\":[\"https:\/\/www.onetimenexttime.sk\/arduino\/index.php\/produkt\/matrix-array-12-key-membrane-switch-keypad-keyboard-for-arduino-avr-4-x-3\/\"]}]},{\"@type\":\"ImageObject\",\"inLanguage\":\"sk-SK\",\"@id\":\"https:\/\/www.onetimenexttime.sk\/arduino\/index.php\/produkt\/matrix-array-12-key-membrane-switch-keypad-keyboard-for-arduino-avr-4-x-3\/#primaryimage\",\"url\":\"https:\/\/www.onetimenexttime.sk\/arduino\/wp-content\/uploads\/2021\/10\/214-1.jpg\",\"contentUrl\":\"https:\/\/www.onetimenexttime.sk\/arduino\/wp-content\/uploads\/2021\/10\/214-1.jpg\",\"width\":558,\"height\":559},{\"@type\":\"BreadcrumbList\",\"@id\":\"https:\/\/www.onetimenexttime.sk\/arduino\/index.php\/produkt\/matrix-array-12-key-membrane-switch-keypad-keyboard-for-arduino-avr-4-x-3\/#breadcrumb\",\"itemListElement\":[{\"@type\":\"ListItem\",\"position\":1,\"name\":\"Domov\",\"item\":\"https:\/\/www.onetimenexttime.sk\/arduino\/\"},{\"@type\":\"ListItem\",\"position\":2,\"name\":\"Obchod\",\"item\":\"https:\/\/www.onetimenexttime.sk\/arduino\/\"},{\"@type\":\"ListItem\",\"position\":3,\"name\":\"Matrix Array 12 Key Membrane Switch Keypad Keyboard For Arduino AVR 4 x 3\"}]},{\"@type\":\"WebSite\",\"@id\":\"https:\/\/www.onetimenexttime.sk\/arduino\/#website\",\"url\":\"https:\/\/www.onetimenexttime.sk\/arduino\/\",\"name\":\"Arduino e-shop\",\"description\":\"Home Assistant\",\"potentialAction\":[{\"@type\":\"SearchAction\",\"target\":{\"@type\":\"EntryPoint\",\"urlTemplate\":\"https:\/\/www.onetimenexttime.sk\/arduino\/?s={search_term_string}\"},\"query-input\":{\"@type\":\"PropertyValueSpecification\",\"valueRequired\":true,\"valueName\":\"search_term_string\"}}],\"inLanguage\":\"sk-SK\"}]}<\/script>\n<!-- \/ Yoast SEO plugin. -->","yoast_head_json":{"title":"Matrix Array 12 Key Membrane Switch Keypad Keyboard For Arduino AVR 4 x 3 - Arduino e-shop","robots":{"index":"index","follow":"follow","max-snippet":"max-snippet:-1","max-image-preview":"max-image-preview:large","max-video-preview":"max-video-preview:-1"},"canonical":"https:\/\/www.onetimenexttime.sk\/arduino\/index.php\/produkt\/matrix-array-12-key-membrane-switch-keypad-keyboard-for-arduino-avr-4-x-3\/","og_locale":"sk_SK","og_type":"article","og_title":"Matrix Array 12 Key Membrane Switch Keypad Keyboard For Arduino AVR 4 x 3 - Arduino e-shop","og_description":"Matrix Array 12 Key Membrane Switch Keypad for Arduino AVR 4 x 3 Popis Membr\u00e1nov\u00e1 kl\u00e1vesnica s maticov\u00fdm usporiadan\u00edm 4&hellip;","og_url":"https:\/\/www.onetimenexttime.sk\/arduino\/index.php\/produkt\/matrix-array-12-key-membrane-switch-keypad-keyboard-for-arduino-avr-4-x-3\/","og_site_name":"Arduino e-shop","article_modified_time":"2024-02-22T16:16:22+00:00","og_image":[{"width":558,"height":559,"url":"https:\/\/www.onetimenexttime.sk\/arduino\/wp-content\/uploads\/2021\/10\/214-1.jpg","type":"image\/jpeg"}],"twitter_card":"summary_large_image","twitter_misc":{"Predpokladan\u00fd \u010das \u010d\u00edtania":"2 min\u00faty"},"schema":{"@context":"https:\/\/schema.org","@graph":[{"@type":"WebPage","@id":"https:\/\/www.onetimenexttime.sk\/arduino\/index.php\/produkt\/matrix-array-12-key-membrane-switch-keypad-keyboard-for-arduino-avr-4-x-3\/","url":"https:\/\/www.onetimenexttime.sk\/arduino\/index.php\/produkt\/matrix-array-12-key-membrane-switch-keypad-keyboard-for-arduino-avr-4-x-3\/","name":"Matrix Array 12 Key Membrane Switch Keypad Keyboard For Arduino AVR 4 x 3 - Arduino e-shop","isPartOf":{"@id":"https:\/\/www.onetimenexttime.sk\/arduino\/#website"},"primaryImageOfPage":{"@id":"https:\/\/www.onetimenexttime.sk\/arduino\/index.php\/produkt\/matrix-array-12-key-membrane-switch-keypad-keyboard-for-arduino-avr-4-x-3\/#primaryimage"},"image":{"@id":"https:\/\/www.onetimenexttime.sk\/arduino\/index.php\/produkt\/matrix-array-12-key-membrane-switch-keypad-keyboard-for-arduino-avr-4-x-3\/#primaryimage"},"thumbnailUrl":"https:\/\/www.onetimenexttime.sk\/arduino\/wp-content\/uploads\/2021\/10\/214-1.jpg","datePublished":"2021-10-17T12:30:06+00:00","dateModified":"2024-02-22T16:16:22+00:00","breadcrumb":{"@id":"https:\/\/www.onetimenexttime.sk\/arduino\/index.php\/produkt\/matrix-array-12-key-membrane-switch-keypad-keyboard-for-arduino-avr-4-x-3\/#breadcrumb"},"inLanguage":"sk-SK","potentialAction":[{"@type":"ReadAction","target":["https:\/\/www.onetimenexttime.sk\/arduino\/index.php\/produkt\/matrix-array-12-key-membrane-switch-keypad-keyboard-for-arduino-avr-4-x-3\/"]}]},{"@type":"ImageObject","inLanguage":"sk-SK","@id":"https:\/\/www.onetimenexttime.sk\/arduino\/index.php\/produkt\/matrix-array-12-key-membrane-switch-keypad-keyboard-for-arduino-avr-4-x-3\/#primaryimage","url":"https:\/\/www.onetimenexttime.sk\/arduino\/wp-content\/uploads\/2021\/10\/214-1.jpg","contentUrl":"https:\/\/www.onetimenexttime.sk\/arduino\/wp-content\/uploads\/2021\/10\/214-1.jpg","width":558,"height":559},{"@type":"BreadcrumbList","@id":"https:\/\/www.onetimenexttime.sk\/arduino\/index.php\/produkt\/matrix-array-12-key-membrane-switch-keypad-keyboard-for-arduino-avr-4-x-3\/#breadcrumb","itemListElement":[{"@type":"ListItem","position":1,"name":"Domov","item":"https:\/\/www.onetimenexttime.sk\/arduino\/"},{"@type":"ListItem","position":2,"name":"Obchod","item":"https:\/\/www.onetimenexttime.sk\/arduino\/"},{"@type":"ListItem","position":3,"name":"Matrix Array 12 Key Membrane Switch Keypad Keyboard For Arduino AVR 4 x 3"}]},{"@type":"WebSite","@id":"https:\/\/www.onetimenexttime.sk\/arduino\/#website","url":"https:\/\/www.onetimenexttime.sk\/arduino\/","name":"Arduino e-shop","description":"Home Assistant","potentialAction":[{"@type":"SearchAction","target":{"@type":"EntryPoint","urlTemplate":"https:\/\/www.onetimenexttime.sk\/arduino\/?s={search_term_string}"},"query-input":{"@type":"PropertyValueSpecification","valueRequired":true,"valueName":"search_term_string"}}],"inLanguage":"sk-SK"}]}},"_links":{"self":[{"href":"https:\/\/www.onetimenexttime.sk\/arduino\/index.php\/wp-json\/wp\/v2\/product\/42"}],"collection":[{"href":"https:\/\/www.onetimenexttime.sk\/arduino\/index.php\/wp-json\/wp\/v2\/product"}],"about":[{"href":"https:\/\/www.onetimenexttime.sk\/arduino\/index.php\/wp-json\/wp\/v2\/types\/product"}],"wp:featuredmedia":[{"embeddable":true,"href":"https:\/\/www.onetimenexttime.sk\/arduino\/index.php\/wp-json\/wp\/v2\/media\/45"}],"wp:attachment":[{"href":"https:\/\/www.onetimenexttime.sk\/arduino\/index.php\/wp-json\/wp\/v2\/media?parent=42"}],"wp:term":[{"taxonomy":"product_cat","embeddable":true,"href":"https:\/\/www.onetimenexttime.sk\/arduino\/index.php\/wp-json\/wp\/v2\/product_cat?post=42"},{"taxonomy":"product_tag","embeddable":true,"href":"https:\/\/www.onetimenexttime.sk\/arduino\/index.php\/wp-json\/wp\/v2\/product_tag?post=42"}],"curies":[{"name":"wp","href":"https:\/\/api.w.org\/{rel}","templated":true}]}}