{"id":416,"date":"2021-10-20T13:50:15","date_gmt":"2021-10-20T11:50:15","guid":{"rendered":"https:\/\/www.onetimenexttime.sk\/arduino\/?post_type=product&#038;p=416"},"modified":"2024-02-22T15:43:33","modified_gmt":"2024-02-22T14:43:33","slug":"sensitivity-sound-microphone-sensor-detection-module-ky-037","status":"publish","type":"product","link":"https:\/\/www.onetimenexttime.sk\/arduino\/index.php\/produkt\/sensitivity-sound-microphone-sensor-detection-module-ky-037\/","title":{"rendered":"Sensitivity Sound Microphone Sensor Detection Module  KY-037"},"content":{"rendered":"<table>\n<tbody>\n<tr>\n<th style=\"text-align: center;\" colspan=\"2\">Modul senzora zvuku KY-037<\/th>\n<\/tr>\n<tr>\n<td style=\"text-align: center;\" colspan=\"2\"><img decoding=\"async\" src=\"ky-037_sensor.jpg\" alt=\"KY-037 Sound Microphone Sensor Detection Module\" \/><\/td>\n<\/tr>\n<tr>\n<td><strong>Popis:<\/strong><\/td>\n<td>Modul senzora zvuku KY-037 je citliv\u00fd senzor, ktor\u00fd detekuje zvuky a premen\u00ed ich na elektrick\u00e9 sign\u00e1ly. Je vybaven\u00fd mikrof\u00f3nom a integrovan\u00fdm obvodom na zosilnenie zvukov\u00fdch sign\u00e1lov. Tento modul m\u00f4\u017ee by\u0165 vyu\u017eit\u00fd na r\u00f4zne \u00fa\u010dely, vr\u00e1tane detekcie zvukov\u00fdch sign\u00e1lov v prostred\u00ed, monitorovania hlasitosti alebo riadenia elektronick\u00fdch projektov na z\u00e1klade zvuku.<\/td>\n<\/tr>\n<tr>\n<td><strong>Funkcie:<\/strong><\/td>\n<td>\n<ul>\n<li>Detekcia zvuku a hlasitosti<\/li>\n<li>Vysok\u00e1 citlivos\u0165 mikrof\u00f3nu<\/li>\n<li>Jednoduch\u00e1 integr\u00e1cia s Arduinom a in\u00fdmi mikrokontrol\u00e9rmi<\/li>\n<li>Digit\u00e1lny v\u00fdstupn\u00fd sign\u00e1l<\/li>\n<li>Mo\u017enos\u0165 nastavenia prahu citlivosti<\/li>\n<\/ul>\n<\/td>\n<\/tr>\n<tr>\n<td><strong>Parametre:<\/strong><\/td>\n<td>\n<table>\n<tbody>\n<tr>\n<td><strong>Nap\u00e1janie:<\/strong><\/td>\n<td>5V DC<\/td>\n<\/tr>\n<tr>\n<td><strong>V\u00fdstupn\u00fd sign\u00e1l:<\/strong><\/td>\n<td>Digit\u00e1lny<\/td>\n<\/tr>\n<tr>\n<td><strong>Pinov\u00e1 konfigur\u00e1cia:<\/strong><\/td>\n<td>VCC, GND, OUT<\/td>\n<\/tr>\n<tr>\n<td><strong>Typ senzora:<\/strong><\/td>\n<td>Mikrof\u00f3nov\u00fd<\/td>\n<\/tr>\n<tr>\n<td><strong>Rozmery:<\/strong><\/td>\n<td>Pribli\u017ene 35mm x 15mm x 7mm<\/td>\n<\/tr>\n<\/tbody>\n<\/table>\n<\/td>\n<\/tr>\n<tr>\n<td><strong>Pr\u00edkladov\u00fd k\u00f3d:<\/strong><\/td>\n<td>\n<pre lang=\"arduino\">\/\/ K\u00f3d pre detekciu zvuku\r\nconst int soundSensorPin = 2; \/\/ Pin, na ktorom je pripojen\u00fd senzor zvuku\r\nconst int ledPin = 13; \/\/ Pin, na ktorom je pripojen\u00e1 LED\r\nint soundSensorState = 0; \/\/ Premenn\u00e1 pre ukladanie stavu senzora zvuku\r\nvoid setup() {\r\npinMode(ledPin, OUTPUT); \/\/ Nastavenie LED pinu ako v\u00fdstup\r\nSerial.begin(9600); \/\/ Inicializ\u00e1cia s\u00e9riovej komunik\u00e1cie\r\n}\r\n\r\nvoid loop() {\r\nsoundSensorState = digitalRead(soundSensorPin); \/\/ \u010c\u00edtanie stavu senzora zvuku\r\nif (soundSensorState == HIGH) { \/\/ Ak je detekovan\u00fd zvuk\r\nSerial.println(\"Sound detected!\"); \/\/ V\u00fdpis spr\u00e1vy na s\u00e9riov\u00fa konzolu\r\ndigitalWrite(ledPin, HIGH); \/\/ Zapnutie LED\r\ndelay(1000); \/\/ Po\u010dk\u00e1 sekundu\r\ndigitalWrite(ledPin, LOW); \/\/ Vypnutie LED\r\n}\r\n}\r\n<\/pre>\n<\/td>\n<\/tr>\n<\/tbody>\n<\/table>\n<h2>Modul citlivosti senzora mikrof\u00f3nu na detekciu senzora KY-037<\/h2>\n<p>KY-037 Vysoko citliv\u00fd detek\u010dn\u00fd modul mikrof\u00f3nov\u00e9ho senzora pre AVR PIC<\/p>\n<p>Popis:<br \/>\nModul pre detekciu zvuku m\u00e1 dva v\u00fdstupy:<br \/>\n1. AO, anal\u00f3gov\u00fd v\u00fdstup, sign\u00e1l v\u00fdstupn\u00e9ho nap\u00e4tia mikrof\u00f3nu v re\u00e1lnom \u010dase<br \/>\n2. DO, ke\u010f intenzita zvuku dosiahne ur\u010dit\u00fd prah, v\u00fdstupn\u00fd vysok\u00fd a n\u00edzky sign\u00e1l<br \/>\nVlastnosti modulu:<br \/>\n1. K dispoz\u00edcii je otvor pre mont\u00e1\u017enu skrutku 3 mm<br \/>\n2. Pou\u017eitie nap\u00e1jania 5 V DC<br \/>\n3. s anal\u00f3gov\u00fdm v\u00fdstupom<br \/>\n4. Existuje preklopenie v\u00fdstupu prahovej \u00farovne<br \/>\n5. Vysoko citliv\u00fd mikrof\u00f3n a vysok\u00e1 citlivos\u0165.<br \/>\n6. kontrolka nap\u00e1jania<br \/>\n7. v\u00fdstup kompar\u00e1tora je \u013eahk\u00fd<br \/>\nDigit\u00e1lny v\u00fdstup:<br \/>\nInt Led = 13; \/\/ definovanie rozhrania LED<br \/>\nInt buttonpin = 3 \/\/ Definujte rozhranie senzora D0<br \/>\nInt val; \/\/ definuje \u010d\u00edseln\u00e9 premenn\u00e9 val<br \/>\nZru\u0161i\u0165 nastavenie ()<br \/>\n{PinMode (Led, OUTPUT); \/\/ Definujte LED ako v\u00fdstupn\u00e9 rozhranie<br \/>\nPinMode (pinpin, INPUT); \/\/ definovanie senzora D0 ako v\u00fdstupn\u00e9ho rozhrania}<br \/>\n(Pr\u00e1zdna slu\u010dka)<br \/>\n{Val = digitalRead (buttonpin); \/\/ digit\u00e1lnemu rozhraniu bude na \u010d\u00edtanie hodnoty priraden\u00e1 hodnota 3<br \/>\nIf (val = = HIGH) \/\/ Ke\u010f sveteln\u00fd senzor zist\u00ed preru\u0161enie sign\u00e1lu, LED di\u00f3da blik\u00e1<br \/>\n{DigitalWrite (Led, HIGH)} in\u00e9<br \/>\n{DigitalWrite (LED, LOW)}<br \/>\nAnal\u00f3gov\u00fd v\u00fdstup:<br \/>\nInt sensorPin = A5; \/\/ vyberte vstupn\u00fd pin pre potenciometer<br \/>\nInt ledPin = 13; \/\/ vyberte pin pre LED di\u00f3du<br \/>\nInt sensorValue = 0; \/\/ premenn\u00e1 na ulo\u017eenie hodnoty zo senzora<br \/>\n(Zru\u0161enie nastavenia)<br \/>\n{PinMode (ledPin, OUTPUT);<br \/>\nS\u00e9riov\u00e9. za\u010da\u0165 (9600);}<br \/>\n(Pr\u00e1zdna slu\u010dka)<br \/>\n{SensorValue = analogRead (sensorPin);<br \/>\nDigitalWrite (ledPin, HIGH);<br \/>\nOneskorenie (sensorValue);<br \/>\nDigitalWrite (ledPin, LOW);<br \/>\nOneskorenie (sensorValue);<br \/>\nS\u00e9riov\u00e9. println (sensorValue, DECEMBER);}<br \/>\nZoznam bal\u00edkov:<\/p>\n<p>1 x mikrof\u00f3nny senzor s vysokou citlivos\u0165ou<\/p>\n","protected":false},"excerpt":{"rendered":"<p>Modul senzora zvuku KY-037 Popis: Modul senzora zvuku KY-037 je citliv\u00fd senzor, ktor\u00fd detekuje zvuky a premen\u00ed ich na elektrick\u00e9&hellip;<\/p>\n","protected":false},"featured_media":417,"template":"","meta":{"_monsterinsights_skip_tracking":false,"_monsterinsights_sitenote_active":false,"_monsterinsights_sitenote_note":"","_monsterinsights_sitenote_category":0},"product_cat":[16,23,69],"product_tag":[],"class_list":{"0":"post-416","1":"product","2":"type-product","3":"status-publish","4":"has-post-thumbnail","6":"product_cat-ard","7":"product_cat-audio-modul","8":"product_cat-sensors","10":"first","11":"instock","12":"sale","13":"shipping-taxable","14":"purchasable","15":"product-type-simple"},"yoast_head":"<!-- This site is optimized with the Yoast SEO plugin v23.6 - https:\/\/yoast.com\/wordpress\/plugins\/seo\/ -->\n<title>Sensitivity Sound Microphone Sensor Detection Module KY-037 - Arduino e-shop<\/title>\n<meta name=\"robots\" content=\"index, follow, max-snippet:-1, max-image-preview:large, max-video-preview:-1\" \/>\n<link rel=\"canonical\" href=\"https:\/\/www.onetimenexttime.sk\/arduino\/index.php\/produkt\/sensitivity-sound-microphone-sensor-detection-module-ky-037\/\" \/>\n<meta property=\"og:locale\" content=\"sk_SK\" \/>\n<meta property=\"og:type\" content=\"article\" \/>\n<meta property=\"og:title\" content=\"Sensitivity Sound Microphone Sensor Detection Module KY-037 - Arduino e-shop\" \/>\n<meta property=\"og:description\" content=\"Modul senzora zvuku KY-037 Popis: Modul senzora zvuku KY-037 je citliv\u00fd senzor, ktor\u00fd detekuje zvuky a premen\u00ed ich na elektrick\u00e9&hellip;\" \/>\n<meta property=\"og:url\" content=\"https:\/\/www.onetimenexttime.sk\/arduino\/index.php\/produkt\/sensitivity-sound-microphone-sensor-detection-module-ky-037\/\" \/>\n<meta property=\"og:site_name\" content=\"Arduino e-shop\" \/>\n<meta property=\"article:modified_time\" content=\"2024-02-22T14:43:33+00:00\" \/>\n<meta property=\"og:image\" content=\"https:\/\/www.onetimenexttime.sk\/arduino\/wp-content\/uploads\/2021\/10\/610.jpg\" \/>\n\t<meta property=\"og:image:width\" content=\"500\" \/>\n\t<meta property=\"og:image:height\" content=\"501\" \/>\n\t<meta property=\"og:image:type\" content=\"image\/jpeg\" \/>\n<meta name=\"twitter:card\" content=\"summary_large_image\" \/>\n<meta name=\"twitter:label1\" content=\"Predpokladan\u00fd \u010das \u010d\u00edtania\" \/>\n\t<meta name=\"twitter:data1\" content=\"3 min\u00faty\" \/>\n<script type=\"application\/ld+json\" class=\"yoast-schema-graph\">{\"@context\":\"https:\/\/schema.org\",\"@graph\":[{\"@type\":\"WebPage\",\"@id\":\"https:\/\/www.onetimenexttime.sk\/arduino\/index.php\/produkt\/sensitivity-sound-microphone-sensor-detection-module-ky-037\/\",\"url\":\"https:\/\/www.onetimenexttime.sk\/arduino\/index.php\/produkt\/sensitivity-sound-microphone-sensor-detection-module-ky-037\/\",\"name\":\"Sensitivity Sound Microphone Sensor Detection Module KY-037 - Arduino e-shop\",\"isPartOf\":{\"@id\":\"https:\/\/www.onetimenexttime.sk\/arduino\/#website\"},\"primaryImageOfPage\":{\"@id\":\"https:\/\/www.onetimenexttime.sk\/arduino\/index.php\/produkt\/sensitivity-sound-microphone-sensor-detection-module-ky-037\/#primaryimage\"},\"image\":{\"@id\":\"https:\/\/www.onetimenexttime.sk\/arduino\/index.php\/produkt\/sensitivity-sound-microphone-sensor-detection-module-ky-037\/#primaryimage\"},\"thumbnailUrl\":\"https:\/\/www.onetimenexttime.sk\/arduino\/wp-content\/uploads\/2021\/10\/610.jpg\",\"datePublished\":\"2021-10-20T11:50:15+00:00\",\"dateModified\":\"2024-02-22T14:43:33+00:00\",\"breadcrumb\":{\"@id\":\"https:\/\/www.onetimenexttime.sk\/arduino\/index.php\/produkt\/sensitivity-sound-microphone-sensor-detection-module-ky-037\/#breadcrumb\"},\"inLanguage\":\"sk-SK\",\"potentialAction\":[{\"@type\":\"ReadAction\",\"target\":[\"https:\/\/www.onetimenexttime.sk\/arduino\/index.php\/produkt\/sensitivity-sound-microphone-sensor-detection-module-ky-037\/\"]}]},{\"@type\":\"ImageObject\",\"inLanguage\":\"sk-SK\",\"@id\":\"https:\/\/www.onetimenexttime.sk\/arduino\/index.php\/produkt\/sensitivity-sound-microphone-sensor-detection-module-ky-037\/#primaryimage\",\"url\":\"https:\/\/www.onetimenexttime.sk\/arduino\/wp-content\/uploads\/2021\/10\/610.jpg\",\"contentUrl\":\"https:\/\/www.onetimenexttime.sk\/arduino\/wp-content\/uploads\/2021\/10\/610.jpg\",\"width\":500,\"height\":501},{\"@type\":\"BreadcrumbList\",\"@id\":\"https:\/\/www.onetimenexttime.sk\/arduino\/index.php\/produkt\/sensitivity-sound-microphone-sensor-detection-module-ky-037\/#breadcrumb\",\"itemListElement\":[{\"@type\":\"ListItem\",\"position\":1,\"name\":\"Domov\",\"item\":\"https:\/\/www.onetimenexttime.sk\/arduino\/\"},{\"@type\":\"ListItem\",\"position\":2,\"name\":\"Obchod\",\"item\":\"https:\/\/www.onetimenexttime.sk\/arduino\/\"},{\"@type\":\"ListItem\",\"position\":3,\"name\":\"Sensitivity Sound Microphone Sensor Detection Module KY-037\"}]},{\"@type\":\"WebSite\",\"@id\":\"https:\/\/www.onetimenexttime.sk\/arduino\/#website\",\"url\":\"https:\/\/www.onetimenexttime.sk\/arduino\/\",\"name\":\"Arduino e-shop\",\"description\":\"Home Assistant\",\"potentialAction\":[{\"@type\":\"SearchAction\",\"target\":{\"@type\":\"EntryPoint\",\"urlTemplate\":\"https:\/\/www.onetimenexttime.sk\/arduino\/?s={search_term_string}\"},\"query-input\":{\"@type\":\"PropertyValueSpecification\",\"valueRequired\":true,\"valueName\":\"search_term_string\"}}],\"inLanguage\":\"sk-SK\"}]}<\/script>\n<!-- \/ Yoast SEO plugin. -->","yoast_head_json":{"title":"Sensitivity Sound Microphone Sensor Detection Module KY-037 - Arduino e-shop","robots":{"index":"index","follow":"follow","max-snippet":"max-snippet:-1","max-image-preview":"max-image-preview:large","max-video-preview":"max-video-preview:-1"},"canonical":"https:\/\/www.onetimenexttime.sk\/arduino\/index.php\/produkt\/sensitivity-sound-microphone-sensor-detection-module-ky-037\/","og_locale":"sk_SK","og_type":"article","og_title":"Sensitivity Sound Microphone Sensor Detection Module KY-037 - Arduino e-shop","og_description":"Modul senzora zvuku KY-037 Popis: Modul senzora zvuku KY-037 je citliv\u00fd senzor, ktor\u00fd detekuje zvuky a premen\u00ed ich na elektrick\u00e9&hellip;","og_url":"https:\/\/www.onetimenexttime.sk\/arduino\/index.php\/produkt\/sensitivity-sound-microphone-sensor-detection-module-ky-037\/","og_site_name":"Arduino e-shop","article_modified_time":"2024-02-22T14:43:33+00:00","og_image":[{"width":500,"height":501,"url":"https:\/\/www.onetimenexttime.sk\/arduino\/wp-content\/uploads\/2021\/10\/610.jpg","type":"image\/jpeg"}],"twitter_card":"summary_large_image","twitter_misc":{"Predpokladan\u00fd \u010das \u010d\u00edtania":"3 min\u00faty"},"schema":{"@context":"https:\/\/schema.org","@graph":[{"@type":"WebPage","@id":"https:\/\/www.onetimenexttime.sk\/arduino\/index.php\/produkt\/sensitivity-sound-microphone-sensor-detection-module-ky-037\/","url":"https:\/\/www.onetimenexttime.sk\/arduino\/index.php\/produkt\/sensitivity-sound-microphone-sensor-detection-module-ky-037\/","name":"Sensitivity Sound Microphone Sensor Detection Module KY-037 - Arduino e-shop","isPartOf":{"@id":"https:\/\/www.onetimenexttime.sk\/arduino\/#website"},"primaryImageOfPage":{"@id":"https:\/\/www.onetimenexttime.sk\/arduino\/index.php\/produkt\/sensitivity-sound-microphone-sensor-detection-module-ky-037\/#primaryimage"},"image":{"@id":"https:\/\/www.onetimenexttime.sk\/arduino\/index.php\/produkt\/sensitivity-sound-microphone-sensor-detection-module-ky-037\/#primaryimage"},"thumbnailUrl":"https:\/\/www.onetimenexttime.sk\/arduino\/wp-content\/uploads\/2021\/10\/610.jpg","datePublished":"2021-10-20T11:50:15+00:00","dateModified":"2024-02-22T14:43:33+00:00","breadcrumb":{"@id":"https:\/\/www.onetimenexttime.sk\/arduino\/index.php\/produkt\/sensitivity-sound-microphone-sensor-detection-module-ky-037\/#breadcrumb"},"inLanguage":"sk-SK","potentialAction":[{"@type":"ReadAction","target":["https:\/\/www.onetimenexttime.sk\/arduino\/index.php\/produkt\/sensitivity-sound-microphone-sensor-detection-module-ky-037\/"]}]},{"@type":"ImageObject","inLanguage":"sk-SK","@id":"https:\/\/www.onetimenexttime.sk\/arduino\/index.php\/produkt\/sensitivity-sound-microphone-sensor-detection-module-ky-037\/#primaryimage","url":"https:\/\/www.onetimenexttime.sk\/arduino\/wp-content\/uploads\/2021\/10\/610.jpg","contentUrl":"https:\/\/www.onetimenexttime.sk\/arduino\/wp-content\/uploads\/2021\/10\/610.jpg","width":500,"height":501},{"@type":"BreadcrumbList","@id":"https:\/\/www.onetimenexttime.sk\/arduino\/index.php\/produkt\/sensitivity-sound-microphone-sensor-detection-module-ky-037\/#breadcrumb","itemListElement":[{"@type":"ListItem","position":1,"name":"Domov","item":"https:\/\/www.onetimenexttime.sk\/arduino\/"},{"@type":"ListItem","position":2,"name":"Obchod","item":"https:\/\/www.onetimenexttime.sk\/arduino\/"},{"@type":"ListItem","position":3,"name":"Sensitivity Sound Microphone Sensor Detection Module KY-037"}]},{"@type":"WebSite","@id":"https:\/\/www.onetimenexttime.sk\/arduino\/#website","url":"https:\/\/www.onetimenexttime.sk\/arduino\/","name":"Arduino e-shop","description":"Home Assistant","potentialAction":[{"@type":"SearchAction","target":{"@type":"EntryPoint","urlTemplate":"https:\/\/www.onetimenexttime.sk\/arduino\/?s={search_term_string}"},"query-input":{"@type":"PropertyValueSpecification","valueRequired":true,"valueName":"search_term_string"}}],"inLanguage":"sk-SK"}]}},"_links":{"self":[{"href":"https:\/\/www.onetimenexttime.sk\/arduino\/index.php\/wp-json\/wp\/v2\/product\/416"}],"collection":[{"href":"https:\/\/www.onetimenexttime.sk\/arduino\/index.php\/wp-json\/wp\/v2\/product"}],"about":[{"href":"https:\/\/www.onetimenexttime.sk\/arduino\/index.php\/wp-json\/wp\/v2\/types\/product"}],"wp:featuredmedia":[{"embeddable":true,"href":"https:\/\/www.onetimenexttime.sk\/arduino\/index.php\/wp-json\/wp\/v2\/media\/417"}],"wp:attachment":[{"href":"https:\/\/www.onetimenexttime.sk\/arduino\/index.php\/wp-json\/wp\/v2\/media?parent=416"}],"wp:term":[{"taxonomy":"product_cat","embeddable":true,"href":"https:\/\/www.onetimenexttime.sk\/arduino\/index.php\/wp-json\/wp\/v2\/product_cat?post=416"},{"taxonomy":"product_tag","embeddable":true,"href":"https:\/\/www.onetimenexttime.sk\/arduino\/index.php\/wp-json\/wp\/v2\/product_tag?post=416"}],"curies":[{"name":"wp","href":"https:\/\/api.w.org\/{rel}","templated":true}]}}