{"id":406,"date":"2021-10-20T13:28:55","date_gmt":"2021-10-20T11:28:55","guid":{"rendered":"https:\/\/www.onetimenexttime.sk\/arduino\/?post_type=product&#038;p=406"},"modified":"2021-10-20T13:32:48","modified_gmt":"2021-10-20T11:32:48","slug":"black-3-pole-3-5mm-male-90-degree-l-shaped-stereo-headphone","status":"publish","type":"product","link":"https:\/\/www.onetimenexttime.sk\/arduino\/index.php\/produkt\/black-3-pole-3-5mm-male-90-degree-l-shaped-stereo-headphone\/","title":{"rendered":"black 3 Pole 3.5mm Male 90 degree L-shaped stereo headphone"},"content":{"rendered":"<h2>\u010dierny 3-p\u00f3lov\u00fd 3,5 mm samec 90 stup\u0148ov\u00fd<\/h2>\n<p>Pozl\u00e1ten\u00e9 3\/4 p\u00f3lov\u00e9 3,5 mm stereof\u00f3nne z\u00e1str\u010dky na opravu stereof\u00f3nnych z\u00e1str\u010diek v tvare L, jack, sp\u00e1jkovanie zvuku<\/p>\n<p>Plastov\u00e1 \u0161krupina je m\u00e4kk\u00e1,<\/p>\n<p>Je mo\u017en\u00e9 nain\u0161talova\u0165 2,5 mm k\u00e1bel pre sl\u00fachadl\u00e1<\/p>\n<p>farba: rovnak\u00e1 ako na obr\u00e1zku<\/p>\n<p>funkcia:<\/p>\n<p>Tento 3,5 mm 3 -p\u00f3lov\u00fd sp\u00e1jkova\u010d zvuku a videa pre sl\u00fachadl\u00e1 m\u00f4\u017eete pou\u017ei\u0165 na v\u00fdrobu ak\u00e9hoko\u013evek 3,5 mm 3 -p\u00f3lov\u00e9ho konektorov\u00e9ho k\u00e1bla<\/p>\n<p>Pozn\u00e1mka: spoje kov + tvrd\u00e1 guma potrebuj\u00fa lepidlo<\/p>\n<p>Pozl\u00e1ten\u00e9: kovov\u00e9 \u010dasti<\/p>\n<p>upozornenie: Existuj\u00fa dva \u0161t\u00fdly, 3 -p\u00f3lov\u00fd a 4 -p\u00f3lov\u00fd, ke\u010f si vyberiete produkt, postupujte pod\u013ea fotografie a zvo\u013ete ten spr\u00e1vny.<\/p>\n","protected":false},"excerpt":{"rendered":"<p>\u010dierny 3-p\u00f3lov\u00fd 3,5 mm samec 90 stup\u0148ov\u00fd Pozl\u00e1ten\u00e9 3\/4 p\u00f3lov\u00e9 3,5 mm stereof\u00f3nne z\u00e1str\u010dky na opravu stereof\u00f3nnych z\u00e1str\u010diek v tvare&hellip;<\/p>\n","protected":false},"featured_media":407,"template":"","meta":{"_monsterinsights_skip_tracking":false,"_monsterinsights_sitenote_active":false,"_monsterinsights_sitenote_note":"","_monsterinsights_sitenote_category":0},"product_cat":[15,16,23],"product_tag":[],"class_list":{"0":"post-406","1":"product","2":"type-product","3":"status-publish","4":"has-post-thumbnail","6":"product_cat-nd","7":"product_cat-ard","8":"product_cat-audio-modul","10":"first","11":"instock","12":"shipping-taxable","13":"purchasable","14":"product-type-simple"},"yoast_head":"<!-- This site is optimized with the Yoast SEO plugin v23.6 - https:\/\/yoast.com\/wordpress\/plugins\/seo\/ -->\n<title>black 3 Pole 3.5mm Male 90 degree L-shaped stereo headphone - Arduino e-shop<\/title>\n<meta name=\"robots\" content=\"index, follow, max-snippet:-1, max-image-preview:large, max-video-preview:-1\" \/>\n<link rel=\"canonical\" href=\"https:\/\/www.onetimenexttime.sk\/arduino\/index.php\/produkt\/black-3-pole-3-5mm-male-90-degree-l-shaped-stereo-headphone\/\" \/>\n<meta property=\"og:locale\" content=\"sk_SK\" \/>\n<meta property=\"og:type\" content=\"article\" \/>\n<meta property=\"og:title\" content=\"black 3 Pole 3.5mm Male 90 degree L-shaped stereo headphone - Arduino e-shop\" \/>\n<meta property=\"og:description\" content=\"\u010dierny 3-p\u00f3lov\u00fd 3,5 mm samec 90 stup\u0148ov\u00fd Pozl\u00e1ten\u00e9 3\/4 p\u00f3lov\u00e9 3,5 mm stereof\u00f3nne z\u00e1str\u010dky na opravu stereof\u00f3nnych z\u00e1str\u010diek v tvare&hellip;\" \/>\n<meta property=\"og:url\" content=\"https:\/\/www.onetimenexttime.sk\/arduino\/index.php\/produkt\/black-3-pole-3-5mm-male-90-degree-l-shaped-stereo-headphone\/\" \/>\n<meta property=\"og:site_name\" content=\"Arduino e-shop\" \/>\n<meta property=\"article:modified_time\" content=\"2021-10-20T11:32:48+00:00\" \/>\n<meta property=\"og:image\" content=\"https:\/\/www.onetimenexttime.sk\/arduino\/wp-content\/uploads\/2021\/10\/653.jpg\" \/>\n\t<meta property=\"og:image:width\" content=\"500\" \/>\n\t<meta property=\"og:image:height\" content=\"501\" \/>\n\t<meta property=\"og:image:type\" content=\"image\/jpeg\" \/>\n<meta name=\"twitter:card\" content=\"summary_large_image\" \/>\n<meta name=\"twitter:label1\" content=\"Predpokladan\u00fd \u010das \u010d\u00edtania\" \/>\n\t<meta name=\"twitter:data1\" content=\"1 min\u00fata\" \/>\n<script type=\"application\/ld+json\" class=\"yoast-schema-graph\">{\"@context\":\"https:\/\/schema.org\",\"@graph\":[{\"@type\":\"WebPage\",\"@id\":\"https:\/\/www.onetimenexttime.sk\/arduino\/index.php\/produkt\/black-3-pole-3-5mm-male-90-degree-l-shaped-stereo-headphone\/\",\"url\":\"https:\/\/www.onetimenexttime.sk\/arduino\/index.php\/produkt\/black-3-pole-3-5mm-male-90-degree-l-shaped-stereo-headphone\/\",\"name\":\"black 3 Pole 3.5mm Male 90 degree L-shaped stereo headphone - Arduino e-shop\",\"isPartOf\":{\"@id\":\"https:\/\/www.onetimenexttime.sk\/arduino\/#website\"},\"primaryImageOfPage\":{\"@id\":\"https:\/\/www.onetimenexttime.sk\/arduino\/index.php\/produkt\/black-3-pole-3-5mm-male-90-degree-l-shaped-stereo-headphone\/#primaryimage\"},\"image\":{\"@id\":\"https:\/\/www.onetimenexttime.sk\/arduino\/index.php\/produkt\/black-3-pole-3-5mm-male-90-degree-l-shaped-stereo-headphone\/#primaryimage\"},\"thumbnailUrl\":\"https:\/\/www.onetimenexttime.sk\/arduino\/wp-content\/uploads\/2021\/10\/653.jpg\",\"datePublished\":\"2021-10-20T11:28:55+00:00\",\"dateModified\":\"2021-10-20T11:32:48+00:00\",\"breadcrumb\":{\"@id\":\"https:\/\/www.onetimenexttime.sk\/arduino\/index.php\/produkt\/black-3-pole-3-5mm-male-90-degree-l-shaped-stereo-headphone\/#breadcrumb\"},\"inLanguage\":\"sk-SK\",\"potentialAction\":[{\"@type\":\"ReadAction\",\"target\":[\"https:\/\/www.onetimenexttime.sk\/arduino\/index.php\/produkt\/black-3-pole-3-5mm-male-90-degree-l-shaped-stereo-headphone\/\"]}]},{\"@type\":\"ImageObject\",\"inLanguage\":\"sk-SK\",\"@id\":\"https:\/\/www.onetimenexttime.sk\/arduino\/index.php\/produkt\/black-3-pole-3-5mm-male-90-degree-l-shaped-stereo-headphone\/#primaryimage\",\"url\":\"https:\/\/www.onetimenexttime.sk\/arduino\/wp-content\/uploads\/2021\/10\/653.jpg\",\"contentUrl\":\"https:\/\/www.onetimenexttime.sk\/arduino\/wp-content\/uploads\/2021\/10\/653.jpg\",\"width\":500,\"height\":501},{\"@type\":\"BreadcrumbList\",\"@id\":\"https:\/\/www.onetimenexttime.sk\/arduino\/index.php\/produkt\/black-3-pole-3-5mm-male-90-degree-l-shaped-stereo-headphone\/#breadcrumb\",\"itemListElement\":[{\"@type\":\"ListItem\",\"position\":1,\"name\":\"Domov\",\"item\":\"https:\/\/www.onetimenexttime.sk\/arduino\/\"},{\"@type\":\"ListItem\",\"position\":2,\"name\":\"Obchod\",\"item\":\"https:\/\/www.onetimenexttime.sk\/arduino\/\"},{\"@type\":\"ListItem\",\"position\":3,\"name\":\"black 3 Pole 3.5mm Male 90 degree L-shaped stereo headphone\"}]},{\"@type\":\"WebSite\",\"@id\":\"https:\/\/www.onetimenexttime.sk\/arduino\/#website\",\"url\":\"https:\/\/www.onetimenexttime.sk\/arduino\/\",\"name\":\"Arduino e-shop\",\"description\":\"Home Assistant\",\"potentialAction\":[{\"@type\":\"SearchAction\",\"target\":{\"@type\":\"EntryPoint\",\"urlTemplate\":\"https:\/\/www.onetimenexttime.sk\/arduino\/?s={search_term_string}\"},\"query-input\":{\"@type\":\"PropertyValueSpecification\",\"valueRequired\":true,\"valueName\":\"search_term_string\"}}],\"inLanguage\":\"sk-SK\"}]}<\/script>\n<!-- \/ Yoast SEO plugin. -->","yoast_head_json":{"title":"black 3 Pole 3.5mm Male 90 degree L-shaped stereo headphone - Arduino e-shop","robots":{"index":"index","follow":"follow","max-snippet":"max-snippet:-1","max-image-preview":"max-image-preview:large","max-video-preview":"max-video-preview:-1"},"canonical":"https:\/\/www.onetimenexttime.sk\/arduino\/index.php\/produkt\/black-3-pole-3-5mm-male-90-degree-l-shaped-stereo-headphone\/","og_locale":"sk_SK","og_type":"article","og_title":"black 3 Pole 3.5mm Male 90 degree L-shaped stereo headphone - Arduino e-shop","og_description":"\u010dierny 3-p\u00f3lov\u00fd 3,5 mm samec 90 stup\u0148ov\u00fd Pozl\u00e1ten\u00e9 3\/4 p\u00f3lov\u00e9 3,5 mm stereof\u00f3nne z\u00e1str\u010dky na opravu stereof\u00f3nnych z\u00e1str\u010diek v tvare&hellip;","og_url":"https:\/\/www.onetimenexttime.sk\/arduino\/index.php\/produkt\/black-3-pole-3-5mm-male-90-degree-l-shaped-stereo-headphone\/","og_site_name":"Arduino e-shop","article_modified_time":"2021-10-20T11:32:48+00:00","og_image":[{"width":500,"height":501,"url":"https:\/\/www.onetimenexttime.sk\/arduino\/wp-content\/uploads\/2021\/10\/653.jpg","type":"image\/jpeg"}],"twitter_card":"summary_large_image","twitter_misc":{"Predpokladan\u00fd \u010das \u010d\u00edtania":"1 min\u00fata"},"schema":{"@context":"https:\/\/schema.org","@graph":[{"@type":"WebPage","@id":"https:\/\/www.onetimenexttime.sk\/arduino\/index.php\/produkt\/black-3-pole-3-5mm-male-90-degree-l-shaped-stereo-headphone\/","url":"https:\/\/www.onetimenexttime.sk\/arduino\/index.php\/produkt\/black-3-pole-3-5mm-male-90-degree-l-shaped-stereo-headphone\/","name":"black 3 Pole 3.5mm Male 90 degree L-shaped stereo headphone - Arduino e-shop","isPartOf":{"@id":"https:\/\/www.onetimenexttime.sk\/arduino\/#website"},"primaryImageOfPage":{"@id":"https:\/\/www.onetimenexttime.sk\/arduino\/index.php\/produkt\/black-3-pole-3-5mm-male-90-degree-l-shaped-stereo-headphone\/#primaryimage"},"image":{"@id":"https:\/\/www.onetimenexttime.sk\/arduino\/index.php\/produkt\/black-3-pole-3-5mm-male-90-degree-l-shaped-stereo-headphone\/#primaryimage"},"thumbnailUrl":"https:\/\/www.onetimenexttime.sk\/arduino\/wp-content\/uploads\/2021\/10\/653.jpg","datePublished":"2021-10-20T11:28:55+00:00","dateModified":"2021-10-20T11:32:48+00:00","breadcrumb":{"@id":"https:\/\/www.onetimenexttime.sk\/arduino\/index.php\/produkt\/black-3-pole-3-5mm-male-90-degree-l-shaped-stereo-headphone\/#breadcrumb"},"inLanguage":"sk-SK","potentialAction":[{"@type":"ReadAction","target":["https:\/\/www.onetimenexttime.sk\/arduino\/index.php\/produkt\/black-3-pole-3-5mm-male-90-degree-l-shaped-stereo-headphone\/"]}]},{"@type":"ImageObject","inLanguage":"sk-SK","@id":"https:\/\/www.onetimenexttime.sk\/arduino\/index.php\/produkt\/black-3-pole-3-5mm-male-90-degree-l-shaped-stereo-headphone\/#primaryimage","url":"https:\/\/www.onetimenexttime.sk\/arduino\/wp-content\/uploads\/2021\/10\/653.jpg","contentUrl":"https:\/\/www.onetimenexttime.sk\/arduino\/wp-content\/uploads\/2021\/10\/653.jpg","width":500,"height":501},{"@type":"BreadcrumbList","@id":"https:\/\/www.onetimenexttime.sk\/arduino\/index.php\/produkt\/black-3-pole-3-5mm-male-90-degree-l-shaped-stereo-headphone\/#breadcrumb","itemListElement":[{"@type":"ListItem","position":1,"name":"Domov","item":"https:\/\/www.onetimenexttime.sk\/arduino\/"},{"@type":"ListItem","position":2,"name":"Obchod","item":"https:\/\/www.onetimenexttime.sk\/arduino\/"},{"@type":"ListItem","position":3,"name":"black 3 Pole 3.5mm Male 90 degree L-shaped stereo headphone"}]},{"@type":"WebSite","@id":"https:\/\/www.onetimenexttime.sk\/arduino\/#website","url":"https:\/\/www.onetimenexttime.sk\/arduino\/","name":"Arduino e-shop","description":"Home Assistant","potentialAction":[{"@type":"SearchAction","target":{"@type":"EntryPoint","urlTemplate":"https:\/\/www.onetimenexttime.sk\/arduino\/?s={search_term_string}"},"query-input":{"@type":"PropertyValueSpecification","valueRequired":true,"valueName":"search_term_string"}}],"inLanguage":"sk-SK"}]}},"_links":{"self":[{"href":"https:\/\/www.onetimenexttime.sk\/arduino\/index.php\/wp-json\/wp\/v2\/product\/406"}],"collection":[{"href":"https:\/\/www.onetimenexttime.sk\/arduino\/index.php\/wp-json\/wp\/v2\/product"}],"about":[{"href":"https:\/\/www.onetimenexttime.sk\/arduino\/index.php\/wp-json\/wp\/v2\/types\/product"}],"wp:featuredmedia":[{"embeddable":true,"href":"https:\/\/www.onetimenexttime.sk\/arduino\/index.php\/wp-json\/wp\/v2\/media\/407"}],"wp:attachment":[{"href":"https:\/\/www.onetimenexttime.sk\/arduino\/index.php\/wp-json\/wp\/v2\/media?parent=406"}],"wp:term":[{"taxonomy":"product_cat","embeddable":true,"href":"https:\/\/www.onetimenexttime.sk\/arduino\/index.php\/wp-json\/wp\/v2\/product_cat?post=406"},{"taxonomy":"product_tag","embeddable":true,"href":"https:\/\/www.onetimenexttime.sk\/arduino\/index.php\/wp-json\/wp\/v2\/product_tag?post=406"}],"curies":[{"name":"wp","href":"https:\/\/api.w.org\/{rel}","templated":true}]}}