{"id":371,"date":"2021-10-20T13:11:16","date_gmt":"2021-10-20T11:11:16","guid":{"rendered":"https:\/\/www.onetimenexttime.sk\/arduino\/?post_type=product&#038;p=371"},"modified":"2021-10-20T13:13:24","modified_gmt":"2021-10-20T11:13:24","slug":"mjt-voice-module-ld3320-speech-recognition-module-to-control-non-specific-human-speech-straight-pin","status":"publish","type":"product","link":"https:\/\/www.onetimenexttime.sk\/arduino\/index.php\/produkt\/mjt-voice-module-ld3320-speech-recognition-module-to-control-non-specific-human-speech-straight-pin\/","title":{"rendered":"MJT voice module LD3320 speech recognition module to control non-specific human speech straight pin"},"content":{"rendered":"<h2>Hlasov\u00fd modul MJT Modul rozpozn\u00e1vania re\u010di LD3320 na ovl\u00e1danie ne\u0161pecifick\u00e9ho priameho kol\u00edka \u013eudskej re\u010di<\/h2>\n<p>Modul rozpozn\u00e1vania re\u010di LD3320 ne\u0161pecifick\u00e1 \u013eudsk\u00e1 re\u010d, v\u00fdvojov\u00e1 doska modulu ovl\u00e1dania hlasom<\/p>\n<p>Predstavenie v\u00fdrobku<br \/>\npopis produktu:<\/p>\n<p>SPI a paraleln\u00e9 rozhrania podporuj\u00fa ne\u0161pecifick\u00fd modul rozpozn\u00e1vania re\u010di, vstavan\u00fd mikrof\u00f3n a akt\u00edvny kry\u0161t\u00e1l, \u013eahko implementovate\u013en\u00e9 rozpozn\u00e1vanie hlasu, hlas a interakt\u00edvne funkcie v elektronick\u00fdch produktoch.<\/p>\n<p>Vlastnosti produktu:<\/p>\n<p>A vysok\u00e1 presnos\u0165 praktick\u00e9ho efektu rozpozn\u00e1vania re\u010di.<br \/>\nTechnol\u00f3gia rozpozn\u00e1vania re\u010di nez\u00e1visl\u00e1 na reproduktoroch: pou\u017e\u00edvate\u013e nemus\u00ed nahr\u00e1va\u0165 \u0161kolenia.<br \/>\nZoznam k\u013e\u00fa\u010dov\u00fdch slov m\u00f4\u017ee identifikova\u0165 dynamick\u00fa \u00fapravu: identifik\u00e1cia k\u013e\u00fa\u010dov\u00e9ho slova sa mus\u00ed pren\u00e1\u0161a\u0165 iba do re\u0165azca \u010dipov, \u010do sa m\u00f4\u017ee prejavi\u0165 okam\u017eite pri nasleduj\u00facom rozpoznan\u00ed. Napr\u00edklad, u\u017e\u00edvate\u013e programuj\u00faci MCU 51 a podobne, jednoduch\u00fdm nastaven\u00edm registrov \u010dipov, ako napr\u00edklad \u201eAhoj\u201c obsahu tak\u00fdchto k\u013e\u00fa\u010dov\u00fdch slov, dynamicky identifikuj\u00facich prich\u00e1dzaj\u00faci \u010dip, je mo\u017en\u00e9 \u010dipu identifikova\u0165 sadu k\u013e\u00fa\u010dov\u00fdch slov, ako napr.<br \/>\nUmo\u017e\u0148uje pou\u017e\u00edvate\u013eom vo\u013ene upravova\u0165 50 k\u013e\u00fa\u010dov\u00fdch slov: a\u017e na identifik\u00e1ciu 50 k\u013e\u00fa\u010dov\u00fdch slov s\u00fa\u010dasne, koncov\u00ed pou\u017e\u00edvatelia m\u00f4\u017eu potrebova\u0165 v z\u00e1vislosti od sc\u00e9ny pripraven\u00fa upravova\u0165 a aktualizova\u0165 obsah t\u00fdchto 50 k\u013e\u00fa\u010dov\u00fdch slov.<br \/>\nparameter:<\/p>\n<p>Prev\u00e1dzkov\u00e9 nap\u00e4tie: podpora nap\u00e1jania 3,3 V alebo 5 V.<br \/>\nKomunika\u010dn\u00e9 rozhrania: Komunika\u010dn\u00e9 rozhranie SPI. V\u017edy 3,3 V mikrokontrol\u00e9r na \u00farovni pohonu, pomocou 51 \u0161tudentov si m\u00f4\u017ee k\u00fapi\u0165 51 jedno\u010dipov\u00fdch n\u00edzkonap\u00e4\u0165ov\u00fdch verzi\u00ed, model STC89LE52 s jedn\u00fdm \u010dipom, oby\u010dajn\u00fd 51 je rovnak\u00fd, ale nap\u00e4tie je 3,3 V.<br \/>\nRozpozn\u00e1vanie k\u013e\u00fa\u010dov\u00fdch slov: podpora s\u00fa\u010dasn\u00e9ho rozpozn\u00e1vania 50 k\u013e\u00fa\u010dov\u00fdch slov. Pozn\u00e1mka: K\u013e\u00fa\u010dov\u00e9 slovo je zap\u00edsan\u00e9 do procesu SCM, pou\u017e\u00edvate\u013e sa m\u00f4\u017ee \u013eubovo\u013ene meni\u0165 a aktualizova\u0165 k\u013e\u00fa\u010dov\u00e9 slov\u00e1.<br \/>\n\u010ci u\u017e s SCM: bez ak\u00e9hoko\u013evek mikrokontrol\u00e9ra na doske, pohodlie z\u00e1kazn\u00edkov pod\u013ea ich skuto\u010dn\u00fdch potrieb, vyberte si odrodu, ktor\u00e1 spln\u00ed po\u017eiadavky mikrokontrol\u00e9ra, cenovo dostupn\u00e1 a \u0161irok\u00e1 aplik\u00e1cia.<br \/>\nDod\u00e1va sa s 20M akt\u00edvnym kry\u0161t\u00e1lom, mikrof\u00f3n s vysok\u00fdm ziskom a efektom rozpozn\u00e1vania je ve\u013emi dobr\u00fd.<br \/>\nK\u00fdm zvukov\u00e9 rozhranie vedie, praktick\u00e9 extern\u00e9 mikrof\u00f3nov\u00e9 n\u00e1hlavn\u00e9 s\u00fapravy a \u010fal\u0161ie perif\u00e9rie.<br \/>\nRozhranie pinov 2,54 mm, pohodln\u00e9 a praktick\u00e9. In\u00e9 menej be\u017en\u00e9 rozhranie, 2,54 mm dierkov\u00fd v\u00fdvod.<br \/>\nPr\u00fad v re\u017eime \u00faspory energie: 1uA.<br \/>\nAplik\u00e1cie:<\/p>\n<p>Prev\u00e1dzka spor\u00e1ka \/ mikrovlnnej r\u00fary \/ inteligentn\u00fdch spotrebi\u010dov, naviga\u010dn\u00e9 syst\u00e9my, predajn\u00e9 automaty, MP3 \/ MP4, digit\u00e1lny fotor\u00e1m\u010dek, inteligentn\u00e9 hra\u010dky \/ dial\u00f3gy o hra\u010dk\u00e1ch, PMP \/ hracie automaty.<br \/>\nDia\u013ekov\u00e9 ovl\u00e1danie top boxu \/ telev\u00edzora, reklamn\u00fd automat na l\u00edstky na metro, sprievodca, stavebn\u00e1 telev\u00edzia, syst\u00e9my verejn\u00e9ho osvetlenia \/ zdravotn\u00fd syst\u00e9m \/ inteligentn\u00fd hlasov\u00fd domov.<\/p>\n","protected":false},"excerpt":{"rendered":"<p>Hlasov\u00fd modul MJT Modul rozpozn\u00e1vania re\u010di LD3320 na ovl\u00e1danie ne\u0161pecifick\u00e9ho priameho kol\u00edka \u013eudskej re\u010di Modul rozpozn\u00e1vania re\u010di LD3320 ne\u0161pecifick\u00e1 \u013eudsk\u00e1&hellip;<\/p>\n","protected":false},"featured_media":372,"template":"","meta":{"_monsterinsights_skip_tracking":false,"_monsterinsights_sitenote_active":false,"_monsterinsights_sitenote_note":"","_monsterinsights_sitenote_category":0},"product_cat":[16,23],"product_tag":[],"class_list":{"0":"post-371","1":"product","2":"type-product","3":"status-publish","4":"has-post-thumbnail","6":"product_cat-ard","7":"product_cat-audio-modul","9":"first","10":"instock","11":"shipping-taxable","12":"purchasable","13":"product-type-simple"},"yoast_head":"<!-- This site is optimized with the Yoast SEO plugin v23.6 - https:\/\/yoast.com\/wordpress\/plugins\/seo\/ -->\n<title>MJT voice module LD3320 speech recognition module to control non-specific human speech straight pin - Arduino e-shop<\/title>\n<meta name=\"robots\" content=\"index, follow, max-snippet:-1, max-image-preview:large, max-video-preview:-1\" \/>\n<link rel=\"canonical\" href=\"https:\/\/www.onetimenexttime.sk\/arduino\/index.php\/produkt\/mjt-voice-module-ld3320-speech-recognition-module-to-control-non-specific-human-speech-straight-pin\/\" \/>\n<meta property=\"og:locale\" content=\"sk_SK\" \/>\n<meta property=\"og:type\" content=\"article\" \/>\n<meta property=\"og:title\" content=\"MJT voice module LD3320 speech recognition module to control non-specific human speech straight pin - Arduino e-shop\" \/>\n<meta property=\"og:description\" content=\"Hlasov\u00fd modul MJT Modul rozpozn\u00e1vania re\u010di LD3320 na ovl\u00e1danie ne\u0161pecifick\u00e9ho priameho kol\u00edka \u013eudskej re\u010di Modul rozpozn\u00e1vania re\u010di LD3320 ne\u0161pecifick\u00e1 \u013eudsk\u00e1&hellip;\" \/>\n<meta property=\"og:url\" content=\"https:\/\/www.onetimenexttime.sk\/arduino\/index.php\/produkt\/mjt-voice-module-ld3320-speech-recognition-module-to-control-non-specific-human-speech-straight-pin\/\" \/>\n<meta property=\"og:site_name\" content=\"Arduino e-shop\" \/>\n<meta property=\"article:modified_time\" content=\"2021-10-20T11:13:24+00:00\" \/>\n<meta property=\"og:image\" content=\"https:\/\/www.onetimenexttime.sk\/arduino\/wp-content\/uploads\/2021\/10\/627.jpg\" \/>\n\t<meta property=\"og:image:width\" content=\"523\" \/>\n\t<meta property=\"og:image:height\" content=\"525\" \/>\n\t<meta property=\"og:image:type\" content=\"image\/jpeg\" \/>\n<meta name=\"twitter:card\" content=\"summary_large_image\" \/>\n<meta name=\"twitter:label1\" content=\"Predpokladan\u00fd \u010das \u010d\u00edtania\" \/>\n\t<meta name=\"twitter:data1\" content=\"2 min\u00faty\" \/>\n<script type=\"application\/ld+json\" class=\"yoast-schema-graph\">{\"@context\":\"https:\/\/schema.org\",\"@graph\":[{\"@type\":\"WebPage\",\"@id\":\"https:\/\/www.onetimenexttime.sk\/arduino\/index.php\/produkt\/mjt-voice-module-ld3320-speech-recognition-module-to-control-non-specific-human-speech-straight-pin\/\",\"url\":\"https:\/\/www.onetimenexttime.sk\/arduino\/index.php\/produkt\/mjt-voice-module-ld3320-speech-recognition-module-to-control-non-specific-human-speech-straight-pin\/\",\"name\":\"MJT voice module LD3320 speech recognition module to control non-specific human speech straight pin - Arduino e-shop\",\"isPartOf\":{\"@id\":\"https:\/\/www.onetimenexttime.sk\/arduino\/#website\"},\"primaryImageOfPage\":{\"@id\":\"https:\/\/www.onetimenexttime.sk\/arduino\/index.php\/produkt\/mjt-voice-module-ld3320-speech-recognition-module-to-control-non-specific-human-speech-straight-pin\/#primaryimage\"},\"image\":{\"@id\":\"https:\/\/www.onetimenexttime.sk\/arduino\/index.php\/produkt\/mjt-voice-module-ld3320-speech-recognition-module-to-control-non-specific-human-speech-straight-pin\/#primaryimage\"},\"thumbnailUrl\":\"https:\/\/www.onetimenexttime.sk\/arduino\/wp-content\/uploads\/2021\/10\/627.jpg\",\"datePublished\":\"2021-10-20T11:11:16+00:00\",\"dateModified\":\"2021-10-20T11:13:24+00:00\",\"breadcrumb\":{\"@id\":\"https:\/\/www.onetimenexttime.sk\/arduino\/index.php\/produkt\/mjt-voice-module-ld3320-speech-recognition-module-to-control-non-specific-human-speech-straight-pin\/#breadcrumb\"},\"inLanguage\":\"sk-SK\",\"potentialAction\":[{\"@type\":\"ReadAction\",\"target\":[\"https:\/\/www.onetimenexttime.sk\/arduino\/index.php\/produkt\/mjt-voice-module-ld3320-speech-recognition-module-to-control-non-specific-human-speech-straight-pin\/\"]}]},{\"@type\":\"ImageObject\",\"inLanguage\":\"sk-SK\",\"@id\":\"https:\/\/www.onetimenexttime.sk\/arduino\/index.php\/produkt\/mjt-voice-module-ld3320-speech-recognition-module-to-control-non-specific-human-speech-straight-pin\/#primaryimage\",\"url\":\"https:\/\/www.onetimenexttime.sk\/arduino\/wp-content\/uploads\/2021\/10\/627.jpg\",\"contentUrl\":\"https:\/\/www.onetimenexttime.sk\/arduino\/wp-content\/uploads\/2021\/10\/627.jpg\",\"width\":523,\"height\":525},{\"@type\":\"BreadcrumbList\",\"@id\":\"https:\/\/www.onetimenexttime.sk\/arduino\/index.php\/produkt\/mjt-voice-module-ld3320-speech-recognition-module-to-control-non-specific-human-speech-straight-pin\/#breadcrumb\",\"itemListElement\":[{\"@type\":\"ListItem\",\"position\":1,\"name\":\"Domov\",\"item\":\"https:\/\/www.onetimenexttime.sk\/arduino\/\"},{\"@type\":\"ListItem\",\"position\":2,\"name\":\"Obchod\",\"item\":\"https:\/\/www.onetimenexttime.sk\/arduino\/\"},{\"@type\":\"ListItem\",\"position\":3,\"name\":\"MJT voice module LD3320 speech recognition module to control non-specific human speech straight pin\"}]},{\"@type\":\"WebSite\",\"@id\":\"https:\/\/www.onetimenexttime.sk\/arduino\/#website\",\"url\":\"https:\/\/www.onetimenexttime.sk\/arduino\/\",\"name\":\"Arduino e-shop\",\"description\":\"Home Assistant\",\"potentialAction\":[{\"@type\":\"SearchAction\",\"target\":{\"@type\":\"EntryPoint\",\"urlTemplate\":\"https:\/\/www.onetimenexttime.sk\/arduino\/?s={search_term_string}\"},\"query-input\":{\"@type\":\"PropertyValueSpecification\",\"valueRequired\":true,\"valueName\":\"search_term_string\"}}],\"inLanguage\":\"sk-SK\"}]}<\/script>\n<!-- \/ Yoast SEO plugin. -->","yoast_head_json":{"title":"MJT voice module LD3320 speech recognition module to control non-specific human speech straight pin - Arduino e-shop","robots":{"index":"index","follow":"follow","max-snippet":"max-snippet:-1","max-image-preview":"max-image-preview:large","max-video-preview":"max-video-preview:-1"},"canonical":"https:\/\/www.onetimenexttime.sk\/arduino\/index.php\/produkt\/mjt-voice-module-ld3320-speech-recognition-module-to-control-non-specific-human-speech-straight-pin\/","og_locale":"sk_SK","og_type":"article","og_title":"MJT voice module LD3320 speech recognition module to control non-specific human speech straight pin - Arduino e-shop","og_description":"Hlasov\u00fd modul MJT Modul rozpozn\u00e1vania re\u010di LD3320 na ovl\u00e1danie ne\u0161pecifick\u00e9ho priameho kol\u00edka \u013eudskej re\u010di Modul rozpozn\u00e1vania re\u010di LD3320 ne\u0161pecifick\u00e1 \u013eudsk\u00e1&hellip;","og_url":"https:\/\/www.onetimenexttime.sk\/arduino\/index.php\/produkt\/mjt-voice-module-ld3320-speech-recognition-module-to-control-non-specific-human-speech-straight-pin\/","og_site_name":"Arduino e-shop","article_modified_time":"2021-10-20T11:13:24+00:00","og_image":[{"width":523,"height":525,"url":"https:\/\/www.onetimenexttime.sk\/arduino\/wp-content\/uploads\/2021\/10\/627.jpg","type":"image\/jpeg"}],"twitter_card":"summary_large_image","twitter_misc":{"Predpokladan\u00fd \u010das \u010d\u00edtania":"2 min\u00faty"},"schema":{"@context":"https:\/\/schema.org","@graph":[{"@type":"WebPage","@id":"https:\/\/www.onetimenexttime.sk\/arduino\/index.php\/produkt\/mjt-voice-module-ld3320-speech-recognition-module-to-control-non-specific-human-speech-straight-pin\/","url":"https:\/\/www.onetimenexttime.sk\/arduino\/index.php\/produkt\/mjt-voice-module-ld3320-speech-recognition-module-to-control-non-specific-human-speech-straight-pin\/","name":"MJT voice module LD3320 speech recognition module to control non-specific human speech straight pin - Arduino e-shop","isPartOf":{"@id":"https:\/\/www.onetimenexttime.sk\/arduino\/#website"},"primaryImageOfPage":{"@id":"https:\/\/www.onetimenexttime.sk\/arduino\/index.php\/produkt\/mjt-voice-module-ld3320-speech-recognition-module-to-control-non-specific-human-speech-straight-pin\/#primaryimage"},"image":{"@id":"https:\/\/www.onetimenexttime.sk\/arduino\/index.php\/produkt\/mjt-voice-module-ld3320-speech-recognition-module-to-control-non-specific-human-speech-straight-pin\/#primaryimage"},"thumbnailUrl":"https:\/\/www.onetimenexttime.sk\/arduino\/wp-content\/uploads\/2021\/10\/627.jpg","datePublished":"2021-10-20T11:11:16+00:00","dateModified":"2021-10-20T11:13:24+00:00","breadcrumb":{"@id":"https:\/\/www.onetimenexttime.sk\/arduino\/index.php\/produkt\/mjt-voice-module-ld3320-speech-recognition-module-to-control-non-specific-human-speech-straight-pin\/#breadcrumb"},"inLanguage":"sk-SK","potentialAction":[{"@type":"ReadAction","target":["https:\/\/www.onetimenexttime.sk\/arduino\/index.php\/produkt\/mjt-voice-module-ld3320-speech-recognition-module-to-control-non-specific-human-speech-straight-pin\/"]}]},{"@type":"ImageObject","inLanguage":"sk-SK","@id":"https:\/\/www.onetimenexttime.sk\/arduino\/index.php\/produkt\/mjt-voice-module-ld3320-speech-recognition-module-to-control-non-specific-human-speech-straight-pin\/#primaryimage","url":"https:\/\/www.onetimenexttime.sk\/arduino\/wp-content\/uploads\/2021\/10\/627.jpg","contentUrl":"https:\/\/www.onetimenexttime.sk\/arduino\/wp-content\/uploads\/2021\/10\/627.jpg","width":523,"height":525},{"@type":"BreadcrumbList","@id":"https:\/\/www.onetimenexttime.sk\/arduino\/index.php\/produkt\/mjt-voice-module-ld3320-speech-recognition-module-to-control-non-specific-human-speech-straight-pin\/#breadcrumb","itemListElement":[{"@type":"ListItem","position":1,"name":"Domov","item":"https:\/\/www.onetimenexttime.sk\/arduino\/"},{"@type":"ListItem","position":2,"name":"Obchod","item":"https:\/\/www.onetimenexttime.sk\/arduino\/"},{"@type":"ListItem","position":3,"name":"MJT voice module LD3320 speech recognition module to control non-specific human speech straight pin"}]},{"@type":"WebSite","@id":"https:\/\/www.onetimenexttime.sk\/arduino\/#website","url":"https:\/\/www.onetimenexttime.sk\/arduino\/","name":"Arduino e-shop","description":"Home Assistant","potentialAction":[{"@type":"SearchAction","target":{"@type":"EntryPoint","urlTemplate":"https:\/\/www.onetimenexttime.sk\/arduino\/?s={search_term_string}"},"query-input":{"@type":"PropertyValueSpecification","valueRequired":true,"valueName":"search_term_string"}}],"inLanguage":"sk-SK"}]}},"_links":{"self":[{"href":"https:\/\/www.onetimenexttime.sk\/arduino\/index.php\/wp-json\/wp\/v2\/product\/371"}],"collection":[{"href":"https:\/\/www.onetimenexttime.sk\/arduino\/index.php\/wp-json\/wp\/v2\/product"}],"about":[{"href":"https:\/\/www.onetimenexttime.sk\/arduino\/index.php\/wp-json\/wp\/v2\/types\/product"}],"wp:featuredmedia":[{"embeddable":true,"href":"https:\/\/www.onetimenexttime.sk\/arduino\/index.php\/wp-json\/wp\/v2\/media\/372"}],"wp:attachment":[{"href":"https:\/\/www.onetimenexttime.sk\/arduino\/index.php\/wp-json\/wp\/v2\/media?parent=371"}],"wp:term":[{"taxonomy":"product_cat","embeddable":true,"href":"https:\/\/www.onetimenexttime.sk\/arduino\/index.php\/wp-json\/wp\/v2\/product_cat?post=371"},{"taxonomy":"product_tag","embeddable":true,"href":"https:\/\/www.onetimenexttime.sk\/arduino\/index.php\/wp-json\/wp\/v2\/product_tag?post=371"}],"curies":[{"name":"wp","href":"https:\/\/api.w.org\/{rel}","templated":true}]}}