{"id":369,"date":"2021-10-20T13:06:41","date_gmt":"2021-10-20T11:06:41","guid":{"rendered":"https:\/\/www.onetimenexttime.sk\/arduino\/?post_type=product&#038;p=369"},"modified":"2021-11-16T06:11:03","modified_gmt":"2021-11-16T05:11:03","slug":"lm393-sound-detection-sensor-module-for-arduino-condenser-transducer-sensor-vehicle-kit","status":"publish","type":"product","link":"https:\/\/www.onetimenexttime.sk\/arduino\/index.php\/produkt\/lm393-sound-detection-sensor-module-for-arduino-condenser-transducer-sensor-vehicle-kit\/","title":{"rendered":"LM393 Sound Detection Sensor Module For Arduino   Condenser Transducer Sensor Vehicle Kit"},"content":{"rendered":"<h2>Modul sn\u00edma\u010da detekcie zvuku LM393 pre automobilov\u00fa s\u00fapravu sn\u00edma\u010da prevodn\u00edka kondenz\u00e1tora Arduino<\/h2>\n<p>Hlavn\u00fd \u010dip: LM393, elektretov\u00fd mikrof\u00f3n<\/p>\n<p>Prev\u00e1dzkov\u00e9 nap\u00e4tie: DC 4 ~ 6v<\/p>\n<p>Charakteristika produktu:<br \/>\nS indik\u00e1ciou v\u00fdstupu sign\u00e1lu.<\/p>\n<p>Jednosmern\u00fd v\u00fdstup sign\u00e1lu.<\/p>\n<p>Akt\u00edvny v\u00fdstupn\u00fd sign\u00e1l je n\u00edzky.<\/p>\n<p>Ke\u010f je po\u010du\u0165 zvuk, v\u00fdstup je n\u00edzky a sign\u00e1lne svetlo svieti.<\/p>\n<p>M\u00f4\u017ee by\u0165 pou\u017eit\u00fd v \u017eiarovke na ovl\u00e1danie zvuku, so sveteln\u00fdm senzorom na zvukov\u00fd a sveteln\u00fd alarm, ako aj na ovl\u00e1danie zvuku a pr\u00edle\u017eitosti na detekciu zvuku.<\/p>\n<p>V\u00fdstupn\u00fd sp\u00edna\u010d obvodovej dosky.<\/p>\n","protected":false},"excerpt":{"rendered":"<p>Modul sn\u00edma\u010da detekcie zvuku LM393 pre automobilov\u00fa s\u00fapravu sn\u00edma\u010da prevodn\u00edka kondenz\u00e1tora Arduino Hlavn\u00fd \u010dip: LM393, elektretov\u00fd mikrof\u00f3n Prev\u00e1dzkov\u00e9 nap\u00e4tie: DC&hellip;<\/p>\n","protected":false},"featured_media":370,"template":"","meta":{"_monsterinsights_skip_tracking":false,"_monsterinsights_sitenote_active":false,"_monsterinsights_sitenote_note":"","_monsterinsights_sitenote_category":0},"product_cat":[16,23,69],"product_tag":[],"class_list":{"0":"post-369","1":"product","2":"type-product","3":"status-publish","4":"has-post-thumbnail","6":"product_cat-ard","7":"product_cat-audio-modul","8":"product_cat-sensors","10":"first","11":"instock","12":"shipping-taxable","13":"purchasable","14":"product-type-simple"},"yoast_head":"<!-- This site is optimized with the Yoast SEO plugin v23.6 - https:\/\/yoast.com\/wordpress\/plugins\/seo\/ -->\n<title>LM393 Sound Detection Sensor Module For Arduino  Condenser Transducer Sensor Vehicle Kit - Arduino e-shop<\/title>\n<meta name=\"robots\" content=\"index, follow, max-snippet:-1, max-image-preview:large, max-video-preview:-1\" \/>\n<link rel=\"canonical\" href=\"https:\/\/www.onetimenexttime.sk\/arduino\/index.php\/produkt\/lm393-sound-detection-sensor-module-for-arduino-condenser-transducer-sensor-vehicle-kit\/\" \/>\n<meta property=\"og:locale\" content=\"sk_SK\" \/>\n<meta property=\"og:type\" content=\"article\" \/>\n<meta property=\"og:title\" content=\"LM393 Sound Detection Sensor Module For Arduino  Condenser Transducer Sensor Vehicle Kit - Arduino e-shop\" \/>\n<meta property=\"og:description\" content=\"Modul sn\u00edma\u010da detekcie zvuku LM393 pre automobilov\u00fa s\u00fapravu sn\u00edma\u010da prevodn\u00edka kondenz\u00e1tora Arduino Hlavn\u00fd \u010dip: LM393, elektretov\u00fd mikrof\u00f3n Prev\u00e1dzkov\u00e9 nap\u00e4tie: DC&hellip;\" \/>\n<meta property=\"og:url\" content=\"https:\/\/www.onetimenexttime.sk\/arduino\/index.php\/produkt\/lm393-sound-detection-sensor-module-for-arduino-condenser-transducer-sensor-vehicle-kit\/\" \/>\n<meta property=\"og:site_name\" content=\"Arduino e-shop\" \/>\n<meta property=\"article:modified_time\" content=\"2021-11-16T05:11:03+00:00\" \/>\n<meta property=\"og:image\" content=\"https:\/\/www.onetimenexttime.sk\/arduino\/wp-content\/uploads\/2021\/10\/619.jpg\" \/>\n\t<meta property=\"og:image:width\" content=\"650\" \/>\n\t<meta property=\"og:image:height\" content=\"650\" \/>\n\t<meta property=\"og:image:type\" content=\"image\/jpeg\" \/>\n<meta name=\"twitter:card\" content=\"summary_large_image\" \/>\n<meta name=\"twitter:label1\" content=\"Predpokladan\u00fd \u010das \u010d\u00edtania\" \/>\n\t<meta name=\"twitter:data1\" content=\"1 min\u00fata\" \/>\n<script type=\"application\/ld+json\" class=\"yoast-schema-graph\">{\"@context\":\"https:\/\/schema.org\",\"@graph\":[{\"@type\":\"WebPage\",\"@id\":\"https:\/\/www.onetimenexttime.sk\/arduino\/index.php\/produkt\/lm393-sound-detection-sensor-module-for-arduino-condenser-transducer-sensor-vehicle-kit\/\",\"url\":\"https:\/\/www.onetimenexttime.sk\/arduino\/index.php\/produkt\/lm393-sound-detection-sensor-module-for-arduino-condenser-transducer-sensor-vehicle-kit\/\",\"name\":\"LM393 Sound Detection Sensor Module For Arduino Condenser Transducer Sensor Vehicle Kit - Arduino e-shop\",\"isPartOf\":{\"@id\":\"https:\/\/www.onetimenexttime.sk\/arduino\/#website\"},\"primaryImageOfPage\":{\"@id\":\"https:\/\/www.onetimenexttime.sk\/arduino\/index.php\/produkt\/lm393-sound-detection-sensor-module-for-arduino-condenser-transducer-sensor-vehicle-kit\/#primaryimage\"},\"image\":{\"@id\":\"https:\/\/www.onetimenexttime.sk\/arduino\/index.php\/produkt\/lm393-sound-detection-sensor-module-for-arduino-condenser-transducer-sensor-vehicle-kit\/#primaryimage\"},\"thumbnailUrl\":\"https:\/\/www.onetimenexttime.sk\/arduino\/wp-content\/uploads\/2021\/10\/619.jpg\",\"datePublished\":\"2021-10-20T11:06:41+00:00\",\"dateModified\":\"2021-11-16T05:11:03+00:00\",\"breadcrumb\":{\"@id\":\"https:\/\/www.onetimenexttime.sk\/arduino\/index.php\/produkt\/lm393-sound-detection-sensor-module-for-arduino-condenser-transducer-sensor-vehicle-kit\/#breadcrumb\"},\"inLanguage\":\"sk-SK\",\"potentialAction\":[{\"@type\":\"ReadAction\",\"target\":[\"https:\/\/www.onetimenexttime.sk\/arduino\/index.php\/produkt\/lm393-sound-detection-sensor-module-for-arduino-condenser-transducer-sensor-vehicle-kit\/\"]}]},{\"@type\":\"ImageObject\",\"inLanguage\":\"sk-SK\",\"@id\":\"https:\/\/www.onetimenexttime.sk\/arduino\/index.php\/produkt\/lm393-sound-detection-sensor-module-for-arduino-condenser-transducer-sensor-vehicle-kit\/#primaryimage\",\"url\":\"https:\/\/www.onetimenexttime.sk\/arduino\/wp-content\/uploads\/2021\/10\/619.jpg\",\"contentUrl\":\"https:\/\/www.onetimenexttime.sk\/arduino\/wp-content\/uploads\/2021\/10\/619.jpg\",\"width\":650,\"height\":650},{\"@type\":\"BreadcrumbList\",\"@id\":\"https:\/\/www.onetimenexttime.sk\/arduino\/index.php\/produkt\/lm393-sound-detection-sensor-module-for-arduino-condenser-transducer-sensor-vehicle-kit\/#breadcrumb\",\"itemListElement\":[{\"@type\":\"ListItem\",\"position\":1,\"name\":\"Domov\",\"item\":\"https:\/\/www.onetimenexttime.sk\/arduino\/\"},{\"@type\":\"ListItem\",\"position\":2,\"name\":\"Obchod\",\"item\":\"https:\/\/www.onetimenexttime.sk\/arduino\/\"},{\"@type\":\"ListItem\",\"position\":3,\"name\":\"LM393 Sound Detection Sensor Module For Arduino Condenser Transducer Sensor Vehicle Kit\"}]},{\"@type\":\"WebSite\",\"@id\":\"https:\/\/www.onetimenexttime.sk\/arduino\/#website\",\"url\":\"https:\/\/www.onetimenexttime.sk\/arduino\/\",\"name\":\"Arduino e-shop\",\"description\":\"Home Assistant\",\"potentialAction\":[{\"@type\":\"SearchAction\",\"target\":{\"@type\":\"EntryPoint\",\"urlTemplate\":\"https:\/\/www.onetimenexttime.sk\/arduino\/?s={search_term_string}\"},\"query-input\":{\"@type\":\"PropertyValueSpecification\",\"valueRequired\":true,\"valueName\":\"search_term_string\"}}],\"inLanguage\":\"sk-SK\"}]}<\/script>\n<!-- \/ Yoast SEO plugin. -->","yoast_head_json":{"title":"LM393 Sound Detection Sensor Module For Arduino  Condenser Transducer Sensor Vehicle Kit - Arduino e-shop","robots":{"index":"index","follow":"follow","max-snippet":"max-snippet:-1","max-image-preview":"max-image-preview:large","max-video-preview":"max-video-preview:-1"},"canonical":"https:\/\/www.onetimenexttime.sk\/arduino\/index.php\/produkt\/lm393-sound-detection-sensor-module-for-arduino-condenser-transducer-sensor-vehicle-kit\/","og_locale":"sk_SK","og_type":"article","og_title":"LM393 Sound Detection Sensor Module For Arduino  Condenser Transducer Sensor Vehicle Kit - Arduino e-shop","og_description":"Modul sn\u00edma\u010da detekcie zvuku LM393 pre automobilov\u00fa s\u00fapravu sn\u00edma\u010da prevodn\u00edka kondenz\u00e1tora Arduino Hlavn\u00fd \u010dip: LM393, elektretov\u00fd mikrof\u00f3n Prev\u00e1dzkov\u00e9 nap\u00e4tie: DC&hellip;","og_url":"https:\/\/www.onetimenexttime.sk\/arduino\/index.php\/produkt\/lm393-sound-detection-sensor-module-for-arduino-condenser-transducer-sensor-vehicle-kit\/","og_site_name":"Arduino e-shop","article_modified_time":"2021-11-16T05:11:03+00:00","og_image":[{"width":650,"height":650,"url":"https:\/\/www.onetimenexttime.sk\/arduino\/wp-content\/uploads\/2021\/10\/619.jpg","type":"image\/jpeg"}],"twitter_card":"summary_large_image","twitter_misc":{"Predpokladan\u00fd \u010das \u010d\u00edtania":"1 min\u00fata"},"schema":{"@context":"https:\/\/schema.org","@graph":[{"@type":"WebPage","@id":"https:\/\/www.onetimenexttime.sk\/arduino\/index.php\/produkt\/lm393-sound-detection-sensor-module-for-arduino-condenser-transducer-sensor-vehicle-kit\/","url":"https:\/\/www.onetimenexttime.sk\/arduino\/index.php\/produkt\/lm393-sound-detection-sensor-module-for-arduino-condenser-transducer-sensor-vehicle-kit\/","name":"LM393 Sound Detection Sensor Module For Arduino Condenser Transducer Sensor Vehicle Kit - Arduino e-shop","isPartOf":{"@id":"https:\/\/www.onetimenexttime.sk\/arduino\/#website"},"primaryImageOfPage":{"@id":"https:\/\/www.onetimenexttime.sk\/arduino\/index.php\/produkt\/lm393-sound-detection-sensor-module-for-arduino-condenser-transducer-sensor-vehicle-kit\/#primaryimage"},"image":{"@id":"https:\/\/www.onetimenexttime.sk\/arduino\/index.php\/produkt\/lm393-sound-detection-sensor-module-for-arduino-condenser-transducer-sensor-vehicle-kit\/#primaryimage"},"thumbnailUrl":"https:\/\/www.onetimenexttime.sk\/arduino\/wp-content\/uploads\/2021\/10\/619.jpg","datePublished":"2021-10-20T11:06:41+00:00","dateModified":"2021-11-16T05:11:03+00:00","breadcrumb":{"@id":"https:\/\/www.onetimenexttime.sk\/arduino\/index.php\/produkt\/lm393-sound-detection-sensor-module-for-arduino-condenser-transducer-sensor-vehicle-kit\/#breadcrumb"},"inLanguage":"sk-SK","potentialAction":[{"@type":"ReadAction","target":["https:\/\/www.onetimenexttime.sk\/arduino\/index.php\/produkt\/lm393-sound-detection-sensor-module-for-arduino-condenser-transducer-sensor-vehicle-kit\/"]}]},{"@type":"ImageObject","inLanguage":"sk-SK","@id":"https:\/\/www.onetimenexttime.sk\/arduino\/index.php\/produkt\/lm393-sound-detection-sensor-module-for-arduino-condenser-transducer-sensor-vehicle-kit\/#primaryimage","url":"https:\/\/www.onetimenexttime.sk\/arduino\/wp-content\/uploads\/2021\/10\/619.jpg","contentUrl":"https:\/\/www.onetimenexttime.sk\/arduino\/wp-content\/uploads\/2021\/10\/619.jpg","width":650,"height":650},{"@type":"BreadcrumbList","@id":"https:\/\/www.onetimenexttime.sk\/arduino\/index.php\/produkt\/lm393-sound-detection-sensor-module-for-arduino-condenser-transducer-sensor-vehicle-kit\/#breadcrumb","itemListElement":[{"@type":"ListItem","position":1,"name":"Domov","item":"https:\/\/www.onetimenexttime.sk\/arduino\/"},{"@type":"ListItem","position":2,"name":"Obchod","item":"https:\/\/www.onetimenexttime.sk\/arduino\/"},{"@type":"ListItem","position":3,"name":"LM393 Sound Detection Sensor Module For Arduino Condenser Transducer Sensor Vehicle Kit"}]},{"@type":"WebSite","@id":"https:\/\/www.onetimenexttime.sk\/arduino\/#website","url":"https:\/\/www.onetimenexttime.sk\/arduino\/","name":"Arduino e-shop","description":"Home Assistant","potentialAction":[{"@type":"SearchAction","target":{"@type":"EntryPoint","urlTemplate":"https:\/\/www.onetimenexttime.sk\/arduino\/?s={search_term_string}"},"query-input":{"@type":"PropertyValueSpecification","valueRequired":true,"valueName":"search_term_string"}}],"inLanguage":"sk-SK"}]}},"_links":{"self":[{"href":"https:\/\/www.onetimenexttime.sk\/arduino\/index.php\/wp-json\/wp\/v2\/product\/369"}],"collection":[{"href":"https:\/\/www.onetimenexttime.sk\/arduino\/index.php\/wp-json\/wp\/v2\/product"}],"about":[{"href":"https:\/\/www.onetimenexttime.sk\/arduino\/index.php\/wp-json\/wp\/v2\/types\/product"}],"wp:featuredmedia":[{"embeddable":true,"href":"https:\/\/www.onetimenexttime.sk\/arduino\/index.php\/wp-json\/wp\/v2\/media\/370"}],"wp:attachment":[{"href":"https:\/\/www.onetimenexttime.sk\/arduino\/index.php\/wp-json\/wp\/v2\/media?parent=369"}],"wp:term":[{"taxonomy":"product_cat","embeddable":true,"href":"https:\/\/www.onetimenexttime.sk\/arduino\/index.php\/wp-json\/wp\/v2\/product_cat?post=369"},{"taxonomy":"product_tag","embeddable":true,"href":"https:\/\/www.onetimenexttime.sk\/arduino\/index.php\/wp-json\/wp\/v2\/product_tag?post=369"}],"curies":[{"name":"wp","href":"https:\/\/api.w.org\/{rel}","templated":true}]}}