{"id":363,"date":"2021-10-20T12:56:45","date_gmt":"2021-10-20T10:56:45","guid":{"rendered":"https:\/\/www.onetimenexttime.sk\/arduino\/?post_type=product&#038;p=363"},"modified":"2021-11-16T06:11:03","modified_gmt":"2021-11-16T05:11:03","slug":"acoustic-sound-detection-sensor-module-especially-for-smart-car-arduino","status":"publish","type":"product","link":"https:\/\/www.onetimenexttime.sk\/arduino\/index.php\/produkt\/acoustic-sound-detection-sensor-module-especially-for-smart-car-arduino\/","title":{"rendered":"Acoustic Sound Detection Sensor Module Especially For Smart Car Arduino"},"content":{"rendered":"<h2>Modul senzora detekcie akustick\u00e9ho zvuku \u0161peci\u00e1lne pre inteligentn\u00e9 aut\u00e1 Arduino<\/h2>\n<p>Popis:<br \/>\nTento modul senzora detekcie zvuku je mo\u017en\u00e9 pou\u017ei\u0165 pre akustick\u00e9 kontroln\u00e9 svetlo, zvukov\u00e9 a sveteln\u00e9 alarmy pracuj\u00face s fotosenzit\u00edvnym senzorom a ovl\u00e1danie zvuku, detekciu zvuku<br \/>\nKe\u010f je zvuk, reprodukuje n\u00edzku \u00farove\u0148 a sign\u00e1lne svetlo<br \/>\nPo\u010det sp\u00edna\u010dov v\u00fdstupu plo\u0161n\u00fdch spojov<br \/>\nV\u00fdstupn\u00fd efekt\u00edvny sign\u00e1l je na n\u00edzkej \u00farovni<br \/>\nJednokan\u00e1lov\u00fd v\u00fdstup sign\u00e1lu<br \/>\nIndik\u00e1cia v\u00fdstupu sign\u00e1lu<br \/>\nHlavn\u00fd \u010dip: LM393, elektretov\u00fd kondenz\u00e1torov\u00fd mikrof\u00f3n<br \/>\nPracovn\u00e9 nap\u00e4tie: DC 4-6V<br \/>\nVe\u013ekos\u0165: 32 mm x 17 mm x 15 mm (d\u013a\u017eka*\u0161\u00edrka*v\u00fd\u0161ka)<\/p>\n<p>&nbsp;<\/p>\n","protected":false},"excerpt":{"rendered":"<p>Modul senzora detekcie akustick\u00e9ho zvuku \u0161peci\u00e1lne pre inteligentn\u00e9 aut\u00e1 Arduino Popis: Tento modul senzora detekcie zvuku je mo\u017en\u00e9 pou\u017ei\u0165 pre&hellip;<\/p>\n","protected":false},"featured_media":364,"template":"","meta":{"_monsterinsights_skip_tracking":false,"_monsterinsights_sitenote_active":false,"_monsterinsights_sitenote_note":"","_monsterinsights_sitenote_category":0},"product_cat":[16,23,69],"product_tag":[],"class_list":{"0":"post-363","1":"product","2":"type-product","3":"status-publish","4":"has-post-thumbnail","6":"product_cat-ard","7":"product_cat-audio-modul","8":"product_cat-sensors","10":"first","11":"instock","12":"shipping-taxable","13":"purchasable","14":"product-type-simple"},"yoast_head":"<!-- This site is optimized with the Yoast SEO plugin v23.6 - https:\/\/yoast.com\/wordpress\/plugins\/seo\/ -->\n<title>Acoustic Sound Detection Sensor Module Especially For Smart Car Arduino - Arduino e-shop<\/title>\n<meta name=\"robots\" content=\"index, follow, max-snippet:-1, max-image-preview:large, max-video-preview:-1\" \/>\n<link rel=\"canonical\" href=\"https:\/\/www.onetimenexttime.sk\/arduino\/index.php\/produkt\/acoustic-sound-detection-sensor-module-especially-for-smart-car-arduino\/\" \/>\n<meta property=\"og:locale\" content=\"sk_SK\" \/>\n<meta property=\"og:type\" content=\"article\" \/>\n<meta property=\"og:title\" content=\"Acoustic Sound Detection Sensor Module Especially For Smart Car Arduino - Arduino e-shop\" \/>\n<meta property=\"og:description\" content=\"Modul senzora detekcie akustick\u00e9ho zvuku \u0161peci\u00e1lne pre inteligentn\u00e9 aut\u00e1 Arduino Popis: Tento modul senzora detekcie zvuku je mo\u017en\u00e9 pou\u017ei\u0165 pre&hellip;\" \/>\n<meta property=\"og:url\" content=\"https:\/\/www.onetimenexttime.sk\/arduino\/index.php\/produkt\/acoustic-sound-detection-sensor-module-especially-for-smart-car-arduino\/\" \/>\n<meta property=\"og:site_name\" content=\"Arduino e-shop\" \/>\n<meta property=\"article:modified_time\" content=\"2021-11-16T05:11:03+00:00\" \/>\n<meta property=\"og:image\" content=\"https:\/\/www.onetimenexttime.sk\/arduino\/wp-content\/uploads\/2021\/10\/617.jpg\" \/>\n\t<meta property=\"og:image:width\" content=\"523\" \/>\n\t<meta property=\"og:image:height\" content=\"525\" \/>\n\t<meta property=\"og:image:type\" content=\"image\/jpeg\" \/>\n<meta name=\"twitter:card\" content=\"summary_large_image\" \/>\n<meta name=\"twitter:label1\" content=\"Predpokladan\u00fd \u010das \u010d\u00edtania\" \/>\n\t<meta name=\"twitter:data1\" content=\"1 min\u00fata\" \/>\n<script type=\"application\/ld+json\" class=\"yoast-schema-graph\">{\"@context\":\"https:\/\/schema.org\",\"@graph\":[{\"@type\":\"WebPage\",\"@id\":\"https:\/\/www.onetimenexttime.sk\/arduino\/index.php\/produkt\/acoustic-sound-detection-sensor-module-especially-for-smart-car-arduino\/\",\"url\":\"https:\/\/www.onetimenexttime.sk\/arduino\/index.php\/produkt\/acoustic-sound-detection-sensor-module-especially-for-smart-car-arduino\/\",\"name\":\"Acoustic Sound Detection Sensor Module Especially For Smart Car Arduino - Arduino e-shop\",\"isPartOf\":{\"@id\":\"https:\/\/www.onetimenexttime.sk\/arduino\/#website\"},\"primaryImageOfPage\":{\"@id\":\"https:\/\/www.onetimenexttime.sk\/arduino\/index.php\/produkt\/acoustic-sound-detection-sensor-module-especially-for-smart-car-arduino\/#primaryimage\"},\"image\":{\"@id\":\"https:\/\/www.onetimenexttime.sk\/arduino\/index.php\/produkt\/acoustic-sound-detection-sensor-module-especially-for-smart-car-arduino\/#primaryimage\"},\"thumbnailUrl\":\"https:\/\/www.onetimenexttime.sk\/arduino\/wp-content\/uploads\/2021\/10\/617.jpg\",\"datePublished\":\"2021-10-20T10:56:45+00:00\",\"dateModified\":\"2021-11-16T05:11:03+00:00\",\"breadcrumb\":{\"@id\":\"https:\/\/www.onetimenexttime.sk\/arduino\/index.php\/produkt\/acoustic-sound-detection-sensor-module-especially-for-smart-car-arduino\/#breadcrumb\"},\"inLanguage\":\"sk-SK\",\"potentialAction\":[{\"@type\":\"ReadAction\",\"target\":[\"https:\/\/www.onetimenexttime.sk\/arduino\/index.php\/produkt\/acoustic-sound-detection-sensor-module-especially-for-smart-car-arduino\/\"]}]},{\"@type\":\"ImageObject\",\"inLanguage\":\"sk-SK\",\"@id\":\"https:\/\/www.onetimenexttime.sk\/arduino\/index.php\/produkt\/acoustic-sound-detection-sensor-module-especially-for-smart-car-arduino\/#primaryimage\",\"url\":\"https:\/\/www.onetimenexttime.sk\/arduino\/wp-content\/uploads\/2021\/10\/617.jpg\",\"contentUrl\":\"https:\/\/www.onetimenexttime.sk\/arduino\/wp-content\/uploads\/2021\/10\/617.jpg\",\"width\":523,\"height\":525},{\"@type\":\"BreadcrumbList\",\"@id\":\"https:\/\/www.onetimenexttime.sk\/arduino\/index.php\/produkt\/acoustic-sound-detection-sensor-module-especially-for-smart-car-arduino\/#breadcrumb\",\"itemListElement\":[{\"@type\":\"ListItem\",\"position\":1,\"name\":\"Domov\",\"item\":\"https:\/\/www.onetimenexttime.sk\/arduino\/\"},{\"@type\":\"ListItem\",\"position\":2,\"name\":\"Obchod\",\"item\":\"https:\/\/www.onetimenexttime.sk\/arduino\/\"},{\"@type\":\"ListItem\",\"position\":3,\"name\":\"Acoustic Sound Detection Sensor Module Especially For Smart Car Arduino\"}]},{\"@type\":\"WebSite\",\"@id\":\"https:\/\/www.onetimenexttime.sk\/arduino\/#website\",\"url\":\"https:\/\/www.onetimenexttime.sk\/arduino\/\",\"name\":\"Arduino e-shop\",\"description\":\"Home Assistant\",\"potentialAction\":[{\"@type\":\"SearchAction\",\"target\":{\"@type\":\"EntryPoint\",\"urlTemplate\":\"https:\/\/www.onetimenexttime.sk\/arduino\/?s={search_term_string}\"},\"query-input\":{\"@type\":\"PropertyValueSpecification\",\"valueRequired\":true,\"valueName\":\"search_term_string\"}}],\"inLanguage\":\"sk-SK\"}]}<\/script>\n<!-- \/ Yoast SEO plugin. -->","yoast_head_json":{"title":"Acoustic Sound Detection Sensor Module Especially For Smart Car Arduino - Arduino e-shop","robots":{"index":"index","follow":"follow","max-snippet":"max-snippet:-1","max-image-preview":"max-image-preview:large","max-video-preview":"max-video-preview:-1"},"canonical":"https:\/\/www.onetimenexttime.sk\/arduino\/index.php\/produkt\/acoustic-sound-detection-sensor-module-especially-for-smart-car-arduino\/","og_locale":"sk_SK","og_type":"article","og_title":"Acoustic Sound Detection Sensor Module Especially For Smart Car Arduino - Arduino e-shop","og_description":"Modul senzora detekcie akustick\u00e9ho zvuku \u0161peci\u00e1lne pre inteligentn\u00e9 aut\u00e1 Arduino Popis: Tento modul senzora detekcie zvuku je mo\u017en\u00e9 pou\u017ei\u0165 pre&hellip;","og_url":"https:\/\/www.onetimenexttime.sk\/arduino\/index.php\/produkt\/acoustic-sound-detection-sensor-module-especially-for-smart-car-arduino\/","og_site_name":"Arduino e-shop","article_modified_time":"2021-11-16T05:11:03+00:00","og_image":[{"width":523,"height":525,"url":"https:\/\/www.onetimenexttime.sk\/arduino\/wp-content\/uploads\/2021\/10\/617.jpg","type":"image\/jpeg"}],"twitter_card":"summary_large_image","twitter_misc":{"Predpokladan\u00fd \u010das \u010d\u00edtania":"1 min\u00fata"},"schema":{"@context":"https:\/\/schema.org","@graph":[{"@type":"WebPage","@id":"https:\/\/www.onetimenexttime.sk\/arduino\/index.php\/produkt\/acoustic-sound-detection-sensor-module-especially-for-smart-car-arduino\/","url":"https:\/\/www.onetimenexttime.sk\/arduino\/index.php\/produkt\/acoustic-sound-detection-sensor-module-especially-for-smart-car-arduino\/","name":"Acoustic Sound Detection Sensor Module Especially For Smart Car Arduino - Arduino e-shop","isPartOf":{"@id":"https:\/\/www.onetimenexttime.sk\/arduino\/#website"},"primaryImageOfPage":{"@id":"https:\/\/www.onetimenexttime.sk\/arduino\/index.php\/produkt\/acoustic-sound-detection-sensor-module-especially-for-smart-car-arduino\/#primaryimage"},"image":{"@id":"https:\/\/www.onetimenexttime.sk\/arduino\/index.php\/produkt\/acoustic-sound-detection-sensor-module-especially-for-smart-car-arduino\/#primaryimage"},"thumbnailUrl":"https:\/\/www.onetimenexttime.sk\/arduino\/wp-content\/uploads\/2021\/10\/617.jpg","datePublished":"2021-10-20T10:56:45+00:00","dateModified":"2021-11-16T05:11:03+00:00","breadcrumb":{"@id":"https:\/\/www.onetimenexttime.sk\/arduino\/index.php\/produkt\/acoustic-sound-detection-sensor-module-especially-for-smart-car-arduino\/#breadcrumb"},"inLanguage":"sk-SK","potentialAction":[{"@type":"ReadAction","target":["https:\/\/www.onetimenexttime.sk\/arduino\/index.php\/produkt\/acoustic-sound-detection-sensor-module-especially-for-smart-car-arduino\/"]}]},{"@type":"ImageObject","inLanguage":"sk-SK","@id":"https:\/\/www.onetimenexttime.sk\/arduino\/index.php\/produkt\/acoustic-sound-detection-sensor-module-especially-for-smart-car-arduino\/#primaryimage","url":"https:\/\/www.onetimenexttime.sk\/arduino\/wp-content\/uploads\/2021\/10\/617.jpg","contentUrl":"https:\/\/www.onetimenexttime.sk\/arduino\/wp-content\/uploads\/2021\/10\/617.jpg","width":523,"height":525},{"@type":"BreadcrumbList","@id":"https:\/\/www.onetimenexttime.sk\/arduino\/index.php\/produkt\/acoustic-sound-detection-sensor-module-especially-for-smart-car-arduino\/#breadcrumb","itemListElement":[{"@type":"ListItem","position":1,"name":"Domov","item":"https:\/\/www.onetimenexttime.sk\/arduino\/"},{"@type":"ListItem","position":2,"name":"Obchod","item":"https:\/\/www.onetimenexttime.sk\/arduino\/"},{"@type":"ListItem","position":3,"name":"Acoustic Sound Detection Sensor Module Especially For Smart Car Arduino"}]},{"@type":"WebSite","@id":"https:\/\/www.onetimenexttime.sk\/arduino\/#website","url":"https:\/\/www.onetimenexttime.sk\/arduino\/","name":"Arduino e-shop","description":"Home Assistant","potentialAction":[{"@type":"SearchAction","target":{"@type":"EntryPoint","urlTemplate":"https:\/\/www.onetimenexttime.sk\/arduino\/?s={search_term_string}"},"query-input":{"@type":"PropertyValueSpecification","valueRequired":true,"valueName":"search_term_string"}}],"inLanguage":"sk-SK"}]}},"_links":{"self":[{"href":"https:\/\/www.onetimenexttime.sk\/arduino\/index.php\/wp-json\/wp\/v2\/product\/363"}],"collection":[{"href":"https:\/\/www.onetimenexttime.sk\/arduino\/index.php\/wp-json\/wp\/v2\/product"}],"about":[{"href":"https:\/\/www.onetimenexttime.sk\/arduino\/index.php\/wp-json\/wp\/v2\/types\/product"}],"wp:featuredmedia":[{"embeddable":true,"href":"https:\/\/www.onetimenexttime.sk\/arduino\/index.php\/wp-json\/wp\/v2\/media\/364"}],"wp:attachment":[{"href":"https:\/\/www.onetimenexttime.sk\/arduino\/index.php\/wp-json\/wp\/v2\/media?parent=363"}],"wp:term":[{"taxonomy":"product_cat","embeddable":true,"href":"https:\/\/www.onetimenexttime.sk\/arduino\/index.php\/wp-json\/wp\/v2\/product_cat?post=363"},{"taxonomy":"product_tag","embeddable":true,"href":"https:\/\/www.onetimenexttime.sk\/arduino\/index.php\/wp-json\/wp\/v2\/product_tag?post=363"}],"curies":[{"name":"wp","href":"https:\/\/api.w.org\/{rel}","templated":true}]}}