{"id":361,"date":"2021-10-20T12:53:40","date_gmt":"2021-10-20T10:53:40","guid":{"rendered":"https:\/\/www.onetimenexttime.sk\/arduino\/?post_type=product&#038;p=361"},"modified":"2021-10-20T12:56:26","modified_gmt":"2021-10-20T10:56:26","slug":"wtv020-sd-20ss-sd-card-u-disk-audio-player-voice-module-mp3-voice-module","status":"publish","type":"product","link":"https:\/\/www.onetimenexttime.sk\/arduino\/index.php\/produkt\/wtv020-sd-20ss-sd-card-u-disk-audio-player-voice-module-mp3-voice-module\/","title":{"rendered":"WTV020-SD-20SS SD Card U Disk Audio Player Voice Module MP3 Voice Module"},"content":{"rendered":"<h2>WTV020-SD-20SS Karta SD U Disk Audio prehr\u00e1va\u010d Hlasov\u00fd modul Hlasov\u00fd modul MP3<\/h2>\n<p>Bez SD karty<\/p>\n<p>1. Vlastnosti<br \/>\nZ\u00e1suvka na podporu produktu SD karta s maxim\u00e1lnou kapacitou 1G;<br \/>\nPodporuje prehr\u00e1vanie s\u00faborov vo form\u00e1te 4Bit ADPCM;<br \/>\nPreto\u017ee Mai rozpozn\u00e1va hlasov\u00e9 s\u00fabory;<br \/>\nNab\u00edjate\u013en\u00fd zvuk 6KHz ~ 32KHz, 36KHz so vzorkovacou frekvenciou AD4;<br \/>\nNa\u010d\u00edtate\u013en\u00e1 vzorkovacia frekvencia 6KHz ~ 16KHz WAV audio;<br \/>\n16bitov\u00fd zvukov\u00fd v\u00fdstup DAC a PWM;<br \/>\nM\u00f4\u017ee ulo\u017ei\u0165 a\u017e 512 hlasov\u00fdch segmentov;<br \/>\nWTV020-SD-20S, WTV020-SD-16P dva druhy typov modulov;<br \/>\nPodpora mikroprocesora a ovl\u00e1dania kl\u00e1vesom Kuo;<br \/>\nM\u00f4\u017eete nazva\u0165 odsek je ur\u010den\u00fd na hlasovanie hr\u00e1\u010da v rade Zhong Yao;<br \/>\nFunkcia vypnutia na ulo\u017eenie prev\u00e1dzkov\u00fdch \u00fadajov;<br \/>\n\u017diadny softv\u00e9r na na\u010d\u00edtanie a pomocn\u00fd zl\u00fd hlas, je mo\u017en\u00e9 umiestni\u0165 hlas priamo na kartu SD;<br \/>\nKombin\u00e1cia dokumentov na podporu prehr\u00e1vania vr\u00e1tane kombin\u00e1cie vypnutia zvuku Qian;<br \/>\nPrev\u00e1dzkov\u00e9 nap\u00e4tie: DC2,5 ~ 3,6V;<br \/>\nPokojov\u00fd pr\u00fad: 16uA (nie je vlo\u017een\u00e1 karta SD)<\/p>\n<p>2. Preh\u013ead produktu<br \/>\nModul WTV020-SD je prepisovate\u013en\u00fd hlasov\u00fd obsah ve\u013ekokapacitn\u00e9ho \u00falo\u017en\u00e9ho typu, hlasov\u00fd modul m\u00f4\u017ee pripoji\u0165 maxim\u00e1lnu kapacitu 1 GB pam\u00e4te SD karty. M\u00f4\u017ee na\u010d\u00edta\u0165 hlasov\u00fd a hlasov\u00fd form\u00e1t AD4 vo form\u00e1te WAV. Modul WTV020-SD Hlasov\u00fd \u010dip WTV020SD-20S pre hlavn\u00e9 jadro, s re\u017eimom ovl\u00e1dania MP3, jedn\u00fdm re\u017eimom ovl\u00e1dania Kuo (hlasov\u00fd segment 3 re\u010di s piatimi dvoma druhmi), re\u017eimom ovl\u00e1dania nap\u00e1jacej slu\u010dky a re\u017eimom s\u00e9riov\u00e9ho ovl\u00e1dania druhej rady . Riadiaci re\u017eim v s\u00faprave prepar\u00e1tov vzorky \u010dipov po\u010das prev\u00e1dzky je mo\u017en\u00e9 prepn\u00fa\u0165 do riadiacej div\u00edzie, ktor\u00fa som vykonal, r\u00f4znymi re\u017eimami riadenia, ako napr\u00edklad potrebou pou\u017ei\u0165 ak\u00fd model\u00ednov\u00fd ovl\u00e1dac\u00ed prvok. Re\u017eim ovl\u00e1dania MP3: prehr\u00e1vanie \/ zastavenie, nasleduj\u00faca skladba, predch\u00e1dzaj\u00faca skladba, hlasitos\u0165 +, hlasitos\u0165 &#8211; a \u010fal\u0161ie funkcie. Re\u017eim ovl\u00e1dania jedn\u00fdm tla\u010didlom (3 hlasy): kl\u00e1ves zodpovedaj\u00faci Kuo spust\u00ed hlas, hr\u00e1 3-p\u00e1smov\u00fdm hlasom a uprav\u00ed od\u010d\u00edtanie hlasitosti Funk\u010dn\u00e9 kl\u00e1vesy s\u00fa tich\u00e9 nekrol\u00f3gy, opakovane pou\u017eite\u013en\u00fd sp\u00fa\u0161\u0165ac\u00ed impulz Guang Ji. Re\u017eim ovl\u00e1dania jedn\u00fdm tla\u010didlom (5-p\u00e1smov\u00fd hlas): m\u00e1 tri sp\u00f4soby ovl\u00e1dania, v\u0161etky kl\u00e1vesy s\u00fa Kuo, sp\u00fa\u0161\u0165ac\u00ed impulz sa m\u00f4\u017ee opakova\u0165; , v\u0161etky kl\u00e1vesy s\u00fa sp\u00fa\u0161\u0165acie \/ zastavovacie zariadenie Kuo (cyklus Ji singles); , V\u0161etky kl\u00e1vesy s\u00fa na prehr\u00e1vanie \/ zastavenie Kuo (nezadan\u00e9 je mo\u017en\u00e9 recyklova\u0165). Re\u017eim ovl\u00e1dania slu\u010dky: Po zapnut\u00ed Ji Honeed aktivuje I \/ O port, priame prehr\u00e1vanie v\u0161etk\u00fdch hlasov v pam\u00e4ti SD karty vo vn\u00fatornom bode m\u00e1 funkciu nap\u00e1jania a prehr\u00e1vania pam\u00e4te, ke\u010f sa vypne a potom zapne, preto\u017ee Mai pokra\u010duje v hran\u00ed. hlas pri poslednom v\u00fdpadku nap\u00e1jania. M\u00e1 dva re\u017eimy ovl\u00e1dania,, P04 m\u00e1 funkciu pulzn\u00e9ho prehr\u00e1vania \/ pozastavenia; , P05 m\u00e1 funkciu \u00farovne prehr\u00e1vania \/ pozastavenia. Dvojvodi\u010dov\u00fd re\u017eim s\u00e9riov\u00e9ho ovl\u00e1dania: Pren\u00e1\u0161ajte d\u00e1tov\u00e9 moduly WTV020-SD riaden\u00e9 mikrokontrol\u00e9rom prostredn\u00edctvom pretaktovac\u00edch d\u00e1tov\u00fdch liniek CLK a DI. M\u00f4\u017ee \u013eahko hra\u0165 hlasov\u00fa adresu. V tomto stave hlasov\u00e1 kombina\u010dn\u00e1 hra. Aktualiz\u00e1cie hlasov\u00e9ho obsahu prostredn\u00edctvom v\u00fdmeny \u010d\u00edta\u010dky kariet SD priamo vo va\u0161om po\u010d\u00edta\u010di. Modul podporuje s\u00faborov\u00fd syst\u00e9m FAT. Podpora 6KHz ~ 32KHz, vzorkovacia frekvencia hlasu AD4 36KHz a vzorkovacia frekvencia 6KHz ~ 16KHz WAV audio, rozpozn\u00e1vanie hlasu m\u00f4\u017ee by\u0165 samo-Mai vzorkovacia frekvencia a form\u00e1ty zvukov\u00fdch s\u00faborov.<\/p>\n","protected":false},"excerpt":{"rendered":"<p>WTV020-SD-20SS Karta SD U Disk Audio prehr\u00e1va\u010d Hlasov\u00fd modul Hlasov\u00fd modul MP3 Bez SD karty 1. Vlastnosti Z\u00e1suvka na podporu&hellip;<\/p>\n","protected":false},"featured_media":362,"template":"","meta":{"_monsterinsights_skip_tracking":false,"_monsterinsights_sitenote_active":false,"_monsterinsights_sitenote_note":"","_monsterinsights_sitenote_category":0},"product_cat":[16,23],"product_tag":[],"class_list":{"0":"post-361","1":"product","2":"type-product","3":"status-publish","4":"has-post-thumbnail","6":"product_cat-ard","7":"product_cat-audio-modul","9":"first","10":"instock","11":"shipping-taxable","12":"purchasable","13":"product-type-simple"},"yoast_head":"<!-- This site is optimized with the Yoast SEO plugin v23.6 - https:\/\/yoast.com\/wordpress\/plugins\/seo\/ -->\n<title>WTV020-SD-20SS SD Card U Disk Audio Player Voice Module MP3 Voice Module - Arduino e-shop<\/title>\n<meta name=\"robots\" content=\"index, follow, max-snippet:-1, max-image-preview:large, max-video-preview:-1\" \/>\n<link rel=\"canonical\" href=\"https:\/\/www.onetimenexttime.sk\/arduino\/index.php\/produkt\/wtv020-sd-20ss-sd-card-u-disk-audio-player-voice-module-mp3-voice-module\/\" \/>\n<meta property=\"og:locale\" content=\"sk_SK\" \/>\n<meta property=\"og:type\" content=\"article\" \/>\n<meta property=\"og:title\" content=\"WTV020-SD-20SS SD Card U Disk Audio Player Voice Module MP3 Voice Module - Arduino e-shop\" \/>\n<meta property=\"og:description\" content=\"WTV020-SD-20SS Karta SD U Disk Audio prehr\u00e1va\u010d Hlasov\u00fd modul Hlasov\u00fd modul MP3 Bez SD karty 1. Vlastnosti Z\u00e1suvka na podporu&hellip;\" \/>\n<meta property=\"og:url\" content=\"https:\/\/www.onetimenexttime.sk\/arduino\/index.php\/produkt\/wtv020-sd-20ss-sd-card-u-disk-audio-player-voice-module-mp3-voice-module\/\" \/>\n<meta property=\"og:site_name\" content=\"Arduino e-shop\" \/>\n<meta property=\"article:modified_time\" content=\"2021-10-20T10:56:26+00:00\" \/>\n<meta property=\"og:image\" content=\"https:\/\/www.onetimenexttime.sk\/arduino\/wp-content\/uploads\/2021\/10\/626.jpg\" \/>\n\t<meta property=\"og:image:width\" content=\"225\" \/>\n\t<meta property=\"og:image:height\" content=\"225\" \/>\n\t<meta property=\"og:image:type\" content=\"image\/jpeg\" \/>\n<meta name=\"twitter:card\" content=\"summary_large_image\" \/>\n<meta name=\"twitter:label1\" content=\"Predpokladan\u00fd \u010das \u010d\u00edtania\" \/>\n\t<meta name=\"twitter:data1\" content=\"2 min\u00faty\" \/>\n<script type=\"application\/ld+json\" class=\"yoast-schema-graph\">{\"@context\":\"https:\/\/schema.org\",\"@graph\":[{\"@type\":\"WebPage\",\"@id\":\"https:\/\/www.onetimenexttime.sk\/arduino\/index.php\/produkt\/wtv020-sd-20ss-sd-card-u-disk-audio-player-voice-module-mp3-voice-module\/\",\"url\":\"https:\/\/www.onetimenexttime.sk\/arduino\/index.php\/produkt\/wtv020-sd-20ss-sd-card-u-disk-audio-player-voice-module-mp3-voice-module\/\",\"name\":\"WTV020-SD-20SS SD Card U Disk Audio Player Voice Module MP3 Voice Module - Arduino e-shop\",\"isPartOf\":{\"@id\":\"https:\/\/www.onetimenexttime.sk\/arduino\/#website\"},\"primaryImageOfPage\":{\"@id\":\"https:\/\/www.onetimenexttime.sk\/arduino\/index.php\/produkt\/wtv020-sd-20ss-sd-card-u-disk-audio-player-voice-module-mp3-voice-module\/#primaryimage\"},\"image\":{\"@id\":\"https:\/\/www.onetimenexttime.sk\/arduino\/index.php\/produkt\/wtv020-sd-20ss-sd-card-u-disk-audio-player-voice-module-mp3-voice-module\/#primaryimage\"},\"thumbnailUrl\":\"https:\/\/www.onetimenexttime.sk\/arduino\/wp-content\/uploads\/2021\/10\/626.jpg\",\"datePublished\":\"2021-10-20T10:53:40+00:00\",\"dateModified\":\"2021-10-20T10:56:26+00:00\",\"breadcrumb\":{\"@id\":\"https:\/\/www.onetimenexttime.sk\/arduino\/index.php\/produkt\/wtv020-sd-20ss-sd-card-u-disk-audio-player-voice-module-mp3-voice-module\/#breadcrumb\"},\"inLanguage\":\"sk-SK\",\"potentialAction\":[{\"@type\":\"ReadAction\",\"target\":[\"https:\/\/www.onetimenexttime.sk\/arduino\/index.php\/produkt\/wtv020-sd-20ss-sd-card-u-disk-audio-player-voice-module-mp3-voice-module\/\"]}]},{\"@type\":\"ImageObject\",\"inLanguage\":\"sk-SK\",\"@id\":\"https:\/\/www.onetimenexttime.sk\/arduino\/index.php\/produkt\/wtv020-sd-20ss-sd-card-u-disk-audio-player-voice-module-mp3-voice-module\/#primaryimage\",\"url\":\"https:\/\/www.onetimenexttime.sk\/arduino\/wp-content\/uploads\/2021\/10\/626.jpg\",\"contentUrl\":\"https:\/\/www.onetimenexttime.sk\/arduino\/wp-content\/uploads\/2021\/10\/626.jpg\",\"width\":225,\"height\":225},{\"@type\":\"BreadcrumbList\",\"@id\":\"https:\/\/www.onetimenexttime.sk\/arduino\/index.php\/produkt\/wtv020-sd-20ss-sd-card-u-disk-audio-player-voice-module-mp3-voice-module\/#breadcrumb\",\"itemListElement\":[{\"@type\":\"ListItem\",\"position\":1,\"name\":\"Domov\",\"item\":\"https:\/\/www.onetimenexttime.sk\/arduino\/\"},{\"@type\":\"ListItem\",\"position\":2,\"name\":\"Obchod\",\"item\":\"https:\/\/www.onetimenexttime.sk\/arduino\/\"},{\"@type\":\"ListItem\",\"position\":3,\"name\":\"WTV020-SD-20SS SD Card U Disk Audio Player Voice Module MP3 Voice Module\"}]},{\"@type\":\"WebSite\",\"@id\":\"https:\/\/www.onetimenexttime.sk\/arduino\/#website\",\"url\":\"https:\/\/www.onetimenexttime.sk\/arduino\/\",\"name\":\"Arduino e-shop\",\"description\":\"Home Assistant\",\"potentialAction\":[{\"@type\":\"SearchAction\",\"target\":{\"@type\":\"EntryPoint\",\"urlTemplate\":\"https:\/\/www.onetimenexttime.sk\/arduino\/?s={search_term_string}\"},\"query-input\":{\"@type\":\"PropertyValueSpecification\",\"valueRequired\":true,\"valueName\":\"search_term_string\"}}],\"inLanguage\":\"sk-SK\"}]}<\/script>\n<!-- \/ Yoast SEO plugin. -->","yoast_head_json":{"title":"WTV020-SD-20SS SD Card U Disk Audio Player Voice Module MP3 Voice Module - Arduino e-shop","robots":{"index":"index","follow":"follow","max-snippet":"max-snippet:-1","max-image-preview":"max-image-preview:large","max-video-preview":"max-video-preview:-1"},"canonical":"https:\/\/www.onetimenexttime.sk\/arduino\/index.php\/produkt\/wtv020-sd-20ss-sd-card-u-disk-audio-player-voice-module-mp3-voice-module\/","og_locale":"sk_SK","og_type":"article","og_title":"WTV020-SD-20SS SD Card U Disk Audio Player Voice Module MP3 Voice Module - Arduino e-shop","og_description":"WTV020-SD-20SS Karta SD U Disk Audio prehr\u00e1va\u010d Hlasov\u00fd modul Hlasov\u00fd modul MP3 Bez SD karty 1. Vlastnosti Z\u00e1suvka na podporu&hellip;","og_url":"https:\/\/www.onetimenexttime.sk\/arduino\/index.php\/produkt\/wtv020-sd-20ss-sd-card-u-disk-audio-player-voice-module-mp3-voice-module\/","og_site_name":"Arduino e-shop","article_modified_time":"2021-10-20T10:56:26+00:00","og_image":[{"width":225,"height":225,"url":"https:\/\/www.onetimenexttime.sk\/arduino\/wp-content\/uploads\/2021\/10\/626.jpg","type":"image\/jpeg"}],"twitter_card":"summary_large_image","twitter_misc":{"Predpokladan\u00fd \u010das \u010d\u00edtania":"2 min\u00faty"},"schema":{"@context":"https:\/\/schema.org","@graph":[{"@type":"WebPage","@id":"https:\/\/www.onetimenexttime.sk\/arduino\/index.php\/produkt\/wtv020-sd-20ss-sd-card-u-disk-audio-player-voice-module-mp3-voice-module\/","url":"https:\/\/www.onetimenexttime.sk\/arduino\/index.php\/produkt\/wtv020-sd-20ss-sd-card-u-disk-audio-player-voice-module-mp3-voice-module\/","name":"WTV020-SD-20SS SD Card U Disk Audio Player Voice Module MP3 Voice Module - Arduino e-shop","isPartOf":{"@id":"https:\/\/www.onetimenexttime.sk\/arduino\/#website"},"primaryImageOfPage":{"@id":"https:\/\/www.onetimenexttime.sk\/arduino\/index.php\/produkt\/wtv020-sd-20ss-sd-card-u-disk-audio-player-voice-module-mp3-voice-module\/#primaryimage"},"image":{"@id":"https:\/\/www.onetimenexttime.sk\/arduino\/index.php\/produkt\/wtv020-sd-20ss-sd-card-u-disk-audio-player-voice-module-mp3-voice-module\/#primaryimage"},"thumbnailUrl":"https:\/\/www.onetimenexttime.sk\/arduino\/wp-content\/uploads\/2021\/10\/626.jpg","datePublished":"2021-10-20T10:53:40+00:00","dateModified":"2021-10-20T10:56:26+00:00","breadcrumb":{"@id":"https:\/\/www.onetimenexttime.sk\/arduino\/index.php\/produkt\/wtv020-sd-20ss-sd-card-u-disk-audio-player-voice-module-mp3-voice-module\/#breadcrumb"},"inLanguage":"sk-SK","potentialAction":[{"@type":"ReadAction","target":["https:\/\/www.onetimenexttime.sk\/arduino\/index.php\/produkt\/wtv020-sd-20ss-sd-card-u-disk-audio-player-voice-module-mp3-voice-module\/"]}]},{"@type":"ImageObject","inLanguage":"sk-SK","@id":"https:\/\/www.onetimenexttime.sk\/arduino\/index.php\/produkt\/wtv020-sd-20ss-sd-card-u-disk-audio-player-voice-module-mp3-voice-module\/#primaryimage","url":"https:\/\/www.onetimenexttime.sk\/arduino\/wp-content\/uploads\/2021\/10\/626.jpg","contentUrl":"https:\/\/www.onetimenexttime.sk\/arduino\/wp-content\/uploads\/2021\/10\/626.jpg","width":225,"height":225},{"@type":"BreadcrumbList","@id":"https:\/\/www.onetimenexttime.sk\/arduino\/index.php\/produkt\/wtv020-sd-20ss-sd-card-u-disk-audio-player-voice-module-mp3-voice-module\/#breadcrumb","itemListElement":[{"@type":"ListItem","position":1,"name":"Domov","item":"https:\/\/www.onetimenexttime.sk\/arduino\/"},{"@type":"ListItem","position":2,"name":"Obchod","item":"https:\/\/www.onetimenexttime.sk\/arduino\/"},{"@type":"ListItem","position":3,"name":"WTV020-SD-20SS SD Card U Disk Audio Player Voice Module MP3 Voice Module"}]},{"@type":"WebSite","@id":"https:\/\/www.onetimenexttime.sk\/arduino\/#website","url":"https:\/\/www.onetimenexttime.sk\/arduino\/","name":"Arduino e-shop","description":"Home Assistant","potentialAction":[{"@type":"SearchAction","target":{"@type":"EntryPoint","urlTemplate":"https:\/\/www.onetimenexttime.sk\/arduino\/?s={search_term_string}"},"query-input":{"@type":"PropertyValueSpecification","valueRequired":true,"valueName":"search_term_string"}}],"inLanguage":"sk-SK"}]}},"_links":{"self":[{"href":"https:\/\/www.onetimenexttime.sk\/arduino\/index.php\/wp-json\/wp\/v2\/product\/361"}],"collection":[{"href":"https:\/\/www.onetimenexttime.sk\/arduino\/index.php\/wp-json\/wp\/v2\/product"}],"about":[{"href":"https:\/\/www.onetimenexttime.sk\/arduino\/index.php\/wp-json\/wp\/v2\/types\/product"}],"wp:featuredmedia":[{"embeddable":true,"href":"https:\/\/www.onetimenexttime.sk\/arduino\/index.php\/wp-json\/wp\/v2\/media\/362"}],"wp:attachment":[{"href":"https:\/\/www.onetimenexttime.sk\/arduino\/index.php\/wp-json\/wp\/v2\/media?parent=361"}],"wp:term":[{"taxonomy":"product_cat","embeddable":true,"href":"https:\/\/www.onetimenexttime.sk\/arduino\/index.php\/wp-json\/wp\/v2\/product_cat?post=361"},{"taxonomy":"product_tag","embeddable":true,"href":"https:\/\/www.onetimenexttime.sk\/arduino\/index.php\/wp-json\/wp\/v2\/product_tag?post=361"}],"curies":[{"name":"wp","href":"https:\/\/api.w.org\/{rel}","templated":true}]}}