{"id":352,"date":"2021-10-20T10:42:22","date_gmt":"2021-10-20T08:42:22","guid":{"rendered":"https:\/\/www.onetimenexttime.sk\/arduino\/?post_type=product&#038;p=352"},"modified":"2024-02-22T15:58:19","modified_gmt":"2024-02-22T14:58:19","slug":"fm-stereo-module-radio-module-64-108mhz-ar1310-wireless-module-for-arduino","status":"publish","type":"product","link":"https:\/\/www.onetimenexttime.sk\/arduino\/index.php\/produkt\/fm-stereo-module-radio-module-64-108mhz-ar1310-wireless-module-for-arduino\/","title":{"rendered":"FM Stereo Module Radio Module 64-108MHz AR1310 Wireless Module for Arduino"},"content":{"rendered":"<table>\n<tbody>\n<tr>\n<th style=\"text-align: center;\" colspan=\"2\">FM Stereo Modul &#8211; R\u00e1diov\u00fd modul AR1310<\/th>\n<\/tr>\n<tr>\n<td style=\"text-align: center;\" colspan=\"2\"><img decoding=\"async\" src=\"fm_stereo_module.jpg\" alt=\"FM Stereo Modul\" \/><\/td>\n<\/tr>\n<tr>\n<td><strong>Popis:<\/strong><\/td>\n<td>R\u00e1diov\u00fd modul AR1310 je FM stereo modul, ktor\u00fd umo\u017e\u0148uje prij\u00edma\u0165 FM r\u00e1diov\u00e9 vysielanie v rozsahu 64-108MHz. Tento modul je ide\u00e1lny pre projekty, ktor\u00e9 vy\u017eaduj\u00fa pr\u00edjem FM r\u00e1dia, ako s\u00fa r\u00e1diov\u00e9 prehr\u00e1va\u010de, r\u00e1diov\u00e9 bud\u00edky, alebo jednoduch\u00e9 r\u00e1diov\u00e9 stanice. Je kompatibiln\u00fd s Arduino a \u010fal\u0161\u00edmi mikrokontrol\u00e9rmi, \u010do umo\u017e\u0148uje jednoduch\u00fa integr\u00e1ciu do r\u00f4znych elektronick\u00fdch projektov.<\/td>\n<\/tr>\n<tr>\n<td><strong>Vlastnosti:<\/strong><\/td>\n<td>\n<ul>\n<li>Prij\u00edma FM r\u00e1diov\u00e9 vysielanie v rozsahu 64-108MHz<\/li>\n<li>Podpora FM sterea<\/li>\n<li>Kompatibiln\u00fd s Arduino a \u010fal\u0161\u00edmi mikrokontrol\u00e9rmi<\/li>\n<li>Jednoduch\u00e9 pripojenie a ovl\u00e1danie<\/li>\n<\/ul>\n<\/td>\n<\/tr>\n<tr>\n<td><strong>Parametre:<\/strong><\/td>\n<td>\n<table>\n<tbody>\n<tr>\n<td><strong>Nap\u00e1janie:<\/strong><\/td>\n<td>3.3V &#8211; 5V DC<\/td>\n<\/tr>\n<tr>\n<td><strong>Rozsah frekvencie:<\/strong><\/td>\n<td>64MHz &#8211; 108MHz<\/td>\n<\/tr>\n<tr>\n<td><strong>Typ sign\u00e1lu:<\/strong><\/td>\n<td>Anal\u00f3gov\u00fd<\/td>\n<\/tr>\n<tr>\n<td><strong>Rozmery:<\/strong><\/td>\n<td>Pod\u013ea obr\u00e1zku (\u0161tandardn\u00e9 rozmery modulu)<\/td>\n<\/tr>\n<\/tbody>\n<\/table>\n<\/td>\n<\/tr>\n<tr>\n<td><strong>Priklady pou\u017eitia:<\/strong><\/td>\n<td>\n<ol>\n<li>FM r\u00e1diov\u00e9 prehr\u00e1va\u010de<\/li>\n<li>R\u00e1diov\u00e9 bud\u00edky<\/li>\n<li>Jednoduch\u00e9 r\u00e1diov\u00e9 stanice<\/li>\n<li>Interakt\u00edvne projekty s r\u00e1diov\u00fdm vysielan\u00edm<\/li>\n<\/ol>\n<\/td>\n<\/tr>\n<tr>\n<td><strong>Sample k\u00f3d:<\/strong><\/td>\n<td>\n<pre lang=\"arduino\">\/\/ Uk\u00e1\u017ekov\u00fd k\u00f3d pre Arduino na pr\u00edjem FM r\u00e1dia\r\n#include \r\n#include \r\n#include \r\n\r\n#define RADIO_RESET A4 \/\/ Reset pin pre r\u00e1diov\u00fd modul\r\n\r\n\/\/ Inicializ\u00e1cia FM r\u00e1diov\u00e9ho modulu\r\nSX1310 radio = new SX1310(RADIO_RESET);\r\n\r\nvoid setup() {\r\nSerial.begin(9600); \/\/ Inicializ\u00e1cia s\u00e9riovej komunik\u00e1cie\r\nwhile (!Serial); \/\/ \u010cakanie na otvorenie s\u00e9riovej linky\r\n\r\n\/\/ Inicializ\u00e1cia r\u00e1diov\u00e9ho modulu\r\nradio.begin();\r\n\r\n\/\/ Nastavenie frekvencie na 100.0MHz\r\nradio.setFrequency(100.0);\r\n}\r\n\r\nvoid loop() {\r\n\/\/ Pre\u010d\u00edtanie hodnoty RSSI (Received Signal Strength Indication)\r\nint rssi = radio.getRSSI();\r\n\r\n\/\/ Vyp\u00edsanie hodnoty RSSI cez s\u00e9riov\u00fa linku\r\nSerial.print(\"RSSI: \");\r\nSerial.println(rssi);\r\n\r\ndelay(1000); \/\/ \u010cakanie 1 sekundu\r\n}\r\n<\/pre>\n<\/td>\n<\/tr>\n<\/tbody>\n<\/table>\n<h2>R\u00e1diov\u00fd modul FM stereo modul 64-108 MHz AR1310 bezdr\u00f4tov\u00fd modul pre Arduino<\/h2>\n<p>Toto je \u010fal\u0161\u00ed typ r\u00e1diov\u00e9ho modulu FM, rovnak\u00fd ako n\u00e1\u0161 \u010fal\u0161\u00ed modul FM, je ve\u013emi kompaktn\u00fd, m\u00e1 ve\u013emi m\u00e1lo extern\u00fdch \u010dast\u00ed s hlavn\u00fdm integrovan\u00fdm obvodom a skvel\u00fdm v\u00fdkonom. \u010eal\u0161\u00edm dobr\u00fdm bodom je, \u017ee nepotrebuje ovl\u00e1danie MCU, na ovl\u00e1danie hlasitosti a vyh\u013ead\u00e1vanie kan\u00e1lov m\u00f4\u017eete modul jednoducho pripoji\u0165 k VCC alebo GND priamo pomocou prep\u00edna\u010da.<\/p>\n<p>1310 je vysoko integrovan\u00e9 jedno\u010dipov\u00e9 stereo FM r\u00e1dio. 1310 na podporu glob\u00e1lneho frekven\u010dn\u00e9ho rozsahu pr\u00edjmu FM 64-108 MHz, \u010dip integruje v\u0161etky funkcie komponentov r\u00e1dia FM: LNA, r\u00e1diov\u00e9 jedno\u010dipov\u00e9 rie\u0161enie. Mix\u00e9r, oscil\u00e1tor a LDOregul\u00e1tor. Vy\u017eaduje len minimum extern\u00fdch komponentov, aby ste si mohli vychutna\u0165 vynikaj\u00facu kvalitu sign\u00e1lu a vynikaj\u00faci indik\u00e1tor pr\u00edjmu. 1310 \u00faplne zbyto\u010dn\u00fd dodato\u010dn\u00fd MCU a riadiaci softv\u00e9r pre cel\u00fd rad r\u00f4zneho po\u010dtu k\u013e\u00fa\u010dov\u00fdch r\u00e1diov\u00fdch produktov. 1310 je ur\u010dite va\u0161a najlep\u0161ia cena-FM<\/p>\n<p>Vlastnosti IC 1310:<br \/>\n\u0160irok\u00e1 podpora pre frekven\u010dn\u00fd rozsah glob\u00e1lneho pr\u00edjmu FM: 64-108 MHz<br \/>\nN\u00edzka spotreba energie: 15 mA<br \/>\nPodpora \u0161tyroch p\u00e1smov\u00fdch nastaven\u00ed, \u017eiadne \u010fal\u0161ie nastavenia nie s\u00fa zv\u00fdraznen\u00e9 (de-d\u00f4raz)<br \/>\nNieko\u013eko vysoko integrovan\u00fdch perif\u00e9rnych komponentov a<br \/>\nNie je potrebn\u00e9 \u010fal\u0161ie softv\u00e9rov\u00e9 \u200b\u200bovl\u00e1danie MCU<br \/>\nPou\u017eitie lacn\u00e9ho kry\u0161t\u00e1lu 32,768 kHz.<br \/>\nVstavan\u00e1 funkcia obojsmern\u00e9ho automatick\u00e9ho vyh\u013ead\u00e1vania<br \/>\nPodporuje elektronick\u00e9 ovl\u00e1danie hlasitosti<br \/>\nPodporuje stereo alebo mono re\u017eim<br \/>\nVstavan\u00fd obvod zosil\u0148ova\u010da sl\u00fachadiel triedy AB<br \/>\nPodpora za\u0165a\u017eenia 32 ohmov<br \/>\nPodpora prep\u00ednania extern\u00fdch zosil\u0148ova\u010dov<br \/>\nPrev\u00e1dzkov\u00e9 nap\u00e4tie 2,2 a\u017e 3,6 V<br \/>\nPou\u017eitie bal\u00edka SOP16<br \/>\nM\u00f4\u017ee by\u0165 \u0161iroko pou\u017e\u00edvan\u00fd v r\u00f4znych k\u013e\u00fa\u010dov\u00fdch produktov\u00fdch \u010d\u00edslach<\/p>\n","protected":false},"excerpt":{"rendered":"<p>FM Stereo Modul &#8211; R\u00e1diov\u00fd modul AR1310 Popis: R\u00e1diov\u00fd modul AR1310 je FM stereo modul, ktor\u00fd umo\u017e\u0148uje prij\u00edma\u0165 FM r\u00e1diov\u00e9&hellip;<\/p>\n","protected":false},"featured_media":353,"template":"","meta":{"_monsterinsights_skip_tracking":false,"_monsterinsights_sitenote_active":false,"_monsterinsights_sitenote_note":"","_monsterinsights_sitenote_category":0},"product_cat":[16,26],"product_tag":[],"class_list":{"0":"post-352","1":"product","2":"type-product","3":"status-publish","4":"has-post-thumbnail","6":"product_cat-ard","7":"product_cat-radio","9":"first","10":"instock","11":"shipping-taxable","12":"purchasable","13":"product-type-simple"},"yoast_head":"<!-- This site is optimized with the Yoast SEO plugin v23.6 - https:\/\/yoast.com\/wordpress\/plugins\/seo\/ -->\n<title>FM Stereo Module Radio Module 64-108MHz AR1310 Wireless Module for Arduino - Arduino e-shop<\/title>\n<meta name=\"robots\" content=\"index, follow, max-snippet:-1, max-image-preview:large, max-video-preview:-1\" \/>\n<link rel=\"canonical\" href=\"https:\/\/www.onetimenexttime.sk\/arduino\/index.php\/produkt\/fm-stereo-module-radio-module-64-108mhz-ar1310-wireless-module-for-arduino\/\" \/>\n<meta property=\"og:locale\" content=\"sk_SK\" \/>\n<meta property=\"og:type\" content=\"article\" \/>\n<meta property=\"og:title\" content=\"FM Stereo Module Radio Module 64-108MHz AR1310 Wireless Module for Arduino - Arduino e-shop\" \/>\n<meta property=\"og:description\" content=\"FM Stereo Modul &#8211; R\u00e1diov\u00fd modul AR1310 Popis: R\u00e1diov\u00fd modul AR1310 je FM stereo modul, ktor\u00fd umo\u017e\u0148uje prij\u00edma\u0165 FM r\u00e1diov\u00e9&hellip;\" \/>\n<meta property=\"og:url\" content=\"https:\/\/www.onetimenexttime.sk\/arduino\/index.php\/produkt\/fm-stereo-module-radio-module-64-108mhz-ar1310-wireless-module-for-arduino\/\" \/>\n<meta property=\"og:site_name\" content=\"Arduino e-shop\" \/>\n<meta property=\"article:modified_time\" content=\"2024-02-22T14:58:19+00:00\" \/>\n<meta property=\"og:image\" content=\"https:\/\/www.onetimenexttime.sk\/arduino\/wp-content\/uploads\/2021\/10\/639.jpg\" \/>\n\t<meta property=\"og:image:width\" content=\"523\" \/>\n\t<meta property=\"og:image:height\" content=\"525\" \/>\n\t<meta property=\"og:image:type\" content=\"image\/jpeg\" \/>\n<meta name=\"twitter:card\" content=\"summary_large_image\" \/>\n<meta name=\"twitter:label1\" content=\"Predpokladan\u00fd \u010das \u010d\u00edtania\" \/>\n\t<meta name=\"twitter:data1\" content=\"2 min\u00faty\" \/>\n<script type=\"application\/ld+json\" class=\"yoast-schema-graph\">{\"@context\":\"https:\/\/schema.org\",\"@graph\":[{\"@type\":\"WebPage\",\"@id\":\"https:\/\/www.onetimenexttime.sk\/arduino\/index.php\/produkt\/fm-stereo-module-radio-module-64-108mhz-ar1310-wireless-module-for-arduino\/\",\"url\":\"https:\/\/www.onetimenexttime.sk\/arduino\/index.php\/produkt\/fm-stereo-module-radio-module-64-108mhz-ar1310-wireless-module-for-arduino\/\",\"name\":\"FM Stereo Module Radio Module 64-108MHz AR1310 Wireless Module for Arduino - Arduino e-shop\",\"isPartOf\":{\"@id\":\"https:\/\/www.onetimenexttime.sk\/arduino\/#website\"},\"primaryImageOfPage\":{\"@id\":\"https:\/\/www.onetimenexttime.sk\/arduino\/index.php\/produkt\/fm-stereo-module-radio-module-64-108mhz-ar1310-wireless-module-for-arduino\/#primaryimage\"},\"image\":{\"@id\":\"https:\/\/www.onetimenexttime.sk\/arduino\/index.php\/produkt\/fm-stereo-module-radio-module-64-108mhz-ar1310-wireless-module-for-arduino\/#primaryimage\"},\"thumbnailUrl\":\"https:\/\/www.onetimenexttime.sk\/arduino\/wp-content\/uploads\/2021\/10\/639.jpg\",\"datePublished\":\"2021-10-20T08:42:22+00:00\",\"dateModified\":\"2024-02-22T14:58:19+00:00\",\"breadcrumb\":{\"@id\":\"https:\/\/www.onetimenexttime.sk\/arduino\/index.php\/produkt\/fm-stereo-module-radio-module-64-108mhz-ar1310-wireless-module-for-arduino\/#breadcrumb\"},\"inLanguage\":\"sk-SK\",\"potentialAction\":[{\"@type\":\"ReadAction\",\"target\":[\"https:\/\/www.onetimenexttime.sk\/arduino\/index.php\/produkt\/fm-stereo-module-radio-module-64-108mhz-ar1310-wireless-module-for-arduino\/\"]}]},{\"@type\":\"ImageObject\",\"inLanguage\":\"sk-SK\",\"@id\":\"https:\/\/www.onetimenexttime.sk\/arduino\/index.php\/produkt\/fm-stereo-module-radio-module-64-108mhz-ar1310-wireless-module-for-arduino\/#primaryimage\",\"url\":\"https:\/\/www.onetimenexttime.sk\/arduino\/wp-content\/uploads\/2021\/10\/639.jpg\",\"contentUrl\":\"https:\/\/www.onetimenexttime.sk\/arduino\/wp-content\/uploads\/2021\/10\/639.jpg\",\"width\":523,\"height\":525},{\"@type\":\"BreadcrumbList\",\"@id\":\"https:\/\/www.onetimenexttime.sk\/arduino\/index.php\/produkt\/fm-stereo-module-radio-module-64-108mhz-ar1310-wireless-module-for-arduino\/#breadcrumb\",\"itemListElement\":[{\"@type\":\"ListItem\",\"position\":1,\"name\":\"Domov\",\"item\":\"https:\/\/www.onetimenexttime.sk\/arduino\/\"},{\"@type\":\"ListItem\",\"position\":2,\"name\":\"Obchod\",\"item\":\"https:\/\/www.onetimenexttime.sk\/arduino\/\"},{\"@type\":\"ListItem\",\"position\":3,\"name\":\"FM Stereo Module Radio Module 64-108MHz AR1310 Wireless Module for Arduino\"}]},{\"@type\":\"WebSite\",\"@id\":\"https:\/\/www.onetimenexttime.sk\/arduino\/#website\",\"url\":\"https:\/\/www.onetimenexttime.sk\/arduino\/\",\"name\":\"Arduino e-shop\",\"description\":\"Home Assistant\",\"potentialAction\":[{\"@type\":\"SearchAction\",\"target\":{\"@type\":\"EntryPoint\",\"urlTemplate\":\"https:\/\/www.onetimenexttime.sk\/arduino\/?s={search_term_string}\"},\"query-input\":{\"@type\":\"PropertyValueSpecification\",\"valueRequired\":true,\"valueName\":\"search_term_string\"}}],\"inLanguage\":\"sk-SK\"}]}<\/script>\n<!-- \/ Yoast SEO plugin. -->","yoast_head_json":{"title":"FM Stereo Module Radio Module 64-108MHz AR1310 Wireless Module for Arduino - Arduino e-shop","robots":{"index":"index","follow":"follow","max-snippet":"max-snippet:-1","max-image-preview":"max-image-preview:large","max-video-preview":"max-video-preview:-1"},"canonical":"https:\/\/www.onetimenexttime.sk\/arduino\/index.php\/produkt\/fm-stereo-module-radio-module-64-108mhz-ar1310-wireless-module-for-arduino\/","og_locale":"sk_SK","og_type":"article","og_title":"FM Stereo Module Radio Module 64-108MHz AR1310 Wireless Module for Arduino - Arduino e-shop","og_description":"FM Stereo Modul &#8211; R\u00e1diov\u00fd modul AR1310 Popis: R\u00e1diov\u00fd modul AR1310 je FM stereo modul, ktor\u00fd umo\u017e\u0148uje prij\u00edma\u0165 FM r\u00e1diov\u00e9&hellip;","og_url":"https:\/\/www.onetimenexttime.sk\/arduino\/index.php\/produkt\/fm-stereo-module-radio-module-64-108mhz-ar1310-wireless-module-for-arduino\/","og_site_name":"Arduino e-shop","article_modified_time":"2024-02-22T14:58:19+00:00","og_image":[{"width":523,"height":525,"url":"https:\/\/www.onetimenexttime.sk\/arduino\/wp-content\/uploads\/2021\/10\/639.jpg","type":"image\/jpeg"}],"twitter_card":"summary_large_image","twitter_misc":{"Predpokladan\u00fd \u010das \u010d\u00edtania":"2 min\u00faty"},"schema":{"@context":"https:\/\/schema.org","@graph":[{"@type":"WebPage","@id":"https:\/\/www.onetimenexttime.sk\/arduino\/index.php\/produkt\/fm-stereo-module-radio-module-64-108mhz-ar1310-wireless-module-for-arduino\/","url":"https:\/\/www.onetimenexttime.sk\/arduino\/index.php\/produkt\/fm-stereo-module-radio-module-64-108mhz-ar1310-wireless-module-for-arduino\/","name":"FM Stereo Module Radio Module 64-108MHz AR1310 Wireless Module for Arduino - Arduino e-shop","isPartOf":{"@id":"https:\/\/www.onetimenexttime.sk\/arduino\/#website"},"primaryImageOfPage":{"@id":"https:\/\/www.onetimenexttime.sk\/arduino\/index.php\/produkt\/fm-stereo-module-radio-module-64-108mhz-ar1310-wireless-module-for-arduino\/#primaryimage"},"image":{"@id":"https:\/\/www.onetimenexttime.sk\/arduino\/index.php\/produkt\/fm-stereo-module-radio-module-64-108mhz-ar1310-wireless-module-for-arduino\/#primaryimage"},"thumbnailUrl":"https:\/\/www.onetimenexttime.sk\/arduino\/wp-content\/uploads\/2021\/10\/639.jpg","datePublished":"2021-10-20T08:42:22+00:00","dateModified":"2024-02-22T14:58:19+00:00","breadcrumb":{"@id":"https:\/\/www.onetimenexttime.sk\/arduino\/index.php\/produkt\/fm-stereo-module-radio-module-64-108mhz-ar1310-wireless-module-for-arduino\/#breadcrumb"},"inLanguage":"sk-SK","potentialAction":[{"@type":"ReadAction","target":["https:\/\/www.onetimenexttime.sk\/arduino\/index.php\/produkt\/fm-stereo-module-radio-module-64-108mhz-ar1310-wireless-module-for-arduino\/"]}]},{"@type":"ImageObject","inLanguage":"sk-SK","@id":"https:\/\/www.onetimenexttime.sk\/arduino\/index.php\/produkt\/fm-stereo-module-radio-module-64-108mhz-ar1310-wireless-module-for-arduino\/#primaryimage","url":"https:\/\/www.onetimenexttime.sk\/arduino\/wp-content\/uploads\/2021\/10\/639.jpg","contentUrl":"https:\/\/www.onetimenexttime.sk\/arduino\/wp-content\/uploads\/2021\/10\/639.jpg","width":523,"height":525},{"@type":"BreadcrumbList","@id":"https:\/\/www.onetimenexttime.sk\/arduino\/index.php\/produkt\/fm-stereo-module-radio-module-64-108mhz-ar1310-wireless-module-for-arduino\/#breadcrumb","itemListElement":[{"@type":"ListItem","position":1,"name":"Domov","item":"https:\/\/www.onetimenexttime.sk\/arduino\/"},{"@type":"ListItem","position":2,"name":"Obchod","item":"https:\/\/www.onetimenexttime.sk\/arduino\/"},{"@type":"ListItem","position":3,"name":"FM Stereo Module Radio Module 64-108MHz AR1310 Wireless Module for Arduino"}]},{"@type":"WebSite","@id":"https:\/\/www.onetimenexttime.sk\/arduino\/#website","url":"https:\/\/www.onetimenexttime.sk\/arduino\/","name":"Arduino e-shop","description":"Home Assistant","potentialAction":[{"@type":"SearchAction","target":{"@type":"EntryPoint","urlTemplate":"https:\/\/www.onetimenexttime.sk\/arduino\/?s={search_term_string}"},"query-input":{"@type":"PropertyValueSpecification","valueRequired":true,"valueName":"search_term_string"}}],"inLanguage":"sk-SK"}]}},"_links":{"self":[{"href":"https:\/\/www.onetimenexttime.sk\/arduino\/index.php\/wp-json\/wp\/v2\/product\/352"}],"collection":[{"href":"https:\/\/www.onetimenexttime.sk\/arduino\/index.php\/wp-json\/wp\/v2\/product"}],"about":[{"href":"https:\/\/www.onetimenexttime.sk\/arduino\/index.php\/wp-json\/wp\/v2\/types\/product"}],"wp:featuredmedia":[{"embeddable":true,"href":"https:\/\/www.onetimenexttime.sk\/arduino\/index.php\/wp-json\/wp\/v2\/media\/353"}],"wp:attachment":[{"href":"https:\/\/www.onetimenexttime.sk\/arduino\/index.php\/wp-json\/wp\/v2\/media?parent=352"}],"wp:term":[{"taxonomy":"product_cat","embeddable":true,"href":"https:\/\/www.onetimenexttime.sk\/arduino\/index.php\/wp-json\/wp\/v2\/product_cat?post=352"},{"taxonomy":"product_tag","embeddable":true,"href":"https:\/\/www.onetimenexttime.sk\/arduino\/index.php\/wp-json\/wp\/v2\/product_tag?post=352"}],"curies":[{"name":"wp","href":"https:\/\/api.w.org\/{rel}","templated":true}]}}