{"id":349,"date":"2021-10-20T10:37:48","date_gmt":"2021-10-20T08:37:48","guid":{"rendered":"https:\/\/www.onetimenexttime.sk\/arduino\/?post_type=product&#038;p=349"},"modified":"2021-10-20T10:42:05","modified_gmt":"2021-10-20T08:42:05","slug":"fm-stereo-radio-rda5807m-wireless-module-for-arduino-rrd-102v2-0","status":"publish","type":"product","link":"https:\/\/www.onetimenexttime.sk\/arduino\/index.php\/produkt\/fm-stereo-radio-rda5807m-wireless-module-for-arduino-rrd-102v2-0\/","title":{"rendered":"FM Stereo Radio RDA5807M Wireless Module For Arduino RRD-102V2.0"},"content":{"rendered":"<h2>Bezdr\u00f4tov\u00fd modul FM stereo r\u00e1dio RDA5807M pre Arduino RRD-102V2.0<\/h2>\n<p>Detaily produktu<br \/>\nStereof\u00f3nny r\u00e1diov\u00fd modul FM RDA5807M RRD-102V2.0 bezdr\u00f4tov\u00fd modul Pro nov\u00fd pre Arduino<br \/>\n\u010cl\u00e1nok-Nr.:5400777<br \/>\nDetaily produktu:<br \/>\nStereo modul<br \/>\nStav: Nov\u00e9<br \/>\nPreh\u013ead:<br \/>\nStereof\u00f3nny r\u00e1diov\u00fd modul \u201eRRD-102V2.0\u201c (stereof\u00f3nny r\u00e1diov\u00fd modul FM) vysok\u00e1 citlivos\u0165, n\u00edzka spotreba energie, extr\u00e9mne mal\u00e1 ve\u013ekos\u0165 stereof\u00f3nneho r\u00e1diov\u00e9ho modulu FM. Pou\u017eit\u00edm mikroelektroniky RDA RDA5807M (alebo RDA5802NM) m\u00e1 tento obvod menej extern\u00fdch komponentov, faktor hluku je minim\u00e1lny. Mal\u00e9 rozmery, n\u00edzka spotreba energie, n\u00edzke n\u00e1klady, jednoduch\u00e1 aplik\u00e1cia, vyu\u017eitie \u0161irok\u00e9ho spektra v\u00fdhod. Je \u013eahko pou\u017eite\u013en\u00fd a m\u00e1 vysoko n\u00e1kladovo efekt\u00edvny jedno\u010dipov\u00fd stereof\u00f3nny r\u00e1diov\u00fd modul FM.<br \/>\nA: Presu\u0148te DVD, TV, MP3, MP4 a \u010fal\u0161\u00ed vstavan\u00fd modul \u0161irokop\u00e1smov\u00e9ho bezdr\u00f4tov\u00e9ho prij\u00edma\u010da FM.<br \/>\nB: ban\u00edctvo, podnikanie, kampus, obytn\u00e9, turistick\u00e9 oblasti a \u010fal\u0161ie verejn\u00e9 miesta, stereo FM r\u00e1dio<br \/>\nsyst\u00e9mu.<br \/>\nC: funkcia bezdr\u00f4tov\u00e9ho zvuku a bezdr\u00f4tov\u00fdch stereo sl\u00fachadiel.<br \/>\nD: GPS navig\u00e1cia, telev\u00edzne vysielacie syst\u00e9my a \u010fal\u0161ie bezdr\u00f4tov\u00e9 FM r\u00e1dio.<br \/>\nE: \u0160pi\u010dkov\u00e9 hern\u00e9 konzoly a bezdr\u00f4tov\u00e9 zvukov\u00e9 elektronick\u00e9 hra\u010dky.<br \/>\nF: mobiln\u00e9 telef\u00f3ny, mobiln\u00e9 telef\u00f3ny, syst\u00e9my interkomov, mobiln\u00e9 r\u00e1diov\u00e9 zariadenia a in\u00e9 stereo r\u00e1dio.<br \/>\nG: PDAS a prenosn\u00fd po\u010d\u00edta\u010d a \u010fal\u0161ie perif\u00e9rne aplik\u00e1cie.<\/p>\n<p>Funkcia:<br \/>\nOdpove\u010f: Pou\u017e\u00edvatelia m\u00f4\u017eu pomocou be\u017en\u00e9ho bal\u00edka modulov 102BC priamo nahradi\u0165 pou\u017e\u00edvanie bez zmeny kon\u0161trukcie obvodu.<br \/>\nB: vysok\u00e1 citlivos\u0165, n\u00edzky \u0161um, schopnos\u0165 odol\u00e1va\u0165 ru\u0161eniu, ve\u013emi m\u00e1lo extern\u00fdch komponentov, mal\u00e9 rozmery (11*11,2 mm max.), Extr\u00e9mne jednoduch\u00e9 pou\u017eitie.<br \/>\nC: 76\u2013108 MHz p\u00e1smo FM kompatibiln\u00e9 s cel\u00fdm svetom (76\u201391 MHz, vr\u00e1tane Japonska, Ameriky a Eur\u00f3py 87,5\u2013108,5 MHz).<br \/>\nD: Rozhranie s\u00e9riovej d\u00e1tovej komunika\u010dnej zbernice I2C, podpora vstupu extern\u00fdch referen\u010dn\u00fdch hod\u00edn.<br \/>\nE: Technol\u00f3gia COMS plne integrovan\u00e9 jedno\u010dipov\u00e9 integrovan\u00e9 obvody, spotreba energie je minim\u00e1lna.<br \/>\nF: vstavan\u00fd vysoko presn\u00fd A\/D (anal\u00f3gov\u00fd) a digit\u00e1lny frekven\u010dn\u00fd syntetiz\u00e1tor.<br \/>\nG: vstavan\u00fd regul\u00e1tor LDO, n\u00edzky v\u00fdkon, \u0161irok\u00fd rozsah nap\u00e4tia (2,7-3,6VDC).<br \/>\nH: vstavan\u00e1 redukcia \u0161umu, jemn\u00e9 stlmenie, kon\u0161trukcia obvodu zosilnenia basov.<br \/>\nI: Vysoko v\u00fdkonn\u00fd zvukov\u00fd v\u00fdstup s 32 za\u0165a\u017eeniami, pripojenia sl\u00fachadiel s\u00fa priame, bez extern\u00e9ho zosil\u0148ova\u010da zvukov\u00e9ho ovl\u00e1da\u010da.<br \/>\nJ: aplik\u00e1cia je jednoduch\u00e1, n\u00edzkon\u00e1kladov\u00e1, n\u00e1kladovo efekt\u00edvna.<\/p>\n","protected":false},"excerpt":{"rendered":"<p>Bezdr\u00f4tov\u00fd modul FM stereo r\u00e1dio RDA5807M pre Arduino RRD-102V2.0 Detaily produktu Stereof\u00f3nny r\u00e1diov\u00fd modul FM RDA5807M RRD-102V2.0 bezdr\u00f4tov\u00fd modul Pro&hellip;<\/p>\n","protected":false},"featured_media":350,"template":"","meta":{"_monsterinsights_skip_tracking":false,"_monsterinsights_sitenote_active":false,"_monsterinsights_sitenote_note":"","_monsterinsights_sitenote_category":0},"product_cat":[16,26],"product_tag":[],"class_list":{"0":"post-349","1":"product","2":"type-product","3":"status-publish","4":"has-post-thumbnail","6":"product_cat-ard","7":"product_cat-radio","9":"first","10":"instock","11":"shipping-taxable","12":"purchasable","13":"product-type-simple"},"yoast_head":"<!-- This site is optimized with the Yoast SEO plugin v23.6 - https:\/\/yoast.com\/wordpress\/plugins\/seo\/ -->\n<title>FM Stereo Radio RDA5807M Wireless Module For Arduino RRD-102V2.0 - Arduino e-shop<\/title>\n<meta name=\"robots\" content=\"index, follow, max-snippet:-1, max-image-preview:large, max-video-preview:-1\" \/>\n<link rel=\"canonical\" href=\"https:\/\/www.onetimenexttime.sk\/arduino\/index.php\/produkt\/fm-stereo-radio-rda5807m-wireless-module-for-arduino-rrd-102v2-0\/\" \/>\n<meta property=\"og:locale\" content=\"sk_SK\" \/>\n<meta property=\"og:type\" content=\"article\" \/>\n<meta property=\"og:title\" content=\"FM Stereo Radio RDA5807M Wireless Module For Arduino RRD-102V2.0 - Arduino e-shop\" \/>\n<meta property=\"og:description\" content=\"Bezdr\u00f4tov\u00fd modul FM stereo r\u00e1dio RDA5807M pre Arduino RRD-102V2.0 Detaily produktu Stereof\u00f3nny r\u00e1diov\u00fd modul FM RDA5807M RRD-102V2.0 bezdr\u00f4tov\u00fd modul Pro&hellip;\" \/>\n<meta property=\"og:url\" content=\"https:\/\/www.onetimenexttime.sk\/arduino\/index.php\/produkt\/fm-stereo-radio-rda5807m-wireless-module-for-arduino-rrd-102v2-0\/\" \/>\n<meta property=\"og:site_name\" content=\"Arduino e-shop\" \/>\n<meta property=\"article:modified_time\" content=\"2021-10-20T08:42:05+00:00\" \/>\n<meta property=\"og:image\" content=\"https:\/\/www.onetimenexttime.sk\/arduino\/wp-content\/uploads\/2021\/10\/618.jpg\" \/>\n\t<meta property=\"og:image:width\" content=\"523\" \/>\n\t<meta property=\"og:image:height\" content=\"525\" \/>\n\t<meta property=\"og:image:type\" content=\"image\/jpeg\" \/>\n<meta name=\"twitter:card\" content=\"summary_large_image\" \/>\n<meta name=\"twitter:label1\" content=\"Predpokladan\u00fd \u010das \u010d\u00edtania\" \/>\n\t<meta name=\"twitter:data1\" content=\"2 min\u00faty\" \/>\n<script type=\"application\/ld+json\" class=\"yoast-schema-graph\">{\"@context\":\"https:\/\/schema.org\",\"@graph\":[{\"@type\":\"WebPage\",\"@id\":\"https:\/\/www.onetimenexttime.sk\/arduino\/index.php\/produkt\/fm-stereo-radio-rda5807m-wireless-module-for-arduino-rrd-102v2-0\/\",\"url\":\"https:\/\/www.onetimenexttime.sk\/arduino\/index.php\/produkt\/fm-stereo-radio-rda5807m-wireless-module-for-arduino-rrd-102v2-0\/\",\"name\":\"FM Stereo Radio RDA5807M Wireless Module For Arduino RRD-102V2.0 - Arduino e-shop\",\"isPartOf\":{\"@id\":\"https:\/\/www.onetimenexttime.sk\/arduino\/#website\"},\"primaryImageOfPage\":{\"@id\":\"https:\/\/www.onetimenexttime.sk\/arduino\/index.php\/produkt\/fm-stereo-radio-rda5807m-wireless-module-for-arduino-rrd-102v2-0\/#primaryimage\"},\"image\":{\"@id\":\"https:\/\/www.onetimenexttime.sk\/arduino\/index.php\/produkt\/fm-stereo-radio-rda5807m-wireless-module-for-arduino-rrd-102v2-0\/#primaryimage\"},\"thumbnailUrl\":\"https:\/\/www.onetimenexttime.sk\/arduino\/wp-content\/uploads\/2021\/10\/618.jpg\",\"datePublished\":\"2021-10-20T08:37:48+00:00\",\"dateModified\":\"2021-10-20T08:42:05+00:00\",\"breadcrumb\":{\"@id\":\"https:\/\/www.onetimenexttime.sk\/arduino\/index.php\/produkt\/fm-stereo-radio-rda5807m-wireless-module-for-arduino-rrd-102v2-0\/#breadcrumb\"},\"inLanguage\":\"sk-SK\",\"potentialAction\":[{\"@type\":\"ReadAction\",\"target\":[\"https:\/\/www.onetimenexttime.sk\/arduino\/index.php\/produkt\/fm-stereo-radio-rda5807m-wireless-module-for-arduino-rrd-102v2-0\/\"]}]},{\"@type\":\"ImageObject\",\"inLanguage\":\"sk-SK\",\"@id\":\"https:\/\/www.onetimenexttime.sk\/arduino\/index.php\/produkt\/fm-stereo-radio-rda5807m-wireless-module-for-arduino-rrd-102v2-0\/#primaryimage\",\"url\":\"https:\/\/www.onetimenexttime.sk\/arduino\/wp-content\/uploads\/2021\/10\/618.jpg\",\"contentUrl\":\"https:\/\/www.onetimenexttime.sk\/arduino\/wp-content\/uploads\/2021\/10\/618.jpg\",\"width\":523,\"height\":525},{\"@type\":\"BreadcrumbList\",\"@id\":\"https:\/\/www.onetimenexttime.sk\/arduino\/index.php\/produkt\/fm-stereo-radio-rda5807m-wireless-module-for-arduino-rrd-102v2-0\/#breadcrumb\",\"itemListElement\":[{\"@type\":\"ListItem\",\"position\":1,\"name\":\"Domov\",\"item\":\"https:\/\/www.onetimenexttime.sk\/arduino\/\"},{\"@type\":\"ListItem\",\"position\":2,\"name\":\"Obchod\",\"item\":\"https:\/\/www.onetimenexttime.sk\/arduino\/\"},{\"@type\":\"ListItem\",\"position\":3,\"name\":\"FM Stereo Radio RDA5807M Wireless Module For Arduino RRD-102V2.0\"}]},{\"@type\":\"WebSite\",\"@id\":\"https:\/\/www.onetimenexttime.sk\/arduino\/#website\",\"url\":\"https:\/\/www.onetimenexttime.sk\/arduino\/\",\"name\":\"Arduino e-shop\",\"description\":\"Home Assistant\",\"potentialAction\":[{\"@type\":\"SearchAction\",\"target\":{\"@type\":\"EntryPoint\",\"urlTemplate\":\"https:\/\/www.onetimenexttime.sk\/arduino\/?s={search_term_string}\"},\"query-input\":{\"@type\":\"PropertyValueSpecification\",\"valueRequired\":true,\"valueName\":\"search_term_string\"}}],\"inLanguage\":\"sk-SK\"}]}<\/script>\n<!-- \/ Yoast SEO plugin. -->","yoast_head_json":{"title":"FM Stereo Radio RDA5807M Wireless Module For Arduino RRD-102V2.0 - Arduino e-shop","robots":{"index":"index","follow":"follow","max-snippet":"max-snippet:-1","max-image-preview":"max-image-preview:large","max-video-preview":"max-video-preview:-1"},"canonical":"https:\/\/www.onetimenexttime.sk\/arduino\/index.php\/produkt\/fm-stereo-radio-rda5807m-wireless-module-for-arduino-rrd-102v2-0\/","og_locale":"sk_SK","og_type":"article","og_title":"FM Stereo Radio RDA5807M Wireless Module For Arduino RRD-102V2.0 - Arduino e-shop","og_description":"Bezdr\u00f4tov\u00fd modul FM stereo r\u00e1dio RDA5807M pre Arduino RRD-102V2.0 Detaily produktu Stereof\u00f3nny r\u00e1diov\u00fd modul FM RDA5807M RRD-102V2.0 bezdr\u00f4tov\u00fd modul Pro&hellip;","og_url":"https:\/\/www.onetimenexttime.sk\/arduino\/index.php\/produkt\/fm-stereo-radio-rda5807m-wireless-module-for-arduino-rrd-102v2-0\/","og_site_name":"Arduino e-shop","article_modified_time":"2021-10-20T08:42:05+00:00","og_image":[{"width":523,"height":525,"url":"https:\/\/www.onetimenexttime.sk\/arduino\/wp-content\/uploads\/2021\/10\/618.jpg","type":"image\/jpeg"}],"twitter_card":"summary_large_image","twitter_misc":{"Predpokladan\u00fd \u010das \u010d\u00edtania":"2 min\u00faty"},"schema":{"@context":"https:\/\/schema.org","@graph":[{"@type":"WebPage","@id":"https:\/\/www.onetimenexttime.sk\/arduino\/index.php\/produkt\/fm-stereo-radio-rda5807m-wireless-module-for-arduino-rrd-102v2-0\/","url":"https:\/\/www.onetimenexttime.sk\/arduino\/index.php\/produkt\/fm-stereo-radio-rda5807m-wireless-module-for-arduino-rrd-102v2-0\/","name":"FM Stereo Radio RDA5807M Wireless Module For Arduino RRD-102V2.0 - Arduino e-shop","isPartOf":{"@id":"https:\/\/www.onetimenexttime.sk\/arduino\/#website"},"primaryImageOfPage":{"@id":"https:\/\/www.onetimenexttime.sk\/arduino\/index.php\/produkt\/fm-stereo-radio-rda5807m-wireless-module-for-arduino-rrd-102v2-0\/#primaryimage"},"image":{"@id":"https:\/\/www.onetimenexttime.sk\/arduino\/index.php\/produkt\/fm-stereo-radio-rda5807m-wireless-module-for-arduino-rrd-102v2-0\/#primaryimage"},"thumbnailUrl":"https:\/\/www.onetimenexttime.sk\/arduino\/wp-content\/uploads\/2021\/10\/618.jpg","datePublished":"2021-10-20T08:37:48+00:00","dateModified":"2021-10-20T08:42:05+00:00","breadcrumb":{"@id":"https:\/\/www.onetimenexttime.sk\/arduino\/index.php\/produkt\/fm-stereo-radio-rda5807m-wireless-module-for-arduino-rrd-102v2-0\/#breadcrumb"},"inLanguage":"sk-SK","potentialAction":[{"@type":"ReadAction","target":["https:\/\/www.onetimenexttime.sk\/arduino\/index.php\/produkt\/fm-stereo-radio-rda5807m-wireless-module-for-arduino-rrd-102v2-0\/"]}]},{"@type":"ImageObject","inLanguage":"sk-SK","@id":"https:\/\/www.onetimenexttime.sk\/arduino\/index.php\/produkt\/fm-stereo-radio-rda5807m-wireless-module-for-arduino-rrd-102v2-0\/#primaryimage","url":"https:\/\/www.onetimenexttime.sk\/arduino\/wp-content\/uploads\/2021\/10\/618.jpg","contentUrl":"https:\/\/www.onetimenexttime.sk\/arduino\/wp-content\/uploads\/2021\/10\/618.jpg","width":523,"height":525},{"@type":"BreadcrumbList","@id":"https:\/\/www.onetimenexttime.sk\/arduino\/index.php\/produkt\/fm-stereo-radio-rda5807m-wireless-module-for-arduino-rrd-102v2-0\/#breadcrumb","itemListElement":[{"@type":"ListItem","position":1,"name":"Domov","item":"https:\/\/www.onetimenexttime.sk\/arduino\/"},{"@type":"ListItem","position":2,"name":"Obchod","item":"https:\/\/www.onetimenexttime.sk\/arduino\/"},{"@type":"ListItem","position":3,"name":"FM Stereo Radio RDA5807M Wireless Module For Arduino RRD-102V2.0"}]},{"@type":"WebSite","@id":"https:\/\/www.onetimenexttime.sk\/arduino\/#website","url":"https:\/\/www.onetimenexttime.sk\/arduino\/","name":"Arduino e-shop","description":"Home Assistant","potentialAction":[{"@type":"SearchAction","target":{"@type":"EntryPoint","urlTemplate":"https:\/\/www.onetimenexttime.sk\/arduino\/?s={search_term_string}"},"query-input":{"@type":"PropertyValueSpecification","valueRequired":true,"valueName":"search_term_string"}}],"inLanguage":"sk-SK"}]}},"_links":{"self":[{"href":"https:\/\/www.onetimenexttime.sk\/arduino\/index.php\/wp-json\/wp\/v2\/product\/349"}],"collection":[{"href":"https:\/\/www.onetimenexttime.sk\/arduino\/index.php\/wp-json\/wp\/v2\/product"}],"about":[{"href":"https:\/\/www.onetimenexttime.sk\/arduino\/index.php\/wp-json\/wp\/v2\/types\/product"}],"wp:featuredmedia":[{"embeddable":true,"href":"https:\/\/www.onetimenexttime.sk\/arduino\/index.php\/wp-json\/wp\/v2\/media\/350"}],"wp:attachment":[{"href":"https:\/\/www.onetimenexttime.sk\/arduino\/index.php\/wp-json\/wp\/v2\/media?parent=349"}],"wp:term":[{"taxonomy":"product_cat","embeddable":true,"href":"https:\/\/www.onetimenexttime.sk\/arduino\/index.php\/wp-json\/wp\/v2\/product_cat?post=349"},{"taxonomy":"product_tag","embeddable":true,"href":"https:\/\/www.onetimenexttime.sk\/arduino\/index.php\/wp-json\/wp\/v2\/product_tag?post=349"}],"curies":[{"name":"wp","href":"https:\/\/api.w.org\/{rel}","templated":true}]}}