{"id":343,"date":"2021-10-20T10:26:19","date_gmt":"2021-10-20T08:26:19","guid":{"rendered":"https:\/\/www.onetimenexttime.sk\/arduino\/?post_type=product&#038;p=343"},"modified":"2023-01-18T18:51:10","modified_gmt":"2023-01-18T17:51:10","slug":"u-disk-audio-play-micro-sd-card-mp3-sound-mini-module-for-pic-for-arduino-wtv020-sd-16p","status":"publish","type":"product","link":"https:\/\/www.onetimenexttime.sk\/arduino\/index.php\/produkt\/u-disk-audio-play-micro-sd-card-mp3-sound-mini-module-for-pic-for-arduino-wtv020-sd-16p\/","title":{"rendered":"U-disk audio play Micro SD Card MP3 Sound Mini Module For PIC for Arduino WTV020-SD-16P"},"content":{"rendered":"<h2>Prehr\u00e1vanie zvuku na disku U, Micro SD karta, mini modul MP3 pre PIC pre Arduino WTV020-SD-16P<\/h2>\n<p>Produkt podporuje maxim\u00e1lnu kapacitu 1G karty SD;<\/p>\n<p>Podporuje prehr\u00e1vanie s\u00faborov vo form\u00e1te 4Bit ADPCM;<\/p>\n<p>Automaticky rozpozn\u00e1va\u0165 hlasov\u00e9 s\u00fabory;<\/p>\n<p>Na\u010d\u00edtate\u013en\u00e9 6KHz a\u017e 32KHz, 36KHz vzorkovacia frekvencia, zvuk AD4;<\/p>\n<p>Na\u010d\u00edtate\u013en\u00e1 vzorkovacia frekvencia 6KHz ~ 16KHz WAV audio;<\/p>\n<p>16bitov\u00fd zvukov\u00fd v\u00fdstup DAC a PWM;<\/p>\n<p>M\u00f4\u017ee ulo\u017ei\u0165 a\u017e 512 hlasov;<\/p>\n<p>WTV020-SD-20S, WTV020-SD-16P dva typy modulov ;.<\/p>\n<p>Podpora mikroprocesora a ovl\u00e1dania k\u013e\u00fa\u010dov;<\/p>\n<p>Prehr\u00e1vanie hlasu m\u00f4\u017ee vyvola\u0165 \u013eubovo\u013en\u00fd odsek;<\/p>\n<p>Vypnutie funkcie ulo\u017eenia prev\u00e1dzkov\u00fdch \u00fadajov;<\/p>\n<p>Na\u010d\u00edtan\u00fd hlas bez softv\u00e9rovej pomoci na kartu SD je mo\u017en\u00e9 umiestni\u0165 priamo na hlas;<\/p>\n<p>Podpora prehr\u00e1vania kombin\u00e1ci\u00ed s\u00faborov vr\u00e1tane kombin\u00e1cie stlmenia;<\/p>\n<p>Prev\u00e1dzkov\u00e9 nap\u00e4tie: DC2,5 ~ 3,6V;<\/p>\n<p>&nbsp;<\/p>\n<p>Pokojov\u00fd pr\u00fad: 16uA (karta SD nie je vlo\u017een\u00e1)<\/p>\n<p><img decoding=\"async\" src=\"https:\/\/s4.bukalapak.com\/img\/4793038402\/large\/WTV020_WTV020_M01_WTV020M01_MP3_PLAYER_VOICE_AUDIO_MODULE_AR.jpg\" alt=\"Jual WTV020 WTV020-M01 WTV020M01 MP3 PLAYER VOICE AUDIO MODULE ARDUINO di Lapak jihanatqainna | Bukalapak\" \/><\/p>\n<p><img decoding=\"async\" src=\"https:\/\/i5s5d4q2.stackpathcdn.com\/wp-content\/uploads\/2015\/07\/FN-M16P.gif\" alt=\"WTV020M01 \/ WTV020-SD Module - 1pico.com\" \/><\/p>\n<p><img decoding=\"async\" src=\"https:\/\/store.qkits.com\/assets\/png\/pinout-mp3-wtv020-sd-module-950x380.png\" alt=\"WTV020 MP3 player Kingston Ontario Canada\" \/><\/p>\n<p>Preh\u013ead produktu:<\/p>\n<p>Modul WTV020-SD je hlasov\u00fd prepisovate\u013en\u00fd typ obsahu ve\u013ekokapacitn\u00e9ho hlasov\u00e9ho modulu s mo\u017enos\u0165ou pripojenia 1 GB pam\u00e4te SD karty. M\u00f4\u017ee na\u010d\u00edta\u0165 hlas vo form\u00e1te WAV a hlas vo form\u00e1te AD4.<\/p>\n<p>Hlasov\u00fd \u010dip modulu WTV020-SD Hlavn\u00e9 jadro WTV020SD-20S, s re\u017eimom ovl\u00e1dania MP3, hlavn\u00fdm re\u017eimom ovl\u00e1dania jeden na jedn\u00e9ho (3 hlasy s dvoma hlasmi), re\u017eimom ovl\u00e1dania nap\u00e1jacej slu\u010dky a s\u00e9riov\u00fdm ovl\u00e1dan\u00edm druhej rady re\u017eim. Riadiaci re\u017eim je nastaven\u00fd na \u010dipe pr\u00edpravku vzorky, nemo\u017eno ho prep\u00edna\u0165 po\u010das prev\u00e1dzky r\u00f4znych re\u017eimov riadenia, ako je napr\u00edklad potreba pou\u017ei\u0165 ak\u00fd re\u017eim riadenia, div\u00edzia I vybudova\u0165.<\/p>\n<p>Re\u017eim ovl\u00e1dania MP3: prehr\u00e1vanie \/ zastavenie a \u010fal\u0161\u00ed, na jednom, funkcie Volume +, Volume -.<\/p>\n<p>Hlavn\u00fd re\u017eim ovl\u00e1dania jeden na jedn\u00e9ho (3 odseky hlasu): k\u013e\u00fa\u010d zodpovedaj\u00faci sp\u00fa\u0161ti, hlas mus\u00ed hra\u0165 tromi hlasmi a upravi\u0165 funkciu od\u010d\u00edtania hlasitosti, v\u0161etky tla\u010didl\u00e1 s\u00fa predvolen\u00fdm sp\u00fa\u0161\u0165ac\u00edm impulzom, ktor\u00fd sa neopakuje.<\/p>\n<p>K\u013e\u00fa\u010dov\u00fd re\u017eim ovl\u00e1dania jeden na jedn\u00e9ho (5 odsekov hlasu): m\u00e1 tri sp\u00f4soby ovl\u00e1dania \u2474, v\u0161etky kl\u00e1vesy s\u00fa impulzne sp\u00fa\u0161\u0165ate\u013en\u00e9; \u2475 v\u0161etky kl\u00e1vesy sl\u00fa\u017eia na spustenie \/ zastavenie (singly sa necykluj\u00fa); \u2476 v\u0161etky kl\u00e1vesy s\u00fa prehr\u00e1vanie \/ zastavenie (jeden cyklus).<\/p>\n<p>Re\u017eim ovl\u00e1dania pomocou slu\u010dky: pri nap\u00e1jan\u00ed nemus\u00ed sp\u00fa\u0161\u0165a\u0165 \u017eiadny vstupno-v\u00fdstupn\u00fd port a smerova\u0165 v\u0161etku hlasov\u00fa pam\u00e4\u0165 automatick\u00e9ho prehr\u00e1vania karty SD a m\u00e1 funkciu nap\u00e1jania a prehr\u00e1vania pam\u00e4te, ke\u010f sa vypne a potom automaticky zapne posledn\u00fd nap\u00e1jac\u00ed zdroj obnovi\u0165 prehr\u00e1vanie hlasu. Dva re\u017eimy ovl\u00e1dania \u2474, P04 m\u00e1 funkciu pulzn\u00e9ho prehr\u00e1vania \/ pozastavenia; \u2475, P05 m\u00e1 funkciu prehr\u00e1vania \/ pozastavenia na \u00farovni.<\/p>\n<p>Dvojvodi\u010dov\u00fd re\u017eim s\u00e9riov\u00e9ho riadenia: Hodiny CLK a odoslanie DI d\u00e1tovej linky mikrokontrol\u00e9rom cez modul WTV020-SD na ovl\u00e1danie d\u00e1t. Bezplatne m\u00f4\u017eete hra\u0165 hlas akejko\u013evek adresy. V tomto stave je mo\u017en\u00e9 hra\u0165 kombin\u00e1ciu hlasu.<\/p>\n<p>Hlasov\u00e9 aktualiz\u00e1cie priamo prostredn\u00edctvom \u010d\u00edta\u010dky kariet SD po v\u00fdmene po\u010d\u00edta\u010da. Modul podporuje s\u00faborov\u00fd syst\u00e9m FAT. Podpora 6KHz a\u017e 32KHz, 36KHz vzorkovacia frekvencia hlasu AD4 a 6KHz ~ 16KHz WAV vzorkovacia frekvencia zvuku WAV, dok\u00e1\u017ee automaticky rozpozna\u0165 vzorkovaciu frekvenciu hlasu a form\u00e1t hlasov\u00e9ho s\u00faboru.<\/p>\n<p>Aplik\u00e1cie:<br \/>\nModul WTV020-SD je mo\u017en\u00e9 pou\u017ei\u0165 v automobilovej elektronike (alarm proti kr\u00e1de\u017ei, parkovac\u00ed senzor, naviga\u010dn\u00e9 syst\u00e9my GPS, elektronick\u00fd pes, centr\u00e1lne zamykanie), inteligentn\u00fd dom\u00e1ci syst\u00e9m, poplach proti vl\u00e1maniu do domu, lek\u00e1rske n\u00e1stroje, v\u00fdzvy \u013eudsk\u00e9ho hlasu, prehr\u00e1va\u010d hudby, domov spotrebi\u010de (spor\u00e1k, ry\u017eovar, mikrovlnn\u00e1 r\u00fara), z\u00e1bavn\u00e9 zariadenia (hern\u00e9 konzoly, z\u00e1bavn\u00fd automat) model u\u010denia (Zaojiao, detsk\u00e9 zvukov\u00e9 knihy), inteligentn\u00e9 dopravn\u00e9 zariadenia (m\u00fdtne stanice, parkovisk\u00e1), komunika\u010dn\u00e9 zariadenia (telef\u00f3nne prep\u00edna\u010de, telef\u00f3ny), priemyseln\u00e9 riadiace oblasti (v\u00fd\u0165ahy, priemyseln\u00e9 zariadenia), hra\u010dky a \u010fal\u0161ie polia.<\/p>\n<p>4. Predvolen\u00fd model produktu je re\u017eim s\u00e9riovej kontroly<\/p>\n<p>&nbsp;<\/p>\n","protected":false},"excerpt":{"rendered":"<p>Prehr\u00e1vanie zvuku na disku U, Micro SD karta, mini modul MP3 pre PIC pre Arduino WTV020-SD-16P Produkt podporuje maxim\u00e1lnu kapacitu&hellip;<\/p>\n","protected":false},"featured_media":344,"template":"","meta":{"_monsterinsights_skip_tracking":false,"_monsterinsights_sitenote_active":false,"_monsterinsights_sitenote_note":"","_monsterinsights_sitenote_category":0},"product_cat":[16,23],"product_tag":[],"class_list":{"0":"post-343","1":"product","2":"type-product","3":"status-publish","4":"has-post-thumbnail","6":"product_cat-ard","7":"product_cat-audio-modul","9":"first","10":"instock","11":"shipping-taxable","12":"purchasable","13":"product-type-simple"},"yoast_head":"<!-- This site is optimized with the Yoast SEO plugin v23.6 - https:\/\/yoast.com\/wordpress\/plugins\/seo\/ -->\n<title>U-disk audio play Micro SD Card MP3 Sound Mini Module For PIC for Arduino WTV020-SD-16P - Arduino e-shop<\/title>\n<meta name=\"robots\" content=\"index, follow, max-snippet:-1, max-image-preview:large, max-video-preview:-1\" \/>\n<link rel=\"canonical\" href=\"https:\/\/www.onetimenexttime.sk\/arduino\/index.php\/produkt\/u-disk-audio-play-micro-sd-card-mp3-sound-mini-module-for-pic-for-arduino-wtv020-sd-16p\/\" \/>\n<meta property=\"og:locale\" content=\"sk_SK\" \/>\n<meta property=\"og:type\" content=\"article\" \/>\n<meta property=\"og:title\" content=\"U-disk audio play Micro SD Card MP3 Sound Mini Module For PIC for Arduino WTV020-SD-16P - Arduino e-shop\" \/>\n<meta property=\"og:description\" content=\"Prehr\u00e1vanie zvuku na disku U, Micro SD karta, mini modul MP3 pre PIC pre Arduino WTV020-SD-16P Produkt podporuje maxim\u00e1lnu kapacitu&hellip;\" \/>\n<meta property=\"og:url\" content=\"https:\/\/www.onetimenexttime.sk\/arduino\/index.php\/produkt\/u-disk-audio-play-micro-sd-card-mp3-sound-mini-module-for-pic-for-arduino-wtv020-sd-16p\/\" \/>\n<meta property=\"og:site_name\" content=\"Arduino e-shop\" \/>\n<meta property=\"article:modified_time\" content=\"2023-01-18T17:51:10+00:00\" \/>\n<meta property=\"og:image\" content=\"https:\/\/www.onetimenexttime.sk\/arduino\/wp-content\/uploads\/2021\/10\/642.jpg\" \/>\n\t<meta property=\"og:image:width\" content=\"535\" \/>\n\t<meta property=\"og:image:height\" content=\"534\" \/>\n\t<meta property=\"og:image:type\" content=\"image\/jpeg\" \/>\n<meta name=\"twitter:card\" content=\"summary_large_image\" \/>\n<meta name=\"twitter:label1\" content=\"Predpokladan\u00fd \u010das \u010d\u00edtania\" \/>\n\t<meta name=\"twitter:data1\" content=\"3 min\u00faty\" \/>\n<script type=\"application\/ld+json\" class=\"yoast-schema-graph\">{\"@context\":\"https:\/\/schema.org\",\"@graph\":[{\"@type\":\"WebPage\",\"@id\":\"https:\/\/www.onetimenexttime.sk\/arduino\/index.php\/produkt\/u-disk-audio-play-micro-sd-card-mp3-sound-mini-module-for-pic-for-arduino-wtv020-sd-16p\/\",\"url\":\"https:\/\/www.onetimenexttime.sk\/arduino\/index.php\/produkt\/u-disk-audio-play-micro-sd-card-mp3-sound-mini-module-for-pic-for-arduino-wtv020-sd-16p\/\",\"name\":\"U-disk audio play Micro SD Card MP3 Sound Mini Module For PIC for Arduino WTV020-SD-16P - Arduino e-shop\",\"isPartOf\":{\"@id\":\"https:\/\/www.onetimenexttime.sk\/arduino\/#website\"},\"primaryImageOfPage\":{\"@id\":\"https:\/\/www.onetimenexttime.sk\/arduino\/index.php\/produkt\/u-disk-audio-play-micro-sd-card-mp3-sound-mini-module-for-pic-for-arduino-wtv020-sd-16p\/#primaryimage\"},\"image\":{\"@id\":\"https:\/\/www.onetimenexttime.sk\/arduino\/index.php\/produkt\/u-disk-audio-play-micro-sd-card-mp3-sound-mini-module-for-pic-for-arduino-wtv020-sd-16p\/#primaryimage\"},\"thumbnailUrl\":\"https:\/\/www.onetimenexttime.sk\/arduino\/wp-content\/uploads\/2021\/10\/642.jpg\",\"datePublished\":\"2021-10-20T08:26:19+00:00\",\"dateModified\":\"2023-01-18T17:51:10+00:00\",\"breadcrumb\":{\"@id\":\"https:\/\/www.onetimenexttime.sk\/arduino\/index.php\/produkt\/u-disk-audio-play-micro-sd-card-mp3-sound-mini-module-for-pic-for-arduino-wtv020-sd-16p\/#breadcrumb\"},\"inLanguage\":\"sk-SK\",\"potentialAction\":[{\"@type\":\"ReadAction\",\"target\":[\"https:\/\/www.onetimenexttime.sk\/arduino\/index.php\/produkt\/u-disk-audio-play-micro-sd-card-mp3-sound-mini-module-for-pic-for-arduino-wtv020-sd-16p\/\"]}]},{\"@type\":\"ImageObject\",\"inLanguage\":\"sk-SK\",\"@id\":\"https:\/\/www.onetimenexttime.sk\/arduino\/index.php\/produkt\/u-disk-audio-play-micro-sd-card-mp3-sound-mini-module-for-pic-for-arduino-wtv020-sd-16p\/#primaryimage\",\"url\":\"https:\/\/www.onetimenexttime.sk\/arduino\/wp-content\/uploads\/2021\/10\/642.jpg\",\"contentUrl\":\"https:\/\/www.onetimenexttime.sk\/arduino\/wp-content\/uploads\/2021\/10\/642.jpg\",\"width\":535,\"height\":534},{\"@type\":\"BreadcrumbList\",\"@id\":\"https:\/\/www.onetimenexttime.sk\/arduino\/index.php\/produkt\/u-disk-audio-play-micro-sd-card-mp3-sound-mini-module-for-pic-for-arduino-wtv020-sd-16p\/#breadcrumb\",\"itemListElement\":[{\"@type\":\"ListItem\",\"position\":1,\"name\":\"Domov\",\"item\":\"https:\/\/www.onetimenexttime.sk\/arduino\/\"},{\"@type\":\"ListItem\",\"position\":2,\"name\":\"Obchod\",\"item\":\"https:\/\/www.onetimenexttime.sk\/arduino\/\"},{\"@type\":\"ListItem\",\"position\":3,\"name\":\"U-disk audio play Micro SD Card MP3 Sound Mini Module For PIC for Arduino WTV020-SD-16P\"}]},{\"@type\":\"WebSite\",\"@id\":\"https:\/\/www.onetimenexttime.sk\/arduino\/#website\",\"url\":\"https:\/\/www.onetimenexttime.sk\/arduino\/\",\"name\":\"Arduino e-shop\",\"description\":\"Home Assistant\",\"potentialAction\":[{\"@type\":\"SearchAction\",\"target\":{\"@type\":\"EntryPoint\",\"urlTemplate\":\"https:\/\/www.onetimenexttime.sk\/arduino\/?s={search_term_string}\"},\"query-input\":{\"@type\":\"PropertyValueSpecification\",\"valueRequired\":true,\"valueName\":\"search_term_string\"}}],\"inLanguage\":\"sk-SK\"}]}<\/script>\n<!-- \/ Yoast SEO plugin. -->","yoast_head_json":{"title":"U-disk audio play Micro SD Card MP3 Sound Mini Module For PIC for Arduino WTV020-SD-16P - Arduino e-shop","robots":{"index":"index","follow":"follow","max-snippet":"max-snippet:-1","max-image-preview":"max-image-preview:large","max-video-preview":"max-video-preview:-1"},"canonical":"https:\/\/www.onetimenexttime.sk\/arduino\/index.php\/produkt\/u-disk-audio-play-micro-sd-card-mp3-sound-mini-module-for-pic-for-arduino-wtv020-sd-16p\/","og_locale":"sk_SK","og_type":"article","og_title":"U-disk audio play Micro SD Card MP3 Sound Mini Module For PIC for Arduino WTV020-SD-16P - Arduino e-shop","og_description":"Prehr\u00e1vanie zvuku na disku U, Micro SD karta, mini modul MP3 pre PIC pre Arduino WTV020-SD-16P Produkt podporuje maxim\u00e1lnu kapacitu&hellip;","og_url":"https:\/\/www.onetimenexttime.sk\/arduino\/index.php\/produkt\/u-disk-audio-play-micro-sd-card-mp3-sound-mini-module-for-pic-for-arduino-wtv020-sd-16p\/","og_site_name":"Arduino e-shop","article_modified_time":"2023-01-18T17:51:10+00:00","og_image":[{"width":535,"height":534,"url":"https:\/\/www.onetimenexttime.sk\/arduino\/wp-content\/uploads\/2021\/10\/642.jpg","type":"image\/jpeg"}],"twitter_card":"summary_large_image","twitter_misc":{"Predpokladan\u00fd \u010das \u010d\u00edtania":"3 min\u00faty"},"schema":{"@context":"https:\/\/schema.org","@graph":[{"@type":"WebPage","@id":"https:\/\/www.onetimenexttime.sk\/arduino\/index.php\/produkt\/u-disk-audio-play-micro-sd-card-mp3-sound-mini-module-for-pic-for-arduino-wtv020-sd-16p\/","url":"https:\/\/www.onetimenexttime.sk\/arduino\/index.php\/produkt\/u-disk-audio-play-micro-sd-card-mp3-sound-mini-module-for-pic-for-arduino-wtv020-sd-16p\/","name":"U-disk audio play Micro SD Card MP3 Sound Mini Module For PIC for Arduino WTV020-SD-16P - Arduino e-shop","isPartOf":{"@id":"https:\/\/www.onetimenexttime.sk\/arduino\/#website"},"primaryImageOfPage":{"@id":"https:\/\/www.onetimenexttime.sk\/arduino\/index.php\/produkt\/u-disk-audio-play-micro-sd-card-mp3-sound-mini-module-for-pic-for-arduino-wtv020-sd-16p\/#primaryimage"},"image":{"@id":"https:\/\/www.onetimenexttime.sk\/arduino\/index.php\/produkt\/u-disk-audio-play-micro-sd-card-mp3-sound-mini-module-for-pic-for-arduino-wtv020-sd-16p\/#primaryimage"},"thumbnailUrl":"https:\/\/www.onetimenexttime.sk\/arduino\/wp-content\/uploads\/2021\/10\/642.jpg","datePublished":"2021-10-20T08:26:19+00:00","dateModified":"2023-01-18T17:51:10+00:00","breadcrumb":{"@id":"https:\/\/www.onetimenexttime.sk\/arduino\/index.php\/produkt\/u-disk-audio-play-micro-sd-card-mp3-sound-mini-module-for-pic-for-arduino-wtv020-sd-16p\/#breadcrumb"},"inLanguage":"sk-SK","potentialAction":[{"@type":"ReadAction","target":["https:\/\/www.onetimenexttime.sk\/arduino\/index.php\/produkt\/u-disk-audio-play-micro-sd-card-mp3-sound-mini-module-for-pic-for-arduino-wtv020-sd-16p\/"]}]},{"@type":"ImageObject","inLanguage":"sk-SK","@id":"https:\/\/www.onetimenexttime.sk\/arduino\/index.php\/produkt\/u-disk-audio-play-micro-sd-card-mp3-sound-mini-module-for-pic-for-arduino-wtv020-sd-16p\/#primaryimage","url":"https:\/\/www.onetimenexttime.sk\/arduino\/wp-content\/uploads\/2021\/10\/642.jpg","contentUrl":"https:\/\/www.onetimenexttime.sk\/arduino\/wp-content\/uploads\/2021\/10\/642.jpg","width":535,"height":534},{"@type":"BreadcrumbList","@id":"https:\/\/www.onetimenexttime.sk\/arduino\/index.php\/produkt\/u-disk-audio-play-micro-sd-card-mp3-sound-mini-module-for-pic-for-arduino-wtv020-sd-16p\/#breadcrumb","itemListElement":[{"@type":"ListItem","position":1,"name":"Domov","item":"https:\/\/www.onetimenexttime.sk\/arduino\/"},{"@type":"ListItem","position":2,"name":"Obchod","item":"https:\/\/www.onetimenexttime.sk\/arduino\/"},{"@type":"ListItem","position":3,"name":"U-disk audio play Micro SD Card MP3 Sound Mini Module For PIC for Arduino WTV020-SD-16P"}]},{"@type":"WebSite","@id":"https:\/\/www.onetimenexttime.sk\/arduino\/#website","url":"https:\/\/www.onetimenexttime.sk\/arduino\/","name":"Arduino e-shop","description":"Home Assistant","potentialAction":[{"@type":"SearchAction","target":{"@type":"EntryPoint","urlTemplate":"https:\/\/www.onetimenexttime.sk\/arduino\/?s={search_term_string}"},"query-input":{"@type":"PropertyValueSpecification","valueRequired":true,"valueName":"search_term_string"}}],"inLanguage":"sk-SK"}]}},"_links":{"self":[{"href":"https:\/\/www.onetimenexttime.sk\/arduino\/index.php\/wp-json\/wp\/v2\/product\/343"}],"collection":[{"href":"https:\/\/www.onetimenexttime.sk\/arduino\/index.php\/wp-json\/wp\/v2\/product"}],"about":[{"href":"https:\/\/www.onetimenexttime.sk\/arduino\/index.php\/wp-json\/wp\/v2\/types\/product"}],"wp:featuredmedia":[{"embeddable":true,"href":"https:\/\/www.onetimenexttime.sk\/arduino\/index.php\/wp-json\/wp\/v2\/media\/344"}],"wp:attachment":[{"href":"https:\/\/www.onetimenexttime.sk\/arduino\/index.php\/wp-json\/wp\/v2\/media?parent=343"}],"wp:term":[{"taxonomy":"product_cat","embeddable":true,"href":"https:\/\/www.onetimenexttime.sk\/arduino\/index.php\/wp-json\/wp\/v2\/product_cat?post=343"},{"taxonomy":"product_tag","embeddable":true,"href":"https:\/\/www.onetimenexttime.sk\/arduino\/index.php\/wp-json\/wp\/v2\/product_tag?post=343"}],"curies":[{"name":"wp","href":"https:\/\/api.w.org\/{rel}","templated":true}]}}