{"id":341,"date":"2021-10-20T10:23:34","date_gmt":"2021-10-20T08:23:34","guid":{"rendered":"https:\/\/www.onetimenexttime.sk\/arduino\/?post_type=product&#038;p=341"},"modified":"2021-10-20T10:25:47","modified_gmt":"2021-10-20T08:25:47","slug":"tea5767-fm-stereo-radio-module-for-arduino-76-108mhz-with-free-cable-antenna","status":"publish","type":"product","link":"https:\/\/www.onetimenexttime.sk\/arduino\/index.php\/produkt\/tea5767-fm-stereo-radio-module-for-arduino-76-108mhz-with-free-cable-antenna\/","title":{"rendered":"TEA5767 FM Stereo Radio Module for Arduino 76-108MHZ With Free Cable Antenna"},"content":{"rendered":"<h2>Stereo r\u00e1diov\u00fd modul TEA5767 FM pre Arduino 76-108 MHz s bezplatnou k\u00e1blovou ant\u00e9nou<\/h2>\n<p>&nbsp;<\/p>\n<p>Preh\u013ead:<\/p>\n<p>Stereof\u00f3nny r\u00e1diov\u00fd modul \u201eRRD-102V2.0\u201c (stereof\u00f3nny r\u00e1diov\u00fd modul FM) vysok\u00e1 citlivos\u0165, n\u00edzka spotreba energie, extr\u00e9mne mal\u00e1 ve\u013ekos\u0165 stereof\u00f3nneho r\u00e1diov\u00e9ho modulu FM. Pou\u017eit\u00edm mikroelektroniky RDA RDA5807M (alebo RDA5802NM) m\u00e1 tento obvod menej extern\u00fdch komponentov, faktor hluku je minim\u00e1lny. Mal\u00e9 rozmery, n\u00edzka spotreba energie, n\u00edzke n\u00e1klady, jednoduch\u00e1 aplik\u00e1cia, vyu\u017eitie \u0161irok\u00e9ho spektra v\u00fdhod. Je \u013eahko pou\u017eite\u013en\u00fd a m\u00e1 vysoko n\u00e1kladovo efekt\u00edvny jedno\u010dipov\u00fd stereof\u00f3nny r\u00e1diov\u00fd modul FM.<br \/>\nA: Presu\u0148te DVD, TV, MP3, MP4 a \u010fal\u0161\u00ed vstavan\u00fd modul \u0161irokop\u00e1smov\u00e9ho bezdr\u00f4tov\u00e9ho prij\u00edma\u010da FM.<br \/>\nB: ban\u00edctvo, podnikanie, kampus, obytn\u00e9, turistick\u00e9 oblasti a \u010fal\u0161ie verejn\u00e9 miesta, stereo FM r\u00e1dio<br \/>\nsyst\u00e9mu.<br \/>\nC: funkcia bezdr\u00f4tov\u00e9ho zvuku a bezdr\u00f4tov\u00fdch stereo sl\u00fachadiel.<br \/>\nD: GPS navig\u00e1cia, telev\u00edzne vysielacie syst\u00e9my a \u010fal\u0161ie bezdr\u00f4tov\u00e9 FM r\u00e1dio.<br \/>\nE: \u0160pi\u010dkov\u00e9 hern\u00e9 konzoly a bezdr\u00f4tov\u00e9 zvukov\u00e9 elektronick\u00e9 hra\u010dky.<br \/>\nF: mobiln\u00e9 telef\u00f3ny, mobiln\u00e9 telef\u00f3ny, syst\u00e9my interkomov, mobiln\u00e9 r\u00e1diov\u00e9 zariadenia a in\u00e9 stereo r\u00e1dio.<br \/>\nG: PDAS a prenosn\u00fd po\u010d\u00edta\u010d a \u010fal\u0161ie perif\u00e9rne aplik\u00e1cie.<\/p>\n<p>Funkcia:<\/p>\n<p>\u0160pecifik\u00e1cia:<\/p>\n<p>nap\u00e1janie: 5V<br \/>\nFrekven\u010dn\u00fd rozsah: 76-108MHZ<br \/>\nVe\u013ekos\u0165 PCB: 31*30 mm<br \/>\nS di\u00f3dou na ochranu proti prep\u00f3lovaniu<br \/>\nSo sn\u00edma\u010dom filtrovania v\u00fdkonu<br \/>\nPriame pripojenie rozhrania ant\u00e9ny<br \/>\nKomunik\u00e1cia po zbernici I2C<br \/>\nKombinovan\u00fd filter s viacer\u00fdmi kondenz\u00e1tormi<br \/>\nModr\u00fd LED indik\u00e1tor nap\u00e1jania<br \/>\n\u010cipov\u00fd modul FM TEA5767<br \/>\nIntegrovan\u00e9 3,5 mm zvukov\u00e9 rozhranie<br \/>\nAk sa prip\u00e1ja jedin\u00fdm \u010dipom, pripojte iba nap\u00e1jaciu zem a dva komunika\u010dn\u00e9 k\u00e1ble I2C<\/p>\n<p>Vlastnosti:<\/p>\n<p>LC harmonick\u00fd oscil\u00e1tor pou\u017e\u00edva lacn\u00fd pevn\u00fd \u010dip<br \/>\nStredn\u00fa frekvenciu nie je potrebn\u00e9 upravova\u0165<br \/>\nVysok\u00e1 citlivos\u0165 (n\u00edzko\u0161umov\u00fd RF vstupn\u00fd zosil\u0148ova\u010d)<br \/>\nVysokov\u00fdkonn\u00fd obvod automatick\u00e9ho riadenia zisku AGC<br \/>\nTich\u00e9 stlmenie<\/p>\n<p>&nbsp;<\/p>\n<p>Bal\u00ed\u010dek obsahuje:<\/p>\n<p>1 x stereof\u00f3nny r\u00e1diov\u00fd modul TEA5767 FM<br \/>\n1 x k\u00e1blov\u00e1 ant\u00e9na<\/p>\n","protected":false},"excerpt":{"rendered":"<p>Stereo r\u00e1diov\u00fd modul TEA5767 FM pre Arduino 76-108 MHz s bezplatnou k\u00e1blovou ant\u00e9nou &nbsp; Preh\u013ead: Stereof\u00f3nny r\u00e1diov\u00fd modul \u201eRRD-102V2.0\u201c (stereof\u00f3nny&hellip;<\/p>\n","protected":false},"featured_media":342,"template":"","meta":{"_monsterinsights_skip_tracking":false,"_monsterinsights_sitenote_active":false,"_monsterinsights_sitenote_note":"","_monsterinsights_sitenote_category":0},"product_cat":[16,23,26],"product_tag":[],"class_list":{"0":"post-341","1":"product","2":"type-product","3":"status-publish","4":"has-post-thumbnail","6":"product_cat-ard","7":"product_cat-audio-modul","8":"product_cat-radio","10":"first","11":"instock","12":"shipping-taxable","13":"purchasable","14":"product-type-simple"},"yoast_head":"<!-- This site is optimized with the Yoast SEO plugin v23.6 - https:\/\/yoast.com\/wordpress\/plugins\/seo\/ -->\n<title>TEA5767 FM Stereo Radio Module for Arduino 76-108MHZ With Free Cable Antenna - Arduino e-shop<\/title>\n<meta name=\"robots\" content=\"index, follow, max-snippet:-1, max-image-preview:large, max-video-preview:-1\" \/>\n<link rel=\"canonical\" href=\"https:\/\/www.onetimenexttime.sk\/arduino\/index.php\/produkt\/tea5767-fm-stereo-radio-module-for-arduino-76-108mhz-with-free-cable-antenna\/\" \/>\n<meta property=\"og:locale\" content=\"sk_SK\" \/>\n<meta property=\"og:type\" content=\"article\" \/>\n<meta property=\"og:title\" content=\"TEA5767 FM Stereo Radio Module for Arduino 76-108MHZ With Free Cable Antenna - Arduino e-shop\" \/>\n<meta property=\"og:description\" content=\"Stereo r\u00e1diov\u00fd modul TEA5767 FM pre Arduino 76-108 MHz s bezplatnou k\u00e1blovou ant\u00e9nou &nbsp; Preh\u013ead: Stereof\u00f3nny r\u00e1diov\u00fd modul \u201eRRD-102V2.0\u201c (stereof\u00f3nny&hellip;\" \/>\n<meta property=\"og:url\" content=\"https:\/\/www.onetimenexttime.sk\/arduino\/index.php\/produkt\/tea5767-fm-stereo-radio-module-for-arduino-76-108mhz-with-free-cable-antenna\/\" \/>\n<meta property=\"og:site_name\" content=\"Arduino e-shop\" \/>\n<meta property=\"article:modified_time\" content=\"2021-10-20T08:25:47+00:00\" \/>\n<meta property=\"og:image\" content=\"https:\/\/www.onetimenexttime.sk\/arduino\/wp-content\/uploads\/2021\/10\/633.webp\" \/>\n\t<meta property=\"og:image:width\" content=\"500\" \/>\n\t<meta property=\"og:image:height\" content=\"500\" \/>\n\t<meta property=\"og:image:type\" content=\"image\/webp\" \/>\n<meta name=\"twitter:card\" content=\"summary_large_image\" \/>\n<meta name=\"twitter:label1\" content=\"Predpokladan\u00fd \u010das \u010d\u00edtania\" \/>\n\t<meta name=\"twitter:data1\" content=\"2 min\u00faty\" \/>\n<script type=\"application\/ld+json\" class=\"yoast-schema-graph\">{\"@context\":\"https:\/\/schema.org\",\"@graph\":[{\"@type\":\"WebPage\",\"@id\":\"https:\/\/www.onetimenexttime.sk\/arduino\/index.php\/produkt\/tea5767-fm-stereo-radio-module-for-arduino-76-108mhz-with-free-cable-antenna\/\",\"url\":\"https:\/\/www.onetimenexttime.sk\/arduino\/index.php\/produkt\/tea5767-fm-stereo-radio-module-for-arduino-76-108mhz-with-free-cable-antenna\/\",\"name\":\"TEA5767 FM Stereo Radio Module for Arduino 76-108MHZ With Free Cable Antenna - Arduino e-shop\",\"isPartOf\":{\"@id\":\"https:\/\/www.onetimenexttime.sk\/arduino\/#website\"},\"primaryImageOfPage\":{\"@id\":\"https:\/\/www.onetimenexttime.sk\/arduino\/index.php\/produkt\/tea5767-fm-stereo-radio-module-for-arduino-76-108mhz-with-free-cable-antenna\/#primaryimage\"},\"image\":{\"@id\":\"https:\/\/www.onetimenexttime.sk\/arduino\/index.php\/produkt\/tea5767-fm-stereo-radio-module-for-arduino-76-108mhz-with-free-cable-antenna\/#primaryimage\"},\"thumbnailUrl\":\"https:\/\/www.onetimenexttime.sk\/arduino\/wp-content\/uploads\/2021\/10\/633.webp\",\"datePublished\":\"2021-10-20T08:23:34+00:00\",\"dateModified\":\"2021-10-20T08:25:47+00:00\",\"breadcrumb\":{\"@id\":\"https:\/\/www.onetimenexttime.sk\/arduino\/index.php\/produkt\/tea5767-fm-stereo-radio-module-for-arduino-76-108mhz-with-free-cable-antenna\/#breadcrumb\"},\"inLanguage\":\"sk-SK\",\"potentialAction\":[{\"@type\":\"ReadAction\",\"target\":[\"https:\/\/www.onetimenexttime.sk\/arduino\/index.php\/produkt\/tea5767-fm-stereo-radio-module-for-arduino-76-108mhz-with-free-cable-antenna\/\"]}]},{\"@type\":\"ImageObject\",\"inLanguage\":\"sk-SK\",\"@id\":\"https:\/\/www.onetimenexttime.sk\/arduino\/index.php\/produkt\/tea5767-fm-stereo-radio-module-for-arduino-76-108mhz-with-free-cable-antenna\/#primaryimage\",\"url\":\"https:\/\/www.onetimenexttime.sk\/arduino\/wp-content\/uploads\/2021\/10\/633.webp\",\"contentUrl\":\"https:\/\/www.onetimenexttime.sk\/arduino\/wp-content\/uploads\/2021\/10\/633.webp\",\"width\":500,\"height\":500},{\"@type\":\"BreadcrumbList\",\"@id\":\"https:\/\/www.onetimenexttime.sk\/arduino\/index.php\/produkt\/tea5767-fm-stereo-radio-module-for-arduino-76-108mhz-with-free-cable-antenna\/#breadcrumb\",\"itemListElement\":[{\"@type\":\"ListItem\",\"position\":1,\"name\":\"Domov\",\"item\":\"https:\/\/www.onetimenexttime.sk\/arduino\/\"},{\"@type\":\"ListItem\",\"position\":2,\"name\":\"Obchod\",\"item\":\"https:\/\/www.onetimenexttime.sk\/arduino\/\"},{\"@type\":\"ListItem\",\"position\":3,\"name\":\"TEA5767 FM Stereo Radio Module for Arduino 76-108MHZ With Free Cable Antenna\"}]},{\"@type\":\"WebSite\",\"@id\":\"https:\/\/www.onetimenexttime.sk\/arduino\/#website\",\"url\":\"https:\/\/www.onetimenexttime.sk\/arduino\/\",\"name\":\"Arduino e-shop\",\"description\":\"Home Assistant\",\"potentialAction\":[{\"@type\":\"SearchAction\",\"target\":{\"@type\":\"EntryPoint\",\"urlTemplate\":\"https:\/\/www.onetimenexttime.sk\/arduino\/?s={search_term_string}\"},\"query-input\":{\"@type\":\"PropertyValueSpecification\",\"valueRequired\":true,\"valueName\":\"search_term_string\"}}],\"inLanguage\":\"sk-SK\"}]}<\/script>\n<!-- \/ Yoast SEO plugin. -->","yoast_head_json":{"title":"TEA5767 FM Stereo Radio Module for Arduino 76-108MHZ With Free Cable Antenna - Arduino e-shop","robots":{"index":"index","follow":"follow","max-snippet":"max-snippet:-1","max-image-preview":"max-image-preview:large","max-video-preview":"max-video-preview:-1"},"canonical":"https:\/\/www.onetimenexttime.sk\/arduino\/index.php\/produkt\/tea5767-fm-stereo-radio-module-for-arduino-76-108mhz-with-free-cable-antenna\/","og_locale":"sk_SK","og_type":"article","og_title":"TEA5767 FM Stereo Radio Module for Arduino 76-108MHZ With Free Cable Antenna - Arduino e-shop","og_description":"Stereo r\u00e1diov\u00fd modul TEA5767 FM pre Arduino 76-108 MHz s bezplatnou k\u00e1blovou ant\u00e9nou &nbsp; Preh\u013ead: Stereof\u00f3nny r\u00e1diov\u00fd modul \u201eRRD-102V2.0\u201c (stereof\u00f3nny&hellip;","og_url":"https:\/\/www.onetimenexttime.sk\/arduino\/index.php\/produkt\/tea5767-fm-stereo-radio-module-for-arduino-76-108mhz-with-free-cable-antenna\/","og_site_name":"Arduino e-shop","article_modified_time":"2021-10-20T08:25:47+00:00","og_image":[{"width":500,"height":500,"url":"https:\/\/www.onetimenexttime.sk\/arduino\/wp-content\/uploads\/2021\/10\/633.webp","type":"image\/webp"}],"twitter_card":"summary_large_image","twitter_misc":{"Predpokladan\u00fd \u010das \u010d\u00edtania":"2 min\u00faty"},"schema":{"@context":"https:\/\/schema.org","@graph":[{"@type":"WebPage","@id":"https:\/\/www.onetimenexttime.sk\/arduino\/index.php\/produkt\/tea5767-fm-stereo-radio-module-for-arduino-76-108mhz-with-free-cable-antenna\/","url":"https:\/\/www.onetimenexttime.sk\/arduino\/index.php\/produkt\/tea5767-fm-stereo-radio-module-for-arduino-76-108mhz-with-free-cable-antenna\/","name":"TEA5767 FM Stereo Radio Module for Arduino 76-108MHZ With Free Cable Antenna - Arduino e-shop","isPartOf":{"@id":"https:\/\/www.onetimenexttime.sk\/arduino\/#website"},"primaryImageOfPage":{"@id":"https:\/\/www.onetimenexttime.sk\/arduino\/index.php\/produkt\/tea5767-fm-stereo-radio-module-for-arduino-76-108mhz-with-free-cable-antenna\/#primaryimage"},"image":{"@id":"https:\/\/www.onetimenexttime.sk\/arduino\/index.php\/produkt\/tea5767-fm-stereo-radio-module-for-arduino-76-108mhz-with-free-cable-antenna\/#primaryimage"},"thumbnailUrl":"https:\/\/www.onetimenexttime.sk\/arduino\/wp-content\/uploads\/2021\/10\/633.webp","datePublished":"2021-10-20T08:23:34+00:00","dateModified":"2021-10-20T08:25:47+00:00","breadcrumb":{"@id":"https:\/\/www.onetimenexttime.sk\/arduino\/index.php\/produkt\/tea5767-fm-stereo-radio-module-for-arduino-76-108mhz-with-free-cable-antenna\/#breadcrumb"},"inLanguage":"sk-SK","potentialAction":[{"@type":"ReadAction","target":["https:\/\/www.onetimenexttime.sk\/arduino\/index.php\/produkt\/tea5767-fm-stereo-radio-module-for-arduino-76-108mhz-with-free-cable-antenna\/"]}]},{"@type":"ImageObject","inLanguage":"sk-SK","@id":"https:\/\/www.onetimenexttime.sk\/arduino\/index.php\/produkt\/tea5767-fm-stereo-radio-module-for-arduino-76-108mhz-with-free-cable-antenna\/#primaryimage","url":"https:\/\/www.onetimenexttime.sk\/arduino\/wp-content\/uploads\/2021\/10\/633.webp","contentUrl":"https:\/\/www.onetimenexttime.sk\/arduino\/wp-content\/uploads\/2021\/10\/633.webp","width":500,"height":500},{"@type":"BreadcrumbList","@id":"https:\/\/www.onetimenexttime.sk\/arduino\/index.php\/produkt\/tea5767-fm-stereo-radio-module-for-arduino-76-108mhz-with-free-cable-antenna\/#breadcrumb","itemListElement":[{"@type":"ListItem","position":1,"name":"Domov","item":"https:\/\/www.onetimenexttime.sk\/arduino\/"},{"@type":"ListItem","position":2,"name":"Obchod","item":"https:\/\/www.onetimenexttime.sk\/arduino\/"},{"@type":"ListItem","position":3,"name":"TEA5767 FM Stereo Radio Module for Arduino 76-108MHZ With Free Cable Antenna"}]},{"@type":"WebSite","@id":"https:\/\/www.onetimenexttime.sk\/arduino\/#website","url":"https:\/\/www.onetimenexttime.sk\/arduino\/","name":"Arduino e-shop","description":"Home Assistant","potentialAction":[{"@type":"SearchAction","target":{"@type":"EntryPoint","urlTemplate":"https:\/\/www.onetimenexttime.sk\/arduino\/?s={search_term_string}"},"query-input":{"@type":"PropertyValueSpecification","valueRequired":true,"valueName":"search_term_string"}}],"inLanguage":"sk-SK"}]}},"_links":{"self":[{"href":"https:\/\/www.onetimenexttime.sk\/arduino\/index.php\/wp-json\/wp\/v2\/product\/341"}],"collection":[{"href":"https:\/\/www.onetimenexttime.sk\/arduino\/index.php\/wp-json\/wp\/v2\/product"}],"about":[{"href":"https:\/\/www.onetimenexttime.sk\/arduino\/index.php\/wp-json\/wp\/v2\/types\/product"}],"wp:featuredmedia":[{"embeddable":true,"href":"https:\/\/www.onetimenexttime.sk\/arduino\/index.php\/wp-json\/wp\/v2\/media\/342"}],"wp:attachment":[{"href":"https:\/\/www.onetimenexttime.sk\/arduino\/index.php\/wp-json\/wp\/v2\/media?parent=341"}],"wp:term":[{"taxonomy":"product_cat","embeddable":true,"href":"https:\/\/www.onetimenexttime.sk\/arduino\/index.php\/wp-json\/wp\/v2\/product_cat?post=341"},{"taxonomy":"product_tag","embeddable":true,"href":"https:\/\/www.onetimenexttime.sk\/arduino\/index.php\/wp-json\/wp\/v2\/product_tag?post=341"}],"curies":[{"name":"wp","href":"https:\/\/api.w.org\/{rel}","templated":true}]}}