{"id":34,"date":"2021-10-17T14:13:52","date_gmt":"2021-10-17T12:13:52","guid":{"rendered":"https:\/\/www.onetimenexttime.sk\/arduino\/?post_type=product&#038;p=34"},"modified":"2021-10-17T19:27:21","modified_gmt":"2021-10-17T17:27:21","slug":"screw-wings-shield-assembled-for-arduino","status":"publish","type":"product","link":"https:\/\/www.onetimenexttime.sk\/arduino\/index.php\/produkt\/screw-wings-shield-assembled-for-arduino\/","title":{"rendered":"Screw Wings Shield (assembled) for Arduino"},"content":{"rendered":"<p>Skrutkov\u00e9 kr\u00eddla Shield sa skladaj\u00fa z dvoch \u010dast\u00ed a \u00fachyty Arduino na oboch stran\u00e1ch.<\/p>\n<p>M\u00e1 kompletn\u00fa sadu 3,5 mm blokov v\u00e4zbov\u00fdch st\u013apikov a troch koncov\u00fdch skup\u00edn (VCC, GND, Signal) pre piny Arduino: digit\u00e1lne D0-D13, anal\u00f3gov\u00e9 A0-A5 a tie\u017e \u010fal\u0161ie termin\u00e1ly VCC a GND. Zariadenia m\u00f4\u017eete pripoji\u0165 k v\u00e4zbe blokov st\u013apikov pomocou dr\u00f4tov a k priechodn\u00fdm hlavi\u010dk\u00e1m.<\/p>\n<p>Medzi \u013eavou a pravou \u010das\u0165ou je dr\u00f4ten\u00fd most\u00edk pre \u013eav\u00fa stranu (5 V alebo Vin).<\/p>\n<p>Otvoren\u00e9 bloky z\u00e1sobn\u00edkov poskytuj\u00fa \u010fal\u0161ie \u0161t\u00edty.<\/p>\n<p>Wings s\u00fa jednoduch\u00e9, ale vhodn\u00e9 rie\u0161enie pre bezpe\u010dn\u00e9 spojenie s Arduino.<\/p>\n<p>Technick\u00e9 detaily:<br \/>\n3,5 mm v\u00e4zobn\u00e9 st\u013apiky pre digit\u00e1lne D0-D13, anal\u00f3gov\u00e9 A0-A5;<br \/>\n3,5 mm z\u00e1v\u00e4zn\u00e9 st\u013apiky pre v\u00fdkonov\u00fa skupinu, \u010fal\u0161ie svorky GND;<br \/>\nTri koncov\u00e9 skupiny (VCC, GND, sign\u00e1l) pre: digit\u00e1lne D0-D13, anal\u00f3gov\u00e9 A0-A5;<br \/>\nDr\u00f4ten\u00fd prepojovac\u00ed k\u00e1bel pre nap\u00e1janie nap\u00e1jania v\u013eavo od \u0161t\u00edtu;<br \/>\nKompatibiln\u00fd s form\u00e1tom Arduino V3.<\/p>\n","protected":false},"excerpt":{"rendered":"<p>Skrutkov\u00e9 kr\u00eddla Shield sa skladaj\u00fa z dvoch \u010dast\u00ed a \u00fachyty Arduino na oboch stran\u00e1ch. M\u00e1 kompletn\u00fa sadu 3,5 mm blokov&hellip;<\/p>\n","protected":false},"featured_media":35,"template":"","meta":{"_monsterinsights_skip_tracking":false,"_monsterinsights_sitenote_active":false,"_monsterinsights_sitenote_note":"","_monsterinsights_sitenote_category":0},"product_cat":[16,17],"product_tag":[],"class_list":{"0":"post-34","1":"product","2":"type-product","3":"status-publish","4":"has-post-thumbnail","6":"product_cat-ard","7":"product_cat-modul","9":"first","10":"instock","11":"shipping-taxable","12":"purchasable","13":"product-type-simple"},"yoast_head":"<!-- This site is optimized with the Yoast SEO plugin v23.6 - https:\/\/yoast.com\/wordpress\/plugins\/seo\/ -->\n<title>Screw Wings Shield (assembled) for Arduino - Arduino e-shop<\/title>\n<meta name=\"robots\" content=\"index, follow, max-snippet:-1, max-image-preview:large, max-video-preview:-1\" \/>\n<link rel=\"canonical\" href=\"https:\/\/www.onetimenexttime.sk\/arduino\/index.php\/produkt\/screw-wings-shield-assembled-for-arduino\/\" \/>\n<meta property=\"og:locale\" content=\"sk_SK\" \/>\n<meta property=\"og:type\" content=\"article\" \/>\n<meta property=\"og:title\" content=\"Screw Wings Shield (assembled) for Arduino - Arduino e-shop\" \/>\n<meta property=\"og:description\" content=\"Skrutkov\u00e9 kr\u00eddla Shield sa skladaj\u00fa z dvoch \u010dast\u00ed a \u00fachyty Arduino na oboch stran\u00e1ch. M\u00e1 kompletn\u00fa sadu 3,5 mm blokov&hellip;\" \/>\n<meta property=\"og:url\" content=\"https:\/\/www.onetimenexttime.sk\/arduino\/index.php\/produkt\/screw-wings-shield-assembled-for-arduino\/\" \/>\n<meta property=\"og:site_name\" content=\"Arduino e-shop\" \/>\n<meta property=\"article:modified_time\" content=\"2021-10-17T17:27:21+00:00\" \/>\n<meta property=\"og:image\" content=\"https:\/\/www.onetimenexttime.sk\/arduino\/wp-content\/uploads\/2021\/10\/236.jpg\" \/>\n\t<meta property=\"og:image:width\" content=\"540\" \/>\n\t<meta property=\"og:image:height\" content=\"541\" \/>\n\t<meta property=\"og:image:type\" content=\"image\/jpeg\" \/>\n<meta name=\"twitter:card\" content=\"summary_large_image\" \/>\n<meta name=\"twitter:label1\" content=\"Predpokladan\u00fd \u010das \u010d\u00edtania\" \/>\n\t<meta name=\"twitter:data1\" content=\"1 min\u00fata\" \/>\n<script type=\"application\/ld+json\" class=\"yoast-schema-graph\">{\"@context\":\"https:\/\/schema.org\",\"@graph\":[{\"@type\":\"WebPage\",\"@id\":\"https:\/\/www.onetimenexttime.sk\/arduino\/index.php\/produkt\/screw-wings-shield-assembled-for-arduino\/\",\"url\":\"https:\/\/www.onetimenexttime.sk\/arduino\/index.php\/produkt\/screw-wings-shield-assembled-for-arduino\/\",\"name\":\"Screw Wings Shield (assembled) for Arduino - Arduino e-shop\",\"isPartOf\":{\"@id\":\"https:\/\/www.onetimenexttime.sk\/arduino\/#website\"},\"primaryImageOfPage\":{\"@id\":\"https:\/\/www.onetimenexttime.sk\/arduino\/index.php\/produkt\/screw-wings-shield-assembled-for-arduino\/#primaryimage\"},\"image\":{\"@id\":\"https:\/\/www.onetimenexttime.sk\/arduino\/index.php\/produkt\/screw-wings-shield-assembled-for-arduino\/#primaryimage\"},\"thumbnailUrl\":\"https:\/\/www.onetimenexttime.sk\/arduino\/wp-content\/uploads\/2021\/10\/236.jpg\",\"datePublished\":\"2021-10-17T12:13:52+00:00\",\"dateModified\":\"2021-10-17T17:27:21+00:00\",\"breadcrumb\":{\"@id\":\"https:\/\/www.onetimenexttime.sk\/arduino\/index.php\/produkt\/screw-wings-shield-assembled-for-arduino\/#breadcrumb\"},\"inLanguage\":\"sk-SK\",\"potentialAction\":[{\"@type\":\"ReadAction\",\"target\":[\"https:\/\/www.onetimenexttime.sk\/arduino\/index.php\/produkt\/screw-wings-shield-assembled-for-arduino\/\"]}]},{\"@type\":\"ImageObject\",\"inLanguage\":\"sk-SK\",\"@id\":\"https:\/\/www.onetimenexttime.sk\/arduino\/index.php\/produkt\/screw-wings-shield-assembled-for-arduino\/#primaryimage\",\"url\":\"https:\/\/www.onetimenexttime.sk\/arduino\/wp-content\/uploads\/2021\/10\/236.jpg\",\"contentUrl\":\"https:\/\/www.onetimenexttime.sk\/arduino\/wp-content\/uploads\/2021\/10\/236.jpg\",\"width\":540,\"height\":541},{\"@type\":\"BreadcrumbList\",\"@id\":\"https:\/\/www.onetimenexttime.sk\/arduino\/index.php\/produkt\/screw-wings-shield-assembled-for-arduino\/#breadcrumb\",\"itemListElement\":[{\"@type\":\"ListItem\",\"position\":1,\"name\":\"Domov\",\"item\":\"https:\/\/www.onetimenexttime.sk\/arduino\/\"},{\"@type\":\"ListItem\",\"position\":2,\"name\":\"Obchod\",\"item\":\"https:\/\/www.onetimenexttime.sk\/arduino\/\"},{\"@type\":\"ListItem\",\"position\":3,\"name\":\"Screw Wings Shield (assembled) for Arduino\"}]},{\"@type\":\"WebSite\",\"@id\":\"https:\/\/www.onetimenexttime.sk\/arduino\/#website\",\"url\":\"https:\/\/www.onetimenexttime.sk\/arduino\/\",\"name\":\"Arduino e-shop\",\"description\":\"Home Assistant\",\"potentialAction\":[{\"@type\":\"SearchAction\",\"target\":{\"@type\":\"EntryPoint\",\"urlTemplate\":\"https:\/\/www.onetimenexttime.sk\/arduino\/?s={search_term_string}\"},\"query-input\":{\"@type\":\"PropertyValueSpecification\",\"valueRequired\":true,\"valueName\":\"search_term_string\"}}],\"inLanguage\":\"sk-SK\"}]}<\/script>\n<!-- \/ Yoast SEO plugin. -->","yoast_head_json":{"title":"Screw Wings Shield (assembled) for Arduino - Arduino e-shop","robots":{"index":"index","follow":"follow","max-snippet":"max-snippet:-1","max-image-preview":"max-image-preview:large","max-video-preview":"max-video-preview:-1"},"canonical":"https:\/\/www.onetimenexttime.sk\/arduino\/index.php\/produkt\/screw-wings-shield-assembled-for-arduino\/","og_locale":"sk_SK","og_type":"article","og_title":"Screw Wings Shield (assembled) for Arduino - Arduino e-shop","og_description":"Skrutkov\u00e9 kr\u00eddla Shield sa skladaj\u00fa z dvoch \u010dast\u00ed a \u00fachyty Arduino na oboch stran\u00e1ch. M\u00e1 kompletn\u00fa sadu 3,5 mm blokov&hellip;","og_url":"https:\/\/www.onetimenexttime.sk\/arduino\/index.php\/produkt\/screw-wings-shield-assembled-for-arduino\/","og_site_name":"Arduino e-shop","article_modified_time":"2021-10-17T17:27:21+00:00","og_image":[{"width":540,"height":541,"url":"https:\/\/www.onetimenexttime.sk\/arduino\/wp-content\/uploads\/2021\/10\/236.jpg","type":"image\/jpeg"}],"twitter_card":"summary_large_image","twitter_misc":{"Predpokladan\u00fd \u010das \u010d\u00edtania":"1 min\u00fata"},"schema":{"@context":"https:\/\/schema.org","@graph":[{"@type":"WebPage","@id":"https:\/\/www.onetimenexttime.sk\/arduino\/index.php\/produkt\/screw-wings-shield-assembled-for-arduino\/","url":"https:\/\/www.onetimenexttime.sk\/arduino\/index.php\/produkt\/screw-wings-shield-assembled-for-arduino\/","name":"Screw Wings Shield (assembled) for Arduino - Arduino e-shop","isPartOf":{"@id":"https:\/\/www.onetimenexttime.sk\/arduino\/#website"},"primaryImageOfPage":{"@id":"https:\/\/www.onetimenexttime.sk\/arduino\/index.php\/produkt\/screw-wings-shield-assembled-for-arduino\/#primaryimage"},"image":{"@id":"https:\/\/www.onetimenexttime.sk\/arduino\/index.php\/produkt\/screw-wings-shield-assembled-for-arduino\/#primaryimage"},"thumbnailUrl":"https:\/\/www.onetimenexttime.sk\/arduino\/wp-content\/uploads\/2021\/10\/236.jpg","datePublished":"2021-10-17T12:13:52+00:00","dateModified":"2021-10-17T17:27:21+00:00","breadcrumb":{"@id":"https:\/\/www.onetimenexttime.sk\/arduino\/index.php\/produkt\/screw-wings-shield-assembled-for-arduino\/#breadcrumb"},"inLanguage":"sk-SK","potentialAction":[{"@type":"ReadAction","target":["https:\/\/www.onetimenexttime.sk\/arduino\/index.php\/produkt\/screw-wings-shield-assembled-for-arduino\/"]}]},{"@type":"ImageObject","inLanguage":"sk-SK","@id":"https:\/\/www.onetimenexttime.sk\/arduino\/index.php\/produkt\/screw-wings-shield-assembled-for-arduino\/#primaryimage","url":"https:\/\/www.onetimenexttime.sk\/arduino\/wp-content\/uploads\/2021\/10\/236.jpg","contentUrl":"https:\/\/www.onetimenexttime.sk\/arduino\/wp-content\/uploads\/2021\/10\/236.jpg","width":540,"height":541},{"@type":"BreadcrumbList","@id":"https:\/\/www.onetimenexttime.sk\/arduino\/index.php\/produkt\/screw-wings-shield-assembled-for-arduino\/#breadcrumb","itemListElement":[{"@type":"ListItem","position":1,"name":"Domov","item":"https:\/\/www.onetimenexttime.sk\/arduino\/"},{"@type":"ListItem","position":2,"name":"Obchod","item":"https:\/\/www.onetimenexttime.sk\/arduino\/"},{"@type":"ListItem","position":3,"name":"Screw Wings Shield (assembled) for Arduino"}]},{"@type":"WebSite","@id":"https:\/\/www.onetimenexttime.sk\/arduino\/#website","url":"https:\/\/www.onetimenexttime.sk\/arduino\/","name":"Arduino e-shop","description":"Home Assistant","potentialAction":[{"@type":"SearchAction","target":{"@type":"EntryPoint","urlTemplate":"https:\/\/www.onetimenexttime.sk\/arduino\/?s={search_term_string}"},"query-input":{"@type":"PropertyValueSpecification","valueRequired":true,"valueName":"search_term_string"}}],"inLanguage":"sk-SK"}]}},"_links":{"self":[{"href":"https:\/\/www.onetimenexttime.sk\/arduino\/index.php\/wp-json\/wp\/v2\/product\/34"}],"collection":[{"href":"https:\/\/www.onetimenexttime.sk\/arduino\/index.php\/wp-json\/wp\/v2\/product"}],"about":[{"href":"https:\/\/www.onetimenexttime.sk\/arduino\/index.php\/wp-json\/wp\/v2\/types\/product"}],"wp:featuredmedia":[{"embeddable":true,"href":"https:\/\/www.onetimenexttime.sk\/arduino\/index.php\/wp-json\/wp\/v2\/media\/35"}],"wp:attachment":[{"href":"https:\/\/www.onetimenexttime.sk\/arduino\/index.php\/wp-json\/wp\/v2\/media?parent=34"}],"wp:term":[{"taxonomy":"product_cat","embeddable":true,"href":"https:\/\/www.onetimenexttime.sk\/arduino\/index.php\/wp-json\/wp\/v2\/product_cat?post=34"},{"taxonomy":"product_tag","embeddable":true,"href":"https:\/\/www.onetimenexttime.sk\/arduino\/index.php\/wp-json\/wp\/v2\/product_tag?post=34"}],"curies":[{"name":"wp","href":"https:\/\/api.w.org\/{rel}","templated":true}]}}