{"id":338,"date":"2021-10-20T10:12:59","date_gmt":"2021-10-20T08:12:59","guid":{"rendered":"https:\/\/www.onetimenexttime.sk\/arduino\/?post_type=product&#038;p=338"},"modified":"2021-10-20T10:22:49","modified_gmt":"2021-10-20T08:22:49","slug":"wave-shield-for-arduino-with-micro-sd-tf-card-slot-fz0855","status":"publish","type":"product","link":"https:\/\/www.onetimenexttime.sk\/arduino\/index.php\/produkt\/wave-shield-for-arduino-with-micro-sd-tf-card-slot-fz0855\/","title":{"rendered":"Wave Shield for Arduino with Micro SD TF card Slot FZ0855"},"content":{"rendered":"<h2>Wave Shield pre Arduino so slotom na kartu Micro SD TF FZ0855<\/h2>\n<p>&nbsp;<\/p>\n<p>\u00davod<\/p>\n<p>Pridanie kvalitn\u00e9ho zvuku do elektronick\u00e9ho projektu u\u017e nie je \u0165a\u017ek\u00e9. Na vyrie\u0161enie tohto probl\u00e9mu sme navrhli modul pre Arduino. Dok\u00e1\u017ee prehr\u00e1va\u0165 zvukov\u00e9 s\u00fabory WAV a\u017e 14 kHz\/16 bitov a zvukov\u00e9 s\u00fabory ADK 32 kHz\/16 bitov \u013eubovo\u013enej d\u013a\u017eky. Je ve\u013emi \u010dipov\u00fd, dobre zostaven\u00fd. M\u00e1 v\u00fdstup DAC a v\u00fdstup PWM, ktor\u00e9 m\u00f4\u017eu poh\u00e1\u0148a\u0165 sl\u00fachadl\u00e1 a 0,5 W reproduktor. Zvukov\u00e9 s\u00fabory sa na\u010d\u00edtavaj\u00fa z karty TF\/microDS. Na ovl\u00e1danie tohto modulu sa pou\u017e\u00edvaj\u00fa iba 2 IO piny, \u010do \u0161etr\u00ed ve\u013ea probl\u00e9mov, zatia\u013e \u010do rozhranie vo va\u0161om projekte nesta\u010d\u00ed. Najd\u00f4le\u017eitej\u0161ie je, \u017ee programovanie je ve\u013emi jednoduch\u00e9.<\/p>\n<p>Tento modul sme aktualizovali na nov\u00fa verziu. St\u00e1va sa men\u0161\u00edm. A vzh\u013ead je celkom odli\u0161n\u00fd od poslednej verzie. Namiesto slotu pre kartu SD v module poslednej verzie pou\u017e\u00edva nov\u00e1 verzia slot pre kartu TF\/microSD.<\/p>\n<p>&nbsp;<\/p>\n<p>Modul je dod\u00e1van\u00fd s uk\u00e1\u017ekov\u00fdm k\u00f3dom Arduino pre jednoduch\u00e9 pou\u017eitie. Pre cel\u00fd riadiaci program je potrebn\u00e1 iba jedna funkcia v k\u00f3de. Zvuk sa prehr\u00e1va asynchr\u00f3nne ako preru\u0161enie, tak\u017ee Arduino m\u00f4\u017ee vykon\u00e1va\u0165 \u00falohy po\u010das prehr\u00e1vania zvuku.<\/p>\n<p>Demo hudbu je mo\u017en\u00e9 stiahnu\u0165 z n\u00e1\u0161ho webu a obsahuje s\u00fabory AD4 aj WAV. K dispoz\u00edcii je tie\u017e softv\u00e9r AD4, pomocou ktor\u00e9ho m\u00f4\u017eete previes\u0165 \u013eubovo\u013en\u00fd s\u00fabor MP3 do form\u00e1tu AD4. V\u00fdstup je mono, do kan\u00e1lov L a R, \u0161tandardn\u00e9ho 3,5 mm konektora pre sl\u00fachadl\u00e1 a pripojenia pre reproduktor.<\/p>\n<p>Funkcia<\/p>\n<p>Podpora karty SD (max. 1 GB, nie karta SDHC)<\/p>\n<p>Podpora form\u00e1tu AD4 (6KHZ ~ 36KHZ) a WAV (6KHz ~ 14KHz).<\/p>\n<p>Podpora 4 bitov\u00fdch s\u00faborov vo form\u00e1te ADCPM.<\/p>\n<p>Rozhrania pre sl\u00fachadl\u00e1 a reproduktor.<\/p>\n<p>16 bitov\u00fd zvukov\u00fd v\u00fdstup DAC \/ PWM.<\/p>\n<p>Dvojriadkov\u00e9 s\u00e9riov\u00e9 rozhranie, ovl\u00e1dajte ho iba pomocou 2 pinov.<\/p>\n<p>Sp\u00e1nkov\u00fd pr\u00fad: 3uA<\/p>\n<p>Mono v\u00fdstup<\/p>\n<p>Rozmer<\/p>\n<p>D x \u0160 x V: 44 mm x 51 mm x 24 mm<\/p>\n<p>&nbsp;<\/p>\n","protected":false},"excerpt":{"rendered":"<p>Wave Shield pre Arduino so slotom na kartu Micro SD TF FZ0855 &nbsp; \u00davod Pridanie kvalitn\u00e9ho zvuku do elektronick\u00e9ho projektu&hellip;<\/p>\n","protected":false},"featured_media":339,"template":"","meta":{"_monsterinsights_skip_tracking":false,"_monsterinsights_sitenote_active":false,"_monsterinsights_sitenote_note":"","_monsterinsights_sitenote_category":0},"product_cat":[16,23],"product_tag":[],"class_list":{"0":"post-338","1":"product","2":"type-product","3":"status-publish","4":"has-post-thumbnail","6":"product_cat-ard","7":"product_cat-audio-modul","9":"first","10":"instock","11":"shipping-taxable","12":"purchasable","13":"product-type-simple"},"yoast_head":"<!-- This site is optimized with the Yoast SEO plugin v23.6 - https:\/\/yoast.com\/wordpress\/plugins\/seo\/ -->\n<title>Wave Shield for Arduino with Micro SD TF card Slot FZ0855 - Arduino e-shop<\/title>\n<meta name=\"robots\" content=\"index, follow, max-snippet:-1, max-image-preview:large, max-video-preview:-1\" \/>\n<link rel=\"canonical\" href=\"https:\/\/www.onetimenexttime.sk\/arduino\/index.php\/produkt\/wave-shield-for-arduino-with-micro-sd-tf-card-slot-fz0855\/\" \/>\n<meta property=\"og:locale\" content=\"sk_SK\" \/>\n<meta property=\"og:type\" content=\"article\" \/>\n<meta property=\"og:title\" content=\"Wave Shield for Arduino with Micro SD TF card Slot FZ0855 - Arduino e-shop\" \/>\n<meta property=\"og:description\" content=\"Wave Shield pre Arduino so slotom na kartu Micro SD TF FZ0855 &nbsp; \u00davod Pridanie kvalitn\u00e9ho zvuku do elektronick\u00e9ho projektu&hellip;\" \/>\n<meta property=\"og:url\" content=\"https:\/\/www.onetimenexttime.sk\/arduino\/index.php\/produkt\/wave-shield-for-arduino-with-micro-sd-tf-card-slot-fz0855\/\" \/>\n<meta property=\"og:site_name\" content=\"Arduino e-shop\" \/>\n<meta property=\"article:modified_time\" content=\"2021-10-20T08:22:49+00:00\" \/>\n<meta property=\"og:image\" content=\"https:\/\/www.onetimenexttime.sk\/arduino\/wp-content\/uploads\/2021\/10\/623.jpg\" \/>\n\t<meta property=\"og:image:width\" content=\"511\" \/>\n\t<meta property=\"og:image:height\" content=\"510\" \/>\n\t<meta property=\"og:image:type\" content=\"image\/jpeg\" \/>\n<meta name=\"twitter:card\" content=\"summary_large_image\" \/>\n<meta name=\"twitter:label1\" content=\"Predpokladan\u00fd \u010das \u010d\u00edtania\" \/>\n\t<meta name=\"twitter:data1\" content=\"2 min\u00faty\" \/>\n<script type=\"application\/ld+json\" class=\"yoast-schema-graph\">{\"@context\":\"https:\/\/schema.org\",\"@graph\":[{\"@type\":\"WebPage\",\"@id\":\"https:\/\/www.onetimenexttime.sk\/arduino\/index.php\/produkt\/wave-shield-for-arduino-with-micro-sd-tf-card-slot-fz0855\/\",\"url\":\"https:\/\/www.onetimenexttime.sk\/arduino\/index.php\/produkt\/wave-shield-for-arduino-with-micro-sd-tf-card-slot-fz0855\/\",\"name\":\"Wave Shield for Arduino with Micro SD TF card Slot FZ0855 - Arduino e-shop\",\"isPartOf\":{\"@id\":\"https:\/\/www.onetimenexttime.sk\/arduino\/#website\"},\"primaryImageOfPage\":{\"@id\":\"https:\/\/www.onetimenexttime.sk\/arduino\/index.php\/produkt\/wave-shield-for-arduino-with-micro-sd-tf-card-slot-fz0855\/#primaryimage\"},\"image\":{\"@id\":\"https:\/\/www.onetimenexttime.sk\/arduino\/index.php\/produkt\/wave-shield-for-arduino-with-micro-sd-tf-card-slot-fz0855\/#primaryimage\"},\"thumbnailUrl\":\"https:\/\/www.onetimenexttime.sk\/arduino\/wp-content\/uploads\/2021\/10\/623.jpg\",\"datePublished\":\"2021-10-20T08:12:59+00:00\",\"dateModified\":\"2021-10-20T08:22:49+00:00\",\"breadcrumb\":{\"@id\":\"https:\/\/www.onetimenexttime.sk\/arduino\/index.php\/produkt\/wave-shield-for-arduino-with-micro-sd-tf-card-slot-fz0855\/#breadcrumb\"},\"inLanguage\":\"sk-SK\",\"potentialAction\":[{\"@type\":\"ReadAction\",\"target\":[\"https:\/\/www.onetimenexttime.sk\/arduino\/index.php\/produkt\/wave-shield-for-arduino-with-micro-sd-tf-card-slot-fz0855\/\"]}]},{\"@type\":\"ImageObject\",\"inLanguage\":\"sk-SK\",\"@id\":\"https:\/\/www.onetimenexttime.sk\/arduino\/index.php\/produkt\/wave-shield-for-arduino-with-micro-sd-tf-card-slot-fz0855\/#primaryimage\",\"url\":\"https:\/\/www.onetimenexttime.sk\/arduino\/wp-content\/uploads\/2021\/10\/623.jpg\",\"contentUrl\":\"https:\/\/www.onetimenexttime.sk\/arduino\/wp-content\/uploads\/2021\/10\/623.jpg\",\"width\":511,\"height\":510},{\"@type\":\"BreadcrumbList\",\"@id\":\"https:\/\/www.onetimenexttime.sk\/arduino\/index.php\/produkt\/wave-shield-for-arduino-with-micro-sd-tf-card-slot-fz0855\/#breadcrumb\",\"itemListElement\":[{\"@type\":\"ListItem\",\"position\":1,\"name\":\"Domov\",\"item\":\"https:\/\/www.onetimenexttime.sk\/arduino\/\"},{\"@type\":\"ListItem\",\"position\":2,\"name\":\"Obchod\",\"item\":\"https:\/\/www.onetimenexttime.sk\/arduino\/\"},{\"@type\":\"ListItem\",\"position\":3,\"name\":\"Wave Shield for Arduino with Micro SD TF card Slot FZ0855\"}]},{\"@type\":\"WebSite\",\"@id\":\"https:\/\/www.onetimenexttime.sk\/arduino\/#website\",\"url\":\"https:\/\/www.onetimenexttime.sk\/arduino\/\",\"name\":\"Arduino e-shop\",\"description\":\"Home Assistant\",\"potentialAction\":[{\"@type\":\"SearchAction\",\"target\":{\"@type\":\"EntryPoint\",\"urlTemplate\":\"https:\/\/www.onetimenexttime.sk\/arduino\/?s={search_term_string}\"},\"query-input\":{\"@type\":\"PropertyValueSpecification\",\"valueRequired\":true,\"valueName\":\"search_term_string\"}}],\"inLanguage\":\"sk-SK\"}]}<\/script>\n<!-- \/ Yoast SEO plugin. -->","yoast_head_json":{"title":"Wave Shield for Arduino with Micro SD TF card Slot FZ0855 - Arduino e-shop","robots":{"index":"index","follow":"follow","max-snippet":"max-snippet:-1","max-image-preview":"max-image-preview:large","max-video-preview":"max-video-preview:-1"},"canonical":"https:\/\/www.onetimenexttime.sk\/arduino\/index.php\/produkt\/wave-shield-for-arduino-with-micro-sd-tf-card-slot-fz0855\/","og_locale":"sk_SK","og_type":"article","og_title":"Wave Shield for Arduino with Micro SD TF card Slot FZ0855 - Arduino e-shop","og_description":"Wave Shield pre Arduino so slotom na kartu Micro SD TF FZ0855 &nbsp; \u00davod Pridanie kvalitn\u00e9ho zvuku do elektronick\u00e9ho projektu&hellip;","og_url":"https:\/\/www.onetimenexttime.sk\/arduino\/index.php\/produkt\/wave-shield-for-arduino-with-micro-sd-tf-card-slot-fz0855\/","og_site_name":"Arduino e-shop","article_modified_time":"2021-10-20T08:22:49+00:00","og_image":[{"width":511,"height":510,"url":"https:\/\/www.onetimenexttime.sk\/arduino\/wp-content\/uploads\/2021\/10\/623.jpg","type":"image\/jpeg"}],"twitter_card":"summary_large_image","twitter_misc":{"Predpokladan\u00fd \u010das \u010d\u00edtania":"2 min\u00faty"},"schema":{"@context":"https:\/\/schema.org","@graph":[{"@type":"WebPage","@id":"https:\/\/www.onetimenexttime.sk\/arduino\/index.php\/produkt\/wave-shield-for-arduino-with-micro-sd-tf-card-slot-fz0855\/","url":"https:\/\/www.onetimenexttime.sk\/arduino\/index.php\/produkt\/wave-shield-for-arduino-with-micro-sd-tf-card-slot-fz0855\/","name":"Wave Shield for Arduino with Micro SD TF card Slot FZ0855 - Arduino e-shop","isPartOf":{"@id":"https:\/\/www.onetimenexttime.sk\/arduino\/#website"},"primaryImageOfPage":{"@id":"https:\/\/www.onetimenexttime.sk\/arduino\/index.php\/produkt\/wave-shield-for-arduino-with-micro-sd-tf-card-slot-fz0855\/#primaryimage"},"image":{"@id":"https:\/\/www.onetimenexttime.sk\/arduino\/index.php\/produkt\/wave-shield-for-arduino-with-micro-sd-tf-card-slot-fz0855\/#primaryimage"},"thumbnailUrl":"https:\/\/www.onetimenexttime.sk\/arduino\/wp-content\/uploads\/2021\/10\/623.jpg","datePublished":"2021-10-20T08:12:59+00:00","dateModified":"2021-10-20T08:22:49+00:00","breadcrumb":{"@id":"https:\/\/www.onetimenexttime.sk\/arduino\/index.php\/produkt\/wave-shield-for-arduino-with-micro-sd-tf-card-slot-fz0855\/#breadcrumb"},"inLanguage":"sk-SK","potentialAction":[{"@type":"ReadAction","target":["https:\/\/www.onetimenexttime.sk\/arduino\/index.php\/produkt\/wave-shield-for-arduino-with-micro-sd-tf-card-slot-fz0855\/"]}]},{"@type":"ImageObject","inLanguage":"sk-SK","@id":"https:\/\/www.onetimenexttime.sk\/arduino\/index.php\/produkt\/wave-shield-for-arduino-with-micro-sd-tf-card-slot-fz0855\/#primaryimage","url":"https:\/\/www.onetimenexttime.sk\/arduino\/wp-content\/uploads\/2021\/10\/623.jpg","contentUrl":"https:\/\/www.onetimenexttime.sk\/arduino\/wp-content\/uploads\/2021\/10\/623.jpg","width":511,"height":510},{"@type":"BreadcrumbList","@id":"https:\/\/www.onetimenexttime.sk\/arduino\/index.php\/produkt\/wave-shield-for-arduino-with-micro-sd-tf-card-slot-fz0855\/#breadcrumb","itemListElement":[{"@type":"ListItem","position":1,"name":"Domov","item":"https:\/\/www.onetimenexttime.sk\/arduino\/"},{"@type":"ListItem","position":2,"name":"Obchod","item":"https:\/\/www.onetimenexttime.sk\/arduino\/"},{"@type":"ListItem","position":3,"name":"Wave Shield for Arduino with Micro SD TF card Slot FZ0855"}]},{"@type":"WebSite","@id":"https:\/\/www.onetimenexttime.sk\/arduino\/#website","url":"https:\/\/www.onetimenexttime.sk\/arduino\/","name":"Arduino e-shop","description":"Home Assistant","potentialAction":[{"@type":"SearchAction","target":{"@type":"EntryPoint","urlTemplate":"https:\/\/www.onetimenexttime.sk\/arduino\/?s={search_term_string}"},"query-input":{"@type":"PropertyValueSpecification","valueRequired":true,"valueName":"search_term_string"}}],"inLanguage":"sk-SK"}]}},"_links":{"self":[{"href":"https:\/\/www.onetimenexttime.sk\/arduino\/index.php\/wp-json\/wp\/v2\/product\/338"}],"collection":[{"href":"https:\/\/www.onetimenexttime.sk\/arduino\/index.php\/wp-json\/wp\/v2\/product"}],"about":[{"href":"https:\/\/www.onetimenexttime.sk\/arduino\/index.php\/wp-json\/wp\/v2\/types\/product"}],"wp:featuredmedia":[{"embeddable":true,"href":"https:\/\/www.onetimenexttime.sk\/arduino\/index.php\/wp-json\/wp\/v2\/media\/339"}],"wp:attachment":[{"href":"https:\/\/www.onetimenexttime.sk\/arduino\/index.php\/wp-json\/wp\/v2\/media?parent=338"}],"wp:term":[{"taxonomy":"product_cat","embeddable":true,"href":"https:\/\/www.onetimenexttime.sk\/arduino\/index.php\/wp-json\/wp\/v2\/product_cat?post=338"},{"taxonomy":"product_tag","embeddable":true,"href":"https:\/\/www.onetimenexttime.sk\/arduino\/index.php\/wp-json\/wp\/v2\/product_tag?post=338"}],"curies":[{"name":"wp","href":"https:\/\/api.w.org\/{rel}","templated":true}]}}