{"id":331,"date":"2021-10-20T09:32:14","date_gmt":"2021-10-20T07:32:14","guid":{"rendered":"https:\/\/www.onetimenexttime.sk\/arduino\/?post_type=product&#038;p=331"},"modified":"2021-10-20T09:34:48","modified_gmt":"2021-10-20T07:34:48","slug":"fm-radio-transmitter-module-radio-station-transmitter-for-arduino-module","status":"publish","type":"product","link":"https:\/\/www.onetimenexttime.sk\/arduino\/index.php\/produkt\/fm-radio-transmitter-module-radio-station-transmitter-for-arduino-module\/","title":{"rendered":"FM Radio Transmitter Module radio station transmitter for arduino module"},"content":{"rendered":"<h2>R\u00e1diov\u00fd vysiela\u010dov\u00fd modul FM Vysiela\u010d r\u00e1diov\u00fdch stan\u00edc pre modul arduino<\/h2>\n<p>&nbsp;<\/p>\n<p>Popis:<\/p>\n<p>Rozm\u00fd\u0161\u013eali ste niekedy nad t\u00fdm, \u017ee by ste si sami zalo\u017eili hudobn\u00fa rozhlasov\u00fa stanicu? Mysl\u00edm si, \u017ee by bolo skvel\u00e9, keby ste mohli postavi\u0165 hudobn\u00fa stanicu a zdie\u013ea\u0165 svoju hudbu s ostatn\u00fdmi. Celkom cool, nie?<\/p>\n<p>Tento modul m\u00f4\u017ee modulova\u0165 v\u00e1\u0161 hlas na vlne r\u00e1dia FM. Ka\u017ed\u00fd, kto m\u00e1 r\u00e1diov\u00e9 zariadenie, by ho mohol prija\u0165. Na tomto module staviame v\u0161etko, \u010do umo\u017e\u0148uje ve\u013emi jednoducho postavi\u0165 mal\u00fa rozhlasov\u00fa stanicu. Tie\u017e pripravujeme kni\u017enicu na pr\u00e1cu s t\u00fdmto modulom. V\u0161etko v\u00e1m u\u013eah\u010d\u00edme.<\/p>\n<p>Funkcia:<\/p>\n<p>1) Rozhranie I2C kompatibiln\u00e9 s 5V TTL<\/p>\n<p>2) zapoj a hraj<\/p>\n<p>3) Palubn\u00fd mikrof\u00f3n<\/p>\n<p>4) Vstup VCC: 3,0 V ~ 5,0 V<\/p>\n","protected":false},"excerpt":{"rendered":"<p>R\u00e1diov\u00fd vysiela\u010dov\u00fd modul FM Vysiela\u010d r\u00e1diov\u00fdch stan\u00edc pre modul arduino &nbsp; Popis: Rozm\u00fd\u0161\u013eali ste niekedy nad t\u00fdm, \u017ee by ste&hellip;<\/p>\n","protected":false},"featured_media":332,"template":"","meta":{"_monsterinsights_skip_tracking":false,"_monsterinsights_sitenote_active":false,"_monsterinsights_sitenote_note":"","_monsterinsights_sitenote_category":0},"product_cat":[16,26],"product_tag":[],"class_list":{"0":"post-331","1":"product","2":"type-product","3":"status-publish","4":"has-post-thumbnail","6":"product_cat-ard","7":"product_cat-radio","9":"first","10":"instock","11":"shipping-taxable","12":"purchasable","13":"product-type-simple"},"yoast_head":"<!-- This site is optimized with the Yoast SEO plugin v23.6 - https:\/\/yoast.com\/wordpress\/plugins\/seo\/ -->\n<title>FM Radio Transmitter Module radio station transmitter for arduino module - Arduino e-shop<\/title>\n<meta name=\"robots\" content=\"index, follow, max-snippet:-1, max-image-preview:large, max-video-preview:-1\" \/>\n<link rel=\"canonical\" href=\"https:\/\/www.onetimenexttime.sk\/arduino\/index.php\/produkt\/fm-radio-transmitter-module-radio-station-transmitter-for-arduino-module\/\" \/>\n<meta property=\"og:locale\" content=\"sk_SK\" \/>\n<meta property=\"og:type\" content=\"article\" \/>\n<meta property=\"og:title\" content=\"FM Radio Transmitter Module radio station transmitter for arduino module - Arduino e-shop\" \/>\n<meta property=\"og:description\" content=\"R\u00e1diov\u00fd vysiela\u010dov\u00fd modul FM Vysiela\u010d r\u00e1diov\u00fdch stan\u00edc pre modul arduino &nbsp; Popis: Rozm\u00fd\u0161\u013eali ste niekedy nad t\u00fdm, \u017ee by ste&hellip;\" \/>\n<meta property=\"og:url\" content=\"https:\/\/www.onetimenexttime.sk\/arduino\/index.php\/produkt\/fm-radio-transmitter-module-radio-station-transmitter-for-arduino-module\/\" \/>\n<meta property=\"og:site_name\" content=\"Arduino e-shop\" \/>\n<meta property=\"article:modified_time\" content=\"2021-10-20T07:34:48+00:00\" \/>\n<meta property=\"og:image\" content=\"https:\/\/www.onetimenexttime.sk\/arduino\/wp-content\/uploads\/2021\/10\/637.jpg\" \/>\n\t<meta property=\"og:image:width\" content=\"511\" \/>\n\t<meta property=\"og:image:height\" content=\"510\" \/>\n\t<meta property=\"og:image:type\" content=\"image\/jpeg\" \/>\n<meta name=\"twitter:card\" content=\"summary_large_image\" \/>\n<meta name=\"twitter:label1\" content=\"Predpokladan\u00fd \u010das \u010d\u00edtania\" \/>\n\t<meta name=\"twitter:data1\" content=\"1 min\u00fata\" \/>\n<script type=\"application\/ld+json\" class=\"yoast-schema-graph\">{\"@context\":\"https:\/\/schema.org\",\"@graph\":[{\"@type\":\"WebPage\",\"@id\":\"https:\/\/www.onetimenexttime.sk\/arduino\/index.php\/produkt\/fm-radio-transmitter-module-radio-station-transmitter-for-arduino-module\/\",\"url\":\"https:\/\/www.onetimenexttime.sk\/arduino\/index.php\/produkt\/fm-radio-transmitter-module-radio-station-transmitter-for-arduino-module\/\",\"name\":\"FM Radio Transmitter Module radio station transmitter for arduino module - Arduino e-shop\",\"isPartOf\":{\"@id\":\"https:\/\/www.onetimenexttime.sk\/arduino\/#website\"},\"primaryImageOfPage\":{\"@id\":\"https:\/\/www.onetimenexttime.sk\/arduino\/index.php\/produkt\/fm-radio-transmitter-module-radio-station-transmitter-for-arduino-module\/#primaryimage\"},\"image\":{\"@id\":\"https:\/\/www.onetimenexttime.sk\/arduino\/index.php\/produkt\/fm-radio-transmitter-module-radio-station-transmitter-for-arduino-module\/#primaryimage\"},\"thumbnailUrl\":\"https:\/\/www.onetimenexttime.sk\/arduino\/wp-content\/uploads\/2021\/10\/637.jpg\",\"datePublished\":\"2021-10-20T07:32:14+00:00\",\"dateModified\":\"2021-10-20T07:34:48+00:00\",\"breadcrumb\":{\"@id\":\"https:\/\/www.onetimenexttime.sk\/arduino\/index.php\/produkt\/fm-radio-transmitter-module-radio-station-transmitter-for-arduino-module\/#breadcrumb\"},\"inLanguage\":\"sk-SK\",\"potentialAction\":[{\"@type\":\"ReadAction\",\"target\":[\"https:\/\/www.onetimenexttime.sk\/arduino\/index.php\/produkt\/fm-radio-transmitter-module-radio-station-transmitter-for-arduino-module\/\"]}]},{\"@type\":\"ImageObject\",\"inLanguage\":\"sk-SK\",\"@id\":\"https:\/\/www.onetimenexttime.sk\/arduino\/index.php\/produkt\/fm-radio-transmitter-module-radio-station-transmitter-for-arduino-module\/#primaryimage\",\"url\":\"https:\/\/www.onetimenexttime.sk\/arduino\/wp-content\/uploads\/2021\/10\/637.jpg\",\"contentUrl\":\"https:\/\/www.onetimenexttime.sk\/arduino\/wp-content\/uploads\/2021\/10\/637.jpg\",\"width\":511,\"height\":510},{\"@type\":\"BreadcrumbList\",\"@id\":\"https:\/\/www.onetimenexttime.sk\/arduino\/index.php\/produkt\/fm-radio-transmitter-module-radio-station-transmitter-for-arduino-module\/#breadcrumb\",\"itemListElement\":[{\"@type\":\"ListItem\",\"position\":1,\"name\":\"Domov\",\"item\":\"https:\/\/www.onetimenexttime.sk\/arduino\/\"},{\"@type\":\"ListItem\",\"position\":2,\"name\":\"Obchod\",\"item\":\"https:\/\/www.onetimenexttime.sk\/arduino\/\"},{\"@type\":\"ListItem\",\"position\":3,\"name\":\"FM Radio Transmitter Module radio station transmitter for arduino module\"}]},{\"@type\":\"WebSite\",\"@id\":\"https:\/\/www.onetimenexttime.sk\/arduino\/#website\",\"url\":\"https:\/\/www.onetimenexttime.sk\/arduino\/\",\"name\":\"Arduino e-shop\",\"description\":\"Home Assistant\",\"potentialAction\":[{\"@type\":\"SearchAction\",\"target\":{\"@type\":\"EntryPoint\",\"urlTemplate\":\"https:\/\/www.onetimenexttime.sk\/arduino\/?s={search_term_string}\"},\"query-input\":{\"@type\":\"PropertyValueSpecification\",\"valueRequired\":true,\"valueName\":\"search_term_string\"}}],\"inLanguage\":\"sk-SK\"}]}<\/script>\n<!-- \/ Yoast SEO plugin. -->","yoast_head_json":{"title":"FM Radio Transmitter Module radio station transmitter for arduino module - Arduino e-shop","robots":{"index":"index","follow":"follow","max-snippet":"max-snippet:-1","max-image-preview":"max-image-preview:large","max-video-preview":"max-video-preview:-1"},"canonical":"https:\/\/www.onetimenexttime.sk\/arduino\/index.php\/produkt\/fm-radio-transmitter-module-radio-station-transmitter-for-arduino-module\/","og_locale":"sk_SK","og_type":"article","og_title":"FM Radio Transmitter Module radio station transmitter for arduino module - Arduino e-shop","og_description":"R\u00e1diov\u00fd vysiela\u010dov\u00fd modul FM Vysiela\u010d r\u00e1diov\u00fdch stan\u00edc pre modul arduino &nbsp; Popis: Rozm\u00fd\u0161\u013eali ste niekedy nad t\u00fdm, \u017ee by ste&hellip;","og_url":"https:\/\/www.onetimenexttime.sk\/arduino\/index.php\/produkt\/fm-radio-transmitter-module-radio-station-transmitter-for-arduino-module\/","og_site_name":"Arduino e-shop","article_modified_time":"2021-10-20T07:34:48+00:00","og_image":[{"width":511,"height":510,"url":"https:\/\/www.onetimenexttime.sk\/arduino\/wp-content\/uploads\/2021\/10\/637.jpg","type":"image\/jpeg"}],"twitter_card":"summary_large_image","twitter_misc":{"Predpokladan\u00fd \u010das \u010d\u00edtania":"1 min\u00fata"},"schema":{"@context":"https:\/\/schema.org","@graph":[{"@type":"WebPage","@id":"https:\/\/www.onetimenexttime.sk\/arduino\/index.php\/produkt\/fm-radio-transmitter-module-radio-station-transmitter-for-arduino-module\/","url":"https:\/\/www.onetimenexttime.sk\/arduino\/index.php\/produkt\/fm-radio-transmitter-module-radio-station-transmitter-for-arduino-module\/","name":"FM Radio Transmitter Module radio station transmitter for arduino module - Arduino e-shop","isPartOf":{"@id":"https:\/\/www.onetimenexttime.sk\/arduino\/#website"},"primaryImageOfPage":{"@id":"https:\/\/www.onetimenexttime.sk\/arduino\/index.php\/produkt\/fm-radio-transmitter-module-radio-station-transmitter-for-arduino-module\/#primaryimage"},"image":{"@id":"https:\/\/www.onetimenexttime.sk\/arduino\/index.php\/produkt\/fm-radio-transmitter-module-radio-station-transmitter-for-arduino-module\/#primaryimage"},"thumbnailUrl":"https:\/\/www.onetimenexttime.sk\/arduino\/wp-content\/uploads\/2021\/10\/637.jpg","datePublished":"2021-10-20T07:32:14+00:00","dateModified":"2021-10-20T07:34:48+00:00","breadcrumb":{"@id":"https:\/\/www.onetimenexttime.sk\/arduino\/index.php\/produkt\/fm-radio-transmitter-module-radio-station-transmitter-for-arduino-module\/#breadcrumb"},"inLanguage":"sk-SK","potentialAction":[{"@type":"ReadAction","target":["https:\/\/www.onetimenexttime.sk\/arduino\/index.php\/produkt\/fm-radio-transmitter-module-radio-station-transmitter-for-arduino-module\/"]}]},{"@type":"ImageObject","inLanguage":"sk-SK","@id":"https:\/\/www.onetimenexttime.sk\/arduino\/index.php\/produkt\/fm-radio-transmitter-module-radio-station-transmitter-for-arduino-module\/#primaryimage","url":"https:\/\/www.onetimenexttime.sk\/arduino\/wp-content\/uploads\/2021\/10\/637.jpg","contentUrl":"https:\/\/www.onetimenexttime.sk\/arduino\/wp-content\/uploads\/2021\/10\/637.jpg","width":511,"height":510},{"@type":"BreadcrumbList","@id":"https:\/\/www.onetimenexttime.sk\/arduino\/index.php\/produkt\/fm-radio-transmitter-module-radio-station-transmitter-for-arduino-module\/#breadcrumb","itemListElement":[{"@type":"ListItem","position":1,"name":"Domov","item":"https:\/\/www.onetimenexttime.sk\/arduino\/"},{"@type":"ListItem","position":2,"name":"Obchod","item":"https:\/\/www.onetimenexttime.sk\/arduino\/"},{"@type":"ListItem","position":3,"name":"FM Radio Transmitter Module radio station transmitter for arduino module"}]},{"@type":"WebSite","@id":"https:\/\/www.onetimenexttime.sk\/arduino\/#website","url":"https:\/\/www.onetimenexttime.sk\/arduino\/","name":"Arduino e-shop","description":"Home Assistant","potentialAction":[{"@type":"SearchAction","target":{"@type":"EntryPoint","urlTemplate":"https:\/\/www.onetimenexttime.sk\/arduino\/?s={search_term_string}"},"query-input":{"@type":"PropertyValueSpecification","valueRequired":true,"valueName":"search_term_string"}}],"inLanguage":"sk-SK"}]}},"_links":{"self":[{"href":"https:\/\/www.onetimenexttime.sk\/arduino\/index.php\/wp-json\/wp\/v2\/product\/331"}],"collection":[{"href":"https:\/\/www.onetimenexttime.sk\/arduino\/index.php\/wp-json\/wp\/v2\/product"}],"about":[{"href":"https:\/\/www.onetimenexttime.sk\/arduino\/index.php\/wp-json\/wp\/v2\/types\/product"}],"wp:featuredmedia":[{"embeddable":true,"href":"https:\/\/www.onetimenexttime.sk\/arduino\/index.php\/wp-json\/wp\/v2\/media\/332"}],"wp:attachment":[{"href":"https:\/\/www.onetimenexttime.sk\/arduino\/index.php\/wp-json\/wp\/v2\/media?parent=331"}],"wp:term":[{"taxonomy":"product_cat","embeddable":true,"href":"https:\/\/www.onetimenexttime.sk\/arduino\/index.php\/wp-json\/wp\/v2\/product_cat?post=331"},{"taxonomy":"product_tag","embeddable":true,"href":"https:\/\/www.onetimenexttime.sk\/arduino\/index.php\/wp-json\/wp\/v2\/product_tag?post=331"}],"curies":[{"name":"wp","href":"https:\/\/api.w.org\/{rel}","templated":true}]}}