{"id":323,"date":"2021-10-20T09:20:41","date_gmt":"2021-10-20T07:20:41","guid":{"rendered":"https:\/\/www.onetimenexttime.sk\/arduino\/?post_type=product&#038;p=323"},"modified":"2021-10-20T09:23:08","modified_gmt":"2021-10-20T07:23:08","slug":"gpd2846a-tf-card-mp3-decoder-board-2w-amplifier-module-for-arduino","status":"publish","type":"product","link":"https:\/\/www.onetimenexttime.sk\/arduino\/index.php\/produkt\/gpd2846a-tf-card-mp3-decoder-board-2w-amplifier-module-for-arduino\/","title":{"rendered":"GPD2846A TF Card MP3 Decoder Board 2W Amplifier Module for Arduino"},"content":{"rendered":"<h2>2 -p\u00e1smov\u00fd modul zosil\u0148ova\u010da dekod\u00e9ra GPD2846A TF karty pre Arduino<\/h2>\n<p>Pracovn\u00e9 nap\u00e4tie: 3,7 V.<\/p>\n<p>L\u00edtiov\u00e1 bat\u00e9ria 600MA alebo 5V USB nap\u00e1jac\u00ed zdroj<\/p>\n<p>\u010cip: GPD2846A<\/p>\n<p>\u010cipov\u00e1 stopa: SOP16<\/p>\n<p>Ve\u013ekos\u0165 DPS: 34,23 x 22,33 x 1 mm<\/p>\n<p>2W zmie\u0161an\u00e9 mono.<\/p>\n<p>S nap\u00e1jan\u00edm m\u00f4\u017ee hra\u0165 automaticky, S LED indik\u00e1torom, Podporuje prehr\u00e1vanie form\u00e1tu MP3, Podporuje zvukov\u00fd re\u017eim USB<\/p>\n<p>Podporuje 3 typy r\u00e1diov\u00fdch \u010dipov FM: RDA5807, BK1080 a RTC6207E. , Nepodporuje infra\u010derven\u00e9 dia\u013ekov\u00e9 ovl\u00e1danie. , Nepodporuje re\u017eim zariadenia USB.<\/p>\n<p>&nbsp;<\/p>\n","protected":false},"excerpt":{"rendered":"<p>2 -p\u00e1smov\u00fd modul zosil\u0148ova\u010da dekod\u00e9ra GPD2846A TF karty pre Arduino Pracovn\u00e9 nap\u00e4tie: 3,7 V. L\u00edtiov\u00e1 bat\u00e9ria 600MA alebo 5V USB&hellip;<\/p>\n","protected":false},"featured_media":324,"template":"","meta":{"_monsterinsights_skip_tracking":false,"_monsterinsights_sitenote_active":false,"_monsterinsights_sitenote_note":"","_monsterinsights_sitenote_category":0},"product_cat":[16,23],"product_tag":[],"class_list":{"0":"post-323","1":"product","2":"type-product","3":"status-publish","4":"has-post-thumbnail","6":"product_cat-ard","7":"product_cat-audio-modul","9":"first","10":"instock","11":"shipping-taxable","12":"purchasable","13":"product-type-simple"},"yoast_head":"<!-- This site is optimized with the Yoast SEO plugin v23.6 - https:\/\/yoast.com\/wordpress\/plugins\/seo\/ -->\n<title>GPD2846A TF Card MP3 Decoder Board 2W Amplifier Module for Arduino - Arduino e-shop<\/title>\n<meta name=\"robots\" content=\"index, follow, max-snippet:-1, max-image-preview:large, max-video-preview:-1\" \/>\n<link rel=\"canonical\" href=\"https:\/\/www.onetimenexttime.sk\/arduino\/index.php\/produkt\/gpd2846a-tf-card-mp3-decoder-board-2w-amplifier-module-for-arduino\/\" \/>\n<meta property=\"og:locale\" content=\"sk_SK\" \/>\n<meta property=\"og:type\" content=\"article\" \/>\n<meta property=\"og:title\" content=\"GPD2846A TF Card MP3 Decoder Board 2W Amplifier Module for Arduino - Arduino e-shop\" \/>\n<meta property=\"og:description\" content=\"2 -p\u00e1smov\u00fd modul zosil\u0148ova\u010da dekod\u00e9ra GPD2846A TF karty pre Arduino Pracovn\u00e9 nap\u00e4tie: 3,7 V. L\u00edtiov\u00e1 bat\u00e9ria 600MA alebo 5V USB&hellip;\" \/>\n<meta property=\"og:url\" content=\"https:\/\/www.onetimenexttime.sk\/arduino\/index.php\/produkt\/gpd2846a-tf-card-mp3-decoder-board-2w-amplifier-module-for-arduino\/\" \/>\n<meta property=\"og:site_name\" content=\"Arduino e-shop\" \/>\n<meta property=\"article:modified_time\" content=\"2021-10-20T07:23:08+00:00\" \/>\n<meta property=\"og:image\" content=\"https:\/\/www.onetimenexttime.sk\/arduino\/wp-content\/uploads\/2021\/10\/634.jpg\" \/>\n\t<meta property=\"og:image:width\" content=\"511\" \/>\n\t<meta property=\"og:image:height\" content=\"510\" \/>\n\t<meta property=\"og:image:type\" content=\"image\/jpeg\" \/>\n<meta name=\"twitter:card\" content=\"summary_large_image\" \/>\n<meta name=\"twitter:label1\" content=\"Predpokladan\u00fd \u010das \u010d\u00edtania\" \/>\n\t<meta name=\"twitter:data1\" content=\"1 min\u00fata\" \/>\n<script type=\"application\/ld+json\" class=\"yoast-schema-graph\">{\"@context\":\"https:\/\/schema.org\",\"@graph\":[{\"@type\":\"WebPage\",\"@id\":\"https:\/\/www.onetimenexttime.sk\/arduino\/index.php\/produkt\/gpd2846a-tf-card-mp3-decoder-board-2w-amplifier-module-for-arduino\/\",\"url\":\"https:\/\/www.onetimenexttime.sk\/arduino\/index.php\/produkt\/gpd2846a-tf-card-mp3-decoder-board-2w-amplifier-module-for-arduino\/\",\"name\":\"GPD2846A TF Card MP3 Decoder Board 2W Amplifier Module for Arduino - Arduino e-shop\",\"isPartOf\":{\"@id\":\"https:\/\/www.onetimenexttime.sk\/arduino\/#website\"},\"primaryImageOfPage\":{\"@id\":\"https:\/\/www.onetimenexttime.sk\/arduino\/index.php\/produkt\/gpd2846a-tf-card-mp3-decoder-board-2w-amplifier-module-for-arduino\/#primaryimage\"},\"image\":{\"@id\":\"https:\/\/www.onetimenexttime.sk\/arduino\/index.php\/produkt\/gpd2846a-tf-card-mp3-decoder-board-2w-amplifier-module-for-arduino\/#primaryimage\"},\"thumbnailUrl\":\"https:\/\/www.onetimenexttime.sk\/arduino\/wp-content\/uploads\/2021\/10\/634.jpg\",\"datePublished\":\"2021-10-20T07:20:41+00:00\",\"dateModified\":\"2021-10-20T07:23:08+00:00\",\"breadcrumb\":{\"@id\":\"https:\/\/www.onetimenexttime.sk\/arduino\/index.php\/produkt\/gpd2846a-tf-card-mp3-decoder-board-2w-amplifier-module-for-arduino\/#breadcrumb\"},\"inLanguage\":\"sk-SK\",\"potentialAction\":[{\"@type\":\"ReadAction\",\"target\":[\"https:\/\/www.onetimenexttime.sk\/arduino\/index.php\/produkt\/gpd2846a-tf-card-mp3-decoder-board-2w-amplifier-module-for-arduino\/\"]}]},{\"@type\":\"ImageObject\",\"inLanguage\":\"sk-SK\",\"@id\":\"https:\/\/www.onetimenexttime.sk\/arduino\/index.php\/produkt\/gpd2846a-tf-card-mp3-decoder-board-2w-amplifier-module-for-arduino\/#primaryimage\",\"url\":\"https:\/\/www.onetimenexttime.sk\/arduino\/wp-content\/uploads\/2021\/10\/634.jpg\",\"contentUrl\":\"https:\/\/www.onetimenexttime.sk\/arduino\/wp-content\/uploads\/2021\/10\/634.jpg\",\"width\":511,\"height\":510},{\"@type\":\"BreadcrumbList\",\"@id\":\"https:\/\/www.onetimenexttime.sk\/arduino\/index.php\/produkt\/gpd2846a-tf-card-mp3-decoder-board-2w-amplifier-module-for-arduino\/#breadcrumb\",\"itemListElement\":[{\"@type\":\"ListItem\",\"position\":1,\"name\":\"Domov\",\"item\":\"https:\/\/www.onetimenexttime.sk\/arduino\/\"},{\"@type\":\"ListItem\",\"position\":2,\"name\":\"Obchod\",\"item\":\"https:\/\/www.onetimenexttime.sk\/arduino\/\"},{\"@type\":\"ListItem\",\"position\":3,\"name\":\"GPD2846A TF Card MP3 Decoder Board 2W Amplifier Module for Arduino\"}]},{\"@type\":\"WebSite\",\"@id\":\"https:\/\/www.onetimenexttime.sk\/arduino\/#website\",\"url\":\"https:\/\/www.onetimenexttime.sk\/arduino\/\",\"name\":\"Arduino e-shop\",\"description\":\"Home Assistant\",\"potentialAction\":[{\"@type\":\"SearchAction\",\"target\":{\"@type\":\"EntryPoint\",\"urlTemplate\":\"https:\/\/www.onetimenexttime.sk\/arduino\/?s={search_term_string}\"},\"query-input\":{\"@type\":\"PropertyValueSpecification\",\"valueRequired\":true,\"valueName\":\"search_term_string\"}}],\"inLanguage\":\"sk-SK\"}]}<\/script>\n<!-- \/ Yoast SEO plugin. -->","yoast_head_json":{"title":"GPD2846A TF Card MP3 Decoder Board 2W Amplifier Module for Arduino - Arduino e-shop","robots":{"index":"index","follow":"follow","max-snippet":"max-snippet:-1","max-image-preview":"max-image-preview:large","max-video-preview":"max-video-preview:-1"},"canonical":"https:\/\/www.onetimenexttime.sk\/arduino\/index.php\/produkt\/gpd2846a-tf-card-mp3-decoder-board-2w-amplifier-module-for-arduino\/","og_locale":"sk_SK","og_type":"article","og_title":"GPD2846A TF Card MP3 Decoder Board 2W Amplifier Module for Arduino - Arduino e-shop","og_description":"2 -p\u00e1smov\u00fd modul zosil\u0148ova\u010da dekod\u00e9ra GPD2846A TF karty pre Arduino Pracovn\u00e9 nap\u00e4tie: 3,7 V. L\u00edtiov\u00e1 bat\u00e9ria 600MA alebo 5V USB&hellip;","og_url":"https:\/\/www.onetimenexttime.sk\/arduino\/index.php\/produkt\/gpd2846a-tf-card-mp3-decoder-board-2w-amplifier-module-for-arduino\/","og_site_name":"Arduino e-shop","article_modified_time":"2021-10-20T07:23:08+00:00","og_image":[{"width":511,"height":510,"url":"https:\/\/www.onetimenexttime.sk\/arduino\/wp-content\/uploads\/2021\/10\/634.jpg","type":"image\/jpeg"}],"twitter_card":"summary_large_image","twitter_misc":{"Predpokladan\u00fd \u010das \u010d\u00edtania":"1 min\u00fata"},"schema":{"@context":"https:\/\/schema.org","@graph":[{"@type":"WebPage","@id":"https:\/\/www.onetimenexttime.sk\/arduino\/index.php\/produkt\/gpd2846a-tf-card-mp3-decoder-board-2w-amplifier-module-for-arduino\/","url":"https:\/\/www.onetimenexttime.sk\/arduino\/index.php\/produkt\/gpd2846a-tf-card-mp3-decoder-board-2w-amplifier-module-for-arduino\/","name":"GPD2846A TF Card MP3 Decoder Board 2W Amplifier Module for Arduino - Arduino e-shop","isPartOf":{"@id":"https:\/\/www.onetimenexttime.sk\/arduino\/#website"},"primaryImageOfPage":{"@id":"https:\/\/www.onetimenexttime.sk\/arduino\/index.php\/produkt\/gpd2846a-tf-card-mp3-decoder-board-2w-amplifier-module-for-arduino\/#primaryimage"},"image":{"@id":"https:\/\/www.onetimenexttime.sk\/arduino\/index.php\/produkt\/gpd2846a-tf-card-mp3-decoder-board-2w-amplifier-module-for-arduino\/#primaryimage"},"thumbnailUrl":"https:\/\/www.onetimenexttime.sk\/arduino\/wp-content\/uploads\/2021\/10\/634.jpg","datePublished":"2021-10-20T07:20:41+00:00","dateModified":"2021-10-20T07:23:08+00:00","breadcrumb":{"@id":"https:\/\/www.onetimenexttime.sk\/arduino\/index.php\/produkt\/gpd2846a-tf-card-mp3-decoder-board-2w-amplifier-module-for-arduino\/#breadcrumb"},"inLanguage":"sk-SK","potentialAction":[{"@type":"ReadAction","target":["https:\/\/www.onetimenexttime.sk\/arduino\/index.php\/produkt\/gpd2846a-tf-card-mp3-decoder-board-2w-amplifier-module-for-arduino\/"]}]},{"@type":"ImageObject","inLanguage":"sk-SK","@id":"https:\/\/www.onetimenexttime.sk\/arduino\/index.php\/produkt\/gpd2846a-tf-card-mp3-decoder-board-2w-amplifier-module-for-arduino\/#primaryimage","url":"https:\/\/www.onetimenexttime.sk\/arduino\/wp-content\/uploads\/2021\/10\/634.jpg","contentUrl":"https:\/\/www.onetimenexttime.sk\/arduino\/wp-content\/uploads\/2021\/10\/634.jpg","width":511,"height":510},{"@type":"BreadcrumbList","@id":"https:\/\/www.onetimenexttime.sk\/arduino\/index.php\/produkt\/gpd2846a-tf-card-mp3-decoder-board-2w-amplifier-module-for-arduino\/#breadcrumb","itemListElement":[{"@type":"ListItem","position":1,"name":"Domov","item":"https:\/\/www.onetimenexttime.sk\/arduino\/"},{"@type":"ListItem","position":2,"name":"Obchod","item":"https:\/\/www.onetimenexttime.sk\/arduino\/"},{"@type":"ListItem","position":3,"name":"GPD2846A TF Card MP3 Decoder Board 2W Amplifier Module for Arduino"}]},{"@type":"WebSite","@id":"https:\/\/www.onetimenexttime.sk\/arduino\/#website","url":"https:\/\/www.onetimenexttime.sk\/arduino\/","name":"Arduino e-shop","description":"Home Assistant","potentialAction":[{"@type":"SearchAction","target":{"@type":"EntryPoint","urlTemplate":"https:\/\/www.onetimenexttime.sk\/arduino\/?s={search_term_string}"},"query-input":{"@type":"PropertyValueSpecification","valueRequired":true,"valueName":"search_term_string"}}],"inLanguage":"sk-SK"}]}},"_links":{"self":[{"href":"https:\/\/www.onetimenexttime.sk\/arduino\/index.php\/wp-json\/wp\/v2\/product\/323"}],"collection":[{"href":"https:\/\/www.onetimenexttime.sk\/arduino\/index.php\/wp-json\/wp\/v2\/product"}],"about":[{"href":"https:\/\/www.onetimenexttime.sk\/arduino\/index.php\/wp-json\/wp\/v2\/types\/product"}],"wp:featuredmedia":[{"embeddable":true,"href":"https:\/\/www.onetimenexttime.sk\/arduino\/index.php\/wp-json\/wp\/v2\/media\/324"}],"wp:attachment":[{"href":"https:\/\/www.onetimenexttime.sk\/arduino\/index.php\/wp-json\/wp\/v2\/media?parent=323"}],"wp:term":[{"taxonomy":"product_cat","embeddable":true,"href":"https:\/\/www.onetimenexttime.sk\/arduino\/index.php\/wp-json\/wp\/v2\/product_cat?post=323"},{"taxonomy":"product_tag","embeddable":true,"href":"https:\/\/www.onetimenexttime.sk\/arduino\/index.php\/wp-json\/wp\/v2\/product_tag?post=323"}],"curies":[{"name":"wp","href":"https:\/\/api.w.org\/{rel}","templated":true}]}}