{"id":321,"date":"2021-10-20T09:17:54","date_gmt":"2021-10-20T07:17:54","guid":{"rendered":"https:\/\/www.onetimenexttime.sk\/arduino\/?post_type=product&#038;p=321"},"modified":"2021-10-20T09:20:00","modified_gmt":"2021-10-20T07:20:00","slug":"isd1820-recording-module-voice-module-the-voice-board-telediphone-module-board-with-microphones-loudspeaker","status":"publish","type":"product","link":"https:\/\/www.onetimenexttime.sk\/arduino\/index.php\/produkt\/isd1820-recording-module-voice-module-the-voice-board-telediphone-module-board-with-microphones-loudspeaker\/","title":{"rendered":"ISD1820 recording module voice module the voice board telediphone module board with Microphones + Loudspeaker"},"content":{"rendered":"<p>ISD1820 nahr\u00e1vac\u00ed modul hlasov\u00fd modul doska hlasov\u00e9ho modulu teledif\u00f3nneho modulu s mikrof\u00f3nmi + reproduktor pre arduino<\/p>\n<p>&nbsp;<\/p>\n<p>ISD1820 nahr\u00e1vac\u00ed modul hlasov\u00fd modul doska hlasov\u00e9ho modulu teledif\u00f3nneho modulu s mikrof\u00f3nmi + reproduktor pre arduino<\/p>\n<p>V\u010faka slu\u010dke, plynul\u00e9mu prehr\u00e1vaniu a jednoprechodov\u00e9mu prehr\u00e1vaniu<br \/>\nK dispoz\u00edcii jedno\u010dipov\u00e9 ovl\u00e1danie<br \/>\nTento modul m\u00f4\u017ee priamo poh\u00e1\u0148a\u0165 mal\u00fd reproduktor s v\u00fdkonom 8 ohmov 0,5 W<br \/>\nPracovn\u00e9 nap\u00e4tie: DC 3 a\u017e 5V<br \/>\nReproduktor: 8\u03a9, 0,5W<br \/>\nNap\u00e1janie: 3 &#8211; 5V<br \/>\nVe\u013ekos\u0165: 3,7 x 4,1 cm \/ 1,45 x 1,61 palca<\/p>\n","protected":false},"excerpt":{"rendered":"<p>ISD1820 nahr\u00e1vac\u00ed modul hlasov\u00fd modul doska hlasov\u00e9ho modulu teledif\u00f3nneho modulu s mikrof\u00f3nmi + reproduktor pre arduino &nbsp; ISD1820 nahr\u00e1vac\u00ed modul&hellip;<\/p>\n","protected":false},"featured_media":322,"template":"","meta":{"_monsterinsights_skip_tracking":false,"_monsterinsights_sitenote_active":false,"_monsterinsights_sitenote_note":"","_monsterinsights_sitenote_category":0},"product_cat":[16,23],"product_tag":[],"class_list":{"0":"post-321","1":"product","2":"type-product","3":"status-publish","4":"has-post-thumbnail","6":"product_cat-ard","7":"product_cat-audio-modul","9":"first","10":"instock","11":"shipping-taxable","12":"purchasable","13":"product-type-simple"},"yoast_head":"<!-- This site is optimized with the Yoast SEO plugin v23.6 - https:\/\/yoast.com\/wordpress\/plugins\/seo\/ -->\n<title>ISD1820 recording module voice module the voice board telediphone module board with Microphones + Loudspeaker - Arduino e-shop<\/title>\n<meta name=\"robots\" content=\"index, follow, max-snippet:-1, max-image-preview:large, max-video-preview:-1\" \/>\n<link rel=\"canonical\" href=\"https:\/\/www.onetimenexttime.sk\/arduino\/index.php\/produkt\/isd1820-recording-module-voice-module-the-voice-board-telediphone-module-board-with-microphones-loudspeaker\/\" \/>\n<meta property=\"og:locale\" content=\"sk_SK\" \/>\n<meta property=\"og:type\" content=\"article\" \/>\n<meta property=\"og:title\" content=\"ISD1820 recording module voice module the voice board telediphone module board with Microphones + Loudspeaker - Arduino e-shop\" \/>\n<meta property=\"og:description\" content=\"ISD1820 nahr\u00e1vac\u00ed modul hlasov\u00fd modul doska hlasov\u00e9ho modulu teledif\u00f3nneho modulu s mikrof\u00f3nmi + reproduktor pre arduino &nbsp; ISD1820 nahr\u00e1vac\u00ed modul&hellip;\" \/>\n<meta property=\"og:url\" content=\"https:\/\/www.onetimenexttime.sk\/arduino\/index.php\/produkt\/isd1820-recording-module-voice-module-the-voice-board-telediphone-module-board-with-microphones-loudspeaker\/\" \/>\n<meta property=\"og:site_name\" content=\"Arduino e-shop\" \/>\n<meta property=\"article:modified_time\" content=\"2021-10-20T07:20:00+00:00\" \/>\n<meta property=\"og:image\" content=\"https:\/\/www.onetimenexttime.sk\/arduino\/wp-content\/uploads\/2021\/10\/621.webp\" \/>\n\t<meta property=\"og:image:width\" content=\"603\" \/>\n\t<meta property=\"og:image:height\" content=\"603\" \/>\n\t<meta property=\"og:image:type\" content=\"image\/webp\" \/>\n<meta name=\"twitter:card\" content=\"summary_large_image\" \/>\n<meta name=\"twitter:label1\" content=\"Predpokladan\u00fd \u010das \u010d\u00edtania\" \/>\n\t<meta name=\"twitter:data1\" content=\"1 min\u00fata\" \/>\n<script type=\"application\/ld+json\" class=\"yoast-schema-graph\">{\"@context\":\"https:\/\/schema.org\",\"@graph\":[{\"@type\":\"WebPage\",\"@id\":\"https:\/\/www.onetimenexttime.sk\/arduino\/index.php\/produkt\/isd1820-recording-module-voice-module-the-voice-board-telediphone-module-board-with-microphones-loudspeaker\/\",\"url\":\"https:\/\/www.onetimenexttime.sk\/arduino\/index.php\/produkt\/isd1820-recording-module-voice-module-the-voice-board-telediphone-module-board-with-microphones-loudspeaker\/\",\"name\":\"ISD1820 recording module voice module the voice board telediphone module board with Microphones + Loudspeaker - Arduino e-shop\",\"isPartOf\":{\"@id\":\"https:\/\/www.onetimenexttime.sk\/arduino\/#website\"},\"primaryImageOfPage\":{\"@id\":\"https:\/\/www.onetimenexttime.sk\/arduino\/index.php\/produkt\/isd1820-recording-module-voice-module-the-voice-board-telediphone-module-board-with-microphones-loudspeaker\/#primaryimage\"},\"image\":{\"@id\":\"https:\/\/www.onetimenexttime.sk\/arduino\/index.php\/produkt\/isd1820-recording-module-voice-module-the-voice-board-telediphone-module-board-with-microphones-loudspeaker\/#primaryimage\"},\"thumbnailUrl\":\"https:\/\/www.onetimenexttime.sk\/arduino\/wp-content\/uploads\/2021\/10\/621.webp\",\"datePublished\":\"2021-10-20T07:17:54+00:00\",\"dateModified\":\"2021-10-20T07:20:00+00:00\",\"breadcrumb\":{\"@id\":\"https:\/\/www.onetimenexttime.sk\/arduino\/index.php\/produkt\/isd1820-recording-module-voice-module-the-voice-board-telediphone-module-board-with-microphones-loudspeaker\/#breadcrumb\"},\"inLanguage\":\"sk-SK\",\"potentialAction\":[{\"@type\":\"ReadAction\",\"target\":[\"https:\/\/www.onetimenexttime.sk\/arduino\/index.php\/produkt\/isd1820-recording-module-voice-module-the-voice-board-telediphone-module-board-with-microphones-loudspeaker\/\"]}]},{\"@type\":\"ImageObject\",\"inLanguage\":\"sk-SK\",\"@id\":\"https:\/\/www.onetimenexttime.sk\/arduino\/index.php\/produkt\/isd1820-recording-module-voice-module-the-voice-board-telediphone-module-board-with-microphones-loudspeaker\/#primaryimage\",\"url\":\"https:\/\/www.onetimenexttime.sk\/arduino\/wp-content\/uploads\/2021\/10\/621.webp\",\"contentUrl\":\"https:\/\/www.onetimenexttime.sk\/arduino\/wp-content\/uploads\/2021\/10\/621.webp\",\"width\":603,\"height\":603},{\"@type\":\"BreadcrumbList\",\"@id\":\"https:\/\/www.onetimenexttime.sk\/arduino\/index.php\/produkt\/isd1820-recording-module-voice-module-the-voice-board-telediphone-module-board-with-microphones-loudspeaker\/#breadcrumb\",\"itemListElement\":[{\"@type\":\"ListItem\",\"position\":1,\"name\":\"Domov\",\"item\":\"https:\/\/www.onetimenexttime.sk\/arduino\/\"},{\"@type\":\"ListItem\",\"position\":2,\"name\":\"Obchod\",\"item\":\"https:\/\/www.onetimenexttime.sk\/arduino\/\"},{\"@type\":\"ListItem\",\"position\":3,\"name\":\"ISD1820 recording module voice module the voice board telediphone module board with Microphones + Loudspeaker\"}]},{\"@type\":\"WebSite\",\"@id\":\"https:\/\/www.onetimenexttime.sk\/arduino\/#website\",\"url\":\"https:\/\/www.onetimenexttime.sk\/arduino\/\",\"name\":\"Arduino e-shop\",\"description\":\"Home Assistant\",\"potentialAction\":[{\"@type\":\"SearchAction\",\"target\":{\"@type\":\"EntryPoint\",\"urlTemplate\":\"https:\/\/www.onetimenexttime.sk\/arduino\/?s={search_term_string}\"},\"query-input\":{\"@type\":\"PropertyValueSpecification\",\"valueRequired\":true,\"valueName\":\"search_term_string\"}}],\"inLanguage\":\"sk-SK\"}]}<\/script>\n<!-- \/ Yoast SEO plugin. -->","yoast_head_json":{"title":"ISD1820 recording module voice module the voice board telediphone module board with Microphones + Loudspeaker - Arduino e-shop","robots":{"index":"index","follow":"follow","max-snippet":"max-snippet:-1","max-image-preview":"max-image-preview:large","max-video-preview":"max-video-preview:-1"},"canonical":"https:\/\/www.onetimenexttime.sk\/arduino\/index.php\/produkt\/isd1820-recording-module-voice-module-the-voice-board-telediphone-module-board-with-microphones-loudspeaker\/","og_locale":"sk_SK","og_type":"article","og_title":"ISD1820 recording module voice module the voice board telediphone module board with Microphones + Loudspeaker - Arduino e-shop","og_description":"ISD1820 nahr\u00e1vac\u00ed modul hlasov\u00fd modul doska hlasov\u00e9ho modulu teledif\u00f3nneho modulu s mikrof\u00f3nmi + reproduktor pre arduino &nbsp; ISD1820 nahr\u00e1vac\u00ed modul&hellip;","og_url":"https:\/\/www.onetimenexttime.sk\/arduino\/index.php\/produkt\/isd1820-recording-module-voice-module-the-voice-board-telediphone-module-board-with-microphones-loudspeaker\/","og_site_name":"Arduino e-shop","article_modified_time":"2021-10-20T07:20:00+00:00","og_image":[{"width":603,"height":603,"url":"https:\/\/www.onetimenexttime.sk\/arduino\/wp-content\/uploads\/2021\/10\/621.webp","type":"image\/webp"}],"twitter_card":"summary_large_image","twitter_misc":{"Predpokladan\u00fd \u010das \u010d\u00edtania":"1 min\u00fata"},"schema":{"@context":"https:\/\/schema.org","@graph":[{"@type":"WebPage","@id":"https:\/\/www.onetimenexttime.sk\/arduino\/index.php\/produkt\/isd1820-recording-module-voice-module-the-voice-board-telediphone-module-board-with-microphones-loudspeaker\/","url":"https:\/\/www.onetimenexttime.sk\/arduino\/index.php\/produkt\/isd1820-recording-module-voice-module-the-voice-board-telediphone-module-board-with-microphones-loudspeaker\/","name":"ISD1820 recording module voice module the voice board telediphone module board with Microphones + Loudspeaker - Arduino e-shop","isPartOf":{"@id":"https:\/\/www.onetimenexttime.sk\/arduino\/#website"},"primaryImageOfPage":{"@id":"https:\/\/www.onetimenexttime.sk\/arduino\/index.php\/produkt\/isd1820-recording-module-voice-module-the-voice-board-telediphone-module-board-with-microphones-loudspeaker\/#primaryimage"},"image":{"@id":"https:\/\/www.onetimenexttime.sk\/arduino\/index.php\/produkt\/isd1820-recording-module-voice-module-the-voice-board-telediphone-module-board-with-microphones-loudspeaker\/#primaryimage"},"thumbnailUrl":"https:\/\/www.onetimenexttime.sk\/arduino\/wp-content\/uploads\/2021\/10\/621.webp","datePublished":"2021-10-20T07:17:54+00:00","dateModified":"2021-10-20T07:20:00+00:00","breadcrumb":{"@id":"https:\/\/www.onetimenexttime.sk\/arduino\/index.php\/produkt\/isd1820-recording-module-voice-module-the-voice-board-telediphone-module-board-with-microphones-loudspeaker\/#breadcrumb"},"inLanguage":"sk-SK","potentialAction":[{"@type":"ReadAction","target":["https:\/\/www.onetimenexttime.sk\/arduino\/index.php\/produkt\/isd1820-recording-module-voice-module-the-voice-board-telediphone-module-board-with-microphones-loudspeaker\/"]}]},{"@type":"ImageObject","inLanguage":"sk-SK","@id":"https:\/\/www.onetimenexttime.sk\/arduino\/index.php\/produkt\/isd1820-recording-module-voice-module-the-voice-board-telediphone-module-board-with-microphones-loudspeaker\/#primaryimage","url":"https:\/\/www.onetimenexttime.sk\/arduino\/wp-content\/uploads\/2021\/10\/621.webp","contentUrl":"https:\/\/www.onetimenexttime.sk\/arduino\/wp-content\/uploads\/2021\/10\/621.webp","width":603,"height":603},{"@type":"BreadcrumbList","@id":"https:\/\/www.onetimenexttime.sk\/arduino\/index.php\/produkt\/isd1820-recording-module-voice-module-the-voice-board-telediphone-module-board-with-microphones-loudspeaker\/#breadcrumb","itemListElement":[{"@type":"ListItem","position":1,"name":"Domov","item":"https:\/\/www.onetimenexttime.sk\/arduino\/"},{"@type":"ListItem","position":2,"name":"Obchod","item":"https:\/\/www.onetimenexttime.sk\/arduino\/"},{"@type":"ListItem","position":3,"name":"ISD1820 recording module voice module the voice board telediphone module board with Microphones + Loudspeaker"}]},{"@type":"WebSite","@id":"https:\/\/www.onetimenexttime.sk\/arduino\/#website","url":"https:\/\/www.onetimenexttime.sk\/arduino\/","name":"Arduino e-shop","description":"Home Assistant","potentialAction":[{"@type":"SearchAction","target":{"@type":"EntryPoint","urlTemplate":"https:\/\/www.onetimenexttime.sk\/arduino\/?s={search_term_string}"},"query-input":{"@type":"PropertyValueSpecification","valueRequired":true,"valueName":"search_term_string"}}],"inLanguage":"sk-SK"}]}},"_links":{"self":[{"href":"https:\/\/www.onetimenexttime.sk\/arduino\/index.php\/wp-json\/wp\/v2\/product\/321"}],"collection":[{"href":"https:\/\/www.onetimenexttime.sk\/arduino\/index.php\/wp-json\/wp\/v2\/product"}],"about":[{"href":"https:\/\/www.onetimenexttime.sk\/arduino\/index.php\/wp-json\/wp\/v2\/types\/product"}],"wp:featuredmedia":[{"embeddable":true,"href":"https:\/\/www.onetimenexttime.sk\/arduino\/index.php\/wp-json\/wp\/v2\/media\/322"}],"wp:attachment":[{"href":"https:\/\/www.onetimenexttime.sk\/arduino\/index.php\/wp-json\/wp\/v2\/media?parent=321"}],"wp:term":[{"taxonomy":"product_cat","embeddable":true,"href":"https:\/\/www.onetimenexttime.sk\/arduino\/index.php\/wp-json\/wp\/v2\/product_cat?post=321"},{"taxonomy":"product_tag","embeddable":true,"href":"https:\/\/www.onetimenexttime.sk\/arduino\/index.php\/wp-json\/wp\/v2\/product_tag?post=321"}],"curies":[{"name":"wp","href":"https:\/\/api.w.org\/{rel}","templated":true}]}}