{"id":32,"date":"2021-10-17T14:10:19","date_gmt":"2021-10-17T12:10:19","guid":{"rendered":"https:\/\/www.onetimenexttime.sk\/arduino\/?post_type=product&#038;p=32"},"modified":"2024-02-22T17:30:52","modified_gmt":"2024-02-22T16:30:52","slug":"the-uart-wifi-module-serial-wifi-singlechip-hlk-rm04-simplifies-test-plate","status":"publish","type":"product","link":"https:\/\/www.onetimenexttime.sk\/arduino\/index.php\/produkt\/the-uart-wifi-module-serial-wifi-singlechip-hlk-rm04-simplifies-test-plate\/","title":{"rendered":"The Uart-wifi Module, Serial Wifi, Singlechip Hlk-rm04 Simplifies Test Plate"},"content":{"rendered":"<p>&nbsp;<\/p>\n<p>&nbsp;<\/p>\n<h1>UART-WiFi Module HLK-RM04<\/h1>\n<table>\n<tbody>\n<tr>\n<th>Popis<\/th>\n<td>Modul pre bezdr\u00f4tov\u00e9 pripojenie cez s\u00e9riov\u00fa linku (UART) na WiFi siet<\/td>\n<\/tr>\n<tr>\n<th>Vlastnosti<\/th>\n<td>\n<ul>\n<li>Jednoduch\u00e9 pripojenie cez s\u00e9riov\u00fa komunik\u00e1ciu<\/li>\n<li>Podpora WiFi siete<\/li>\n<li>\u013dahk\u00e1 integr\u00e1cia do projektov<\/li>\n<\/ul>\n<\/td>\n<\/tr>\n<tr>\n<th>\u0160pecifik\u00e1cie<\/th>\n<td>\n<ul>\n<li>Model: HLK-RM04<\/li>\n<li>Pracovn\u00e9 nap\u00e4tie: 3.3V &#8211; 5V<\/li>\n<li>R\u00fdchlos\u0165 prenosu d\u00e1t: 9600bps &#8211; 115200bps<\/li>\n<\/ul>\n<\/td>\n<\/tr>\n<tr>\n<th>Pr\u00edklady pou\u017eitia<\/th>\n<td>\n<ul>\n<li>Pripojenie IoT zariaden\u00ed k WiFi sieti<\/li>\n<li>Vzdialen\u00e9 ovl\u00e1danie a monitorovanie zariaden\u00ed cez internet<\/li>\n<\/ul>\n<\/td>\n<\/tr>\n<tr>\n<th>Pr\u00edkladov\u00fd k\u00f3d<\/th>\n<td class=\"code-container\"><code><code>\/\/ Pr\u00edkladov\u00fd k\u00f3d pre Arduino<br \/>\n#include<\/code><\/code>SoftwareSerial wifiSerial(2, 3); \/\/ RX, TX<code><code><\/code><\/code>void setup() {<br \/>\nSerial.begin(9600);<br \/>\nwifiSerial.begin(9600);<br \/>\n}<code><code><\/code><\/code>void loop() {<br \/>\nif (wifiSerial.available()) {<br \/>\nSerial.write(wifiSerial.read());<br \/>\n}<br \/>\nif (Serial.available()) {<br \/>\nwifiSerial.write(Serial.read());<br \/>\n}<br \/>\n}<button>Skop\u00edrova\u0165 k\u00f3d<\/button><\/td>\n<\/tr>\n<\/tbody>\n<\/table>\n<p>&nbsp;<\/p>\n<p>&nbsp;<\/p>\n<p>&nbsp;<\/p>\n<p>UART-WiFi Module, alebo tie\u017e zn\u00e1my ako HLK-RM04, je mal\u00fd elektronick\u00fd modul, ktor\u00fd umo\u017e\u0148uje pripoji\u0165 sa k bezdr\u00f4tovej WiFi sieti pomocou s\u00e9riovej komunik\u00e1cie. To znamen\u00e1, \u017ee ho m\u00f4\u017eete pou\u017ei\u0165 na pripojenie r\u00f4znych elektronick\u00fdch zariaden\u00ed k internetu bez pou\u017eitia k\u00e1bl\u00ed alebo \u010fal\u0161\u00edch komplikovan\u00fdch nastaven\u00ed.<\/p>\n<p>Tu je, ako to funguje: Modul HLK-RM04 prij\u00edma d\u00e1ta zo zariadenia, ako je napr\u00edklad Arduino, cez s\u00e9riov\u00fa linku (UART), a potom ich pren\u00e1\u0161a do v\u00e1\u0161ho dom\u00e1ceho WiFi smerova\u010da. To umo\u017e\u0148uje va\u0161im zariadeniam komunikova\u0165 cez internet.<\/p>\n<p>Prakticky to znamen\u00e1, \u017ee m\u00f4\u017eete vytvori\u0165 r\u00f4zne projekty alebo zariadenia, ako napr\u00edklad IoT (Internet of Things) zariadenia, ktor\u00e9 m\u00f4\u017eete ovl\u00e1da\u0165 alebo monitorova\u0165 pomocou v\u00e1\u0161ho smartf\u00f3nu alebo po\u010d\u00edta\u010da, kdeko\u013evek s internetov\u00fdm pripojen\u00edm.<\/p>\n<p>Modul HLK-RM04 je jednoduch\u00fd na pou\u017eitie a integrovanie do v\u00e1\u0161ho projektu. Sta\u010d\u00ed ho pripoji\u0165 k zariadeniu pomocou s\u00e9riovej komunik\u00e1cie a nastavi\u0165, aby sa pripojil k va\u0161ej WiFi sieti. Potom m\u00f4\u017eete za\u010da\u0165 posiela\u0165 a prij\u00edma\u0165 d\u00e1ta cez WiFi spojenie.<\/p>\n<p>Celkovo je UART-WiFi Module (HLK-RM04) u\u017eito\u010dn\u00fdm n\u00e1strojom pre vytv\u00e1ranie bezdr\u00f4tov\u00fdch projektov a zariaden\u00ed, ktor\u00e9 sa daj\u00fa pripoji\u0165 k internetu.<\/p>\n<p>&nbsp;<\/p>\n<ol>\n<li><strong>In\u0161tal\u00e1cia modulu<\/strong>: Najprv pripojte UART-WiFi modul (HLK-RM04) k va\u0161ej svetelnej sieti v ob\u00fdvacej izbe a k zdroju nap\u00e1jania. Tento modul bude sl\u00fa\u017ei\u0165 ako prostriedok pre bezdr\u00f4tov\u00e9 pripojenie v\u00e1\u0161ho osvetlenia k internetu.<\/li>\n<li><strong>Pripojenie k WiFi<\/strong>: Nastavte v\u00e1\u0161 UART-WiFi modul tak, aby sa pripojil k va\u0161ej dom\u00e1cej WiFi sieti. Toto nastavenie m\u00f4\u017eete spravi\u0165 pomocou po\u010d\u00edta\u010da a konfigura\u010dn\u00e9ho rozhrania modulu.<\/li>\n<li><strong>Nap\u00edsanie k\u00f3du<\/strong>: Pomocou v\u00fdvojov\u00e9ho prostredia, ako je Arduino IDE, nap\u00ed\u0161te k\u00f3d pre v\u00e1\u0161 mikrokontrol\u00e9r (napr. Arduino), ktor\u00fd bude komunikova\u0165 s UART-WiFi modulom a ovl\u00e1da\u0165 osvetlenie. K\u00f3d by mal obsahova\u0165 funkcie na zap\u00ednanie, vyp\u00ednanie a nastavovanie jasu osvetlenia.<\/li>\n<li><strong>Pripojenie smartf\u00f3nu<\/strong>: Nain\u0161talujte si aplik\u00e1ciu na v\u00e1\u0161 smartf\u00f3n, ktor\u00e1 v\u00e1m umo\u017en\u00ed komunikova\u0165 so UART-WiFi modulom cez internet. T\u00e1to aplik\u00e1cia by mala umo\u017e\u0148ova\u0165 ovl\u00e1danie osvetlenia z \u013eubovo\u013en\u00e9ho miesta s internetov\u00fdm pripojen\u00edm.<\/li>\n<li><strong>Testovanie a ovl\u00e1danie<\/strong>: Po nahrat\u00ed k\u00f3du do v\u00e1\u0161ho mikrokontrol\u00e9ra a pripojen\u00ed k va\u0161ej WiFi sieti m\u00f4\u017eete za\u010da\u0165 testova\u0165 v\u00e1\u0161 syst\u00e9m. Sk\u00faste ovl\u00e1da\u0165 osvetlenie vo va\u0161ej ob\u00fdva\u010dke pomocou v\u00e1\u0161ho smartf\u00f3nu. M\u00f4\u017eete zap\u00edna\u0165, vyp\u00edna\u0165 a nastavova\u0165 jas osvetlenia pod\u013ea va\u0161ich potrieb.<\/li>\n<\/ol>\n<p>Tento detailn\u00fd pr\u00edklad ukazuje, ako m\u00f4\u017eete UART-WiFi modul (HLK-RM04) pou\u017ei\u0165 na vytvorenie inteligentnej dom\u00e1cnosti a ovl\u00e1danie osvetlenia pomocou v\u00e1\u0161ho smartf\u00f3nu. Podobne m\u00f4\u017eete vytvori\u0165 aj \u010fal\u0161ie projekty, ako napr\u00edklad monitorovanie teploty alebo zabezpe\u010dovacieho syst\u00e9mu, vyu\u017eit\u00edm tohto modulu a mikrokontrol\u00e9ra.<\/p>\n<p>&nbsp;<\/p>\n<h1>Sch\u00e9ma Zapojenia UART-WiFi Modulu HLK-RM04<\/h1>\n<p><img decoding=\"async\" src=\"https:\/\/www.8051projects.info\/attachments\/hlk-rm04-with-base-board-jpg.1034\/\" alt=\"Sch\u00e9ma Zapojenia UART-WiFi Modulu HLK-RM04\" width=\"800\" \/><\/p>\n<p>&nbsp;<\/p>\n<p>&nbsp;<\/p>\n<p>Testovacia doska pre HLK-RM04, iba testovacia z\u00e1kladn\u00e1 doska. Nezah\u0155\u0148a modul HLK-RM04.<\/p>\n<p>HLK-RM04 je nov\u00fd n\u00edzkon\u00e1kladov\u00fd vstavan\u00fd modul UART-ETH-WIFI (s\u00e9riov\u00fd port-ethernet-bezdr\u00f4tov\u00e1 sie\u0165)<\/p>\n<p>Tento produkt je vstavan\u00fd modul zalo\u017een\u00fd na \u0161tandarde univerz\u00e1lneho s\u00e9riov\u00e9ho rozhrania, vstavanom z\u00e1sobn\u00edku protokolov TCP \/ IP, ktor\u00fd medzi konverziami umo\u017e\u0148uje u\u017e\u00edvate\u013esk\u00e9mu s\u00e9riov\u00e9mu portu, ethernetu a rozhraniu bezdr\u00f4tovej siete (wifi).<\/p>\n<p>Prostredn\u00edctvom modulu HLK-RM04 nemusia tradi\u010dn\u00e9 s\u00e9riov\u00e9 zariadenia meni\u0165 \u017eiadnu konfigur\u00e1ciu; \u00fadaje je mo\u017en\u00e9 pren\u00e1\u0161a\u0165 prostredn\u00edctvom internetovej siete. Poskytnite r\u00fdchlym rie\u0161en\u00edm pre s\u00e9riov\u00e9 zariadenia pou\u017e\u00edvate\u013eov prenos \u00fadajov cez ethernet.<\/p>\n","protected":false},"excerpt":{"rendered":"<p>&nbsp; &nbsp; UART-WiFi Module HLK-RM04 Popis Modul pre bezdr\u00f4tov\u00e9 pripojenie cez s\u00e9riov\u00fa linku (UART) na WiFi siet Vlastnosti Jednoduch\u00e9 pripojenie&hellip;<\/p>\n","protected":false},"featured_media":33,"template":"","meta":{"_monsterinsights_skip_tracking":false,"_monsterinsights_sitenote_active":false,"_monsterinsights_sitenote_note":"","_monsterinsights_sitenote_category":0},"product_cat":[16,17],"product_tag":[],"class_list":{"0":"post-32","1":"product","2":"type-product","3":"status-publish","4":"has-post-thumbnail","6":"product_cat-ard","7":"product_cat-modul","9":"first","10":"instock","11":"sale","12":"shipping-taxable","13":"purchasable","14":"product-type-simple"},"yoast_head":"<!-- This site is optimized with the Yoast SEO plugin v23.6 - https:\/\/yoast.com\/wordpress\/plugins\/seo\/ -->\n<title>The Uart-wifi Module, Serial Wifi, Singlechip Hlk-rm04 Simplifies Test Plate - Arduino e-shop<\/title>\n<meta name=\"robots\" content=\"index, follow, max-snippet:-1, max-image-preview:large, max-video-preview:-1\" \/>\n<link rel=\"canonical\" href=\"https:\/\/www.onetimenexttime.sk\/arduino\/index.php\/produkt\/the-uart-wifi-module-serial-wifi-singlechip-hlk-rm04-simplifies-test-plate\/\" \/>\n<meta property=\"og:locale\" content=\"sk_SK\" \/>\n<meta property=\"og:type\" content=\"article\" \/>\n<meta property=\"og:title\" content=\"The Uart-wifi Module, Serial Wifi, Singlechip Hlk-rm04 Simplifies Test Plate - Arduino e-shop\" \/>\n<meta property=\"og:description\" content=\"&nbsp; &nbsp; UART-WiFi Module HLK-RM04 Popis Modul pre bezdr\u00f4tov\u00e9 pripojenie cez s\u00e9riov\u00fa linku (UART) na WiFi siet Vlastnosti Jednoduch\u00e9 pripojenie&hellip;\" \/>\n<meta property=\"og:url\" content=\"https:\/\/www.onetimenexttime.sk\/arduino\/index.php\/produkt\/the-uart-wifi-module-serial-wifi-singlechip-hlk-rm04-simplifies-test-plate\/\" \/>\n<meta property=\"og:site_name\" content=\"Arduino e-shop\" \/>\n<meta property=\"article:modified_time\" content=\"2024-02-22T16:30:52+00:00\" \/>\n<meta property=\"og:image\" content=\"https:\/\/www.onetimenexttime.sk\/arduino\/wp-content\/uploads\/2021\/10\/242.jpg\" \/>\n\t<meta property=\"og:image:width\" content=\"540\" \/>\n\t<meta property=\"og:image:height\" content=\"523\" \/>\n\t<meta property=\"og:image:type\" content=\"image\/jpeg\" \/>\n<meta name=\"twitter:card\" content=\"summary_large_image\" \/>\n<meta name=\"twitter:label1\" content=\"Predpokladan\u00fd \u010das \u010d\u00edtania\" \/>\n\t<meta name=\"twitter:data1\" content=\"1 min\u00fata\" \/>\n<script type=\"application\/ld+json\" class=\"yoast-schema-graph\">{\"@context\":\"https:\/\/schema.org\",\"@graph\":[{\"@type\":\"WebPage\",\"@id\":\"https:\/\/www.onetimenexttime.sk\/arduino\/index.php\/produkt\/the-uart-wifi-module-serial-wifi-singlechip-hlk-rm04-simplifies-test-plate\/\",\"url\":\"https:\/\/www.onetimenexttime.sk\/arduino\/index.php\/produkt\/the-uart-wifi-module-serial-wifi-singlechip-hlk-rm04-simplifies-test-plate\/\",\"name\":\"The Uart-wifi Module, Serial Wifi, Singlechip Hlk-rm04 Simplifies Test Plate - Arduino e-shop\",\"isPartOf\":{\"@id\":\"https:\/\/www.onetimenexttime.sk\/arduino\/#website\"},\"primaryImageOfPage\":{\"@id\":\"https:\/\/www.onetimenexttime.sk\/arduino\/index.php\/produkt\/the-uart-wifi-module-serial-wifi-singlechip-hlk-rm04-simplifies-test-plate\/#primaryimage\"},\"image\":{\"@id\":\"https:\/\/www.onetimenexttime.sk\/arduino\/index.php\/produkt\/the-uart-wifi-module-serial-wifi-singlechip-hlk-rm04-simplifies-test-plate\/#primaryimage\"},\"thumbnailUrl\":\"https:\/\/www.onetimenexttime.sk\/arduino\/wp-content\/uploads\/2021\/10\/242.jpg\",\"datePublished\":\"2021-10-17T12:10:19+00:00\",\"dateModified\":\"2024-02-22T16:30:52+00:00\",\"breadcrumb\":{\"@id\":\"https:\/\/www.onetimenexttime.sk\/arduino\/index.php\/produkt\/the-uart-wifi-module-serial-wifi-singlechip-hlk-rm04-simplifies-test-plate\/#breadcrumb\"},\"inLanguage\":\"sk-SK\",\"potentialAction\":[{\"@type\":\"ReadAction\",\"target\":[\"https:\/\/www.onetimenexttime.sk\/arduino\/index.php\/produkt\/the-uart-wifi-module-serial-wifi-singlechip-hlk-rm04-simplifies-test-plate\/\"]}]},{\"@type\":\"ImageObject\",\"inLanguage\":\"sk-SK\",\"@id\":\"https:\/\/www.onetimenexttime.sk\/arduino\/index.php\/produkt\/the-uart-wifi-module-serial-wifi-singlechip-hlk-rm04-simplifies-test-plate\/#primaryimage\",\"url\":\"https:\/\/www.onetimenexttime.sk\/arduino\/wp-content\/uploads\/2021\/10\/242.jpg\",\"contentUrl\":\"https:\/\/www.onetimenexttime.sk\/arduino\/wp-content\/uploads\/2021\/10\/242.jpg\",\"width\":540,\"height\":523},{\"@type\":\"BreadcrumbList\",\"@id\":\"https:\/\/www.onetimenexttime.sk\/arduino\/index.php\/produkt\/the-uart-wifi-module-serial-wifi-singlechip-hlk-rm04-simplifies-test-plate\/#breadcrumb\",\"itemListElement\":[{\"@type\":\"ListItem\",\"position\":1,\"name\":\"Domov\",\"item\":\"https:\/\/www.onetimenexttime.sk\/arduino\/\"},{\"@type\":\"ListItem\",\"position\":2,\"name\":\"Obchod\",\"item\":\"https:\/\/www.onetimenexttime.sk\/arduino\/\"},{\"@type\":\"ListItem\",\"position\":3,\"name\":\"The Uart-wifi Module, Serial Wifi, Singlechip Hlk-rm04 Simplifies Test Plate\"}]},{\"@type\":\"WebSite\",\"@id\":\"https:\/\/www.onetimenexttime.sk\/arduino\/#website\",\"url\":\"https:\/\/www.onetimenexttime.sk\/arduino\/\",\"name\":\"Arduino e-shop\",\"description\":\"Home Assistant\",\"potentialAction\":[{\"@type\":\"SearchAction\",\"target\":{\"@type\":\"EntryPoint\",\"urlTemplate\":\"https:\/\/www.onetimenexttime.sk\/arduino\/?s={search_term_string}\"},\"query-input\":{\"@type\":\"PropertyValueSpecification\",\"valueRequired\":true,\"valueName\":\"search_term_string\"}}],\"inLanguage\":\"sk-SK\"}]}<\/script>\n<!-- \/ Yoast SEO plugin. -->","yoast_head_json":{"title":"The Uart-wifi Module, Serial Wifi, Singlechip Hlk-rm04 Simplifies Test Plate - Arduino e-shop","robots":{"index":"index","follow":"follow","max-snippet":"max-snippet:-1","max-image-preview":"max-image-preview:large","max-video-preview":"max-video-preview:-1"},"canonical":"https:\/\/www.onetimenexttime.sk\/arduino\/index.php\/produkt\/the-uart-wifi-module-serial-wifi-singlechip-hlk-rm04-simplifies-test-plate\/","og_locale":"sk_SK","og_type":"article","og_title":"The Uart-wifi Module, Serial Wifi, Singlechip Hlk-rm04 Simplifies Test Plate - Arduino e-shop","og_description":"&nbsp; &nbsp; UART-WiFi Module HLK-RM04 Popis Modul pre bezdr\u00f4tov\u00e9 pripojenie cez s\u00e9riov\u00fa linku (UART) na WiFi siet Vlastnosti Jednoduch\u00e9 pripojenie&hellip;","og_url":"https:\/\/www.onetimenexttime.sk\/arduino\/index.php\/produkt\/the-uart-wifi-module-serial-wifi-singlechip-hlk-rm04-simplifies-test-plate\/","og_site_name":"Arduino e-shop","article_modified_time":"2024-02-22T16:30:52+00:00","og_image":[{"width":540,"height":523,"url":"https:\/\/www.onetimenexttime.sk\/arduino\/wp-content\/uploads\/2021\/10\/242.jpg","type":"image\/jpeg"}],"twitter_card":"summary_large_image","twitter_misc":{"Predpokladan\u00fd \u010das \u010d\u00edtania":"1 min\u00fata"},"schema":{"@context":"https:\/\/schema.org","@graph":[{"@type":"WebPage","@id":"https:\/\/www.onetimenexttime.sk\/arduino\/index.php\/produkt\/the-uart-wifi-module-serial-wifi-singlechip-hlk-rm04-simplifies-test-plate\/","url":"https:\/\/www.onetimenexttime.sk\/arduino\/index.php\/produkt\/the-uart-wifi-module-serial-wifi-singlechip-hlk-rm04-simplifies-test-plate\/","name":"The Uart-wifi Module, Serial Wifi, Singlechip Hlk-rm04 Simplifies Test Plate - Arduino e-shop","isPartOf":{"@id":"https:\/\/www.onetimenexttime.sk\/arduino\/#website"},"primaryImageOfPage":{"@id":"https:\/\/www.onetimenexttime.sk\/arduino\/index.php\/produkt\/the-uart-wifi-module-serial-wifi-singlechip-hlk-rm04-simplifies-test-plate\/#primaryimage"},"image":{"@id":"https:\/\/www.onetimenexttime.sk\/arduino\/index.php\/produkt\/the-uart-wifi-module-serial-wifi-singlechip-hlk-rm04-simplifies-test-plate\/#primaryimage"},"thumbnailUrl":"https:\/\/www.onetimenexttime.sk\/arduino\/wp-content\/uploads\/2021\/10\/242.jpg","datePublished":"2021-10-17T12:10:19+00:00","dateModified":"2024-02-22T16:30:52+00:00","breadcrumb":{"@id":"https:\/\/www.onetimenexttime.sk\/arduino\/index.php\/produkt\/the-uart-wifi-module-serial-wifi-singlechip-hlk-rm04-simplifies-test-plate\/#breadcrumb"},"inLanguage":"sk-SK","potentialAction":[{"@type":"ReadAction","target":["https:\/\/www.onetimenexttime.sk\/arduino\/index.php\/produkt\/the-uart-wifi-module-serial-wifi-singlechip-hlk-rm04-simplifies-test-plate\/"]}]},{"@type":"ImageObject","inLanguage":"sk-SK","@id":"https:\/\/www.onetimenexttime.sk\/arduino\/index.php\/produkt\/the-uart-wifi-module-serial-wifi-singlechip-hlk-rm04-simplifies-test-plate\/#primaryimage","url":"https:\/\/www.onetimenexttime.sk\/arduino\/wp-content\/uploads\/2021\/10\/242.jpg","contentUrl":"https:\/\/www.onetimenexttime.sk\/arduino\/wp-content\/uploads\/2021\/10\/242.jpg","width":540,"height":523},{"@type":"BreadcrumbList","@id":"https:\/\/www.onetimenexttime.sk\/arduino\/index.php\/produkt\/the-uart-wifi-module-serial-wifi-singlechip-hlk-rm04-simplifies-test-plate\/#breadcrumb","itemListElement":[{"@type":"ListItem","position":1,"name":"Domov","item":"https:\/\/www.onetimenexttime.sk\/arduino\/"},{"@type":"ListItem","position":2,"name":"Obchod","item":"https:\/\/www.onetimenexttime.sk\/arduino\/"},{"@type":"ListItem","position":3,"name":"The Uart-wifi Module, Serial Wifi, Singlechip Hlk-rm04 Simplifies Test Plate"}]},{"@type":"WebSite","@id":"https:\/\/www.onetimenexttime.sk\/arduino\/#website","url":"https:\/\/www.onetimenexttime.sk\/arduino\/","name":"Arduino e-shop","description":"Home Assistant","potentialAction":[{"@type":"SearchAction","target":{"@type":"EntryPoint","urlTemplate":"https:\/\/www.onetimenexttime.sk\/arduino\/?s={search_term_string}"},"query-input":{"@type":"PropertyValueSpecification","valueRequired":true,"valueName":"search_term_string"}}],"inLanguage":"sk-SK"}]}},"_links":{"self":[{"href":"https:\/\/www.onetimenexttime.sk\/arduino\/index.php\/wp-json\/wp\/v2\/product\/32"}],"collection":[{"href":"https:\/\/www.onetimenexttime.sk\/arduino\/index.php\/wp-json\/wp\/v2\/product"}],"about":[{"href":"https:\/\/www.onetimenexttime.sk\/arduino\/index.php\/wp-json\/wp\/v2\/types\/product"}],"wp:featuredmedia":[{"embeddable":true,"href":"https:\/\/www.onetimenexttime.sk\/arduino\/index.php\/wp-json\/wp\/v2\/media\/33"}],"wp:attachment":[{"href":"https:\/\/www.onetimenexttime.sk\/arduino\/index.php\/wp-json\/wp\/v2\/media?parent=32"}],"wp:term":[{"taxonomy":"product_cat","embeddable":true,"href":"https:\/\/www.onetimenexttime.sk\/arduino\/index.php\/wp-json\/wp\/v2\/product_cat?post=32"},{"taxonomy":"product_tag","embeddable":true,"href":"https:\/\/www.onetimenexttime.sk\/arduino\/index.php\/wp-json\/wp\/v2\/product_tag?post=32"}],"curies":[{"name":"wp","href":"https:\/\/api.w.org\/{rel}","templated":true}]}}