{"id":313,"date":"2021-10-20T08:56:35","date_gmt":"2021-10-20T06:56:35","guid":{"rendered":"https:\/\/www.onetimenexttime.sk\/arduino\/?post_type=product&#038;p=313"},"modified":"2024-02-22T23:11:27","modified_gmt":"2024-02-22T22:11:27","slug":"vs1053b-vs1053-mp3-module-development-board-onboard-recording-function","status":"publish","type":"product","link":"https:\/\/www.onetimenexttime.sk\/arduino\/index.php\/produkt\/vs1053b-vs1053-mp3-module-development-board-onboard-recording-function\/","title":{"rendered":"VS1053B VS1053 MP3 Module Development Board Onboard recording function"},"content":{"rendered":"<p>&nbsp;<\/p>\n<p>&nbsp;<\/p>\n<h1>VS1053B VS1053 MP3 Modul<\/h1>\n<table>\n<tbody>\n<tr>\n<th>Popis<\/th>\n<td>Modul pre prehr\u00e1vanie MP3 s mo\u017enos\u0165ou nahr\u00e1vania na palube<\/td>\n<\/tr>\n<tr>\n<th>Vlastnosti<\/th>\n<td>\n<ul>\n<li>Prehr\u00e1vanie MP3 s\u00faborov<\/li>\n<li>Nahr\u00e1vanie zvuku<\/li>\n<li>Kvalitn\u00fd zvukov\u00fd v\u00fdstup<\/li>\n<\/ul>\n<\/td>\n<\/tr>\n<tr>\n<th>\u0160pecifik\u00e1cie<\/th>\n<td>\n<ul>\n<li>Integrovan\u00fd \u010dip: VS1053<\/li>\n<li>Podpora form\u00e1tov: MP3, WAV<\/li>\n<li>Nap\u00e1janie: 3.3 &#8211; 5V DC<\/li>\n<\/ul>\n<\/td>\n<\/tr>\n<tr>\n<th>Pr\u00edklady pou\u017eitia<\/th>\n<td>\n<ul>\n<li>Prehr\u00e1vanie hudby vo va\u0161om projekte<\/li>\n<li>Vytvorenie nahr\u00e1vacieho zariadenia<\/li>\n<\/ul>\n<\/td>\n<\/tr>\n<tr>\n<th>Pr\u00edkladov\u00fd k\u00f3d pre Arduino<\/th>\n<td>\n<pre><code>\/\/ Pr\u00edklad k\u00f3du pre prehr\u00e1vanie MP3 s\u00faboru\r\n#include \r\n#include \r\n#include \r\n\r\n#define SHIELD_RESET -1\r\n#define SHIELD_CS     7\r\n#define SHIELD_DCS    6\r\n#define CARDCS 4\r\n#define DREQ 3\r\n\r\nAdafruit_VS1053_FilePlayer musicPlayer = Adafruit_VS1053_FilePlayer(SHIELD_RESET, SHIELD_CS, SHIELD_DCS, DREQ, CARDCS);\r\n\r\nvoid setup() {\r\n  Serial.begin(9600);\r\n  if (!musicPlayer.begin()) {\r\n    Serial.println(F(\"Couldn't find VS1053, do you have the right pins defined?\"));\r\n    while (1);\r\n  }\r\n  Serial.println(F(\"VS1053 found\"));\r\n  \r\n  if (!SD.begin(CARDCS)) {\r\n    Serial.println(F(\"SD failed, or not present\"));\r\n    while (1);\r\n  }\r\n  Serial.println(\"SD OK!\");\r\n}\r\n\r\nvoid loop() {\r\n  File track = SD.open(\"track001.mp3\");\r\n  musicPlayer.startPlaying(track);\r\n  while (musicPlayer.playingMusic) {\r\n    musicPlayer.loop();\r\n  }\r\n}<\/code><\/pre>\n<\/td>\n<\/tr>\n<tr>\n<th>Pr\u00edkladov\u00fd k\u00f3d pre ESPHome<\/th>\n<td>\n<pre><code># Pr\u00edklad k\u00f3du pre pou\u017eitie VS1053 s ESPHome\r\nesphome:\r\n  name: vs1053_example\r\n  platform: ESP32\r\n  board: esp32dev\r\n\r\nwifi:\r\n  ssid: \"your_wifi_ssid\"\r\n  password: \"your_wifi_password\"\r\n\r\nlogger:\r\n\r\nspi:\r\n  clk_pin: GPIO18\r\n  mosi_pin: GPIO23\r\n  miso_pin: GPIO19\r\n\r\nvs1053_simple:\r\n  reset_pin: GPIO13\r\n  dcs_pin: GPIO12\r\n  cs_pin: GPIO15\r\n  dreq_pin: GPIO34\r\n  mosi_pin: GPIO23\r\n  miso_pin: GPIO19\r\n  clk_pin: GPIO18<\/code><\/pre>\n<\/td>\n<\/tr>\n<\/tbody>\n<\/table>\n<p><button>Skop\u00edrova\u0165 k\u00f3d<\/button><\/p>\n<p><script>\nfunction copyCode() {\n  var text = document.querySelector('pre').innerText;\n  navigator.clipboard.writeText(text).then(function() {\n    alert(\"K\u00f3d bol skop\u00edrovan\u00fd do schr\u00e1nky!\");\n  }, function(err) {\n    console.error('Kop\u00edrovanie zlyhalo: ', err);\n  });\n}\n<\/script><\/p>\n<p>&nbsp;<\/p>\n<p>VS1053B VS1053 V\u00fdvojov\u00e1 doska modulu MP3 pre integrovan\u00fa funkciu nahr\u00e1vania<\/p>\n<p>1, VS1003: Form\u00e1ty dek\u00f3dovania zvuku VS1003: MP3, MP3 + V, WMA, WAV, MIDI, SP-MIDI; form\u00e1t k\u00f3dovania z\u00e1znamu: IMA ADPCM (monof\u00f3nny), mikrof\u00f3nov\u00fd a linkov\u00fd vstup (riadkov\u00fd vstup) dve met\u00f3dy vstupu; podporuje MP3 a WAV streamy; n\u00edzka spotreba energie; m\u00e1 intern\u00fd multiplik\u00e1tor hodinovej frekvencie PLL; kvalitn\u00fd stereo DAC (DAC); nastavite\u013en\u00fd anal\u00f3govo-digit\u00e1lny prevodn\u00edk (ADC) na \u010dipe 16 medzier; kvalitn\u00fd stereo u\u0161n\u00fd pohon (30 eur); oddelen\u00e9 anal\u00f3gov\u00e9, digit\u00e1lne a IO nap\u00e1janie; s\u00e9riov\u00e9 \u00fadaje a riadiace rozhranie (SPI);<br \/>\n2, rozhranie SPI, s\u00fa nakreslen\u00e9 riadiace riadiace sign\u00e1ly<br \/>\nRozhranie pre sl\u00fachadl\u00e1 a audio 3,1PCS<br \/>\n4,1PCS mikrof\u00f3n na nahr\u00e1vanie<br \/>\n5,1 PCS mesiacov vstupn\u00e9 rozhranie line_in<br \/>\n6, indik\u00e1tor nap\u00e1jania<br \/>\n7, integrovan\u00fd 3,3 V a 2,5 V LDO 1117, poskytuje maxim\u00e1lny pr\u00fad 800 mA<br \/>\n8, jedin\u00e9 nap\u00e1janie: +5 VDC, kondenz\u00e1torov\u00fd filter<br \/>\n9,12,288 MHz kry\u0161t\u00e1l<br \/>\n10, rozmer DPS: 50&#215;40,5 mm<\/p>\n<h2>Ako sa to pou\u017e\u00edva:<\/h2>\n<p>Modul VS1053B VS1053 MP3 sa pou\u017e\u00edva na prehr\u00e1vanie a nahr\u00e1vanie zvuku vo form\u00e1te MP3. Pre jeho pou\u017eitie s Arduino alebo ESPHome potrebujete vhodn\u00e9 kni\u017enice a spr\u00e1vne pripojenie k doske.<\/p>\n<p>&nbsp;<\/p>\n<p>&nbsp;<\/p>\n<p>&nbsp;<\/p>\n<div class=\"Layout-main\" data-view-component=\"true\">\n<div data-target=\"react-partial.reactRoot\">\n<div class=\"Box-sc-g0xbh4-0 izjvBm\">\n<div class=\"Box-sc-g0xbh4-0 yfPnm\">\n<div class=\"Box-sc-g0xbh4-0 ehcSsh\">\n<div class=\"Box-sc-g0xbh4-0 iGmlUb\">\n<div class=\"Box-sc-g0xbh4-0 bJMeLZ js-snippet-clipboard-copy-unpositioned\" data-hpc=\"true\">\n<article class=\"markdown-body entry-content container-lg\">\n<h2 dir=\"auto\" tabindex=\"-1\">Preview config:<\/h2>\n<div class=\"highlight highlight-source-yaml notranslate position-relative overflow-auto\" dir=\"auto\">\n<pre><span class=\"pl-ent\">media_player<\/span>:\r\n  - <span class=\"pl-ent\">platform<\/span>: <span class=\"pl-s\">media_player_template<\/span>\r\n    <span class=\"pl-ent\">media_players<\/span>:\r\n      <span class=\"pl-ent\">receiver<\/span>:\r\n        <span class=\"pl-ent\">friendly_name<\/span>: <span class=\"pl-s\">Receiver<\/span>\r\n        <span class=\"pl-ent\">device_class<\/span>: <span class=\"pl-s\">receiver<\/span>\r\n        <span class=\"pl-ent\">current_source_template<\/span>: <span class=\"pl-s\"><span class=\"pl-pds\">\"<\/span>{{ states('input_text.selected_source') }}<span class=\"pl-pds\">\"<\/span><\/span>\r\n        <span class=\"pl-ent\">value_template<\/span>: <span class=\"pl-s\">&gt;<\/span>\r\n<span class=\"pl-s\">          {% if is_state(\"input_boolean.receiver_on\", \"on\") -%}<\/span>\r\n<span class=\"pl-s\">            on<\/span>\r\n<span class=\"pl-s\">          {%- else -%}<\/span>\r\n<span class=\"pl-s\">            off<\/span>\r\n<span class=\"pl-s\">          {%- endif %}<\/span>\r\n        <span class=\"pl-ent\">turn_on<\/span>:\r\n          <span class=\"pl-ent\">service<\/span>: <span class=\"pl-s\">switch.turn_on<\/span>\r\n          <span class=\"pl-ent\">data_template<\/span>:\r\n            <span class=\"pl-ent\">entity_id<\/span>: <span class=\"pl-s\">switch.receiver_on<\/span>\r\n        <span class=\"pl-ent\">turn_off<\/span>:\r\n          <span class=\"pl-ent\">service<\/span>: <span class=\"pl-s\">switch.turn_on<\/span>\r\n          <span class=\"pl-ent\">data_template<\/span>:\r\n            <span class=\"pl-ent\">entity_id<\/span>: <span class=\"pl-s\">switch.receiver_off<\/span>\r\n        <span class=\"pl-ent\">volume_up<\/span>:\r\n          <span class=\"pl-ent\">service<\/span>: <span class=\"pl-s\">switch.turn_on<\/span>\r\n          <span class=\"pl-ent\">data_template<\/span>:\r\n            <span class=\"pl-ent\">entity_id<\/span>: <span class=\"pl-s\">switch.volume_up<\/span>\r\n        <span class=\"pl-ent\">volume_down<\/span>:\r\n          <span class=\"pl-ent\">service<\/span>: <span class=\"pl-s\">switch.turn_on<\/span>\r\n          <span class=\"pl-ent\">data_template<\/span>:\r\n            <span class=\"pl-ent\">entity_id<\/span>: <span class=\"pl-s\">switch.vol<\/span>\r\n        <span class=\"pl-ent\">inputs<\/span>:\r\n          <span class=\"pl-ent\">source 1<\/span>:\r\n            <span class=\"pl-ent\">service<\/span>: <span class=\"pl-s\">input_boolean.turn_on<\/span>\r\n            <span class=\"pl-ent\">data_template<\/span>:\r\n              <span class=\"pl-ent\">entity_id<\/span>: <span class=\"pl-s\">input_boolean.source_1<\/span>\r\n          <span class=\"pl-ent\">source 2<\/span>:\r\n            <span class=\"pl-ent\">service<\/span>: <span class=\"pl-s\">input_boolean.turn_on<\/span>\r\n            <span class=\"pl-ent\">data_template<\/span>:\r\n              <span class=\"pl-ent\">entity_id<\/span>: <span class=\"pl-s\">input_boolean.source_2<\/span>\r\n        <span class=\"pl-ent\">set_volume<\/span>:\r\n          <span class=\"pl-ent\">service<\/span>: <span class=\"pl-s\">input_text.set_value<\/span>\r\n          <span class=\"pl-ent\">data<\/span>:\r\n            <span class=\"pl-ent\">entity_id<\/span>: <span class=\"pl-s\">input_text.selected_volume<\/span>\r\n            <span class=\"pl-ent\">value<\/span>: <span class=\"pl-s\"><span class=\"pl-pds\">\"<\/span>{{volume}}<span class=\"pl-pds\">\"<\/span><\/span>\r\n        <span class=\"pl-ent\">mute<\/span>:\r\n          <span class=\"pl-ent\">service<\/span>: <span class=\"pl-s\">input_number.set_value<\/span>\r\n          <span class=\"pl-ent\">data<\/span>:\r\n            <span class=\"pl-ent\">entity_id<\/span>: <span class=\"pl-s\">input_number.selected_is_muted<\/span>\r\n            <span class=\"pl-ent\">value<\/span>: <span class=\"pl-s\"><span class=\"pl-pds\">\"<\/span>{{is_muted}}<span class=\"pl-pds\">\"<\/span><\/span>\r\n        <span class=\"pl-ent\">current_is_muted_template<\/span>: <span class=\"pl-s\">&gt;<\/span>\r\n<span class=\"pl-s\">          {{ states('input_boolean.is_muted') }}<\/span>\r\n        <span class=\"pl-ent\">album_art_template<\/span>: <span class=\"pl-s\"><span class=\"pl-pds\">\"<\/span>{{ states('input_text.album_art') }}<span class=\"pl-pds\">\"<\/span><\/span>\r\n        <span class=\"pl-ent\">title_template<\/span>: <span class=\"pl-s\"><span class=\"pl-pds\">\"<\/span>{{ states('input_text.title') }}<span class=\"pl-pds\">\"<\/span><\/span>\r\n        <span class=\"pl-ent\">album_template<\/span>: <span class=\"pl-s\"><span class=\"pl-pds\">\"<\/span>{{ states('input_text.album') }}<span class=\"pl-pds\">\"<\/span><\/span>\r\n        <span class=\"pl-ent\">artist_template<\/span>: <span class=\"pl-s\"><span class=\"pl-pds\">\"<\/span>{{ states('input_text.artist') }}<span class=\"pl-pds\">\"<\/span><\/span><\/pre>\n<\/div>\n<\/article>\n<\/div>\n<\/div>\n<\/div>\n<\/div>\n<\/div>\n<\/div>\n<\/div>\n<div class=\"Layout-sidebar\" data-view-component=\"true\">\n<div class=\"BorderGrid about-margin\" data-pjax=\"\">\n<div class=\"BorderGrid-row\">\n<div class=\"BorderGrid-cell\">\n<div class=\"hide-sm hide-md\">\n<p class=\"f4 my-3\">\n<\/div>\n<\/div>\n<\/div>\n<\/div>\n<\/div>\n","protected":false},"excerpt":{"rendered":"<p>&nbsp; &nbsp; VS1053B VS1053 MP3 Modul Popis Modul pre prehr\u00e1vanie MP3 s mo\u017enos\u0165ou nahr\u00e1vania na palube Vlastnosti Prehr\u00e1vanie MP3 s\u00faborov&hellip;<\/p>\n","protected":false},"featured_media":314,"template":"","meta":{"_monsterinsights_skip_tracking":false,"_monsterinsights_sitenote_active":false,"_monsterinsights_sitenote_note":"","_monsterinsights_sitenote_category":0},"product_cat":[16,23],"product_tag":[],"class_list":{"0":"post-313","1":"product","2":"type-product","3":"status-publish","4":"has-post-thumbnail","6":"product_cat-ard","7":"product_cat-audio-modul","9":"first","10":"instock","11":"shipping-taxable","12":"purchasable","13":"product-type-simple"},"yoast_head":"<!-- This site is optimized with the Yoast SEO plugin v23.6 - https:\/\/yoast.com\/wordpress\/plugins\/seo\/ -->\n<title>VS1053B VS1053 MP3 Module Development Board Onboard recording function - Arduino e-shop<\/title>\n<meta name=\"robots\" content=\"index, follow, max-snippet:-1, max-image-preview:large, max-video-preview:-1\" \/>\n<link rel=\"canonical\" href=\"https:\/\/www.onetimenexttime.sk\/arduino\/index.php\/produkt\/vs1053b-vs1053-mp3-module-development-board-onboard-recording-function\/\" \/>\n<meta property=\"og:locale\" content=\"sk_SK\" \/>\n<meta property=\"og:type\" content=\"article\" \/>\n<meta property=\"og:title\" content=\"VS1053B VS1053 MP3 Module Development Board Onboard recording function - Arduino e-shop\" \/>\n<meta property=\"og:description\" content=\"&nbsp; &nbsp; VS1053B VS1053 MP3 Modul Popis Modul pre prehr\u00e1vanie MP3 s mo\u017enos\u0165ou nahr\u00e1vania na palube Vlastnosti Prehr\u00e1vanie MP3 s\u00faborov&hellip;\" \/>\n<meta property=\"og:url\" content=\"https:\/\/www.onetimenexttime.sk\/arduino\/index.php\/produkt\/vs1053b-vs1053-mp3-module-development-board-onboard-recording-function\/\" \/>\n<meta property=\"og:site_name\" content=\"Arduino e-shop\" \/>\n<meta property=\"article:modified_time\" content=\"2024-02-22T22:11:27+00:00\" \/>\n<meta property=\"og:image\" content=\"https:\/\/www.onetimenexttime.sk\/arduino\/wp-content\/uploads\/2021\/10\/636.jpg\" \/>\n\t<meta property=\"og:image:width\" content=\"511\" \/>\n\t<meta property=\"og:image:height\" content=\"510\" \/>\n\t<meta property=\"og:image:type\" content=\"image\/jpeg\" \/>\n<meta name=\"twitter:card\" content=\"summary_large_image\" \/>\n<meta name=\"twitter:label1\" content=\"Predpokladan\u00fd \u010das \u010d\u00edtania\" \/>\n\t<meta name=\"twitter:data1\" content=\"3 min\u00faty\" \/>\n<script type=\"application\/ld+json\" class=\"yoast-schema-graph\">{\"@context\":\"https:\/\/schema.org\",\"@graph\":[{\"@type\":\"WebPage\",\"@id\":\"https:\/\/www.onetimenexttime.sk\/arduino\/index.php\/produkt\/vs1053b-vs1053-mp3-module-development-board-onboard-recording-function\/\",\"url\":\"https:\/\/www.onetimenexttime.sk\/arduino\/index.php\/produkt\/vs1053b-vs1053-mp3-module-development-board-onboard-recording-function\/\",\"name\":\"VS1053B VS1053 MP3 Module Development Board Onboard recording function - Arduino e-shop\",\"isPartOf\":{\"@id\":\"https:\/\/www.onetimenexttime.sk\/arduino\/#website\"},\"primaryImageOfPage\":{\"@id\":\"https:\/\/www.onetimenexttime.sk\/arduino\/index.php\/produkt\/vs1053b-vs1053-mp3-module-development-board-onboard-recording-function\/#primaryimage\"},\"image\":{\"@id\":\"https:\/\/www.onetimenexttime.sk\/arduino\/index.php\/produkt\/vs1053b-vs1053-mp3-module-development-board-onboard-recording-function\/#primaryimage\"},\"thumbnailUrl\":\"https:\/\/www.onetimenexttime.sk\/arduino\/wp-content\/uploads\/2021\/10\/636.jpg\",\"datePublished\":\"2021-10-20T06:56:35+00:00\",\"dateModified\":\"2024-02-22T22:11:27+00:00\",\"breadcrumb\":{\"@id\":\"https:\/\/www.onetimenexttime.sk\/arduino\/index.php\/produkt\/vs1053b-vs1053-mp3-module-development-board-onboard-recording-function\/#breadcrumb\"},\"inLanguage\":\"sk-SK\",\"potentialAction\":[{\"@type\":\"ReadAction\",\"target\":[\"https:\/\/www.onetimenexttime.sk\/arduino\/index.php\/produkt\/vs1053b-vs1053-mp3-module-development-board-onboard-recording-function\/\"]}]},{\"@type\":\"ImageObject\",\"inLanguage\":\"sk-SK\",\"@id\":\"https:\/\/www.onetimenexttime.sk\/arduino\/index.php\/produkt\/vs1053b-vs1053-mp3-module-development-board-onboard-recording-function\/#primaryimage\",\"url\":\"https:\/\/www.onetimenexttime.sk\/arduino\/wp-content\/uploads\/2021\/10\/636.jpg\",\"contentUrl\":\"https:\/\/www.onetimenexttime.sk\/arduino\/wp-content\/uploads\/2021\/10\/636.jpg\",\"width\":511,\"height\":510},{\"@type\":\"BreadcrumbList\",\"@id\":\"https:\/\/www.onetimenexttime.sk\/arduino\/index.php\/produkt\/vs1053b-vs1053-mp3-module-development-board-onboard-recording-function\/#breadcrumb\",\"itemListElement\":[{\"@type\":\"ListItem\",\"position\":1,\"name\":\"Domov\",\"item\":\"https:\/\/www.onetimenexttime.sk\/arduino\/\"},{\"@type\":\"ListItem\",\"position\":2,\"name\":\"Obchod\",\"item\":\"https:\/\/www.onetimenexttime.sk\/arduino\/\"},{\"@type\":\"ListItem\",\"position\":3,\"name\":\"VS1053B VS1053 MP3 Module Development Board Onboard recording function\"}]},{\"@type\":\"WebSite\",\"@id\":\"https:\/\/www.onetimenexttime.sk\/arduino\/#website\",\"url\":\"https:\/\/www.onetimenexttime.sk\/arduino\/\",\"name\":\"Arduino e-shop\",\"description\":\"Home Assistant\",\"potentialAction\":[{\"@type\":\"SearchAction\",\"target\":{\"@type\":\"EntryPoint\",\"urlTemplate\":\"https:\/\/www.onetimenexttime.sk\/arduino\/?s={search_term_string}\"},\"query-input\":{\"@type\":\"PropertyValueSpecification\",\"valueRequired\":true,\"valueName\":\"search_term_string\"}}],\"inLanguage\":\"sk-SK\"}]}<\/script>\n<!-- \/ Yoast SEO plugin. -->","yoast_head_json":{"title":"VS1053B VS1053 MP3 Module Development Board Onboard recording function - Arduino e-shop","robots":{"index":"index","follow":"follow","max-snippet":"max-snippet:-1","max-image-preview":"max-image-preview:large","max-video-preview":"max-video-preview:-1"},"canonical":"https:\/\/www.onetimenexttime.sk\/arduino\/index.php\/produkt\/vs1053b-vs1053-mp3-module-development-board-onboard-recording-function\/","og_locale":"sk_SK","og_type":"article","og_title":"VS1053B VS1053 MP3 Module Development Board Onboard recording function - Arduino e-shop","og_description":"&nbsp; &nbsp; VS1053B VS1053 MP3 Modul Popis Modul pre prehr\u00e1vanie MP3 s mo\u017enos\u0165ou nahr\u00e1vania na palube Vlastnosti Prehr\u00e1vanie MP3 s\u00faborov&hellip;","og_url":"https:\/\/www.onetimenexttime.sk\/arduino\/index.php\/produkt\/vs1053b-vs1053-mp3-module-development-board-onboard-recording-function\/","og_site_name":"Arduino e-shop","article_modified_time":"2024-02-22T22:11:27+00:00","og_image":[{"width":511,"height":510,"url":"https:\/\/www.onetimenexttime.sk\/arduino\/wp-content\/uploads\/2021\/10\/636.jpg","type":"image\/jpeg"}],"twitter_card":"summary_large_image","twitter_misc":{"Predpokladan\u00fd \u010das \u010d\u00edtania":"3 min\u00faty"},"schema":{"@context":"https:\/\/schema.org","@graph":[{"@type":"WebPage","@id":"https:\/\/www.onetimenexttime.sk\/arduino\/index.php\/produkt\/vs1053b-vs1053-mp3-module-development-board-onboard-recording-function\/","url":"https:\/\/www.onetimenexttime.sk\/arduino\/index.php\/produkt\/vs1053b-vs1053-mp3-module-development-board-onboard-recording-function\/","name":"VS1053B VS1053 MP3 Module Development Board Onboard recording function - Arduino e-shop","isPartOf":{"@id":"https:\/\/www.onetimenexttime.sk\/arduino\/#website"},"primaryImageOfPage":{"@id":"https:\/\/www.onetimenexttime.sk\/arduino\/index.php\/produkt\/vs1053b-vs1053-mp3-module-development-board-onboard-recording-function\/#primaryimage"},"image":{"@id":"https:\/\/www.onetimenexttime.sk\/arduino\/index.php\/produkt\/vs1053b-vs1053-mp3-module-development-board-onboard-recording-function\/#primaryimage"},"thumbnailUrl":"https:\/\/www.onetimenexttime.sk\/arduino\/wp-content\/uploads\/2021\/10\/636.jpg","datePublished":"2021-10-20T06:56:35+00:00","dateModified":"2024-02-22T22:11:27+00:00","breadcrumb":{"@id":"https:\/\/www.onetimenexttime.sk\/arduino\/index.php\/produkt\/vs1053b-vs1053-mp3-module-development-board-onboard-recording-function\/#breadcrumb"},"inLanguage":"sk-SK","potentialAction":[{"@type":"ReadAction","target":["https:\/\/www.onetimenexttime.sk\/arduino\/index.php\/produkt\/vs1053b-vs1053-mp3-module-development-board-onboard-recording-function\/"]}]},{"@type":"ImageObject","inLanguage":"sk-SK","@id":"https:\/\/www.onetimenexttime.sk\/arduino\/index.php\/produkt\/vs1053b-vs1053-mp3-module-development-board-onboard-recording-function\/#primaryimage","url":"https:\/\/www.onetimenexttime.sk\/arduino\/wp-content\/uploads\/2021\/10\/636.jpg","contentUrl":"https:\/\/www.onetimenexttime.sk\/arduino\/wp-content\/uploads\/2021\/10\/636.jpg","width":511,"height":510},{"@type":"BreadcrumbList","@id":"https:\/\/www.onetimenexttime.sk\/arduino\/index.php\/produkt\/vs1053b-vs1053-mp3-module-development-board-onboard-recording-function\/#breadcrumb","itemListElement":[{"@type":"ListItem","position":1,"name":"Domov","item":"https:\/\/www.onetimenexttime.sk\/arduino\/"},{"@type":"ListItem","position":2,"name":"Obchod","item":"https:\/\/www.onetimenexttime.sk\/arduino\/"},{"@type":"ListItem","position":3,"name":"VS1053B VS1053 MP3 Module Development Board Onboard recording function"}]},{"@type":"WebSite","@id":"https:\/\/www.onetimenexttime.sk\/arduino\/#website","url":"https:\/\/www.onetimenexttime.sk\/arduino\/","name":"Arduino e-shop","description":"Home Assistant","potentialAction":[{"@type":"SearchAction","target":{"@type":"EntryPoint","urlTemplate":"https:\/\/www.onetimenexttime.sk\/arduino\/?s={search_term_string}"},"query-input":{"@type":"PropertyValueSpecification","valueRequired":true,"valueName":"search_term_string"}}],"inLanguage":"sk-SK"}]}},"_links":{"self":[{"href":"https:\/\/www.onetimenexttime.sk\/arduino\/index.php\/wp-json\/wp\/v2\/product\/313"}],"collection":[{"href":"https:\/\/www.onetimenexttime.sk\/arduino\/index.php\/wp-json\/wp\/v2\/product"}],"about":[{"href":"https:\/\/www.onetimenexttime.sk\/arduino\/index.php\/wp-json\/wp\/v2\/types\/product"}],"wp:featuredmedia":[{"embeddable":true,"href":"https:\/\/www.onetimenexttime.sk\/arduino\/index.php\/wp-json\/wp\/v2\/media\/314"}],"wp:attachment":[{"href":"https:\/\/www.onetimenexttime.sk\/arduino\/index.php\/wp-json\/wp\/v2\/media?parent=313"}],"wp:term":[{"taxonomy":"product_cat","embeddable":true,"href":"https:\/\/www.onetimenexttime.sk\/arduino\/index.php\/wp-json\/wp\/v2\/product_cat?post=313"},{"taxonomy":"product_tag","embeddable":true,"href":"https:\/\/www.onetimenexttime.sk\/arduino\/index.php\/wp-json\/wp\/v2\/product_tag?post=313"}],"curies":[{"name":"wp","href":"https:\/\/api.w.org\/{rel}","templated":true}]}}