{"id":311,"date":"2021-10-20T08:52:45","date_gmt":"2021-10-20T06:52:45","guid":{"rendered":"https:\/\/www.onetimenexttime.sk\/arduino\/?post_type=product&#038;p=311"},"modified":"2021-10-20T08:55:59","modified_gmt":"2021-10-20T06:55:59","slug":"tda7492p-50w50w-wireless-bluetooth-4-0-audio-receiver-digital-amplifier-board","status":"publish","type":"product","link":"https:\/\/www.onetimenexttime.sk\/arduino\/index.php\/produkt\/tda7492p-50w50w-wireless-bluetooth-4-0-audio-receiver-digital-amplifier-board\/","title":{"rendered":"TDA7492P 50W+50W Wireless Bluetooth 4.0 Audio Receiver Digital Amplifier Board"},"content":{"rendered":"<p>Doska digit\u00e1lneho zosil\u0148ova\u010da 50W+50W bezdr\u00f4tov\u00e9ho prij\u00edma\u010da zvuku Bluetooth 4.0 TDA7492P<\/p>\n<p>&nbsp;<\/p>\n<p>\u010cip: TDA7492P<br \/>\nNap\u00e1janie: 2.1 rozhranie 8-25V DC nap\u00e1janie<br \/>\no vstup: CSR8635 Bluetooth \u010dip, Bluetooth V4.0 \uff08stereo vstup r\u00f4zne verzie bluetooth pripojenia\uff09<br \/>\nV\u00fdstupn\u00e1 impedancia: 8\u03a9 (najlep\u0161ia), impedancia 4\/6\/8\/16\u03a9 m\u00f4\u017ee poh\u00e1\u0148a\u0165 reproduktory<br \/>\nV\u00fdstupn\u00fd v\u00fdkon: Pridajte v\u00fdstupn\u00fa p\u00e4tku pre-5532 (nap\u00e1jan\u00fd 25 V, impedan\u010dn\u00fd v\u00fdstup 6\u03a9 2&#215;50 W, impedan\u010dn\u00fd v\u00fdstup 8\u03a9 2&#215;40 W, dvojkan\u00e1lov\u00fd)<br \/>\n\u00daplne nov\u00e9 a vysoko kvalitn\u00e9.<br \/>\nKvalita zvuku je ve\u013emi dobr\u00e1, ve\u013ek\u00fd v\u00fdkon.<br \/>\nPrep\u00edna\u010de DIP je mo\u017en\u00e9 nastavi\u0165 bezprostredne po tom, ako zosil\u0148ova\u010d z\u00edska v\u00e4\u010d\u0161\u00ed re\u0161pekt a lep\u0161ie podpor\u00ed vy\u0161\u0161\u00ed tlmiaci zvuk.<br \/>\nmateri\u00e1l: plast<br \/>\nBalenie obsahuje:<br \/>\n1x TDA7492P Bluetooth 4.0 o doska zosil\u0148ova\u010da prij\u00edma\u010da<br \/>\nPozn\u00e1mka: Sveteln\u00e9 sn\u00edmanie a r\u00f4zne displeje m\u00f4\u017eu sp\u00f4sobi\u0165, \u017ee farba polo\u017eky na obr\u00e1zku sa bude trochu l\u00ed\u0161i\u0165 od skuto\u010dnej veci. Chyba povolen\u00e9ho merania je +\/- 1-3 cm.<\/p>\n","protected":false},"excerpt":{"rendered":"<p>Doska digit\u00e1lneho zosil\u0148ova\u010da 50W+50W bezdr\u00f4tov\u00e9ho prij\u00edma\u010da zvuku Bluetooth 4.0 TDA7492P &nbsp; \u010cip: TDA7492P Nap\u00e1janie: 2.1 rozhranie 8-25V DC nap\u00e1janie o&hellip;<\/p>\n","protected":false},"featured_media":312,"template":"","meta":{"_monsterinsights_skip_tracking":false,"_monsterinsights_sitenote_active":false,"_monsterinsights_sitenote_note":"","_monsterinsights_sitenote_category":0},"product_cat":[16,23],"product_tag":[],"class_list":{"0":"post-311","1":"product","2":"type-product","3":"status-publish","4":"has-post-thumbnail","6":"product_cat-ard","7":"product_cat-audio-modul","9":"first","10":"instock","11":"sale","12":"shipping-taxable","13":"purchasable","14":"product-type-simple"},"yoast_head":"<!-- This site is optimized with the Yoast SEO plugin v23.6 - https:\/\/yoast.com\/wordpress\/plugins\/seo\/ -->\n<title>TDA7492P 50W+50W Wireless Bluetooth 4.0 Audio Receiver Digital Amplifier Board - Arduino e-shop<\/title>\n<meta name=\"robots\" content=\"index, follow, max-snippet:-1, max-image-preview:large, max-video-preview:-1\" \/>\n<link rel=\"canonical\" href=\"https:\/\/www.onetimenexttime.sk\/arduino\/index.php\/produkt\/tda7492p-50w50w-wireless-bluetooth-4-0-audio-receiver-digital-amplifier-board\/\" \/>\n<meta property=\"og:locale\" content=\"sk_SK\" \/>\n<meta property=\"og:type\" content=\"article\" \/>\n<meta property=\"og:title\" content=\"TDA7492P 50W+50W Wireless Bluetooth 4.0 Audio Receiver Digital Amplifier Board - Arduino e-shop\" \/>\n<meta property=\"og:description\" content=\"Doska digit\u00e1lneho zosil\u0148ova\u010da 50W+50W bezdr\u00f4tov\u00e9ho prij\u00edma\u010da zvuku Bluetooth 4.0 TDA7492P &nbsp; \u010cip: TDA7492P Nap\u00e1janie: 2.1 rozhranie 8-25V DC nap\u00e1janie o&hellip;\" \/>\n<meta property=\"og:url\" content=\"https:\/\/www.onetimenexttime.sk\/arduino\/index.php\/produkt\/tda7492p-50w50w-wireless-bluetooth-4-0-audio-receiver-digital-amplifier-board\/\" \/>\n<meta property=\"og:site_name\" content=\"Arduino e-shop\" \/>\n<meta property=\"article:modified_time\" content=\"2021-10-20T06:55:59+00:00\" \/>\n<meta property=\"og:image\" content=\"https:\/\/www.onetimenexttime.sk\/arduino\/wp-content\/uploads\/2021\/10\/614.jpg\" \/>\n\t<meta property=\"og:image:width\" content=\"511\" \/>\n\t<meta property=\"og:image:height\" content=\"510\" \/>\n\t<meta property=\"og:image:type\" content=\"image\/jpeg\" \/>\n<meta name=\"twitter:card\" content=\"summary_large_image\" \/>\n<meta name=\"twitter:label1\" content=\"Predpokladan\u00fd \u010das \u010d\u00edtania\" \/>\n\t<meta name=\"twitter:data1\" content=\"1 min\u00fata\" \/>\n<script type=\"application\/ld+json\" class=\"yoast-schema-graph\">{\"@context\":\"https:\/\/schema.org\",\"@graph\":[{\"@type\":\"WebPage\",\"@id\":\"https:\/\/www.onetimenexttime.sk\/arduino\/index.php\/produkt\/tda7492p-50w50w-wireless-bluetooth-4-0-audio-receiver-digital-amplifier-board\/\",\"url\":\"https:\/\/www.onetimenexttime.sk\/arduino\/index.php\/produkt\/tda7492p-50w50w-wireless-bluetooth-4-0-audio-receiver-digital-amplifier-board\/\",\"name\":\"TDA7492P 50W+50W Wireless Bluetooth 4.0 Audio Receiver Digital Amplifier Board - Arduino e-shop\",\"isPartOf\":{\"@id\":\"https:\/\/www.onetimenexttime.sk\/arduino\/#website\"},\"primaryImageOfPage\":{\"@id\":\"https:\/\/www.onetimenexttime.sk\/arduino\/index.php\/produkt\/tda7492p-50w50w-wireless-bluetooth-4-0-audio-receiver-digital-amplifier-board\/#primaryimage\"},\"image\":{\"@id\":\"https:\/\/www.onetimenexttime.sk\/arduino\/index.php\/produkt\/tda7492p-50w50w-wireless-bluetooth-4-0-audio-receiver-digital-amplifier-board\/#primaryimage\"},\"thumbnailUrl\":\"https:\/\/www.onetimenexttime.sk\/arduino\/wp-content\/uploads\/2021\/10\/614.jpg\",\"datePublished\":\"2021-10-20T06:52:45+00:00\",\"dateModified\":\"2021-10-20T06:55:59+00:00\",\"breadcrumb\":{\"@id\":\"https:\/\/www.onetimenexttime.sk\/arduino\/index.php\/produkt\/tda7492p-50w50w-wireless-bluetooth-4-0-audio-receiver-digital-amplifier-board\/#breadcrumb\"},\"inLanguage\":\"sk-SK\",\"potentialAction\":[{\"@type\":\"ReadAction\",\"target\":[\"https:\/\/www.onetimenexttime.sk\/arduino\/index.php\/produkt\/tda7492p-50w50w-wireless-bluetooth-4-0-audio-receiver-digital-amplifier-board\/\"]}]},{\"@type\":\"ImageObject\",\"inLanguage\":\"sk-SK\",\"@id\":\"https:\/\/www.onetimenexttime.sk\/arduino\/index.php\/produkt\/tda7492p-50w50w-wireless-bluetooth-4-0-audio-receiver-digital-amplifier-board\/#primaryimage\",\"url\":\"https:\/\/www.onetimenexttime.sk\/arduino\/wp-content\/uploads\/2021\/10\/614.jpg\",\"contentUrl\":\"https:\/\/www.onetimenexttime.sk\/arduino\/wp-content\/uploads\/2021\/10\/614.jpg\",\"width\":511,\"height\":510},{\"@type\":\"BreadcrumbList\",\"@id\":\"https:\/\/www.onetimenexttime.sk\/arduino\/index.php\/produkt\/tda7492p-50w50w-wireless-bluetooth-4-0-audio-receiver-digital-amplifier-board\/#breadcrumb\",\"itemListElement\":[{\"@type\":\"ListItem\",\"position\":1,\"name\":\"Domov\",\"item\":\"https:\/\/www.onetimenexttime.sk\/arduino\/\"},{\"@type\":\"ListItem\",\"position\":2,\"name\":\"Obchod\",\"item\":\"https:\/\/www.onetimenexttime.sk\/arduino\/\"},{\"@type\":\"ListItem\",\"position\":3,\"name\":\"TDA7492P 50W+50W Wireless Bluetooth 4.0 Audio Receiver Digital Amplifier Board\"}]},{\"@type\":\"WebSite\",\"@id\":\"https:\/\/www.onetimenexttime.sk\/arduino\/#website\",\"url\":\"https:\/\/www.onetimenexttime.sk\/arduino\/\",\"name\":\"Arduino e-shop\",\"description\":\"Home Assistant\",\"potentialAction\":[{\"@type\":\"SearchAction\",\"target\":{\"@type\":\"EntryPoint\",\"urlTemplate\":\"https:\/\/www.onetimenexttime.sk\/arduino\/?s={search_term_string}\"},\"query-input\":{\"@type\":\"PropertyValueSpecification\",\"valueRequired\":true,\"valueName\":\"search_term_string\"}}],\"inLanguage\":\"sk-SK\"}]}<\/script>\n<!-- \/ Yoast SEO plugin. -->","yoast_head_json":{"title":"TDA7492P 50W+50W Wireless Bluetooth 4.0 Audio Receiver Digital Amplifier Board - Arduino e-shop","robots":{"index":"index","follow":"follow","max-snippet":"max-snippet:-1","max-image-preview":"max-image-preview:large","max-video-preview":"max-video-preview:-1"},"canonical":"https:\/\/www.onetimenexttime.sk\/arduino\/index.php\/produkt\/tda7492p-50w50w-wireless-bluetooth-4-0-audio-receiver-digital-amplifier-board\/","og_locale":"sk_SK","og_type":"article","og_title":"TDA7492P 50W+50W Wireless Bluetooth 4.0 Audio Receiver Digital Amplifier Board - Arduino e-shop","og_description":"Doska digit\u00e1lneho zosil\u0148ova\u010da 50W+50W bezdr\u00f4tov\u00e9ho prij\u00edma\u010da zvuku Bluetooth 4.0 TDA7492P &nbsp; \u010cip: TDA7492P Nap\u00e1janie: 2.1 rozhranie 8-25V DC nap\u00e1janie o&hellip;","og_url":"https:\/\/www.onetimenexttime.sk\/arduino\/index.php\/produkt\/tda7492p-50w50w-wireless-bluetooth-4-0-audio-receiver-digital-amplifier-board\/","og_site_name":"Arduino e-shop","article_modified_time":"2021-10-20T06:55:59+00:00","og_image":[{"width":511,"height":510,"url":"https:\/\/www.onetimenexttime.sk\/arduino\/wp-content\/uploads\/2021\/10\/614.jpg","type":"image\/jpeg"}],"twitter_card":"summary_large_image","twitter_misc":{"Predpokladan\u00fd \u010das \u010d\u00edtania":"1 min\u00fata"},"schema":{"@context":"https:\/\/schema.org","@graph":[{"@type":"WebPage","@id":"https:\/\/www.onetimenexttime.sk\/arduino\/index.php\/produkt\/tda7492p-50w50w-wireless-bluetooth-4-0-audio-receiver-digital-amplifier-board\/","url":"https:\/\/www.onetimenexttime.sk\/arduino\/index.php\/produkt\/tda7492p-50w50w-wireless-bluetooth-4-0-audio-receiver-digital-amplifier-board\/","name":"TDA7492P 50W+50W Wireless Bluetooth 4.0 Audio Receiver Digital Amplifier Board - Arduino e-shop","isPartOf":{"@id":"https:\/\/www.onetimenexttime.sk\/arduino\/#website"},"primaryImageOfPage":{"@id":"https:\/\/www.onetimenexttime.sk\/arduino\/index.php\/produkt\/tda7492p-50w50w-wireless-bluetooth-4-0-audio-receiver-digital-amplifier-board\/#primaryimage"},"image":{"@id":"https:\/\/www.onetimenexttime.sk\/arduino\/index.php\/produkt\/tda7492p-50w50w-wireless-bluetooth-4-0-audio-receiver-digital-amplifier-board\/#primaryimage"},"thumbnailUrl":"https:\/\/www.onetimenexttime.sk\/arduino\/wp-content\/uploads\/2021\/10\/614.jpg","datePublished":"2021-10-20T06:52:45+00:00","dateModified":"2021-10-20T06:55:59+00:00","breadcrumb":{"@id":"https:\/\/www.onetimenexttime.sk\/arduino\/index.php\/produkt\/tda7492p-50w50w-wireless-bluetooth-4-0-audio-receiver-digital-amplifier-board\/#breadcrumb"},"inLanguage":"sk-SK","potentialAction":[{"@type":"ReadAction","target":["https:\/\/www.onetimenexttime.sk\/arduino\/index.php\/produkt\/tda7492p-50w50w-wireless-bluetooth-4-0-audio-receiver-digital-amplifier-board\/"]}]},{"@type":"ImageObject","inLanguage":"sk-SK","@id":"https:\/\/www.onetimenexttime.sk\/arduino\/index.php\/produkt\/tda7492p-50w50w-wireless-bluetooth-4-0-audio-receiver-digital-amplifier-board\/#primaryimage","url":"https:\/\/www.onetimenexttime.sk\/arduino\/wp-content\/uploads\/2021\/10\/614.jpg","contentUrl":"https:\/\/www.onetimenexttime.sk\/arduino\/wp-content\/uploads\/2021\/10\/614.jpg","width":511,"height":510},{"@type":"BreadcrumbList","@id":"https:\/\/www.onetimenexttime.sk\/arduino\/index.php\/produkt\/tda7492p-50w50w-wireless-bluetooth-4-0-audio-receiver-digital-amplifier-board\/#breadcrumb","itemListElement":[{"@type":"ListItem","position":1,"name":"Domov","item":"https:\/\/www.onetimenexttime.sk\/arduino\/"},{"@type":"ListItem","position":2,"name":"Obchod","item":"https:\/\/www.onetimenexttime.sk\/arduino\/"},{"@type":"ListItem","position":3,"name":"TDA7492P 50W+50W Wireless Bluetooth 4.0 Audio Receiver Digital Amplifier Board"}]},{"@type":"WebSite","@id":"https:\/\/www.onetimenexttime.sk\/arduino\/#website","url":"https:\/\/www.onetimenexttime.sk\/arduino\/","name":"Arduino e-shop","description":"Home Assistant","potentialAction":[{"@type":"SearchAction","target":{"@type":"EntryPoint","urlTemplate":"https:\/\/www.onetimenexttime.sk\/arduino\/?s={search_term_string}"},"query-input":{"@type":"PropertyValueSpecification","valueRequired":true,"valueName":"search_term_string"}}],"inLanguage":"sk-SK"}]}},"_links":{"self":[{"href":"https:\/\/www.onetimenexttime.sk\/arduino\/index.php\/wp-json\/wp\/v2\/product\/311"}],"collection":[{"href":"https:\/\/www.onetimenexttime.sk\/arduino\/index.php\/wp-json\/wp\/v2\/product"}],"about":[{"href":"https:\/\/www.onetimenexttime.sk\/arduino\/index.php\/wp-json\/wp\/v2\/types\/product"}],"wp:featuredmedia":[{"embeddable":true,"href":"https:\/\/www.onetimenexttime.sk\/arduino\/index.php\/wp-json\/wp\/v2\/media\/312"}],"wp:attachment":[{"href":"https:\/\/www.onetimenexttime.sk\/arduino\/index.php\/wp-json\/wp\/v2\/media?parent=311"}],"wp:term":[{"taxonomy":"product_cat","embeddable":true,"href":"https:\/\/www.onetimenexttime.sk\/arduino\/index.php\/wp-json\/wp\/v2\/product_cat?post=311"},{"taxonomy":"product_tag","embeddable":true,"href":"https:\/\/www.onetimenexttime.sk\/arduino\/index.php\/wp-json\/wp\/v2\/product_tag?post=311"}],"curies":[{"name":"wp","href":"https:\/\/api.w.org\/{rel}","templated":true}]}}