{"id":308,"date":"2021-10-20T08:44:50","date_gmt":"2021-10-20T06:44:50","guid":{"rendered":"https:\/\/www.onetimenexttime.sk\/arduino\/?post_type=product&#038;p=308"},"modified":"2021-10-20T08:49:56","modified_gmt":"2021-10-20T06:49:56","slug":"voice-recognition-module-kit-microphone-for-arduino-compatible-control-your-devices-free-shipping","status":"publish","type":"product","link":"https:\/\/www.onetimenexttime.sk\/arduino\/index.php\/produkt\/voice-recognition-module-kit-microphone-for-arduino-compatible-control-your-devices-free-shipping\/","title":{"rendered":"Voice Recognition Module kit microphone for Arduino Compatible Control your devices"},"content":{"rendered":"<p>Sada modulu rozpozn\u00e1vania hlasu mikrof\u00f3n kompatibiln\u00fd s Arduino Ovl\u00e1dajte svoje zariadenia zdarma<\/p>\n<p>&nbsp;<\/p>\n<p>Rozpozn\u00e1vanie hlasu je nie\u010do, \u010do presne vie, \u010do ste hovorili. L\u00ed\u0161i sa od ovl\u00e1dania zvuku, \u010do znamen\u00e1 ovl\u00e1danie zap\u00ednania a vyp\u00ednania svetla vyd\u00e1van\u00edm zvuku.<\/p>\n<p>Uva\u017eovali sme o lacnom module, ktor\u00fd pom\u00e1ha ovl\u00e1da\u0165 ostatn\u00e9 zariadenia hlasom. Nakoniec sme navrhli tento modul Geeetech Voice Recognition Module, ktor\u00fd dok\u00e1\u017ee rozpozna\u0165 a\u017e 15 hlasov\u00fdch in\u0161trukci\u00ed a je vhodn\u00fd pre v\u00e4\u010d\u0161inu pr\u00edpadov zah\u0155\u0148aj\u00facich ovl\u00e1danie hlasom.<\/p>\n<p>Tento modul rozpozn\u00e1vania hlasu Geeetech dok\u00e1zal rozpozna\u0165 v\u00e1\u0161 hlas. Prij\u00edma konfigura\u010dn\u00e9 pr\u00edkazy alebo odpoved\u00e1 prostredn\u00edctvom rozhrania s\u00e9riov\u00e9ho portu. S t\u00fdmto modulom m\u00f4\u017eeme hlasovo ovl\u00e1da\u0165 aut\u00e1 alebo in\u00e9 elektrick\u00e9 zariadenia.<\/p>\n<p>M\u00f4\u017ee ulo\u017ei\u0165 15 kusov hlasov\u00fdch in\u0161trukci\u00ed. T\u00fdchto 15 dielov je rozdelen\u00fdch do 3 skup\u00edn, z ktor\u00fdch 5 je v jednej skupine. Najprv by sme mali nahra\u0165 hlasov\u00e9 pokyny po skupin\u00e1ch. Potom by sme mali importova\u0165 jednu skupinu pomocou s\u00e9riov\u00e9ho pr\u00edkazu, aby mohla rozpozna\u0165 5 hlasov\u00fdch pokynov v r\u00e1mci tejto skupiny. Ak potrebujeme implementova\u0165 pokyny v in\u00fdch skupin\u00e1ch, mali by sme skupinu najsk\u00f4r importova\u0165. Tento modul je nez\u00e1visl\u00fd na reproduktoroch. Ak v\u00e1\u0161 priate\u013e hovor\u00ed hlasov\u00fdm pokynom namiesto v\u00e1s, nemus\u00ed tento pokyn identifikova\u0165.<\/p>\n<p>Nezab\u00fadajte, \u017ee nez\u00e1vislos\u0165 reproduktora vy\u017eaduje pr\u00edsne dobr\u00fd mikrof\u00f3n. Dodan\u00fd mikrof\u00f3n nemus\u00ed by\u0165 dostato\u010dne dobr\u00fd na to, aby bol nez\u00e1visl\u00fd na reproduktoroch.<\/p>\n<p>&nbsp;<\/p>\n<p>Vlastnosti:<br \/>\n1. Nap\u00e4tie: 4,5-5,5V<br \/>\n2. Pr\u00fad: &lt;40mA<br \/>\n3. Digit\u00e1lne rozhranie: 5V rozhranie TTL na \u00farovni UART<br \/>\n4. Analogov\u00e9 rozhranie: 3,5 mm jednokan\u00e1lov\u00fd konektor mikrof\u00f3nu + rozhranie pin mikrof\u00f3nu<br \/>\n5. Ve\u013ekos\u0165: 30 mm x 47,5 mm<\/p>\n","protected":false},"excerpt":{"rendered":"<p>Sada modulu rozpozn\u00e1vania hlasu mikrof\u00f3n kompatibiln\u00fd s Arduino Ovl\u00e1dajte svoje zariadenia zdarma &nbsp; Rozpozn\u00e1vanie hlasu je nie\u010do, \u010do presne vie,&hellip;<\/p>\n","protected":false},"featured_media":309,"template":"","meta":{"_monsterinsights_skip_tracking":false,"_monsterinsights_sitenote_active":false,"_monsterinsights_sitenote_note":"","_monsterinsights_sitenote_category":0},"product_cat":[16,23],"product_tag":[],"class_list":{"0":"post-308","1":"product","2":"type-product","3":"status-publish","4":"has-post-thumbnail","6":"product_cat-ard","7":"product_cat-audio-modul","9":"first","10":"instock","11":"sale","12":"shipping-taxable","13":"purchasable","14":"product-type-simple"},"yoast_head":"<!-- This site is optimized with the Yoast SEO plugin v23.6 - https:\/\/yoast.com\/wordpress\/plugins\/seo\/ -->\n<title>Voice Recognition Module kit microphone for Arduino Compatible Control your devices - Arduino e-shop<\/title>\n<meta name=\"robots\" content=\"index, follow, max-snippet:-1, max-image-preview:large, max-video-preview:-1\" \/>\n<link rel=\"canonical\" href=\"https:\/\/www.onetimenexttime.sk\/arduino\/index.php\/produkt\/voice-recognition-module-kit-microphone-for-arduino-compatible-control-your-devices-free-shipping\/\" \/>\n<meta property=\"og:locale\" content=\"sk_SK\" \/>\n<meta property=\"og:type\" content=\"article\" \/>\n<meta property=\"og:title\" content=\"Voice Recognition Module kit microphone for Arduino Compatible Control your devices - Arduino e-shop\" \/>\n<meta property=\"og:description\" content=\"Sada modulu rozpozn\u00e1vania hlasu mikrof\u00f3n kompatibiln\u00fd s Arduino Ovl\u00e1dajte svoje zariadenia zdarma &nbsp; Rozpozn\u00e1vanie hlasu je nie\u010do, \u010do presne vie,&hellip;\" \/>\n<meta property=\"og:url\" content=\"https:\/\/www.onetimenexttime.sk\/arduino\/index.php\/produkt\/voice-recognition-module-kit-microphone-for-arduino-compatible-control-your-devices-free-shipping\/\" \/>\n<meta property=\"og:site_name\" content=\"Arduino e-shop\" \/>\n<meta property=\"article:modified_time\" content=\"2021-10-20T06:49:56+00:00\" \/>\n<meta property=\"og:image\" content=\"https:\/\/www.onetimenexttime.sk\/arduino\/wp-content\/uploads\/2021\/10\/624.jpg\" \/>\n\t<meta property=\"og:image:width\" content=\"511\" \/>\n\t<meta property=\"og:image:height\" content=\"510\" \/>\n\t<meta property=\"og:image:type\" content=\"image\/jpeg\" \/>\n<meta name=\"twitter:card\" content=\"summary_large_image\" \/>\n<meta name=\"twitter:label1\" content=\"Predpokladan\u00fd \u010das \u010d\u00edtania\" \/>\n\t<meta name=\"twitter:data1\" content=\"2 min\u00faty\" \/>\n<script type=\"application\/ld+json\" class=\"yoast-schema-graph\">{\"@context\":\"https:\/\/schema.org\",\"@graph\":[{\"@type\":\"WebPage\",\"@id\":\"https:\/\/www.onetimenexttime.sk\/arduino\/index.php\/produkt\/voice-recognition-module-kit-microphone-for-arduino-compatible-control-your-devices-free-shipping\/\",\"url\":\"https:\/\/www.onetimenexttime.sk\/arduino\/index.php\/produkt\/voice-recognition-module-kit-microphone-for-arduino-compatible-control-your-devices-free-shipping\/\",\"name\":\"Voice Recognition Module kit microphone for Arduino Compatible Control your devices - Arduino e-shop\",\"isPartOf\":{\"@id\":\"https:\/\/www.onetimenexttime.sk\/arduino\/#website\"},\"primaryImageOfPage\":{\"@id\":\"https:\/\/www.onetimenexttime.sk\/arduino\/index.php\/produkt\/voice-recognition-module-kit-microphone-for-arduino-compatible-control-your-devices-free-shipping\/#primaryimage\"},\"image\":{\"@id\":\"https:\/\/www.onetimenexttime.sk\/arduino\/index.php\/produkt\/voice-recognition-module-kit-microphone-for-arduino-compatible-control-your-devices-free-shipping\/#primaryimage\"},\"thumbnailUrl\":\"https:\/\/www.onetimenexttime.sk\/arduino\/wp-content\/uploads\/2021\/10\/624.jpg\",\"datePublished\":\"2021-10-20T06:44:50+00:00\",\"dateModified\":\"2021-10-20T06:49:56+00:00\",\"breadcrumb\":{\"@id\":\"https:\/\/www.onetimenexttime.sk\/arduino\/index.php\/produkt\/voice-recognition-module-kit-microphone-for-arduino-compatible-control-your-devices-free-shipping\/#breadcrumb\"},\"inLanguage\":\"sk-SK\",\"potentialAction\":[{\"@type\":\"ReadAction\",\"target\":[\"https:\/\/www.onetimenexttime.sk\/arduino\/index.php\/produkt\/voice-recognition-module-kit-microphone-for-arduino-compatible-control-your-devices-free-shipping\/\"]}]},{\"@type\":\"ImageObject\",\"inLanguage\":\"sk-SK\",\"@id\":\"https:\/\/www.onetimenexttime.sk\/arduino\/index.php\/produkt\/voice-recognition-module-kit-microphone-for-arduino-compatible-control-your-devices-free-shipping\/#primaryimage\",\"url\":\"https:\/\/www.onetimenexttime.sk\/arduino\/wp-content\/uploads\/2021\/10\/624.jpg\",\"contentUrl\":\"https:\/\/www.onetimenexttime.sk\/arduino\/wp-content\/uploads\/2021\/10\/624.jpg\",\"width\":511,\"height\":510},{\"@type\":\"BreadcrumbList\",\"@id\":\"https:\/\/www.onetimenexttime.sk\/arduino\/index.php\/produkt\/voice-recognition-module-kit-microphone-for-arduino-compatible-control-your-devices-free-shipping\/#breadcrumb\",\"itemListElement\":[{\"@type\":\"ListItem\",\"position\":1,\"name\":\"Domov\",\"item\":\"https:\/\/www.onetimenexttime.sk\/arduino\/\"},{\"@type\":\"ListItem\",\"position\":2,\"name\":\"Obchod\",\"item\":\"https:\/\/www.onetimenexttime.sk\/arduino\/\"},{\"@type\":\"ListItem\",\"position\":3,\"name\":\"Voice Recognition Module kit microphone for Arduino Compatible Control your devices\"}]},{\"@type\":\"WebSite\",\"@id\":\"https:\/\/www.onetimenexttime.sk\/arduino\/#website\",\"url\":\"https:\/\/www.onetimenexttime.sk\/arduino\/\",\"name\":\"Arduino e-shop\",\"description\":\"Home Assistant\",\"potentialAction\":[{\"@type\":\"SearchAction\",\"target\":{\"@type\":\"EntryPoint\",\"urlTemplate\":\"https:\/\/www.onetimenexttime.sk\/arduino\/?s={search_term_string}\"},\"query-input\":{\"@type\":\"PropertyValueSpecification\",\"valueRequired\":true,\"valueName\":\"search_term_string\"}}],\"inLanguage\":\"sk-SK\"}]}<\/script>\n<!-- \/ Yoast SEO plugin. -->","yoast_head_json":{"title":"Voice Recognition Module kit microphone for Arduino Compatible Control your devices - Arduino e-shop","robots":{"index":"index","follow":"follow","max-snippet":"max-snippet:-1","max-image-preview":"max-image-preview:large","max-video-preview":"max-video-preview:-1"},"canonical":"https:\/\/www.onetimenexttime.sk\/arduino\/index.php\/produkt\/voice-recognition-module-kit-microphone-for-arduino-compatible-control-your-devices-free-shipping\/","og_locale":"sk_SK","og_type":"article","og_title":"Voice Recognition Module kit microphone for Arduino Compatible Control your devices - Arduino e-shop","og_description":"Sada modulu rozpozn\u00e1vania hlasu mikrof\u00f3n kompatibiln\u00fd s Arduino Ovl\u00e1dajte svoje zariadenia zdarma &nbsp; Rozpozn\u00e1vanie hlasu je nie\u010do, \u010do presne vie,&hellip;","og_url":"https:\/\/www.onetimenexttime.sk\/arduino\/index.php\/produkt\/voice-recognition-module-kit-microphone-for-arduino-compatible-control-your-devices-free-shipping\/","og_site_name":"Arduino e-shop","article_modified_time":"2021-10-20T06:49:56+00:00","og_image":[{"width":511,"height":510,"url":"https:\/\/www.onetimenexttime.sk\/arduino\/wp-content\/uploads\/2021\/10\/624.jpg","type":"image\/jpeg"}],"twitter_card":"summary_large_image","twitter_misc":{"Predpokladan\u00fd \u010das \u010d\u00edtania":"2 min\u00faty"},"schema":{"@context":"https:\/\/schema.org","@graph":[{"@type":"WebPage","@id":"https:\/\/www.onetimenexttime.sk\/arduino\/index.php\/produkt\/voice-recognition-module-kit-microphone-for-arduino-compatible-control-your-devices-free-shipping\/","url":"https:\/\/www.onetimenexttime.sk\/arduino\/index.php\/produkt\/voice-recognition-module-kit-microphone-for-arduino-compatible-control-your-devices-free-shipping\/","name":"Voice Recognition Module kit microphone for Arduino Compatible Control your devices - Arduino e-shop","isPartOf":{"@id":"https:\/\/www.onetimenexttime.sk\/arduino\/#website"},"primaryImageOfPage":{"@id":"https:\/\/www.onetimenexttime.sk\/arduino\/index.php\/produkt\/voice-recognition-module-kit-microphone-for-arduino-compatible-control-your-devices-free-shipping\/#primaryimage"},"image":{"@id":"https:\/\/www.onetimenexttime.sk\/arduino\/index.php\/produkt\/voice-recognition-module-kit-microphone-for-arduino-compatible-control-your-devices-free-shipping\/#primaryimage"},"thumbnailUrl":"https:\/\/www.onetimenexttime.sk\/arduino\/wp-content\/uploads\/2021\/10\/624.jpg","datePublished":"2021-10-20T06:44:50+00:00","dateModified":"2021-10-20T06:49:56+00:00","breadcrumb":{"@id":"https:\/\/www.onetimenexttime.sk\/arduino\/index.php\/produkt\/voice-recognition-module-kit-microphone-for-arduino-compatible-control-your-devices-free-shipping\/#breadcrumb"},"inLanguage":"sk-SK","potentialAction":[{"@type":"ReadAction","target":["https:\/\/www.onetimenexttime.sk\/arduino\/index.php\/produkt\/voice-recognition-module-kit-microphone-for-arduino-compatible-control-your-devices-free-shipping\/"]}]},{"@type":"ImageObject","inLanguage":"sk-SK","@id":"https:\/\/www.onetimenexttime.sk\/arduino\/index.php\/produkt\/voice-recognition-module-kit-microphone-for-arduino-compatible-control-your-devices-free-shipping\/#primaryimage","url":"https:\/\/www.onetimenexttime.sk\/arduino\/wp-content\/uploads\/2021\/10\/624.jpg","contentUrl":"https:\/\/www.onetimenexttime.sk\/arduino\/wp-content\/uploads\/2021\/10\/624.jpg","width":511,"height":510},{"@type":"BreadcrumbList","@id":"https:\/\/www.onetimenexttime.sk\/arduino\/index.php\/produkt\/voice-recognition-module-kit-microphone-for-arduino-compatible-control-your-devices-free-shipping\/#breadcrumb","itemListElement":[{"@type":"ListItem","position":1,"name":"Domov","item":"https:\/\/www.onetimenexttime.sk\/arduino\/"},{"@type":"ListItem","position":2,"name":"Obchod","item":"https:\/\/www.onetimenexttime.sk\/arduino\/"},{"@type":"ListItem","position":3,"name":"Voice Recognition Module kit microphone for Arduino Compatible Control your devices"}]},{"@type":"WebSite","@id":"https:\/\/www.onetimenexttime.sk\/arduino\/#website","url":"https:\/\/www.onetimenexttime.sk\/arduino\/","name":"Arduino e-shop","description":"Home Assistant","potentialAction":[{"@type":"SearchAction","target":{"@type":"EntryPoint","urlTemplate":"https:\/\/www.onetimenexttime.sk\/arduino\/?s={search_term_string}"},"query-input":{"@type":"PropertyValueSpecification","valueRequired":true,"valueName":"search_term_string"}}],"inLanguage":"sk-SK"}]}},"_links":{"self":[{"href":"https:\/\/www.onetimenexttime.sk\/arduino\/index.php\/wp-json\/wp\/v2\/product\/308"}],"collection":[{"href":"https:\/\/www.onetimenexttime.sk\/arduino\/index.php\/wp-json\/wp\/v2\/product"}],"about":[{"href":"https:\/\/www.onetimenexttime.sk\/arduino\/index.php\/wp-json\/wp\/v2\/types\/product"}],"wp:featuredmedia":[{"embeddable":true,"href":"https:\/\/www.onetimenexttime.sk\/arduino\/index.php\/wp-json\/wp\/v2\/media\/309"}],"wp:attachment":[{"href":"https:\/\/www.onetimenexttime.sk\/arduino\/index.php\/wp-json\/wp\/v2\/media?parent=308"}],"wp:term":[{"taxonomy":"product_cat","embeddable":true,"href":"https:\/\/www.onetimenexttime.sk\/arduino\/index.php\/wp-json\/wp\/v2\/product_cat?post=308"},{"taxonomy":"product_tag","embeddable":true,"href":"https:\/\/www.onetimenexttime.sk\/arduino\/index.php\/wp-json\/wp\/v2\/product_tag?post=308"}],"curies":[{"name":"wp","href":"https:\/\/api.w.org\/{rel}","templated":true}]}}