{"id":303,"date":"2021-10-20T08:37:57","date_gmt":"2021-10-20T06:37:57","guid":{"rendered":"https:\/\/www.onetimenexttime.sk\/arduino\/?post_type=product&#038;p=303"},"modified":"2021-10-20T08:41:09","modified_gmt":"2021-10-20T06:41:09","slug":"mp3-usb-12v-tf-card-decoder-module-dc-mp3-decode-board-wav-lossless-decoding-board","status":"publish","type":"product","link":"https:\/\/www.onetimenexttime.sk\/arduino\/index.php\/produkt\/mp3-usb-12v-tf-card-decoder-module-dc-mp3-decode-board-wav-lossless-decoding-board\/","title":{"rendered":"MP3 USB 12V TF Card decoder module DC MP3 decode board WAV lossless decoding board"},"content":{"rendered":"<p>Modul dekod\u00e9ra MP3 USB 12V TF karty DC dek\u00f3dovacia doska MP3 bezztr\u00e1tov\u00e1 dek\u00f3dovacia doska<\/p>\n<p>(1) pracovn\u00e9 nap\u00e4tie: 6 a\u017e 12 v.<br \/>\n(2) pracovn\u00fd pr\u00fad: 200-900 ma;<br \/>\n[3] podporovan\u00e9 form\u00e1ty: 8-320 k bitov\u00e1 r\u00fdchlos\u0165 form\u00e1tu MP3, vzorkovacia frekvencia 8-48 000 Hz vo form\u00e1te WAV, nepodporuje DTS okolo 5-6 kan\u00e1lov\u00fdch WAV, sk\u00faste;<br \/>\n[4] prev\u00e1dzkov\u00e9 re\u017eimy: elektrick\u00e1 energia priamo, v\u0161etky dia\u013ekov\u00e9 ovl\u00e1da\u010de;<br \/>\n[5] typy zariadenia: disk U alebo karta SD, \u010d\u00edta\u010dka kariet TF karty USB, pozn\u00e1mka: M\u00f4\u017ee d\u00f4js\u0165 k probl\u00e9mu s falo\u0161n\u00fdm nekompatibiln\u00fdm USB \u010dipom, odpor\u00fa\u010da sa pou\u017ei\u0165 origin\u00e1lny USB flash disk.<br \/>\n[6] Materi\u00e1l DPS: FR &#8211; 4 obojstrann\u00fd poc\u00ednovan\u00fd plech super tvrdosti;<br \/>\n(7) \u0160pecifik\u00e1cia DPS: 36 x 27 mm, hr\u00fabka: 1 mm.<br \/>\n[8] \u010dist\u00e1 hmotnos\u0165: 23 g<\/p>\n","protected":false},"excerpt":{"rendered":"<p>Modul dekod\u00e9ra MP3 USB 12V TF karty DC dek\u00f3dovacia doska MP3 bezztr\u00e1tov\u00e1 dek\u00f3dovacia doska (1) pracovn\u00e9 nap\u00e4tie: 6 a\u017e 12&hellip;<\/p>\n","protected":false},"featured_media":305,"template":"","meta":{"_monsterinsights_skip_tracking":false,"_monsterinsights_sitenote_active":false,"_monsterinsights_sitenote_note":"","_monsterinsights_sitenote_category":0},"product_cat":[16,23,26],"product_tag":[],"class_list":{"0":"post-303","1":"product","2":"type-product","3":"status-publish","4":"has-post-thumbnail","6":"product_cat-ard","7":"product_cat-audio-modul","8":"product_cat-radio","10":"first","11":"instock","12":"shipping-taxable","13":"purchasable","14":"product-type-simple"},"yoast_head":"<!-- This site is optimized with the Yoast SEO plugin v23.6 - https:\/\/yoast.com\/wordpress\/plugins\/seo\/ -->\n<title>MP3 USB 12V TF Card decoder module DC MP3 decode board WAV lossless decoding board - Arduino e-shop<\/title>\n<meta name=\"robots\" content=\"index, follow, max-snippet:-1, max-image-preview:large, max-video-preview:-1\" \/>\n<link rel=\"canonical\" href=\"https:\/\/www.onetimenexttime.sk\/arduino\/index.php\/produkt\/mp3-usb-12v-tf-card-decoder-module-dc-mp3-decode-board-wav-lossless-decoding-board\/\" \/>\n<meta property=\"og:locale\" content=\"sk_SK\" \/>\n<meta property=\"og:type\" content=\"article\" \/>\n<meta property=\"og:title\" content=\"MP3 USB 12V TF Card decoder module DC MP3 decode board WAV lossless decoding board - Arduino e-shop\" \/>\n<meta property=\"og:description\" content=\"Modul dekod\u00e9ra MP3 USB 12V TF karty DC dek\u00f3dovacia doska MP3 bezztr\u00e1tov\u00e1 dek\u00f3dovacia doska (1) pracovn\u00e9 nap\u00e4tie: 6 a\u017e 12&hellip;\" \/>\n<meta property=\"og:url\" content=\"https:\/\/www.onetimenexttime.sk\/arduino\/index.php\/produkt\/mp3-usb-12v-tf-card-decoder-module-dc-mp3-decode-board-wav-lossless-decoding-board\/\" \/>\n<meta property=\"og:site_name\" content=\"Arduino e-shop\" \/>\n<meta property=\"article:modified_time\" content=\"2021-10-20T06:41:09+00:00\" \/>\n<meta property=\"og:image\" content=\"https:\/\/www.onetimenexttime.sk\/arduino\/wp-content\/uploads\/2021\/10\/649.jpg\" \/>\n\t<meta property=\"og:image:width\" content=\"511\" \/>\n\t<meta property=\"og:image:height\" content=\"510\" \/>\n\t<meta property=\"og:image:type\" content=\"image\/jpeg\" \/>\n<meta name=\"twitter:card\" content=\"summary_large_image\" \/>\n<meta name=\"twitter:label1\" content=\"Predpokladan\u00fd \u010das \u010d\u00edtania\" \/>\n\t<meta name=\"twitter:data1\" content=\"1 min\u00fata\" \/>\n<script type=\"application\/ld+json\" class=\"yoast-schema-graph\">{\"@context\":\"https:\/\/schema.org\",\"@graph\":[{\"@type\":\"WebPage\",\"@id\":\"https:\/\/www.onetimenexttime.sk\/arduino\/index.php\/produkt\/mp3-usb-12v-tf-card-decoder-module-dc-mp3-decode-board-wav-lossless-decoding-board\/\",\"url\":\"https:\/\/www.onetimenexttime.sk\/arduino\/index.php\/produkt\/mp3-usb-12v-tf-card-decoder-module-dc-mp3-decode-board-wav-lossless-decoding-board\/\",\"name\":\"MP3 USB 12V TF Card decoder module DC MP3 decode board WAV lossless decoding board - Arduino e-shop\",\"isPartOf\":{\"@id\":\"https:\/\/www.onetimenexttime.sk\/arduino\/#website\"},\"primaryImageOfPage\":{\"@id\":\"https:\/\/www.onetimenexttime.sk\/arduino\/index.php\/produkt\/mp3-usb-12v-tf-card-decoder-module-dc-mp3-decode-board-wav-lossless-decoding-board\/#primaryimage\"},\"image\":{\"@id\":\"https:\/\/www.onetimenexttime.sk\/arduino\/index.php\/produkt\/mp3-usb-12v-tf-card-decoder-module-dc-mp3-decode-board-wav-lossless-decoding-board\/#primaryimage\"},\"thumbnailUrl\":\"https:\/\/www.onetimenexttime.sk\/arduino\/wp-content\/uploads\/2021\/10\/649.jpg\",\"datePublished\":\"2021-10-20T06:37:57+00:00\",\"dateModified\":\"2021-10-20T06:41:09+00:00\",\"breadcrumb\":{\"@id\":\"https:\/\/www.onetimenexttime.sk\/arduino\/index.php\/produkt\/mp3-usb-12v-tf-card-decoder-module-dc-mp3-decode-board-wav-lossless-decoding-board\/#breadcrumb\"},\"inLanguage\":\"sk-SK\",\"potentialAction\":[{\"@type\":\"ReadAction\",\"target\":[\"https:\/\/www.onetimenexttime.sk\/arduino\/index.php\/produkt\/mp3-usb-12v-tf-card-decoder-module-dc-mp3-decode-board-wav-lossless-decoding-board\/\"]}]},{\"@type\":\"ImageObject\",\"inLanguage\":\"sk-SK\",\"@id\":\"https:\/\/www.onetimenexttime.sk\/arduino\/index.php\/produkt\/mp3-usb-12v-tf-card-decoder-module-dc-mp3-decode-board-wav-lossless-decoding-board\/#primaryimage\",\"url\":\"https:\/\/www.onetimenexttime.sk\/arduino\/wp-content\/uploads\/2021\/10\/649.jpg\",\"contentUrl\":\"https:\/\/www.onetimenexttime.sk\/arduino\/wp-content\/uploads\/2021\/10\/649.jpg\",\"width\":511,\"height\":510},{\"@type\":\"BreadcrumbList\",\"@id\":\"https:\/\/www.onetimenexttime.sk\/arduino\/index.php\/produkt\/mp3-usb-12v-tf-card-decoder-module-dc-mp3-decode-board-wav-lossless-decoding-board\/#breadcrumb\",\"itemListElement\":[{\"@type\":\"ListItem\",\"position\":1,\"name\":\"Domov\",\"item\":\"https:\/\/www.onetimenexttime.sk\/arduino\/\"},{\"@type\":\"ListItem\",\"position\":2,\"name\":\"Obchod\",\"item\":\"https:\/\/www.onetimenexttime.sk\/arduino\/\"},{\"@type\":\"ListItem\",\"position\":3,\"name\":\"MP3 USB 12V TF Card decoder module DC MP3 decode board WAV lossless decoding board\"}]},{\"@type\":\"WebSite\",\"@id\":\"https:\/\/www.onetimenexttime.sk\/arduino\/#website\",\"url\":\"https:\/\/www.onetimenexttime.sk\/arduino\/\",\"name\":\"Arduino e-shop\",\"description\":\"Home Assistant\",\"potentialAction\":[{\"@type\":\"SearchAction\",\"target\":{\"@type\":\"EntryPoint\",\"urlTemplate\":\"https:\/\/www.onetimenexttime.sk\/arduino\/?s={search_term_string}\"},\"query-input\":{\"@type\":\"PropertyValueSpecification\",\"valueRequired\":true,\"valueName\":\"search_term_string\"}}],\"inLanguage\":\"sk-SK\"}]}<\/script>\n<!-- \/ Yoast SEO plugin. -->","yoast_head_json":{"title":"MP3 USB 12V TF Card decoder module DC MP3 decode board WAV lossless decoding board - Arduino e-shop","robots":{"index":"index","follow":"follow","max-snippet":"max-snippet:-1","max-image-preview":"max-image-preview:large","max-video-preview":"max-video-preview:-1"},"canonical":"https:\/\/www.onetimenexttime.sk\/arduino\/index.php\/produkt\/mp3-usb-12v-tf-card-decoder-module-dc-mp3-decode-board-wav-lossless-decoding-board\/","og_locale":"sk_SK","og_type":"article","og_title":"MP3 USB 12V TF Card decoder module DC MP3 decode board WAV lossless decoding board - Arduino e-shop","og_description":"Modul dekod\u00e9ra MP3 USB 12V TF karty DC dek\u00f3dovacia doska MP3 bezztr\u00e1tov\u00e1 dek\u00f3dovacia doska (1) pracovn\u00e9 nap\u00e4tie: 6 a\u017e 12&hellip;","og_url":"https:\/\/www.onetimenexttime.sk\/arduino\/index.php\/produkt\/mp3-usb-12v-tf-card-decoder-module-dc-mp3-decode-board-wav-lossless-decoding-board\/","og_site_name":"Arduino e-shop","article_modified_time":"2021-10-20T06:41:09+00:00","og_image":[{"width":511,"height":510,"url":"https:\/\/www.onetimenexttime.sk\/arduino\/wp-content\/uploads\/2021\/10\/649.jpg","type":"image\/jpeg"}],"twitter_card":"summary_large_image","twitter_misc":{"Predpokladan\u00fd \u010das \u010d\u00edtania":"1 min\u00fata"},"schema":{"@context":"https:\/\/schema.org","@graph":[{"@type":"WebPage","@id":"https:\/\/www.onetimenexttime.sk\/arduino\/index.php\/produkt\/mp3-usb-12v-tf-card-decoder-module-dc-mp3-decode-board-wav-lossless-decoding-board\/","url":"https:\/\/www.onetimenexttime.sk\/arduino\/index.php\/produkt\/mp3-usb-12v-tf-card-decoder-module-dc-mp3-decode-board-wav-lossless-decoding-board\/","name":"MP3 USB 12V TF Card decoder module DC MP3 decode board WAV lossless decoding board - Arduino e-shop","isPartOf":{"@id":"https:\/\/www.onetimenexttime.sk\/arduino\/#website"},"primaryImageOfPage":{"@id":"https:\/\/www.onetimenexttime.sk\/arduino\/index.php\/produkt\/mp3-usb-12v-tf-card-decoder-module-dc-mp3-decode-board-wav-lossless-decoding-board\/#primaryimage"},"image":{"@id":"https:\/\/www.onetimenexttime.sk\/arduino\/index.php\/produkt\/mp3-usb-12v-tf-card-decoder-module-dc-mp3-decode-board-wav-lossless-decoding-board\/#primaryimage"},"thumbnailUrl":"https:\/\/www.onetimenexttime.sk\/arduino\/wp-content\/uploads\/2021\/10\/649.jpg","datePublished":"2021-10-20T06:37:57+00:00","dateModified":"2021-10-20T06:41:09+00:00","breadcrumb":{"@id":"https:\/\/www.onetimenexttime.sk\/arduino\/index.php\/produkt\/mp3-usb-12v-tf-card-decoder-module-dc-mp3-decode-board-wav-lossless-decoding-board\/#breadcrumb"},"inLanguage":"sk-SK","potentialAction":[{"@type":"ReadAction","target":["https:\/\/www.onetimenexttime.sk\/arduino\/index.php\/produkt\/mp3-usb-12v-tf-card-decoder-module-dc-mp3-decode-board-wav-lossless-decoding-board\/"]}]},{"@type":"ImageObject","inLanguage":"sk-SK","@id":"https:\/\/www.onetimenexttime.sk\/arduino\/index.php\/produkt\/mp3-usb-12v-tf-card-decoder-module-dc-mp3-decode-board-wav-lossless-decoding-board\/#primaryimage","url":"https:\/\/www.onetimenexttime.sk\/arduino\/wp-content\/uploads\/2021\/10\/649.jpg","contentUrl":"https:\/\/www.onetimenexttime.sk\/arduino\/wp-content\/uploads\/2021\/10\/649.jpg","width":511,"height":510},{"@type":"BreadcrumbList","@id":"https:\/\/www.onetimenexttime.sk\/arduino\/index.php\/produkt\/mp3-usb-12v-tf-card-decoder-module-dc-mp3-decode-board-wav-lossless-decoding-board\/#breadcrumb","itemListElement":[{"@type":"ListItem","position":1,"name":"Domov","item":"https:\/\/www.onetimenexttime.sk\/arduino\/"},{"@type":"ListItem","position":2,"name":"Obchod","item":"https:\/\/www.onetimenexttime.sk\/arduino\/"},{"@type":"ListItem","position":3,"name":"MP3 USB 12V TF Card decoder module DC MP3 decode board WAV lossless decoding board"}]},{"@type":"WebSite","@id":"https:\/\/www.onetimenexttime.sk\/arduino\/#website","url":"https:\/\/www.onetimenexttime.sk\/arduino\/","name":"Arduino e-shop","description":"Home Assistant","potentialAction":[{"@type":"SearchAction","target":{"@type":"EntryPoint","urlTemplate":"https:\/\/www.onetimenexttime.sk\/arduino\/?s={search_term_string}"},"query-input":{"@type":"PropertyValueSpecification","valueRequired":true,"valueName":"search_term_string"}}],"inLanguage":"sk-SK"}]}},"_links":{"self":[{"href":"https:\/\/www.onetimenexttime.sk\/arduino\/index.php\/wp-json\/wp\/v2\/product\/303"}],"collection":[{"href":"https:\/\/www.onetimenexttime.sk\/arduino\/index.php\/wp-json\/wp\/v2\/product"}],"about":[{"href":"https:\/\/www.onetimenexttime.sk\/arduino\/index.php\/wp-json\/wp\/v2\/types\/product"}],"wp:featuredmedia":[{"embeddable":true,"href":"https:\/\/www.onetimenexttime.sk\/arduino\/index.php\/wp-json\/wp\/v2\/media\/305"}],"wp:attachment":[{"href":"https:\/\/www.onetimenexttime.sk\/arduino\/index.php\/wp-json\/wp\/v2\/media?parent=303"}],"wp:term":[{"taxonomy":"product_cat","embeddable":true,"href":"https:\/\/www.onetimenexttime.sk\/arduino\/index.php\/wp-json\/wp\/v2\/product_cat?post=303"},{"taxonomy":"product_tag","embeddable":true,"href":"https:\/\/www.onetimenexttime.sk\/arduino\/index.php\/wp-json\/wp\/v2\/product_tag?post=303"}],"curies":[{"name":"wp","href":"https:\/\/api.w.org\/{rel}","templated":true}]}}