{"id":299,"date":"2021-10-20T08:31:20","date_gmt":"2021-10-20T06:31:20","guid":{"rendered":"https:\/\/www.onetimenexttime.sk\/arduino\/?post_type=product&#038;p=299"},"modified":"2024-02-22T22:47:02","modified_gmt":"2024-02-22T21:47:02","slug":"pll-lcd-digital-fm-radio-receiver-module-87-108mhz-wireless-microphone-stereo","status":"publish","type":"product","link":"https:\/\/www.onetimenexttime.sk\/arduino\/index.php\/produkt\/pll-lcd-digital-fm-radio-receiver-module-87-108mhz-wireless-microphone-stereo\/","title":{"rendered":"PLL LCD Digital FM Radio Receiver Module 87-108MHZ Wireless Microphone Stereo"},"content":{"rendered":"<p>&nbsp;<\/p>\n<h1>Inform\u00e1cie o PLL LCD Digital FM Radio Receiver Module 87-108MHZ Wireless Microphone Stereo<\/h1>\n<h2>Vlastnosti<\/h2>\n<p>&nbsp;<\/p>\n<table>\n<tbody>\n<tr>\n<th>Popis<\/th>\n<th>Vlastnosti<\/th>\n<\/tr>\n<tr>\n<td>Vstavan\u00fd FM tuner<\/td>\n<td>\u00c1no<\/td>\n<\/tr>\n<tr>\n<td>Podpora LCD displeja<\/td>\n<td>\u00c1no<\/td>\n<\/tr>\n<p><!-- \u010eal\u0161ie vlastnosti --><\/tbody>\n<\/table>\n<h2>\u0160pecifik\u00e1cie<\/h2>\n<p>&nbsp;<\/p>\n<table>\n<tbody>\n<tr>\n<th>Parameter<\/th>\n<th>Hodnota<\/th>\n<\/tr>\n<tr>\n<td>Frekven\u010dn\u00fd rozsah<\/td>\n<td>87-108 MHz<\/td>\n<\/tr>\n<tr>\n<td>Pripojenie<\/td>\n<td>Bezdr\u00f4tov\u00e9<\/td>\n<\/tr>\n<tr>\n<th>Vlastnosti<\/th>\n<td>&#8211; Digit\u00e1lny FM r\u00e1diov\u00fd prij\u00edma\u010d<br \/>\n&#8211; LCD displej<br \/>\n&#8211; Podpora frekvenci\u00ed od 87MHz do 108MHz<br \/>\n&#8211; Bezdr\u00f4tov\u00fd mikrof\u00f3n<br \/>\n&#8211; Stereof\u00f3nny zvuk<\/td>\n<\/tr>\n<p><!-- \u010eal\u0161ie \u0161pecifik\u00e1cie --><\/tbody>\n<\/table>\n<h2>Pr\u00edklady pou\u017eitia<\/h2>\n<p>Senzor je ide\u00e1lny pre nasledovn\u00e9 aplik\u00e1cie:<\/p>\n<ul>\n<li style=\"list-style-type: none;\">\n<ul>\n<li>Dom\u00e1ce stereo syst\u00e9my<\/li>\n<li>Auton\u00f3mne r\u00e1dio<\/li>\n<\/ul>\n<\/li>\n<\/ul>\n<p><!-- \u010eal\u0161ie pr\u00edklady pou\u017eitia --><\/p>\n<h3>Pr\u00edkladov\u00fd k\u00f3d pre Arduino<\/h3>\n<pre><code>\/\/ Vlo\u017ete tu pr\u00edkladov\u00fd k\u00f3d pre Arduino<\/code><\/pre>\n<h3>Pr\u00edkladov\u00fd k\u00f3d pre ESPHome<\/h3>\n<pre><code># Vlo\u017ete tu pr\u00edkladov\u00fd k\u00f3d pre ESPHome<\/code><\/pre>\n<p><button>Kop\u00edrova\u0165 k\u00f3d<\/button><\/p>\n<p><script>\nfunction copyToClipboard() {\n  var copyText = document.querySelector(\"code\");\n  var range = document.createRange();\n  range.selectNode(copyText);\n  window.getSelection().removeAllRanges();\n  window.getSelection().addRange(range);\n  document.execCommand(\"copy\");\n  window.getSelection().removeAllRanges();\n  alert(\"K\u00f3d bol skop\u00edrovan\u00fd do schr\u00e1nky.\");\n}\n<\/script><\/p>\n<h2>Ako sa to pou\u017e\u00edva<\/h2>\n<p>Pre pou\u017eitie tohto modulu postupujte nasledovne:<\/p>\n<ol>\n<li>Pripojte modul k nap\u00e1janiu.<\/li>\n<li>Nastavte frekvenciu pomocou ovl\u00e1da\u010da.<\/li>\n<li>Pripojte zvukov\u00e9 v\u00fdstupy k reproduktorom.<\/li>\n<li>Zapnite modul a naladite si svoje ob\u013e\u00faben\u00e9 FM r\u00e1diov\u00e9 stanice.<\/li>\n<\/ol>\n<p>&nbsp;<\/p>\n<style>\n  body {<br \/>    font-family: Arial, sans-serif;<br \/>    background-color: #f2f2f2;<br \/>    padding: 20px;<br \/>  }<br \/>  table {<br \/>    width: 100%;<br \/>    border-collapse: collapse;<br \/>    margin-bottom: 20px;<br \/>  }<br \/>  th, td {<br \/>    padding: 10px;<br \/>    text-align: left;<br \/>    border-bottom: 1px solid #ddd;<br \/>  }<br \/>  th {<br \/>    background-color: #666;<br \/>    color: white;<br \/>  }<br \/>  .copy-btn {<br \/>    background-color: #4CAF50;<br \/>    color: white;<br \/>    padding: 12px 20px;<br \/>    border: none;<br \/>    border-radius: 5px;<br \/>    cursor: pointer;<br \/>  }<br \/><\/style>\n<p>&nbsp;<\/p>\n<h1>Inform\u00e1cie o PLL LCD Digital FM Radio Receiver Module<\/h1>\n<table>\n<tbody>\n<tr>\n<th>Popis<\/th>\n<td>PLL LCD Digital FM Radio Receiver Module je bezdr\u00f4tov\u00fd mikrof\u00f3n so \u0161irokop\u00e1smov\u00fdm prij\u00edma\u010dom FM r\u00e1dia s displejom LCD.<\/td>\n<\/tr>\n<tr>\n<th>Vlastnosti<\/th>\n<td>\n<ul>\n<li>Frekven\u010dn\u00fd rozsah: 87-108MHz<\/li>\n<li>Podpora stereo zvuku<\/li>\n<li>Displej LCD<\/li>\n<li>Bezdr\u00f4tov\u00fd mikrof\u00f3n<\/li>\n<\/ul>\n<\/td>\n<\/tr>\n<tr>\n<th>\u0160pecifik\u00e1cie<\/th>\n<td>\n<ul>\n<li>Rozmery: 100mm x 50mm x 20mm<\/li>\n<li>Podpora nap\u00e1jania: 5V DC<\/li>\n<li>Ant\u00e9na: zabudovan\u00e1<\/li>\n<li>Vstupy: AUX, USB<\/li>\n<\/ul>\n<\/td>\n<\/tr>\n<tr>\n<th>Pr\u00edklady pou\u017eitia<\/th>\n<td>\n<ul>\n<li>Prij\u00edmanie r\u00e1diov\u00e9ho vysielania FM stan\u00edc<\/li>\n<li>Pou\u017eitie v bezdr\u00f4tov\u00fdch mikrof\u00f3noch<\/li>\n<li>Integr\u00e1cia do audio syst\u00e9mov<\/li>\n<\/ul>\n<\/td>\n<\/tr>\n<tr>\n<th>Pr\u00edkladov\u00fd k\u00f3d pre Arduino<\/th>\n<td>\n<pre><code>\/\/ Arduino k\u00f3d pre ovl\u00e1danie PLL LCD Digital FM Radio Receiver Module<\/code><\/pre>\n<\/td>\n<\/tr>\n<tr>\n<th>Pr\u00edkladov\u00fd k\u00f3d pre ESPHome<\/th>\n<td>\n<pre><code># ESPHome k\u00f3d pre integrovanie PLL LCD Digital FM Radio Receiver Module<\/code><\/pre>\n<\/td>\n<\/tr>\n<\/tbody>\n<\/table>\n<p><button class=\"copy-btn\">Kop\u00edrova\u0165 k\u00f3d<\/button><\/p>\n<p><script>\n  function copyCode() {\n    var code = document.querySelector('pre').innerText;\n    navigator.clipboard.writeText(code).then(function() {\n      alert(\"K\u00f3d bol skop\u00edrovan\u00fd do schr\u00e1nky.\");\n    }, function(err) {\n      console.error('Nepodarilo sa skop\u00edrova\u0165 k\u00f3d: ', err);\n    });\n  }\n<\/script><\/p>\n<p>&nbsp;<\/p>\n<p>PLL LCD digit\u00e1lny FM r\u00e1dioprij\u00edma\u010dov\u00fd modul 87-108MHZ stereof\u00f3nny bezdr\u00f4tov\u00fd mikrof\u00f3n<\/p>\n<p>&nbsp;<\/p>\n<p>V\u00fdhody produktu:<\/p>\n<p>1: pou\u017eitie pokro\u010dilej technol\u00f3gie spracovania digit\u00e1lneho zvukov\u00e9ho sign\u00e1lu (DSP) a f\u00e1zovo uzamknutej slu\u010dky (PLL) modul\u00e1cie FM na zaistenie realistickej\u0161ieho zvuku, stabilnej\u0161ieho v\u00fdkonu a dlh\u0161ej pracovnej doby bez frekven\u010dn\u00e9ho posunu.<br \/>\n2: LCD displej je intuit\u00edvnej\u0161\u00ed a presnej\u0161\u00ed, s ve\u013emi n\u00edzkou spotrebou energie a minim\u00e1lnym ru\u0161en\u00edm hluku.<br \/>\n3: s automatick\u00fdm vyh\u013ead\u00e1van\u00edm stan\u00edc a ukladan\u00edm r\u00e1diov\u00fdch funkci\u00ed, jednoduch\u00e1 obsluha a pou\u017e\u00edvanie.<br \/>\n4: Vstavan\u00e9 30 digit\u00e1lnych nastaven\u00ed hlasitosti, k\u013e\u00fa\u010dov\u00fa oper\u00e1ciu je mo\u017en\u00e9 \u013eahko dokon\u010di\u0165.<br \/>\n5: automatick\u00e9 vypnutie pam\u00e4te \u00fadajov pred v\u00fdpadkom nap\u00e1jania.<br \/>\n6: Podpora pr\u00edkazov s\u00e9riov\u00e9ho AT.<br \/>\n7: stabiliz\u00e1cia frekvencie kremenn\u00fdch kry\u0161t\u00e1lov, zmena teploty u\u017e nepren\u00e1\u0161a frekven\u010dn\u00fd posun.<br \/>\n8: Automatick\u00e9 vyh\u013ead\u00e1vanie v celom p\u00e1sme a ulo\u017eenie pam\u00e4te p\u00e1sma sign\u00e1lu.<\/p>\n<p>Parametre produktu:<\/p>\n<p>V\u00fdstupn\u00fd v\u00fdkon: 500 mW (n\u00e1hlavn\u00e9 sl\u00fachadl\u00e1)<br \/>\nFrekven\u010dn\u00fd rozsah: 50Hz-18KHz<br \/>\nKan\u00e1l: stereo<br \/>\nRozsah nastavenia frekvencie pr\u00edjmu:<br \/>\nZatvorte univerzitn\u00fd rozhlas 87,0 MHz-108,0 MHz, otvoren\u00fd rozhlasov\u00fd kampus 76,0 MHz-108,0 MHz<br \/>\nEkvivalentn\u00fd hluk: \u226530 dB<br \/>\nNap\u00e1jacie nap\u00e4tie: 3,0V-5,0V<br \/>\nPr\u00fad: 40mA<br \/>\nVe\u013ekos\u0165: Vi\u010f obr\u00e1zok<br \/>\n\u017diadne maloobchodn\u00e9 balenie<br \/>\nMno\u017estvo: 1ks<br \/>\nPozn\u00e1mka: Vzh\u013eadom na rozdiel medzi r\u00f4znymi monitormi nemus\u00ed obr\u00e1zok odr\u00e1\u017ea\u0165 skuto\u010dn\u00fa farbu polo\u017eky. \u010eakujem!!<\/p>\n<p>Balenie obsahuje:<\/p>\n<p>1ks x 87-108MHZ PLL LCD digit\u00e1lny FM r\u00e1dio modul bezdr\u00f4tov\u00fd mikrof\u00f3n<\/p>\n","protected":false},"excerpt":{"rendered":"<p>&nbsp; Inform\u00e1cie o PLL LCD Digital FM Radio Receiver Module 87-108MHZ Wireless Microphone Stereo Vlastnosti &nbsp; Popis Vlastnosti Vstavan\u00fd FM&hellip;<\/p>\n","protected":false},"featured_media":300,"template":"","meta":{"_monsterinsights_skip_tracking":false,"_monsterinsights_sitenote_active":false,"_monsterinsights_sitenote_note":"","_monsterinsights_sitenote_category":0},"product_cat":[16,23,25,26],"product_tag":[],"class_list":{"0":"post-299","1":"product","2":"type-product","3":"status-publish","4":"has-post-thumbnail","6":"product_cat-ard","7":"product_cat-audio-modul","8":"product_cat-display","9":"product_cat-radio","11":"first","12":"instock","13":"shipping-taxable","14":"purchasable","15":"product-type-simple"},"yoast_head":"<!-- This site is optimized with the Yoast SEO plugin v23.6 - https:\/\/yoast.com\/wordpress\/plugins\/seo\/ -->\n<title>PLL LCD Digital FM Radio Receiver Module 87-108MHZ Wireless Microphone Stereo - Arduino e-shop<\/title>\n<meta name=\"robots\" content=\"index, follow, max-snippet:-1, max-image-preview:large, max-video-preview:-1\" \/>\n<link rel=\"canonical\" href=\"https:\/\/www.onetimenexttime.sk\/arduino\/index.php\/produkt\/pll-lcd-digital-fm-radio-receiver-module-87-108mhz-wireless-microphone-stereo\/\" \/>\n<meta property=\"og:locale\" content=\"sk_SK\" \/>\n<meta property=\"og:type\" content=\"article\" \/>\n<meta property=\"og:title\" content=\"PLL LCD Digital FM Radio Receiver Module 87-108MHZ Wireless Microphone Stereo - Arduino e-shop\" \/>\n<meta property=\"og:description\" content=\"&nbsp; Inform\u00e1cie o PLL LCD Digital FM Radio Receiver Module 87-108MHZ Wireless Microphone Stereo Vlastnosti &nbsp; Popis Vlastnosti Vstavan\u00fd FM&hellip;\" \/>\n<meta property=\"og:url\" content=\"https:\/\/www.onetimenexttime.sk\/arduino\/index.php\/produkt\/pll-lcd-digital-fm-radio-receiver-module-87-108mhz-wireless-microphone-stereo\/\" \/>\n<meta property=\"og:site_name\" content=\"Arduino e-shop\" \/>\n<meta property=\"article:modified_time\" content=\"2024-02-22T21:47:02+00:00\" \/>\n<meta property=\"og:image\" content=\"https:\/\/www.onetimenexttime.sk\/arduino\/wp-content\/uploads\/2021\/10\/638.jpg\" \/>\n\t<meta property=\"og:image:width\" content=\"511\" \/>\n\t<meta property=\"og:image:height\" content=\"510\" \/>\n\t<meta property=\"og:image:type\" content=\"image\/jpeg\" \/>\n<meta name=\"twitter:card\" content=\"summary_large_image\" \/>\n<meta name=\"twitter:label1\" content=\"Predpokladan\u00fd \u010das \u010d\u00edtania\" \/>\n\t<meta name=\"twitter:data1\" content=\"3 min\u00faty\" \/>\n<script type=\"application\/ld+json\" class=\"yoast-schema-graph\">{\"@context\":\"https:\/\/schema.org\",\"@graph\":[{\"@type\":\"WebPage\",\"@id\":\"https:\/\/www.onetimenexttime.sk\/arduino\/index.php\/produkt\/pll-lcd-digital-fm-radio-receiver-module-87-108mhz-wireless-microphone-stereo\/\",\"url\":\"https:\/\/www.onetimenexttime.sk\/arduino\/index.php\/produkt\/pll-lcd-digital-fm-radio-receiver-module-87-108mhz-wireless-microphone-stereo\/\",\"name\":\"PLL LCD Digital FM Radio Receiver Module 87-108MHZ Wireless Microphone Stereo - Arduino e-shop\",\"isPartOf\":{\"@id\":\"https:\/\/www.onetimenexttime.sk\/arduino\/#website\"},\"primaryImageOfPage\":{\"@id\":\"https:\/\/www.onetimenexttime.sk\/arduino\/index.php\/produkt\/pll-lcd-digital-fm-radio-receiver-module-87-108mhz-wireless-microphone-stereo\/#primaryimage\"},\"image\":{\"@id\":\"https:\/\/www.onetimenexttime.sk\/arduino\/index.php\/produkt\/pll-lcd-digital-fm-radio-receiver-module-87-108mhz-wireless-microphone-stereo\/#primaryimage\"},\"thumbnailUrl\":\"https:\/\/www.onetimenexttime.sk\/arduino\/wp-content\/uploads\/2021\/10\/638.jpg\",\"datePublished\":\"2021-10-20T06:31:20+00:00\",\"dateModified\":\"2024-02-22T21:47:02+00:00\",\"breadcrumb\":{\"@id\":\"https:\/\/www.onetimenexttime.sk\/arduino\/index.php\/produkt\/pll-lcd-digital-fm-radio-receiver-module-87-108mhz-wireless-microphone-stereo\/#breadcrumb\"},\"inLanguage\":\"sk-SK\",\"potentialAction\":[{\"@type\":\"ReadAction\",\"target\":[\"https:\/\/www.onetimenexttime.sk\/arduino\/index.php\/produkt\/pll-lcd-digital-fm-radio-receiver-module-87-108mhz-wireless-microphone-stereo\/\"]}]},{\"@type\":\"ImageObject\",\"inLanguage\":\"sk-SK\",\"@id\":\"https:\/\/www.onetimenexttime.sk\/arduino\/index.php\/produkt\/pll-lcd-digital-fm-radio-receiver-module-87-108mhz-wireless-microphone-stereo\/#primaryimage\",\"url\":\"https:\/\/www.onetimenexttime.sk\/arduino\/wp-content\/uploads\/2021\/10\/638.jpg\",\"contentUrl\":\"https:\/\/www.onetimenexttime.sk\/arduino\/wp-content\/uploads\/2021\/10\/638.jpg\",\"width\":511,\"height\":510},{\"@type\":\"BreadcrumbList\",\"@id\":\"https:\/\/www.onetimenexttime.sk\/arduino\/index.php\/produkt\/pll-lcd-digital-fm-radio-receiver-module-87-108mhz-wireless-microphone-stereo\/#breadcrumb\",\"itemListElement\":[{\"@type\":\"ListItem\",\"position\":1,\"name\":\"Domov\",\"item\":\"https:\/\/www.onetimenexttime.sk\/arduino\/\"},{\"@type\":\"ListItem\",\"position\":2,\"name\":\"Obchod\",\"item\":\"https:\/\/www.onetimenexttime.sk\/arduino\/\"},{\"@type\":\"ListItem\",\"position\":3,\"name\":\"PLL LCD Digital FM Radio Receiver Module 87-108MHZ Wireless Microphone Stereo\"}]},{\"@type\":\"WebSite\",\"@id\":\"https:\/\/www.onetimenexttime.sk\/arduino\/#website\",\"url\":\"https:\/\/www.onetimenexttime.sk\/arduino\/\",\"name\":\"Arduino e-shop\",\"description\":\"Home Assistant\",\"potentialAction\":[{\"@type\":\"SearchAction\",\"target\":{\"@type\":\"EntryPoint\",\"urlTemplate\":\"https:\/\/www.onetimenexttime.sk\/arduino\/?s={search_term_string}\"},\"query-input\":{\"@type\":\"PropertyValueSpecification\",\"valueRequired\":true,\"valueName\":\"search_term_string\"}}],\"inLanguage\":\"sk-SK\"}]}<\/script>\n<!-- \/ Yoast SEO plugin. -->","yoast_head_json":{"title":"PLL LCD Digital FM Radio Receiver Module 87-108MHZ Wireless Microphone Stereo - Arduino e-shop","robots":{"index":"index","follow":"follow","max-snippet":"max-snippet:-1","max-image-preview":"max-image-preview:large","max-video-preview":"max-video-preview:-1"},"canonical":"https:\/\/www.onetimenexttime.sk\/arduino\/index.php\/produkt\/pll-lcd-digital-fm-radio-receiver-module-87-108mhz-wireless-microphone-stereo\/","og_locale":"sk_SK","og_type":"article","og_title":"PLL LCD Digital FM Radio Receiver Module 87-108MHZ Wireless Microphone Stereo - Arduino e-shop","og_description":"&nbsp; Inform\u00e1cie o PLL LCD Digital FM Radio Receiver Module 87-108MHZ Wireless Microphone Stereo Vlastnosti &nbsp; Popis Vlastnosti Vstavan\u00fd FM&hellip;","og_url":"https:\/\/www.onetimenexttime.sk\/arduino\/index.php\/produkt\/pll-lcd-digital-fm-radio-receiver-module-87-108mhz-wireless-microphone-stereo\/","og_site_name":"Arduino e-shop","article_modified_time":"2024-02-22T21:47:02+00:00","og_image":[{"width":511,"height":510,"url":"https:\/\/www.onetimenexttime.sk\/arduino\/wp-content\/uploads\/2021\/10\/638.jpg","type":"image\/jpeg"}],"twitter_card":"summary_large_image","twitter_misc":{"Predpokladan\u00fd \u010das \u010d\u00edtania":"3 min\u00faty"},"schema":{"@context":"https:\/\/schema.org","@graph":[{"@type":"WebPage","@id":"https:\/\/www.onetimenexttime.sk\/arduino\/index.php\/produkt\/pll-lcd-digital-fm-radio-receiver-module-87-108mhz-wireless-microphone-stereo\/","url":"https:\/\/www.onetimenexttime.sk\/arduino\/index.php\/produkt\/pll-lcd-digital-fm-radio-receiver-module-87-108mhz-wireless-microphone-stereo\/","name":"PLL LCD Digital FM Radio Receiver Module 87-108MHZ Wireless Microphone Stereo - Arduino e-shop","isPartOf":{"@id":"https:\/\/www.onetimenexttime.sk\/arduino\/#website"},"primaryImageOfPage":{"@id":"https:\/\/www.onetimenexttime.sk\/arduino\/index.php\/produkt\/pll-lcd-digital-fm-radio-receiver-module-87-108mhz-wireless-microphone-stereo\/#primaryimage"},"image":{"@id":"https:\/\/www.onetimenexttime.sk\/arduino\/index.php\/produkt\/pll-lcd-digital-fm-radio-receiver-module-87-108mhz-wireless-microphone-stereo\/#primaryimage"},"thumbnailUrl":"https:\/\/www.onetimenexttime.sk\/arduino\/wp-content\/uploads\/2021\/10\/638.jpg","datePublished":"2021-10-20T06:31:20+00:00","dateModified":"2024-02-22T21:47:02+00:00","breadcrumb":{"@id":"https:\/\/www.onetimenexttime.sk\/arduino\/index.php\/produkt\/pll-lcd-digital-fm-radio-receiver-module-87-108mhz-wireless-microphone-stereo\/#breadcrumb"},"inLanguage":"sk-SK","potentialAction":[{"@type":"ReadAction","target":["https:\/\/www.onetimenexttime.sk\/arduino\/index.php\/produkt\/pll-lcd-digital-fm-radio-receiver-module-87-108mhz-wireless-microphone-stereo\/"]}]},{"@type":"ImageObject","inLanguage":"sk-SK","@id":"https:\/\/www.onetimenexttime.sk\/arduino\/index.php\/produkt\/pll-lcd-digital-fm-radio-receiver-module-87-108mhz-wireless-microphone-stereo\/#primaryimage","url":"https:\/\/www.onetimenexttime.sk\/arduino\/wp-content\/uploads\/2021\/10\/638.jpg","contentUrl":"https:\/\/www.onetimenexttime.sk\/arduino\/wp-content\/uploads\/2021\/10\/638.jpg","width":511,"height":510},{"@type":"BreadcrumbList","@id":"https:\/\/www.onetimenexttime.sk\/arduino\/index.php\/produkt\/pll-lcd-digital-fm-radio-receiver-module-87-108mhz-wireless-microphone-stereo\/#breadcrumb","itemListElement":[{"@type":"ListItem","position":1,"name":"Domov","item":"https:\/\/www.onetimenexttime.sk\/arduino\/"},{"@type":"ListItem","position":2,"name":"Obchod","item":"https:\/\/www.onetimenexttime.sk\/arduino\/"},{"@type":"ListItem","position":3,"name":"PLL LCD Digital FM Radio Receiver Module 87-108MHZ Wireless Microphone Stereo"}]},{"@type":"WebSite","@id":"https:\/\/www.onetimenexttime.sk\/arduino\/#website","url":"https:\/\/www.onetimenexttime.sk\/arduino\/","name":"Arduino e-shop","description":"Home Assistant","potentialAction":[{"@type":"SearchAction","target":{"@type":"EntryPoint","urlTemplate":"https:\/\/www.onetimenexttime.sk\/arduino\/?s={search_term_string}"},"query-input":{"@type":"PropertyValueSpecification","valueRequired":true,"valueName":"search_term_string"}}],"inLanguage":"sk-SK"}]}},"_links":{"self":[{"href":"https:\/\/www.onetimenexttime.sk\/arduino\/index.php\/wp-json\/wp\/v2\/product\/299"}],"collection":[{"href":"https:\/\/www.onetimenexttime.sk\/arduino\/index.php\/wp-json\/wp\/v2\/product"}],"about":[{"href":"https:\/\/www.onetimenexttime.sk\/arduino\/index.php\/wp-json\/wp\/v2\/types\/product"}],"wp:featuredmedia":[{"embeddable":true,"href":"https:\/\/www.onetimenexttime.sk\/arduino\/index.php\/wp-json\/wp\/v2\/media\/300"}],"wp:attachment":[{"href":"https:\/\/www.onetimenexttime.sk\/arduino\/index.php\/wp-json\/wp\/v2\/media?parent=299"}],"wp:term":[{"taxonomy":"product_cat","embeddable":true,"href":"https:\/\/www.onetimenexttime.sk\/arduino\/index.php\/wp-json\/wp\/v2\/product_cat?post=299"},{"taxonomy":"product_tag","embeddable":true,"href":"https:\/\/www.onetimenexttime.sk\/arduino\/index.php\/wp-json\/wp\/v2\/product_tag?post=299"}],"curies":[{"name":"wp","href":"https:\/\/api.w.org\/{rel}","templated":true}]}}