{"id":297,"date":"2021-10-20T08:28:24","date_gmt":"2021-10-20T06:28:24","guid":{"rendered":"https:\/\/www.onetimenexttime.sk\/arduino\/?post_type=product&#038;p=297"},"modified":"2021-10-20T08:51:42","modified_gmt":"2021-10-20T06:51:42","slug":"remote-sd-mp3-player-ztv-m011-remote-controller-module-fm-usb-2-0-3-5mm","status":"publish","type":"product","link":"https:\/\/www.onetimenexttime.sk\/arduino\/index.php\/produkt\/remote-sd-mp3-player-ztv-m011-remote-controller-module-fm-usb-2-0-3-5mm\/","title":{"rendered":"Remote SD MP3 Player ZTV-M011 Remote Controller Module FM USB 2.0 3.5mm"},"content":{"rendered":"<p>Dia\u013ekov\u00fd SD prehr\u00e1va\u010d MP3 ZTV-M011 Modul dia\u013ekov\u00e9ho ovl\u00e1da\u010da FM USB 2.0 3,5 mm<\/p>\n<p>&nbsp;<\/p>\n<p>\u0160pecifik\u00e1cia:<\/p>\n<p>Model: CT08E<\/p>\n<p>Mno\u017estvo: 1<\/p>\n<p>Farba: \u010dierna<\/p>\n<p>Materi\u00e1l: plast + DPS<\/p>\n<p>1,5 &#8220;LCD<\/p>\n<p>pracovn\u00e9 nap\u00e4tie: DC 8 ~ 14,5V,<\/p>\n<p>pracovn\u00fd pr\u00fad: 1500mA,<\/p>\n<p>V\u00fdstupn\u00e9 nap\u00e4tie USB: DC 5V + \/ &#8211; 5%,<\/p>\n<p>V\u00fdstupn\u00fd pr\u00fad USB: 1000mA,<\/p>\n<p>form\u00e1t dek\u00f3dovania: MP3,<\/p>\n<p>podporn\u00e9 \u00falo\u017eisko: USB disk, karta TF, podpora karty TF a\u017e 16 GB,<\/p>\n<p>impedancia: 32 ohmov,<\/p>\n<p>Vstupn\u00e1 \u00farove\u0148 AUX: 650 mV,<\/p>\n<p>Frekven\u010dn\u00fd rozsah FM: 87,5 ~ 108 MHz,<\/p>\n<p>v\u00fdstupn\u00fd v\u00fdkon: 2 x 3W \/ 4ohm klaks\u00f3n,<\/p>\n<p>konektor: 1 x USB 2.0, 1 x slot pre kartu TF, 1 x 3,5 mm v\u00fdstupn\u00fd konektor<\/p>\n<p>&nbsp;<\/p>\n<p>Vlastnosti:<\/p>\n<p>Priame prehr\u00e1vanie hudby z jednotky USB flash alebo karty TF, infra\u010derven\u00e9 dia\u013ekov\u00e9 ovl\u00e1danie, extern\u00fd zvukov\u00fd vstup, nab\u00edjanie USB.<\/p>\n<p>Aplik\u00e1cia: Skvel\u00e9 pre DIY projekt hudobn\u00e9ho zvukov\u00e9ho zariadenia<\/p>\n<p>Anglick\u00fd manu\u00e1l\/\u0160pecifik\u00e1cia \u010d<\/p>\n<p>&nbsp;<\/p>\n<p>Baliaci zoznam:<\/p>\n<p>1 x modul prehr\u00e1va\u010da MP3<\/p>\n<p>1 x dia\u013ekov\u00fd ovl\u00e1da\u010d (vstavan\u00fd 1 x CR1220)<\/p>\n","protected":false},"excerpt":{"rendered":"<p>Dia\u013ekov\u00fd SD prehr\u00e1va\u010d MP3 ZTV-M011 Modul dia\u013ekov\u00e9ho ovl\u00e1da\u010da FM USB 2.0 3,5 mm &nbsp; \u0160pecifik\u00e1cia: Model: CT08E Mno\u017estvo: 1 Farba:&hellip;<\/p>\n","protected":false},"featured_media":298,"template":"","meta":{"_monsterinsights_skip_tracking":false,"_monsterinsights_sitenote_active":false,"_monsterinsights_sitenote_note":"","_monsterinsights_sitenote_category":0},"product_cat":[16,23,26],"product_tag":[],"class_list":{"0":"post-297","1":"product","2":"type-product","3":"status-publish","4":"has-post-thumbnail","6":"product_cat-ard","7":"product_cat-audio-modul","8":"product_cat-radio","10":"first","11":"instock","12":"shipping-taxable","13":"purchasable","14":"product-type-simple"},"yoast_head":"<!-- This site is optimized with the Yoast SEO plugin v23.6 - https:\/\/yoast.com\/wordpress\/plugins\/seo\/ -->\n<title>Remote SD MP3 Player ZTV-M011 Remote Controller Module FM USB 2.0 3.5mm - Arduino e-shop<\/title>\n<meta name=\"robots\" content=\"index, follow, max-snippet:-1, max-image-preview:large, max-video-preview:-1\" \/>\n<link rel=\"canonical\" href=\"https:\/\/www.onetimenexttime.sk\/arduino\/index.php\/produkt\/remote-sd-mp3-player-ztv-m011-remote-controller-module-fm-usb-2-0-3-5mm\/\" \/>\n<meta property=\"og:locale\" content=\"sk_SK\" \/>\n<meta property=\"og:type\" content=\"article\" \/>\n<meta property=\"og:title\" content=\"Remote SD MP3 Player ZTV-M011 Remote Controller Module FM USB 2.0 3.5mm - Arduino e-shop\" \/>\n<meta property=\"og:description\" content=\"Dia\u013ekov\u00fd SD prehr\u00e1va\u010d MP3 ZTV-M011 Modul dia\u013ekov\u00e9ho ovl\u00e1da\u010da FM USB 2.0 3,5 mm &nbsp; \u0160pecifik\u00e1cia: Model: CT08E Mno\u017estvo: 1 Farba:&hellip;\" \/>\n<meta property=\"og:url\" content=\"https:\/\/www.onetimenexttime.sk\/arduino\/index.php\/produkt\/remote-sd-mp3-player-ztv-m011-remote-controller-module-fm-usb-2-0-3-5mm\/\" \/>\n<meta property=\"og:site_name\" content=\"Arduino e-shop\" \/>\n<meta property=\"article:modified_time\" content=\"2021-10-20T06:51:42+00:00\" \/>\n<meta property=\"og:image\" content=\"https:\/\/www.onetimenexttime.sk\/arduino\/wp-content\/uploads\/2021\/10\/645.jpg\" \/>\n\t<meta property=\"og:image:width\" content=\"511\" \/>\n\t<meta property=\"og:image:height\" content=\"510\" \/>\n\t<meta property=\"og:image:type\" content=\"image\/jpeg\" \/>\n<meta name=\"twitter:card\" content=\"summary_large_image\" \/>\n<meta name=\"twitter:label1\" content=\"Predpokladan\u00fd \u010das \u010d\u00edtania\" \/>\n\t<meta name=\"twitter:data1\" content=\"1 min\u00fata\" \/>\n<script type=\"application\/ld+json\" class=\"yoast-schema-graph\">{\"@context\":\"https:\/\/schema.org\",\"@graph\":[{\"@type\":\"WebPage\",\"@id\":\"https:\/\/www.onetimenexttime.sk\/arduino\/index.php\/produkt\/remote-sd-mp3-player-ztv-m011-remote-controller-module-fm-usb-2-0-3-5mm\/\",\"url\":\"https:\/\/www.onetimenexttime.sk\/arduino\/index.php\/produkt\/remote-sd-mp3-player-ztv-m011-remote-controller-module-fm-usb-2-0-3-5mm\/\",\"name\":\"Remote SD MP3 Player ZTV-M011 Remote Controller Module FM USB 2.0 3.5mm - Arduino e-shop\",\"isPartOf\":{\"@id\":\"https:\/\/www.onetimenexttime.sk\/arduino\/#website\"},\"primaryImageOfPage\":{\"@id\":\"https:\/\/www.onetimenexttime.sk\/arduino\/index.php\/produkt\/remote-sd-mp3-player-ztv-m011-remote-controller-module-fm-usb-2-0-3-5mm\/#primaryimage\"},\"image\":{\"@id\":\"https:\/\/www.onetimenexttime.sk\/arduino\/index.php\/produkt\/remote-sd-mp3-player-ztv-m011-remote-controller-module-fm-usb-2-0-3-5mm\/#primaryimage\"},\"thumbnailUrl\":\"https:\/\/www.onetimenexttime.sk\/arduino\/wp-content\/uploads\/2021\/10\/645.jpg\",\"datePublished\":\"2021-10-20T06:28:24+00:00\",\"dateModified\":\"2021-10-20T06:51:42+00:00\",\"breadcrumb\":{\"@id\":\"https:\/\/www.onetimenexttime.sk\/arduino\/index.php\/produkt\/remote-sd-mp3-player-ztv-m011-remote-controller-module-fm-usb-2-0-3-5mm\/#breadcrumb\"},\"inLanguage\":\"sk-SK\",\"potentialAction\":[{\"@type\":\"ReadAction\",\"target\":[\"https:\/\/www.onetimenexttime.sk\/arduino\/index.php\/produkt\/remote-sd-mp3-player-ztv-m011-remote-controller-module-fm-usb-2-0-3-5mm\/\"]}]},{\"@type\":\"ImageObject\",\"inLanguage\":\"sk-SK\",\"@id\":\"https:\/\/www.onetimenexttime.sk\/arduino\/index.php\/produkt\/remote-sd-mp3-player-ztv-m011-remote-controller-module-fm-usb-2-0-3-5mm\/#primaryimage\",\"url\":\"https:\/\/www.onetimenexttime.sk\/arduino\/wp-content\/uploads\/2021\/10\/645.jpg\",\"contentUrl\":\"https:\/\/www.onetimenexttime.sk\/arduino\/wp-content\/uploads\/2021\/10\/645.jpg\",\"width\":511,\"height\":510},{\"@type\":\"BreadcrumbList\",\"@id\":\"https:\/\/www.onetimenexttime.sk\/arduino\/index.php\/produkt\/remote-sd-mp3-player-ztv-m011-remote-controller-module-fm-usb-2-0-3-5mm\/#breadcrumb\",\"itemListElement\":[{\"@type\":\"ListItem\",\"position\":1,\"name\":\"Domov\",\"item\":\"https:\/\/www.onetimenexttime.sk\/arduino\/\"},{\"@type\":\"ListItem\",\"position\":2,\"name\":\"Obchod\",\"item\":\"https:\/\/www.onetimenexttime.sk\/arduino\/\"},{\"@type\":\"ListItem\",\"position\":3,\"name\":\"Remote SD MP3 Player ZTV-M011 Remote Controller Module FM USB 2.0 3.5mm\"}]},{\"@type\":\"WebSite\",\"@id\":\"https:\/\/www.onetimenexttime.sk\/arduino\/#website\",\"url\":\"https:\/\/www.onetimenexttime.sk\/arduino\/\",\"name\":\"Arduino e-shop\",\"description\":\"Home Assistant\",\"potentialAction\":[{\"@type\":\"SearchAction\",\"target\":{\"@type\":\"EntryPoint\",\"urlTemplate\":\"https:\/\/www.onetimenexttime.sk\/arduino\/?s={search_term_string}\"},\"query-input\":{\"@type\":\"PropertyValueSpecification\",\"valueRequired\":true,\"valueName\":\"search_term_string\"}}],\"inLanguage\":\"sk-SK\"}]}<\/script>\n<!-- \/ Yoast SEO plugin. -->","yoast_head_json":{"title":"Remote SD MP3 Player ZTV-M011 Remote Controller Module FM USB 2.0 3.5mm - Arduino e-shop","robots":{"index":"index","follow":"follow","max-snippet":"max-snippet:-1","max-image-preview":"max-image-preview:large","max-video-preview":"max-video-preview:-1"},"canonical":"https:\/\/www.onetimenexttime.sk\/arduino\/index.php\/produkt\/remote-sd-mp3-player-ztv-m011-remote-controller-module-fm-usb-2-0-3-5mm\/","og_locale":"sk_SK","og_type":"article","og_title":"Remote SD MP3 Player ZTV-M011 Remote Controller Module FM USB 2.0 3.5mm - Arduino e-shop","og_description":"Dia\u013ekov\u00fd SD prehr\u00e1va\u010d MP3 ZTV-M011 Modul dia\u013ekov\u00e9ho ovl\u00e1da\u010da FM USB 2.0 3,5 mm &nbsp; \u0160pecifik\u00e1cia: Model: CT08E Mno\u017estvo: 1 Farba:&hellip;","og_url":"https:\/\/www.onetimenexttime.sk\/arduino\/index.php\/produkt\/remote-sd-mp3-player-ztv-m011-remote-controller-module-fm-usb-2-0-3-5mm\/","og_site_name":"Arduino e-shop","article_modified_time":"2021-10-20T06:51:42+00:00","og_image":[{"width":511,"height":510,"url":"https:\/\/www.onetimenexttime.sk\/arduino\/wp-content\/uploads\/2021\/10\/645.jpg","type":"image\/jpeg"}],"twitter_card":"summary_large_image","twitter_misc":{"Predpokladan\u00fd \u010das \u010d\u00edtania":"1 min\u00fata"},"schema":{"@context":"https:\/\/schema.org","@graph":[{"@type":"WebPage","@id":"https:\/\/www.onetimenexttime.sk\/arduino\/index.php\/produkt\/remote-sd-mp3-player-ztv-m011-remote-controller-module-fm-usb-2-0-3-5mm\/","url":"https:\/\/www.onetimenexttime.sk\/arduino\/index.php\/produkt\/remote-sd-mp3-player-ztv-m011-remote-controller-module-fm-usb-2-0-3-5mm\/","name":"Remote SD MP3 Player ZTV-M011 Remote Controller Module FM USB 2.0 3.5mm - Arduino e-shop","isPartOf":{"@id":"https:\/\/www.onetimenexttime.sk\/arduino\/#website"},"primaryImageOfPage":{"@id":"https:\/\/www.onetimenexttime.sk\/arduino\/index.php\/produkt\/remote-sd-mp3-player-ztv-m011-remote-controller-module-fm-usb-2-0-3-5mm\/#primaryimage"},"image":{"@id":"https:\/\/www.onetimenexttime.sk\/arduino\/index.php\/produkt\/remote-sd-mp3-player-ztv-m011-remote-controller-module-fm-usb-2-0-3-5mm\/#primaryimage"},"thumbnailUrl":"https:\/\/www.onetimenexttime.sk\/arduino\/wp-content\/uploads\/2021\/10\/645.jpg","datePublished":"2021-10-20T06:28:24+00:00","dateModified":"2021-10-20T06:51:42+00:00","breadcrumb":{"@id":"https:\/\/www.onetimenexttime.sk\/arduino\/index.php\/produkt\/remote-sd-mp3-player-ztv-m011-remote-controller-module-fm-usb-2-0-3-5mm\/#breadcrumb"},"inLanguage":"sk-SK","potentialAction":[{"@type":"ReadAction","target":["https:\/\/www.onetimenexttime.sk\/arduino\/index.php\/produkt\/remote-sd-mp3-player-ztv-m011-remote-controller-module-fm-usb-2-0-3-5mm\/"]}]},{"@type":"ImageObject","inLanguage":"sk-SK","@id":"https:\/\/www.onetimenexttime.sk\/arduino\/index.php\/produkt\/remote-sd-mp3-player-ztv-m011-remote-controller-module-fm-usb-2-0-3-5mm\/#primaryimage","url":"https:\/\/www.onetimenexttime.sk\/arduino\/wp-content\/uploads\/2021\/10\/645.jpg","contentUrl":"https:\/\/www.onetimenexttime.sk\/arduino\/wp-content\/uploads\/2021\/10\/645.jpg","width":511,"height":510},{"@type":"BreadcrumbList","@id":"https:\/\/www.onetimenexttime.sk\/arduino\/index.php\/produkt\/remote-sd-mp3-player-ztv-m011-remote-controller-module-fm-usb-2-0-3-5mm\/#breadcrumb","itemListElement":[{"@type":"ListItem","position":1,"name":"Domov","item":"https:\/\/www.onetimenexttime.sk\/arduino\/"},{"@type":"ListItem","position":2,"name":"Obchod","item":"https:\/\/www.onetimenexttime.sk\/arduino\/"},{"@type":"ListItem","position":3,"name":"Remote SD MP3 Player ZTV-M011 Remote Controller Module FM USB 2.0 3.5mm"}]},{"@type":"WebSite","@id":"https:\/\/www.onetimenexttime.sk\/arduino\/#website","url":"https:\/\/www.onetimenexttime.sk\/arduino\/","name":"Arduino e-shop","description":"Home Assistant","potentialAction":[{"@type":"SearchAction","target":{"@type":"EntryPoint","urlTemplate":"https:\/\/www.onetimenexttime.sk\/arduino\/?s={search_term_string}"},"query-input":{"@type":"PropertyValueSpecification","valueRequired":true,"valueName":"search_term_string"}}],"inLanguage":"sk-SK"}]}},"_links":{"self":[{"href":"https:\/\/www.onetimenexttime.sk\/arduino\/index.php\/wp-json\/wp\/v2\/product\/297"}],"collection":[{"href":"https:\/\/www.onetimenexttime.sk\/arduino\/index.php\/wp-json\/wp\/v2\/product"}],"about":[{"href":"https:\/\/www.onetimenexttime.sk\/arduino\/index.php\/wp-json\/wp\/v2\/types\/product"}],"wp:featuredmedia":[{"embeddable":true,"href":"https:\/\/www.onetimenexttime.sk\/arduino\/index.php\/wp-json\/wp\/v2\/media\/298"}],"wp:attachment":[{"href":"https:\/\/www.onetimenexttime.sk\/arduino\/index.php\/wp-json\/wp\/v2\/media?parent=297"}],"wp:term":[{"taxonomy":"product_cat","embeddable":true,"href":"https:\/\/www.onetimenexttime.sk\/arduino\/index.php\/wp-json\/wp\/v2\/product_cat?post=297"},{"taxonomy":"product_tag","embeddable":true,"href":"https:\/\/www.onetimenexttime.sk\/arduino\/index.php\/wp-json\/wp\/v2\/product_tag?post=297"}],"curies":[{"name":"wp","href":"https:\/\/api.w.org\/{rel}","templated":true}]}}