{"id":295,"date":"2021-10-20T08:23:24","date_gmt":"2021-10-20T06:23:24","guid":{"rendered":"https:\/\/www.onetimenexttime.sk\/arduino\/?post_type=product&#038;p=295"},"modified":"2021-10-20T08:27:33","modified_gmt":"2021-10-20T06:27:33","slug":"tda7297-version-b-215w-digital-for-audio-amplifier-board-dual-channel-ac-dc-12v","status":"publish","type":"product","link":"https:\/\/www.onetimenexttime.sk\/arduino\/index.php\/produkt\/tda7297-version-b-215w-digital-for-audio-amplifier-board-dual-channel-ac-dc-12v\/","title":{"rendered":"TDA7297 Version B 2*15W Digital For Audio Amplifier Board Dual-Channel AC\/DC 12V"},"content":{"rendered":"<p>TDA7297 Verzia B 2*15W digit\u00e1lny pre dosku zosil\u0148ova\u010da dvojkan\u00e1lov\u00e9 AC\/DC 12V<\/p>\n<p>Jedn\u00e1 sa o dosku zosil\u0148ova\u010da B TDA7297 s jedn\u00fdm zdrojom nap\u00e1jania, dosku B B, AC \/ pre DC, 2,0 \/ dvojkan\u00e1lov\u00e9 \/ stereo, 12 V \/ 2 A pri pou\u017eit\u00ed, v\u00fdstupn\u00fd v\u00fdkon 15 W +15 W, pre \u0161pi\u010dku 25 W +25 W, m\u00f4\u017ee by\u0165 pr\u00edstup pomocou dvoch reproduktorov 4-8\u03a910-50W, ve\u013ek\u00e9ho objemu mal\u00fdch rozmerov, vysok\u00e9ho pomeru sign\u00e1lu k \u0161umu.<\/p>\n<p>Technick\u00e9 \u00fadaje:<\/p>\n<p>Rozmer: 50 x 50 x 42 mm (d\u013a\u017eka x \u0161\u00edrka x v\u00fd\u0161ka, bez dr\u017eadla potenciometra), ultra mal\u00e9 rozmery vhodn\u00e9 do ak\u00e9hoko\u013evek priestoru.<\/p>\n<p>Nap\u00e4tie: DC 9-15V, odpor\u00fa\u010dan\u00e9 jednosmern\u00e9 nap\u00e4tie 12V, pr\u00fad 2A vy\u0161\u0161ie<\/p>\n<p>V\u00fdkon: 15W +15W<\/p>\n<p>V\u00fdstupn\u00e1 impedancia: 4-8\u03a9<\/p>\n<p>Vylep\u0161en\u00e1 verzia chladi\u010da, \u0161ir\u0161ia a hrub\u0161ia, lep\u0161\u00ed chladiaci \u00fa\u010dinok<\/p>\n","protected":false},"excerpt":{"rendered":"<p>TDA7297 Verzia B 2*15W digit\u00e1lny pre dosku zosil\u0148ova\u010da dvojkan\u00e1lov\u00e9 AC\/DC 12V Jedn\u00e1 sa o dosku zosil\u0148ova\u010da B TDA7297 s jedn\u00fdm&hellip;<\/p>\n","protected":false},"featured_media":296,"template":"","meta":{"_monsterinsights_skip_tracking":false,"_monsterinsights_sitenote_active":false,"_monsterinsights_sitenote_note":"","_monsterinsights_sitenote_category":0},"product_cat":[16,23],"product_tag":[],"class_list":{"0":"post-295","1":"product","2":"type-product","3":"status-publish","4":"has-post-thumbnail","6":"product_cat-ard","7":"product_cat-audio-modul","9":"first","10":"instock","11":"shipping-taxable","12":"purchasable","13":"product-type-simple"},"yoast_head":"<!-- This site is optimized with the Yoast SEO plugin v23.6 - https:\/\/yoast.com\/wordpress\/plugins\/seo\/ -->\n<title>TDA7297 Version B 2*15W Digital For Audio Amplifier Board Dual-Channel AC\/DC 12V - Arduino e-shop<\/title>\n<meta name=\"robots\" content=\"index, follow, max-snippet:-1, max-image-preview:large, max-video-preview:-1\" \/>\n<link rel=\"canonical\" href=\"https:\/\/www.onetimenexttime.sk\/arduino\/index.php\/produkt\/tda7297-version-b-215w-digital-for-audio-amplifier-board-dual-channel-ac-dc-12v\/\" \/>\n<meta property=\"og:locale\" content=\"sk_SK\" \/>\n<meta property=\"og:type\" content=\"article\" \/>\n<meta property=\"og:title\" content=\"TDA7297 Version B 2*15W Digital For Audio Amplifier Board Dual-Channel AC\/DC 12V - Arduino e-shop\" \/>\n<meta property=\"og:description\" content=\"TDA7297 Verzia B 2*15W digit\u00e1lny pre dosku zosil\u0148ova\u010da dvojkan\u00e1lov\u00e9 AC\/DC 12V Jedn\u00e1 sa o dosku zosil\u0148ova\u010da B TDA7297 s jedn\u00fdm&hellip;\" \/>\n<meta property=\"og:url\" content=\"https:\/\/www.onetimenexttime.sk\/arduino\/index.php\/produkt\/tda7297-version-b-215w-digital-for-audio-amplifier-board-dual-channel-ac-dc-12v\/\" \/>\n<meta property=\"og:site_name\" content=\"Arduino e-shop\" \/>\n<meta property=\"article:modified_time\" content=\"2021-10-20T06:27:33+00:00\" \/>\n<meta property=\"og:image\" content=\"https:\/\/www.onetimenexttime.sk\/arduino\/wp-content\/uploads\/2021\/10\/601.jpg\" \/>\n\t<meta property=\"og:image:width\" content=\"511\" \/>\n\t<meta property=\"og:image:height\" content=\"510\" \/>\n\t<meta property=\"og:image:type\" content=\"image\/jpeg\" \/>\n<meta name=\"twitter:card\" content=\"summary_large_image\" \/>\n<meta name=\"twitter:label1\" content=\"Predpokladan\u00fd \u010das \u010d\u00edtania\" \/>\n\t<meta name=\"twitter:data1\" content=\"1 min\u00fata\" \/>\n<script type=\"application\/ld+json\" class=\"yoast-schema-graph\">{\"@context\":\"https:\/\/schema.org\",\"@graph\":[{\"@type\":\"WebPage\",\"@id\":\"https:\/\/www.onetimenexttime.sk\/arduino\/index.php\/produkt\/tda7297-version-b-215w-digital-for-audio-amplifier-board-dual-channel-ac-dc-12v\/\",\"url\":\"https:\/\/www.onetimenexttime.sk\/arduino\/index.php\/produkt\/tda7297-version-b-215w-digital-for-audio-amplifier-board-dual-channel-ac-dc-12v\/\",\"name\":\"TDA7297 Version B 2*15W Digital For Audio Amplifier Board Dual-Channel AC\/DC 12V - Arduino e-shop\",\"isPartOf\":{\"@id\":\"https:\/\/www.onetimenexttime.sk\/arduino\/#website\"},\"primaryImageOfPage\":{\"@id\":\"https:\/\/www.onetimenexttime.sk\/arduino\/index.php\/produkt\/tda7297-version-b-215w-digital-for-audio-amplifier-board-dual-channel-ac-dc-12v\/#primaryimage\"},\"image\":{\"@id\":\"https:\/\/www.onetimenexttime.sk\/arduino\/index.php\/produkt\/tda7297-version-b-215w-digital-for-audio-amplifier-board-dual-channel-ac-dc-12v\/#primaryimage\"},\"thumbnailUrl\":\"https:\/\/www.onetimenexttime.sk\/arduino\/wp-content\/uploads\/2021\/10\/601.jpg\",\"datePublished\":\"2021-10-20T06:23:24+00:00\",\"dateModified\":\"2021-10-20T06:27:33+00:00\",\"breadcrumb\":{\"@id\":\"https:\/\/www.onetimenexttime.sk\/arduino\/index.php\/produkt\/tda7297-version-b-215w-digital-for-audio-amplifier-board-dual-channel-ac-dc-12v\/#breadcrumb\"},\"inLanguage\":\"sk-SK\",\"potentialAction\":[{\"@type\":\"ReadAction\",\"target\":[\"https:\/\/www.onetimenexttime.sk\/arduino\/index.php\/produkt\/tda7297-version-b-215w-digital-for-audio-amplifier-board-dual-channel-ac-dc-12v\/\"]}]},{\"@type\":\"ImageObject\",\"inLanguage\":\"sk-SK\",\"@id\":\"https:\/\/www.onetimenexttime.sk\/arduino\/index.php\/produkt\/tda7297-version-b-215w-digital-for-audio-amplifier-board-dual-channel-ac-dc-12v\/#primaryimage\",\"url\":\"https:\/\/www.onetimenexttime.sk\/arduino\/wp-content\/uploads\/2021\/10\/601.jpg\",\"contentUrl\":\"https:\/\/www.onetimenexttime.sk\/arduino\/wp-content\/uploads\/2021\/10\/601.jpg\",\"width\":511,\"height\":510},{\"@type\":\"BreadcrumbList\",\"@id\":\"https:\/\/www.onetimenexttime.sk\/arduino\/index.php\/produkt\/tda7297-version-b-215w-digital-for-audio-amplifier-board-dual-channel-ac-dc-12v\/#breadcrumb\",\"itemListElement\":[{\"@type\":\"ListItem\",\"position\":1,\"name\":\"Domov\",\"item\":\"https:\/\/www.onetimenexttime.sk\/arduino\/\"},{\"@type\":\"ListItem\",\"position\":2,\"name\":\"Obchod\",\"item\":\"https:\/\/www.onetimenexttime.sk\/arduino\/\"},{\"@type\":\"ListItem\",\"position\":3,\"name\":\"TDA7297 Version B 2*15W Digital For Audio Amplifier Board Dual-Channel AC\/DC 12V\"}]},{\"@type\":\"WebSite\",\"@id\":\"https:\/\/www.onetimenexttime.sk\/arduino\/#website\",\"url\":\"https:\/\/www.onetimenexttime.sk\/arduino\/\",\"name\":\"Arduino e-shop\",\"description\":\"Home Assistant\",\"potentialAction\":[{\"@type\":\"SearchAction\",\"target\":{\"@type\":\"EntryPoint\",\"urlTemplate\":\"https:\/\/www.onetimenexttime.sk\/arduino\/?s={search_term_string}\"},\"query-input\":{\"@type\":\"PropertyValueSpecification\",\"valueRequired\":true,\"valueName\":\"search_term_string\"}}],\"inLanguage\":\"sk-SK\"}]}<\/script>\n<!-- \/ Yoast SEO plugin. -->","yoast_head_json":{"title":"TDA7297 Version B 2*15W Digital For Audio Amplifier Board Dual-Channel AC\/DC 12V - Arduino e-shop","robots":{"index":"index","follow":"follow","max-snippet":"max-snippet:-1","max-image-preview":"max-image-preview:large","max-video-preview":"max-video-preview:-1"},"canonical":"https:\/\/www.onetimenexttime.sk\/arduino\/index.php\/produkt\/tda7297-version-b-215w-digital-for-audio-amplifier-board-dual-channel-ac-dc-12v\/","og_locale":"sk_SK","og_type":"article","og_title":"TDA7297 Version B 2*15W Digital For Audio Amplifier Board Dual-Channel AC\/DC 12V - Arduino e-shop","og_description":"TDA7297 Verzia B 2*15W digit\u00e1lny pre dosku zosil\u0148ova\u010da dvojkan\u00e1lov\u00e9 AC\/DC 12V Jedn\u00e1 sa o dosku zosil\u0148ova\u010da B TDA7297 s jedn\u00fdm&hellip;","og_url":"https:\/\/www.onetimenexttime.sk\/arduino\/index.php\/produkt\/tda7297-version-b-215w-digital-for-audio-amplifier-board-dual-channel-ac-dc-12v\/","og_site_name":"Arduino e-shop","article_modified_time":"2021-10-20T06:27:33+00:00","og_image":[{"width":511,"height":510,"url":"https:\/\/www.onetimenexttime.sk\/arduino\/wp-content\/uploads\/2021\/10\/601.jpg","type":"image\/jpeg"}],"twitter_card":"summary_large_image","twitter_misc":{"Predpokladan\u00fd \u010das \u010d\u00edtania":"1 min\u00fata"},"schema":{"@context":"https:\/\/schema.org","@graph":[{"@type":"WebPage","@id":"https:\/\/www.onetimenexttime.sk\/arduino\/index.php\/produkt\/tda7297-version-b-215w-digital-for-audio-amplifier-board-dual-channel-ac-dc-12v\/","url":"https:\/\/www.onetimenexttime.sk\/arduino\/index.php\/produkt\/tda7297-version-b-215w-digital-for-audio-amplifier-board-dual-channel-ac-dc-12v\/","name":"TDA7297 Version B 2*15W Digital For Audio Amplifier Board Dual-Channel AC\/DC 12V - Arduino e-shop","isPartOf":{"@id":"https:\/\/www.onetimenexttime.sk\/arduino\/#website"},"primaryImageOfPage":{"@id":"https:\/\/www.onetimenexttime.sk\/arduino\/index.php\/produkt\/tda7297-version-b-215w-digital-for-audio-amplifier-board-dual-channel-ac-dc-12v\/#primaryimage"},"image":{"@id":"https:\/\/www.onetimenexttime.sk\/arduino\/index.php\/produkt\/tda7297-version-b-215w-digital-for-audio-amplifier-board-dual-channel-ac-dc-12v\/#primaryimage"},"thumbnailUrl":"https:\/\/www.onetimenexttime.sk\/arduino\/wp-content\/uploads\/2021\/10\/601.jpg","datePublished":"2021-10-20T06:23:24+00:00","dateModified":"2021-10-20T06:27:33+00:00","breadcrumb":{"@id":"https:\/\/www.onetimenexttime.sk\/arduino\/index.php\/produkt\/tda7297-version-b-215w-digital-for-audio-amplifier-board-dual-channel-ac-dc-12v\/#breadcrumb"},"inLanguage":"sk-SK","potentialAction":[{"@type":"ReadAction","target":["https:\/\/www.onetimenexttime.sk\/arduino\/index.php\/produkt\/tda7297-version-b-215w-digital-for-audio-amplifier-board-dual-channel-ac-dc-12v\/"]}]},{"@type":"ImageObject","inLanguage":"sk-SK","@id":"https:\/\/www.onetimenexttime.sk\/arduino\/index.php\/produkt\/tda7297-version-b-215w-digital-for-audio-amplifier-board-dual-channel-ac-dc-12v\/#primaryimage","url":"https:\/\/www.onetimenexttime.sk\/arduino\/wp-content\/uploads\/2021\/10\/601.jpg","contentUrl":"https:\/\/www.onetimenexttime.sk\/arduino\/wp-content\/uploads\/2021\/10\/601.jpg","width":511,"height":510},{"@type":"BreadcrumbList","@id":"https:\/\/www.onetimenexttime.sk\/arduino\/index.php\/produkt\/tda7297-version-b-215w-digital-for-audio-amplifier-board-dual-channel-ac-dc-12v\/#breadcrumb","itemListElement":[{"@type":"ListItem","position":1,"name":"Domov","item":"https:\/\/www.onetimenexttime.sk\/arduino\/"},{"@type":"ListItem","position":2,"name":"Obchod","item":"https:\/\/www.onetimenexttime.sk\/arduino\/"},{"@type":"ListItem","position":3,"name":"TDA7297 Version B 2*15W Digital For Audio Amplifier Board Dual-Channel AC\/DC 12V"}]},{"@type":"WebSite","@id":"https:\/\/www.onetimenexttime.sk\/arduino\/#website","url":"https:\/\/www.onetimenexttime.sk\/arduino\/","name":"Arduino e-shop","description":"Home Assistant","potentialAction":[{"@type":"SearchAction","target":{"@type":"EntryPoint","urlTemplate":"https:\/\/www.onetimenexttime.sk\/arduino\/?s={search_term_string}"},"query-input":{"@type":"PropertyValueSpecification","valueRequired":true,"valueName":"search_term_string"}}],"inLanguage":"sk-SK"}]}},"_links":{"self":[{"href":"https:\/\/www.onetimenexttime.sk\/arduino\/index.php\/wp-json\/wp\/v2\/product\/295"}],"collection":[{"href":"https:\/\/www.onetimenexttime.sk\/arduino\/index.php\/wp-json\/wp\/v2\/product"}],"about":[{"href":"https:\/\/www.onetimenexttime.sk\/arduino\/index.php\/wp-json\/wp\/v2\/types\/product"}],"wp:featuredmedia":[{"embeddable":true,"href":"https:\/\/www.onetimenexttime.sk\/arduino\/index.php\/wp-json\/wp\/v2\/media\/296"}],"wp:attachment":[{"href":"https:\/\/www.onetimenexttime.sk\/arduino\/index.php\/wp-json\/wp\/v2\/media?parent=295"}],"wp:term":[{"taxonomy":"product_cat","embeddable":true,"href":"https:\/\/www.onetimenexttime.sk\/arduino\/index.php\/wp-json\/wp\/v2\/product_cat?post=295"},{"taxonomy":"product_tag","embeddable":true,"href":"https:\/\/www.onetimenexttime.sk\/arduino\/index.php\/wp-json\/wp\/v2\/product_tag?post=295"}],"curies":[{"name":"wp","href":"https:\/\/api.w.org\/{rel}","templated":true}]}}