{"id":293,"date":"2021-10-20T08:19:59","date_gmt":"2021-10-20T06:19:59","guid":{"rendered":"https:\/\/www.onetimenexttime.sk\/arduino\/?post_type=product&#038;p=293"},"modified":"2021-10-20T08:35:09","modified_gmt":"2021-10-20T06:35:09","slug":"usb-tf-radio-bluetooth-mp3-wma-decoder-board-12v-wireless-audio-module-for-car","status":"publish","type":"product","link":"https:\/\/www.onetimenexttime.sk\/arduino\/index.php\/produkt\/usb-tf-radio-bluetooth-mp3-wma-decoder-board-12v-wireless-audio-module-for-car\/","title":{"rendered":"USB TF Radio Bluetooth MP3 WMA Decoder Board 12V Wireless Audio Module for Car"},"content":{"rendered":"<p>R\u00e1dio USB TF TF Bluetooth dekod\u00e9r MP3 WMA Bezdr\u00f4tov\u00fd zvukov\u00fd modul 12V do auta<\/p>\n<p>Popis:<br \/>\nV\u010faka modulu prij\u00edma\u010da zvuku bluetooth, ke\u010f mobiln\u00fd telef\u00f3n a modul bluetooth zodpovedaj\u00fa pojmu, sa s\u00fabory MP3 alebo nede\u0161trukt\u00edvne s\u00fabory APE prostredn\u00edctvom rozhrania bluetooth odosielaj\u00fa na prehr\u00e1vanie do modulu modulu prij\u00edma\u010da bluetooth, \u010do v\u00fdrazne pomohlo funkcii produktu a z\u00e1bave. Tento produkt m\u00f4\u017ee by\u0165 tie\u017e ako oby\u010dajn\u00e1 dekod\u00e9rov\u00e1 doska MP3, prehr\u00e1va\u0165 s\u00fabory MP3 na disku U alebo na karte TF, ako aj rozhlasov\u00e9 vysielanie. (Tento produkt bez funkcie telefonovania cez bluetooth, bez v\u00fdkonov\u00e9ho zosil\u0148ova\u010da, m\u00f4\u017ee pou\u017e\u00edva\u0165 iba extern\u00fd zosil\u0148ova\u010d)<br \/>\nFunkcia:<br \/>\n* Podpora sign\u00e1lu priamo. Podpora USB, TF<br \/>\n* Podpora bluetooth (Bluetooth3.0 EDR) (po sp\u00e1rovan\u00ed s mobiln\u00fdmi telef\u00f3nmi m\u00f4\u017ee realizova\u0165 bezdr\u00f4tov\u00e9 prehr\u00e1vanie hudby)<br \/>\n* Podpora prep\u00edna\u010da USB \/ TF \/ Bluetooth \/ FM \/ LINE. MP3 \/ WMA, WAV bezztr\u00e1tov\u00fd dek\u00f3dovac\u00ed \u010dip hudby.<br \/>\n* Podpora prep\u00edna\u010da karty USB \/ TF, PREV, NEXT, r\u00fdchleho prev\u00edjania dopredu, r\u00fdchleho prev\u00edjania dozadu, hlasitosti, ekvaliz\u00e9ra, prehr\u00e1vania \/ pozastavenia, zastavenia, jedin\u00e9ho opakovania, stlmenia, vypnutia a priamych volieb.<br \/>\n* Podpora Bluetoot PREV, NEXT, hlasitos\u0165, EQ, prehr\u00e1vanie\/pozastavenie, stlmenie, vypnutie.<br \/>\n* Podpora s\u00faborov\u00e9ho syst\u00e9mu FAT16, FAT32. Podpora verzie piesn\u00ed MP1 Layer3, MP2 Layer3, MP3 Layer3. Podpora skladieb MP3 vo form\u00e1te 32-320 KBPS.<br \/>\n* Podpora funkcie vypnutia pam\u00e4te: prehr\u00e1vanie skladieb a hlasitosti pred vypnut\u00edm.<br \/>\nPozn\u00e1mka:<br \/>\nTelef\u00f3ny, ktor\u00e9 nie s\u00fa chytr\u00e9 (Android), musia zada\u0165 heslo &#8211; 0000<br \/>\nPokyny pre re\u017eim hrania dek\u00f3dovacej dosky:<br \/>\nDek\u00f3dovacia doska pri absencii pam\u00e4\u0165ovej karty alebo disku U, \u0161tandardne spustite re\u017eim \u201ezvukov\u00fd vstup\u201c, obrazovka je LINE<br \/>\nStla\u010den\u00edm kl\u00e1vesu \u201eMODE\u201c na paneli alebo prep\u00edna\u010dom dia\u013ekov\u00e9ho ovl\u00e1da\u010da prepnite na re\u017eim MODE bluetooth, na obrazovke sa zobraz\u00ed \u201eMODR\u00c1\u201c, v tomto okamihu je mo\u017en\u00e9 otvori\u0165 oblas\u0165 vyh\u013ead\u00e1vania bluetooth<br \/>\nStla\u010dte tla\u010didlo &#8220;MODE&#8221; na paneli alebo prep\u00edna\u010d dia\u013ekov\u00e9ho ovl\u00e1da\u010da na re\u017eim R\u00e1dio, na displeji sa zobraz\u00ed frekvencia r\u00e1dia FM, dlho stla\u010dte tla\u010didlo &#8220;PLAY&#8221; automatick\u00e9 vyh\u013ead\u00e1vanie kan\u00e1la<br \/>\nStla\u010dte kl\u00e1ves &#8220;MODE&#8221; na paneli alebo prep\u00edna\u010d dia\u013ekov\u00e9ho ovl\u00e1da\u010da na U disk alebo pam\u00e4\u0165ov\u00fa kartu &#8220;play MODE&#8221;, na obrazovke sa zobraz\u00ed \u010dasov\u00fd harmonogram piesne<br \/>\nN\u00e1vod na dia\u013ekov\u00e9 ovl\u00e1danie:<br \/>\n1. NAP\u00c1JANIE: Tla\u010didlo STANDBY sa ned\u00e1 prepn\u00fa\u0165.<br \/>\n2. RE\u017dIM: karta TF a disk U: sekvencia prep\u00ednania pre USB &amp; TF; Bluetooth &amp; rarr; FM &amp; rarr; AUX;<br \/>\nIba disk U: sekvencia prep\u00ednania pre USB &amp; Bluetooth; FM &amp; rarr; AUX;<br \/>\nIba karta TF: sekvencia prep\u00ednania pre TF &amp; Bluetooth; FM &amp; rarr; AUX;<br \/>\nNeexistuje \u017eiadna karta USB a TF: sekvencia prep\u00ednania pre FM a AUX Bluetooth.<br \/>\n3. PREV: V RE\u017dIME USB \/ TF \/ Bluetooth kr\u00e1tko stla\u010dte PREV;<br \/>\nV re\u017eime USB \/ SD dlh\u00e9 stla\u010denie pre r\u00fdchle prev\u00edjanie dozadu; v re\u017eime FM MODE kr\u00e1tke stla\u010denie pre posledn\u00fd kan\u00e1l, dlh\u00e9 stla\u010denie pre vyh\u013ead\u00e1vanie posledn\u00e9ho kan\u00e1la.<br \/>\nNEXT: V RE\u017dIME USB \/ TF \/ Bluetooth kr\u00e1tkym stla\u010den\u00edm NEXT;<br \/>\nV RE\u017dIME USB \/ TF dlh\u00e9 stla\u010denie pre r\u00fdchly posun vpred;<br \/>\nV re\u017eime FM MODE kr\u00e1tkym stla\u010den\u00edm prejdete na nasleduj\u00faci kan\u00e1l, dlh\u00fdm stla\u010den\u00edm vyh\u013ead\u00e1te nasleduj\u00faci kan\u00e1l.<br \/>\n4. VOL +: kr\u00e1tke \/ dlh\u00e9 stla\u010denie pre hudbu. VOL -: kr\u00e1tke\/dlh\u00e9 stla\u010denie pre hudbu.<br \/>\n5. REP: V re\u017eime USB \/ TF je prep\u00edna\u010d medzi jedn\u00fdm opakovan\u00edm a cel\u00fdm cyklom pri prehr\u00e1van\u00ed hudby, spusten\u00edm pre v\u0161etky cykly.<br \/>\n6. STOP: V RE\u017dIME USB \/ TF kr\u00e1tkym stla\u010den\u00edm Zastav\u00edte prehr\u00e1vanie hudby.<br \/>\n7. MUTE: MUTE, MUTE, stla\u010dte pre MUTE, op\u00e4tovn\u00e9 stla\u010denie pre \u00fa\u013eavu (taktie\u017e m\u00f4\u017ee vyst\u00fapi\u0165 pomocou VOL- \/VOL+).<br \/>\n8. EQ: RE\u017dIM akustick\u00e9ho po\u013ea. NORM\u00c1LNY &amp; BAS &amp; Rarr; POP &amp; rarr; ROC &amp; rarr; JAZZ &amp; rarr; CLA &amp; rarr; CUT &amp; rarr; NORMAL<br \/>\n9. PLAY\/PAUSE: V USB\/SD\/Bluetooth MODE pre PLAY\/PAUSE; V FM MODE dlh\u00fdm stla\u010den\u00edm vyh\u013ead\u00e1te v\u0161etky kan\u00e1ly a ulo\u017e\u00edte.<br \/>\n\u0160pecifik\u00e1cia:<br \/>\nMont\u00e1\u017eny rozstup: \u0161\u00edrka 92 mm<br \/>\nIn\u0161tala\u010dn\u00fd otvor: 83 x 20 x 38 mm<br \/>\nCelkov\u00e9 rozmery: 107 x 25 x 38 mm<br \/>\n(\u0160 x V x H<br \/>\n)<br \/>\nVstupn\u00e9 nap\u00e4tie:<br \/>\n7-12 V \\ 3,7-5 V<\/p>\n","protected":false},"excerpt":{"rendered":"<p>R\u00e1dio USB TF TF Bluetooth dekod\u00e9r MP3 WMA Bezdr\u00f4tov\u00fd zvukov\u00fd modul 12V do auta Popis: V\u010faka modulu prij\u00edma\u010da zvuku bluetooth,&hellip;<\/p>\n","protected":false},"featured_media":294,"template":"","meta":{"_monsterinsights_skip_tracking":false,"_monsterinsights_sitenote_active":false,"_monsterinsights_sitenote_note":"","_monsterinsights_sitenote_category":0},"product_cat":[16,23,26],"product_tag":[],"class_list":{"0":"post-293","1":"product","2":"type-product","3":"status-publish","4":"has-post-thumbnail","6":"product_cat-ard","7":"product_cat-audio-modul","8":"product_cat-radio","10":"first","11":"instock","12":"shipping-taxable","13":"purchasable","14":"product-type-simple"},"yoast_head":"<!-- This site is optimized with the Yoast SEO plugin v23.6 - https:\/\/yoast.com\/wordpress\/plugins\/seo\/ -->\n<title>USB TF Radio Bluetooth MP3 WMA Decoder Board 12V Wireless Audio Module for Car - Arduino e-shop<\/title>\n<meta name=\"robots\" content=\"index, follow, max-snippet:-1, max-image-preview:large, max-video-preview:-1\" \/>\n<link rel=\"canonical\" href=\"https:\/\/www.onetimenexttime.sk\/arduino\/index.php\/produkt\/usb-tf-radio-bluetooth-mp3-wma-decoder-board-12v-wireless-audio-module-for-car\/\" \/>\n<meta property=\"og:locale\" content=\"sk_SK\" \/>\n<meta property=\"og:type\" content=\"article\" \/>\n<meta property=\"og:title\" content=\"USB TF Radio Bluetooth MP3 WMA Decoder Board 12V Wireless Audio Module for Car - Arduino e-shop\" \/>\n<meta property=\"og:description\" content=\"R\u00e1dio USB TF TF Bluetooth dekod\u00e9r MP3 WMA Bezdr\u00f4tov\u00fd zvukov\u00fd modul 12V do auta Popis: V\u010faka modulu prij\u00edma\u010da zvuku bluetooth,&hellip;\" \/>\n<meta property=\"og:url\" content=\"https:\/\/www.onetimenexttime.sk\/arduino\/index.php\/produkt\/usb-tf-radio-bluetooth-mp3-wma-decoder-board-12v-wireless-audio-module-for-car\/\" \/>\n<meta property=\"og:site_name\" content=\"Arduino e-shop\" \/>\n<meta property=\"article:modified_time\" content=\"2021-10-20T06:35:09+00:00\" \/>\n<meta property=\"og:image\" content=\"https:\/\/www.onetimenexttime.sk\/arduino\/wp-content\/uploads\/2021\/10\/647.jpg\" \/>\n\t<meta property=\"og:image:width\" content=\"511\" \/>\n\t<meta property=\"og:image:height\" content=\"510\" \/>\n\t<meta property=\"og:image:type\" content=\"image\/jpeg\" \/>\n<meta name=\"twitter:card\" content=\"summary_large_image\" \/>\n<meta name=\"twitter:label1\" content=\"Predpokladan\u00fd \u010das \u010d\u00edtania\" \/>\n\t<meta name=\"twitter:data1\" content=\"3 min\u00faty\" \/>\n<script type=\"application\/ld+json\" class=\"yoast-schema-graph\">{\"@context\":\"https:\/\/schema.org\",\"@graph\":[{\"@type\":\"WebPage\",\"@id\":\"https:\/\/www.onetimenexttime.sk\/arduino\/index.php\/produkt\/usb-tf-radio-bluetooth-mp3-wma-decoder-board-12v-wireless-audio-module-for-car\/\",\"url\":\"https:\/\/www.onetimenexttime.sk\/arduino\/index.php\/produkt\/usb-tf-radio-bluetooth-mp3-wma-decoder-board-12v-wireless-audio-module-for-car\/\",\"name\":\"USB TF Radio Bluetooth MP3 WMA Decoder Board 12V Wireless Audio Module for Car - Arduino e-shop\",\"isPartOf\":{\"@id\":\"https:\/\/www.onetimenexttime.sk\/arduino\/#website\"},\"primaryImageOfPage\":{\"@id\":\"https:\/\/www.onetimenexttime.sk\/arduino\/index.php\/produkt\/usb-tf-radio-bluetooth-mp3-wma-decoder-board-12v-wireless-audio-module-for-car\/#primaryimage\"},\"image\":{\"@id\":\"https:\/\/www.onetimenexttime.sk\/arduino\/index.php\/produkt\/usb-tf-radio-bluetooth-mp3-wma-decoder-board-12v-wireless-audio-module-for-car\/#primaryimage\"},\"thumbnailUrl\":\"https:\/\/www.onetimenexttime.sk\/arduino\/wp-content\/uploads\/2021\/10\/647.jpg\",\"datePublished\":\"2021-10-20T06:19:59+00:00\",\"dateModified\":\"2021-10-20T06:35:09+00:00\",\"breadcrumb\":{\"@id\":\"https:\/\/www.onetimenexttime.sk\/arduino\/index.php\/produkt\/usb-tf-radio-bluetooth-mp3-wma-decoder-board-12v-wireless-audio-module-for-car\/#breadcrumb\"},\"inLanguage\":\"sk-SK\",\"potentialAction\":[{\"@type\":\"ReadAction\",\"target\":[\"https:\/\/www.onetimenexttime.sk\/arduino\/index.php\/produkt\/usb-tf-radio-bluetooth-mp3-wma-decoder-board-12v-wireless-audio-module-for-car\/\"]}]},{\"@type\":\"ImageObject\",\"inLanguage\":\"sk-SK\",\"@id\":\"https:\/\/www.onetimenexttime.sk\/arduino\/index.php\/produkt\/usb-tf-radio-bluetooth-mp3-wma-decoder-board-12v-wireless-audio-module-for-car\/#primaryimage\",\"url\":\"https:\/\/www.onetimenexttime.sk\/arduino\/wp-content\/uploads\/2021\/10\/647.jpg\",\"contentUrl\":\"https:\/\/www.onetimenexttime.sk\/arduino\/wp-content\/uploads\/2021\/10\/647.jpg\",\"width\":511,\"height\":510},{\"@type\":\"BreadcrumbList\",\"@id\":\"https:\/\/www.onetimenexttime.sk\/arduino\/index.php\/produkt\/usb-tf-radio-bluetooth-mp3-wma-decoder-board-12v-wireless-audio-module-for-car\/#breadcrumb\",\"itemListElement\":[{\"@type\":\"ListItem\",\"position\":1,\"name\":\"Domov\",\"item\":\"https:\/\/www.onetimenexttime.sk\/arduino\/\"},{\"@type\":\"ListItem\",\"position\":2,\"name\":\"Obchod\",\"item\":\"https:\/\/www.onetimenexttime.sk\/arduino\/\"},{\"@type\":\"ListItem\",\"position\":3,\"name\":\"USB TF Radio Bluetooth MP3 WMA Decoder Board 12V Wireless Audio Module for Car\"}]},{\"@type\":\"WebSite\",\"@id\":\"https:\/\/www.onetimenexttime.sk\/arduino\/#website\",\"url\":\"https:\/\/www.onetimenexttime.sk\/arduino\/\",\"name\":\"Arduino e-shop\",\"description\":\"Home Assistant\",\"potentialAction\":[{\"@type\":\"SearchAction\",\"target\":{\"@type\":\"EntryPoint\",\"urlTemplate\":\"https:\/\/www.onetimenexttime.sk\/arduino\/?s={search_term_string}\"},\"query-input\":{\"@type\":\"PropertyValueSpecification\",\"valueRequired\":true,\"valueName\":\"search_term_string\"}}],\"inLanguage\":\"sk-SK\"}]}<\/script>\n<!-- \/ Yoast SEO plugin. -->","yoast_head_json":{"title":"USB TF Radio Bluetooth MP3 WMA Decoder Board 12V Wireless Audio Module for Car - Arduino e-shop","robots":{"index":"index","follow":"follow","max-snippet":"max-snippet:-1","max-image-preview":"max-image-preview:large","max-video-preview":"max-video-preview:-1"},"canonical":"https:\/\/www.onetimenexttime.sk\/arduino\/index.php\/produkt\/usb-tf-radio-bluetooth-mp3-wma-decoder-board-12v-wireless-audio-module-for-car\/","og_locale":"sk_SK","og_type":"article","og_title":"USB TF Radio Bluetooth MP3 WMA Decoder Board 12V Wireless Audio Module for Car - Arduino e-shop","og_description":"R\u00e1dio USB TF TF Bluetooth dekod\u00e9r MP3 WMA Bezdr\u00f4tov\u00fd zvukov\u00fd modul 12V do auta Popis: V\u010faka modulu prij\u00edma\u010da zvuku bluetooth,&hellip;","og_url":"https:\/\/www.onetimenexttime.sk\/arduino\/index.php\/produkt\/usb-tf-radio-bluetooth-mp3-wma-decoder-board-12v-wireless-audio-module-for-car\/","og_site_name":"Arduino e-shop","article_modified_time":"2021-10-20T06:35:09+00:00","og_image":[{"width":511,"height":510,"url":"https:\/\/www.onetimenexttime.sk\/arduino\/wp-content\/uploads\/2021\/10\/647.jpg","type":"image\/jpeg"}],"twitter_card":"summary_large_image","twitter_misc":{"Predpokladan\u00fd \u010das \u010d\u00edtania":"3 min\u00faty"},"schema":{"@context":"https:\/\/schema.org","@graph":[{"@type":"WebPage","@id":"https:\/\/www.onetimenexttime.sk\/arduino\/index.php\/produkt\/usb-tf-radio-bluetooth-mp3-wma-decoder-board-12v-wireless-audio-module-for-car\/","url":"https:\/\/www.onetimenexttime.sk\/arduino\/index.php\/produkt\/usb-tf-radio-bluetooth-mp3-wma-decoder-board-12v-wireless-audio-module-for-car\/","name":"USB TF Radio Bluetooth MP3 WMA Decoder Board 12V Wireless Audio Module for Car - Arduino e-shop","isPartOf":{"@id":"https:\/\/www.onetimenexttime.sk\/arduino\/#website"},"primaryImageOfPage":{"@id":"https:\/\/www.onetimenexttime.sk\/arduino\/index.php\/produkt\/usb-tf-radio-bluetooth-mp3-wma-decoder-board-12v-wireless-audio-module-for-car\/#primaryimage"},"image":{"@id":"https:\/\/www.onetimenexttime.sk\/arduino\/index.php\/produkt\/usb-tf-radio-bluetooth-mp3-wma-decoder-board-12v-wireless-audio-module-for-car\/#primaryimage"},"thumbnailUrl":"https:\/\/www.onetimenexttime.sk\/arduino\/wp-content\/uploads\/2021\/10\/647.jpg","datePublished":"2021-10-20T06:19:59+00:00","dateModified":"2021-10-20T06:35:09+00:00","breadcrumb":{"@id":"https:\/\/www.onetimenexttime.sk\/arduino\/index.php\/produkt\/usb-tf-radio-bluetooth-mp3-wma-decoder-board-12v-wireless-audio-module-for-car\/#breadcrumb"},"inLanguage":"sk-SK","potentialAction":[{"@type":"ReadAction","target":["https:\/\/www.onetimenexttime.sk\/arduino\/index.php\/produkt\/usb-tf-radio-bluetooth-mp3-wma-decoder-board-12v-wireless-audio-module-for-car\/"]}]},{"@type":"ImageObject","inLanguage":"sk-SK","@id":"https:\/\/www.onetimenexttime.sk\/arduino\/index.php\/produkt\/usb-tf-radio-bluetooth-mp3-wma-decoder-board-12v-wireless-audio-module-for-car\/#primaryimage","url":"https:\/\/www.onetimenexttime.sk\/arduino\/wp-content\/uploads\/2021\/10\/647.jpg","contentUrl":"https:\/\/www.onetimenexttime.sk\/arduino\/wp-content\/uploads\/2021\/10\/647.jpg","width":511,"height":510},{"@type":"BreadcrumbList","@id":"https:\/\/www.onetimenexttime.sk\/arduino\/index.php\/produkt\/usb-tf-radio-bluetooth-mp3-wma-decoder-board-12v-wireless-audio-module-for-car\/#breadcrumb","itemListElement":[{"@type":"ListItem","position":1,"name":"Domov","item":"https:\/\/www.onetimenexttime.sk\/arduino\/"},{"@type":"ListItem","position":2,"name":"Obchod","item":"https:\/\/www.onetimenexttime.sk\/arduino\/"},{"@type":"ListItem","position":3,"name":"USB TF Radio Bluetooth MP3 WMA Decoder Board 12V Wireless Audio Module for Car"}]},{"@type":"WebSite","@id":"https:\/\/www.onetimenexttime.sk\/arduino\/#website","url":"https:\/\/www.onetimenexttime.sk\/arduino\/","name":"Arduino e-shop","description":"Home Assistant","potentialAction":[{"@type":"SearchAction","target":{"@type":"EntryPoint","urlTemplate":"https:\/\/www.onetimenexttime.sk\/arduino\/?s={search_term_string}"},"query-input":{"@type":"PropertyValueSpecification","valueRequired":true,"valueName":"search_term_string"}}],"inLanguage":"sk-SK"}]}},"_links":{"self":[{"href":"https:\/\/www.onetimenexttime.sk\/arduino\/index.php\/wp-json\/wp\/v2\/product\/293"}],"collection":[{"href":"https:\/\/www.onetimenexttime.sk\/arduino\/index.php\/wp-json\/wp\/v2\/product"}],"about":[{"href":"https:\/\/www.onetimenexttime.sk\/arduino\/index.php\/wp-json\/wp\/v2\/types\/product"}],"wp:featuredmedia":[{"embeddable":true,"href":"https:\/\/www.onetimenexttime.sk\/arduino\/index.php\/wp-json\/wp\/v2\/media\/294"}],"wp:attachment":[{"href":"https:\/\/www.onetimenexttime.sk\/arduino\/index.php\/wp-json\/wp\/v2\/media?parent=293"}],"wp:term":[{"taxonomy":"product_cat","embeddable":true,"href":"https:\/\/www.onetimenexttime.sk\/arduino\/index.php\/wp-json\/wp\/v2\/product_cat?post=293"},{"taxonomy":"product_tag","embeddable":true,"href":"https:\/\/www.onetimenexttime.sk\/arduino\/index.php\/wp-json\/wp\/v2\/product_tag?post=293"}],"curies":[{"name":"wp","href":"https:\/\/api.w.org\/{rel}","templated":true}]}}