{"id":281,"date":"2021-10-18T20:17:42","date_gmt":"2021-10-18T18:17:42","guid":{"rendered":"https:\/\/www.onetimenexttime.sk\/arduino\/?post_type=product&#038;p=281"},"modified":"2021-10-18T20:23:22","modified_gmt":"2021-10-18T18:23:22","slug":"sim900-module-gsm-gprs-900-1800-mhz-short-message-service-sms-module-neoway-m590-remote-sensing-alarm-diy-kit-kopia","status":"publish","type":"product","link":"https:\/\/www.onetimenexttime.sk\/arduino\/index.php\/produkt\/sim900-module-gsm-gprs-900-1800-mhz-short-message-service-sms-module-neoway-m590-remote-sensing-alarm-diy-kit-kopia\/","title":{"rendered":"SIM900 module GSM GPRS 900 1800 MHz Short Message Service SMS module neoway m590 remote sensing alarm  DIY KIT (K\u00f3pia)"},"content":{"rendered":"<p><strong>DYI KIT<\/strong><\/p>\n<p>v\u00fdvoj GPRS modulu GSM pre arduino STM32 51 MCU M590 namiesto SMS spr\u00e1vy SIM800L\/SIM900<\/p>\n<p>Funk\u010dn\u00e9 moduly:<\/p>\n<p>1. Ovl\u00e1danie s\u00e9riov\u00e9ho portu po\u010d\u00edta\u010da na odosielanie a prij\u00edmanie spr\u00e1v, odosielanie a prij\u00edmanie \u00fadajov GPRS<\/p>\n<p>2. Jedno\u010dipov\u00fd mikropo\u010d\u00edta\u010d riadi odosielanie a prij\u00edmanie spr\u00e1v, odosielanie a prij\u00edmanie \u00fadajov GPRS<\/p>\n<p>3. Typ telef\u00f3nu (\u017eiadna hlasov\u00e1 \u010das\u0165 nem\u00f4\u017ee hovori\u0165)<\/p>\n<p>4. Zvoniaci v\u00fdstup<br \/>\nAktu\u00e1lne pracovn\u00e9 nap\u00e4tie: 3,7-4,2 V 2 a<\/p>\n<p>Predvolen\u00e1 prenosov\u00e1 r\u00fdchlos\u0165: 115200<\/p>\n","protected":false},"excerpt":{"rendered":"<p>DYI KIT v\u00fdvoj GPRS modulu GSM pre arduino STM32 51 MCU M590 namiesto SMS spr\u00e1vy SIM800L\/SIM900 Funk\u010dn\u00e9 moduly: 1. Ovl\u00e1danie&hellip;<\/p>\n","protected":false},"featured_media":282,"template":"","meta":{"_monsterinsights_skip_tracking":false,"_monsterinsights_sitenote_active":false,"_monsterinsights_sitenote_note":"","_monsterinsights_sitenote_category":0},"product_cat":[16,24],"product_tag":[],"class_list":{"0":"post-281","1":"product","2":"type-product","3":"status-publish","4":"has-post-thumbnail","6":"product_cat-ard","7":"product_cat-gps","9":"first","10":"instock","11":"sale","12":"shipping-taxable","13":"purchasable","14":"product-type-simple"},"yoast_head":"<!-- This site is optimized with the Yoast SEO plugin v23.6 - https:\/\/yoast.com\/wordpress\/plugins\/seo\/ -->\n<title>SIM900 module GSM GPRS 900 1800 MHz Short Message Service SMS module neoway m590 remote sensing alarm DIY KIT (K\u00f3pia) - Arduino e-shop<\/title>\n<meta name=\"robots\" content=\"index, follow, max-snippet:-1, max-image-preview:large, max-video-preview:-1\" \/>\n<link rel=\"canonical\" href=\"https:\/\/www.onetimenexttime.sk\/arduino\/index.php\/produkt\/sim900-module-gsm-gprs-900-1800-mhz-short-message-service-sms-module-neoway-m590-remote-sensing-alarm-diy-kit-kopia\/\" \/>\n<meta property=\"og:locale\" content=\"sk_SK\" \/>\n<meta property=\"og:type\" content=\"article\" \/>\n<meta property=\"og:title\" content=\"SIM900 module GSM GPRS 900 1800 MHz Short Message Service SMS module neoway m590 remote sensing alarm DIY KIT (K\u00f3pia) - Arduino e-shop\" \/>\n<meta property=\"og:description\" content=\"DYI KIT v\u00fdvoj GPRS modulu GSM pre arduino STM32 51 MCU M590 namiesto SMS spr\u00e1vy SIM800L\/SIM900 Funk\u010dn\u00e9 moduly: 1. Ovl\u00e1danie&hellip;\" \/>\n<meta property=\"og:url\" content=\"https:\/\/www.onetimenexttime.sk\/arduino\/index.php\/produkt\/sim900-module-gsm-gprs-900-1800-mhz-short-message-service-sms-module-neoway-m590-remote-sensing-alarm-diy-kit-kopia\/\" \/>\n<meta property=\"og:site_name\" content=\"Arduino e-shop\" \/>\n<meta property=\"article:modified_time\" content=\"2021-10-18T18:23:22+00:00\" \/>\n<meta property=\"og:image\" content=\"https:\/\/www.onetimenexttime.sk\/arduino\/wp-content\/uploads\/2021\/10\/571.jpg\" \/>\n\t<meta property=\"og:image:width\" content=\"627\" \/>\n\t<meta property=\"og:image:height\" content=\"621\" \/>\n\t<meta property=\"og:image:type\" content=\"image\/jpeg\" \/>\n<meta name=\"twitter:card\" content=\"summary_large_image\" \/>\n<meta name=\"twitter:label1\" content=\"Predpokladan\u00fd \u010das \u010d\u00edtania\" \/>\n\t<meta name=\"twitter:data1\" content=\"2 min\u00faty\" \/>\n<script type=\"application\/ld+json\" class=\"yoast-schema-graph\">{\"@context\":\"https:\/\/schema.org\",\"@graph\":[{\"@type\":\"WebPage\",\"@id\":\"https:\/\/www.onetimenexttime.sk\/arduino\/index.php\/produkt\/sim900-module-gsm-gprs-900-1800-mhz-short-message-service-sms-module-neoway-m590-remote-sensing-alarm-diy-kit-kopia\/\",\"url\":\"https:\/\/www.onetimenexttime.sk\/arduino\/index.php\/produkt\/sim900-module-gsm-gprs-900-1800-mhz-short-message-service-sms-module-neoway-m590-remote-sensing-alarm-diy-kit-kopia\/\",\"name\":\"SIM900 module GSM GPRS 900 1800 MHz Short Message Service SMS module neoway m590 remote sensing alarm DIY KIT (K\u00f3pia) - Arduino e-shop\",\"isPartOf\":{\"@id\":\"https:\/\/www.onetimenexttime.sk\/arduino\/#website\"},\"primaryImageOfPage\":{\"@id\":\"https:\/\/www.onetimenexttime.sk\/arduino\/index.php\/produkt\/sim900-module-gsm-gprs-900-1800-mhz-short-message-service-sms-module-neoway-m590-remote-sensing-alarm-diy-kit-kopia\/#primaryimage\"},\"image\":{\"@id\":\"https:\/\/www.onetimenexttime.sk\/arduino\/index.php\/produkt\/sim900-module-gsm-gprs-900-1800-mhz-short-message-service-sms-module-neoway-m590-remote-sensing-alarm-diy-kit-kopia\/#primaryimage\"},\"thumbnailUrl\":\"https:\/\/www.onetimenexttime.sk\/arduino\/wp-content\/uploads\/2021\/10\/571.jpg\",\"datePublished\":\"2021-10-18T18:17:42+00:00\",\"dateModified\":\"2021-10-18T18:23:22+00:00\",\"breadcrumb\":{\"@id\":\"https:\/\/www.onetimenexttime.sk\/arduino\/index.php\/produkt\/sim900-module-gsm-gprs-900-1800-mhz-short-message-service-sms-module-neoway-m590-remote-sensing-alarm-diy-kit-kopia\/#breadcrumb\"},\"inLanguage\":\"sk-SK\",\"potentialAction\":[{\"@type\":\"ReadAction\",\"target\":[\"https:\/\/www.onetimenexttime.sk\/arduino\/index.php\/produkt\/sim900-module-gsm-gprs-900-1800-mhz-short-message-service-sms-module-neoway-m590-remote-sensing-alarm-diy-kit-kopia\/\"]}]},{\"@type\":\"ImageObject\",\"inLanguage\":\"sk-SK\",\"@id\":\"https:\/\/www.onetimenexttime.sk\/arduino\/index.php\/produkt\/sim900-module-gsm-gprs-900-1800-mhz-short-message-service-sms-module-neoway-m590-remote-sensing-alarm-diy-kit-kopia\/#primaryimage\",\"url\":\"https:\/\/www.onetimenexttime.sk\/arduino\/wp-content\/uploads\/2021\/10\/571.jpg\",\"contentUrl\":\"https:\/\/www.onetimenexttime.sk\/arduino\/wp-content\/uploads\/2021\/10\/571.jpg\",\"width\":627,\"height\":621},{\"@type\":\"BreadcrumbList\",\"@id\":\"https:\/\/www.onetimenexttime.sk\/arduino\/index.php\/produkt\/sim900-module-gsm-gprs-900-1800-mhz-short-message-service-sms-module-neoway-m590-remote-sensing-alarm-diy-kit-kopia\/#breadcrumb\",\"itemListElement\":[{\"@type\":\"ListItem\",\"position\":1,\"name\":\"Domov\",\"item\":\"https:\/\/www.onetimenexttime.sk\/arduino\/\"},{\"@type\":\"ListItem\",\"position\":2,\"name\":\"Obchod\",\"item\":\"https:\/\/www.onetimenexttime.sk\/arduino\/\"},{\"@type\":\"ListItem\",\"position\":3,\"name\":\"SIM900 module GSM GPRS 900 1800 MHz Short Message Service SMS module neoway m590 remote sensing alarm DIY KIT (K\u00f3pia)\"}]},{\"@type\":\"WebSite\",\"@id\":\"https:\/\/www.onetimenexttime.sk\/arduino\/#website\",\"url\":\"https:\/\/www.onetimenexttime.sk\/arduino\/\",\"name\":\"Arduino e-shop\",\"description\":\"Home Assistant\",\"potentialAction\":[{\"@type\":\"SearchAction\",\"target\":{\"@type\":\"EntryPoint\",\"urlTemplate\":\"https:\/\/www.onetimenexttime.sk\/arduino\/?s={search_term_string}\"},\"query-input\":{\"@type\":\"PropertyValueSpecification\",\"valueRequired\":true,\"valueName\":\"search_term_string\"}}],\"inLanguage\":\"sk-SK\"}]}<\/script>\n<!-- \/ Yoast SEO plugin. -->","yoast_head_json":{"title":"SIM900 module GSM GPRS 900 1800 MHz Short Message Service SMS module neoway m590 remote sensing alarm DIY KIT (K\u00f3pia) - Arduino e-shop","robots":{"index":"index","follow":"follow","max-snippet":"max-snippet:-1","max-image-preview":"max-image-preview:large","max-video-preview":"max-video-preview:-1"},"canonical":"https:\/\/www.onetimenexttime.sk\/arduino\/index.php\/produkt\/sim900-module-gsm-gprs-900-1800-mhz-short-message-service-sms-module-neoway-m590-remote-sensing-alarm-diy-kit-kopia\/","og_locale":"sk_SK","og_type":"article","og_title":"SIM900 module GSM GPRS 900 1800 MHz Short Message Service SMS module neoway m590 remote sensing alarm DIY KIT (K\u00f3pia) - Arduino e-shop","og_description":"DYI KIT v\u00fdvoj GPRS modulu GSM pre arduino STM32 51 MCU M590 namiesto SMS spr\u00e1vy SIM800L\/SIM900 Funk\u010dn\u00e9 moduly: 1. Ovl\u00e1danie&hellip;","og_url":"https:\/\/www.onetimenexttime.sk\/arduino\/index.php\/produkt\/sim900-module-gsm-gprs-900-1800-mhz-short-message-service-sms-module-neoway-m590-remote-sensing-alarm-diy-kit-kopia\/","og_site_name":"Arduino e-shop","article_modified_time":"2021-10-18T18:23:22+00:00","og_image":[{"width":627,"height":621,"url":"https:\/\/www.onetimenexttime.sk\/arduino\/wp-content\/uploads\/2021\/10\/571.jpg","type":"image\/jpeg"}],"twitter_card":"summary_large_image","twitter_misc":{"Predpokladan\u00fd \u010das \u010d\u00edtania":"2 min\u00faty"},"schema":{"@context":"https:\/\/schema.org","@graph":[{"@type":"WebPage","@id":"https:\/\/www.onetimenexttime.sk\/arduino\/index.php\/produkt\/sim900-module-gsm-gprs-900-1800-mhz-short-message-service-sms-module-neoway-m590-remote-sensing-alarm-diy-kit-kopia\/","url":"https:\/\/www.onetimenexttime.sk\/arduino\/index.php\/produkt\/sim900-module-gsm-gprs-900-1800-mhz-short-message-service-sms-module-neoway-m590-remote-sensing-alarm-diy-kit-kopia\/","name":"SIM900 module GSM GPRS 900 1800 MHz Short Message Service SMS module neoway m590 remote sensing alarm DIY KIT (K\u00f3pia) - Arduino e-shop","isPartOf":{"@id":"https:\/\/www.onetimenexttime.sk\/arduino\/#website"},"primaryImageOfPage":{"@id":"https:\/\/www.onetimenexttime.sk\/arduino\/index.php\/produkt\/sim900-module-gsm-gprs-900-1800-mhz-short-message-service-sms-module-neoway-m590-remote-sensing-alarm-diy-kit-kopia\/#primaryimage"},"image":{"@id":"https:\/\/www.onetimenexttime.sk\/arduino\/index.php\/produkt\/sim900-module-gsm-gprs-900-1800-mhz-short-message-service-sms-module-neoway-m590-remote-sensing-alarm-diy-kit-kopia\/#primaryimage"},"thumbnailUrl":"https:\/\/www.onetimenexttime.sk\/arduino\/wp-content\/uploads\/2021\/10\/571.jpg","datePublished":"2021-10-18T18:17:42+00:00","dateModified":"2021-10-18T18:23:22+00:00","breadcrumb":{"@id":"https:\/\/www.onetimenexttime.sk\/arduino\/index.php\/produkt\/sim900-module-gsm-gprs-900-1800-mhz-short-message-service-sms-module-neoway-m590-remote-sensing-alarm-diy-kit-kopia\/#breadcrumb"},"inLanguage":"sk-SK","potentialAction":[{"@type":"ReadAction","target":["https:\/\/www.onetimenexttime.sk\/arduino\/index.php\/produkt\/sim900-module-gsm-gprs-900-1800-mhz-short-message-service-sms-module-neoway-m590-remote-sensing-alarm-diy-kit-kopia\/"]}]},{"@type":"ImageObject","inLanguage":"sk-SK","@id":"https:\/\/www.onetimenexttime.sk\/arduino\/index.php\/produkt\/sim900-module-gsm-gprs-900-1800-mhz-short-message-service-sms-module-neoway-m590-remote-sensing-alarm-diy-kit-kopia\/#primaryimage","url":"https:\/\/www.onetimenexttime.sk\/arduino\/wp-content\/uploads\/2021\/10\/571.jpg","contentUrl":"https:\/\/www.onetimenexttime.sk\/arduino\/wp-content\/uploads\/2021\/10\/571.jpg","width":627,"height":621},{"@type":"BreadcrumbList","@id":"https:\/\/www.onetimenexttime.sk\/arduino\/index.php\/produkt\/sim900-module-gsm-gprs-900-1800-mhz-short-message-service-sms-module-neoway-m590-remote-sensing-alarm-diy-kit-kopia\/#breadcrumb","itemListElement":[{"@type":"ListItem","position":1,"name":"Domov","item":"https:\/\/www.onetimenexttime.sk\/arduino\/"},{"@type":"ListItem","position":2,"name":"Obchod","item":"https:\/\/www.onetimenexttime.sk\/arduino\/"},{"@type":"ListItem","position":3,"name":"SIM900 module GSM GPRS 900 1800 MHz Short Message Service SMS module neoway m590 remote sensing alarm DIY KIT (K\u00f3pia)"}]},{"@type":"WebSite","@id":"https:\/\/www.onetimenexttime.sk\/arduino\/#website","url":"https:\/\/www.onetimenexttime.sk\/arduino\/","name":"Arduino e-shop","description":"Home Assistant","potentialAction":[{"@type":"SearchAction","target":{"@type":"EntryPoint","urlTemplate":"https:\/\/www.onetimenexttime.sk\/arduino\/?s={search_term_string}"},"query-input":{"@type":"PropertyValueSpecification","valueRequired":true,"valueName":"search_term_string"}}],"inLanguage":"sk-SK"}]}},"_links":{"self":[{"href":"https:\/\/www.onetimenexttime.sk\/arduino\/index.php\/wp-json\/wp\/v2\/product\/281"}],"collection":[{"href":"https:\/\/www.onetimenexttime.sk\/arduino\/index.php\/wp-json\/wp\/v2\/product"}],"about":[{"href":"https:\/\/www.onetimenexttime.sk\/arduino\/index.php\/wp-json\/wp\/v2\/types\/product"}],"wp:featuredmedia":[{"embeddable":true,"href":"https:\/\/www.onetimenexttime.sk\/arduino\/index.php\/wp-json\/wp\/v2\/media\/282"}],"wp:attachment":[{"href":"https:\/\/www.onetimenexttime.sk\/arduino\/index.php\/wp-json\/wp\/v2\/media?parent=281"}],"wp:term":[{"taxonomy":"product_cat","embeddable":true,"href":"https:\/\/www.onetimenexttime.sk\/arduino\/index.php\/wp-json\/wp\/v2\/product_cat?post=281"},{"taxonomy":"product_tag","embeddable":true,"href":"https:\/\/www.onetimenexttime.sk\/arduino\/index.php\/wp-json\/wp\/v2\/product_tag?post=281"}],"curies":[{"name":"wp","href":"https:\/\/api.w.org\/{rel}","templated":true}]}}